{"id":1002,"date":"2021-10-01T17:13:22","date_gmt":"2021-10-01T15:13:22","guid":{"rendered":"https:\/\/www.annonces-legales.org\/blog\/?page_id=1002"},"modified":"2022-01-26T12:04:53","modified_gmt":"2022-01-26T11:04:53","slug":"le-perche","status":"publish","type":"page","link":"https:\/\/www.annonces-legales.org\/blog\/le-perche\/","title":{"rendered":"Le Perche"},"content":{"rendered":"<p><img loading=\"lazy\" decoding=\"async\" class=\"aligncenter size-full wp-image-1003\" src=\"https:\/\/www.annonces-legales.org\/blog\/wp-content\/uploads\/2021\/10\/le-perche.png\" alt=\"\" width=\"500\" height=\"92\" srcset=\"https:\/\/www.annonces-legales.org\/blog\/wp-content\/uploads\/2021\/10\/le-perche.png 500w, https:\/\/www.annonces-legales.org\/blog\/wp-content\/uploads\/2021\/10\/le-perche-300x55.png 300w\" sizes=\"auto, (max-width: 500px) 100vw, 500px\" \/><\/p>\n<p><strong>Le Perche est un journal hebdomadaire<\/strong> dont le jour de sortie est le mercredi. Il est vendu 1,70 euros et propose des informations r\u00e9gionales sur une zone \u00e9quivalente \u00e0 l&rsquo;ancien comt\u00e9 du Perche. Il y a donc le <strong>sud-est de l&rsquo;Orne, L&rsquo;ouest de l&rsquo;Eure-et-Loir, et le nord-Sarthe<\/strong>.<br \/>\nUn abonnement mensuel au journal Le Perche co\u00fbte 6,80 \u20ac par mois pour une version num\u00e9rique ou une version papier.<\/p>\n<p>Le journal poss\u00e8de une audience de plus de 40\u00a0000 lecteurs chaque semaine. Le directeur de la publication est Francis Gaunaud. Le r\u00e9dacteur en chef se nomme Thierry Roussin.<br \/>\nPour contacter le journal par voie postale, il faut envoyer une lettre au 16, Place de la r\u00e9publique \u00e0 Mortagne aux perches (61400). Pour contacter cet hebdomadaire par t\u00e9l\u00e9phone il faut composer le 02 33 85 20 50.<\/p>\n<p>Ce journal hebdomadaire est habilit\u00e9 pour<strong> publier des annonces l\u00e9gales<\/strong> dans plusieurs d\u00e9partements. En 2021, il est habilit\u00e9 pour publier des annonces officielles dans le d\u00e9partement du 28, 61 et 72.<\/p>\n<p>&nbsp;<\/p>\n<h2>Origine du journal<\/h2>\n<p>le journal a \u00e9t\u00e9 fond\u00e9 en 1883 par \u00c9mile Bigot et Gilbert Bravy, des militants r\u00e9publicains de gauche. Rachet\u00e9 en 1897 par le journaliste Albert Danguy, le journal garde sa ligne \u00e9ditoriale et multiplie ses ventes par cinq. Son fils Raymond reprend le journal en 1925. Le journal n&rsquo;ayant pas collabor\u00e9 avec les nazis pendant la seconde guerre mondiale, il devient \u00e0 la lib\u00e9ration Le Perche Lib\u00e9r\u00e9.<\/p>\n<p>Le journal reste aux mains de la famille Danguy jusqu&rsquo;en 1992 o\u00f9 le journal commence \u00e0 avoir des probl\u00e8mes financiers. Il est alors c\u00e9d\u00e9 au groupe de presse Ouest-France\/ PubliHebdos.<\/p>\n<p>En 1997, le journal est vendu \u00e0 plus de 13\u00a0000 exemplaires. \u00c0 partir de 1999, Le journal est \u00e9dit\u00e9 en deux \u00e9ditions : une \u00e9dition Mortagne\/Mamers et une \u00e9dition Nogent le Rotrou\/la Fert\u00e9-Bernard. Depuis 2010, la diffusion du journal est en l\u00e9g\u00e8re diminution.<\/p>\n<p>&nbsp;<\/p>\n<h2>Pourquoi diffuser une annonce l\u00e9gale dans le journal Le Perche ?<\/h2>\n<p>Comme des centaines de journaux papier ou num\u00e9rique, Le Perche poss\u00e8de une habilitation pour d\u00e9poser des annonces l\u00e9gales dans certains d\u00e9partements. Il est donc envisageable d&rsquo;utiliser cet hebdomadaire pour publier des annonces l\u00e9gales dans le d\u00e9partement de l&rsquo;Eure-et-Loir, de l&rsquo;Orne, ou de la Sarthe.<br \/>\nLe prix des annonces l\u00e9gales va \u00eatre diff\u00e9rent selon chaque journal (sauf pour des annonces l\u00e9gales de cr\u00e9ation d&rsquo;entreprise). Il est donc hautement recommand\u00e9 de r\u00e9aliser plusieurs devis afin d&rsquo;avoir le prix le plus bas pour son annonce l\u00e9gale.<\/p>\n","protected":false},"excerpt":{"rendered":"<p>Le Perche est un journal hebdomadaire dont le jour de sortie est le mercredi. Il est vendu 1,70 euros et [&hellip;]<\/p>\n","protected":false},"author":1,"featured_media":0,"parent":351,"menu_order":0,"comment_status":"closed","ping_status":"closed","template":"","meta":{"inline_featured_image":false,"footnotes":""},"class_list":["post-1002","page","type-page","status-publish","hentry"],"yoast_head":"<!-- This site is optimized with the Yoast SEO plugin v26.8 - https:\/\/yoast.com\/product\/yoast-seo-wordpress\/ -->\n<title>Le Perche - Actualit\u00e9 des entreprises<\/title>\n<meta name=\"robots\" content=\"index, follow, max-snippet:-1, max-image-preview:large, max-video-preview:-1\" \/>\n<link rel=\"canonical\" href=\"https:\/\/www.annonces-legales.org\/blog\/le-perche\/\" \/>\n<meta property=\"og:locale\" content=\"fr_FR\" \/>\n<meta property=\"og:type\" content=\"article\" \/>\n<meta property=\"og:title\" content=\"Le Perche - Actualit\u00e9 des entreprises\" \/>\n<meta property=\"og:description\" content=\"Le Perche est un journal hebdomadaire dont le jour de sortie est le mercredi. Il est vendu 1,70 euros et [&hellip;]\" \/>\n<meta property=\"og:url\" content=\"https:\/\/www.annonces-legales.org\/blog\/le-perche\/\" \/>\n<meta property=\"og:site_name\" content=\"Actualit\u00e9 des entreprises\" \/>\n<meta property=\"article:modified_time\" content=\"2022-01-26T11:04:53+00:00\" \/>\n<meta property=\"og:image\" content=\"https:\/\/www.annonces-legales.org\/blog\/wp-content\/uploads\/2021\/10\/le-perche.png\" \/>\n\t<meta property=\"og:image:width\" content=\"500\" \/>\n\t<meta property=\"og:image:height\" content=\"92\" \/>\n\t<meta property=\"og:image:type\" content=\"image\/png\" \/>\n<meta name=\"twitter:card\" content=\"summary_large_image\" \/>\n<meta name=\"twitter:label1\" content=\"Dur\u00e9e de lecture estim\u00e9e\" \/>\n\t<meta name=\"twitter:data1\" content=\"2 minutes\" \/>\n<script type=\"application\/ld+json\" class=\"yoast-schema-graph\">{\"@context\":\"https:\/\/schema.org\",\"@graph\":[{\"@type\":\"WebPage\",\"@id\":\"https:\/\/www.annonces-legales.org\/blog\/le-perche\/\",\"url\":\"https:\/\/www.annonces-legales.org\/blog\/le-perche\/\",\"name\":\"Le Perche - Actualit\u00e9 des entreprises\",\"isPartOf\":{\"@id\":\"https:\/\/www.annonces-legales.org\/blog\/#website\"},\"primaryImageOfPage\":{\"@id\":\"https:\/\/www.annonces-legales.org\/blog\/le-perche\/#primaryimage\"},\"image\":{\"@id\":\"https:\/\/www.annonces-legales.org\/blog\/le-perche\/#primaryimage\"},\"thumbnailUrl\":\"https:\/\/www.annonces-legales.org\/blog\/wp-content\/uploads\/2021\/10\/le-perche.png\",\"datePublished\":\"2021-10-01T15:13:22+00:00\",\"dateModified\":\"2022-01-26T11:04:53+00:00\",\"breadcrumb\":{\"@id\":\"https:\/\/www.annonces-legales.org\/blog\/le-perche\/#breadcrumb\"},\"inLanguage\":\"fr-FR\",\"potentialAction\":[{\"@type\":\"ReadAction\",\"target\":[\"https:\/\/www.annonces-legales.org\/blog\/le-perche\/\"]}]},{\"@type\":\"ImageObject\",\"inLanguage\":\"fr-FR\",\"@id\":\"https:\/\/www.annonces-legales.org\/blog\/le-perche\/#primaryimage\",\"url\":\"https:\/\/www.annonces-legales.org\/blog\/wp-content\/uploads\/2021\/10\/le-perche.png\",\"contentUrl\":\"https:\/\/www.annonces-legales.org\/blog\/wp-content\/uploads\/2021\/10\/le-perche.png\",\"width\":500,\"height\":92},{\"@type\":\"BreadcrumbList\",\"@id\":\"https:\/\/www.annonces-legales.org\/blog\/le-perche\/#breadcrumb\",\"itemListElement\":[{\"@type\":\"ListItem\",\"position\":1,\"name\":\"Accueil\",\"item\":\"https:\/\/www.annonces-legales.org\/blog\/\"},{\"@type\":\"ListItem\",\"position\":2,\"name\":\"Liste des journaux habilit\u00e9s \u00e0 publier des annonces l\u00e9gales\",\"item\":\"https:\/\/www.annonces-legales.org\/blog\/liste-des-journaux-habilites-a-publier-des-annonces-legales\/\"},{\"@type\":\"ListItem\",\"position\":3,\"name\":\"Le Perche\"}]},{\"@type\":\"WebSite\",\"@id\":\"https:\/\/www.annonces-legales.org\/blog\/#website\",\"url\":\"https:\/\/www.annonces-legales.org\/blog\/\",\"name\":\"Actualit\u00e9 des entreprises\",\"description\":\"\",\"publisher\":{\"@id\":\"https:\/\/www.annonces-legales.org\/blog\/#organization\"},\"potentialAction\":[{\"@type\":\"SearchAction\",\"target\":{\"@type\":\"EntryPoint\",\"urlTemplate\":\"https:\/\/www.annonces-legales.org\/blog\/?s={search_term_string}\"},\"query-input\":{\"@type\":\"PropertyValueSpecification\",\"valueRequired\":true,\"valueName\":\"search_term_string\"}}],\"inLanguage\":\"fr-FR\"},{\"@type\":\"Organization\",\"@id\":\"https:\/\/www.annonces-legales.org\/blog\/#organization\",\"name\":\"Actualit\u00e9 des entreprises\",\"url\":\"https:\/\/www.annonces-legales.org\/blog\/\",\"logo\":{\"@type\":\"ImageObject\",\"inLanguage\":\"fr-FR\",\"@id\":\"https:\/\/www.annonces-legales.org\/blog\/#\/schema\/logo\/image\/\",\"url\":\"https:\/\/www.annonces-legales.org\/blog\/wp-content\/uploads\/2023\/08\/annonces-legales.svg\",\"contentUrl\":\"https:\/\/www.annonces-legales.org\/blog\/wp-content\/uploads\/2023\/08\/annonces-legales.svg\",\"caption\":\"Actualit\u00e9 des entreprises\"},\"image\":{\"@id\":\"https:\/\/www.annonces-legales.org\/blog\/#\/schema\/logo\/image\/\"}}]}<\/script>\n<!-- \/ Yoast SEO plugin. -->","yoast_head_json":{"title":"Le Perche - Actualit\u00e9 des entreprises","robots":{"index":"index","follow":"follow","max-snippet":"max-snippet:-1","max-image-preview":"max-image-preview:large","max-video-preview":"max-video-preview:-1"},"canonical":"https:\/\/www.annonces-legales.org\/blog\/le-perche\/","og_locale":"fr_FR","og_type":"article","og_title":"Le Perche - Actualit\u00e9 des entreprises","og_description":"Le Perche est un journal hebdomadaire dont le jour de sortie est le mercredi. Il est vendu 1,70 euros et [&hellip;]","og_url":"https:\/\/www.annonces-legales.org\/blog\/le-perche\/","og_site_name":"Actualit\u00e9 des entreprises","article_modified_time":"2022-01-26T11:04:53+00:00","og_image":[{"width":500,"height":92,"url":"https:\/\/www.annonces-legales.org\/blog\/wp-content\/uploads\/2021\/10\/le-perche.png","type":"image\/png"}],"twitter_card":"summary_large_image","twitter_misc":{"Dur\u00e9e de lecture estim\u00e9e":"2 minutes"},"schema":{"@context":"https:\/\/schema.org","@graph":[{"@type":"WebPage","@id":"https:\/\/www.annonces-legales.org\/blog\/le-perche\/","url":"https:\/\/www.annonces-legales.org\/blog\/le-perche\/","name":"Le Perche - Actualit\u00e9 des entreprises","isPartOf":{"@id":"https:\/\/www.annonces-legales.org\/blog\/#website"},"primaryImageOfPage":{"@id":"https:\/\/www.annonces-legales.org\/blog\/le-perche\/#primaryimage"},"image":{"@id":"https:\/\/www.annonces-legales.org\/blog\/le-perche\/#primaryimage"},"thumbnailUrl":"https:\/\/www.annonces-legales.org\/blog\/wp-content\/uploads\/2021\/10\/le-perche.png","datePublished":"2021-10-01T15:13:22+00:00","dateModified":"2022-01-26T11:04:53+00:00","breadcrumb":{"@id":"https:\/\/www.annonces-legales.org\/blog\/le-perche\/#breadcrumb"},"inLanguage":"fr-FR","potentialAction":[{"@type":"ReadAction","target":["https:\/\/www.annonces-legales.org\/blog\/le-perche\/"]}]},{"@type":"ImageObject","inLanguage":"fr-FR","@id":"https:\/\/www.annonces-legales.org\/blog\/le-perche\/#primaryimage","url":"https:\/\/www.annonces-legales.org\/blog\/wp-content\/uploads\/2021\/10\/le-perche.png","contentUrl":"https:\/\/www.annonces-legales.org\/blog\/wp-content\/uploads\/2021\/10\/le-perche.png","width":500,"height":92},{"@type":"BreadcrumbList","@id":"https:\/\/www.annonces-legales.org\/blog\/le-perche\/#breadcrumb","itemListElement":[{"@type":"ListItem","position":1,"name":"Accueil","item":"https:\/\/www.annonces-legales.org\/blog\/"},{"@type":"ListItem","position":2,"name":"Liste des journaux habilit\u00e9s \u00e0 publier des annonces l\u00e9gales","item":"https:\/\/www.annonces-legales.org\/blog\/liste-des-journaux-habilites-a-publier-des-annonces-legales\/"},{"@type":"ListItem","position":3,"name":"Le Perche"}]},{"@type":"WebSite","@id":"https:\/\/www.annonces-legales.org\/blog\/#website","url":"https:\/\/www.annonces-legales.org\/blog\/","name":"Actualit\u00e9 des entreprises","description":"","publisher":{"@id":"https:\/\/www.annonces-legales.org\/blog\/#organization"},"potentialAction":[{"@type":"SearchAction","target":{"@type":"EntryPoint","urlTemplate":"https:\/\/www.annonces-legales.org\/blog\/?s={search_term_string}"},"query-input":{"@type":"PropertyValueSpecification","valueRequired":true,"valueName":"search_term_string"}}],"inLanguage":"fr-FR"},{"@type":"Organization","@id":"https:\/\/www.annonces-legales.org\/blog\/#organization","name":"Actualit\u00e9 des entreprises","url":"https:\/\/www.annonces-legales.org\/blog\/","logo":{"@type":"ImageObject","inLanguage":"fr-FR","@id":"https:\/\/www.annonces-legales.org\/blog\/#\/schema\/logo\/image\/","url":"https:\/\/www.annonces-legales.org\/blog\/wp-content\/uploads\/2023\/08\/annonces-legales.svg","contentUrl":"https:\/\/www.annonces-legales.org\/blog\/wp-content\/uploads\/2023\/08\/annonces-legales.svg","caption":"Actualit\u00e9 des entreprises"},"image":{"@id":"https:\/\/www.annonces-legales.org\/blog\/#\/schema\/logo\/image\/"}}]}},"_links":{"self":[{"href":"https:\/\/www.annonces-legales.org\/blog\/wp-json\/wp\/v2\/pages\/1002","targetHints":{"allow":["GET"]}}],"collection":[{"href":"https:\/\/www.annonces-legales.org\/blog\/wp-json\/wp\/v2\/pages"}],"about":[{"href":"https:\/\/www.annonces-legales.org\/blog\/wp-json\/wp\/v2\/types\/page"}],"author":[{"embeddable":true,"href":"https:\/\/www.annonces-legales.org\/blog\/wp-json\/wp\/v2\/users\/1"}],"replies":[{"embeddable":true,"href":"https:\/\/www.annonces-legales.org\/blog\/wp-json\/wp\/v2\/comments?post=1002"}],"version-history":[{"count":1,"href":"https:\/\/www.annonces-legales.org\/blog\/wp-json\/wp\/v2\/pages\/1002\/revisions"}],"predecessor-version":[{"id":1004,"href":"https:\/\/www.annonces-legales.org\/blog\/wp-json\/wp\/v2\/pages\/1002\/revisions\/1004"}],"up":[{"embeddable":true,"href":"https:\/\/www.annonces-legales.org\/blog\/wp-json\/wp\/v2\/pages\/351"}],"wp:attachment":[{"href":"https:\/\/www.annonces-legales.org\/blog\/wp-json\/wp\/v2\/media?parent=1002"}],"curies":[{"name":"wp","href":"https:\/\/api.w.org\/{rel}","templated":true}]}}