{"id":1005,"date":"2021-10-01T17:14:55","date_gmt":"2021-10-01T15:14:55","guid":{"rendered":"https:\/\/www.annonces-legales.org\/blog\/?page_id=1005"},"modified":"2022-01-26T12:06:28","modified_gmt":"2022-01-26T11:06:28","slug":"reveil-normand","status":"publish","type":"page","link":"https:\/\/www.annonces-legales.org\/blog\/reveil-normand\/","title":{"rendered":"Le R\u00e9veil Normand"},"content":{"rendered":"<p><img loading=\"lazy\" decoding=\"async\" class=\"aligncenter size-full wp-image-1007\" src=\"https:\/\/www.annonces-legales.org\/blog\/wp-content\/uploads\/2021\/10\/Le-Reveil-Normand.png\" alt=\"\" width=\"450\" height=\"129\" srcset=\"https:\/\/www.annonces-legales.org\/blog\/wp-content\/uploads\/2021\/10\/Le-Reveil-Normand.png 450w, https:\/\/www.annonces-legales.org\/blog\/wp-content\/uploads\/2021\/10\/Le-Reveil-Normand-300x86.png 300w\" sizes=\"auto, (max-width: 450px) 100vw, 450px\" \/><\/p>\n<p>Ce journal hebdomadaire normand est diffus\u00e9 chaque mercredi. Il est publi\u00e9 dans de nombreuses villes normandes comme par exemple Tourouvre, Montagne-au-Perche, Courtomer, Breteuil, Vimoutiers, L&rsquo;aigle, La Fert\u00e9-Frenel, Moulin-la-Marche&#8230;<br \/>\nIl est vendu 1,70 \u20ac et poss\u00e8de une audience de plus de 42\u00a0000 lecteurs.<\/p>\n<p>Il appartient au groupe <strong>PubliHebdos<\/strong>. Le journal a \u00e9t\u00e9 cr\u00e9\u00e9 en 1944. Il fait suite au journal Le Nouvelliste de l&rsquo;Orne &#8211; Le R\u00e9veil Percheron qui dispara\u00eet apr\u00e8s la guerre.<\/p>\n<p>La r\u00e9daction de l&rsquo;<strong>hebdomadaire Le R\u00e9veil Normand<\/strong> se situe aux 34 bis, rue de Bec-Ham \u00e0 l&rsquo;Aigle (61304). Le t\u00e9l\u00e9phone du journal 02 33 24 42 33.<\/p>\n<p>L&rsquo;hebdomadaire Le R\u00e9veil Normand est habilit\u00e9 \u00e0 publier des annonces l\u00e9gales pour le d\u00e9partement de l&rsquo;Eure et de l&rsquo;Orne.<\/p>\n<br\/><br\/><div class=\"entry-content notopmargin\">\n\t<img decoding=\"async\" class=\"img-fluid fleft\" src=\"https:\/\/www.annonces-legales.org\/images\/rapide-economique-tout-departement.png\" alt=\"Journal d'annonce l\u00e9gale homologu\u00e9 \"><a href=\"https:\/\/www.annonces-legales.org\/publication-annonce-legale.html\" class=\"button button-desc fright mtop30\"><div>Je publie<br> mon annonce<br> l\u00e9gale<\/div><span>dans un journal homologu\u00e9 !<\/span><\/a>\n<\/div><div class=\"clrbth\"><\/div><br\/><br\/>\n<h2>Pourquoi publier une annonce l\u00e9gale dans un journal habilit\u00e9 comme Le R\u00e9veil Normand ?<\/h2>\n<p>L&rsquo;<strong>insertion d&rsquo;annonces l\u00e9gales<\/strong> est une obligation pour les entreprises fran\u00e7aises. Ces annonces officielles doivent appara\u00eetre dans des journaux qui ont obtenu l&rsquo;habilitation de la pr\u00e9fecture de leur d\u00e9partement. C&rsquo;est bien s\u00fbr le cas du journal Le R\u00e9veil Normand.<br \/>\nUne entreprise doit publier une annonce l\u00e9gale dans un journal qui est autoris\u00e9 \u00e0 le faire dans le m\u00eame d\u00e9partement que son si\u00e8ge.<br \/>\nHeureusement, pour chaque d\u00e9partement fran\u00e7ais, il existe une multitude de journaux qui ont obtenu cette autorisation.<br \/>\nQue ce soit pour le d\u00e9partement de l&rsquo;Eure ou pour le d\u00e9partement de l&rsquo;Orne, il est possible de comparer les prix entre diff\u00e9rents journaux pour la publication de ce type d&rsquo;annonce. Cela peut permettre au gestionnaire d&rsquo;entreprise d&rsquo;\u00e9conomiser jusqu&rsquo;\u00e0 40 % pour la publication de son annonce l\u00e9gale.<\/p>\n","protected":false},"excerpt":{"rendered":"<p>Ce journal hebdomadaire normand est diffus\u00e9 chaque mercredi. Il est publi\u00e9 dans de nombreuses villes normandes comme par exemple Tourouvre, [&hellip;]<\/p>\n","protected":false},"author":1,"featured_media":0,"parent":351,"menu_order":0,"comment_status":"closed","ping_status":"closed","template":"","meta":{"inline_featured_image":false,"footnotes":""},"class_list":["post-1005","page","type-page","status-publish","hentry"],"yoast_head":"<!-- This site is optimized with the Yoast SEO plugin v26.8 - https:\/\/yoast.com\/product\/yoast-seo-wordpress\/ -->\n<title>Le R\u00e9veil Normand - Actualit\u00e9 des entreprises<\/title>\n<meta name=\"robots\" content=\"index, follow, max-snippet:-1, max-image-preview:large, max-video-preview:-1\" \/>\n<link rel=\"canonical\" href=\"https:\/\/www.annonces-legales.org\/blog\/reveil-normand\/\" \/>\n<meta property=\"og:locale\" content=\"fr_FR\" \/>\n<meta property=\"og:type\" content=\"article\" \/>\n<meta property=\"og:title\" content=\"Le R\u00e9veil Normand - Actualit\u00e9 des entreprises\" \/>\n<meta property=\"og:description\" content=\"Ce journal hebdomadaire normand est diffus\u00e9 chaque mercredi. Il est publi\u00e9 dans de nombreuses villes normandes comme par exemple Tourouvre, [&hellip;]\" \/>\n<meta property=\"og:url\" content=\"https:\/\/www.annonces-legales.org\/blog\/reveil-normand\/\" \/>\n<meta property=\"og:site_name\" content=\"Actualit\u00e9 des entreprises\" \/>\n<meta property=\"article:modified_time\" content=\"2022-01-26T11:06:28+00:00\" \/>\n<meta property=\"og:image\" content=\"https:\/\/www.annonces-legales.org\/blog\/wp-content\/uploads\/2021\/10\/Le-Reveil-Normand.png\" \/>\n\t<meta property=\"og:image:width\" content=\"450\" \/>\n\t<meta property=\"og:image:height\" content=\"129\" \/>\n\t<meta property=\"og:image:type\" content=\"image\/png\" \/>\n<meta name=\"twitter:card\" content=\"summary_large_image\" \/>\n<meta name=\"twitter:label1\" content=\"Dur\u00e9e de lecture estim\u00e9e\" \/>\n\t<meta name=\"twitter:data1\" content=\"1 minute\" \/>\n<script type=\"application\/ld+json\" class=\"yoast-schema-graph\">{\"@context\":\"https:\/\/schema.org\",\"@graph\":[{\"@type\":\"WebPage\",\"@id\":\"https:\/\/www.annonces-legales.org\/blog\/reveil-normand\/\",\"url\":\"https:\/\/www.annonces-legales.org\/blog\/reveil-normand\/\",\"name\":\"Le R\u00e9veil Normand - Actualit\u00e9 des entreprises\",\"isPartOf\":{\"@id\":\"https:\/\/www.annonces-legales.org\/blog\/#website\"},\"primaryImageOfPage\":{\"@id\":\"https:\/\/www.annonces-legales.org\/blog\/reveil-normand\/#primaryimage\"},\"image\":{\"@id\":\"https:\/\/www.annonces-legales.org\/blog\/reveil-normand\/#primaryimage\"},\"thumbnailUrl\":\"https:\/\/www.annonces-legales.org\/blog\/wp-content\/uploads\/2021\/10\/Le-Reveil-Normand.png\",\"datePublished\":\"2021-10-01T15:14:55+00:00\",\"dateModified\":\"2022-01-26T11:06:28+00:00\",\"breadcrumb\":{\"@id\":\"https:\/\/www.annonces-legales.org\/blog\/reveil-normand\/#breadcrumb\"},\"inLanguage\":\"fr-FR\",\"potentialAction\":[{\"@type\":\"ReadAction\",\"target\":[\"https:\/\/www.annonces-legales.org\/blog\/reveil-normand\/\"]}]},{\"@type\":\"ImageObject\",\"inLanguage\":\"fr-FR\",\"@id\":\"https:\/\/www.annonces-legales.org\/blog\/reveil-normand\/#primaryimage\",\"url\":\"https:\/\/www.annonces-legales.org\/blog\/wp-content\/uploads\/2021\/10\/Le-Reveil-Normand.png\",\"contentUrl\":\"https:\/\/www.annonces-legales.org\/blog\/wp-content\/uploads\/2021\/10\/Le-Reveil-Normand.png\",\"width\":450,\"height\":129},{\"@type\":\"BreadcrumbList\",\"@id\":\"https:\/\/www.annonces-legales.org\/blog\/reveil-normand\/#breadcrumb\",\"itemListElement\":[{\"@type\":\"ListItem\",\"position\":1,\"name\":\"Accueil\",\"item\":\"https:\/\/www.annonces-legales.org\/blog\/\"},{\"@type\":\"ListItem\",\"position\":2,\"name\":\"Liste des journaux habilit\u00e9s \u00e0 publier des annonces l\u00e9gales\",\"item\":\"https:\/\/www.annonces-legales.org\/blog\/liste-des-journaux-habilites-a-publier-des-annonces-legales\/\"},{\"@type\":\"ListItem\",\"position\":3,\"name\":\"Le R\u00e9veil Normand\"}]},{\"@type\":\"WebSite\",\"@id\":\"https:\/\/www.annonces-legales.org\/blog\/#website\",\"url\":\"https:\/\/www.annonces-legales.org\/blog\/\",\"name\":\"Actualit\u00e9 des entreprises\",\"description\":\"\",\"publisher\":{\"@id\":\"https:\/\/www.annonces-legales.org\/blog\/#organization\"},\"potentialAction\":[{\"@type\":\"SearchAction\",\"target\":{\"@type\":\"EntryPoint\",\"urlTemplate\":\"https:\/\/www.annonces-legales.org\/blog\/?s={search_term_string}\"},\"query-input\":{\"@type\":\"PropertyValueSpecification\",\"valueRequired\":true,\"valueName\":\"search_term_string\"}}],\"inLanguage\":\"fr-FR\"},{\"@type\":\"Organization\",\"@id\":\"https:\/\/www.annonces-legales.org\/blog\/#organization\",\"name\":\"Actualit\u00e9 des entreprises\",\"url\":\"https:\/\/www.annonces-legales.org\/blog\/\",\"logo\":{\"@type\":\"ImageObject\",\"inLanguage\":\"fr-FR\",\"@id\":\"https:\/\/www.annonces-legales.org\/blog\/#\/schema\/logo\/image\/\",\"url\":\"https:\/\/www.annonces-legales.org\/blog\/wp-content\/uploads\/2023\/08\/annonces-legales.svg\",\"contentUrl\":\"https:\/\/www.annonces-legales.org\/blog\/wp-content\/uploads\/2023\/08\/annonces-legales.svg\",\"caption\":\"Actualit\u00e9 des entreprises\"},\"image\":{\"@id\":\"https:\/\/www.annonces-legales.org\/blog\/#\/schema\/logo\/image\/\"}}]}<\/script>\n<!-- \/ Yoast SEO plugin. -->","yoast_head_json":{"title":"Le R\u00e9veil Normand - Actualit\u00e9 des entreprises","robots":{"index":"index","follow":"follow","max-snippet":"max-snippet:-1","max-image-preview":"max-image-preview:large","max-video-preview":"max-video-preview:-1"},"canonical":"https:\/\/www.annonces-legales.org\/blog\/reveil-normand\/","og_locale":"fr_FR","og_type":"article","og_title":"Le R\u00e9veil Normand - Actualit\u00e9 des entreprises","og_description":"Ce journal hebdomadaire normand est diffus\u00e9 chaque mercredi. Il est publi\u00e9 dans de nombreuses villes normandes comme par exemple Tourouvre, [&hellip;]","og_url":"https:\/\/www.annonces-legales.org\/blog\/reveil-normand\/","og_site_name":"Actualit\u00e9 des entreprises","article_modified_time":"2022-01-26T11:06:28+00:00","og_image":[{"width":450,"height":129,"url":"https:\/\/www.annonces-legales.org\/blog\/wp-content\/uploads\/2021\/10\/Le-Reveil-Normand.png","type":"image\/png"}],"twitter_card":"summary_large_image","twitter_misc":{"Dur\u00e9e de lecture estim\u00e9e":"1 minute"},"schema":{"@context":"https:\/\/schema.org","@graph":[{"@type":"WebPage","@id":"https:\/\/www.annonces-legales.org\/blog\/reveil-normand\/","url":"https:\/\/www.annonces-legales.org\/blog\/reveil-normand\/","name":"Le R\u00e9veil Normand - Actualit\u00e9 des entreprises","isPartOf":{"@id":"https:\/\/www.annonces-legales.org\/blog\/#website"},"primaryImageOfPage":{"@id":"https:\/\/www.annonces-legales.org\/blog\/reveil-normand\/#primaryimage"},"image":{"@id":"https:\/\/www.annonces-legales.org\/blog\/reveil-normand\/#primaryimage"},"thumbnailUrl":"https:\/\/www.annonces-legales.org\/blog\/wp-content\/uploads\/2021\/10\/Le-Reveil-Normand.png","datePublished":"2021-10-01T15:14:55+00:00","dateModified":"2022-01-26T11:06:28+00:00","breadcrumb":{"@id":"https:\/\/www.annonces-legales.org\/blog\/reveil-normand\/#breadcrumb"},"inLanguage":"fr-FR","potentialAction":[{"@type":"ReadAction","target":["https:\/\/www.annonces-legales.org\/blog\/reveil-normand\/"]}]},{"@type":"ImageObject","inLanguage":"fr-FR","@id":"https:\/\/www.annonces-legales.org\/blog\/reveil-normand\/#primaryimage","url":"https:\/\/www.annonces-legales.org\/blog\/wp-content\/uploads\/2021\/10\/Le-Reveil-Normand.png","contentUrl":"https:\/\/www.annonces-legales.org\/blog\/wp-content\/uploads\/2021\/10\/Le-Reveil-Normand.png","width":450,"height":129},{"@type":"BreadcrumbList","@id":"https:\/\/www.annonces-legales.org\/blog\/reveil-normand\/#breadcrumb","itemListElement":[{"@type":"ListItem","position":1,"name":"Accueil","item":"https:\/\/www.annonces-legales.org\/blog\/"},{"@type":"ListItem","position":2,"name":"Liste des journaux habilit\u00e9s \u00e0 publier des annonces l\u00e9gales","item":"https:\/\/www.annonces-legales.org\/blog\/liste-des-journaux-habilites-a-publier-des-annonces-legales\/"},{"@type":"ListItem","position":3,"name":"Le R\u00e9veil Normand"}]},{"@type":"WebSite","@id":"https:\/\/www.annonces-legales.org\/blog\/#website","url":"https:\/\/www.annonces-legales.org\/blog\/","name":"Actualit\u00e9 des entreprises","description":"","publisher":{"@id":"https:\/\/www.annonces-legales.org\/blog\/#organization"},"potentialAction":[{"@type":"SearchAction","target":{"@type":"EntryPoint","urlTemplate":"https:\/\/www.annonces-legales.org\/blog\/?s={search_term_string}"},"query-input":{"@type":"PropertyValueSpecification","valueRequired":true,"valueName":"search_term_string"}}],"inLanguage":"fr-FR"},{"@type":"Organization","@id":"https:\/\/www.annonces-legales.org\/blog\/#organization","name":"Actualit\u00e9 des entreprises","url":"https:\/\/www.annonces-legales.org\/blog\/","logo":{"@type":"ImageObject","inLanguage":"fr-FR","@id":"https:\/\/www.annonces-legales.org\/blog\/#\/schema\/logo\/image\/","url":"https:\/\/www.annonces-legales.org\/blog\/wp-content\/uploads\/2023\/08\/annonces-legales.svg","contentUrl":"https:\/\/www.annonces-legales.org\/blog\/wp-content\/uploads\/2023\/08\/annonces-legales.svg","caption":"Actualit\u00e9 des entreprises"},"image":{"@id":"https:\/\/www.annonces-legales.org\/blog\/#\/schema\/logo\/image\/"}}]}},"_links":{"self":[{"href":"https:\/\/www.annonces-legales.org\/blog\/wp-json\/wp\/v2\/pages\/1005","targetHints":{"allow":["GET"]}}],"collection":[{"href":"https:\/\/www.annonces-legales.org\/blog\/wp-json\/wp\/v2\/pages"}],"about":[{"href":"https:\/\/www.annonces-legales.org\/blog\/wp-json\/wp\/v2\/types\/page"}],"author":[{"embeddable":true,"href":"https:\/\/www.annonces-legales.org\/blog\/wp-json\/wp\/v2\/users\/1"}],"replies":[{"embeddable":true,"href":"https:\/\/www.annonces-legales.org\/blog\/wp-json\/wp\/v2\/comments?post=1005"}],"version-history":[{"count":2,"href":"https:\/\/www.annonces-legales.org\/blog\/wp-json\/wp\/v2\/pages\/1005\/revisions"}],"predecessor-version":[{"id":1008,"href":"https:\/\/www.annonces-legales.org\/blog\/wp-json\/wp\/v2\/pages\/1005\/revisions\/1008"}],"up":[{"embeddable":true,"href":"https:\/\/www.annonces-legales.org\/blog\/wp-json\/wp\/v2\/pages\/351"}],"wp:attachment":[{"href":"https:\/\/www.annonces-legales.org\/blog\/wp-json\/wp\/v2\/media?parent=1005"}],"curies":[{"name":"wp","href":"https:\/\/api.w.org\/{rel}","templated":true}]}}