{"id":1032,"date":"2021-10-01T17:30:22","date_gmt":"2021-10-01T15:30:22","guid":{"rendered":"https:\/\/www.annonces-legales.org\/blog\/?page_id=1032"},"modified":"2022-01-26T11:48:49","modified_gmt":"2022-01-26T10:48:49","slug":"eveil-de-la-haute-loire","status":"publish","type":"page","link":"https:\/\/www.annonces-legales.org\/blog\/eveil-de-la-haute-loire\/","title":{"rendered":"\u00c9veil de la Haute-Loire"},"content":{"rendered":"<p><img loading=\"lazy\" decoding=\"async\" class=\"aligncenter size-full wp-image-1033\" src=\"https:\/\/www.annonces-legales.org\/blog\/wp-content\/uploads\/2021\/10\/Eveil-de-la-Haute-Loire.png\" alt=\"\" width=\"400\" height=\"122\" srcset=\"https:\/\/www.annonces-legales.org\/blog\/wp-content\/uploads\/2021\/10\/Eveil-de-la-Haute-Loire.png 400w, https:\/\/www.annonces-legales.org\/blog\/wp-content\/uploads\/2021\/10\/Eveil-de-la-Haute-Loire-300x92.png 300w\" sizes=\"auto, (max-width: 400px) 100vw, 400px\" \/><\/p>\n<p>L&rsquo;<strong>\u00c9veil de la Haute-Loire<\/strong> est un quotidien qui para\u00eet tous les jours, sauf le lundi.<br \/>\nLe journal est imprim\u00e9 tous les jours \u00e0 plus de 9000 exemplaires.<br \/>\nLe journal propose des informations locales notamment sur les communes de Coubon, Saint-Germain Laprade, Blavozy, Saint-Paulien, Aiguilhe, Val-pr\u00e8s-le-Puy, Espaly Saint Marcel, Brives Charenac et bien sur Le Puy-en-Velay.<\/p>\n<p>Le r\u00e9dacteur en chef du journal est Christophe Darne. Le directeur de la publication se nomme Jacques Lamoureux.<\/p>\n<p>Le journal est diffus\u00e9 en version papier mais aussi en version num\u00e9rique sur son site web. L&rsquo;abonnement au journal co\u00fbte 26 \u20ac par mois pour la version papier et num\u00e9rique. La version uniquement num\u00e9rique est au prix de 4,5 \u20ac par mois.<\/p>\n<p>&nbsp;<\/p>\n<p>Ce journal quotidien poss\u00e8de une habilitation pour <strong>publier des annonces l\u00e9gales<\/strong> dans le d\u00e9partement de la Haute-Loire (43).<\/p>\n<p>Les locaux du journal sont au 45 rue du Clos Four \u00e0 Clermont-Ferrand (63000).<\/p>\n<p>&nbsp;<\/p>\n<h2>Histoire du journal \u00c9veil de la Haute-Loire<\/h2>\n<p>Le premier num\u00e9ro du journal est publi\u00e9 en octobre 1944. C&rsquo;est une fusion entre deux quotidiens existants avant la guerre : la libert\u00e9 de la Haute-Loire et le journal la Haute Loire.<\/p>\n<p>En 1993, la diffusion du journal d\u00e9passe les 15\u00a0000 exemplaires. Face \u00e0 ce succ\u00e8s, de nombreux groupes de presses souhaitent acheter le quotidien. Finalement, ce sera le groupe Sud Communication qui ach\u00e8tera le journal en 1996. En 2013, ce titre de presse est rachet\u00e9 par la soci\u00e9t\u00e9 Centre-France.<\/p>\n<p>&nbsp;<\/p>\n<h2>Pourquoi publier des annonces l\u00e9gales dans un journal de la Haute-Loire ?<\/h2>\n<p>Les soci\u00e9t\u00e9s enregistr\u00e9es en France doivent effectuer des <strong>annonces officielles<\/strong> lorsqu&rsquo;elles modifient leur fonctionnement ou lorsque qu&rsquo;elles vont changer de propri\u00e9taire. Cela permet aux entit\u00e9s et aux individus du d\u00e9partement de conna\u00eetre l&rsquo;actualit\u00e9 des entreprises. Ces annonces officielles doivent \u00eatre ins\u00e9r\u00e9es dans un journal d&rsquo;annonce l\u00e9gale.<br \/>\nLes soci\u00e9t\u00e9s qui ont leur si\u00e8ge dans le d\u00e9partement de la Haute-Loire doivent utiliser des journaux d&rsquo;annonce l\u00e9gale du d\u00e9partement.<br \/>\nCes journaux ont obtenu de la part de la pr\u00e9fecture de Haute-Loire une autorisation valable un an pour faire ce type d&rsquo;annonce.<\/p>\n","protected":false},"excerpt":{"rendered":"<p>L&rsquo;\u00c9veil de la Haute-Loire est un quotidien qui para\u00eet tous les jours, sauf le lundi. Le journal est imprim\u00e9 tous [&hellip;]<\/p>\n","protected":false},"author":1,"featured_media":0,"parent":351,"menu_order":0,"comment_status":"closed","ping_status":"closed","template":"","meta":{"inline_featured_image":false,"footnotes":""},"class_list":["post-1032","page","type-page","status-publish","hentry"],"yoast_head":"<!-- This site is optimized with the Yoast SEO plugin v26.8 - https:\/\/yoast.com\/product\/yoast-seo-wordpress\/ -->\n<title>\u00c9veil de la Haute-Loire - Actualit\u00e9 des entreprises<\/title>\n<meta name=\"robots\" content=\"index, follow, max-snippet:-1, max-image-preview:large, max-video-preview:-1\" \/>\n<link rel=\"canonical\" href=\"https:\/\/www.annonces-legales.org\/blog\/eveil-de-la-haute-loire\/\" \/>\n<meta property=\"og:locale\" content=\"fr_FR\" \/>\n<meta property=\"og:type\" content=\"article\" \/>\n<meta property=\"og:title\" content=\"\u00c9veil de la Haute-Loire - Actualit\u00e9 des entreprises\" \/>\n<meta property=\"og:description\" content=\"L&rsquo;\u00c9veil de la Haute-Loire est un quotidien qui para\u00eet tous les jours, sauf le lundi. Le journal est imprim\u00e9 tous [&hellip;]\" \/>\n<meta property=\"og:url\" content=\"https:\/\/www.annonces-legales.org\/blog\/eveil-de-la-haute-loire\/\" \/>\n<meta property=\"og:site_name\" content=\"Actualit\u00e9 des entreprises\" \/>\n<meta property=\"article:modified_time\" content=\"2022-01-26T10:48:49+00:00\" \/>\n<meta property=\"og:image\" content=\"https:\/\/www.annonces-legales.org\/blog\/wp-content\/uploads\/2021\/10\/Eveil-de-la-Haute-Loire.png\" \/>\n\t<meta property=\"og:image:width\" content=\"400\" \/>\n\t<meta property=\"og:image:height\" content=\"122\" \/>\n\t<meta property=\"og:image:type\" content=\"image\/png\" \/>\n<meta name=\"twitter:card\" content=\"summary_large_image\" \/>\n<meta name=\"twitter:label1\" content=\"Dur\u00e9e de lecture estim\u00e9e\" \/>\n\t<meta name=\"twitter:data1\" content=\"2 minutes\" \/>\n<script type=\"application\/ld+json\" class=\"yoast-schema-graph\">{\"@context\":\"https:\/\/schema.org\",\"@graph\":[{\"@type\":\"WebPage\",\"@id\":\"https:\/\/www.annonces-legales.org\/blog\/eveil-de-la-haute-loire\/\",\"url\":\"https:\/\/www.annonces-legales.org\/blog\/eveil-de-la-haute-loire\/\",\"name\":\"\u00c9veil de la Haute-Loire - Actualit\u00e9 des entreprises\",\"isPartOf\":{\"@id\":\"https:\/\/www.annonces-legales.org\/blog\/#website\"},\"primaryImageOfPage\":{\"@id\":\"https:\/\/www.annonces-legales.org\/blog\/eveil-de-la-haute-loire\/#primaryimage\"},\"image\":{\"@id\":\"https:\/\/www.annonces-legales.org\/blog\/eveil-de-la-haute-loire\/#primaryimage\"},\"thumbnailUrl\":\"https:\/\/www.annonces-legales.org\/blog\/wp-content\/uploads\/2021\/10\/Eveil-de-la-Haute-Loire.png\",\"datePublished\":\"2021-10-01T15:30:22+00:00\",\"dateModified\":\"2022-01-26T10:48:49+00:00\",\"breadcrumb\":{\"@id\":\"https:\/\/www.annonces-legales.org\/blog\/eveil-de-la-haute-loire\/#breadcrumb\"},\"inLanguage\":\"fr-FR\",\"potentialAction\":[{\"@type\":\"ReadAction\",\"target\":[\"https:\/\/www.annonces-legales.org\/blog\/eveil-de-la-haute-loire\/\"]}]},{\"@type\":\"ImageObject\",\"inLanguage\":\"fr-FR\",\"@id\":\"https:\/\/www.annonces-legales.org\/blog\/eveil-de-la-haute-loire\/#primaryimage\",\"url\":\"https:\/\/www.annonces-legales.org\/blog\/wp-content\/uploads\/2021\/10\/Eveil-de-la-Haute-Loire.png\",\"contentUrl\":\"https:\/\/www.annonces-legales.org\/blog\/wp-content\/uploads\/2021\/10\/Eveil-de-la-Haute-Loire.png\",\"width\":400,\"height\":122},{\"@type\":\"BreadcrumbList\",\"@id\":\"https:\/\/www.annonces-legales.org\/blog\/eveil-de-la-haute-loire\/#breadcrumb\",\"itemListElement\":[{\"@type\":\"ListItem\",\"position\":1,\"name\":\"Accueil\",\"item\":\"https:\/\/www.annonces-legales.org\/blog\/\"},{\"@type\":\"ListItem\",\"position\":2,\"name\":\"Liste des journaux habilit\u00e9s \u00e0 publier des annonces l\u00e9gales\",\"item\":\"https:\/\/www.annonces-legales.org\/blog\/liste-des-journaux-habilites-a-publier-des-annonces-legales\/\"},{\"@type\":\"ListItem\",\"position\":3,\"name\":\"\u00c9veil de la Haute-Loire\"}]},{\"@type\":\"WebSite\",\"@id\":\"https:\/\/www.annonces-legales.org\/blog\/#website\",\"url\":\"https:\/\/www.annonces-legales.org\/blog\/\",\"name\":\"Actualit\u00e9 des entreprises\",\"description\":\"\",\"publisher\":{\"@id\":\"https:\/\/www.annonces-legales.org\/blog\/#organization\"},\"potentialAction\":[{\"@type\":\"SearchAction\",\"target\":{\"@type\":\"EntryPoint\",\"urlTemplate\":\"https:\/\/www.annonces-legales.org\/blog\/?s={search_term_string}\"},\"query-input\":{\"@type\":\"PropertyValueSpecification\",\"valueRequired\":true,\"valueName\":\"search_term_string\"}}],\"inLanguage\":\"fr-FR\"},{\"@type\":\"Organization\",\"@id\":\"https:\/\/www.annonces-legales.org\/blog\/#organization\",\"name\":\"Actualit\u00e9 des entreprises\",\"url\":\"https:\/\/www.annonces-legales.org\/blog\/\",\"logo\":{\"@type\":\"ImageObject\",\"inLanguage\":\"fr-FR\",\"@id\":\"https:\/\/www.annonces-legales.org\/blog\/#\/schema\/logo\/image\/\",\"url\":\"https:\/\/www.annonces-legales.org\/blog\/wp-content\/uploads\/2023\/08\/annonces-legales.svg\",\"contentUrl\":\"https:\/\/www.annonces-legales.org\/blog\/wp-content\/uploads\/2023\/08\/annonces-legales.svg\",\"caption\":\"Actualit\u00e9 des entreprises\"},\"image\":{\"@id\":\"https:\/\/www.annonces-legales.org\/blog\/#\/schema\/logo\/image\/\"}}]}<\/script>\n<!-- \/ Yoast SEO plugin. -->","yoast_head_json":{"title":"\u00c9veil de la Haute-Loire - Actualit\u00e9 des entreprises","robots":{"index":"index","follow":"follow","max-snippet":"max-snippet:-1","max-image-preview":"max-image-preview:large","max-video-preview":"max-video-preview:-1"},"canonical":"https:\/\/www.annonces-legales.org\/blog\/eveil-de-la-haute-loire\/","og_locale":"fr_FR","og_type":"article","og_title":"\u00c9veil de la Haute-Loire - Actualit\u00e9 des entreprises","og_description":"L&rsquo;\u00c9veil de la Haute-Loire est un quotidien qui para\u00eet tous les jours, sauf le lundi. Le journal est imprim\u00e9 tous [&hellip;]","og_url":"https:\/\/www.annonces-legales.org\/blog\/eveil-de-la-haute-loire\/","og_site_name":"Actualit\u00e9 des entreprises","article_modified_time":"2022-01-26T10:48:49+00:00","og_image":[{"width":400,"height":122,"url":"https:\/\/www.annonces-legales.org\/blog\/wp-content\/uploads\/2021\/10\/Eveil-de-la-Haute-Loire.png","type":"image\/png"}],"twitter_card":"summary_large_image","twitter_misc":{"Dur\u00e9e de lecture estim\u00e9e":"2 minutes"},"schema":{"@context":"https:\/\/schema.org","@graph":[{"@type":"WebPage","@id":"https:\/\/www.annonces-legales.org\/blog\/eveil-de-la-haute-loire\/","url":"https:\/\/www.annonces-legales.org\/blog\/eveil-de-la-haute-loire\/","name":"\u00c9veil de la Haute-Loire - Actualit\u00e9 des entreprises","isPartOf":{"@id":"https:\/\/www.annonces-legales.org\/blog\/#website"},"primaryImageOfPage":{"@id":"https:\/\/www.annonces-legales.org\/blog\/eveil-de-la-haute-loire\/#primaryimage"},"image":{"@id":"https:\/\/www.annonces-legales.org\/blog\/eveil-de-la-haute-loire\/#primaryimage"},"thumbnailUrl":"https:\/\/www.annonces-legales.org\/blog\/wp-content\/uploads\/2021\/10\/Eveil-de-la-Haute-Loire.png","datePublished":"2021-10-01T15:30:22+00:00","dateModified":"2022-01-26T10:48:49+00:00","breadcrumb":{"@id":"https:\/\/www.annonces-legales.org\/blog\/eveil-de-la-haute-loire\/#breadcrumb"},"inLanguage":"fr-FR","potentialAction":[{"@type":"ReadAction","target":["https:\/\/www.annonces-legales.org\/blog\/eveil-de-la-haute-loire\/"]}]},{"@type":"ImageObject","inLanguage":"fr-FR","@id":"https:\/\/www.annonces-legales.org\/blog\/eveil-de-la-haute-loire\/#primaryimage","url":"https:\/\/www.annonces-legales.org\/blog\/wp-content\/uploads\/2021\/10\/Eveil-de-la-Haute-Loire.png","contentUrl":"https:\/\/www.annonces-legales.org\/blog\/wp-content\/uploads\/2021\/10\/Eveil-de-la-Haute-Loire.png","width":400,"height":122},{"@type":"BreadcrumbList","@id":"https:\/\/www.annonces-legales.org\/blog\/eveil-de-la-haute-loire\/#breadcrumb","itemListElement":[{"@type":"ListItem","position":1,"name":"Accueil","item":"https:\/\/www.annonces-legales.org\/blog\/"},{"@type":"ListItem","position":2,"name":"Liste des journaux habilit\u00e9s \u00e0 publier des annonces l\u00e9gales","item":"https:\/\/www.annonces-legales.org\/blog\/liste-des-journaux-habilites-a-publier-des-annonces-legales\/"},{"@type":"ListItem","position":3,"name":"\u00c9veil de la Haute-Loire"}]},{"@type":"WebSite","@id":"https:\/\/www.annonces-legales.org\/blog\/#website","url":"https:\/\/www.annonces-legales.org\/blog\/","name":"Actualit\u00e9 des entreprises","description":"","publisher":{"@id":"https:\/\/www.annonces-legales.org\/blog\/#organization"},"potentialAction":[{"@type":"SearchAction","target":{"@type":"EntryPoint","urlTemplate":"https:\/\/www.annonces-legales.org\/blog\/?s={search_term_string}"},"query-input":{"@type":"PropertyValueSpecification","valueRequired":true,"valueName":"search_term_string"}}],"inLanguage":"fr-FR"},{"@type":"Organization","@id":"https:\/\/www.annonces-legales.org\/blog\/#organization","name":"Actualit\u00e9 des entreprises","url":"https:\/\/www.annonces-legales.org\/blog\/","logo":{"@type":"ImageObject","inLanguage":"fr-FR","@id":"https:\/\/www.annonces-legales.org\/blog\/#\/schema\/logo\/image\/","url":"https:\/\/www.annonces-legales.org\/blog\/wp-content\/uploads\/2023\/08\/annonces-legales.svg","contentUrl":"https:\/\/www.annonces-legales.org\/blog\/wp-content\/uploads\/2023\/08\/annonces-legales.svg","caption":"Actualit\u00e9 des entreprises"},"image":{"@id":"https:\/\/www.annonces-legales.org\/blog\/#\/schema\/logo\/image\/"}}]}},"_links":{"self":[{"href":"https:\/\/www.annonces-legales.org\/blog\/wp-json\/wp\/v2\/pages\/1032","targetHints":{"allow":["GET"]}}],"collection":[{"href":"https:\/\/www.annonces-legales.org\/blog\/wp-json\/wp\/v2\/pages"}],"about":[{"href":"https:\/\/www.annonces-legales.org\/blog\/wp-json\/wp\/v2\/types\/page"}],"author":[{"embeddable":true,"href":"https:\/\/www.annonces-legales.org\/blog\/wp-json\/wp\/v2\/users\/1"}],"replies":[{"embeddable":true,"href":"https:\/\/www.annonces-legales.org\/blog\/wp-json\/wp\/v2\/comments?post=1032"}],"version-history":[{"count":1,"href":"https:\/\/www.annonces-legales.org\/blog\/wp-json\/wp\/v2\/pages\/1032\/revisions"}],"predecessor-version":[{"id":1034,"href":"https:\/\/www.annonces-legales.org\/blog\/wp-json\/wp\/v2\/pages\/1032\/revisions\/1034"}],"up":[{"embeddable":true,"href":"https:\/\/www.annonces-legales.org\/blog\/wp-json\/wp\/v2\/pages\/351"}],"wp:attachment":[{"href":"https:\/\/www.annonces-legales.org\/blog\/wp-json\/wp\/v2\/media?parent=1032"}],"curies":[{"name":"wp","href":"https:\/\/api.w.org\/{rel}","templated":true}]}}