{"id":1038,"date":"2021-10-01T17:32:50","date_gmt":"2021-10-01T15:32:50","guid":{"rendered":"https:\/\/www.annonces-legales.org\/blog\/?page_id=1038"},"modified":"2022-01-26T11:37:27","modified_gmt":"2022-01-26T10:37:27","slug":"courrier-de-guadeloupe","status":"publish","type":"page","link":"https:\/\/www.annonces-legales.org\/blog\/courrier-de-guadeloupe\/","title":{"rendered":"Courrier de Guadeloupe"},"content":{"rendered":"<p><img loading=\"lazy\" decoding=\"async\" class=\"aligncenter size-full wp-image-1039\" src=\"https:\/\/www.annonces-legales.org\/blog\/wp-content\/uploads\/2021\/10\/Courrier-de-Guadeloupe.png\" alt=\"\" width=\"370\" height=\"130\" srcset=\"https:\/\/www.annonces-legales.org\/blog\/wp-content\/uploads\/2021\/10\/Courrier-de-Guadeloupe.png 370w, https:\/\/www.annonces-legales.org\/blog\/wp-content\/uploads\/2021\/10\/Courrier-de-Guadeloupe-300x105.png 300w\" sizes=\"auto, (max-width: 370px) 100vw, 370px\" \/><\/p>\n<p>L&rsquo;hebdomadaire le <strong>Courrier de Guadeloupe<\/strong> est un journal r\u00e9gional qui offre des informations de nature soci\u00e9tale, \u00e9conomique, politique sur la r\u00e9gion de la Guadeloupe.<\/p>\n<p>La r\u00e9dactrice en chef du journal se nomme C\u00e9lia Alb\u00e9ri. Le directeur de la publication est Pierre-\u00c9douard Picord.<\/p>\n<p>Le journal sort tous les vendredis au prix de 2 euros. C&rsquo;est un journal d&rsquo;annonce l\u00e9gale habilit\u00e9 \u00e0 publier pour les entreprises et particuliers du d\u00e9partement de la Guadeloupe (971). Il a obtenu une habilitation de la part de la pr\u00e9fecture pour l&rsquo;ann\u00e9e actuelle.<\/p>\n<p>Cet hebdomadaire papier poss\u00e8de un site Internet du m\u00eame nom sur lequel les abonn\u00e9s peuvent consulter le journal. L&rsquo;abonnement papier ou digital est au prix de 8,35 \u20ac par mois. Il est aussi possible de s&rsquo;abonner \u00e0 l&rsquo;ann\u00e9e pour 100 \u20ac.<\/p>\n<p>Ce journal guadeloup\u00e9en est ind\u00e9pendant. Il appartient \u00e0 la soci\u00e9t\u00e9 Guadeloupe Plus, une SARL au capital de 7100 \u20ac.<\/p>\n<p>Adresse de l&rsquo;hebdomadaire : Immeuble Ac\u00e9rola &#8211; angle des rues Jasor et Gothland, Baie-Mahault (97122).<br \/>\nT\u00e9l\u00e9phone du journal : 05 90 60 11 84<\/p>\n<h2>Publier une annonce l\u00e9gale dans le journal Le Courrier de Guadeloupe<\/h2>\n<p>Les entrepreneurs guadeloup\u00e9ens peuvent utiliser ce journal pour faire des annonces l\u00e9gales pour leur entreprise.<br \/>\nLe prix d&rsquo;une annonce l\u00e9gale en Guadeloupe est similaire au prix que l&rsquo;on peut trouver en m\u00e9tropole. Le tarif des avis de constitution est forfaitaire au niveau national. Pour tous les autres types d&rsquo;annonces, c&rsquo;est la pr\u00e9fecture de la Guadeloupe qui va fixer un tarif \u00e0 la ligne tous les ans.<\/p>\n<p>Pour \u00eatre certain de publier votre annonce l\u00e9gale au meilleur prix, vous pouvez utiliser les services de notre site.<br \/>\nVous pourrez obtenir de prix sur plusieurs journaux diff\u00e9rents tr\u00e8s facilement en remplissant un formulaire.<\/p>\n<h2>\u00c0 quel moment un entrepreneur guadeloup\u00e9en doit-il publier des annonces l\u00e9gales ?<\/h2>\n<p>Lors de la cr\u00e9ation d&rsquo;une soci\u00e9t\u00e9 nouvelle, avant l&rsquo;enregistrement aupr\u00e8s du RCS, il est n\u00e9cessaire de publier un avis de constitution. C&rsquo;est une annonce l\u00e9gale de cr\u00e9ation de soci\u00e9t\u00e9 dont le tarif est forfaitaire et varie selon la forme juridique choisie pour l&rsquo;entreprise.<br \/>\nEnsuite, quand la soci\u00e9t\u00e9 effectue des modifications qui donnent lieu \u00e0 une r\u00e9\u00e9criture de ses statuts juridiques, il faut ins\u00e9rer une annonce l\u00e9gale de changement. Le prix de cette annonce l\u00e9gale de changement va varier selon la longueur.<\/p>\n","protected":false},"excerpt":{"rendered":"<p>L&rsquo;hebdomadaire le Courrier de Guadeloupe est un journal r\u00e9gional qui offre des informations de nature soci\u00e9tale, \u00e9conomique, politique sur la [&hellip;]<\/p>\n","protected":false},"author":1,"featured_media":0,"parent":351,"menu_order":0,"comment_status":"closed","ping_status":"closed","template":"","meta":{"inline_featured_image":false,"footnotes":""},"class_list":["post-1038","page","type-page","status-publish","hentry"],"yoast_head":"<!-- This site is optimized with the Yoast SEO plugin v26.8 - https:\/\/yoast.com\/product\/yoast-seo-wordpress\/ -->\n<title>Courrier de Guadeloupe - Actualit\u00e9 des entreprises<\/title>\n<meta name=\"robots\" content=\"index, follow, max-snippet:-1, max-image-preview:large, max-video-preview:-1\" \/>\n<link rel=\"canonical\" href=\"https:\/\/www.annonces-legales.org\/blog\/courrier-de-guadeloupe\/\" \/>\n<meta property=\"og:locale\" content=\"fr_FR\" \/>\n<meta property=\"og:type\" content=\"article\" \/>\n<meta property=\"og:title\" content=\"Courrier de Guadeloupe - Actualit\u00e9 des entreprises\" \/>\n<meta property=\"og:description\" content=\"L&rsquo;hebdomadaire le Courrier de Guadeloupe est un journal r\u00e9gional qui offre des informations de nature soci\u00e9tale, \u00e9conomique, politique sur la [&hellip;]\" \/>\n<meta property=\"og:url\" content=\"https:\/\/www.annonces-legales.org\/blog\/courrier-de-guadeloupe\/\" \/>\n<meta property=\"og:site_name\" content=\"Actualit\u00e9 des entreprises\" \/>\n<meta property=\"article:modified_time\" content=\"2022-01-26T10:37:27+00:00\" \/>\n<meta property=\"og:image\" content=\"https:\/\/www.annonces-legales.org\/blog\/wp-content\/uploads\/2021\/10\/Courrier-de-Guadeloupe.png\" \/>\n\t<meta property=\"og:image:width\" content=\"370\" \/>\n\t<meta property=\"og:image:height\" content=\"130\" \/>\n\t<meta property=\"og:image:type\" content=\"image\/png\" \/>\n<meta name=\"twitter:card\" content=\"summary_large_image\" \/>\n<meta name=\"twitter:label1\" content=\"Dur\u00e9e de lecture estim\u00e9e\" \/>\n\t<meta name=\"twitter:data1\" content=\"2 minutes\" \/>\n<script type=\"application\/ld+json\" class=\"yoast-schema-graph\">{\"@context\":\"https:\/\/schema.org\",\"@graph\":[{\"@type\":\"WebPage\",\"@id\":\"https:\/\/www.annonces-legales.org\/blog\/courrier-de-guadeloupe\/\",\"url\":\"https:\/\/www.annonces-legales.org\/blog\/courrier-de-guadeloupe\/\",\"name\":\"Courrier de Guadeloupe - Actualit\u00e9 des entreprises\",\"isPartOf\":{\"@id\":\"https:\/\/www.annonces-legales.org\/blog\/#website\"},\"primaryImageOfPage\":{\"@id\":\"https:\/\/www.annonces-legales.org\/blog\/courrier-de-guadeloupe\/#primaryimage\"},\"image\":{\"@id\":\"https:\/\/www.annonces-legales.org\/blog\/courrier-de-guadeloupe\/#primaryimage\"},\"thumbnailUrl\":\"https:\/\/www.annonces-legales.org\/blog\/wp-content\/uploads\/2021\/10\/Courrier-de-Guadeloupe.png\",\"datePublished\":\"2021-10-01T15:32:50+00:00\",\"dateModified\":\"2022-01-26T10:37:27+00:00\",\"breadcrumb\":{\"@id\":\"https:\/\/www.annonces-legales.org\/blog\/courrier-de-guadeloupe\/#breadcrumb\"},\"inLanguage\":\"fr-FR\",\"potentialAction\":[{\"@type\":\"ReadAction\",\"target\":[\"https:\/\/www.annonces-legales.org\/blog\/courrier-de-guadeloupe\/\"]}]},{\"@type\":\"ImageObject\",\"inLanguage\":\"fr-FR\",\"@id\":\"https:\/\/www.annonces-legales.org\/blog\/courrier-de-guadeloupe\/#primaryimage\",\"url\":\"https:\/\/www.annonces-legales.org\/blog\/wp-content\/uploads\/2021\/10\/Courrier-de-Guadeloupe.png\",\"contentUrl\":\"https:\/\/www.annonces-legales.org\/blog\/wp-content\/uploads\/2021\/10\/Courrier-de-Guadeloupe.png\",\"width\":370,\"height\":130},{\"@type\":\"BreadcrumbList\",\"@id\":\"https:\/\/www.annonces-legales.org\/blog\/courrier-de-guadeloupe\/#breadcrumb\",\"itemListElement\":[{\"@type\":\"ListItem\",\"position\":1,\"name\":\"Accueil\",\"item\":\"https:\/\/www.annonces-legales.org\/blog\/\"},{\"@type\":\"ListItem\",\"position\":2,\"name\":\"Liste des journaux habilit\u00e9s \u00e0 publier des annonces l\u00e9gales\",\"item\":\"https:\/\/www.annonces-legales.org\/blog\/liste-des-journaux-habilites-a-publier-des-annonces-legales\/\"},{\"@type\":\"ListItem\",\"position\":3,\"name\":\"Courrier de Guadeloupe\"}]},{\"@type\":\"WebSite\",\"@id\":\"https:\/\/www.annonces-legales.org\/blog\/#website\",\"url\":\"https:\/\/www.annonces-legales.org\/blog\/\",\"name\":\"Actualit\u00e9 des entreprises\",\"description\":\"\",\"publisher\":{\"@id\":\"https:\/\/www.annonces-legales.org\/blog\/#organization\"},\"potentialAction\":[{\"@type\":\"SearchAction\",\"target\":{\"@type\":\"EntryPoint\",\"urlTemplate\":\"https:\/\/www.annonces-legales.org\/blog\/?s={search_term_string}\"},\"query-input\":{\"@type\":\"PropertyValueSpecification\",\"valueRequired\":true,\"valueName\":\"search_term_string\"}}],\"inLanguage\":\"fr-FR\"},{\"@type\":\"Organization\",\"@id\":\"https:\/\/www.annonces-legales.org\/blog\/#organization\",\"name\":\"Actualit\u00e9 des entreprises\",\"url\":\"https:\/\/www.annonces-legales.org\/blog\/\",\"logo\":{\"@type\":\"ImageObject\",\"inLanguage\":\"fr-FR\",\"@id\":\"https:\/\/www.annonces-legales.org\/blog\/#\/schema\/logo\/image\/\",\"url\":\"https:\/\/www.annonces-legales.org\/blog\/wp-content\/uploads\/2023\/08\/annonces-legales.svg\",\"contentUrl\":\"https:\/\/www.annonces-legales.org\/blog\/wp-content\/uploads\/2023\/08\/annonces-legales.svg\",\"caption\":\"Actualit\u00e9 des entreprises\"},\"image\":{\"@id\":\"https:\/\/www.annonces-legales.org\/blog\/#\/schema\/logo\/image\/\"}}]}<\/script>\n<!-- \/ Yoast SEO plugin. -->","yoast_head_json":{"title":"Courrier de Guadeloupe - Actualit\u00e9 des entreprises","robots":{"index":"index","follow":"follow","max-snippet":"max-snippet:-1","max-image-preview":"max-image-preview:large","max-video-preview":"max-video-preview:-1"},"canonical":"https:\/\/www.annonces-legales.org\/blog\/courrier-de-guadeloupe\/","og_locale":"fr_FR","og_type":"article","og_title":"Courrier de Guadeloupe - Actualit\u00e9 des entreprises","og_description":"L&rsquo;hebdomadaire le Courrier de Guadeloupe est un journal r\u00e9gional qui offre des informations de nature soci\u00e9tale, \u00e9conomique, politique sur la [&hellip;]","og_url":"https:\/\/www.annonces-legales.org\/blog\/courrier-de-guadeloupe\/","og_site_name":"Actualit\u00e9 des entreprises","article_modified_time":"2022-01-26T10:37:27+00:00","og_image":[{"width":370,"height":130,"url":"https:\/\/www.annonces-legales.org\/blog\/wp-content\/uploads\/2021\/10\/Courrier-de-Guadeloupe.png","type":"image\/png"}],"twitter_card":"summary_large_image","twitter_misc":{"Dur\u00e9e de lecture estim\u00e9e":"2 minutes"},"schema":{"@context":"https:\/\/schema.org","@graph":[{"@type":"WebPage","@id":"https:\/\/www.annonces-legales.org\/blog\/courrier-de-guadeloupe\/","url":"https:\/\/www.annonces-legales.org\/blog\/courrier-de-guadeloupe\/","name":"Courrier de Guadeloupe - Actualit\u00e9 des entreprises","isPartOf":{"@id":"https:\/\/www.annonces-legales.org\/blog\/#website"},"primaryImageOfPage":{"@id":"https:\/\/www.annonces-legales.org\/blog\/courrier-de-guadeloupe\/#primaryimage"},"image":{"@id":"https:\/\/www.annonces-legales.org\/blog\/courrier-de-guadeloupe\/#primaryimage"},"thumbnailUrl":"https:\/\/www.annonces-legales.org\/blog\/wp-content\/uploads\/2021\/10\/Courrier-de-Guadeloupe.png","datePublished":"2021-10-01T15:32:50+00:00","dateModified":"2022-01-26T10:37:27+00:00","breadcrumb":{"@id":"https:\/\/www.annonces-legales.org\/blog\/courrier-de-guadeloupe\/#breadcrumb"},"inLanguage":"fr-FR","potentialAction":[{"@type":"ReadAction","target":["https:\/\/www.annonces-legales.org\/blog\/courrier-de-guadeloupe\/"]}]},{"@type":"ImageObject","inLanguage":"fr-FR","@id":"https:\/\/www.annonces-legales.org\/blog\/courrier-de-guadeloupe\/#primaryimage","url":"https:\/\/www.annonces-legales.org\/blog\/wp-content\/uploads\/2021\/10\/Courrier-de-Guadeloupe.png","contentUrl":"https:\/\/www.annonces-legales.org\/blog\/wp-content\/uploads\/2021\/10\/Courrier-de-Guadeloupe.png","width":370,"height":130},{"@type":"BreadcrumbList","@id":"https:\/\/www.annonces-legales.org\/blog\/courrier-de-guadeloupe\/#breadcrumb","itemListElement":[{"@type":"ListItem","position":1,"name":"Accueil","item":"https:\/\/www.annonces-legales.org\/blog\/"},{"@type":"ListItem","position":2,"name":"Liste des journaux habilit\u00e9s \u00e0 publier des annonces l\u00e9gales","item":"https:\/\/www.annonces-legales.org\/blog\/liste-des-journaux-habilites-a-publier-des-annonces-legales\/"},{"@type":"ListItem","position":3,"name":"Courrier de Guadeloupe"}]},{"@type":"WebSite","@id":"https:\/\/www.annonces-legales.org\/blog\/#website","url":"https:\/\/www.annonces-legales.org\/blog\/","name":"Actualit\u00e9 des entreprises","description":"","publisher":{"@id":"https:\/\/www.annonces-legales.org\/blog\/#organization"},"potentialAction":[{"@type":"SearchAction","target":{"@type":"EntryPoint","urlTemplate":"https:\/\/www.annonces-legales.org\/blog\/?s={search_term_string}"},"query-input":{"@type":"PropertyValueSpecification","valueRequired":true,"valueName":"search_term_string"}}],"inLanguage":"fr-FR"},{"@type":"Organization","@id":"https:\/\/www.annonces-legales.org\/blog\/#organization","name":"Actualit\u00e9 des entreprises","url":"https:\/\/www.annonces-legales.org\/blog\/","logo":{"@type":"ImageObject","inLanguage":"fr-FR","@id":"https:\/\/www.annonces-legales.org\/blog\/#\/schema\/logo\/image\/","url":"https:\/\/www.annonces-legales.org\/blog\/wp-content\/uploads\/2023\/08\/annonces-legales.svg","contentUrl":"https:\/\/www.annonces-legales.org\/blog\/wp-content\/uploads\/2023\/08\/annonces-legales.svg","caption":"Actualit\u00e9 des entreprises"},"image":{"@id":"https:\/\/www.annonces-legales.org\/blog\/#\/schema\/logo\/image\/"}}]}},"_links":{"self":[{"href":"https:\/\/www.annonces-legales.org\/blog\/wp-json\/wp\/v2\/pages\/1038","targetHints":{"allow":["GET"]}}],"collection":[{"href":"https:\/\/www.annonces-legales.org\/blog\/wp-json\/wp\/v2\/pages"}],"about":[{"href":"https:\/\/www.annonces-legales.org\/blog\/wp-json\/wp\/v2\/types\/page"}],"author":[{"embeddable":true,"href":"https:\/\/www.annonces-legales.org\/blog\/wp-json\/wp\/v2\/users\/1"}],"replies":[{"embeddable":true,"href":"https:\/\/www.annonces-legales.org\/blog\/wp-json\/wp\/v2\/comments?post=1038"}],"version-history":[{"count":2,"href":"https:\/\/www.annonces-legales.org\/blog\/wp-json\/wp\/v2\/pages\/1038\/revisions"}],"predecessor-version":[{"id":1041,"href":"https:\/\/www.annonces-legales.org\/blog\/wp-json\/wp\/v2\/pages\/1038\/revisions\/1041"}],"up":[{"embeddable":true,"href":"https:\/\/www.annonces-legales.org\/blog\/wp-json\/wp\/v2\/pages\/351"}],"wp:attachment":[{"href":"https:\/\/www.annonces-legales.org\/blog\/wp-json\/wp\/v2\/media?parent=1038"}],"curies":[{"name":"wp","href":"https:\/\/api.w.org\/{rel}","templated":true}]}}