{"id":1042,"date":"2021-10-01T17:33:47","date_gmt":"2021-10-01T15:33:47","guid":{"rendered":"https:\/\/www.annonces-legales.org\/blog\/?page_id=1042"},"modified":"2022-01-26T12:13:01","modified_gmt":"2022-01-26T11:13:01","slug":"le-probant","status":"publish","type":"page","link":"https:\/\/www.annonces-legales.org\/blog\/le-probant\/","title":{"rendered":"Probant"},"content":{"rendered":"<p><img loading=\"lazy\" decoding=\"async\" class=\"aligncenter size-medium wp-image-1043\" src=\"https:\/\/www.annonces-legales.org\/blog\/wp-content\/uploads\/2021\/10\/Le-Probant-300x80.jpg\" alt=\"\" width=\"300\" height=\"80\" srcset=\"https:\/\/www.annonces-legales.org\/blog\/wp-content\/uploads\/2021\/10\/Le-Probant-300x80.jpg 300w, https:\/\/www.annonces-legales.org\/blog\/wp-content\/uploads\/2021\/10\/Le-Probant-1024x272.jpg 1024w, https:\/\/www.annonces-legales.org\/blog\/wp-content\/uploads\/2021\/10\/Le-Probant-768x204.jpg 768w, https:\/\/www.annonces-legales.org\/blog\/wp-content\/uploads\/2021\/10\/Le-Probant-1200x319.jpg 1200w, https:\/\/www.annonces-legales.org\/blog\/wp-content\/uploads\/2021\/10\/Le-Probant.jpg 1355w\" sizes=\"auto, (max-width: 300px) 100vw, 300px\" \/><\/p>\n<p><strong>Le Probant<\/strong> est un journal hebdomadaire qui traite uniquement des th\u00e9matiques juridiques et financi\u00e8res. Le journal s&rsquo;adresse aux lecteurs de Guadeloupe, de Saint-Martin et de Saint-Barth\u00e9lemy.<br \/>\nCe journal hebdomadaire poss\u00e8de l&rsquo;autorisation pour effectuer l&rsquo;insertion d&rsquo;annonces l\u00e9gales pour les entreprises et les personnes physiques de la Guadeloupe.<br \/>\nLe journal est disponible en kiosque et sur abonnement. Il est vendu au prix de 0,30 \u20ac TTC. L&rsquo;abonnement pour un an comprenant la version papier et num\u00e9rique du journal co\u00fbte 15 \u20ac.<\/p>\n<p>L&rsquo;\u00e9quipe du journal est compos\u00e9e de deux journalistes : Claudia Led\u00e9zert et Fanny Fontan. La directrice de publication du journal se nomme Florence Moulin. Le journal appartient \u00e0 la soci\u00e9t\u00e9 ALFA Editions, qui est une EURL au capital de 5000 \u20ac. Les deux journalistes du journal ont bien s\u00fbr une carte de presse et le journal poss\u00e8de un num\u00e9ro de la commission paritaire des publications et agences de presse (CPPAP).<\/p>\n<p>Les bureaux du journal Le Probant se trouvent \u00e0 Pointe-\u00e0-Pitre (97110) \u00e0 la Tour Massabielle, dans la rue Massabielle.<\/p>\n<p>&nbsp;<\/p>\n<h2>Comment publier une annonce l\u00e9gale dans un journal d&rsquo;annonce l\u00e9gale en Guadeloupe (971) ?<\/h2>\n<p>Pour ins\u00e9rer une annonce officielle, les entreprises de Guadeloupe doivent utiliser un journal d&rsquo;annonce l\u00e9gale habilit\u00e9 du d\u00e9partement.<br \/>\nCela peut \u00eatre par exemple l&rsquo;hebdomadaire Le Probant. Mais il existe d&rsquo;autres JAL pour le d\u00e9partement de Guadeloupe comme par exemple Le Courrier de Guadeloupe. L&rsquo;entreprise a le droit de choisir le journal qu&rsquo;elle souhaite pour faire cette formalit\u00e9.<br \/>\nAu lieu de contacter directement un journal d&rsquo;annonce l\u00e9gale, il est possible de se servir d&rsquo;une plate-forme de publications d&rsquo;annonces l\u00e9gales en ligne comme annonces-legales.org<br \/>\nCela donne la possibilit\u00e9 aux gestionnaires guadeloup\u00e9ens de comparer facilement les prix de publication des avis de constitution et des annonces l\u00e9gales entre diff\u00e9rents journaux.<\/p>\n","protected":false},"excerpt":{"rendered":"<p>Le Probant est un journal hebdomadaire qui traite uniquement des th\u00e9matiques juridiques et financi\u00e8res. Le journal s&rsquo;adresse aux lecteurs de [&hellip;]<\/p>\n","protected":false},"author":1,"featured_media":0,"parent":351,"menu_order":0,"comment_status":"closed","ping_status":"closed","template":"","meta":{"inline_featured_image":false,"footnotes":""},"class_list":["post-1042","page","type-page","status-publish","hentry"],"yoast_head":"<!-- This site is optimized with the Yoast SEO plugin v26.8 - https:\/\/yoast.com\/product\/yoast-seo-wordpress\/ -->\n<title>Probant - Actualit\u00e9 des entreprises<\/title>\n<meta name=\"robots\" content=\"index, follow, max-snippet:-1, max-image-preview:large, max-video-preview:-1\" \/>\n<link rel=\"canonical\" href=\"https:\/\/www.annonces-legales.org\/blog\/le-probant\/\" \/>\n<meta property=\"og:locale\" content=\"fr_FR\" \/>\n<meta property=\"og:type\" content=\"article\" \/>\n<meta property=\"og:title\" content=\"Probant - Actualit\u00e9 des entreprises\" \/>\n<meta property=\"og:description\" content=\"Le Probant est un journal hebdomadaire qui traite uniquement des th\u00e9matiques juridiques et financi\u00e8res. Le journal s&rsquo;adresse aux lecteurs de [&hellip;]\" \/>\n<meta property=\"og:url\" content=\"https:\/\/www.annonces-legales.org\/blog\/le-probant\/\" \/>\n<meta property=\"og:site_name\" content=\"Actualit\u00e9 des entreprises\" \/>\n<meta property=\"article:modified_time\" content=\"2022-01-26T11:13:01+00:00\" \/>\n<meta property=\"og:image\" content=\"https:\/\/www.annonces-legales.org\/blog\/wp-content\/uploads\/2021\/10\/Le-Probant.jpg\" \/>\n\t<meta property=\"og:image:width\" content=\"1355\" \/>\n\t<meta property=\"og:image:height\" content=\"360\" \/>\n\t<meta property=\"og:image:type\" content=\"image\/jpeg\" \/>\n<meta name=\"twitter:card\" content=\"summary_large_image\" \/>\n<meta name=\"twitter:label1\" content=\"Dur\u00e9e de lecture estim\u00e9e\" \/>\n\t<meta name=\"twitter:data1\" content=\"2 minutes\" \/>\n<script type=\"application\/ld+json\" class=\"yoast-schema-graph\">{\"@context\":\"https:\/\/schema.org\",\"@graph\":[{\"@type\":\"WebPage\",\"@id\":\"https:\/\/www.annonces-legales.org\/blog\/le-probant\/\",\"url\":\"https:\/\/www.annonces-legales.org\/blog\/le-probant\/\",\"name\":\"Probant - Actualit\u00e9 des entreprises\",\"isPartOf\":{\"@id\":\"https:\/\/www.annonces-legales.org\/blog\/#website\"},\"primaryImageOfPage\":{\"@id\":\"https:\/\/www.annonces-legales.org\/blog\/le-probant\/#primaryimage\"},\"image\":{\"@id\":\"https:\/\/www.annonces-legales.org\/blog\/le-probant\/#primaryimage\"},\"thumbnailUrl\":\"https:\/\/www.annonces-legales.org\/blog\/wp-content\/uploads\/2021\/10\/Le-Probant-300x80.jpg\",\"datePublished\":\"2021-10-01T15:33:47+00:00\",\"dateModified\":\"2022-01-26T11:13:01+00:00\",\"breadcrumb\":{\"@id\":\"https:\/\/www.annonces-legales.org\/blog\/le-probant\/#breadcrumb\"},\"inLanguage\":\"fr-FR\",\"potentialAction\":[{\"@type\":\"ReadAction\",\"target\":[\"https:\/\/www.annonces-legales.org\/blog\/le-probant\/\"]}]},{\"@type\":\"ImageObject\",\"inLanguage\":\"fr-FR\",\"@id\":\"https:\/\/www.annonces-legales.org\/blog\/le-probant\/#primaryimage\",\"url\":\"https:\/\/www.annonces-legales.org\/blog\/wp-content\/uploads\/2021\/10\/Le-Probant.jpg\",\"contentUrl\":\"https:\/\/www.annonces-legales.org\/blog\/wp-content\/uploads\/2021\/10\/Le-Probant.jpg\",\"width\":1355,\"height\":360},{\"@type\":\"BreadcrumbList\",\"@id\":\"https:\/\/www.annonces-legales.org\/blog\/le-probant\/#breadcrumb\",\"itemListElement\":[{\"@type\":\"ListItem\",\"position\":1,\"name\":\"Accueil\",\"item\":\"https:\/\/www.annonces-legales.org\/blog\/\"},{\"@type\":\"ListItem\",\"position\":2,\"name\":\"Liste des journaux habilit\u00e9s \u00e0 publier des annonces l\u00e9gales\",\"item\":\"https:\/\/www.annonces-legales.org\/blog\/liste-des-journaux-habilites-a-publier-des-annonces-legales\/\"},{\"@type\":\"ListItem\",\"position\":3,\"name\":\"Probant\"}]},{\"@type\":\"WebSite\",\"@id\":\"https:\/\/www.annonces-legales.org\/blog\/#website\",\"url\":\"https:\/\/www.annonces-legales.org\/blog\/\",\"name\":\"Actualit\u00e9 des entreprises\",\"description\":\"\",\"publisher\":{\"@id\":\"https:\/\/www.annonces-legales.org\/blog\/#organization\"},\"potentialAction\":[{\"@type\":\"SearchAction\",\"target\":{\"@type\":\"EntryPoint\",\"urlTemplate\":\"https:\/\/www.annonces-legales.org\/blog\/?s={search_term_string}\"},\"query-input\":{\"@type\":\"PropertyValueSpecification\",\"valueRequired\":true,\"valueName\":\"search_term_string\"}}],\"inLanguage\":\"fr-FR\"},{\"@type\":\"Organization\",\"@id\":\"https:\/\/www.annonces-legales.org\/blog\/#organization\",\"name\":\"Actualit\u00e9 des entreprises\",\"url\":\"https:\/\/www.annonces-legales.org\/blog\/\",\"logo\":{\"@type\":\"ImageObject\",\"inLanguage\":\"fr-FR\",\"@id\":\"https:\/\/www.annonces-legales.org\/blog\/#\/schema\/logo\/image\/\",\"url\":\"https:\/\/www.annonces-legales.org\/blog\/wp-content\/uploads\/2023\/08\/annonces-legales.svg\",\"contentUrl\":\"https:\/\/www.annonces-legales.org\/blog\/wp-content\/uploads\/2023\/08\/annonces-legales.svg\",\"caption\":\"Actualit\u00e9 des entreprises\"},\"image\":{\"@id\":\"https:\/\/www.annonces-legales.org\/blog\/#\/schema\/logo\/image\/\"}}]}<\/script>\n<!-- \/ Yoast SEO plugin. -->","yoast_head_json":{"title":"Probant - Actualit\u00e9 des entreprises","robots":{"index":"index","follow":"follow","max-snippet":"max-snippet:-1","max-image-preview":"max-image-preview:large","max-video-preview":"max-video-preview:-1"},"canonical":"https:\/\/www.annonces-legales.org\/blog\/le-probant\/","og_locale":"fr_FR","og_type":"article","og_title":"Probant - Actualit\u00e9 des entreprises","og_description":"Le Probant est un journal hebdomadaire qui traite uniquement des th\u00e9matiques juridiques et financi\u00e8res. Le journal s&rsquo;adresse aux lecteurs de [&hellip;]","og_url":"https:\/\/www.annonces-legales.org\/blog\/le-probant\/","og_site_name":"Actualit\u00e9 des entreprises","article_modified_time":"2022-01-26T11:13:01+00:00","og_image":[{"width":1355,"height":360,"url":"https:\/\/www.annonces-legales.org\/blog\/wp-content\/uploads\/2021\/10\/Le-Probant.jpg","type":"image\/jpeg"}],"twitter_card":"summary_large_image","twitter_misc":{"Dur\u00e9e de lecture estim\u00e9e":"2 minutes"},"schema":{"@context":"https:\/\/schema.org","@graph":[{"@type":"WebPage","@id":"https:\/\/www.annonces-legales.org\/blog\/le-probant\/","url":"https:\/\/www.annonces-legales.org\/blog\/le-probant\/","name":"Probant - Actualit\u00e9 des entreprises","isPartOf":{"@id":"https:\/\/www.annonces-legales.org\/blog\/#website"},"primaryImageOfPage":{"@id":"https:\/\/www.annonces-legales.org\/blog\/le-probant\/#primaryimage"},"image":{"@id":"https:\/\/www.annonces-legales.org\/blog\/le-probant\/#primaryimage"},"thumbnailUrl":"https:\/\/www.annonces-legales.org\/blog\/wp-content\/uploads\/2021\/10\/Le-Probant-300x80.jpg","datePublished":"2021-10-01T15:33:47+00:00","dateModified":"2022-01-26T11:13:01+00:00","breadcrumb":{"@id":"https:\/\/www.annonces-legales.org\/blog\/le-probant\/#breadcrumb"},"inLanguage":"fr-FR","potentialAction":[{"@type":"ReadAction","target":["https:\/\/www.annonces-legales.org\/blog\/le-probant\/"]}]},{"@type":"ImageObject","inLanguage":"fr-FR","@id":"https:\/\/www.annonces-legales.org\/blog\/le-probant\/#primaryimage","url":"https:\/\/www.annonces-legales.org\/blog\/wp-content\/uploads\/2021\/10\/Le-Probant.jpg","contentUrl":"https:\/\/www.annonces-legales.org\/blog\/wp-content\/uploads\/2021\/10\/Le-Probant.jpg","width":1355,"height":360},{"@type":"BreadcrumbList","@id":"https:\/\/www.annonces-legales.org\/blog\/le-probant\/#breadcrumb","itemListElement":[{"@type":"ListItem","position":1,"name":"Accueil","item":"https:\/\/www.annonces-legales.org\/blog\/"},{"@type":"ListItem","position":2,"name":"Liste des journaux habilit\u00e9s \u00e0 publier des annonces l\u00e9gales","item":"https:\/\/www.annonces-legales.org\/blog\/liste-des-journaux-habilites-a-publier-des-annonces-legales\/"},{"@type":"ListItem","position":3,"name":"Probant"}]},{"@type":"WebSite","@id":"https:\/\/www.annonces-legales.org\/blog\/#website","url":"https:\/\/www.annonces-legales.org\/blog\/","name":"Actualit\u00e9 des entreprises","description":"","publisher":{"@id":"https:\/\/www.annonces-legales.org\/blog\/#organization"},"potentialAction":[{"@type":"SearchAction","target":{"@type":"EntryPoint","urlTemplate":"https:\/\/www.annonces-legales.org\/blog\/?s={search_term_string}"},"query-input":{"@type":"PropertyValueSpecification","valueRequired":true,"valueName":"search_term_string"}}],"inLanguage":"fr-FR"},{"@type":"Organization","@id":"https:\/\/www.annonces-legales.org\/blog\/#organization","name":"Actualit\u00e9 des entreprises","url":"https:\/\/www.annonces-legales.org\/blog\/","logo":{"@type":"ImageObject","inLanguage":"fr-FR","@id":"https:\/\/www.annonces-legales.org\/blog\/#\/schema\/logo\/image\/","url":"https:\/\/www.annonces-legales.org\/blog\/wp-content\/uploads\/2023\/08\/annonces-legales.svg","contentUrl":"https:\/\/www.annonces-legales.org\/blog\/wp-content\/uploads\/2023\/08\/annonces-legales.svg","caption":"Actualit\u00e9 des entreprises"},"image":{"@id":"https:\/\/www.annonces-legales.org\/blog\/#\/schema\/logo\/image\/"}}]}},"_links":{"self":[{"href":"https:\/\/www.annonces-legales.org\/blog\/wp-json\/wp\/v2\/pages\/1042","targetHints":{"allow":["GET"]}}],"collection":[{"href":"https:\/\/www.annonces-legales.org\/blog\/wp-json\/wp\/v2\/pages"}],"about":[{"href":"https:\/\/www.annonces-legales.org\/blog\/wp-json\/wp\/v2\/types\/page"}],"author":[{"embeddable":true,"href":"https:\/\/www.annonces-legales.org\/blog\/wp-json\/wp\/v2\/users\/1"}],"replies":[{"embeddable":true,"href":"https:\/\/www.annonces-legales.org\/blog\/wp-json\/wp\/v2\/comments?post=1042"}],"version-history":[{"count":2,"href":"https:\/\/www.annonces-legales.org\/blog\/wp-json\/wp\/v2\/pages\/1042\/revisions"}],"predecessor-version":[{"id":1045,"href":"https:\/\/www.annonces-legales.org\/blog\/wp-json\/wp\/v2\/pages\/1042\/revisions\/1045"}],"up":[{"embeddable":true,"href":"https:\/\/www.annonces-legales.org\/blog\/wp-json\/wp\/v2\/pages\/351"}],"wp:attachment":[{"href":"https:\/\/www.annonces-legales.org\/blog\/wp-json\/wp\/v2\/media?parent=1042"}],"curies":[{"name":"wp","href":"https:\/\/api.w.org\/{rel}","templated":true}]}}