{"id":1049,"date":"2021-10-01T17:36:26","date_gmt":"2021-10-01T15:36:26","guid":{"rendered":"https:\/\/www.annonces-legales.org\/blog\/?page_id=1049"},"modified":"2022-01-26T12:09:47","modified_gmt":"2022-01-26T11:09:47","slug":"nouvelles-semaine","status":"publish","type":"page","link":"https:\/\/www.annonces-legales.org\/blog\/nouvelles-semaine\/","title":{"rendered":"Nouvelles Semaine"},"content":{"rendered":"<p><img loading=\"lazy\" decoding=\"async\" class=\"aligncenter size-medium wp-image-1050\" src=\"https:\/\/www.annonces-legales.org\/blog\/wp-content\/uploads\/2021\/10\/Nouvelles-Semaine-300x56.png\" alt=\"\" width=\"300\" height=\"56\" srcset=\"https:\/\/www.annonces-legales.org\/blog\/wp-content\/uploads\/2021\/10\/Nouvelles-Semaine-300x56.png 300w, https:\/\/www.annonces-legales.org\/blog\/wp-content\/uploads\/2021\/10\/Nouvelles-Semaine.png 400w\" sizes=\"auto, (max-width: 300px) 100vw, 300px\" \/><\/p>\n<p>Tous les vendredis, le <strong>journal Nouvelles Semaine<\/strong> para\u00eet dans les kiosques de Guadeloupe et parfois de Martinique. Cet hebdomadaire, vendu 2 euros existe d\u00e9j\u00e0 depuis plus de 10 ans. Le journal informe, analyse et d\u00e9crypte l&rsquo;actualit\u00e9 sur la Guadeloupe. Les articles du journal concernent principalement la politique, l&rsquo;\u00e9conomie et les \u00e9v\u00e9nements ayant lieu dans la r\u00e9gion. Le jour de parution du journal est le jeudi.<\/p>\n<p>Afin de recevoir ce magazine au format papier chaque semaine il est possible de s&rsquo;abonner \u00e0 l&rsquo;ann\u00e9e pour 100 \u20ac. Un abonnement similaire pour la version digitale du journal peut \u00eatre souscrit pour 90 \u20ac.<\/p>\n<p>Ce journal est un <strong>journal d&rsquo;annonce l\u00e9gale pour le d\u00e9partement de la Guadeloupe<\/strong>. Ainsi, il peut publier des annonces officielles pour les soci\u00e9t\u00e9s r\u00e9sidentes dans ce d\u00e9partement.<\/p>\n<p>&nbsp;<\/p>\n<p><strong>Coordonn\u00e9es du journal Nouvelles Semaine<\/strong><\/p>\n<p>Adresse postale : Immeuble Arlook &#8211; 947, Rue Henri Becquerel \u00e0 Baie-Mahault 97122<br \/>\nT\u00e9l\u00e9phone : 05 90 38 20 30<\/p>\n<p>&nbsp;<\/p>\n<h2>Publier une annonce l\u00e9gale en Guadeloupe<\/h2>\n<p>&nbsp;<\/p>\n<p>Pour avoir le meilleur prix pour une annonce l\u00e9gale et judiciaire en Guadeloupe, il est n\u00e9cessaire de faire plusieurs devis aupr\u00e8s de diff\u00e9rents journaux habilit\u00e9s par la pr\u00e9fecture de Guadeloupe.<\/p>\n<p>C&rsquo;est facile et rapide avec annonces-legales.org !<\/p>\n<br\/><br\/><div class=\"entry-content notopmargin\">\n\t<img decoding=\"async\" class=\"img-fluid fleft\" src=\"https:\/\/www.annonces-legales.org\/images\/rapide-economique-tout-departement.png\" alt=\"Journal d'annonce l\u00e9gale  JAL de Guadeloupe \"><a href=\"https:\/\/www.annonces-legales.org\/publication-annonce-legale.html\" class=\"button button-desc fright mtop30\"><div>Je publie<br> mon annonce<br> l\u00e9gale<\/div><span>dans un journal  JAL de Guadeloupe !<\/span><\/a>\n<\/div><div class=\"clrbth\"><\/div><br\/><br\/>\n<p>&nbsp;<\/p>\n<h2>Pourquoi uniquement quelques journaux de Guadeloupe peuvent publier des annonces l\u00e9gales et judiciaires ?<\/h2>\n<p>Un journal guadeloup\u00e9en, pour pouvoir faire ce type de publication, doit se conformer \u00e0 certains crit\u00e8res et doit \u00eatre habilit\u00e9 par un comit\u00e9 pr\u00e9fectorale de Guadeloupe qui se r\u00e9unit tous les ans. La quantit\u00e9 de journaux d&rsquo;annonce l\u00e9gale habilit\u00e9s par territoire va varier et d\u00e9pendre du nombre d&rsquo;habitant et du nombre d&rsquo;entreprises. Nous travaillons uniquement avec ces journaux.<\/p>\n<p>Pour la Guadeloupe, il y a 10 journaux et sites web habilit\u00e9s:<\/p>\n<ul>\n<li><a href=\"https:\/\/www.annonces-legales.org\/blog\/le-probant\/\">Le Probant<\/a><\/li>\n<li><a href=\"https:\/\/www.annonces-legales.org\/blog\/nouvelles-etincelles\/\">Les Nouvelles \u00c9tincelles<\/a><\/li>\n<li><a href=\"https:\/\/www.annonces-legales.org\/blog\/nouvelles-semaine\/\">Nouvelles Semaine<\/a><\/li>\n<li><a href=\"https:\/\/www.annonces-legales.org\/blog\/journal-le-pelican\/\">Le P\u00e9lican<\/a><\/li>\n<li><a href=\"https:\/\/www.annonces-legales.org\/blog\/progres-social\/\">Le Progr\u00e8s social<\/a><\/li>\n<li><a href=\"https:\/\/www.annonces-legales.org\/blog\/courrier-de-guadeloupe\/\">Le Courrier de Guadeloupe<\/a><\/li>\n<li><a href=\"https:\/\/www.annonces-legales.org\/blog\/journal-de-saint-barth\/\">Le Journal de Saint Barth<\/a><\/li>\n<li><em>Lepelican-journal.com<\/em><\/li>\n<li><em>leprobant.fr<\/em><\/li>\n<li><em>franceantilles.fr<\/em><\/li>\n<li><em>interentreprises.com<\/em><\/li>\n<\/ul>\n<p>Pour toute question pour vos avis de constitution ou vos <strong>annonces l\u00e9gales en Guadeloupe<\/strong>, n&rsquo;h\u00e9sitez pas \u00e0 nous demander conseil par t\u00e9l\u00e9phone !<\/p>\n<p>&nbsp;<\/p>\n<p>&nbsp;<\/p>\n<p>&nbsp;<\/p>\n","protected":false},"excerpt":{"rendered":"<p>Tous les vendredis, le journal Nouvelles Semaine para\u00eet dans les kiosques de Guadeloupe et parfois de Martinique. Cet hebdomadaire, vendu [&hellip;]<\/p>\n","protected":false},"author":1,"featured_media":0,"parent":351,"menu_order":0,"comment_status":"closed","ping_status":"closed","template":"","meta":{"inline_featured_image":false,"footnotes":""},"class_list":["post-1049","page","type-page","status-publish","hentry"],"yoast_head":"<!-- This site is optimized with the Yoast SEO plugin v26.8 - https:\/\/yoast.com\/product\/yoast-seo-wordpress\/ -->\n<title>Nouvelles Semaine - Actualit\u00e9 des entreprises<\/title>\n<meta name=\"robots\" content=\"index, follow, max-snippet:-1, max-image-preview:large, max-video-preview:-1\" \/>\n<link rel=\"canonical\" href=\"https:\/\/www.annonces-legales.org\/blog\/nouvelles-semaine\/\" \/>\n<meta property=\"og:locale\" content=\"fr_FR\" \/>\n<meta property=\"og:type\" content=\"article\" \/>\n<meta property=\"og:title\" content=\"Nouvelles Semaine - Actualit\u00e9 des entreprises\" \/>\n<meta property=\"og:description\" content=\"Tous les vendredis, le journal Nouvelles Semaine para\u00eet dans les kiosques de Guadeloupe et parfois de Martinique. Cet hebdomadaire, vendu [&hellip;]\" \/>\n<meta property=\"og:url\" content=\"https:\/\/www.annonces-legales.org\/blog\/nouvelles-semaine\/\" \/>\n<meta property=\"og:site_name\" content=\"Actualit\u00e9 des entreprises\" \/>\n<meta property=\"article:modified_time\" content=\"2022-01-26T11:09:47+00:00\" \/>\n<meta property=\"og:image\" content=\"https:\/\/www.annonces-legales.org\/blog\/wp-content\/uploads\/2021\/10\/Nouvelles-Semaine.png\" \/>\n\t<meta property=\"og:image:width\" content=\"400\" \/>\n\t<meta property=\"og:image:height\" content=\"74\" \/>\n\t<meta property=\"og:image:type\" content=\"image\/png\" \/>\n<meta name=\"twitter:card\" content=\"summary_large_image\" \/>\n<meta name=\"twitter:label1\" content=\"Dur\u00e9e de lecture estim\u00e9e\" \/>\n\t<meta name=\"twitter:data1\" content=\"2 minutes\" \/>\n<script type=\"application\/ld+json\" class=\"yoast-schema-graph\">{\"@context\":\"https:\/\/schema.org\",\"@graph\":[{\"@type\":\"WebPage\",\"@id\":\"https:\/\/www.annonces-legales.org\/blog\/nouvelles-semaine\/\",\"url\":\"https:\/\/www.annonces-legales.org\/blog\/nouvelles-semaine\/\",\"name\":\"Nouvelles Semaine - Actualit\u00e9 des entreprises\",\"isPartOf\":{\"@id\":\"https:\/\/www.annonces-legales.org\/blog\/#website\"},\"primaryImageOfPage\":{\"@id\":\"https:\/\/www.annonces-legales.org\/blog\/nouvelles-semaine\/#primaryimage\"},\"image\":{\"@id\":\"https:\/\/www.annonces-legales.org\/blog\/nouvelles-semaine\/#primaryimage\"},\"thumbnailUrl\":\"https:\/\/www.annonces-legales.org\/blog\/wp-content\/uploads\/2021\/10\/Nouvelles-Semaine-300x56.png\",\"datePublished\":\"2021-10-01T15:36:26+00:00\",\"dateModified\":\"2022-01-26T11:09:47+00:00\",\"breadcrumb\":{\"@id\":\"https:\/\/www.annonces-legales.org\/blog\/nouvelles-semaine\/#breadcrumb\"},\"inLanguage\":\"fr-FR\",\"potentialAction\":[{\"@type\":\"ReadAction\",\"target\":[\"https:\/\/www.annonces-legales.org\/blog\/nouvelles-semaine\/\"]}]},{\"@type\":\"ImageObject\",\"inLanguage\":\"fr-FR\",\"@id\":\"https:\/\/www.annonces-legales.org\/blog\/nouvelles-semaine\/#primaryimage\",\"url\":\"https:\/\/www.annonces-legales.org\/blog\/wp-content\/uploads\/2021\/10\/Nouvelles-Semaine.png\",\"contentUrl\":\"https:\/\/www.annonces-legales.org\/blog\/wp-content\/uploads\/2021\/10\/Nouvelles-Semaine.png\",\"width\":400,\"height\":74},{\"@type\":\"BreadcrumbList\",\"@id\":\"https:\/\/www.annonces-legales.org\/blog\/nouvelles-semaine\/#breadcrumb\",\"itemListElement\":[{\"@type\":\"ListItem\",\"position\":1,\"name\":\"Accueil\",\"item\":\"https:\/\/www.annonces-legales.org\/blog\/\"},{\"@type\":\"ListItem\",\"position\":2,\"name\":\"Liste des journaux habilit\u00e9s \u00e0 publier des annonces l\u00e9gales\",\"item\":\"https:\/\/www.annonces-legales.org\/blog\/liste-des-journaux-habilites-a-publier-des-annonces-legales\/\"},{\"@type\":\"ListItem\",\"position\":3,\"name\":\"Nouvelles Semaine\"}]},{\"@type\":\"WebSite\",\"@id\":\"https:\/\/www.annonces-legales.org\/blog\/#website\",\"url\":\"https:\/\/www.annonces-legales.org\/blog\/\",\"name\":\"Actualit\u00e9 des entreprises\",\"description\":\"\",\"publisher\":{\"@id\":\"https:\/\/www.annonces-legales.org\/blog\/#organization\"},\"potentialAction\":[{\"@type\":\"SearchAction\",\"target\":{\"@type\":\"EntryPoint\",\"urlTemplate\":\"https:\/\/www.annonces-legales.org\/blog\/?s={search_term_string}\"},\"query-input\":{\"@type\":\"PropertyValueSpecification\",\"valueRequired\":true,\"valueName\":\"search_term_string\"}}],\"inLanguage\":\"fr-FR\"},{\"@type\":\"Organization\",\"@id\":\"https:\/\/www.annonces-legales.org\/blog\/#organization\",\"name\":\"Actualit\u00e9 des entreprises\",\"url\":\"https:\/\/www.annonces-legales.org\/blog\/\",\"logo\":{\"@type\":\"ImageObject\",\"inLanguage\":\"fr-FR\",\"@id\":\"https:\/\/www.annonces-legales.org\/blog\/#\/schema\/logo\/image\/\",\"url\":\"https:\/\/www.annonces-legales.org\/blog\/wp-content\/uploads\/2023\/08\/annonces-legales.svg\",\"contentUrl\":\"https:\/\/www.annonces-legales.org\/blog\/wp-content\/uploads\/2023\/08\/annonces-legales.svg\",\"caption\":\"Actualit\u00e9 des entreprises\"},\"image\":{\"@id\":\"https:\/\/www.annonces-legales.org\/blog\/#\/schema\/logo\/image\/\"}}]}<\/script>\n<!-- \/ Yoast SEO plugin. -->","yoast_head_json":{"title":"Nouvelles Semaine - Actualit\u00e9 des entreprises","robots":{"index":"index","follow":"follow","max-snippet":"max-snippet:-1","max-image-preview":"max-image-preview:large","max-video-preview":"max-video-preview:-1"},"canonical":"https:\/\/www.annonces-legales.org\/blog\/nouvelles-semaine\/","og_locale":"fr_FR","og_type":"article","og_title":"Nouvelles Semaine - Actualit\u00e9 des entreprises","og_description":"Tous les vendredis, le journal Nouvelles Semaine para\u00eet dans les kiosques de Guadeloupe et parfois de Martinique. Cet hebdomadaire, vendu [&hellip;]","og_url":"https:\/\/www.annonces-legales.org\/blog\/nouvelles-semaine\/","og_site_name":"Actualit\u00e9 des entreprises","article_modified_time":"2022-01-26T11:09:47+00:00","og_image":[{"width":400,"height":74,"url":"https:\/\/www.annonces-legales.org\/blog\/wp-content\/uploads\/2021\/10\/Nouvelles-Semaine.png","type":"image\/png"}],"twitter_card":"summary_large_image","twitter_misc":{"Dur\u00e9e de lecture estim\u00e9e":"2 minutes"},"schema":{"@context":"https:\/\/schema.org","@graph":[{"@type":"WebPage","@id":"https:\/\/www.annonces-legales.org\/blog\/nouvelles-semaine\/","url":"https:\/\/www.annonces-legales.org\/blog\/nouvelles-semaine\/","name":"Nouvelles Semaine - Actualit\u00e9 des entreprises","isPartOf":{"@id":"https:\/\/www.annonces-legales.org\/blog\/#website"},"primaryImageOfPage":{"@id":"https:\/\/www.annonces-legales.org\/blog\/nouvelles-semaine\/#primaryimage"},"image":{"@id":"https:\/\/www.annonces-legales.org\/blog\/nouvelles-semaine\/#primaryimage"},"thumbnailUrl":"https:\/\/www.annonces-legales.org\/blog\/wp-content\/uploads\/2021\/10\/Nouvelles-Semaine-300x56.png","datePublished":"2021-10-01T15:36:26+00:00","dateModified":"2022-01-26T11:09:47+00:00","breadcrumb":{"@id":"https:\/\/www.annonces-legales.org\/blog\/nouvelles-semaine\/#breadcrumb"},"inLanguage":"fr-FR","potentialAction":[{"@type":"ReadAction","target":["https:\/\/www.annonces-legales.org\/blog\/nouvelles-semaine\/"]}]},{"@type":"ImageObject","inLanguage":"fr-FR","@id":"https:\/\/www.annonces-legales.org\/blog\/nouvelles-semaine\/#primaryimage","url":"https:\/\/www.annonces-legales.org\/blog\/wp-content\/uploads\/2021\/10\/Nouvelles-Semaine.png","contentUrl":"https:\/\/www.annonces-legales.org\/blog\/wp-content\/uploads\/2021\/10\/Nouvelles-Semaine.png","width":400,"height":74},{"@type":"BreadcrumbList","@id":"https:\/\/www.annonces-legales.org\/blog\/nouvelles-semaine\/#breadcrumb","itemListElement":[{"@type":"ListItem","position":1,"name":"Accueil","item":"https:\/\/www.annonces-legales.org\/blog\/"},{"@type":"ListItem","position":2,"name":"Liste des journaux habilit\u00e9s \u00e0 publier des annonces l\u00e9gales","item":"https:\/\/www.annonces-legales.org\/blog\/liste-des-journaux-habilites-a-publier-des-annonces-legales\/"},{"@type":"ListItem","position":3,"name":"Nouvelles Semaine"}]},{"@type":"WebSite","@id":"https:\/\/www.annonces-legales.org\/blog\/#website","url":"https:\/\/www.annonces-legales.org\/blog\/","name":"Actualit\u00e9 des entreprises","description":"","publisher":{"@id":"https:\/\/www.annonces-legales.org\/blog\/#organization"},"potentialAction":[{"@type":"SearchAction","target":{"@type":"EntryPoint","urlTemplate":"https:\/\/www.annonces-legales.org\/blog\/?s={search_term_string}"},"query-input":{"@type":"PropertyValueSpecification","valueRequired":true,"valueName":"search_term_string"}}],"inLanguage":"fr-FR"},{"@type":"Organization","@id":"https:\/\/www.annonces-legales.org\/blog\/#organization","name":"Actualit\u00e9 des entreprises","url":"https:\/\/www.annonces-legales.org\/blog\/","logo":{"@type":"ImageObject","inLanguage":"fr-FR","@id":"https:\/\/www.annonces-legales.org\/blog\/#\/schema\/logo\/image\/","url":"https:\/\/www.annonces-legales.org\/blog\/wp-content\/uploads\/2023\/08\/annonces-legales.svg","contentUrl":"https:\/\/www.annonces-legales.org\/blog\/wp-content\/uploads\/2023\/08\/annonces-legales.svg","caption":"Actualit\u00e9 des entreprises"},"image":{"@id":"https:\/\/www.annonces-legales.org\/blog\/#\/schema\/logo\/image\/"}}]}},"_links":{"self":[{"href":"https:\/\/www.annonces-legales.org\/blog\/wp-json\/wp\/v2\/pages\/1049","targetHints":{"allow":["GET"]}}],"collection":[{"href":"https:\/\/www.annonces-legales.org\/blog\/wp-json\/wp\/v2\/pages"}],"about":[{"href":"https:\/\/www.annonces-legales.org\/blog\/wp-json\/wp\/v2\/types\/page"}],"author":[{"embeddable":true,"href":"https:\/\/www.annonces-legales.org\/blog\/wp-json\/wp\/v2\/users\/1"}],"replies":[{"embeddable":true,"href":"https:\/\/www.annonces-legales.org\/blog\/wp-json\/wp\/v2\/comments?post=1049"}],"version-history":[{"count":5,"href":"https:\/\/www.annonces-legales.org\/blog\/wp-json\/wp\/v2\/pages\/1049\/revisions"}],"predecessor-version":[{"id":1503,"href":"https:\/\/www.annonces-legales.org\/blog\/wp-json\/wp\/v2\/pages\/1049\/revisions\/1503"}],"up":[{"embeddable":true,"href":"https:\/\/www.annonces-legales.org\/blog\/wp-json\/wp\/v2\/pages\/351"}],"wp:attachment":[{"href":"https:\/\/www.annonces-legales.org\/blog\/wp-json\/wp\/v2\/media?parent=1049"}],"curies":[{"name":"wp","href":"https:\/\/api.w.org\/{rel}","templated":true}]}}