{"id":1052,"date":"2021-10-01T17:37:59","date_gmt":"2021-10-01T15:37:59","guid":{"rendered":"https:\/\/www.annonces-legales.org\/blog\/?page_id=1052"},"modified":"2022-01-26T12:13:06","modified_gmt":"2022-01-26T11:13:06","slug":"progres-social","status":"publish","type":"page","link":"https:\/\/www.annonces-legales.org\/blog\/progres-social\/","title":{"rendered":"Progr\u00e8s Social"},"content":{"rendered":"<p>&nbsp;<\/p>\n<p>Le journal guadeloup\u00e9en <strong>Le Progr\u00e8s Social<\/strong> est un hebdomadaire qui para\u00eet depuis plus de 50 ans tous les jeudis.<br \/>\nIl propose des informations sur la politique, la culture ainsi que des informations sur les Cara\u00efbes. c&rsquo;est un journal qui peut publier des annonces judiciaires ou l\u00e9gales pour les particuliers ou les entreprises.<\/p>\n<p>Le journal est situ\u00e9 rue Toussaint Louverture \u00e0 Basse Terre 97100.<\/p>\n<p>&nbsp;<\/p>\n<h2>La publication d&rsquo;une annonce l\u00e9gale en Guadeloupe 971<\/h2>\n<p>Les soci\u00e9t\u00e9s ayant leur si\u00e8ge social en Guadeloupe peuvent utiliser l&rsquo;hebdomadaire Le Progr\u00e8s Social pour publier leur avis ou annonces officielles. N\u00e9anmoins, ce journal n&rsquo;est pas le seul proposant des services de publications d&rsquo;annonces l\u00e9gales pour la Guadeloupe.<br \/>\nIl est possible d&rsquo;utiliser d&rsquo;autres journaux ou de faire appel \u00e0 des services de publication en ligne comme le site annonces-legales.org<\/p>\n<p>&nbsp;<\/p>\n<h2>Combien co\u00fbte un avis de constitution dans le journal Le Progr\u00e8s Social ?<\/h2>\n<p>L&rsquo;avis de constitution est un texte \u00e0 publier au moment o\u00f9 une entreprise se cr\u00e9\u00e9. Le prix de ces avis est forfaitaire. Quelque soit le journal de Guadeloupe utilis\u00e9, le prix final \u00e0 payer sera donc quasiment identique, la diff\u00e9rence se faisant sur les frais de gestion du dossier ou sur les frais d&rsquo;envoi de l&rsquo;attestation de publication.<\/p>\n<p>Pour les annonces l\u00e9gales modificatives, chaque journal doit d\u00e9cider du prix de vente (tant que celui-ci est sup\u00e9rieur au minimum choisi par le minist\u00e8re de la culture). On trouve donc pour ce type d&rsquo;annonces officielles des grandes diff\u00e9rences de prix selon le prestataire ou le journal utilis\u00e9.<\/p>\n<p>&nbsp;<\/p>\n<h2>Obtenir un devis pour une annonce l\u00e9gale en Guadeloupe<\/h2>\n<p>Un devis pour une annonce l\u00e9gale en Guadeloupe peut \u00eatre obtenu sur le service annonces-legales.org<br \/>\nCe service est accessible \u00e0 tous et un devis peut \u00eatre cr\u00e9\u00e9 sans inscription et sans aucune connaissance l\u00e9gale ou juridique.<\/p>\n<br\/><br\/><div class=\"entry-content notopmargin\">\n\t<img decoding=\"async\" class=\"img-fluid fleft\" src=\"https:\/\/www.annonces-legales.org\/images\/rapide-economique-tout-departement.png\" alt=\"Journal d'annonce l\u00e9gale de Guadeloupe \"><a href=\"https:\/\/www.annonces-legales.org\/publication-annonce-legale.html\" class=\"button button-desc fright mtop30\"><div>Je publie<br> mon annonce<br> l\u00e9gale<\/div><span>dans un journal de Guadeloupe !<\/span><\/a>\n<\/div><div class=\"clrbth\"><\/div><br\/><br\/>\n","protected":false},"excerpt":{"rendered":"<p>&nbsp; Le journal guadeloup\u00e9en Le Progr\u00e8s Social est un hebdomadaire qui para\u00eet depuis plus de 50 ans tous les jeudis. [&hellip;]<\/p>\n","protected":false},"author":1,"featured_media":0,"parent":351,"menu_order":0,"comment_status":"closed","ping_status":"closed","template":"","meta":{"inline_featured_image":false,"footnotes":""},"class_list":["post-1052","page","type-page","status-publish","hentry"],"yoast_head":"<!-- This site is optimized with the Yoast SEO plugin v26.8 - https:\/\/yoast.com\/product\/yoast-seo-wordpress\/ -->\n<title>Progr\u00e8s Social - Actualit\u00e9 des entreprises<\/title>\n<meta name=\"robots\" content=\"index, follow, max-snippet:-1, max-image-preview:large, max-video-preview:-1\" \/>\n<link rel=\"canonical\" href=\"https:\/\/www.annonces-legales.org\/blog\/progres-social\/\" \/>\n<meta property=\"og:locale\" content=\"fr_FR\" \/>\n<meta property=\"og:type\" content=\"article\" \/>\n<meta property=\"og:title\" content=\"Progr\u00e8s Social - Actualit\u00e9 des entreprises\" \/>\n<meta property=\"og:description\" content=\"&nbsp; Le journal guadeloup\u00e9en Le Progr\u00e8s Social est un hebdomadaire qui para\u00eet depuis plus de 50 ans tous les jeudis. [&hellip;]\" \/>\n<meta property=\"og:url\" content=\"https:\/\/www.annonces-legales.org\/blog\/progres-social\/\" \/>\n<meta property=\"og:site_name\" content=\"Actualit\u00e9 des entreprises\" \/>\n<meta property=\"article:modified_time\" content=\"2022-01-26T11:13:06+00:00\" \/>\n<meta name=\"twitter:card\" content=\"summary_large_image\" \/>\n<meta name=\"twitter:label1\" content=\"Dur\u00e9e de lecture estim\u00e9e\" \/>\n\t<meta name=\"twitter:data1\" content=\"2 minutes\" \/>\n<script type=\"application\/ld+json\" class=\"yoast-schema-graph\">{\"@context\":\"https:\/\/schema.org\",\"@graph\":[{\"@type\":\"WebPage\",\"@id\":\"https:\/\/www.annonces-legales.org\/blog\/progres-social\/\",\"url\":\"https:\/\/www.annonces-legales.org\/blog\/progres-social\/\",\"name\":\"Progr\u00e8s Social - Actualit\u00e9 des entreprises\",\"isPartOf\":{\"@id\":\"https:\/\/www.annonces-legales.org\/blog\/#website\"},\"datePublished\":\"2021-10-01T15:37:59+00:00\",\"dateModified\":\"2022-01-26T11:13:06+00:00\",\"breadcrumb\":{\"@id\":\"https:\/\/www.annonces-legales.org\/blog\/progres-social\/#breadcrumb\"},\"inLanguage\":\"fr-FR\",\"potentialAction\":[{\"@type\":\"ReadAction\",\"target\":[\"https:\/\/www.annonces-legales.org\/blog\/progres-social\/\"]}]},{\"@type\":\"BreadcrumbList\",\"@id\":\"https:\/\/www.annonces-legales.org\/blog\/progres-social\/#breadcrumb\",\"itemListElement\":[{\"@type\":\"ListItem\",\"position\":1,\"name\":\"Accueil\",\"item\":\"https:\/\/www.annonces-legales.org\/blog\/\"},{\"@type\":\"ListItem\",\"position\":2,\"name\":\"Liste des journaux habilit\u00e9s \u00e0 publier des annonces l\u00e9gales\",\"item\":\"https:\/\/www.annonces-legales.org\/blog\/liste-des-journaux-habilites-a-publier-des-annonces-legales\/\"},{\"@type\":\"ListItem\",\"position\":3,\"name\":\"Progr\u00e8s Social\"}]},{\"@type\":\"WebSite\",\"@id\":\"https:\/\/www.annonces-legales.org\/blog\/#website\",\"url\":\"https:\/\/www.annonces-legales.org\/blog\/\",\"name\":\"Actualit\u00e9 des entreprises\",\"description\":\"\",\"publisher\":{\"@id\":\"https:\/\/www.annonces-legales.org\/blog\/#organization\"},\"potentialAction\":[{\"@type\":\"SearchAction\",\"target\":{\"@type\":\"EntryPoint\",\"urlTemplate\":\"https:\/\/www.annonces-legales.org\/blog\/?s={search_term_string}\"},\"query-input\":{\"@type\":\"PropertyValueSpecification\",\"valueRequired\":true,\"valueName\":\"search_term_string\"}}],\"inLanguage\":\"fr-FR\"},{\"@type\":\"Organization\",\"@id\":\"https:\/\/www.annonces-legales.org\/blog\/#organization\",\"name\":\"Actualit\u00e9 des entreprises\",\"url\":\"https:\/\/www.annonces-legales.org\/blog\/\",\"logo\":{\"@type\":\"ImageObject\",\"inLanguage\":\"fr-FR\",\"@id\":\"https:\/\/www.annonces-legales.org\/blog\/#\/schema\/logo\/image\/\",\"url\":\"https:\/\/www.annonces-legales.org\/blog\/wp-content\/uploads\/2023\/08\/annonces-legales.svg\",\"contentUrl\":\"https:\/\/www.annonces-legales.org\/blog\/wp-content\/uploads\/2023\/08\/annonces-legales.svg\",\"caption\":\"Actualit\u00e9 des entreprises\"},\"image\":{\"@id\":\"https:\/\/www.annonces-legales.org\/blog\/#\/schema\/logo\/image\/\"}}]}<\/script>\n<!-- \/ Yoast SEO plugin. -->","yoast_head_json":{"title":"Progr\u00e8s Social - Actualit\u00e9 des entreprises","robots":{"index":"index","follow":"follow","max-snippet":"max-snippet:-1","max-image-preview":"max-image-preview:large","max-video-preview":"max-video-preview:-1"},"canonical":"https:\/\/www.annonces-legales.org\/blog\/progres-social\/","og_locale":"fr_FR","og_type":"article","og_title":"Progr\u00e8s Social - Actualit\u00e9 des entreprises","og_description":"&nbsp; Le journal guadeloup\u00e9en Le Progr\u00e8s Social est un hebdomadaire qui para\u00eet depuis plus de 50 ans tous les jeudis. [&hellip;]","og_url":"https:\/\/www.annonces-legales.org\/blog\/progres-social\/","og_site_name":"Actualit\u00e9 des entreprises","article_modified_time":"2022-01-26T11:13:06+00:00","twitter_card":"summary_large_image","twitter_misc":{"Dur\u00e9e de lecture estim\u00e9e":"2 minutes"},"schema":{"@context":"https:\/\/schema.org","@graph":[{"@type":"WebPage","@id":"https:\/\/www.annonces-legales.org\/blog\/progres-social\/","url":"https:\/\/www.annonces-legales.org\/blog\/progres-social\/","name":"Progr\u00e8s Social - Actualit\u00e9 des entreprises","isPartOf":{"@id":"https:\/\/www.annonces-legales.org\/blog\/#website"},"datePublished":"2021-10-01T15:37:59+00:00","dateModified":"2022-01-26T11:13:06+00:00","breadcrumb":{"@id":"https:\/\/www.annonces-legales.org\/blog\/progres-social\/#breadcrumb"},"inLanguage":"fr-FR","potentialAction":[{"@type":"ReadAction","target":["https:\/\/www.annonces-legales.org\/blog\/progres-social\/"]}]},{"@type":"BreadcrumbList","@id":"https:\/\/www.annonces-legales.org\/blog\/progres-social\/#breadcrumb","itemListElement":[{"@type":"ListItem","position":1,"name":"Accueil","item":"https:\/\/www.annonces-legales.org\/blog\/"},{"@type":"ListItem","position":2,"name":"Liste des journaux habilit\u00e9s \u00e0 publier des annonces l\u00e9gales","item":"https:\/\/www.annonces-legales.org\/blog\/liste-des-journaux-habilites-a-publier-des-annonces-legales\/"},{"@type":"ListItem","position":3,"name":"Progr\u00e8s Social"}]},{"@type":"WebSite","@id":"https:\/\/www.annonces-legales.org\/blog\/#website","url":"https:\/\/www.annonces-legales.org\/blog\/","name":"Actualit\u00e9 des entreprises","description":"","publisher":{"@id":"https:\/\/www.annonces-legales.org\/blog\/#organization"},"potentialAction":[{"@type":"SearchAction","target":{"@type":"EntryPoint","urlTemplate":"https:\/\/www.annonces-legales.org\/blog\/?s={search_term_string}"},"query-input":{"@type":"PropertyValueSpecification","valueRequired":true,"valueName":"search_term_string"}}],"inLanguage":"fr-FR"},{"@type":"Organization","@id":"https:\/\/www.annonces-legales.org\/blog\/#organization","name":"Actualit\u00e9 des entreprises","url":"https:\/\/www.annonces-legales.org\/blog\/","logo":{"@type":"ImageObject","inLanguage":"fr-FR","@id":"https:\/\/www.annonces-legales.org\/blog\/#\/schema\/logo\/image\/","url":"https:\/\/www.annonces-legales.org\/blog\/wp-content\/uploads\/2023\/08\/annonces-legales.svg","contentUrl":"https:\/\/www.annonces-legales.org\/blog\/wp-content\/uploads\/2023\/08\/annonces-legales.svg","caption":"Actualit\u00e9 des entreprises"},"image":{"@id":"https:\/\/www.annonces-legales.org\/blog\/#\/schema\/logo\/image\/"}}]}},"_links":{"self":[{"href":"https:\/\/www.annonces-legales.org\/blog\/wp-json\/wp\/v2\/pages\/1052","targetHints":{"allow":["GET"]}}],"collection":[{"href":"https:\/\/www.annonces-legales.org\/blog\/wp-json\/wp\/v2\/pages"}],"about":[{"href":"https:\/\/www.annonces-legales.org\/blog\/wp-json\/wp\/v2\/types\/page"}],"author":[{"embeddable":true,"href":"https:\/\/www.annonces-legales.org\/blog\/wp-json\/wp\/v2\/users\/1"}],"replies":[{"embeddable":true,"href":"https:\/\/www.annonces-legales.org\/blog\/wp-json\/wp\/v2\/comments?post=1052"}],"version-history":[{"count":1,"href":"https:\/\/www.annonces-legales.org\/blog\/wp-json\/wp\/v2\/pages\/1052\/revisions"}],"predecessor-version":[{"id":1053,"href":"https:\/\/www.annonces-legales.org\/blog\/wp-json\/wp\/v2\/pages\/1052\/revisions\/1053"}],"up":[{"embeddable":true,"href":"https:\/\/www.annonces-legales.org\/blog\/wp-json\/wp\/v2\/pages\/351"}],"wp:attachment":[{"href":"https:\/\/www.annonces-legales.org\/blog\/wp-json\/wp\/v2\/media?parent=1052"}],"curies":[{"name":"wp","href":"https:\/\/api.w.org\/{rel}","templated":true}]}}