{"id":1054,"date":"2021-10-01T17:39:23","date_gmt":"2021-10-01T15:39:23","guid":{"rendered":"https:\/\/www.annonces-legales.org\/blog\/?page_id=1054"},"modified":"2022-01-26T11:53:23","modified_gmt":"2022-01-26T10:53:23","slug":"journal-le-pelican","status":"publish","type":"page","link":"https:\/\/www.annonces-legales.org\/blog\/journal-le-pelican\/","title":{"rendered":"Journal Le P\u00e9lican"},"content":{"rendered":"<p><img loading=\"lazy\" decoding=\"async\" class=\"aligncenter size-medium wp-image-1055\" src=\"https:\/\/www.annonces-legales.org\/blog\/wp-content\/uploads\/2021\/10\/Journal-Le-Pelican-300x65.png\" alt=\"\" width=\"300\" height=\"65\" srcset=\"https:\/\/www.annonces-legales.org\/blog\/wp-content\/uploads\/2021\/10\/Journal-Le-Pelican-300x65.png 300w, https:\/\/www.annonces-legales.org\/blog\/wp-content\/uploads\/2021\/10\/Journal-Le-Pelican.png 350w\" sizes=\"auto, (max-width: 300px) 100vw, 300px\" \/><\/p>\n<p>Le <strong>journal Le P\u00e9lican<\/strong> est un quotidien de Saint-Martin qui est vendu en kiosque sur l&rsquo;\u00eele et dans ses alentours.<br \/>\nCe journal de proximit\u00e9 propose aux lecteurs des antilles fran\u00e7aises des informations locales sur l&rsquo;\u00e9conomie, la soci\u00e9t\u00e9, environnement, la sant\u00e9, la politique, le tourisme, la culture, le sport\u2026<br \/>\nIl est vendue \u00e0 0,50 \u20ac l&rsquo;unit\u00e9.<\/p>\n<p>L&rsquo;\u00e9quipe du journal est compos\u00e9e d&rsquo;une douzaine de personnes salari\u00e9es, compos\u00e9e entre autre de journalistes professionnels qui ont tous une carte de presse. Le r\u00e9dacteur en chef du journal est Karim Rosaz.<br \/>\nCr\u00e9\u00e9 en f\u00e9vrier 2004 par Florence Gurriei, le journal est le plus petit quotidien de France. Il est imprim\u00e9 \u00e0 environ <strong>1000 exemplaires<\/strong>. Ce quotidien est tr\u00e8s actif sur internet et les r\u00e9seaux sociaux comme sur Facebook avec plus de 30\u00a0000 fans. Le P\u00e9lican poss\u00e8de un site Web d\u00e9di\u00e9 ou les abonn\u00e9s peuvent lire les articles du journal. Le Journal Le P\u00e9lican publie \u00e9galement chaque mois une \u00e9dition gratuite d\u00e9di\u00e9e \u00e0 l&rsquo;actualit\u00e9 et aux associations sportives.<\/p>\n<p>Le journal s&rsquo;appelle Le P\u00e9lican car c&rsquo;est l&#8217;embl\u00e8me de l&rsquo;\u00eele de Saint-Martin. Le journal se veut \u00e9thique, il est imprim\u00e9 sur du papier recycl\u00e9.<\/p>\n<p>Le journal est autoris\u00e9 \u00e0 effectuer des <strong>annonces judiciaires et l\u00e9gales<\/strong> pour Saint-Martin et Saint-Barth\u00e9lemy mais aussi pour la Guadeloupe (sur son site Web).<\/p>\n<p>L&rsquo;adresse des locaux de la r\u00e9daction du journal est 2-3 Centre d&rsquo;affaires Llobr\u00e9gat \u00e0 Concordia 97\u00a0150.<\/p>\n<h2>Publication d&rsquo;annonces l\u00e9gales dans les Antilles ou en Guadeloupe<\/h2>\n<p>La publication d&rsquo;une annonce l\u00e9gale doit se faire dans un journal local du d\u00e9partement de l&rsquo;entreprise. Les entreprises antillaises ou guadeloup\u00e9ennes sont donc dans l&rsquo;obligation d&rsquo;utiliser des journaux habilit\u00e9s de leurs d\u00e9partements respectifs.<\/p>\n<p>Afin de publier une annonce au meilleur prix, il faut utiliser les services de notre plateforme qui offre une interface facile et rapide pour commander une annonce l\u00e9gale.<br \/>\nUne attestation de parution est fournie rapidement apr\u00e8s la commande d&rsquo;une annonce l\u00e9gale. Ce certificat peut \u00eatre utilis\u00e9 aupr\u00e8s du greffe pour imm\u00e9diatement faire valider les changements dans l&rsquo;entreprise.<\/p>\n","protected":false},"excerpt":{"rendered":"<p>Le journal Le P\u00e9lican est un quotidien de Saint-Martin qui est vendu en kiosque sur l&rsquo;\u00eele et dans ses alentours. [&hellip;]<\/p>\n","protected":false},"author":1,"featured_media":0,"parent":351,"menu_order":0,"comment_status":"closed","ping_status":"closed","template":"","meta":{"inline_featured_image":false,"footnotes":""},"class_list":["post-1054","page","type-page","status-publish","hentry"],"yoast_head":"<!-- This site is optimized with the Yoast SEO plugin v26.8 - https:\/\/yoast.com\/product\/yoast-seo-wordpress\/ -->\n<title>Journal Le P\u00e9lican - Actualit\u00e9 des entreprises<\/title>\n<meta name=\"robots\" content=\"index, follow, max-snippet:-1, max-image-preview:large, max-video-preview:-1\" \/>\n<link rel=\"canonical\" href=\"https:\/\/www.annonces-legales.org\/blog\/journal-le-pelican\/\" \/>\n<meta property=\"og:locale\" content=\"fr_FR\" \/>\n<meta property=\"og:type\" content=\"article\" \/>\n<meta property=\"og:title\" content=\"Journal Le P\u00e9lican - Actualit\u00e9 des entreprises\" \/>\n<meta property=\"og:description\" content=\"Le journal Le P\u00e9lican est un quotidien de Saint-Martin qui est vendu en kiosque sur l&rsquo;\u00eele et dans ses alentours. [&hellip;]\" \/>\n<meta property=\"og:url\" content=\"https:\/\/www.annonces-legales.org\/blog\/journal-le-pelican\/\" \/>\n<meta property=\"og:site_name\" content=\"Actualit\u00e9 des entreprises\" \/>\n<meta property=\"article:modified_time\" content=\"2022-01-26T10:53:23+00:00\" \/>\n<meta property=\"og:image\" content=\"https:\/\/www.annonces-legales.org\/blog\/wp-content\/uploads\/2021\/10\/Journal-Le-Pelican.png\" \/>\n\t<meta property=\"og:image:width\" content=\"350\" \/>\n\t<meta property=\"og:image:height\" content=\"76\" \/>\n\t<meta property=\"og:image:type\" content=\"image\/png\" \/>\n<meta name=\"twitter:card\" content=\"summary_large_image\" \/>\n<meta name=\"twitter:label1\" content=\"Dur\u00e9e de lecture estim\u00e9e\" \/>\n\t<meta name=\"twitter:data1\" content=\"2 minutes\" \/>\n<script type=\"application\/ld+json\" class=\"yoast-schema-graph\">{\"@context\":\"https:\/\/schema.org\",\"@graph\":[{\"@type\":\"WebPage\",\"@id\":\"https:\/\/www.annonces-legales.org\/blog\/journal-le-pelican\/\",\"url\":\"https:\/\/www.annonces-legales.org\/blog\/journal-le-pelican\/\",\"name\":\"Journal Le P\u00e9lican - Actualit\u00e9 des entreprises\",\"isPartOf\":{\"@id\":\"https:\/\/www.annonces-legales.org\/blog\/#website\"},\"primaryImageOfPage\":{\"@id\":\"https:\/\/www.annonces-legales.org\/blog\/journal-le-pelican\/#primaryimage\"},\"image\":{\"@id\":\"https:\/\/www.annonces-legales.org\/blog\/journal-le-pelican\/#primaryimage\"},\"thumbnailUrl\":\"https:\/\/www.annonces-legales.org\/blog\/wp-content\/uploads\/2021\/10\/Journal-Le-Pelican-300x65.png\",\"datePublished\":\"2021-10-01T15:39:23+00:00\",\"dateModified\":\"2022-01-26T10:53:23+00:00\",\"breadcrumb\":{\"@id\":\"https:\/\/www.annonces-legales.org\/blog\/journal-le-pelican\/#breadcrumb\"},\"inLanguage\":\"fr-FR\",\"potentialAction\":[{\"@type\":\"ReadAction\",\"target\":[\"https:\/\/www.annonces-legales.org\/blog\/journal-le-pelican\/\"]}]},{\"@type\":\"ImageObject\",\"inLanguage\":\"fr-FR\",\"@id\":\"https:\/\/www.annonces-legales.org\/blog\/journal-le-pelican\/#primaryimage\",\"url\":\"https:\/\/www.annonces-legales.org\/blog\/wp-content\/uploads\/2021\/10\/Journal-Le-Pelican.png\",\"contentUrl\":\"https:\/\/www.annonces-legales.org\/blog\/wp-content\/uploads\/2021\/10\/Journal-Le-Pelican.png\",\"width\":350,\"height\":76},{\"@type\":\"BreadcrumbList\",\"@id\":\"https:\/\/www.annonces-legales.org\/blog\/journal-le-pelican\/#breadcrumb\",\"itemListElement\":[{\"@type\":\"ListItem\",\"position\":1,\"name\":\"Accueil\",\"item\":\"https:\/\/www.annonces-legales.org\/blog\/\"},{\"@type\":\"ListItem\",\"position\":2,\"name\":\"Liste des journaux habilit\u00e9s \u00e0 publier des annonces l\u00e9gales\",\"item\":\"https:\/\/www.annonces-legales.org\/blog\/liste-des-journaux-habilites-a-publier-des-annonces-legales\/\"},{\"@type\":\"ListItem\",\"position\":3,\"name\":\"Journal Le P\u00e9lican\"}]},{\"@type\":\"WebSite\",\"@id\":\"https:\/\/www.annonces-legales.org\/blog\/#website\",\"url\":\"https:\/\/www.annonces-legales.org\/blog\/\",\"name\":\"Actualit\u00e9 des entreprises\",\"description\":\"\",\"publisher\":{\"@id\":\"https:\/\/www.annonces-legales.org\/blog\/#organization\"},\"potentialAction\":[{\"@type\":\"SearchAction\",\"target\":{\"@type\":\"EntryPoint\",\"urlTemplate\":\"https:\/\/www.annonces-legales.org\/blog\/?s={search_term_string}\"},\"query-input\":{\"@type\":\"PropertyValueSpecification\",\"valueRequired\":true,\"valueName\":\"search_term_string\"}}],\"inLanguage\":\"fr-FR\"},{\"@type\":\"Organization\",\"@id\":\"https:\/\/www.annonces-legales.org\/blog\/#organization\",\"name\":\"Actualit\u00e9 des entreprises\",\"url\":\"https:\/\/www.annonces-legales.org\/blog\/\",\"logo\":{\"@type\":\"ImageObject\",\"inLanguage\":\"fr-FR\",\"@id\":\"https:\/\/www.annonces-legales.org\/blog\/#\/schema\/logo\/image\/\",\"url\":\"https:\/\/www.annonces-legales.org\/blog\/wp-content\/uploads\/2023\/08\/annonces-legales.svg\",\"contentUrl\":\"https:\/\/www.annonces-legales.org\/blog\/wp-content\/uploads\/2023\/08\/annonces-legales.svg\",\"caption\":\"Actualit\u00e9 des entreprises\"},\"image\":{\"@id\":\"https:\/\/www.annonces-legales.org\/blog\/#\/schema\/logo\/image\/\"}}]}<\/script>\n<!-- \/ Yoast SEO plugin. -->","yoast_head_json":{"title":"Journal Le P\u00e9lican - Actualit\u00e9 des entreprises","robots":{"index":"index","follow":"follow","max-snippet":"max-snippet:-1","max-image-preview":"max-image-preview:large","max-video-preview":"max-video-preview:-1"},"canonical":"https:\/\/www.annonces-legales.org\/blog\/journal-le-pelican\/","og_locale":"fr_FR","og_type":"article","og_title":"Journal Le P\u00e9lican - Actualit\u00e9 des entreprises","og_description":"Le journal Le P\u00e9lican est un quotidien de Saint-Martin qui est vendu en kiosque sur l&rsquo;\u00eele et dans ses alentours. [&hellip;]","og_url":"https:\/\/www.annonces-legales.org\/blog\/journal-le-pelican\/","og_site_name":"Actualit\u00e9 des entreprises","article_modified_time":"2022-01-26T10:53:23+00:00","og_image":[{"width":350,"height":76,"url":"https:\/\/www.annonces-legales.org\/blog\/wp-content\/uploads\/2021\/10\/Journal-Le-Pelican.png","type":"image\/png"}],"twitter_card":"summary_large_image","twitter_misc":{"Dur\u00e9e de lecture estim\u00e9e":"2 minutes"},"schema":{"@context":"https:\/\/schema.org","@graph":[{"@type":"WebPage","@id":"https:\/\/www.annonces-legales.org\/blog\/journal-le-pelican\/","url":"https:\/\/www.annonces-legales.org\/blog\/journal-le-pelican\/","name":"Journal Le P\u00e9lican - Actualit\u00e9 des entreprises","isPartOf":{"@id":"https:\/\/www.annonces-legales.org\/blog\/#website"},"primaryImageOfPage":{"@id":"https:\/\/www.annonces-legales.org\/blog\/journal-le-pelican\/#primaryimage"},"image":{"@id":"https:\/\/www.annonces-legales.org\/blog\/journal-le-pelican\/#primaryimage"},"thumbnailUrl":"https:\/\/www.annonces-legales.org\/blog\/wp-content\/uploads\/2021\/10\/Journal-Le-Pelican-300x65.png","datePublished":"2021-10-01T15:39:23+00:00","dateModified":"2022-01-26T10:53:23+00:00","breadcrumb":{"@id":"https:\/\/www.annonces-legales.org\/blog\/journal-le-pelican\/#breadcrumb"},"inLanguage":"fr-FR","potentialAction":[{"@type":"ReadAction","target":["https:\/\/www.annonces-legales.org\/blog\/journal-le-pelican\/"]}]},{"@type":"ImageObject","inLanguage":"fr-FR","@id":"https:\/\/www.annonces-legales.org\/blog\/journal-le-pelican\/#primaryimage","url":"https:\/\/www.annonces-legales.org\/blog\/wp-content\/uploads\/2021\/10\/Journal-Le-Pelican.png","contentUrl":"https:\/\/www.annonces-legales.org\/blog\/wp-content\/uploads\/2021\/10\/Journal-Le-Pelican.png","width":350,"height":76},{"@type":"BreadcrumbList","@id":"https:\/\/www.annonces-legales.org\/blog\/journal-le-pelican\/#breadcrumb","itemListElement":[{"@type":"ListItem","position":1,"name":"Accueil","item":"https:\/\/www.annonces-legales.org\/blog\/"},{"@type":"ListItem","position":2,"name":"Liste des journaux habilit\u00e9s \u00e0 publier des annonces l\u00e9gales","item":"https:\/\/www.annonces-legales.org\/blog\/liste-des-journaux-habilites-a-publier-des-annonces-legales\/"},{"@type":"ListItem","position":3,"name":"Journal Le P\u00e9lican"}]},{"@type":"WebSite","@id":"https:\/\/www.annonces-legales.org\/blog\/#website","url":"https:\/\/www.annonces-legales.org\/blog\/","name":"Actualit\u00e9 des entreprises","description":"","publisher":{"@id":"https:\/\/www.annonces-legales.org\/blog\/#organization"},"potentialAction":[{"@type":"SearchAction","target":{"@type":"EntryPoint","urlTemplate":"https:\/\/www.annonces-legales.org\/blog\/?s={search_term_string}"},"query-input":{"@type":"PropertyValueSpecification","valueRequired":true,"valueName":"search_term_string"}}],"inLanguage":"fr-FR"},{"@type":"Organization","@id":"https:\/\/www.annonces-legales.org\/blog\/#organization","name":"Actualit\u00e9 des entreprises","url":"https:\/\/www.annonces-legales.org\/blog\/","logo":{"@type":"ImageObject","inLanguage":"fr-FR","@id":"https:\/\/www.annonces-legales.org\/blog\/#\/schema\/logo\/image\/","url":"https:\/\/www.annonces-legales.org\/blog\/wp-content\/uploads\/2023\/08\/annonces-legales.svg","contentUrl":"https:\/\/www.annonces-legales.org\/blog\/wp-content\/uploads\/2023\/08\/annonces-legales.svg","caption":"Actualit\u00e9 des entreprises"},"image":{"@id":"https:\/\/www.annonces-legales.org\/blog\/#\/schema\/logo\/image\/"}}]}},"_links":{"self":[{"href":"https:\/\/www.annonces-legales.org\/blog\/wp-json\/wp\/v2\/pages\/1054","targetHints":{"allow":["GET"]}}],"collection":[{"href":"https:\/\/www.annonces-legales.org\/blog\/wp-json\/wp\/v2\/pages"}],"about":[{"href":"https:\/\/www.annonces-legales.org\/blog\/wp-json\/wp\/v2\/types\/page"}],"author":[{"embeddable":true,"href":"https:\/\/www.annonces-legales.org\/blog\/wp-json\/wp\/v2\/users\/1"}],"replies":[{"embeddable":true,"href":"https:\/\/www.annonces-legales.org\/blog\/wp-json\/wp\/v2\/comments?post=1054"}],"version-history":[{"count":1,"href":"https:\/\/www.annonces-legales.org\/blog\/wp-json\/wp\/v2\/pages\/1054\/revisions"}],"predecessor-version":[{"id":1056,"href":"https:\/\/www.annonces-legales.org\/blog\/wp-json\/wp\/v2\/pages\/1054\/revisions\/1056"}],"up":[{"embeddable":true,"href":"https:\/\/www.annonces-legales.org\/blog\/wp-json\/wp\/v2\/pages\/351"}],"wp:attachment":[{"href":"https:\/\/www.annonces-legales.org\/blog\/wp-json\/wp\/v2\/media?parent=1054"}],"curies":[{"name":"wp","href":"https:\/\/api.w.org\/{rel}","templated":true}]}}