{"id":1060,"date":"2021-10-01T17:44:39","date_gmt":"2021-10-01T15:44:39","guid":{"rendered":"https:\/\/www.annonces-legales.org\/blog\/?page_id=1060"},"modified":"2022-01-26T12:09:57","modified_gmt":"2022-01-26T11:09:57","slug":"nouvelliste","status":"publish","type":"page","link":"https:\/\/www.annonces-legales.org\/blog\/nouvelliste\/","title":{"rendered":"Nouvelliste de Haute-Vienne"},"content":{"rendered":"<p>Le journal <strong>Le Nouvelliste de Haute-Vienne<\/strong> est un hebdomadaire dans les jours de parution et le jeudi. Il pr\u00e9sente l&rsquo;actualit\u00e9 sportive, \u00e9conomique, sociale et locale de la Haute-Vienne. Il est vendu 1,40 euros en kiosque. Il revendique pas loin de 16\u00a0000 lecteurs r\u00e9guliers. Le journal fait g\u00e9n\u00e9ralement une douzaine de pages. Le journal poss\u00e8de une page Facebook mais n&rsquo;a pas de site Web.<\/p>\n<p>Depuis 2007, le journal appartient \u00e0 la soci\u00e9t\u00e9 de presse Public Media.<\/p>\n<p>Les locaux du journal se situent \u00e0 Saint-Junien (87200) au 6 rue Jean-Jacques Rousseau. Le journal peut \u00eatre contact\u00e9 aux 03 84 97 32 32.<br \/>\nCe journal est officiel; il poss\u00e8de une certification de la part de la pr\u00e9fecture de la Haute-Vienne (87) afin de publier des annonces l\u00e9gales pour les entreprises et les individus du d\u00e9partement.<\/p>\n<br\/><br\/><div class=\"entry-content notopmargin\">\n\t<img decoding=\"async\" class=\"img-fluid fleft\" src=\"https:\/\/www.annonces-legales.org\/images\/rapide-economique-tout-departement.png\" alt=\"Journal d'annonce l\u00e9gale de la Haute-Vienne \"><a href=\"https:\/\/www.annonces-legales.org\/publication-annonce-legale.html\" class=\"button button-desc fright mtop30\"><div>Je publie<br> mon annonce<br> l\u00e9gale<\/div><span>dans un journal de la Haute-Vienne !<\/span><\/a>\n<\/div><div class=\"clrbth\"><\/div><br\/><br\/>\n<p>&nbsp;<\/p>\n<h2>Quels sont les supports autoris\u00e9s \u00e0 faire des annonces l\u00e9gales en Haute-Vienne 87 ?<\/h2>\n<p>Contrairement \u00e0 d&rsquo;autres d\u00e9partements qui ont un nombre important de journaux et de service de presse en ligne habilit\u00e9, la Haute-Vienne en a seulement 5 :<\/p>\n<ul>\n<li><a href=\"https:\/\/www.annonces-legales.org\/blog\/nouvelliste\/\">Le Nouvelliste<\/a><\/li>\n<li>La Nouvelle Abeille de Saint Junien<\/li>\n<li>Le Populaire du Centre \u00c9dition Haute Vienne<\/li>\n<li><a href=\"https:\/\/www.annonces-legales.org\/blog\/union-et-territoires\/\">Union &amp; Territoires<\/a><\/li>\n<li><em>terredactu.com<\/em><\/li>\n<\/ul>\n<p>&nbsp;<\/p>\n<h2>Quels est le co\u00fbt d&rsquo;une annonce l\u00e9gale de changement dans le d\u00e9partement 87 ?<\/h2>\n<p>Pour les annonces de changement, le prix \u00e0 la ligne a \u00e9t\u00e9 fix\u00e9 \u00e0 4,07 euro HT. Il fait partie des prix \u00e0 la ligne parmi les plus bas en France (par exemple <a href=\"https:\/\/www.annonces-legales.org\/publication-annonce-legale-paris.php\">Paris a un prix par ligne de 5,39 euros HT<\/a>).<\/p>\n<p>Pour avoir le prix de votre annonce en Haute-Vienne il faut multiplier le nombre de ligne par 4,07 euros.<\/p>\n<p>&nbsp;<\/p>\n<h2>Combien co\u00fbte un avis de constitution en Haute-Vienne ?<\/h2>\n<p>Comme pour l&rsquo;ensemble des d\u00e9partement fran\u00e7ais de m\u00e9tropole, les avis de constitution ont un prix fixe forfaitaire. Le prix d&rsquo;un avis de constitution sur Le Nouvelliste sera donc identique \u00e0 celui demand\u00e9 par d&rsquo;autres journaux de Haute Vienne. Plus d&rsquo;information sur <a href=\"https:\/\/www.annonces-legales.org\/blog\/avis-de-constitution\/\">les avis de constitution ici<\/a>.<\/p>\n","protected":false},"excerpt":{"rendered":"<p>Le journal Le Nouvelliste de Haute-Vienne est un hebdomadaire dans les jours de parution et le jeudi. Il pr\u00e9sente l&rsquo;actualit\u00e9 [&hellip;]<\/p>\n","protected":false},"author":1,"featured_media":0,"parent":351,"menu_order":0,"comment_status":"closed","ping_status":"closed","template":"","meta":{"inline_featured_image":false,"footnotes":""},"class_list":["post-1060","page","type-page","status-publish","hentry"],"yoast_head":"<!-- This site is optimized with the Yoast SEO plugin v26.8 - https:\/\/yoast.com\/product\/yoast-seo-wordpress\/ -->\n<title>Nouvelliste de Haute-Vienne - Actualit\u00e9 des entreprises<\/title>\n<meta name=\"robots\" content=\"index, follow, max-snippet:-1, max-image-preview:large, max-video-preview:-1\" \/>\n<link rel=\"canonical\" href=\"https:\/\/www.annonces-legales.org\/blog\/nouvelliste\/\" \/>\n<meta property=\"og:locale\" content=\"fr_FR\" \/>\n<meta property=\"og:type\" content=\"article\" \/>\n<meta property=\"og:title\" content=\"Nouvelliste de Haute-Vienne - Actualit\u00e9 des entreprises\" \/>\n<meta property=\"og:description\" content=\"Le journal Le Nouvelliste de Haute-Vienne est un hebdomadaire dans les jours de parution et le jeudi. Il pr\u00e9sente l&rsquo;actualit\u00e9 [&hellip;]\" \/>\n<meta property=\"og:url\" content=\"https:\/\/www.annonces-legales.org\/blog\/nouvelliste\/\" \/>\n<meta property=\"og:site_name\" content=\"Actualit\u00e9 des entreprises\" \/>\n<meta property=\"article:modified_time\" content=\"2022-01-26T11:09:57+00:00\" \/>\n<meta name=\"twitter:card\" content=\"summary_large_image\" \/>\n<meta name=\"twitter:label1\" content=\"Dur\u00e9e de lecture estim\u00e9e\" \/>\n\t<meta name=\"twitter:data1\" content=\"2 minutes\" \/>\n<script type=\"application\/ld+json\" class=\"yoast-schema-graph\">{\"@context\":\"https:\/\/schema.org\",\"@graph\":[{\"@type\":\"WebPage\",\"@id\":\"https:\/\/www.annonces-legales.org\/blog\/nouvelliste\/\",\"url\":\"https:\/\/www.annonces-legales.org\/blog\/nouvelliste\/\",\"name\":\"Nouvelliste de Haute-Vienne - Actualit\u00e9 des entreprises\",\"isPartOf\":{\"@id\":\"https:\/\/www.annonces-legales.org\/blog\/#website\"},\"datePublished\":\"2021-10-01T15:44:39+00:00\",\"dateModified\":\"2022-01-26T11:09:57+00:00\",\"breadcrumb\":{\"@id\":\"https:\/\/www.annonces-legales.org\/blog\/nouvelliste\/#breadcrumb\"},\"inLanguage\":\"fr-FR\",\"potentialAction\":[{\"@type\":\"ReadAction\",\"target\":[\"https:\/\/www.annonces-legales.org\/blog\/nouvelliste\/\"]}]},{\"@type\":\"BreadcrumbList\",\"@id\":\"https:\/\/www.annonces-legales.org\/blog\/nouvelliste\/#breadcrumb\",\"itemListElement\":[{\"@type\":\"ListItem\",\"position\":1,\"name\":\"Accueil\",\"item\":\"https:\/\/www.annonces-legales.org\/blog\/\"},{\"@type\":\"ListItem\",\"position\":2,\"name\":\"Liste des journaux habilit\u00e9s \u00e0 publier des annonces l\u00e9gales\",\"item\":\"https:\/\/www.annonces-legales.org\/blog\/liste-des-journaux-habilites-a-publier-des-annonces-legales\/\"},{\"@type\":\"ListItem\",\"position\":3,\"name\":\"Nouvelliste de Haute-Vienne\"}]},{\"@type\":\"WebSite\",\"@id\":\"https:\/\/www.annonces-legales.org\/blog\/#website\",\"url\":\"https:\/\/www.annonces-legales.org\/blog\/\",\"name\":\"Actualit\u00e9 des entreprises\",\"description\":\"\",\"publisher\":{\"@id\":\"https:\/\/www.annonces-legales.org\/blog\/#organization\"},\"potentialAction\":[{\"@type\":\"SearchAction\",\"target\":{\"@type\":\"EntryPoint\",\"urlTemplate\":\"https:\/\/www.annonces-legales.org\/blog\/?s={search_term_string}\"},\"query-input\":{\"@type\":\"PropertyValueSpecification\",\"valueRequired\":true,\"valueName\":\"search_term_string\"}}],\"inLanguage\":\"fr-FR\"},{\"@type\":\"Organization\",\"@id\":\"https:\/\/www.annonces-legales.org\/blog\/#organization\",\"name\":\"Actualit\u00e9 des entreprises\",\"url\":\"https:\/\/www.annonces-legales.org\/blog\/\",\"logo\":{\"@type\":\"ImageObject\",\"inLanguage\":\"fr-FR\",\"@id\":\"https:\/\/www.annonces-legales.org\/blog\/#\/schema\/logo\/image\/\",\"url\":\"https:\/\/www.annonces-legales.org\/blog\/wp-content\/uploads\/2023\/08\/annonces-legales.svg\",\"contentUrl\":\"https:\/\/www.annonces-legales.org\/blog\/wp-content\/uploads\/2023\/08\/annonces-legales.svg\",\"caption\":\"Actualit\u00e9 des entreprises\"},\"image\":{\"@id\":\"https:\/\/www.annonces-legales.org\/blog\/#\/schema\/logo\/image\/\"}}]}<\/script>\n<!-- \/ Yoast SEO plugin. -->","yoast_head_json":{"title":"Nouvelliste de Haute-Vienne - Actualit\u00e9 des entreprises","robots":{"index":"index","follow":"follow","max-snippet":"max-snippet:-1","max-image-preview":"max-image-preview:large","max-video-preview":"max-video-preview:-1"},"canonical":"https:\/\/www.annonces-legales.org\/blog\/nouvelliste\/","og_locale":"fr_FR","og_type":"article","og_title":"Nouvelliste de Haute-Vienne - Actualit\u00e9 des entreprises","og_description":"Le journal Le Nouvelliste de Haute-Vienne est un hebdomadaire dans les jours de parution et le jeudi. Il pr\u00e9sente l&rsquo;actualit\u00e9 [&hellip;]","og_url":"https:\/\/www.annonces-legales.org\/blog\/nouvelliste\/","og_site_name":"Actualit\u00e9 des entreprises","article_modified_time":"2022-01-26T11:09:57+00:00","twitter_card":"summary_large_image","twitter_misc":{"Dur\u00e9e de lecture estim\u00e9e":"2 minutes"},"schema":{"@context":"https:\/\/schema.org","@graph":[{"@type":"WebPage","@id":"https:\/\/www.annonces-legales.org\/blog\/nouvelliste\/","url":"https:\/\/www.annonces-legales.org\/blog\/nouvelliste\/","name":"Nouvelliste de Haute-Vienne - Actualit\u00e9 des entreprises","isPartOf":{"@id":"https:\/\/www.annonces-legales.org\/blog\/#website"},"datePublished":"2021-10-01T15:44:39+00:00","dateModified":"2022-01-26T11:09:57+00:00","breadcrumb":{"@id":"https:\/\/www.annonces-legales.org\/blog\/nouvelliste\/#breadcrumb"},"inLanguage":"fr-FR","potentialAction":[{"@type":"ReadAction","target":["https:\/\/www.annonces-legales.org\/blog\/nouvelliste\/"]}]},{"@type":"BreadcrumbList","@id":"https:\/\/www.annonces-legales.org\/blog\/nouvelliste\/#breadcrumb","itemListElement":[{"@type":"ListItem","position":1,"name":"Accueil","item":"https:\/\/www.annonces-legales.org\/blog\/"},{"@type":"ListItem","position":2,"name":"Liste des journaux habilit\u00e9s \u00e0 publier des annonces l\u00e9gales","item":"https:\/\/www.annonces-legales.org\/blog\/liste-des-journaux-habilites-a-publier-des-annonces-legales\/"},{"@type":"ListItem","position":3,"name":"Nouvelliste de Haute-Vienne"}]},{"@type":"WebSite","@id":"https:\/\/www.annonces-legales.org\/blog\/#website","url":"https:\/\/www.annonces-legales.org\/blog\/","name":"Actualit\u00e9 des entreprises","description":"","publisher":{"@id":"https:\/\/www.annonces-legales.org\/blog\/#organization"},"potentialAction":[{"@type":"SearchAction","target":{"@type":"EntryPoint","urlTemplate":"https:\/\/www.annonces-legales.org\/blog\/?s={search_term_string}"},"query-input":{"@type":"PropertyValueSpecification","valueRequired":true,"valueName":"search_term_string"}}],"inLanguage":"fr-FR"},{"@type":"Organization","@id":"https:\/\/www.annonces-legales.org\/blog\/#organization","name":"Actualit\u00e9 des entreprises","url":"https:\/\/www.annonces-legales.org\/blog\/","logo":{"@type":"ImageObject","inLanguage":"fr-FR","@id":"https:\/\/www.annonces-legales.org\/blog\/#\/schema\/logo\/image\/","url":"https:\/\/www.annonces-legales.org\/blog\/wp-content\/uploads\/2023\/08\/annonces-legales.svg","contentUrl":"https:\/\/www.annonces-legales.org\/blog\/wp-content\/uploads\/2023\/08\/annonces-legales.svg","caption":"Actualit\u00e9 des entreprises"},"image":{"@id":"https:\/\/www.annonces-legales.org\/blog\/#\/schema\/logo\/image\/"}}]}},"_links":{"self":[{"href":"https:\/\/www.annonces-legales.org\/blog\/wp-json\/wp\/v2\/pages\/1060","targetHints":{"allow":["GET"]}}],"collection":[{"href":"https:\/\/www.annonces-legales.org\/blog\/wp-json\/wp\/v2\/pages"}],"about":[{"href":"https:\/\/www.annonces-legales.org\/blog\/wp-json\/wp\/v2\/types\/page"}],"author":[{"embeddable":true,"href":"https:\/\/www.annonces-legales.org\/blog\/wp-json\/wp\/v2\/users\/1"}],"replies":[{"embeddable":true,"href":"https:\/\/www.annonces-legales.org\/blog\/wp-json\/wp\/v2\/comments?post=1060"}],"version-history":[{"count":4,"href":"https:\/\/www.annonces-legales.org\/blog\/wp-json\/wp\/v2\/pages\/1060\/revisions"}],"predecessor-version":[{"id":1475,"href":"https:\/\/www.annonces-legales.org\/blog\/wp-json\/wp\/v2\/pages\/1060\/revisions\/1475"}],"up":[{"embeddable":true,"href":"https:\/\/www.annonces-legales.org\/blog\/wp-json\/wp\/v2\/pages\/351"}],"wp:attachment":[{"href":"https:\/\/www.annonces-legales.org\/blog\/wp-json\/wp\/v2\/media?parent=1060"}],"curies":[{"name":"wp","href":"https:\/\/api.w.org\/{rel}","templated":true}]}}