{"id":1066,"date":"2021-10-01T17:47:19","date_gmt":"2021-10-01T15:47:19","guid":{"rendered":"https:\/\/www.annonces-legales.org\/blog\/?page_id=1066"},"modified":"2022-01-26T11:36:34","modified_gmt":"2022-01-26T10:36:34","slug":"avenir-agricole-et-rural-de-la-haute-marne","status":"publish","type":"page","link":"https:\/\/www.annonces-legales.org\/blog\/avenir-agricole-et-rural-de-la-haute-marne\/","title":{"rendered":"Avenir agricole et rural de la Haute-Marne"},"content":{"rendered":"<p><img loading=\"lazy\" decoding=\"async\" class=\"aligncenter size-medium wp-image-1067\" src=\"https:\/\/www.annonces-legales.org\/blog\/wp-content\/uploads\/2021\/10\/Avenir-agricole-et-rural-de-la-Haute-Marne-300x31.png\" alt=\"\" width=\"300\" height=\"31\" srcset=\"https:\/\/www.annonces-legales.org\/blog\/wp-content\/uploads\/2021\/10\/Avenir-agricole-et-rural-de-la-Haute-Marne-300x31.png 300w, https:\/\/www.annonces-legales.org\/blog\/wp-content\/uploads\/2021\/10\/Avenir-agricole-et-rural-de-la-Haute-Marne-1024x107.png 1024w, https:\/\/www.annonces-legales.org\/blog\/wp-content\/uploads\/2021\/10\/Avenir-agricole-et-rural-de-la-Haute-Marne-768x80.png 768w, https:\/\/www.annonces-legales.org\/blog\/wp-content\/uploads\/2021\/10\/Avenir-agricole-et-rural-de-la-Haute-Marne-1200x126.png 1200w, https:\/\/www.annonces-legales.org\/blog\/wp-content\/uploads\/2021\/10\/Avenir-agricole-et-rural-de-la-Haute-Marne.png 1396w\" sizes=\"auto, (max-width: 300px) 100vw, 300px\" \/><\/p>\n<p>Le journal d&rsquo;annonce l\u00e9gale l&rsquo;<strong>Avenir agricole et rural de la Haute-Marne<\/strong> est un hebdomadaire dont le jour de parution et le vendredi.<br \/>\nIl est habilit\u00e9 pour effectuer des annonces l\u00e9gales dans le d\u00e9partement de la Haute-Marne (52).<br \/>\nLe journal propose des informations et des actualit\u00e9s sur le monde rural et agricole de la Haute-Marne. Le journal fait une vingtaine de pages et il est enti\u00e8rement en couleur. L&rsquo;Avenir agricole et rural de la Haute-Marne existe depuis plus de 50 ans. Il a d\u00e9j\u00e0 d\u00e9pass\u00e9 le num\u00e9ro 2600.<br \/>\nLe journal est imprim\u00e9 apr\u00e8s 2700 exemplaires chaque semaine. La majorit\u00e9 de son lectorat est compos\u00e9e d&rsquo;exploitants ou de salari\u00e9s d&rsquo;exploitations agricoles. Ce journal, comme beaucoup d&rsquo;autres journaux agricoles, est rattach\u00e9 au syndicat SNPAR.<\/p>\n<p>Le journal l&rsquo;Avenir agricole et rural de la Haute-Marne et la propri\u00e9t\u00e9 de la soci\u00e9t\u00e9 sp\u00e9cialis\u00e9e dans la presse agricole et rurale R\u00e9ussir.<\/p>\n<p>Les locaux de cet hebdomadaire sont localis\u00e9s \u00e0 la maison de l&rsquo;agriculture \u00e0 Chaumont (52011).<\/p>\n<h2>Vous voulez faire des annonces l\u00e9gales dans dans un JAL de la Haute-Marne ?<\/h2>\n<p>Vous pouvez faire un devis sans inscription pour votre publicit\u00e9 l\u00e9gale sur notre site web et ainsi profiter des meilleurs prix possibles.<\/p>\n<br\/><br\/><div class=\"entry-content notopmargin\">\n\t<img decoding=\"async\" class=\"img-fluid fleft\" src=\"https:\/\/www.annonces-legales.org\/images\/rapide-economique-tout-departement.png\" alt=\"Journal d'annonce l\u00e9gale  de la Haute Marne \"><a href=\"https:\/\/www.annonces-legales.org\/publication-annonce-legale.html\" class=\"button button-desc fright mtop30\"><div>Je publie<br> mon annonce<br> l\u00e9gale<\/div><span>dans un journal  de la Haute Marne !<\/span><\/a>\n<\/div><div class=\"clrbth\"><\/div><br\/><br\/>\n","protected":false},"excerpt":{"rendered":"<p>Le journal d&rsquo;annonce l\u00e9gale l&rsquo;Avenir agricole et rural de la Haute-Marne est un hebdomadaire dont le jour de parution et [&hellip;]<\/p>\n","protected":false},"author":1,"featured_media":0,"parent":351,"menu_order":0,"comment_status":"closed","ping_status":"closed","template":"","meta":{"inline_featured_image":false,"footnotes":""},"class_list":["post-1066","page","type-page","status-publish","hentry"],"yoast_head":"<!-- This site is optimized with the Yoast SEO plugin v26.8 - https:\/\/yoast.com\/product\/yoast-seo-wordpress\/ -->\n<title>Avenir agricole et rural de la Haute-Marne - Actualit\u00e9 des entreprises<\/title>\n<meta name=\"robots\" content=\"index, follow, max-snippet:-1, max-image-preview:large, max-video-preview:-1\" \/>\n<link rel=\"canonical\" href=\"https:\/\/www.annonces-legales.org\/blog\/avenir-agricole-et-rural-de-la-haute-marne\/\" \/>\n<meta property=\"og:locale\" content=\"fr_FR\" \/>\n<meta property=\"og:type\" content=\"article\" \/>\n<meta property=\"og:title\" content=\"Avenir agricole et rural de la Haute-Marne - Actualit\u00e9 des entreprises\" \/>\n<meta property=\"og:description\" content=\"Le journal d&rsquo;annonce l\u00e9gale l&rsquo;Avenir agricole et rural de la Haute-Marne est un hebdomadaire dont le jour de parution et [&hellip;]\" \/>\n<meta property=\"og:url\" content=\"https:\/\/www.annonces-legales.org\/blog\/avenir-agricole-et-rural-de-la-haute-marne\/\" \/>\n<meta property=\"og:site_name\" content=\"Actualit\u00e9 des entreprises\" \/>\n<meta property=\"article:modified_time\" content=\"2022-01-26T10:36:34+00:00\" \/>\n<meta property=\"og:image\" content=\"https:\/\/www.annonces-legales.org\/blog\/wp-content\/uploads\/2021\/10\/Avenir-agricole-et-rural-de-la-Haute-Marne.png\" \/>\n\t<meta property=\"og:image:width\" content=\"1396\" \/>\n\t<meta property=\"og:image:height\" content=\"146\" \/>\n\t<meta property=\"og:image:type\" content=\"image\/png\" \/>\n<meta name=\"twitter:card\" content=\"summary_large_image\" \/>\n<meta name=\"twitter:label1\" content=\"Dur\u00e9e de lecture estim\u00e9e\" \/>\n\t<meta name=\"twitter:data1\" content=\"1 minute\" \/>\n<script type=\"application\/ld+json\" class=\"yoast-schema-graph\">{\"@context\":\"https:\/\/schema.org\",\"@graph\":[{\"@type\":\"WebPage\",\"@id\":\"https:\/\/www.annonces-legales.org\/blog\/avenir-agricole-et-rural-de-la-haute-marne\/\",\"url\":\"https:\/\/www.annonces-legales.org\/blog\/avenir-agricole-et-rural-de-la-haute-marne\/\",\"name\":\"Avenir agricole et rural de la Haute-Marne - Actualit\u00e9 des entreprises\",\"isPartOf\":{\"@id\":\"https:\/\/www.annonces-legales.org\/blog\/#website\"},\"primaryImageOfPage\":{\"@id\":\"https:\/\/www.annonces-legales.org\/blog\/avenir-agricole-et-rural-de-la-haute-marne\/#primaryimage\"},\"image\":{\"@id\":\"https:\/\/www.annonces-legales.org\/blog\/avenir-agricole-et-rural-de-la-haute-marne\/#primaryimage\"},\"thumbnailUrl\":\"https:\/\/www.annonces-legales.org\/blog\/wp-content\/uploads\/2021\/10\/Avenir-agricole-et-rural-de-la-Haute-Marne-300x31.png\",\"datePublished\":\"2021-10-01T15:47:19+00:00\",\"dateModified\":\"2022-01-26T10:36:34+00:00\",\"breadcrumb\":{\"@id\":\"https:\/\/www.annonces-legales.org\/blog\/avenir-agricole-et-rural-de-la-haute-marne\/#breadcrumb\"},\"inLanguage\":\"fr-FR\",\"potentialAction\":[{\"@type\":\"ReadAction\",\"target\":[\"https:\/\/www.annonces-legales.org\/blog\/avenir-agricole-et-rural-de-la-haute-marne\/\"]}]},{\"@type\":\"ImageObject\",\"inLanguage\":\"fr-FR\",\"@id\":\"https:\/\/www.annonces-legales.org\/blog\/avenir-agricole-et-rural-de-la-haute-marne\/#primaryimage\",\"url\":\"https:\/\/www.annonces-legales.org\/blog\/wp-content\/uploads\/2021\/10\/Avenir-agricole-et-rural-de-la-Haute-Marne.png\",\"contentUrl\":\"https:\/\/www.annonces-legales.org\/blog\/wp-content\/uploads\/2021\/10\/Avenir-agricole-et-rural-de-la-Haute-Marne.png\",\"width\":1396,\"height\":146},{\"@type\":\"BreadcrumbList\",\"@id\":\"https:\/\/www.annonces-legales.org\/blog\/avenir-agricole-et-rural-de-la-haute-marne\/#breadcrumb\",\"itemListElement\":[{\"@type\":\"ListItem\",\"position\":1,\"name\":\"Accueil\",\"item\":\"https:\/\/www.annonces-legales.org\/blog\/\"},{\"@type\":\"ListItem\",\"position\":2,\"name\":\"Liste des journaux habilit\u00e9s \u00e0 publier des annonces l\u00e9gales\",\"item\":\"https:\/\/www.annonces-legales.org\/blog\/liste-des-journaux-habilites-a-publier-des-annonces-legales\/\"},{\"@type\":\"ListItem\",\"position\":3,\"name\":\"Avenir agricole et rural de la Haute-Marne\"}]},{\"@type\":\"WebSite\",\"@id\":\"https:\/\/www.annonces-legales.org\/blog\/#website\",\"url\":\"https:\/\/www.annonces-legales.org\/blog\/\",\"name\":\"Actualit\u00e9 des entreprises\",\"description\":\"\",\"publisher\":{\"@id\":\"https:\/\/www.annonces-legales.org\/blog\/#organization\"},\"potentialAction\":[{\"@type\":\"SearchAction\",\"target\":{\"@type\":\"EntryPoint\",\"urlTemplate\":\"https:\/\/www.annonces-legales.org\/blog\/?s={search_term_string}\"},\"query-input\":{\"@type\":\"PropertyValueSpecification\",\"valueRequired\":true,\"valueName\":\"search_term_string\"}}],\"inLanguage\":\"fr-FR\"},{\"@type\":\"Organization\",\"@id\":\"https:\/\/www.annonces-legales.org\/blog\/#organization\",\"name\":\"Actualit\u00e9 des entreprises\",\"url\":\"https:\/\/www.annonces-legales.org\/blog\/\",\"logo\":{\"@type\":\"ImageObject\",\"inLanguage\":\"fr-FR\",\"@id\":\"https:\/\/www.annonces-legales.org\/blog\/#\/schema\/logo\/image\/\",\"url\":\"https:\/\/www.annonces-legales.org\/blog\/wp-content\/uploads\/2023\/08\/annonces-legales.svg\",\"contentUrl\":\"https:\/\/www.annonces-legales.org\/blog\/wp-content\/uploads\/2023\/08\/annonces-legales.svg\",\"caption\":\"Actualit\u00e9 des entreprises\"},\"image\":{\"@id\":\"https:\/\/www.annonces-legales.org\/blog\/#\/schema\/logo\/image\/\"}}]}<\/script>\n<!-- \/ Yoast SEO plugin. -->","yoast_head_json":{"title":"Avenir agricole et rural de la Haute-Marne - Actualit\u00e9 des entreprises","robots":{"index":"index","follow":"follow","max-snippet":"max-snippet:-1","max-image-preview":"max-image-preview:large","max-video-preview":"max-video-preview:-1"},"canonical":"https:\/\/www.annonces-legales.org\/blog\/avenir-agricole-et-rural-de-la-haute-marne\/","og_locale":"fr_FR","og_type":"article","og_title":"Avenir agricole et rural de la Haute-Marne - Actualit\u00e9 des entreprises","og_description":"Le journal d&rsquo;annonce l\u00e9gale l&rsquo;Avenir agricole et rural de la Haute-Marne est un hebdomadaire dont le jour de parution et [&hellip;]","og_url":"https:\/\/www.annonces-legales.org\/blog\/avenir-agricole-et-rural-de-la-haute-marne\/","og_site_name":"Actualit\u00e9 des entreprises","article_modified_time":"2022-01-26T10:36:34+00:00","og_image":[{"width":1396,"height":146,"url":"https:\/\/www.annonces-legales.org\/blog\/wp-content\/uploads\/2021\/10\/Avenir-agricole-et-rural-de-la-Haute-Marne.png","type":"image\/png"}],"twitter_card":"summary_large_image","twitter_misc":{"Dur\u00e9e de lecture estim\u00e9e":"1 minute"},"schema":{"@context":"https:\/\/schema.org","@graph":[{"@type":"WebPage","@id":"https:\/\/www.annonces-legales.org\/blog\/avenir-agricole-et-rural-de-la-haute-marne\/","url":"https:\/\/www.annonces-legales.org\/blog\/avenir-agricole-et-rural-de-la-haute-marne\/","name":"Avenir agricole et rural de la Haute-Marne - Actualit\u00e9 des entreprises","isPartOf":{"@id":"https:\/\/www.annonces-legales.org\/blog\/#website"},"primaryImageOfPage":{"@id":"https:\/\/www.annonces-legales.org\/blog\/avenir-agricole-et-rural-de-la-haute-marne\/#primaryimage"},"image":{"@id":"https:\/\/www.annonces-legales.org\/blog\/avenir-agricole-et-rural-de-la-haute-marne\/#primaryimage"},"thumbnailUrl":"https:\/\/www.annonces-legales.org\/blog\/wp-content\/uploads\/2021\/10\/Avenir-agricole-et-rural-de-la-Haute-Marne-300x31.png","datePublished":"2021-10-01T15:47:19+00:00","dateModified":"2022-01-26T10:36:34+00:00","breadcrumb":{"@id":"https:\/\/www.annonces-legales.org\/blog\/avenir-agricole-et-rural-de-la-haute-marne\/#breadcrumb"},"inLanguage":"fr-FR","potentialAction":[{"@type":"ReadAction","target":["https:\/\/www.annonces-legales.org\/blog\/avenir-agricole-et-rural-de-la-haute-marne\/"]}]},{"@type":"ImageObject","inLanguage":"fr-FR","@id":"https:\/\/www.annonces-legales.org\/blog\/avenir-agricole-et-rural-de-la-haute-marne\/#primaryimage","url":"https:\/\/www.annonces-legales.org\/blog\/wp-content\/uploads\/2021\/10\/Avenir-agricole-et-rural-de-la-Haute-Marne.png","contentUrl":"https:\/\/www.annonces-legales.org\/blog\/wp-content\/uploads\/2021\/10\/Avenir-agricole-et-rural-de-la-Haute-Marne.png","width":1396,"height":146},{"@type":"BreadcrumbList","@id":"https:\/\/www.annonces-legales.org\/blog\/avenir-agricole-et-rural-de-la-haute-marne\/#breadcrumb","itemListElement":[{"@type":"ListItem","position":1,"name":"Accueil","item":"https:\/\/www.annonces-legales.org\/blog\/"},{"@type":"ListItem","position":2,"name":"Liste des journaux habilit\u00e9s \u00e0 publier des annonces l\u00e9gales","item":"https:\/\/www.annonces-legales.org\/blog\/liste-des-journaux-habilites-a-publier-des-annonces-legales\/"},{"@type":"ListItem","position":3,"name":"Avenir agricole et rural de la Haute-Marne"}]},{"@type":"WebSite","@id":"https:\/\/www.annonces-legales.org\/blog\/#website","url":"https:\/\/www.annonces-legales.org\/blog\/","name":"Actualit\u00e9 des entreprises","description":"","publisher":{"@id":"https:\/\/www.annonces-legales.org\/blog\/#organization"},"potentialAction":[{"@type":"SearchAction","target":{"@type":"EntryPoint","urlTemplate":"https:\/\/www.annonces-legales.org\/blog\/?s={search_term_string}"},"query-input":{"@type":"PropertyValueSpecification","valueRequired":true,"valueName":"search_term_string"}}],"inLanguage":"fr-FR"},{"@type":"Organization","@id":"https:\/\/www.annonces-legales.org\/blog\/#organization","name":"Actualit\u00e9 des entreprises","url":"https:\/\/www.annonces-legales.org\/blog\/","logo":{"@type":"ImageObject","inLanguage":"fr-FR","@id":"https:\/\/www.annonces-legales.org\/blog\/#\/schema\/logo\/image\/","url":"https:\/\/www.annonces-legales.org\/blog\/wp-content\/uploads\/2023\/08\/annonces-legales.svg","contentUrl":"https:\/\/www.annonces-legales.org\/blog\/wp-content\/uploads\/2023\/08\/annonces-legales.svg","caption":"Actualit\u00e9 des entreprises"},"image":{"@id":"https:\/\/www.annonces-legales.org\/blog\/#\/schema\/logo\/image\/"}}]}},"_links":{"self":[{"href":"https:\/\/www.annonces-legales.org\/blog\/wp-json\/wp\/v2\/pages\/1066","targetHints":{"allow":["GET"]}}],"collection":[{"href":"https:\/\/www.annonces-legales.org\/blog\/wp-json\/wp\/v2\/pages"}],"about":[{"href":"https:\/\/www.annonces-legales.org\/blog\/wp-json\/wp\/v2\/types\/page"}],"author":[{"embeddable":true,"href":"https:\/\/www.annonces-legales.org\/blog\/wp-json\/wp\/v2\/users\/1"}],"replies":[{"embeddable":true,"href":"https:\/\/www.annonces-legales.org\/blog\/wp-json\/wp\/v2\/comments?post=1066"}],"version-history":[{"count":4,"href":"https:\/\/www.annonces-legales.org\/blog\/wp-json\/wp\/v2\/pages\/1066\/revisions"}],"predecessor-version":[{"id":2349,"href":"https:\/\/www.annonces-legales.org\/blog\/wp-json\/wp\/v2\/pages\/1066\/revisions\/2349"}],"up":[{"embeddable":true,"href":"https:\/\/www.annonces-legales.org\/blog\/wp-json\/wp\/v2\/pages\/351"}],"wp:attachment":[{"href":"https:\/\/www.annonces-legales.org\/blog\/wp-json\/wp\/v2\/media?parent=1066"}],"curies":[{"name":"wp","href":"https:\/\/api.w.org\/{rel}","templated":true}]}}