{"id":1078,"date":"2021-10-01T17:55:42","date_gmt":"2021-10-01T15:55:42","guid":{"rendered":"https:\/\/www.annonces-legales.org\/blog\/?page_id=1078"},"modified":"2022-01-26T12:12:42","modified_gmt":"2022-01-26T11:12:42","slug":"presse-de-vesoul","status":"publish","type":"page","link":"https:\/\/www.annonces-legales.org\/blog\/presse-de-vesoul\/","title":{"rendered":"Presse de Vesoul"},"content":{"rendered":"<p><img loading=\"lazy\" decoding=\"async\" class=\"aligncenter size-medium wp-image-1079\" src=\"https:\/\/www.annonces-legales.org\/blog\/wp-content\/uploads\/2021\/10\/Presse-de-Vesoul-300x51.png\" alt=\"\" width=\"300\" height=\"51\" srcset=\"https:\/\/www.annonces-legales.org\/blog\/wp-content\/uploads\/2021\/10\/Presse-de-Vesoul-300x51.png 300w, https:\/\/www.annonces-legales.org\/blog\/wp-content\/uploads\/2021\/10\/Presse-de-Vesoul.png 400w\" sizes=\"auto, (max-width: 300px) 100vw, 300px\" \/><\/p>\n<p>La<strong> Presse de Vesoul<\/strong> est un journal qui para\u00eet chaque jeudi dans les kiosques de Haute Sa\u00f4ne. Il propose des actualit\u00e9s sur Vesoul et sur les villes environnantes.<br \/>\nLe journal, vendu aujourd&rsquo;hui 1,70 euro, a \u00e9t\u00e9 fond\u00e9 en 1981. Il publie \u00e9galement un magazine appel\u00e9 \u00ab\u00a0Valeur \u00e9conomique\u00a0\u00bb \u00e0 destination des chefs d&rsquo;entreprise. Il publie aussi 2 autres hors-s\u00e9rie: \u00ab Le journal du b\u00e2timent et des travaux publics \u00bb et \u00ab Les acteurs de la sant\u00e9 \u00bb.<br \/>\nLe journal est imprim\u00e9 chaque semaine \u00e0 environ 5500 exemplaires.<\/p>\n<p>C&rsquo;est un hebdomadaire autoris\u00e9 \u00e0 faire des annonces l\u00e9gales pour le d\u00e9partement de la Haute Sa\u00f4ne.<\/p>\n<p><strong>Adresse du journal<\/strong> : 40, Rue Paul Morel, Vezoul (70000).<\/p>\n<p>&nbsp;<\/p>\n<br\/><br\/><div class=\"entry-content notopmargin\">\n\t<img decoding=\"async\" class=\"img-fluid fleft\" src=\"https:\/\/www.annonces-legales.org\/images\/rapide-economique-tout-departement.png\" alt=\"Journal d'annonce l\u00e9gale JAL de Haute Sa\u00f4ne \"><a href=\"https:\/\/www.annonces-legales.org\/publication-annonce-legale.html\" class=\"button button-desc fright mtop30\"><div>Je publie<br> mon annonce<br> l\u00e9gale<\/div><span>dans un journal JAL de Haute Sa\u00f4ne !<\/span><\/a>\n<\/div><div class=\"clrbth\"><\/div><br\/><br\/>\n<p>&nbsp;<\/p>\n<h2>Site web de La Presse de Vesoul<\/h2>\n<p><img loading=\"lazy\" decoding=\"async\" class=\"aligncenter size-full wp-image-1468\" src=\"https:\/\/www.annonces-legales.org\/blog\/wp-content\/uploads\/2021\/10\/site-presse-de-vesoul.jpg\" alt=\"\" width=\"700\" height=\"502\" srcset=\"https:\/\/www.annonces-legales.org\/blog\/wp-content\/uploads\/2021\/10\/site-presse-de-vesoul.jpg 700w, https:\/\/www.annonces-legales.org\/blog\/wp-content\/uploads\/2021\/10\/site-presse-de-vesoul-300x215.jpg 300w\" sizes=\"auto, (max-width: 700px) 100vw, 700px\" \/><\/p>\n<p>Le site internet du journal est aussi une source d&rsquo;information importante pour les v\u00e9suliens, m\u00eame s&rsquo;il ne sont pas abonn\u00e9s.<br \/>\nEn effet, le site du journal publie de nombreuses informations locales et gratuites.<\/p>\n<p>Ce site web propose \u00e9galement de soumettre une information locale au journal, qui pourra faire un article \u00e0 partir de cette information.<\/p>\n<p>Une rubrique existe \u00e9galement pour lire ou d\u00e9poser des petites annonces ou des annonces l\u00e9gales.<\/p>\n<p>&nbsp;<\/p>\n<h2>Formules d&rsquo;abonnement au journal<\/h2>\n<p>Pour pouvoir lire le journal, les v\u00e9suliens peuvent souscrire \u00e0 3 offres :<\/p>\n<ul>\n<li>Offre papier : 7 euros par mois mensuel ou 76 euros par an<\/li>\n<li>Offre num\u00e9rique: 5 euros par mois ou 48 euros par an<\/li>\n<li>Offre \u00ab\u00a0duo\u00a0\u00bb : 8 euros par mois ou 85 euros par an<\/li>\n<\/ul>\n<p>&nbsp;<\/p>\n<h2>Quels sont les types d&rsquo;entreprise de Haute-Sa\u00f4ne qui ont l&rsquo;obligation de publier des annonces l\u00e9gales et judiciaires ?<\/h2>\n<p>Les annonces l\u00e9gales sont une n\u00e9cessit\u00e9 pour toutes les soci\u00e9t\u00e9s enregistr\u00e9es dans la Haute-Sa\u00f4ne (SARL, EURL, SCI, SCM, SCPI, SCCV, SCI\u2026).<br \/>\nCette formalit\u00e9 ne doit par contre pas \u00eatre faite par les auto-entreprises ou les microentreprises. Les \u00e9tablissements qui ne poss\u00e8dent pas de statuts juridique \u00e9crits n&rsquo;ont pas la n\u00e9cessit\u00e9 d&rsquo;effectuer ces annonces.<\/p>\n<p>&nbsp;<\/p>\n","protected":false},"excerpt":{"rendered":"<p>La Presse de Vesoul est un journal qui para\u00eet chaque jeudi dans les kiosques de Haute Sa\u00f4ne. Il propose des [&hellip;]<\/p>\n","protected":false},"author":1,"featured_media":0,"parent":351,"menu_order":0,"comment_status":"closed","ping_status":"closed","template":"","meta":{"inline_featured_image":false,"footnotes":""},"class_list":["post-1078","page","type-page","status-publish","hentry"],"yoast_head":"<!-- This site is optimized with the Yoast SEO plugin v26.8 - https:\/\/yoast.com\/product\/yoast-seo-wordpress\/ -->\n<title>Presse de Vesoul - Actualit\u00e9 des entreprises<\/title>\n<meta name=\"robots\" content=\"index, follow, max-snippet:-1, max-image-preview:large, max-video-preview:-1\" \/>\n<link rel=\"canonical\" href=\"https:\/\/www.annonces-legales.org\/blog\/presse-de-vesoul\/\" \/>\n<meta property=\"og:locale\" content=\"fr_FR\" \/>\n<meta property=\"og:type\" content=\"article\" \/>\n<meta property=\"og:title\" content=\"Presse de Vesoul - Actualit\u00e9 des entreprises\" \/>\n<meta property=\"og:description\" content=\"La Presse de Vesoul est un journal qui para\u00eet chaque jeudi dans les kiosques de Haute Sa\u00f4ne. Il propose des [&hellip;]\" \/>\n<meta property=\"og:url\" content=\"https:\/\/www.annonces-legales.org\/blog\/presse-de-vesoul\/\" \/>\n<meta property=\"og:site_name\" content=\"Actualit\u00e9 des entreprises\" \/>\n<meta property=\"article:modified_time\" content=\"2022-01-26T11:12:42+00:00\" \/>\n<meta property=\"og:image\" content=\"https:\/\/www.annonces-legales.org\/blog\/wp-content\/uploads\/2021\/10\/Presse-de-Vesoul.png\" \/>\n\t<meta property=\"og:image:width\" content=\"400\" \/>\n\t<meta property=\"og:image:height\" content=\"68\" \/>\n\t<meta property=\"og:image:type\" content=\"image\/png\" \/>\n<meta name=\"twitter:card\" content=\"summary_large_image\" \/>\n<meta name=\"twitter:label1\" content=\"Dur\u00e9e de lecture estim\u00e9e\" \/>\n\t<meta name=\"twitter:data1\" content=\"2 minutes\" \/>\n<script type=\"application\/ld+json\" class=\"yoast-schema-graph\">{\"@context\":\"https:\/\/schema.org\",\"@graph\":[{\"@type\":\"WebPage\",\"@id\":\"https:\/\/www.annonces-legales.org\/blog\/presse-de-vesoul\/\",\"url\":\"https:\/\/www.annonces-legales.org\/blog\/presse-de-vesoul\/\",\"name\":\"Presse de Vesoul - Actualit\u00e9 des entreprises\",\"isPartOf\":{\"@id\":\"https:\/\/www.annonces-legales.org\/blog\/#website\"},\"primaryImageOfPage\":{\"@id\":\"https:\/\/www.annonces-legales.org\/blog\/presse-de-vesoul\/#primaryimage\"},\"image\":{\"@id\":\"https:\/\/www.annonces-legales.org\/blog\/presse-de-vesoul\/#primaryimage\"},\"thumbnailUrl\":\"https:\/\/www.annonces-legales.org\/blog\/wp-content\/uploads\/2021\/10\/Presse-de-Vesoul-300x51.png\",\"datePublished\":\"2021-10-01T15:55:42+00:00\",\"dateModified\":\"2022-01-26T11:12:42+00:00\",\"breadcrumb\":{\"@id\":\"https:\/\/www.annonces-legales.org\/blog\/presse-de-vesoul\/#breadcrumb\"},\"inLanguage\":\"fr-FR\",\"potentialAction\":[{\"@type\":\"ReadAction\",\"target\":[\"https:\/\/www.annonces-legales.org\/blog\/presse-de-vesoul\/\"]}]},{\"@type\":\"ImageObject\",\"inLanguage\":\"fr-FR\",\"@id\":\"https:\/\/www.annonces-legales.org\/blog\/presse-de-vesoul\/#primaryimage\",\"url\":\"https:\/\/www.annonces-legales.org\/blog\/wp-content\/uploads\/2021\/10\/Presse-de-Vesoul.png\",\"contentUrl\":\"https:\/\/www.annonces-legales.org\/blog\/wp-content\/uploads\/2021\/10\/Presse-de-Vesoul.png\",\"width\":400,\"height\":68},{\"@type\":\"BreadcrumbList\",\"@id\":\"https:\/\/www.annonces-legales.org\/blog\/presse-de-vesoul\/#breadcrumb\",\"itemListElement\":[{\"@type\":\"ListItem\",\"position\":1,\"name\":\"Accueil\",\"item\":\"https:\/\/www.annonces-legales.org\/blog\/\"},{\"@type\":\"ListItem\",\"position\":2,\"name\":\"Liste des journaux habilit\u00e9s \u00e0 publier des annonces l\u00e9gales\",\"item\":\"https:\/\/www.annonces-legales.org\/blog\/liste-des-journaux-habilites-a-publier-des-annonces-legales\/\"},{\"@type\":\"ListItem\",\"position\":3,\"name\":\"Presse de Vesoul\"}]},{\"@type\":\"WebSite\",\"@id\":\"https:\/\/www.annonces-legales.org\/blog\/#website\",\"url\":\"https:\/\/www.annonces-legales.org\/blog\/\",\"name\":\"Actualit\u00e9 des entreprises\",\"description\":\"\",\"publisher\":{\"@id\":\"https:\/\/www.annonces-legales.org\/blog\/#organization\"},\"potentialAction\":[{\"@type\":\"SearchAction\",\"target\":{\"@type\":\"EntryPoint\",\"urlTemplate\":\"https:\/\/www.annonces-legales.org\/blog\/?s={search_term_string}\"},\"query-input\":{\"@type\":\"PropertyValueSpecification\",\"valueRequired\":true,\"valueName\":\"search_term_string\"}}],\"inLanguage\":\"fr-FR\"},{\"@type\":\"Organization\",\"@id\":\"https:\/\/www.annonces-legales.org\/blog\/#organization\",\"name\":\"Actualit\u00e9 des entreprises\",\"url\":\"https:\/\/www.annonces-legales.org\/blog\/\",\"logo\":{\"@type\":\"ImageObject\",\"inLanguage\":\"fr-FR\",\"@id\":\"https:\/\/www.annonces-legales.org\/blog\/#\/schema\/logo\/image\/\",\"url\":\"https:\/\/www.annonces-legales.org\/blog\/wp-content\/uploads\/2023\/08\/annonces-legales.svg\",\"contentUrl\":\"https:\/\/www.annonces-legales.org\/blog\/wp-content\/uploads\/2023\/08\/annonces-legales.svg\",\"caption\":\"Actualit\u00e9 des entreprises\"},\"image\":{\"@id\":\"https:\/\/www.annonces-legales.org\/blog\/#\/schema\/logo\/image\/\"}}]}<\/script>\n<!-- \/ Yoast SEO plugin. -->","yoast_head_json":{"title":"Presse de Vesoul - Actualit\u00e9 des entreprises","robots":{"index":"index","follow":"follow","max-snippet":"max-snippet:-1","max-image-preview":"max-image-preview:large","max-video-preview":"max-video-preview:-1"},"canonical":"https:\/\/www.annonces-legales.org\/blog\/presse-de-vesoul\/","og_locale":"fr_FR","og_type":"article","og_title":"Presse de Vesoul - Actualit\u00e9 des entreprises","og_description":"La Presse de Vesoul est un journal qui para\u00eet chaque jeudi dans les kiosques de Haute Sa\u00f4ne. Il propose des [&hellip;]","og_url":"https:\/\/www.annonces-legales.org\/blog\/presse-de-vesoul\/","og_site_name":"Actualit\u00e9 des entreprises","article_modified_time":"2022-01-26T11:12:42+00:00","og_image":[{"width":400,"height":68,"url":"https:\/\/www.annonces-legales.org\/blog\/wp-content\/uploads\/2021\/10\/Presse-de-Vesoul.png","type":"image\/png"}],"twitter_card":"summary_large_image","twitter_misc":{"Dur\u00e9e de lecture estim\u00e9e":"2 minutes"},"schema":{"@context":"https:\/\/schema.org","@graph":[{"@type":"WebPage","@id":"https:\/\/www.annonces-legales.org\/blog\/presse-de-vesoul\/","url":"https:\/\/www.annonces-legales.org\/blog\/presse-de-vesoul\/","name":"Presse de Vesoul - Actualit\u00e9 des entreprises","isPartOf":{"@id":"https:\/\/www.annonces-legales.org\/blog\/#website"},"primaryImageOfPage":{"@id":"https:\/\/www.annonces-legales.org\/blog\/presse-de-vesoul\/#primaryimage"},"image":{"@id":"https:\/\/www.annonces-legales.org\/blog\/presse-de-vesoul\/#primaryimage"},"thumbnailUrl":"https:\/\/www.annonces-legales.org\/blog\/wp-content\/uploads\/2021\/10\/Presse-de-Vesoul-300x51.png","datePublished":"2021-10-01T15:55:42+00:00","dateModified":"2022-01-26T11:12:42+00:00","breadcrumb":{"@id":"https:\/\/www.annonces-legales.org\/blog\/presse-de-vesoul\/#breadcrumb"},"inLanguage":"fr-FR","potentialAction":[{"@type":"ReadAction","target":["https:\/\/www.annonces-legales.org\/blog\/presse-de-vesoul\/"]}]},{"@type":"ImageObject","inLanguage":"fr-FR","@id":"https:\/\/www.annonces-legales.org\/blog\/presse-de-vesoul\/#primaryimage","url":"https:\/\/www.annonces-legales.org\/blog\/wp-content\/uploads\/2021\/10\/Presse-de-Vesoul.png","contentUrl":"https:\/\/www.annonces-legales.org\/blog\/wp-content\/uploads\/2021\/10\/Presse-de-Vesoul.png","width":400,"height":68},{"@type":"BreadcrumbList","@id":"https:\/\/www.annonces-legales.org\/blog\/presse-de-vesoul\/#breadcrumb","itemListElement":[{"@type":"ListItem","position":1,"name":"Accueil","item":"https:\/\/www.annonces-legales.org\/blog\/"},{"@type":"ListItem","position":2,"name":"Liste des journaux habilit\u00e9s \u00e0 publier des annonces l\u00e9gales","item":"https:\/\/www.annonces-legales.org\/blog\/liste-des-journaux-habilites-a-publier-des-annonces-legales\/"},{"@type":"ListItem","position":3,"name":"Presse de Vesoul"}]},{"@type":"WebSite","@id":"https:\/\/www.annonces-legales.org\/blog\/#website","url":"https:\/\/www.annonces-legales.org\/blog\/","name":"Actualit\u00e9 des entreprises","description":"","publisher":{"@id":"https:\/\/www.annonces-legales.org\/blog\/#organization"},"potentialAction":[{"@type":"SearchAction","target":{"@type":"EntryPoint","urlTemplate":"https:\/\/www.annonces-legales.org\/blog\/?s={search_term_string}"},"query-input":{"@type":"PropertyValueSpecification","valueRequired":true,"valueName":"search_term_string"}}],"inLanguage":"fr-FR"},{"@type":"Organization","@id":"https:\/\/www.annonces-legales.org\/blog\/#organization","name":"Actualit\u00e9 des entreprises","url":"https:\/\/www.annonces-legales.org\/blog\/","logo":{"@type":"ImageObject","inLanguage":"fr-FR","@id":"https:\/\/www.annonces-legales.org\/blog\/#\/schema\/logo\/image\/","url":"https:\/\/www.annonces-legales.org\/blog\/wp-content\/uploads\/2023\/08\/annonces-legales.svg","contentUrl":"https:\/\/www.annonces-legales.org\/blog\/wp-content\/uploads\/2023\/08\/annonces-legales.svg","caption":"Actualit\u00e9 des entreprises"},"image":{"@id":"https:\/\/www.annonces-legales.org\/blog\/#\/schema\/logo\/image\/"}}]}},"_links":{"self":[{"href":"https:\/\/www.annonces-legales.org\/blog\/wp-json\/wp\/v2\/pages\/1078","targetHints":{"allow":["GET"]}}],"collection":[{"href":"https:\/\/www.annonces-legales.org\/blog\/wp-json\/wp\/v2\/pages"}],"about":[{"href":"https:\/\/www.annonces-legales.org\/blog\/wp-json\/wp\/v2\/types\/page"}],"author":[{"embeddable":true,"href":"https:\/\/www.annonces-legales.org\/blog\/wp-json\/wp\/v2\/users\/1"}],"replies":[{"embeddable":true,"href":"https:\/\/www.annonces-legales.org\/blog\/wp-json\/wp\/v2\/comments?post=1078"}],"version-history":[{"count":3,"href":"https:\/\/www.annonces-legales.org\/blog\/wp-json\/wp\/v2\/pages\/1078\/revisions"}],"predecessor-version":[{"id":1469,"href":"https:\/\/www.annonces-legales.org\/blog\/wp-json\/wp\/v2\/pages\/1078\/revisions\/1469"}],"up":[{"embeddable":true,"href":"https:\/\/www.annonces-legales.org\/blog\/wp-json\/wp\/v2\/pages\/351"}],"wp:attachment":[{"href":"https:\/\/www.annonces-legales.org\/blog\/wp-json\/wp\/v2\/media?parent=1078"}],"curies":[{"name":"wp","href":"https:\/\/api.w.org\/{rel}","templated":true}]}}