{"id":1081,"date":"2021-10-01T17:58:08","date_gmt":"2021-10-01T15:58:08","guid":{"rendered":"https:\/\/www.annonces-legales.org\/blog\/?page_id=1081"},"modified":"2022-01-26T11:34:02","modified_gmt":"2022-01-26T10:34:02","slug":"affiches-de-la-haute-saone","status":"publish","type":"page","link":"https:\/\/www.annonces-legales.org\/blog\/affiches-de-la-haute-saone\/","title":{"rendered":"Affiches de la Haute Sa\u00f4ne"},"content":{"rendered":"<p><img loading=\"lazy\" decoding=\"async\" class=\"aligncenter size-medium wp-image-1082\" src=\"https:\/\/www.annonces-legales.org\/blog\/wp-content\/uploads\/2021\/10\/Affiches-de-la-Haute-Saone-300x102.png\" alt=\"\" width=\"300\" height=\"102\" srcset=\"https:\/\/www.annonces-legales.org\/blog\/wp-content\/uploads\/2021\/10\/Affiches-de-la-Haute-Saone-300x102.png 300w, https:\/\/www.annonces-legales.org\/blog\/wp-content\/uploads\/2021\/10\/Affiches-de-la-Haute-Saone.png 350w\" sizes=\"auto, (max-width: 300px) 100vw, 300px\" \/><\/p>\n<p>Le journal les <strong>Affiches de la Haute Sa\u00f4ne<\/strong> appara\u00eet chaque vendredi dans les kiosques de Belfort et de la Haute Sa\u00f4ne.<br \/>\nC&rsquo;est un journal du Sud des Vosges qui publient des informations sur de nombreuses communes notamment Saint Loup, Vesoul, Fougerolles, Lure et Luxeuil.<br \/>\nSon nom complet et : les Affiches de la Haute Sa\u00f4ne, du territoire de Belfort et du Sud des Vosges. Il a \u00e9t\u00e9 cr\u00e9\u00e9 au XIXe si\u00e8cle et s&rsquo;appelait alors \u00ab les petites affiches, journal de l&rsquo;arrondissement de Lure \u00bb.<br \/>\nLe journal est habilit\u00e9 pour <strong>d\u00e9poser des annonces l\u00e9gales dans le d\u00e9partement de Belfort et de la Haute Sa\u00f4ne<\/strong>. Le journal propose \u00e9galement de publier des petites annonces.<\/p>\n<p>Le journal est vendu 1,50 \u20ac. Il est compos\u00e9 d&rsquo;une vingtaine de pages totalement en couleur. La r\u00e9daction et les bureaux du journal se trouvent 29, Avenue de la r\u00e9publique \u00e0 Lure (70200).<\/p>\n<p>&nbsp;<\/p>\n<p><strong>Vous voulez faire diffuser une publicit\u00e9 l\u00e9gale ou un avis de cr\u00e9ation d&rsquo;entreprise dans le d\u00e9partement de la Haute Sa\u00f4ne ?<\/strong><\/p>\n<p>Vous pouvez demander un devis gratuit pour avoir les prix les plus bas possibles.<\/p>\n<br\/><br\/><div class=\"entry-content notopmargin\">\n\t<img decoding=\"async\" class=\"img-fluid fleft\" src=\"https:\/\/www.annonces-legales.org\/images\/rapide-economique-tout-departement.png\" alt=\"Journal d'annonce l\u00e9gale de la Haute Sa\u00f4ne \"><a href=\"https:\/\/www.annonces-legales.org\/publication-annonce-legale.html\" class=\"button button-desc fright mtop30\"><div>Je publie<br> mon annonce<br> l\u00e9gale<\/div><span>dans un journal de la Haute Sa\u00f4ne !<\/span><\/a>\n<\/div><div class=\"clrbth\"><\/div><br\/><br\/>\n","protected":false},"excerpt":{"rendered":"<p>Le journal les Affiches de la Haute Sa\u00f4ne appara\u00eet chaque vendredi dans les kiosques de Belfort et de la Haute [&hellip;]<\/p>\n","protected":false},"author":1,"featured_media":0,"parent":351,"menu_order":0,"comment_status":"closed","ping_status":"closed","template":"","meta":{"inline_featured_image":false,"footnotes":""},"class_list":["post-1081","page","type-page","status-publish","hentry"],"yoast_head":"<!-- This site is optimized with the Yoast SEO plugin v26.8 - https:\/\/yoast.com\/product\/yoast-seo-wordpress\/ -->\n<title>Affiches de la Haute Sa\u00f4ne - Actualit\u00e9 des entreprises<\/title>\n<meta name=\"robots\" content=\"index, follow, max-snippet:-1, max-image-preview:large, max-video-preview:-1\" \/>\n<link rel=\"canonical\" href=\"https:\/\/www.annonces-legales.org\/blog\/affiches-de-la-haute-saone\/\" \/>\n<meta property=\"og:locale\" content=\"fr_FR\" \/>\n<meta property=\"og:type\" content=\"article\" \/>\n<meta property=\"og:title\" content=\"Affiches de la Haute Sa\u00f4ne - Actualit\u00e9 des entreprises\" \/>\n<meta property=\"og:description\" content=\"Le journal les Affiches de la Haute Sa\u00f4ne appara\u00eet chaque vendredi dans les kiosques de Belfort et de la Haute [&hellip;]\" \/>\n<meta property=\"og:url\" content=\"https:\/\/www.annonces-legales.org\/blog\/affiches-de-la-haute-saone\/\" \/>\n<meta property=\"og:site_name\" content=\"Actualit\u00e9 des entreprises\" \/>\n<meta property=\"article:modified_time\" content=\"2022-01-26T10:34:02+00:00\" \/>\n<meta property=\"og:image\" content=\"https:\/\/www.annonces-legales.org\/blog\/wp-content\/uploads\/2021\/10\/Affiches-de-la-Haute-Saone.png\" \/>\n\t<meta property=\"og:image:width\" content=\"350\" \/>\n\t<meta property=\"og:image:height\" content=\"119\" \/>\n\t<meta property=\"og:image:type\" content=\"image\/png\" \/>\n<meta name=\"twitter:card\" content=\"summary_large_image\" \/>\n<meta name=\"twitter:label1\" content=\"Dur\u00e9e de lecture estim\u00e9e\" \/>\n\t<meta name=\"twitter:data1\" content=\"1 minute\" \/>\n<script type=\"application\/ld+json\" class=\"yoast-schema-graph\">{\"@context\":\"https:\/\/schema.org\",\"@graph\":[{\"@type\":\"WebPage\",\"@id\":\"https:\/\/www.annonces-legales.org\/blog\/affiches-de-la-haute-saone\/\",\"url\":\"https:\/\/www.annonces-legales.org\/blog\/affiches-de-la-haute-saone\/\",\"name\":\"Affiches de la Haute Sa\u00f4ne - Actualit\u00e9 des entreprises\",\"isPartOf\":{\"@id\":\"https:\/\/www.annonces-legales.org\/blog\/#website\"},\"primaryImageOfPage\":{\"@id\":\"https:\/\/www.annonces-legales.org\/blog\/affiches-de-la-haute-saone\/#primaryimage\"},\"image\":{\"@id\":\"https:\/\/www.annonces-legales.org\/blog\/affiches-de-la-haute-saone\/#primaryimage\"},\"thumbnailUrl\":\"https:\/\/www.annonces-legales.org\/blog\/wp-content\/uploads\/2021\/10\/Affiches-de-la-Haute-Saone-300x102.png\",\"datePublished\":\"2021-10-01T15:58:08+00:00\",\"dateModified\":\"2022-01-26T10:34:02+00:00\",\"breadcrumb\":{\"@id\":\"https:\/\/www.annonces-legales.org\/blog\/affiches-de-la-haute-saone\/#breadcrumb\"},\"inLanguage\":\"fr-FR\",\"potentialAction\":[{\"@type\":\"ReadAction\",\"target\":[\"https:\/\/www.annonces-legales.org\/blog\/affiches-de-la-haute-saone\/\"]}]},{\"@type\":\"ImageObject\",\"inLanguage\":\"fr-FR\",\"@id\":\"https:\/\/www.annonces-legales.org\/blog\/affiches-de-la-haute-saone\/#primaryimage\",\"url\":\"https:\/\/www.annonces-legales.org\/blog\/wp-content\/uploads\/2021\/10\/Affiches-de-la-Haute-Saone.png\",\"contentUrl\":\"https:\/\/www.annonces-legales.org\/blog\/wp-content\/uploads\/2021\/10\/Affiches-de-la-Haute-Saone.png\",\"width\":350,\"height\":119},{\"@type\":\"BreadcrumbList\",\"@id\":\"https:\/\/www.annonces-legales.org\/blog\/affiches-de-la-haute-saone\/#breadcrumb\",\"itemListElement\":[{\"@type\":\"ListItem\",\"position\":1,\"name\":\"Accueil\",\"item\":\"https:\/\/www.annonces-legales.org\/blog\/\"},{\"@type\":\"ListItem\",\"position\":2,\"name\":\"Liste des journaux habilit\u00e9s \u00e0 publier des annonces l\u00e9gales\",\"item\":\"https:\/\/www.annonces-legales.org\/blog\/liste-des-journaux-habilites-a-publier-des-annonces-legales\/\"},{\"@type\":\"ListItem\",\"position\":3,\"name\":\"Affiches de la Haute Sa\u00f4ne\"}]},{\"@type\":\"WebSite\",\"@id\":\"https:\/\/www.annonces-legales.org\/blog\/#website\",\"url\":\"https:\/\/www.annonces-legales.org\/blog\/\",\"name\":\"Actualit\u00e9 des entreprises\",\"description\":\"\",\"publisher\":{\"@id\":\"https:\/\/www.annonces-legales.org\/blog\/#organization\"},\"potentialAction\":[{\"@type\":\"SearchAction\",\"target\":{\"@type\":\"EntryPoint\",\"urlTemplate\":\"https:\/\/www.annonces-legales.org\/blog\/?s={search_term_string}\"},\"query-input\":{\"@type\":\"PropertyValueSpecification\",\"valueRequired\":true,\"valueName\":\"search_term_string\"}}],\"inLanguage\":\"fr-FR\"},{\"@type\":\"Organization\",\"@id\":\"https:\/\/www.annonces-legales.org\/blog\/#organization\",\"name\":\"Actualit\u00e9 des entreprises\",\"url\":\"https:\/\/www.annonces-legales.org\/blog\/\",\"logo\":{\"@type\":\"ImageObject\",\"inLanguage\":\"fr-FR\",\"@id\":\"https:\/\/www.annonces-legales.org\/blog\/#\/schema\/logo\/image\/\",\"url\":\"https:\/\/www.annonces-legales.org\/blog\/wp-content\/uploads\/2023\/08\/annonces-legales.svg\",\"contentUrl\":\"https:\/\/www.annonces-legales.org\/blog\/wp-content\/uploads\/2023\/08\/annonces-legales.svg\",\"caption\":\"Actualit\u00e9 des entreprises\"},\"image\":{\"@id\":\"https:\/\/www.annonces-legales.org\/blog\/#\/schema\/logo\/image\/\"}}]}<\/script>\n<!-- \/ Yoast SEO plugin. -->","yoast_head_json":{"title":"Affiches de la Haute Sa\u00f4ne - Actualit\u00e9 des entreprises","robots":{"index":"index","follow":"follow","max-snippet":"max-snippet:-1","max-image-preview":"max-image-preview:large","max-video-preview":"max-video-preview:-1"},"canonical":"https:\/\/www.annonces-legales.org\/blog\/affiches-de-la-haute-saone\/","og_locale":"fr_FR","og_type":"article","og_title":"Affiches de la Haute Sa\u00f4ne - Actualit\u00e9 des entreprises","og_description":"Le journal les Affiches de la Haute Sa\u00f4ne appara\u00eet chaque vendredi dans les kiosques de Belfort et de la Haute [&hellip;]","og_url":"https:\/\/www.annonces-legales.org\/blog\/affiches-de-la-haute-saone\/","og_site_name":"Actualit\u00e9 des entreprises","article_modified_time":"2022-01-26T10:34:02+00:00","og_image":[{"width":350,"height":119,"url":"https:\/\/www.annonces-legales.org\/blog\/wp-content\/uploads\/2021\/10\/Affiches-de-la-Haute-Saone.png","type":"image\/png"}],"twitter_card":"summary_large_image","twitter_misc":{"Dur\u00e9e de lecture estim\u00e9e":"1 minute"},"schema":{"@context":"https:\/\/schema.org","@graph":[{"@type":"WebPage","@id":"https:\/\/www.annonces-legales.org\/blog\/affiches-de-la-haute-saone\/","url":"https:\/\/www.annonces-legales.org\/blog\/affiches-de-la-haute-saone\/","name":"Affiches de la Haute Sa\u00f4ne - Actualit\u00e9 des entreprises","isPartOf":{"@id":"https:\/\/www.annonces-legales.org\/blog\/#website"},"primaryImageOfPage":{"@id":"https:\/\/www.annonces-legales.org\/blog\/affiches-de-la-haute-saone\/#primaryimage"},"image":{"@id":"https:\/\/www.annonces-legales.org\/blog\/affiches-de-la-haute-saone\/#primaryimage"},"thumbnailUrl":"https:\/\/www.annonces-legales.org\/blog\/wp-content\/uploads\/2021\/10\/Affiches-de-la-Haute-Saone-300x102.png","datePublished":"2021-10-01T15:58:08+00:00","dateModified":"2022-01-26T10:34:02+00:00","breadcrumb":{"@id":"https:\/\/www.annonces-legales.org\/blog\/affiches-de-la-haute-saone\/#breadcrumb"},"inLanguage":"fr-FR","potentialAction":[{"@type":"ReadAction","target":["https:\/\/www.annonces-legales.org\/blog\/affiches-de-la-haute-saone\/"]}]},{"@type":"ImageObject","inLanguage":"fr-FR","@id":"https:\/\/www.annonces-legales.org\/blog\/affiches-de-la-haute-saone\/#primaryimage","url":"https:\/\/www.annonces-legales.org\/blog\/wp-content\/uploads\/2021\/10\/Affiches-de-la-Haute-Saone.png","contentUrl":"https:\/\/www.annonces-legales.org\/blog\/wp-content\/uploads\/2021\/10\/Affiches-de-la-Haute-Saone.png","width":350,"height":119},{"@type":"BreadcrumbList","@id":"https:\/\/www.annonces-legales.org\/blog\/affiches-de-la-haute-saone\/#breadcrumb","itemListElement":[{"@type":"ListItem","position":1,"name":"Accueil","item":"https:\/\/www.annonces-legales.org\/blog\/"},{"@type":"ListItem","position":2,"name":"Liste des journaux habilit\u00e9s \u00e0 publier des annonces l\u00e9gales","item":"https:\/\/www.annonces-legales.org\/blog\/liste-des-journaux-habilites-a-publier-des-annonces-legales\/"},{"@type":"ListItem","position":3,"name":"Affiches de la Haute Sa\u00f4ne"}]},{"@type":"WebSite","@id":"https:\/\/www.annonces-legales.org\/blog\/#website","url":"https:\/\/www.annonces-legales.org\/blog\/","name":"Actualit\u00e9 des entreprises","description":"","publisher":{"@id":"https:\/\/www.annonces-legales.org\/blog\/#organization"},"potentialAction":[{"@type":"SearchAction","target":{"@type":"EntryPoint","urlTemplate":"https:\/\/www.annonces-legales.org\/blog\/?s={search_term_string}"},"query-input":{"@type":"PropertyValueSpecification","valueRequired":true,"valueName":"search_term_string"}}],"inLanguage":"fr-FR"},{"@type":"Organization","@id":"https:\/\/www.annonces-legales.org\/blog\/#organization","name":"Actualit\u00e9 des entreprises","url":"https:\/\/www.annonces-legales.org\/blog\/","logo":{"@type":"ImageObject","inLanguage":"fr-FR","@id":"https:\/\/www.annonces-legales.org\/blog\/#\/schema\/logo\/image\/","url":"https:\/\/www.annonces-legales.org\/blog\/wp-content\/uploads\/2023\/08\/annonces-legales.svg","contentUrl":"https:\/\/www.annonces-legales.org\/blog\/wp-content\/uploads\/2023\/08\/annonces-legales.svg","caption":"Actualit\u00e9 des entreprises"},"image":{"@id":"https:\/\/www.annonces-legales.org\/blog\/#\/schema\/logo\/image\/"}}]}},"_links":{"self":[{"href":"https:\/\/www.annonces-legales.org\/blog\/wp-json\/wp\/v2\/pages\/1081","targetHints":{"allow":["GET"]}}],"collection":[{"href":"https:\/\/www.annonces-legales.org\/blog\/wp-json\/wp\/v2\/pages"}],"about":[{"href":"https:\/\/www.annonces-legales.org\/blog\/wp-json\/wp\/v2\/types\/page"}],"author":[{"embeddable":true,"href":"https:\/\/www.annonces-legales.org\/blog\/wp-json\/wp\/v2\/users\/1"}],"replies":[{"embeddable":true,"href":"https:\/\/www.annonces-legales.org\/blog\/wp-json\/wp\/v2\/comments?post=1081"}],"version-history":[{"count":1,"href":"https:\/\/www.annonces-legales.org\/blog\/wp-json\/wp\/v2\/pages\/1081\/revisions"}],"predecessor-version":[{"id":1083,"href":"https:\/\/www.annonces-legales.org\/blog\/wp-json\/wp\/v2\/pages\/1081\/revisions\/1083"}],"up":[{"embeddable":true,"href":"https:\/\/www.annonces-legales.org\/blog\/wp-json\/wp\/v2\/pages\/351"}],"wp:attachment":[{"href":"https:\/\/www.annonces-legales.org\/blog\/wp-json\/wp\/v2\/media?parent=1081"}],"curies":[{"name":"wp","href":"https:\/\/api.w.org\/{rel}","templated":true}]}}