{"id":1164,"date":"2021-10-12T19:37:57","date_gmt":"2021-10-12T17:37:57","guid":{"rendered":"https:\/\/www.annonces-legales.org\/blog\/?page_id=1164"},"modified":"2022-01-26T11:54:44","modified_gmt":"2022-01-26T10:54:44","slug":"lessor-bigourdan","status":"publish","type":"page","link":"https:\/\/www.annonces-legales.org\/blog\/lessor-bigourdan\/","title":{"rendered":"L&rsquo;Essor Bigourdan"},"content":{"rendered":"<p><img loading=\"lazy\" decoding=\"async\" class=\"aligncenter size-full wp-image-1303\" src=\"https:\/\/www.annonces-legales.org\/blog\/wp-content\/uploads\/2021\/10\/Essor-Bigourdan.jpg\" alt=\"\" width=\"350\" height=\"119\" srcset=\"https:\/\/www.annonces-legales.org\/blog\/wp-content\/uploads\/2021\/10\/Essor-Bigourdan.jpg 350w, https:\/\/www.annonces-legales.org\/blog\/wp-content\/uploads\/2021\/10\/Essor-Bigourdan-300x102.jpg 300w\" sizes=\"auto, (max-width: 350px) 100vw, 350px\" \/><\/p>\n<p><strong>L&rsquo;Essor Bigourdan<\/strong> est un journal hebdomadaire qui propose des informations sur le d\u00e9partement des Hautes-Pyr\u00e9n\u00e9es et plus particuli\u00e8rement sur la ville de <strong>Lourdes<\/strong>.<br \/>\nL&rsquo;adresse du journal est 9 place Peyramale \u00e0 Lourdes (65100). Pour contacter le journal par t\u00e9l\u00e9phone il faut composer le 05 62 94 93 37.<br \/>\nCe journal papier est un JAL (journal d&rsquo;annonces l\u00e9gales) pour le d\u00e9partement des Hautes-Pyr\u00e9n\u00e9es.<\/p>\n<h2>En savoir plus sur l&rsquo;Essor Bigourdan<\/h2>\n<p>Le journal a tr\u00e8s r\u00e9cemment d\u00e9m\u00e9nag\u00e9 ses bureaux. Il est d\u00e9sormais au c\u0153ur du centre-ville de Lourdes. Le journal a \u00e9t\u00e9 cr\u00e9\u00e9 en 1944 et a f\u00eat\u00e9 2021 son num\u00e9ro 4000. Le journal a aujourd&rsquo;hui plus de 2500 abonn\u00e9s. Les abonn\u00e9s repr\u00e9sentent plus de 75 % des lecteurs du journal. Le journal est imprim\u00e9 en noir et blanc mais sa page de couverture est en couleur.<br \/>\nLe journal l&rsquo;Essor Bigourdan a longtemps \u00e9t\u00e9 un journal politique. Entre 1973 et 1996, c&rsquo;est Jean Bouyssonie, un notable de la ville qui a pris la direction du journal. Puis c&rsquo;est sa fille qui a pris le journal jusqu&rsquo;au milieu des ann\u00e9es 2000. \u00c0 ce moment-l\u00e0 journal est vendu \u00e0 Philippe Lassalle, l&rsquo;imprimeur du journal. Michel Corsini qui travaillait depuis de nombreuses ann\u00e9es dans le journal en prend la direction.<br \/>\nLe journal appartient \u00e0 la soci\u00e9t\u00e9 de presse l&rsquo;Essor Bigourdan, une SARL enregistr\u00e9e au registre du commerce et des soci\u00e9t\u00e9s de Tarbes.<\/p>\n<h2>Pourquoi choisir annonces-legales.org pour d\u00e9poser une annonce l\u00e9gale dans les Hautes-Pyr\u00e9n\u00e9es ?<\/h2>\n<p>La plate-forme d&rsquo;annonce l\u00e9gale annonces-legales.org propose aux dirigeants et aux gestionnaires d&rsquo;entreprise les meilleurs prix pour publier les annonces l\u00e9gales. Cela pour le <strong>d\u00e9partement des Hautes-Pyr\u00e9n\u00e9es<\/strong>, mais aussi pour tous les d\u00e9partements fran\u00e7ais.<br \/>\nLa plate-forme est facile \u00e0 utiliser et le texte de chaque annonce est relu afin d&rsquo;\u00e9viter toute erreur. Cela est aussi une assurance pour que l&rsquo;annonce soit accept\u00e9e par le greffe.<br \/>\nBien s\u00fbr, un <a href=\"https:\/\/www.annonces-legales.org\/attestation-de-parution.html\">avis de parution<\/a> est envoy\u00e9 par e-mail, juste apr\u00e8s la commande d&rsquo;une annonce. C&rsquo;est pour sa facilit\u00e9 d\u2019utilisation et ses prix que beaucoup d&rsquo;entrepreneurs utilisent la plate-forme.<\/p>\n<h2>Comment publier une annonce l\u00e9gale sur l&rsquo;Essor Bigourdan ?<\/h2>\n<p>Pour publier une annonce l\u00e9gale dans ce journal, le plus simple est de les contacter par t\u00e9l\u00e9phone. Ils vous indiqueront la d\u00e9marche \u00e0 suivre pour r\u00e9aliser votre annonce l\u00e9gale. Mais le journal l&rsquo;Essor Bigourdan n&rsquo;est pas le seul qui peut proposer ce type de prestation. Pour obtenir le meilleur prix pour la publication d&rsquo;une annonce l\u00e9gale, nous vous invitons \u00e0 utiliser les services de la plate-forme <a href=\"https:\/\/www.annonces-legales.org\">annonces-legales.org<\/a>.<\/p>\n","protected":false},"excerpt":{"rendered":"<p>L&rsquo;Essor Bigourdan est un journal hebdomadaire qui propose des informations sur le d\u00e9partement des Hautes-Pyr\u00e9n\u00e9es et plus particuli\u00e8rement sur la [&hellip;]<\/p>\n","protected":false},"author":1,"featured_media":0,"parent":351,"menu_order":0,"comment_status":"closed","ping_status":"closed","template":"","meta":{"inline_featured_image":false,"footnotes":""},"class_list":["post-1164","page","type-page","status-publish","hentry"],"yoast_head":"<!-- This site is optimized with the Yoast SEO plugin v26.8 - https:\/\/yoast.com\/product\/yoast-seo-wordpress\/ -->\n<title>L&#039;Essor Bigourdan - Actualit\u00e9 des entreprises<\/title>\n<meta name=\"robots\" content=\"index, follow, max-snippet:-1, max-image-preview:large, max-video-preview:-1\" \/>\n<link rel=\"canonical\" href=\"https:\/\/www.annonces-legales.org\/blog\/lessor-bigourdan\/\" \/>\n<meta property=\"og:locale\" content=\"fr_FR\" \/>\n<meta property=\"og:type\" content=\"article\" \/>\n<meta property=\"og:title\" content=\"L&#039;Essor Bigourdan - Actualit\u00e9 des entreprises\" \/>\n<meta property=\"og:description\" content=\"L&rsquo;Essor Bigourdan est un journal hebdomadaire qui propose des informations sur le d\u00e9partement des Hautes-Pyr\u00e9n\u00e9es et plus particuli\u00e8rement sur la [&hellip;]\" \/>\n<meta property=\"og:url\" content=\"https:\/\/www.annonces-legales.org\/blog\/lessor-bigourdan\/\" \/>\n<meta property=\"og:site_name\" content=\"Actualit\u00e9 des entreprises\" \/>\n<meta property=\"article:modified_time\" content=\"2022-01-26T10:54:44+00:00\" \/>\n<meta property=\"og:image\" content=\"https:\/\/www.annonces-legales.org\/blog\/wp-content\/uploads\/2021\/10\/Essor-Bigourdan.jpg\" \/>\n\t<meta property=\"og:image:width\" content=\"350\" \/>\n\t<meta property=\"og:image:height\" content=\"119\" \/>\n\t<meta property=\"og:image:type\" content=\"image\/jpeg\" \/>\n<meta name=\"twitter:card\" content=\"summary_large_image\" \/>\n<meta name=\"twitter:label1\" content=\"Dur\u00e9e de lecture estim\u00e9e\" \/>\n\t<meta name=\"twitter:data1\" content=\"2 minutes\" \/>\n<script type=\"application\/ld+json\" class=\"yoast-schema-graph\">{\"@context\":\"https:\/\/schema.org\",\"@graph\":[{\"@type\":\"WebPage\",\"@id\":\"https:\/\/www.annonces-legales.org\/blog\/lessor-bigourdan\/\",\"url\":\"https:\/\/www.annonces-legales.org\/blog\/lessor-bigourdan\/\",\"name\":\"L'Essor Bigourdan - Actualit\u00e9 des entreprises\",\"isPartOf\":{\"@id\":\"https:\/\/www.annonces-legales.org\/blog\/#website\"},\"primaryImageOfPage\":{\"@id\":\"https:\/\/www.annonces-legales.org\/blog\/lessor-bigourdan\/#primaryimage\"},\"image\":{\"@id\":\"https:\/\/www.annonces-legales.org\/blog\/lessor-bigourdan\/#primaryimage\"},\"thumbnailUrl\":\"https:\/\/www.annonces-legales.org\/blog\/wp-content\/uploads\/2021\/10\/Essor-Bigourdan.jpg\",\"datePublished\":\"2021-10-12T17:37:57+00:00\",\"dateModified\":\"2022-01-26T10:54:44+00:00\",\"breadcrumb\":{\"@id\":\"https:\/\/www.annonces-legales.org\/blog\/lessor-bigourdan\/#breadcrumb\"},\"inLanguage\":\"fr-FR\",\"potentialAction\":[{\"@type\":\"ReadAction\",\"target\":[\"https:\/\/www.annonces-legales.org\/blog\/lessor-bigourdan\/\"]}]},{\"@type\":\"ImageObject\",\"inLanguage\":\"fr-FR\",\"@id\":\"https:\/\/www.annonces-legales.org\/blog\/lessor-bigourdan\/#primaryimage\",\"url\":\"https:\/\/www.annonces-legales.org\/blog\/wp-content\/uploads\/2021\/10\/Essor-Bigourdan.jpg\",\"contentUrl\":\"https:\/\/www.annonces-legales.org\/blog\/wp-content\/uploads\/2021\/10\/Essor-Bigourdan.jpg\",\"width\":350,\"height\":119},{\"@type\":\"BreadcrumbList\",\"@id\":\"https:\/\/www.annonces-legales.org\/blog\/lessor-bigourdan\/#breadcrumb\",\"itemListElement\":[{\"@type\":\"ListItem\",\"position\":1,\"name\":\"Accueil\",\"item\":\"https:\/\/www.annonces-legales.org\/blog\/\"},{\"@type\":\"ListItem\",\"position\":2,\"name\":\"Liste des journaux habilit\u00e9s \u00e0 publier des annonces l\u00e9gales\",\"item\":\"https:\/\/www.annonces-legales.org\/blog\/liste-des-journaux-habilites-a-publier-des-annonces-legales\/\"},{\"@type\":\"ListItem\",\"position\":3,\"name\":\"L&rsquo;Essor Bigourdan\"}]},{\"@type\":\"WebSite\",\"@id\":\"https:\/\/www.annonces-legales.org\/blog\/#website\",\"url\":\"https:\/\/www.annonces-legales.org\/blog\/\",\"name\":\"Actualit\u00e9 des entreprises\",\"description\":\"\",\"publisher\":{\"@id\":\"https:\/\/www.annonces-legales.org\/blog\/#organization\"},\"potentialAction\":[{\"@type\":\"SearchAction\",\"target\":{\"@type\":\"EntryPoint\",\"urlTemplate\":\"https:\/\/www.annonces-legales.org\/blog\/?s={search_term_string}\"},\"query-input\":{\"@type\":\"PropertyValueSpecification\",\"valueRequired\":true,\"valueName\":\"search_term_string\"}}],\"inLanguage\":\"fr-FR\"},{\"@type\":\"Organization\",\"@id\":\"https:\/\/www.annonces-legales.org\/blog\/#organization\",\"name\":\"Actualit\u00e9 des entreprises\",\"url\":\"https:\/\/www.annonces-legales.org\/blog\/\",\"logo\":{\"@type\":\"ImageObject\",\"inLanguage\":\"fr-FR\",\"@id\":\"https:\/\/www.annonces-legales.org\/blog\/#\/schema\/logo\/image\/\",\"url\":\"https:\/\/www.annonces-legales.org\/blog\/wp-content\/uploads\/2023\/08\/annonces-legales.svg\",\"contentUrl\":\"https:\/\/www.annonces-legales.org\/blog\/wp-content\/uploads\/2023\/08\/annonces-legales.svg\",\"caption\":\"Actualit\u00e9 des entreprises\"},\"image\":{\"@id\":\"https:\/\/www.annonces-legales.org\/blog\/#\/schema\/logo\/image\/\"}}]}<\/script>\n<!-- \/ Yoast SEO plugin. -->","yoast_head_json":{"title":"L'Essor Bigourdan - Actualit\u00e9 des entreprises","robots":{"index":"index","follow":"follow","max-snippet":"max-snippet:-1","max-image-preview":"max-image-preview:large","max-video-preview":"max-video-preview:-1"},"canonical":"https:\/\/www.annonces-legales.org\/blog\/lessor-bigourdan\/","og_locale":"fr_FR","og_type":"article","og_title":"L'Essor Bigourdan - Actualit\u00e9 des entreprises","og_description":"L&rsquo;Essor Bigourdan est un journal hebdomadaire qui propose des informations sur le d\u00e9partement des Hautes-Pyr\u00e9n\u00e9es et plus particuli\u00e8rement sur la [&hellip;]","og_url":"https:\/\/www.annonces-legales.org\/blog\/lessor-bigourdan\/","og_site_name":"Actualit\u00e9 des entreprises","article_modified_time":"2022-01-26T10:54:44+00:00","og_image":[{"width":350,"height":119,"url":"https:\/\/www.annonces-legales.org\/blog\/wp-content\/uploads\/2021\/10\/Essor-Bigourdan.jpg","type":"image\/jpeg"}],"twitter_card":"summary_large_image","twitter_misc":{"Dur\u00e9e de lecture estim\u00e9e":"2 minutes"},"schema":{"@context":"https:\/\/schema.org","@graph":[{"@type":"WebPage","@id":"https:\/\/www.annonces-legales.org\/blog\/lessor-bigourdan\/","url":"https:\/\/www.annonces-legales.org\/blog\/lessor-bigourdan\/","name":"L'Essor Bigourdan - Actualit\u00e9 des entreprises","isPartOf":{"@id":"https:\/\/www.annonces-legales.org\/blog\/#website"},"primaryImageOfPage":{"@id":"https:\/\/www.annonces-legales.org\/blog\/lessor-bigourdan\/#primaryimage"},"image":{"@id":"https:\/\/www.annonces-legales.org\/blog\/lessor-bigourdan\/#primaryimage"},"thumbnailUrl":"https:\/\/www.annonces-legales.org\/blog\/wp-content\/uploads\/2021\/10\/Essor-Bigourdan.jpg","datePublished":"2021-10-12T17:37:57+00:00","dateModified":"2022-01-26T10:54:44+00:00","breadcrumb":{"@id":"https:\/\/www.annonces-legales.org\/blog\/lessor-bigourdan\/#breadcrumb"},"inLanguage":"fr-FR","potentialAction":[{"@type":"ReadAction","target":["https:\/\/www.annonces-legales.org\/blog\/lessor-bigourdan\/"]}]},{"@type":"ImageObject","inLanguage":"fr-FR","@id":"https:\/\/www.annonces-legales.org\/blog\/lessor-bigourdan\/#primaryimage","url":"https:\/\/www.annonces-legales.org\/blog\/wp-content\/uploads\/2021\/10\/Essor-Bigourdan.jpg","contentUrl":"https:\/\/www.annonces-legales.org\/blog\/wp-content\/uploads\/2021\/10\/Essor-Bigourdan.jpg","width":350,"height":119},{"@type":"BreadcrumbList","@id":"https:\/\/www.annonces-legales.org\/blog\/lessor-bigourdan\/#breadcrumb","itemListElement":[{"@type":"ListItem","position":1,"name":"Accueil","item":"https:\/\/www.annonces-legales.org\/blog\/"},{"@type":"ListItem","position":2,"name":"Liste des journaux habilit\u00e9s \u00e0 publier des annonces l\u00e9gales","item":"https:\/\/www.annonces-legales.org\/blog\/liste-des-journaux-habilites-a-publier-des-annonces-legales\/"},{"@type":"ListItem","position":3,"name":"L&rsquo;Essor Bigourdan"}]},{"@type":"WebSite","@id":"https:\/\/www.annonces-legales.org\/blog\/#website","url":"https:\/\/www.annonces-legales.org\/blog\/","name":"Actualit\u00e9 des entreprises","description":"","publisher":{"@id":"https:\/\/www.annonces-legales.org\/blog\/#organization"},"potentialAction":[{"@type":"SearchAction","target":{"@type":"EntryPoint","urlTemplate":"https:\/\/www.annonces-legales.org\/blog\/?s={search_term_string}"},"query-input":{"@type":"PropertyValueSpecification","valueRequired":true,"valueName":"search_term_string"}}],"inLanguage":"fr-FR"},{"@type":"Organization","@id":"https:\/\/www.annonces-legales.org\/blog\/#organization","name":"Actualit\u00e9 des entreprises","url":"https:\/\/www.annonces-legales.org\/blog\/","logo":{"@type":"ImageObject","inLanguage":"fr-FR","@id":"https:\/\/www.annonces-legales.org\/blog\/#\/schema\/logo\/image\/","url":"https:\/\/www.annonces-legales.org\/blog\/wp-content\/uploads\/2023\/08\/annonces-legales.svg","contentUrl":"https:\/\/www.annonces-legales.org\/blog\/wp-content\/uploads\/2023\/08\/annonces-legales.svg","caption":"Actualit\u00e9 des entreprises"},"image":{"@id":"https:\/\/www.annonces-legales.org\/blog\/#\/schema\/logo\/image\/"}}]}},"_links":{"self":[{"href":"https:\/\/www.annonces-legales.org\/blog\/wp-json\/wp\/v2\/pages\/1164","targetHints":{"allow":["GET"]}}],"collection":[{"href":"https:\/\/www.annonces-legales.org\/blog\/wp-json\/wp\/v2\/pages"}],"about":[{"href":"https:\/\/www.annonces-legales.org\/blog\/wp-json\/wp\/v2\/types\/page"}],"author":[{"embeddable":true,"href":"https:\/\/www.annonces-legales.org\/blog\/wp-json\/wp\/v2\/users\/1"}],"replies":[{"embeddable":true,"href":"https:\/\/www.annonces-legales.org\/blog\/wp-json\/wp\/v2\/comments?post=1164"}],"version-history":[{"count":2,"href":"https:\/\/www.annonces-legales.org\/blog\/wp-json\/wp\/v2\/pages\/1164\/revisions"}],"predecessor-version":[{"id":1304,"href":"https:\/\/www.annonces-legales.org\/blog\/wp-json\/wp\/v2\/pages\/1164\/revisions\/1304"}],"up":[{"embeddable":true,"href":"https:\/\/www.annonces-legales.org\/blog\/wp-json\/wp\/v2\/pages\/351"}],"wp:attachment":[{"href":"https:\/\/www.annonces-legales.org\/blog\/wp-json\/wp\/v2\/media?parent=1164"}],"curies":[{"name":"wp","href":"https:\/\/api.w.org\/{rel}","templated":true}]}}