{"id":1166,"date":"2021-10-12T19:42:02","date_gmt":"2021-10-12T17:42:02","guid":{"rendered":"https:\/\/www.annonces-legales.org\/blog\/?page_id=1166"},"modified":"2022-01-26T12:01:40","modified_gmt":"2022-01-26T11:01:40","slug":"la-semaine-des-pyrenees","status":"publish","type":"page","link":"https:\/\/www.annonces-legales.org\/blog\/la-semaine-des-pyrenees\/","title":{"rendered":"La semaine des Pyr\u00e9n\u00e9es"},"content":{"rendered":"<p><img loading=\"lazy\" decoding=\"async\" class=\"aligncenter size-full wp-image-1300\" src=\"https:\/\/www.annonces-legales.org\/blog\/wp-content\/uploads\/2021\/10\/semaine-des-Pyrenees.png\" alt=\"\" width=\"303\" height=\"90\" srcset=\"https:\/\/www.annonces-legales.org\/blog\/wp-content\/uploads\/2021\/10\/semaine-des-Pyrenees.png 303w, https:\/\/www.annonces-legales.org\/blog\/wp-content\/uploads\/2021\/10\/semaine-des-Pyrenees-300x89.png 300w\" sizes=\"auto, (max-width: 303px) 100vw, 303px\" \/><\/p>\n<p>Cr\u00e9\u00e9e \u00e0 la fin de l&rsquo;ann\u00e9e 1994, <strong>la semaine des Pyr\u00e9n\u00e9es<\/strong> est l&rsquo;un des journaux locaux les plus lu dans les Hautes-Pyr\u00e9n\u00e9es.<br \/>\nLe journal fait la part belle \u00e0 l&rsquo;actualit\u00e9 locale notamment pour les villes de Bigorre, Lourdes, Tarbes, le Val d&rsquo;Adour, Lannemezan, Argel\u00e8s-Gazot ou encore Bagn\u00e8res-de-Bigorre.<\/p>\n<p>Le journal poss\u00e8de <strong>quatre \u00e9ditions<\/strong> :<br \/>\n&#8211; La semaine des Pyr\u00e9n\u00e9es \u00c9dition Val d&rsquo;Adour<br \/>\n&#8211; La semaine des Pyr\u00e9n\u00e9es \u00e9dition Tarbes<br \/>\n&#8211; La semaine des Pyr\u00e9n\u00e9es \u00e9dition Lannemezan<br \/>\n&#8211; La semaine des Pyr\u00e9n\u00e9es \u00e9dition Haute-Bigorre<\/p>\n<p>Le journal est vendu 1,60 \u20ac et para\u00eet chaque jeudi.<br \/>\nLe journal est compos\u00e9 d&rsquo;une <strong>\u00e9quipe de neuf personnes<\/strong> dont quatre journalistes et deux commerciaux. Le journal appartient \u00e0 la soci\u00e9t\u00e9 Sogemedia, un grand groupe de presse locale en France. Le groupe poss\u00e8de 18 journaux notamment dans les<strong> Hautes-Pyr\u00e9n\u00e9es<\/strong>.<\/p>\n<p>La r\u00e9daction du journal se trouve au 24 rue Georges Cl\u00e9menceau \u2013 passage du commissariat \u00e0 Tarbes (65005). Pour passer un coup de fil au journal, il faut composer le 05 62 44 44 62. L&rsquo;adresse mail du journal est contact@lasemainedespyrenees.fr<\/p>\n<p>&nbsp;<\/p>\n<h2>Achat du journal et abonnement<\/h2>\n<p>Il est possible d&rsquo;acheter le journal sur le site internet du journal ou de s&rsquo;abonner pour trois mois, six mois ou un an. La <strong>formule d&rsquo;abonnement<\/strong> pour un an \u00e0 la version papier (50 num\u00e9ros) est factur\u00e9 au prix de 69,35 \u20ac. Comme pour la plupart des autres journaux locaux fran\u00e7ais, il est aussi possible de s&rsquo;abonner au journal en version num\u00e9rique. Version qui sera nettement moins cher que la version papier.<\/p>\n<p>Chaque ann\u00e9e, le journal obtient l&rsquo;habilitation pour faire des <strong>annonces l\u00e9gales pour le d\u00e9partement des hautes Pyr\u00e9n\u00e9es<\/strong>. Il r\u00e9alise en moyenne 22 annonces l\u00e9gales chaque semaine. Les chefs d&rsquo;entreprise des Hautes-Pyr\u00e9n\u00e9es peuvent donc utiliser le journal <strong>La semaine des Pyr\u00e9n\u00e9es<\/strong> pour d\u00e9poser leurs annonces l\u00e9gales modificatives ou de cr\u00e9ation.<\/p>\n<p>&nbsp;<\/p>\n<h2>Comment trouver le meilleur prix pour une annonce l\u00e9gale ?<\/h2>\n<p>Pour le d\u00e9partement des Hautes-Pyr\u00e9n\u00e9es, il existe entre 5 et 10 journaux qui peuvent publier des annonces l\u00e9gales (diff\u00e9rents selon l&rsquo;ann\u00e9e en fonction du nombre d&rsquo;habilitations fournies par la pr\u00e9fecture).<br \/>\nLa cr\u00e9ation d&rsquo;une entreprise dans les Hautes-Pyr\u00e9n\u00e9es va n\u00e9cessiter le d\u00e9p\u00f4t d&rsquo;un avis de constitution. Cet avis de constitution est une annonce de cr\u00e9ation. Son prix est forfaitaire. Son prix peut varier n\u00e9anmoins en fonction des journaux car ils ajoutent parfois des frais de dossier. Pour obtenir le prix le plus bas pour un avis de constitution, il est n\u00e9cessaire de comparer les prix en faisant un <a href=\"https:\/\/www.annonces-legales.org\/devis-annonce-legale.html\">devis sur le site annonces-legales.org<\/a><\/p>\n<p>Concernant les annonces l\u00e9gales de changement, la diff\u00e9rence de prix entre de journaux peut \u00eatre sup\u00e9rieurs \u00e0 100 \u20ac. C&rsquo;est d\u00fb au fait que contrairement aux avis de constitution, les annonces l\u00e9gales de changement ont un prix qui est calcul\u00e9 en fonction de la longueur de l&rsquo;annonce. Ainsi, certains journaux n&rsquo;h\u00e9sitent pas \u00e0 majorer le prix des annonces de changement.<\/p>\n<p>&nbsp;<\/p>\n<h2>Pourquoi publier une annonce l\u00e9gale sur une plate-forme comme annonces-legales.org ?<\/h2>\n<p>Les formulaires de la plate-forme sont faciles \u00e0 utiliser et \u00e0 comprendre. La seule chose \u00e0 faire est de fournir les informations demand\u00e9es, informations que vous trouverez facilement sur le K-bis des statuts juridiques de la soci\u00e9t\u00e9. Quelque soit la forme juridique de l&rsquo;entreprise ou le type d&rsquo;annonce l\u00e9gale, n&rsquo;h\u00e9sitez pas \u00e0 faire un devis ou \u00e0 contacter la plate-forme pour toute demande d&rsquo;information.<\/p>\n<br\/><br\/><div class=\"entry-content notopmargin\">\n\t<img decoding=\"async\" class=\"img-fluid fleft\" src=\"https:\/\/www.annonces-legales.org\/images\/rapide-economique-tout-departement.png\" alt=\"Journal d'annonce l\u00e9gale du 65 \"><a href=\"https:\/\/www.annonces-legales.org\/publication-annonce-legale.html\" class=\"button button-desc fright mtop30\"><div>Je publie<br> mon annonce<br> l\u00e9gale<\/div><span>dans un journal du 65 !<\/span><\/a>\n<\/div><div class=\"clrbth\"><\/div><br\/><br\/>\n","protected":false},"excerpt":{"rendered":"<p>Cr\u00e9\u00e9e \u00e0 la fin de l&rsquo;ann\u00e9e 1994, la semaine des Pyr\u00e9n\u00e9es est l&rsquo;un des journaux locaux les plus lu dans [&hellip;]<\/p>\n","protected":false},"author":1,"featured_media":0,"parent":351,"menu_order":0,"comment_status":"closed","ping_status":"closed","template":"","meta":{"inline_featured_image":false,"footnotes":""},"class_list":["post-1166","page","type-page","status-publish","hentry"],"yoast_head":"<!-- This site is optimized with the Yoast SEO plugin v26.8 - https:\/\/yoast.com\/product\/yoast-seo-wordpress\/ -->\n<title>La semaine des Pyr\u00e9n\u00e9es - Actualit\u00e9 des entreprises<\/title>\n<meta name=\"robots\" content=\"index, follow, max-snippet:-1, max-image-preview:large, max-video-preview:-1\" \/>\n<link rel=\"canonical\" href=\"https:\/\/www.annonces-legales.org\/blog\/la-semaine-des-pyrenees\/\" \/>\n<meta property=\"og:locale\" content=\"fr_FR\" \/>\n<meta property=\"og:type\" content=\"article\" \/>\n<meta property=\"og:title\" content=\"La semaine des Pyr\u00e9n\u00e9es - Actualit\u00e9 des entreprises\" \/>\n<meta property=\"og:description\" content=\"Cr\u00e9\u00e9e \u00e0 la fin de l&rsquo;ann\u00e9e 1994, la semaine des Pyr\u00e9n\u00e9es est l&rsquo;un des journaux locaux les plus lu dans [&hellip;]\" \/>\n<meta property=\"og:url\" content=\"https:\/\/www.annonces-legales.org\/blog\/la-semaine-des-pyrenees\/\" \/>\n<meta property=\"og:site_name\" content=\"Actualit\u00e9 des entreprises\" \/>\n<meta property=\"article:modified_time\" content=\"2022-01-26T11:01:40+00:00\" \/>\n<meta property=\"og:image\" content=\"https:\/\/www.annonces-legales.org\/blog\/wp-content\/uploads\/2021\/10\/semaine-des-Pyrenees.png\" \/>\n\t<meta property=\"og:image:width\" content=\"303\" \/>\n\t<meta property=\"og:image:height\" content=\"90\" \/>\n\t<meta property=\"og:image:type\" content=\"image\/png\" \/>\n<meta name=\"twitter:card\" content=\"summary_large_image\" \/>\n<meta name=\"twitter:label1\" content=\"Dur\u00e9e de lecture estim\u00e9e\" \/>\n\t<meta name=\"twitter:data1\" content=\"3 minutes\" \/>\n<script type=\"application\/ld+json\" class=\"yoast-schema-graph\">{\"@context\":\"https:\/\/schema.org\",\"@graph\":[{\"@type\":\"WebPage\",\"@id\":\"https:\/\/www.annonces-legales.org\/blog\/la-semaine-des-pyrenees\/\",\"url\":\"https:\/\/www.annonces-legales.org\/blog\/la-semaine-des-pyrenees\/\",\"name\":\"La semaine des Pyr\u00e9n\u00e9es - Actualit\u00e9 des entreprises\",\"isPartOf\":{\"@id\":\"https:\/\/www.annonces-legales.org\/blog\/#website\"},\"primaryImageOfPage\":{\"@id\":\"https:\/\/www.annonces-legales.org\/blog\/la-semaine-des-pyrenees\/#primaryimage\"},\"image\":{\"@id\":\"https:\/\/www.annonces-legales.org\/blog\/la-semaine-des-pyrenees\/#primaryimage\"},\"thumbnailUrl\":\"https:\/\/www.annonces-legales.org\/blog\/wp-content\/uploads\/2021\/10\/semaine-des-Pyrenees.png\",\"datePublished\":\"2021-10-12T17:42:02+00:00\",\"dateModified\":\"2022-01-26T11:01:40+00:00\",\"breadcrumb\":{\"@id\":\"https:\/\/www.annonces-legales.org\/blog\/la-semaine-des-pyrenees\/#breadcrumb\"},\"inLanguage\":\"fr-FR\",\"potentialAction\":[{\"@type\":\"ReadAction\",\"target\":[\"https:\/\/www.annonces-legales.org\/blog\/la-semaine-des-pyrenees\/\"]}]},{\"@type\":\"ImageObject\",\"inLanguage\":\"fr-FR\",\"@id\":\"https:\/\/www.annonces-legales.org\/blog\/la-semaine-des-pyrenees\/#primaryimage\",\"url\":\"https:\/\/www.annonces-legales.org\/blog\/wp-content\/uploads\/2021\/10\/semaine-des-Pyrenees.png\",\"contentUrl\":\"https:\/\/www.annonces-legales.org\/blog\/wp-content\/uploads\/2021\/10\/semaine-des-Pyrenees.png\",\"width\":303,\"height\":90},{\"@type\":\"BreadcrumbList\",\"@id\":\"https:\/\/www.annonces-legales.org\/blog\/la-semaine-des-pyrenees\/#breadcrumb\",\"itemListElement\":[{\"@type\":\"ListItem\",\"position\":1,\"name\":\"Accueil\",\"item\":\"https:\/\/www.annonces-legales.org\/blog\/\"},{\"@type\":\"ListItem\",\"position\":2,\"name\":\"Liste des journaux habilit\u00e9s \u00e0 publier des annonces l\u00e9gales\",\"item\":\"https:\/\/www.annonces-legales.org\/blog\/liste-des-journaux-habilites-a-publier-des-annonces-legales\/\"},{\"@type\":\"ListItem\",\"position\":3,\"name\":\"La semaine des Pyr\u00e9n\u00e9es\"}]},{\"@type\":\"WebSite\",\"@id\":\"https:\/\/www.annonces-legales.org\/blog\/#website\",\"url\":\"https:\/\/www.annonces-legales.org\/blog\/\",\"name\":\"Actualit\u00e9 des entreprises\",\"description\":\"\",\"publisher\":{\"@id\":\"https:\/\/www.annonces-legales.org\/blog\/#organization\"},\"potentialAction\":[{\"@type\":\"SearchAction\",\"target\":{\"@type\":\"EntryPoint\",\"urlTemplate\":\"https:\/\/www.annonces-legales.org\/blog\/?s={search_term_string}\"},\"query-input\":{\"@type\":\"PropertyValueSpecification\",\"valueRequired\":true,\"valueName\":\"search_term_string\"}}],\"inLanguage\":\"fr-FR\"},{\"@type\":\"Organization\",\"@id\":\"https:\/\/www.annonces-legales.org\/blog\/#organization\",\"name\":\"Actualit\u00e9 des entreprises\",\"url\":\"https:\/\/www.annonces-legales.org\/blog\/\",\"logo\":{\"@type\":\"ImageObject\",\"inLanguage\":\"fr-FR\",\"@id\":\"https:\/\/www.annonces-legales.org\/blog\/#\/schema\/logo\/image\/\",\"url\":\"https:\/\/www.annonces-legales.org\/blog\/wp-content\/uploads\/2023\/08\/annonces-legales.svg\",\"contentUrl\":\"https:\/\/www.annonces-legales.org\/blog\/wp-content\/uploads\/2023\/08\/annonces-legales.svg\",\"caption\":\"Actualit\u00e9 des entreprises\"},\"image\":{\"@id\":\"https:\/\/www.annonces-legales.org\/blog\/#\/schema\/logo\/image\/\"}}]}<\/script>\n<!-- \/ Yoast SEO plugin. -->","yoast_head_json":{"title":"La semaine des Pyr\u00e9n\u00e9es - Actualit\u00e9 des entreprises","robots":{"index":"index","follow":"follow","max-snippet":"max-snippet:-1","max-image-preview":"max-image-preview:large","max-video-preview":"max-video-preview:-1"},"canonical":"https:\/\/www.annonces-legales.org\/blog\/la-semaine-des-pyrenees\/","og_locale":"fr_FR","og_type":"article","og_title":"La semaine des Pyr\u00e9n\u00e9es - Actualit\u00e9 des entreprises","og_description":"Cr\u00e9\u00e9e \u00e0 la fin de l&rsquo;ann\u00e9e 1994, la semaine des Pyr\u00e9n\u00e9es est l&rsquo;un des journaux locaux les plus lu dans [&hellip;]","og_url":"https:\/\/www.annonces-legales.org\/blog\/la-semaine-des-pyrenees\/","og_site_name":"Actualit\u00e9 des entreprises","article_modified_time":"2022-01-26T11:01:40+00:00","og_image":[{"width":303,"height":90,"url":"https:\/\/www.annonces-legales.org\/blog\/wp-content\/uploads\/2021\/10\/semaine-des-Pyrenees.png","type":"image\/png"}],"twitter_card":"summary_large_image","twitter_misc":{"Dur\u00e9e de lecture estim\u00e9e":"3 minutes"},"schema":{"@context":"https:\/\/schema.org","@graph":[{"@type":"WebPage","@id":"https:\/\/www.annonces-legales.org\/blog\/la-semaine-des-pyrenees\/","url":"https:\/\/www.annonces-legales.org\/blog\/la-semaine-des-pyrenees\/","name":"La semaine des Pyr\u00e9n\u00e9es - Actualit\u00e9 des entreprises","isPartOf":{"@id":"https:\/\/www.annonces-legales.org\/blog\/#website"},"primaryImageOfPage":{"@id":"https:\/\/www.annonces-legales.org\/blog\/la-semaine-des-pyrenees\/#primaryimage"},"image":{"@id":"https:\/\/www.annonces-legales.org\/blog\/la-semaine-des-pyrenees\/#primaryimage"},"thumbnailUrl":"https:\/\/www.annonces-legales.org\/blog\/wp-content\/uploads\/2021\/10\/semaine-des-Pyrenees.png","datePublished":"2021-10-12T17:42:02+00:00","dateModified":"2022-01-26T11:01:40+00:00","breadcrumb":{"@id":"https:\/\/www.annonces-legales.org\/blog\/la-semaine-des-pyrenees\/#breadcrumb"},"inLanguage":"fr-FR","potentialAction":[{"@type":"ReadAction","target":["https:\/\/www.annonces-legales.org\/blog\/la-semaine-des-pyrenees\/"]}]},{"@type":"ImageObject","inLanguage":"fr-FR","@id":"https:\/\/www.annonces-legales.org\/blog\/la-semaine-des-pyrenees\/#primaryimage","url":"https:\/\/www.annonces-legales.org\/blog\/wp-content\/uploads\/2021\/10\/semaine-des-Pyrenees.png","contentUrl":"https:\/\/www.annonces-legales.org\/blog\/wp-content\/uploads\/2021\/10\/semaine-des-Pyrenees.png","width":303,"height":90},{"@type":"BreadcrumbList","@id":"https:\/\/www.annonces-legales.org\/blog\/la-semaine-des-pyrenees\/#breadcrumb","itemListElement":[{"@type":"ListItem","position":1,"name":"Accueil","item":"https:\/\/www.annonces-legales.org\/blog\/"},{"@type":"ListItem","position":2,"name":"Liste des journaux habilit\u00e9s \u00e0 publier des annonces l\u00e9gales","item":"https:\/\/www.annonces-legales.org\/blog\/liste-des-journaux-habilites-a-publier-des-annonces-legales\/"},{"@type":"ListItem","position":3,"name":"La semaine des Pyr\u00e9n\u00e9es"}]},{"@type":"WebSite","@id":"https:\/\/www.annonces-legales.org\/blog\/#website","url":"https:\/\/www.annonces-legales.org\/blog\/","name":"Actualit\u00e9 des entreprises","description":"","publisher":{"@id":"https:\/\/www.annonces-legales.org\/blog\/#organization"},"potentialAction":[{"@type":"SearchAction","target":{"@type":"EntryPoint","urlTemplate":"https:\/\/www.annonces-legales.org\/blog\/?s={search_term_string}"},"query-input":{"@type":"PropertyValueSpecification","valueRequired":true,"valueName":"search_term_string"}}],"inLanguage":"fr-FR"},{"@type":"Organization","@id":"https:\/\/www.annonces-legales.org\/blog\/#organization","name":"Actualit\u00e9 des entreprises","url":"https:\/\/www.annonces-legales.org\/blog\/","logo":{"@type":"ImageObject","inLanguage":"fr-FR","@id":"https:\/\/www.annonces-legales.org\/blog\/#\/schema\/logo\/image\/","url":"https:\/\/www.annonces-legales.org\/blog\/wp-content\/uploads\/2023\/08\/annonces-legales.svg","contentUrl":"https:\/\/www.annonces-legales.org\/blog\/wp-content\/uploads\/2023\/08\/annonces-legales.svg","caption":"Actualit\u00e9 des entreprises"},"image":{"@id":"https:\/\/www.annonces-legales.org\/blog\/#\/schema\/logo\/image\/"}}]}},"_links":{"self":[{"href":"https:\/\/www.annonces-legales.org\/blog\/wp-json\/wp\/v2\/pages\/1166","targetHints":{"allow":["GET"]}}],"collection":[{"href":"https:\/\/www.annonces-legales.org\/blog\/wp-json\/wp\/v2\/pages"}],"about":[{"href":"https:\/\/www.annonces-legales.org\/blog\/wp-json\/wp\/v2\/types\/page"}],"author":[{"embeddable":true,"href":"https:\/\/www.annonces-legales.org\/blog\/wp-json\/wp\/v2\/users\/1"}],"replies":[{"embeddable":true,"href":"https:\/\/www.annonces-legales.org\/blog\/wp-json\/wp\/v2\/comments?post=1166"}],"version-history":[{"count":3,"href":"https:\/\/www.annonces-legales.org\/blog\/wp-json\/wp\/v2\/pages\/1166\/revisions"}],"predecessor-version":[{"id":1302,"href":"https:\/\/www.annonces-legales.org\/blog\/wp-json\/wp\/v2\/pages\/1166\/revisions\/1302"}],"up":[{"embeddable":true,"href":"https:\/\/www.annonces-legales.org\/blog\/wp-json\/wp\/v2\/pages\/351"}],"wp:attachment":[{"href":"https:\/\/www.annonces-legales.org\/blog\/wp-json\/wp\/v2\/media?parent=1166"}],"curies":[{"name":"wp","href":"https:\/\/api.w.org\/{rel}","templated":true}]}}