{"id":1175,"date":"2021-10-12T19:52:51","date_gmt":"2021-10-12T17:52:51","guid":{"rendered":"https:\/\/www.annonces-legales.org\/blog\/?page_id=1175"},"modified":"2022-01-26T12:07:59","modified_gmt":"2022-01-26T11:07:59","slug":"metropolitain-7-officiel","status":"publish","type":"page","link":"https:\/\/www.annonces-legales.org\/blog\/metropolitain-7-officiel\/","title":{"rendered":"M\u00e9tropolitain \u2013 7 Officiel"},"content":{"rendered":"<p><img loading=\"lazy\" decoding=\"async\" class=\"aligncenter size-full wp-image-1292\" src=\"https:\/\/www.annonces-legales.org\/blog\/wp-content\/uploads\/2021\/10\/Metropolitain7-Officiel.png\" alt=\"\" width=\"225\" height=\"225\" srcset=\"https:\/\/www.annonces-legales.org\/blog\/wp-content\/uploads\/2021\/10\/Metropolitain7-Officiel.png 225w, https:\/\/www.annonces-legales.org\/blog\/wp-content\/uploads\/2021\/10\/Metropolitain7-Officiel-150x150.png 150w\" sizes=\"auto, (max-width: 225px) 100vw, 225px\" \/><\/p>\n<p>Le M\u00e9tropolitain 7 Officiel est un journal hebdomadaire qui para\u00eet dans le d\u00e9partement de l&rsquo;H\u00e9rault.<br \/>\nChaque mardi, il publie des informations locales sur le th\u00e8me de l&rsquo;\u00e9conomie, de la politique, des loisirs, du sport\u2026<\/p>\n<p>L&rsquo;adresse du journal est 2, Rue Stanislas Digeaon, 34000 Montpellier. D\u00e9sol\u00e9 journal et les 04 99 61 41 31. L&rsquo;adresse mail du journal est redaction@e-metropolitain.fr<\/p>\n<p>&nbsp;<\/p>\n<h2>Publier une annonce l\u00e9gale avec le M\u00e9tropolitain 7 Officiel<\/h2>\n<p>Le journal M\u00e9tropolitain 7 Officiel poss\u00e8de un site internet sur lequel il est possible de lire en clair des actualit\u00e9s. Le journal est aussi habilit\u00e9 \u00e0 publier des annonces l\u00e9gales pour le d\u00e9partement 34 (H\u00e9rault). Les entreprises h\u00e9raultaises peuvent donc utiliser ce journal pour s&rsquo;acquitter de leur formalit\u00e9 d&rsquo;annonce l\u00e9gale. Plus de 100 entreprises diff\u00e9rentes font confiance chaque semaine \u00e0 ce journal pour la publication de leurs avis officiels.<\/p>\n<p>&nbsp;<\/p>\n<h2>Quel journal doit-on utiliser pour publier une annonce l\u00e9gale dans le d\u00e9partement de l&rsquo;H\u00e9rault ?<\/h2>\n<p>N&rsquo;importe quel journal papier ou num\u00e9rique qui a une habilitation \u00e0 jour de la part de la pr\u00e9fecture peut publier des annonces l\u00e9gales. <strong>Le M\u00e9tropolitain 7 Officiel<\/strong> peut donc effectuer cette formalit\u00e9 (en tout cas pour l&rsquo;ann\u00e9e en cours 2021).<\/p>\n<p>&nbsp;<\/p>\n<h2>Quelles sont les journaux d&rsquo;annonce l\u00e9gale qui poss\u00e8de l&rsquo;habilitation pour le d\u00e9partement de l&rsquo;H\u00e9rault ?<\/h2>\n<p>Pour l&rsquo;ann\u00e9e 2021, les journaux papier qui peuvent publier des annonces officielles sont les suivants :<br \/>\n\u2013 <a href=\"https:\/\/www.annonces-legales.org\/blog\/la-gazette-de-montpellier\/\">la gazette de Montpellier<\/a><br \/>\n\u2013 le mouvement<br \/>\n\u2013 <a href=\"https:\/\/www.annonces-legales.org\/blog\/herault-juridique-et-economique\/\">H\u00e9rault juridique et \u00e9conomique<\/a><br \/>\n\u2013 le petit journal \u00e9dition de l&rsquo;h\u00e9rault<br \/>\n\u2013 Midi Libre\/\u00e9dition de l&rsquo;h\u00e9rault<br \/>\n&#8211; M\u00e9tropolitain 7 Officiel<\/p>\n","protected":false},"excerpt":{"rendered":"<p>Le M\u00e9tropolitain 7 Officiel est un journal hebdomadaire qui para\u00eet dans le d\u00e9partement de l&rsquo;H\u00e9rault. Chaque mardi, il publie des [&hellip;]<\/p>\n","protected":false},"author":1,"featured_media":0,"parent":351,"menu_order":0,"comment_status":"closed","ping_status":"closed","template":"","meta":{"inline_featured_image":false,"footnotes":""},"class_list":["post-1175","page","type-page","status-publish","hentry"],"yoast_head":"<!-- This site is optimized with the Yoast SEO plugin v26.8 - https:\/\/yoast.com\/product\/yoast-seo-wordpress\/ -->\n<title>M\u00e9tropolitain \u2013 7 Officiel - Actualit\u00e9 des entreprises<\/title>\n<meta name=\"robots\" content=\"index, follow, max-snippet:-1, max-image-preview:large, max-video-preview:-1\" \/>\n<link rel=\"canonical\" href=\"https:\/\/www.annonces-legales.org\/blog\/metropolitain-7-officiel\/\" \/>\n<meta property=\"og:locale\" content=\"fr_FR\" \/>\n<meta property=\"og:type\" content=\"article\" \/>\n<meta property=\"og:title\" content=\"M\u00e9tropolitain \u2013 7 Officiel - Actualit\u00e9 des entreprises\" \/>\n<meta property=\"og:description\" content=\"Le M\u00e9tropolitain 7 Officiel est un journal hebdomadaire qui para\u00eet dans le d\u00e9partement de l&rsquo;H\u00e9rault. Chaque mardi, il publie des [&hellip;]\" \/>\n<meta property=\"og:url\" content=\"https:\/\/www.annonces-legales.org\/blog\/metropolitain-7-officiel\/\" \/>\n<meta property=\"og:site_name\" content=\"Actualit\u00e9 des entreprises\" \/>\n<meta property=\"article:modified_time\" content=\"2022-01-26T11:07:59+00:00\" \/>\n<meta property=\"og:image\" content=\"https:\/\/www.annonces-legales.org\/blog\/wp-content\/uploads\/2021\/10\/Metropolitain7-Officiel.png\" \/>\n\t<meta property=\"og:image:width\" content=\"225\" \/>\n\t<meta property=\"og:image:height\" content=\"225\" \/>\n\t<meta property=\"og:image:type\" content=\"image\/png\" \/>\n<meta name=\"twitter:card\" content=\"summary_large_image\" \/>\n<meta name=\"twitter:label1\" content=\"Dur\u00e9e de lecture estim\u00e9e\" \/>\n\t<meta name=\"twitter:data1\" content=\"1 minute\" \/>\n<script type=\"application\/ld+json\" class=\"yoast-schema-graph\">{\"@context\":\"https:\/\/schema.org\",\"@graph\":[{\"@type\":\"WebPage\",\"@id\":\"https:\/\/www.annonces-legales.org\/blog\/metropolitain-7-officiel\/\",\"url\":\"https:\/\/www.annonces-legales.org\/blog\/metropolitain-7-officiel\/\",\"name\":\"M\u00e9tropolitain \u2013 7 Officiel - Actualit\u00e9 des entreprises\",\"isPartOf\":{\"@id\":\"https:\/\/www.annonces-legales.org\/blog\/#website\"},\"primaryImageOfPage\":{\"@id\":\"https:\/\/www.annonces-legales.org\/blog\/metropolitain-7-officiel\/#primaryimage\"},\"image\":{\"@id\":\"https:\/\/www.annonces-legales.org\/blog\/metropolitain-7-officiel\/#primaryimage\"},\"thumbnailUrl\":\"https:\/\/www.annonces-legales.org\/blog\/wp-content\/uploads\/2021\/10\/Metropolitain7-Officiel.png\",\"datePublished\":\"2021-10-12T17:52:51+00:00\",\"dateModified\":\"2022-01-26T11:07:59+00:00\",\"breadcrumb\":{\"@id\":\"https:\/\/www.annonces-legales.org\/blog\/metropolitain-7-officiel\/#breadcrumb\"},\"inLanguage\":\"fr-FR\",\"potentialAction\":[{\"@type\":\"ReadAction\",\"target\":[\"https:\/\/www.annonces-legales.org\/blog\/metropolitain-7-officiel\/\"]}]},{\"@type\":\"ImageObject\",\"inLanguage\":\"fr-FR\",\"@id\":\"https:\/\/www.annonces-legales.org\/blog\/metropolitain-7-officiel\/#primaryimage\",\"url\":\"https:\/\/www.annonces-legales.org\/blog\/wp-content\/uploads\/2021\/10\/Metropolitain7-Officiel.png\",\"contentUrl\":\"https:\/\/www.annonces-legales.org\/blog\/wp-content\/uploads\/2021\/10\/Metropolitain7-Officiel.png\",\"width\":225,\"height\":225},{\"@type\":\"BreadcrumbList\",\"@id\":\"https:\/\/www.annonces-legales.org\/blog\/metropolitain-7-officiel\/#breadcrumb\",\"itemListElement\":[{\"@type\":\"ListItem\",\"position\":1,\"name\":\"Accueil\",\"item\":\"https:\/\/www.annonces-legales.org\/blog\/\"},{\"@type\":\"ListItem\",\"position\":2,\"name\":\"Liste des journaux habilit\u00e9s \u00e0 publier des annonces l\u00e9gales\",\"item\":\"https:\/\/www.annonces-legales.org\/blog\/liste-des-journaux-habilites-a-publier-des-annonces-legales\/\"},{\"@type\":\"ListItem\",\"position\":3,\"name\":\"M\u00e9tropolitain \u2013 7 Officiel\"}]},{\"@type\":\"WebSite\",\"@id\":\"https:\/\/www.annonces-legales.org\/blog\/#website\",\"url\":\"https:\/\/www.annonces-legales.org\/blog\/\",\"name\":\"Actualit\u00e9 des entreprises\",\"description\":\"\",\"publisher\":{\"@id\":\"https:\/\/www.annonces-legales.org\/blog\/#organization\"},\"potentialAction\":[{\"@type\":\"SearchAction\",\"target\":{\"@type\":\"EntryPoint\",\"urlTemplate\":\"https:\/\/www.annonces-legales.org\/blog\/?s={search_term_string}\"},\"query-input\":{\"@type\":\"PropertyValueSpecification\",\"valueRequired\":true,\"valueName\":\"search_term_string\"}}],\"inLanguage\":\"fr-FR\"},{\"@type\":\"Organization\",\"@id\":\"https:\/\/www.annonces-legales.org\/blog\/#organization\",\"name\":\"Actualit\u00e9 des entreprises\",\"url\":\"https:\/\/www.annonces-legales.org\/blog\/\",\"logo\":{\"@type\":\"ImageObject\",\"inLanguage\":\"fr-FR\",\"@id\":\"https:\/\/www.annonces-legales.org\/blog\/#\/schema\/logo\/image\/\",\"url\":\"https:\/\/www.annonces-legales.org\/blog\/wp-content\/uploads\/2023\/08\/annonces-legales.svg\",\"contentUrl\":\"https:\/\/www.annonces-legales.org\/blog\/wp-content\/uploads\/2023\/08\/annonces-legales.svg\",\"caption\":\"Actualit\u00e9 des entreprises\"},\"image\":{\"@id\":\"https:\/\/www.annonces-legales.org\/blog\/#\/schema\/logo\/image\/\"}}]}<\/script>\n<!-- \/ Yoast SEO plugin. -->","yoast_head_json":{"title":"M\u00e9tropolitain \u2013 7 Officiel - Actualit\u00e9 des entreprises","robots":{"index":"index","follow":"follow","max-snippet":"max-snippet:-1","max-image-preview":"max-image-preview:large","max-video-preview":"max-video-preview:-1"},"canonical":"https:\/\/www.annonces-legales.org\/blog\/metropolitain-7-officiel\/","og_locale":"fr_FR","og_type":"article","og_title":"M\u00e9tropolitain \u2013 7 Officiel - Actualit\u00e9 des entreprises","og_description":"Le M\u00e9tropolitain 7 Officiel est un journal hebdomadaire qui para\u00eet dans le d\u00e9partement de l&rsquo;H\u00e9rault. Chaque mardi, il publie des [&hellip;]","og_url":"https:\/\/www.annonces-legales.org\/blog\/metropolitain-7-officiel\/","og_site_name":"Actualit\u00e9 des entreprises","article_modified_time":"2022-01-26T11:07:59+00:00","og_image":[{"width":225,"height":225,"url":"https:\/\/www.annonces-legales.org\/blog\/wp-content\/uploads\/2021\/10\/Metropolitain7-Officiel.png","type":"image\/png"}],"twitter_card":"summary_large_image","twitter_misc":{"Dur\u00e9e de lecture estim\u00e9e":"1 minute"},"schema":{"@context":"https:\/\/schema.org","@graph":[{"@type":"WebPage","@id":"https:\/\/www.annonces-legales.org\/blog\/metropolitain-7-officiel\/","url":"https:\/\/www.annonces-legales.org\/blog\/metropolitain-7-officiel\/","name":"M\u00e9tropolitain \u2013 7 Officiel - Actualit\u00e9 des entreprises","isPartOf":{"@id":"https:\/\/www.annonces-legales.org\/blog\/#website"},"primaryImageOfPage":{"@id":"https:\/\/www.annonces-legales.org\/blog\/metropolitain-7-officiel\/#primaryimage"},"image":{"@id":"https:\/\/www.annonces-legales.org\/blog\/metropolitain-7-officiel\/#primaryimage"},"thumbnailUrl":"https:\/\/www.annonces-legales.org\/blog\/wp-content\/uploads\/2021\/10\/Metropolitain7-Officiel.png","datePublished":"2021-10-12T17:52:51+00:00","dateModified":"2022-01-26T11:07:59+00:00","breadcrumb":{"@id":"https:\/\/www.annonces-legales.org\/blog\/metropolitain-7-officiel\/#breadcrumb"},"inLanguage":"fr-FR","potentialAction":[{"@type":"ReadAction","target":["https:\/\/www.annonces-legales.org\/blog\/metropolitain-7-officiel\/"]}]},{"@type":"ImageObject","inLanguage":"fr-FR","@id":"https:\/\/www.annonces-legales.org\/blog\/metropolitain-7-officiel\/#primaryimage","url":"https:\/\/www.annonces-legales.org\/blog\/wp-content\/uploads\/2021\/10\/Metropolitain7-Officiel.png","contentUrl":"https:\/\/www.annonces-legales.org\/blog\/wp-content\/uploads\/2021\/10\/Metropolitain7-Officiel.png","width":225,"height":225},{"@type":"BreadcrumbList","@id":"https:\/\/www.annonces-legales.org\/blog\/metropolitain-7-officiel\/#breadcrumb","itemListElement":[{"@type":"ListItem","position":1,"name":"Accueil","item":"https:\/\/www.annonces-legales.org\/blog\/"},{"@type":"ListItem","position":2,"name":"Liste des journaux habilit\u00e9s \u00e0 publier des annonces l\u00e9gales","item":"https:\/\/www.annonces-legales.org\/blog\/liste-des-journaux-habilites-a-publier-des-annonces-legales\/"},{"@type":"ListItem","position":3,"name":"M\u00e9tropolitain \u2013 7 Officiel"}]},{"@type":"WebSite","@id":"https:\/\/www.annonces-legales.org\/blog\/#website","url":"https:\/\/www.annonces-legales.org\/blog\/","name":"Actualit\u00e9 des entreprises","description":"","publisher":{"@id":"https:\/\/www.annonces-legales.org\/blog\/#organization"},"potentialAction":[{"@type":"SearchAction","target":{"@type":"EntryPoint","urlTemplate":"https:\/\/www.annonces-legales.org\/blog\/?s={search_term_string}"},"query-input":{"@type":"PropertyValueSpecification","valueRequired":true,"valueName":"search_term_string"}}],"inLanguage":"fr-FR"},{"@type":"Organization","@id":"https:\/\/www.annonces-legales.org\/blog\/#organization","name":"Actualit\u00e9 des entreprises","url":"https:\/\/www.annonces-legales.org\/blog\/","logo":{"@type":"ImageObject","inLanguage":"fr-FR","@id":"https:\/\/www.annonces-legales.org\/blog\/#\/schema\/logo\/image\/","url":"https:\/\/www.annonces-legales.org\/blog\/wp-content\/uploads\/2023\/08\/annonces-legales.svg","contentUrl":"https:\/\/www.annonces-legales.org\/blog\/wp-content\/uploads\/2023\/08\/annonces-legales.svg","caption":"Actualit\u00e9 des entreprises"},"image":{"@id":"https:\/\/www.annonces-legales.org\/blog\/#\/schema\/logo\/image\/"}}]}},"_links":{"self":[{"href":"https:\/\/www.annonces-legales.org\/blog\/wp-json\/wp\/v2\/pages\/1175","targetHints":{"allow":["GET"]}}],"collection":[{"href":"https:\/\/www.annonces-legales.org\/blog\/wp-json\/wp\/v2\/pages"}],"about":[{"href":"https:\/\/www.annonces-legales.org\/blog\/wp-json\/wp\/v2\/types\/page"}],"author":[{"embeddable":true,"href":"https:\/\/www.annonces-legales.org\/blog\/wp-json\/wp\/v2\/users\/1"}],"replies":[{"embeddable":true,"href":"https:\/\/www.annonces-legales.org\/blog\/wp-json\/wp\/v2\/comments?post=1175"}],"version-history":[{"count":2,"href":"https:\/\/www.annonces-legales.org\/blog\/wp-json\/wp\/v2\/pages\/1175\/revisions"}],"predecessor-version":[{"id":1293,"href":"https:\/\/www.annonces-legales.org\/blog\/wp-json\/wp\/v2\/pages\/1175\/revisions\/1293"}],"up":[{"embeddable":true,"href":"https:\/\/www.annonces-legales.org\/blog\/wp-json\/wp\/v2\/pages\/351"}],"wp:attachment":[{"href":"https:\/\/www.annonces-legales.org\/blog\/wp-json\/wp\/v2\/media?parent=1175"}],"curies":[{"name":"wp","href":"https:\/\/api.w.org\/{rel}","templated":true}]}}