{"id":1185,"date":"2021-10-12T20:08:15","date_gmt":"2021-10-12T18:08:15","guid":{"rendered":"https:\/\/www.annonces-legales.org\/blog\/?page_id=1185"},"modified":"2022-01-26T12:06:47","modified_gmt":"2022-01-26T11:06:47","slug":"les-infos-de-redon-et-de-ploermel","status":"publish","type":"page","link":"https:\/\/www.annonces-legales.org\/blog\/les-infos-de-redon-et-de-ploermel\/","title":{"rendered":"Les Infos de Redon et de Plo\u00ebrmel"},"content":{"rendered":"<p><img loading=\"lazy\" decoding=\"async\" class=\"aligncenter wp-image-1281 size-full\" src=\"https:\/\/www.annonces-legales.org\/blog\/wp-content\/uploads\/2021\/10\/Infos-de-Redon-et-de-Ploermel.png\" alt=\"Infos de Redon et de Plo\u00ebrmel\" width=\"275\" height=\"172\" \/><\/p>\n<p><strong>Les Infos de Redon et de Plo\u00ebrmel<\/strong> sont disponibles tous les mercredis dans les maisons de presse d&rsquo;Ille-et-Vilaine, de Loire-Atlantique, et du Morbihan.<\/p>\n<p>Ce journal propose notamment des informations sur Sainte-Marie, Saint-Nicolas de Redon, la Gacilly,\u00a0 Briac et Saint-Jean-La-Poterie.<\/p>\n<p>Ce journal hebdomadaire est vendu 1,50 euros. Il a \u00e9t\u00e9 cr\u00e9\u00e9 il y a plus de 40 ans par <strong>Gaston Renaud<\/strong>. Le journal est surnomm\u00e9 plus simplement \u00ab les infos \u00bb.<\/p>\n<p>&nbsp;<\/p>\n<h2>Abonnement aux Infos de Redon et de Plo\u00ebrmel<\/h2>\n<p>Un abonnement pour un an aux Infos de Redon et de Plo\u00ebrmel co\u00fbte 57 \u20ac. Le journal propose \u00e9galement de publier des <strong>petites annonces<\/strong> ou des <strong>annonces l\u00e9gales<\/strong>. Le directeur de la publication de cet hebdomadaire est Pierre Roussette. Son r\u00e9dacteur en chef est Gwena\u00eblle Merret.<\/p>\n<p>Cet hebdomadaire fait partie du <strong>groupe Les Infos &#8211; les nouvelles de Bretagne<\/strong>.<\/p>\n<p>Cet hebdomadaire peut d\u00e9poser des annonces judiciaires et l\u00e9gales dans trois d\u00e9partements : l&rsquo;Ille-et-Vilaine (35), la Loire Atlantique (44), le Morbihan (56).<\/p>\n<p>L&rsquo;adresse de l&rsquo;hebdomadaire : 1, All\u00e9e des primev\u00e8res La Gacilly (56204). T\u00e9l\u00e9phone du journal : 02 99 71 64 00.<\/p>\n<h2>La formalit\u00e9 d&rsquo;annonce l\u00e9gale<\/h2>\n<p>Les entreprises fran\u00e7aises doivent rendre compte publiquement de leurs activit\u00e9s et des transformations qu&rsquo;elles subissent. La diffusion d&rsquo;annonce l\u00e9gale permet \u00e0 tout le monde de pouvoir consulter des informations l\u00e9gales et v\u00e9ridiques sur les entreprises.<br \/>\nCes annonces doivent diffuser dans des journaux sp\u00e9ciaux, des journaux d&rsquo;annonce l\u00e9gale comme Les Infos de Redon et de Plo\u00ebrmel. Ce sont des journaux papier locaux classiques mais qui ont une autorisation officielle pour faire cette formalit\u00e9.<br \/>\nLa publication d&rsquo;annonce l\u00e9gale co\u00fbte entre 80 et 400 \u20ac selon l&rsquo;annonce et le d\u00e9partement.<\/p>\n<h2>Annonces-legales.org, votre diffuseur d&rsquo;annonces l\u00e9gales<\/h2>\n<p>Sur Annonces-legales.org, la priorit\u00e9 est mise sur le prix et la rapidit\u00e9 de publication. M\u00eame si chaque annonce l\u00e9gale est v\u00e9rifi\u00e9e, un avis de publication est fournie tr\u00e8s rapidement \u00e0 chaque commande. De plus, comme beaucoup de journaux officiels sont partenaires avec le service, le choix du journal de publication est important.<\/p>\n<p>&nbsp;<\/p>\n<br\/><br\/><div class=\"entry-content notopmargin\">\n\t<img decoding=\"async\" class=\"img-fluid fleft\" src=\"https:\/\/www.annonces-legales.org\/images\/rapide-economique-tout-departement.png\" alt=\"Journal d'annonce l\u00e9gale pas cher \"><a href=\"https:\/\/www.annonces-legales.org\/publication-annonce-legale.html\" class=\"button button-desc fright mtop30\"><div>Je publie<br> mon annonce<br> l\u00e9gale<\/div><span>dans un journal pas cher !<\/span><\/a>\n<\/div><div class=\"clrbth\"><\/div><br\/><br\/>\n","protected":false},"excerpt":{"rendered":"<p>Les Infos de Redon et de Plo\u00ebrmel sont disponibles tous les mercredis dans les maisons de presse d&rsquo;Ille-et-Vilaine, de Loire-Atlantique, [&hellip;]<\/p>\n","protected":false},"author":1,"featured_media":0,"parent":351,"menu_order":0,"comment_status":"closed","ping_status":"closed","template":"","meta":{"inline_featured_image":false,"footnotes":""},"class_list":["post-1185","page","type-page","status-publish","hentry"],"yoast_head":"<!-- This site is optimized with the Yoast SEO plugin v26.8 - https:\/\/yoast.com\/product\/yoast-seo-wordpress\/ -->\n<title>Les Infos de Redon et de Plo\u00ebrmel - Actualit\u00e9 des entreprises<\/title>\n<meta name=\"robots\" content=\"index, follow, max-snippet:-1, max-image-preview:large, max-video-preview:-1\" \/>\n<link rel=\"canonical\" href=\"https:\/\/www.annonces-legales.org\/blog\/les-infos-de-redon-et-de-ploermel\/\" \/>\n<meta property=\"og:locale\" content=\"fr_FR\" \/>\n<meta property=\"og:type\" content=\"article\" \/>\n<meta property=\"og:title\" content=\"Les Infos de Redon et de Plo\u00ebrmel - Actualit\u00e9 des entreprises\" \/>\n<meta property=\"og:description\" content=\"Les Infos de Redon et de Plo\u00ebrmel sont disponibles tous les mercredis dans les maisons de presse d&rsquo;Ille-et-Vilaine, de Loire-Atlantique, [&hellip;]\" \/>\n<meta property=\"og:url\" content=\"https:\/\/www.annonces-legales.org\/blog\/les-infos-de-redon-et-de-ploermel\/\" \/>\n<meta property=\"og:site_name\" content=\"Actualit\u00e9 des entreprises\" \/>\n<meta property=\"article:modified_time\" content=\"2022-01-26T11:06:47+00:00\" \/>\n<meta property=\"og:image\" content=\"https:\/\/www.annonces-legales.org\/blog\/wp-content\/uploads\/2021\/10\/Infos-de-Redon-et-de-Ploermel.png\" \/>\n\t<meta property=\"og:image:width\" content=\"275\" \/>\n\t<meta property=\"og:image:height\" content=\"172\" \/>\n\t<meta property=\"og:image:type\" content=\"image\/png\" \/>\n<meta name=\"twitter:card\" content=\"summary_large_image\" \/>\n<meta name=\"twitter:label1\" content=\"Dur\u00e9e de lecture estim\u00e9e\" \/>\n\t<meta name=\"twitter:data1\" content=\"2 minutes\" \/>\n<script type=\"application\/ld+json\" class=\"yoast-schema-graph\">{\"@context\":\"https:\/\/schema.org\",\"@graph\":[{\"@type\":\"WebPage\",\"@id\":\"https:\/\/www.annonces-legales.org\/blog\/les-infos-de-redon-et-de-ploermel\/\",\"url\":\"https:\/\/www.annonces-legales.org\/blog\/les-infos-de-redon-et-de-ploermel\/\",\"name\":\"Les Infos de Redon et de Plo\u00ebrmel - Actualit\u00e9 des entreprises\",\"isPartOf\":{\"@id\":\"https:\/\/www.annonces-legales.org\/blog\/#website\"},\"primaryImageOfPage\":{\"@id\":\"https:\/\/www.annonces-legales.org\/blog\/les-infos-de-redon-et-de-ploermel\/#primaryimage\"},\"image\":{\"@id\":\"https:\/\/www.annonces-legales.org\/blog\/les-infos-de-redon-et-de-ploermel\/#primaryimage\"},\"thumbnailUrl\":\"https:\/\/www.annonces-legales.org\/blog\/wp-content\/uploads\/2021\/10\/Infos-de-Redon-et-de-Ploermel.png\",\"datePublished\":\"2021-10-12T18:08:15+00:00\",\"dateModified\":\"2022-01-26T11:06:47+00:00\",\"breadcrumb\":{\"@id\":\"https:\/\/www.annonces-legales.org\/blog\/les-infos-de-redon-et-de-ploermel\/#breadcrumb\"},\"inLanguage\":\"fr-FR\",\"potentialAction\":[{\"@type\":\"ReadAction\",\"target\":[\"https:\/\/www.annonces-legales.org\/blog\/les-infos-de-redon-et-de-ploermel\/\"]}]},{\"@type\":\"ImageObject\",\"inLanguage\":\"fr-FR\",\"@id\":\"https:\/\/www.annonces-legales.org\/blog\/les-infos-de-redon-et-de-ploermel\/#primaryimage\",\"url\":\"https:\/\/www.annonces-legales.org\/blog\/wp-content\/uploads\/2021\/10\/Infos-de-Redon-et-de-Ploermel.png\",\"contentUrl\":\"https:\/\/www.annonces-legales.org\/blog\/wp-content\/uploads\/2021\/10\/Infos-de-Redon-et-de-Ploermel.png\",\"width\":275,\"height\":172},{\"@type\":\"BreadcrumbList\",\"@id\":\"https:\/\/www.annonces-legales.org\/blog\/les-infos-de-redon-et-de-ploermel\/#breadcrumb\",\"itemListElement\":[{\"@type\":\"ListItem\",\"position\":1,\"name\":\"Accueil\",\"item\":\"https:\/\/www.annonces-legales.org\/blog\/\"},{\"@type\":\"ListItem\",\"position\":2,\"name\":\"Liste des journaux habilit\u00e9s \u00e0 publier des annonces l\u00e9gales\",\"item\":\"https:\/\/www.annonces-legales.org\/blog\/liste-des-journaux-habilites-a-publier-des-annonces-legales\/\"},{\"@type\":\"ListItem\",\"position\":3,\"name\":\"Les Infos de Redon et de Plo\u00ebrmel\"}]},{\"@type\":\"WebSite\",\"@id\":\"https:\/\/www.annonces-legales.org\/blog\/#website\",\"url\":\"https:\/\/www.annonces-legales.org\/blog\/\",\"name\":\"Actualit\u00e9 des entreprises\",\"description\":\"\",\"publisher\":{\"@id\":\"https:\/\/www.annonces-legales.org\/blog\/#organization\"},\"potentialAction\":[{\"@type\":\"SearchAction\",\"target\":{\"@type\":\"EntryPoint\",\"urlTemplate\":\"https:\/\/www.annonces-legales.org\/blog\/?s={search_term_string}\"},\"query-input\":{\"@type\":\"PropertyValueSpecification\",\"valueRequired\":true,\"valueName\":\"search_term_string\"}}],\"inLanguage\":\"fr-FR\"},{\"@type\":\"Organization\",\"@id\":\"https:\/\/www.annonces-legales.org\/blog\/#organization\",\"name\":\"Actualit\u00e9 des entreprises\",\"url\":\"https:\/\/www.annonces-legales.org\/blog\/\",\"logo\":{\"@type\":\"ImageObject\",\"inLanguage\":\"fr-FR\",\"@id\":\"https:\/\/www.annonces-legales.org\/blog\/#\/schema\/logo\/image\/\",\"url\":\"https:\/\/www.annonces-legales.org\/blog\/wp-content\/uploads\/2023\/08\/annonces-legales.svg\",\"contentUrl\":\"https:\/\/www.annonces-legales.org\/blog\/wp-content\/uploads\/2023\/08\/annonces-legales.svg\",\"caption\":\"Actualit\u00e9 des entreprises\"},\"image\":{\"@id\":\"https:\/\/www.annonces-legales.org\/blog\/#\/schema\/logo\/image\/\"}}]}<\/script>\n<!-- \/ Yoast SEO plugin. -->","yoast_head_json":{"title":"Les Infos de Redon et de Plo\u00ebrmel - Actualit\u00e9 des entreprises","robots":{"index":"index","follow":"follow","max-snippet":"max-snippet:-1","max-image-preview":"max-image-preview:large","max-video-preview":"max-video-preview:-1"},"canonical":"https:\/\/www.annonces-legales.org\/blog\/les-infos-de-redon-et-de-ploermel\/","og_locale":"fr_FR","og_type":"article","og_title":"Les Infos de Redon et de Plo\u00ebrmel - Actualit\u00e9 des entreprises","og_description":"Les Infos de Redon et de Plo\u00ebrmel sont disponibles tous les mercredis dans les maisons de presse d&rsquo;Ille-et-Vilaine, de Loire-Atlantique, [&hellip;]","og_url":"https:\/\/www.annonces-legales.org\/blog\/les-infos-de-redon-et-de-ploermel\/","og_site_name":"Actualit\u00e9 des entreprises","article_modified_time":"2022-01-26T11:06:47+00:00","og_image":[{"width":275,"height":172,"url":"https:\/\/www.annonces-legales.org\/blog\/wp-content\/uploads\/2021\/10\/Infos-de-Redon-et-de-Ploermel.png","type":"image\/png"}],"twitter_card":"summary_large_image","twitter_misc":{"Dur\u00e9e de lecture estim\u00e9e":"2 minutes"},"schema":{"@context":"https:\/\/schema.org","@graph":[{"@type":"WebPage","@id":"https:\/\/www.annonces-legales.org\/blog\/les-infos-de-redon-et-de-ploermel\/","url":"https:\/\/www.annonces-legales.org\/blog\/les-infos-de-redon-et-de-ploermel\/","name":"Les Infos de Redon et de Plo\u00ebrmel - Actualit\u00e9 des entreprises","isPartOf":{"@id":"https:\/\/www.annonces-legales.org\/blog\/#website"},"primaryImageOfPage":{"@id":"https:\/\/www.annonces-legales.org\/blog\/les-infos-de-redon-et-de-ploermel\/#primaryimage"},"image":{"@id":"https:\/\/www.annonces-legales.org\/blog\/les-infos-de-redon-et-de-ploermel\/#primaryimage"},"thumbnailUrl":"https:\/\/www.annonces-legales.org\/blog\/wp-content\/uploads\/2021\/10\/Infos-de-Redon-et-de-Ploermel.png","datePublished":"2021-10-12T18:08:15+00:00","dateModified":"2022-01-26T11:06:47+00:00","breadcrumb":{"@id":"https:\/\/www.annonces-legales.org\/blog\/les-infos-de-redon-et-de-ploermel\/#breadcrumb"},"inLanguage":"fr-FR","potentialAction":[{"@type":"ReadAction","target":["https:\/\/www.annonces-legales.org\/blog\/les-infos-de-redon-et-de-ploermel\/"]}]},{"@type":"ImageObject","inLanguage":"fr-FR","@id":"https:\/\/www.annonces-legales.org\/blog\/les-infos-de-redon-et-de-ploermel\/#primaryimage","url":"https:\/\/www.annonces-legales.org\/blog\/wp-content\/uploads\/2021\/10\/Infos-de-Redon-et-de-Ploermel.png","contentUrl":"https:\/\/www.annonces-legales.org\/blog\/wp-content\/uploads\/2021\/10\/Infos-de-Redon-et-de-Ploermel.png","width":275,"height":172},{"@type":"BreadcrumbList","@id":"https:\/\/www.annonces-legales.org\/blog\/les-infos-de-redon-et-de-ploermel\/#breadcrumb","itemListElement":[{"@type":"ListItem","position":1,"name":"Accueil","item":"https:\/\/www.annonces-legales.org\/blog\/"},{"@type":"ListItem","position":2,"name":"Liste des journaux habilit\u00e9s \u00e0 publier des annonces l\u00e9gales","item":"https:\/\/www.annonces-legales.org\/blog\/liste-des-journaux-habilites-a-publier-des-annonces-legales\/"},{"@type":"ListItem","position":3,"name":"Les Infos de Redon et de Plo\u00ebrmel"}]},{"@type":"WebSite","@id":"https:\/\/www.annonces-legales.org\/blog\/#website","url":"https:\/\/www.annonces-legales.org\/blog\/","name":"Actualit\u00e9 des entreprises","description":"","publisher":{"@id":"https:\/\/www.annonces-legales.org\/blog\/#organization"},"potentialAction":[{"@type":"SearchAction","target":{"@type":"EntryPoint","urlTemplate":"https:\/\/www.annonces-legales.org\/blog\/?s={search_term_string}"},"query-input":{"@type":"PropertyValueSpecification","valueRequired":true,"valueName":"search_term_string"}}],"inLanguage":"fr-FR"},{"@type":"Organization","@id":"https:\/\/www.annonces-legales.org\/blog\/#organization","name":"Actualit\u00e9 des entreprises","url":"https:\/\/www.annonces-legales.org\/blog\/","logo":{"@type":"ImageObject","inLanguage":"fr-FR","@id":"https:\/\/www.annonces-legales.org\/blog\/#\/schema\/logo\/image\/","url":"https:\/\/www.annonces-legales.org\/blog\/wp-content\/uploads\/2023\/08\/annonces-legales.svg","contentUrl":"https:\/\/www.annonces-legales.org\/blog\/wp-content\/uploads\/2023\/08\/annonces-legales.svg","caption":"Actualit\u00e9 des entreprises"},"image":{"@id":"https:\/\/www.annonces-legales.org\/blog\/#\/schema\/logo\/image\/"}}]}},"_links":{"self":[{"href":"https:\/\/www.annonces-legales.org\/blog\/wp-json\/wp\/v2\/pages\/1185","targetHints":{"allow":["GET"]}}],"collection":[{"href":"https:\/\/www.annonces-legales.org\/blog\/wp-json\/wp\/v2\/pages"}],"about":[{"href":"https:\/\/www.annonces-legales.org\/blog\/wp-json\/wp\/v2\/types\/page"}],"author":[{"embeddable":true,"href":"https:\/\/www.annonces-legales.org\/blog\/wp-json\/wp\/v2\/users\/1"}],"replies":[{"embeddable":true,"href":"https:\/\/www.annonces-legales.org\/blog\/wp-json\/wp\/v2\/comments?post=1185"}],"version-history":[{"count":2,"href":"https:\/\/www.annonces-legales.org\/blog\/wp-json\/wp\/v2\/pages\/1185\/revisions"}],"predecessor-version":[{"id":1282,"href":"https:\/\/www.annonces-legales.org\/blog\/wp-json\/wp\/v2\/pages\/1185\/revisions\/1282"}],"up":[{"embeddable":true,"href":"https:\/\/www.annonces-legales.org\/blog\/wp-json\/wp\/v2\/pages\/351"}],"wp:attachment":[{"href":"https:\/\/www.annonces-legales.org\/blog\/wp-json\/wp\/v2\/media?parent=1185"}],"curies":[{"name":"wp","href":"https:\/\/api.w.org\/{rel}","templated":true}]}}