{"id":1190,"date":"2021-10-12T20:31:32","date_gmt":"2021-10-12T18:31:32","guid":{"rendered":"https:\/\/www.annonces-legales.org\/blog\/?page_id=1190"},"modified":"2022-01-26T11:33:40","modified_gmt":"2022-01-26T10:33:40","slug":"l-action-agricole-de-touraine","status":"publish","type":"page","link":"https:\/\/www.annonces-legales.org\/blog\/l-action-agricole-de-touraine\/","title":{"rendered":"Action Agricole de Touraine"},"content":{"rendered":"<p><img loading=\"lazy\" decoding=\"async\" class=\"aligncenter size-full wp-image-1277\" src=\"https:\/\/www.annonces-legales.org\/blog\/wp-content\/uploads\/2021\/10\/Action-Agricole-de-Touraine.png\" alt=\"\" width=\"220\" height=\"193\" \/><\/p>\n<p>Tous les vendredis, <strong>l&rsquo;Action Agricole de Touraine (ATT)<\/strong> offre \u00e0 ses lecteurs l&rsquo;actualit\u00e9 du monde rural et agricole. Les professionnels de l&rsquo;agriculture peuvent donc obtenir \u00e0 l&rsquo;aide du journal des informations techniques, politiques, \u00e9conomiques sur l&rsquo;agriculture. Ils peuvent aussi lire les nouveaut\u00e9s sur la r\u00e9glementation juridique et fiscale ainsi que des actualit\u00e9s d\u00e9partementales et rurales.<br \/>\nLe journal est vendu \u00e0 plus de 3000 exemplaires chaque semaine.<\/p>\n<p>Le <strong>journal Action Agricole de Touraine<\/strong> est habilit\u00e9 \u00e0 diffuser des publicit\u00e9s l\u00e9gales officielles en Indre et Loire.<\/p>\n<p>&nbsp;<\/p>\n<h2>Contacter l&rsquo;Action Agricole de Touraine<\/h2>\n<p>Pour contacter un journal, il est possible d&rsquo;utiliser l&rsquo;e-mail suivant : agriconseil.cr37@gmail.com<br \/>\nPour envoyer une lettre journal il faut utiliser l&rsquo;adresse qui suit : Coordination Rurale 37 \u2013 6 bis rue Jean Perrin \u00e0 Chambray les tours (37172). Pour tout contact t\u00e9l\u00e9phonique avec la r\u00e9daction il faut composer le 02 47 80 43 43.<\/p>\n<p>&nbsp;<\/p>\n<h2>La publication d&rsquo;annonce l\u00e9gale en Indre-et-Loire (37)<\/h2>\n<p>Pour vos publications d&rsquo;annonces en Indre-et-Loire, vous pouvez utiliser nos services. Ils sont totalement d\u00e9mat\u00e9rialis\u00e9s, mais vous pouvez choisir entre la parution dans un journal papier ou dans un journal num\u00e9rique. Bien entendu, tous les journaux que nous utilisons sont des <strong>journaux officiels<\/strong> qui ont le droit de faire appara\u00eetre des avis de constitution et des annonces l\u00e9gales et judiciaires.<br \/>\nEn cas de doute, vous pouvez contacter nos services par e-mail ou par t\u00e9l\u00e9phone.<\/p>\n","protected":false},"excerpt":{"rendered":"<p>Tous les vendredis, l&rsquo;Action Agricole de Touraine (ATT) offre \u00e0 ses lecteurs l&rsquo;actualit\u00e9 du monde rural et agricole. Les professionnels [&hellip;]<\/p>\n","protected":false},"author":1,"featured_media":0,"parent":351,"menu_order":0,"comment_status":"closed","ping_status":"closed","template":"","meta":{"inline_featured_image":false,"footnotes":""},"class_list":["post-1190","page","type-page","status-publish","hentry"],"yoast_head":"<!-- This site is optimized with the Yoast SEO plugin v26.8 - https:\/\/yoast.com\/product\/yoast-seo-wordpress\/ -->\n<title>Action Agricole de Touraine - Actualit\u00e9 des entreprises<\/title>\n<meta name=\"robots\" content=\"index, follow, max-snippet:-1, max-image-preview:large, max-video-preview:-1\" \/>\n<link rel=\"canonical\" href=\"https:\/\/www.annonces-legales.org\/blog\/l-action-agricole-de-touraine\/\" \/>\n<meta property=\"og:locale\" content=\"fr_FR\" \/>\n<meta property=\"og:type\" content=\"article\" \/>\n<meta property=\"og:title\" content=\"Action Agricole de Touraine - Actualit\u00e9 des entreprises\" \/>\n<meta property=\"og:description\" content=\"Tous les vendredis, l&rsquo;Action Agricole de Touraine (ATT) offre \u00e0 ses lecteurs l&rsquo;actualit\u00e9 du monde rural et agricole. Les professionnels [&hellip;]\" \/>\n<meta property=\"og:url\" content=\"https:\/\/www.annonces-legales.org\/blog\/l-action-agricole-de-touraine\/\" \/>\n<meta property=\"og:site_name\" content=\"Actualit\u00e9 des entreprises\" \/>\n<meta property=\"article:modified_time\" content=\"2022-01-26T10:33:40+00:00\" \/>\n<meta property=\"og:image\" content=\"https:\/\/www.annonces-legales.org\/blog\/wp-content\/uploads\/2021\/10\/Action-Agricole-de-Touraine.png\" \/>\n\t<meta property=\"og:image:width\" content=\"220\" \/>\n\t<meta property=\"og:image:height\" content=\"193\" \/>\n\t<meta property=\"og:image:type\" content=\"image\/png\" \/>\n<meta name=\"twitter:card\" content=\"summary_large_image\" \/>\n<meta name=\"twitter:label1\" content=\"Dur\u00e9e de lecture estim\u00e9e\" \/>\n\t<meta name=\"twitter:data1\" content=\"1 minute\" \/>\n<script type=\"application\/ld+json\" class=\"yoast-schema-graph\">{\"@context\":\"https:\/\/schema.org\",\"@graph\":[{\"@type\":\"WebPage\",\"@id\":\"https:\/\/www.annonces-legales.org\/blog\/l-action-agricole-de-touraine\/\",\"url\":\"https:\/\/www.annonces-legales.org\/blog\/l-action-agricole-de-touraine\/\",\"name\":\"Action Agricole de Touraine - Actualit\u00e9 des entreprises\",\"isPartOf\":{\"@id\":\"https:\/\/www.annonces-legales.org\/blog\/#website\"},\"primaryImageOfPage\":{\"@id\":\"https:\/\/www.annonces-legales.org\/blog\/l-action-agricole-de-touraine\/#primaryimage\"},\"image\":{\"@id\":\"https:\/\/www.annonces-legales.org\/blog\/l-action-agricole-de-touraine\/#primaryimage\"},\"thumbnailUrl\":\"https:\/\/www.annonces-legales.org\/blog\/wp-content\/uploads\/2021\/10\/Action-Agricole-de-Touraine.png\",\"datePublished\":\"2021-10-12T18:31:32+00:00\",\"dateModified\":\"2022-01-26T10:33:40+00:00\",\"breadcrumb\":{\"@id\":\"https:\/\/www.annonces-legales.org\/blog\/l-action-agricole-de-touraine\/#breadcrumb\"},\"inLanguage\":\"fr-FR\",\"potentialAction\":[{\"@type\":\"ReadAction\",\"target\":[\"https:\/\/www.annonces-legales.org\/blog\/l-action-agricole-de-touraine\/\"]}]},{\"@type\":\"ImageObject\",\"inLanguage\":\"fr-FR\",\"@id\":\"https:\/\/www.annonces-legales.org\/blog\/l-action-agricole-de-touraine\/#primaryimage\",\"url\":\"https:\/\/www.annonces-legales.org\/blog\/wp-content\/uploads\/2021\/10\/Action-Agricole-de-Touraine.png\",\"contentUrl\":\"https:\/\/www.annonces-legales.org\/blog\/wp-content\/uploads\/2021\/10\/Action-Agricole-de-Touraine.png\",\"width\":220,\"height\":193},{\"@type\":\"BreadcrumbList\",\"@id\":\"https:\/\/www.annonces-legales.org\/blog\/l-action-agricole-de-touraine\/#breadcrumb\",\"itemListElement\":[{\"@type\":\"ListItem\",\"position\":1,\"name\":\"Accueil\",\"item\":\"https:\/\/www.annonces-legales.org\/blog\/\"},{\"@type\":\"ListItem\",\"position\":2,\"name\":\"Liste des journaux habilit\u00e9s \u00e0 publier des annonces l\u00e9gales\",\"item\":\"https:\/\/www.annonces-legales.org\/blog\/liste-des-journaux-habilites-a-publier-des-annonces-legales\/\"},{\"@type\":\"ListItem\",\"position\":3,\"name\":\"Action Agricole de Touraine\"}]},{\"@type\":\"WebSite\",\"@id\":\"https:\/\/www.annonces-legales.org\/blog\/#website\",\"url\":\"https:\/\/www.annonces-legales.org\/blog\/\",\"name\":\"Actualit\u00e9 des entreprises\",\"description\":\"\",\"publisher\":{\"@id\":\"https:\/\/www.annonces-legales.org\/blog\/#organization\"},\"potentialAction\":[{\"@type\":\"SearchAction\",\"target\":{\"@type\":\"EntryPoint\",\"urlTemplate\":\"https:\/\/www.annonces-legales.org\/blog\/?s={search_term_string}\"},\"query-input\":{\"@type\":\"PropertyValueSpecification\",\"valueRequired\":true,\"valueName\":\"search_term_string\"}}],\"inLanguage\":\"fr-FR\"},{\"@type\":\"Organization\",\"@id\":\"https:\/\/www.annonces-legales.org\/blog\/#organization\",\"name\":\"Actualit\u00e9 des entreprises\",\"url\":\"https:\/\/www.annonces-legales.org\/blog\/\",\"logo\":{\"@type\":\"ImageObject\",\"inLanguage\":\"fr-FR\",\"@id\":\"https:\/\/www.annonces-legales.org\/blog\/#\/schema\/logo\/image\/\",\"url\":\"https:\/\/www.annonces-legales.org\/blog\/wp-content\/uploads\/2023\/08\/annonces-legales.svg\",\"contentUrl\":\"https:\/\/www.annonces-legales.org\/blog\/wp-content\/uploads\/2023\/08\/annonces-legales.svg\",\"caption\":\"Actualit\u00e9 des entreprises\"},\"image\":{\"@id\":\"https:\/\/www.annonces-legales.org\/blog\/#\/schema\/logo\/image\/\"}}]}<\/script>\n<!-- \/ Yoast SEO plugin. -->","yoast_head_json":{"title":"Action Agricole de Touraine - Actualit\u00e9 des entreprises","robots":{"index":"index","follow":"follow","max-snippet":"max-snippet:-1","max-image-preview":"max-image-preview:large","max-video-preview":"max-video-preview:-1"},"canonical":"https:\/\/www.annonces-legales.org\/blog\/l-action-agricole-de-touraine\/","og_locale":"fr_FR","og_type":"article","og_title":"Action Agricole de Touraine - Actualit\u00e9 des entreprises","og_description":"Tous les vendredis, l&rsquo;Action Agricole de Touraine (ATT) offre \u00e0 ses lecteurs l&rsquo;actualit\u00e9 du monde rural et agricole. Les professionnels [&hellip;]","og_url":"https:\/\/www.annonces-legales.org\/blog\/l-action-agricole-de-touraine\/","og_site_name":"Actualit\u00e9 des entreprises","article_modified_time":"2022-01-26T10:33:40+00:00","og_image":[{"width":220,"height":193,"url":"https:\/\/www.annonces-legales.org\/blog\/wp-content\/uploads\/2021\/10\/Action-Agricole-de-Touraine.png","type":"image\/png"}],"twitter_card":"summary_large_image","twitter_misc":{"Dur\u00e9e de lecture estim\u00e9e":"1 minute"},"schema":{"@context":"https:\/\/schema.org","@graph":[{"@type":"WebPage","@id":"https:\/\/www.annonces-legales.org\/blog\/l-action-agricole-de-touraine\/","url":"https:\/\/www.annonces-legales.org\/blog\/l-action-agricole-de-touraine\/","name":"Action Agricole de Touraine - Actualit\u00e9 des entreprises","isPartOf":{"@id":"https:\/\/www.annonces-legales.org\/blog\/#website"},"primaryImageOfPage":{"@id":"https:\/\/www.annonces-legales.org\/blog\/l-action-agricole-de-touraine\/#primaryimage"},"image":{"@id":"https:\/\/www.annonces-legales.org\/blog\/l-action-agricole-de-touraine\/#primaryimage"},"thumbnailUrl":"https:\/\/www.annonces-legales.org\/blog\/wp-content\/uploads\/2021\/10\/Action-Agricole-de-Touraine.png","datePublished":"2021-10-12T18:31:32+00:00","dateModified":"2022-01-26T10:33:40+00:00","breadcrumb":{"@id":"https:\/\/www.annonces-legales.org\/blog\/l-action-agricole-de-touraine\/#breadcrumb"},"inLanguage":"fr-FR","potentialAction":[{"@type":"ReadAction","target":["https:\/\/www.annonces-legales.org\/blog\/l-action-agricole-de-touraine\/"]}]},{"@type":"ImageObject","inLanguage":"fr-FR","@id":"https:\/\/www.annonces-legales.org\/blog\/l-action-agricole-de-touraine\/#primaryimage","url":"https:\/\/www.annonces-legales.org\/blog\/wp-content\/uploads\/2021\/10\/Action-Agricole-de-Touraine.png","contentUrl":"https:\/\/www.annonces-legales.org\/blog\/wp-content\/uploads\/2021\/10\/Action-Agricole-de-Touraine.png","width":220,"height":193},{"@type":"BreadcrumbList","@id":"https:\/\/www.annonces-legales.org\/blog\/l-action-agricole-de-touraine\/#breadcrumb","itemListElement":[{"@type":"ListItem","position":1,"name":"Accueil","item":"https:\/\/www.annonces-legales.org\/blog\/"},{"@type":"ListItem","position":2,"name":"Liste des journaux habilit\u00e9s \u00e0 publier des annonces l\u00e9gales","item":"https:\/\/www.annonces-legales.org\/blog\/liste-des-journaux-habilites-a-publier-des-annonces-legales\/"},{"@type":"ListItem","position":3,"name":"Action Agricole de Touraine"}]},{"@type":"WebSite","@id":"https:\/\/www.annonces-legales.org\/blog\/#website","url":"https:\/\/www.annonces-legales.org\/blog\/","name":"Actualit\u00e9 des entreprises","description":"","publisher":{"@id":"https:\/\/www.annonces-legales.org\/blog\/#organization"},"potentialAction":[{"@type":"SearchAction","target":{"@type":"EntryPoint","urlTemplate":"https:\/\/www.annonces-legales.org\/blog\/?s={search_term_string}"},"query-input":{"@type":"PropertyValueSpecification","valueRequired":true,"valueName":"search_term_string"}}],"inLanguage":"fr-FR"},{"@type":"Organization","@id":"https:\/\/www.annonces-legales.org\/blog\/#organization","name":"Actualit\u00e9 des entreprises","url":"https:\/\/www.annonces-legales.org\/blog\/","logo":{"@type":"ImageObject","inLanguage":"fr-FR","@id":"https:\/\/www.annonces-legales.org\/blog\/#\/schema\/logo\/image\/","url":"https:\/\/www.annonces-legales.org\/blog\/wp-content\/uploads\/2023\/08\/annonces-legales.svg","contentUrl":"https:\/\/www.annonces-legales.org\/blog\/wp-content\/uploads\/2023\/08\/annonces-legales.svg","caption":"Actualit\u00e9 des entreprises"},"image":{"@id":"https:\/\/www.annonces-legales.org\/blog\/#\/schema\/logo\/image\/"}}]}},"_links":{"self":[{"href":"https:\/\/www.annonces-legales.org\/blog\/wp-json\/wp\/v2\/pages\/1190","targetHints":{"allow":["GET"]}}],"collection":[{"href":"https:\/\/www.annonces-legales.org\/blog\/wp-json\/wp\/v2\/pages"}],"about":[{"href":"https:\/\/www.annonces-legales.org\/blog\/wp-json\/wp\/v2\/types\/page"}],"author":[{"embeddable":true,"href":"https:\/\/www.annonces-legales.org\/blog\/wp-json\/wp\/v2\/users\/1"}],"replies":[{"embeddable":true,"href":"https:\/\/www.annonces-legales.org\/blog\/wp-json\/wp\/v2\/comments?post=1190"}],"version-history":[{"count":2,"href":"https:\/\/www.annonces-legales.org\/blog\/wp-json\/wp\/v2\/pages\/1190\/revisions"}],"predecessor-version":[{"id":1278,"href":"https:\/\/www.annonces-legales.org\/blog\/wp-json\/wp\/v2\/pages\/1190\/revisions\/1278"}],"up":[{"embeddable":true,"href":"https:\/\/www.annonces-legales.org\/blog\/wp-json\/wp\/v2\/pages\/351"}],"wp:attachment":[{"href":"https:\/\/www.annonces-legales.org\/blog\/wp-json\/wp\/v2\/media?parent=1190"}],"curies":[{"name":"wp","href":"https:\/\/api.w.org\/{rel}","templated":true}]}}