{"id":1194,"date":"2021-10-12T20:37:32","date_gmt":"2021-10-12T18:37:32","guid":{"rendered":"https:\/\/www.annonces-legales.org\/blog\/?page_id=1194"},"modified":"2022-01-26T12:15:42","modified_gmt":"2022-01-26T11:15:42","slug":"terre-de-touraine","status":"publish","type":"page","link":"https:\/\/www.annonces-legales.org\/blog\/terre-de-touraine\/","title":{"rendered":"Terre de Touraine"},"content":{"rendered":"<p><img loading=\"lazy\" decoding=\"async\" class=\"aligncenter size-full wp-image-1273\" src=\"https:\/\/www.annonces-legales.org\/blog\/wp-content\/uploads\/2021\/10\/Terre-de-Touraine.png\" alt=\"\" width=\"400\" height=\"225\" srcset=\"https:\/\/www.annonces-legales.org\/blog\/wp-content\/uploads\/2021\/10\/Terre-de-Touraine.png 400w, https:\/\/www.annonces-legales.org\/blog\/wp-content\/uploads\/2021\/10\/Terre-de-Touraine-300x169.png 300w\" sizes=\"auto, (max-width: 400px) 100vw, 400px\" \/><\/p>\n<p><strong>L&rsquo;hebdomadaire Terre de Touraine<\/strong> est diffus\u00e9 chaque vendredi en Indre-et-Loire. Le contenu du journal est destin\u00e9 aux militaires et aux paysans de Touraine. Le journal a pour sous-titre : \u00ab <strong>le journal des agriculteurs et du monde rural<\/strong> \u00bb.<\/p>\n<p>Il poss\u00e8de plus de 17 000 lecteurs assidus. Le journal est imprim\u00e9 \u00e0 environ 4000 exemplaires. Il publie des informations pratiques et v\u00e9rifi\u00e9es sur tout ce qui touche de pr\u00e8s ou de loin \u00e0 l&rsquo;agriculture, la viticulture, et l&rsquo;\u00e9levage.<\/p>\n<p>Le journal fait partie du r\u00e9seau <strong>SNPAR<\/strong> (un syndicat agricole national).<\/p>\n<p>La r\u00e9daction du <strong>journal Terre de Touraine<\/strong> est situ\u00e9e au 9 bis rue Augustin Fresnel \u00e0 Chambray les tours (37173).<br \/>\nLe contact t\u00e9l\u00e9phonique de l&rsquo;hebdomadaire est le 02 47 28 30 02.<\/p>\n<p>Cet hebdomadaire peut publier des annonces officielles pour le d\u00e9partement d&rsquo;Indre-et-Loire. En effet, il respecte les crit\u00e8res de diffusion demand\u00e9e par la pr\u00e9fecture d&rsquo;Indre-et-Loire pour pouvoir diffuser des avis officiels.<\/p>\n<p>&nbsp;<\/p>\n<h2>Terre de Touraine, Journal d&rsquo;annonce l\u00e9gale habilit\u00e9<\/h2>\n<p>Les entreprises d&rsquo;Indre et Loire, quel que soit leur domaine d&rsquo;activit\u00e9, peuvent utiliser l&rsquo;hebdomadaire Terre de Touraine pour proc\u00e9der \u00e0 la publication de leur annonce judiciaire l\u00e9gale. D&rsquo;ailleurs, le journal publie chaque ann\u00e9e plus de 2000 annonces l\u00e9gales.<\/p>\n<h2><\/h2>\n<h2>Annonces l\u00e9gales moins ch\u00e8res en Indre-et-Loire<\/h2>\n<p>Pour obtenir le meilleur prix pour un service, il n&rsquo;y a pas de secret, il faut <strong>comparer les prix<\/strong>. En ce qui concerne les annonces l\u00e9gales, le prix est tr\u00e8s variable entre chaque journal. Nous parlons ici que des annonces l\u00e9gales de changement. Les avis de constitution ont un prix fixe qui est d\u00e9cid\u00e9 chaque ann\u00e9e par le minist\u00e8re de la culture.<\/p>\n<p>Donc, pour \u00eatre certain d&rsquo;avoir un prix correct pour son annonce l\u00e9gale de changement, il est indispensable de demander plusieurs devis. Fort heureusement, des services d&rsquo;annonces l\u00e9gales en ligne comme annonces-legales.org permettent de savoir en quelques clics le prix de l&rsquo;annonce l\u00e9gale sur diff\u00e9rents journaux.<br \/>\nNe perdez pas de temps et demander imm\u00e9diatement un devis gratuit et imm\u00e9diat !<\/p>\n<br\/><br\/><div class=\"entry-content notopmargin\">\n\t<img decoding=\"async\" class=\"img-fluid fleft\" src=\"https:\/\/www.annonces-legales.org\/images\/rapide-economique-tout-departement.png\" alt=\"Journal d'annonce l\u00e9gale du 37 \"><a href=\"https:\/\/www.annonces-legales.org\/publication-annonce-legale.html\" class=\"button button-desc fright mtop30\"><div>Je publie<br> mon annonce<br> l\u00e9gale<\/div><span>dans un journal du 37 !<\/span><\/a>\n<\/div><div class=\"clrbth\"><\/div><br\/><br\/>\n","protected":false},"excerpt":{"rendered":"<p>L&rsquo;hebdomadaire Terre de Touraine est diffus\u00e9 chaque vendredi en Indre-et-Loire. Le contenu du journal est destin\u00e9 aux militaires et aux [&hellip;]<\/p>\n","protected":false},"author":1,"featured_media":0,"parent":351,"menu_order":0,"comment_status":"closed","ping_status":"closed","template":"","meta":{"inline_featured_image":false,"footnotes":""},"class_list":["post-1194","page","type-page","status-publish","hentry"],"yoast_head":"<!-- This site is optimized with the Yoast SEO plugin v26.8 - https:\/\/yoast.com\/product\/yoast-seo-wordpress\/ -->\n<title>Terre de Touraine - Actualit\u00e9 des entreprises<\/title>\n<meta name=\"robots\" content=\"index, follow, max-snippet:-1, max-image-preview:large, max-video-preview:-1\" \/>\n<link rel=\"canonical\" href=\"https:\/\/www.annonces-legales.org\/blog\/terre-de-touraine\/\" \/>\n<meta property=\"og:locale\" content=\"fr_FR\" \/>\n<meta property=\"og:type\" content=\"article\" \/>\n<meta property=\"og:title\" content=\"Terre de Touraine - Actualit\u00e9 des entreprises\" \/>\n<meta property=\"og:description\" content=\"L&rsquo;hebdomadaire Terre de Touraine est diffus\u00e9 chaque vendredi en Indre-et-Loire. Le contenu du journal est destin\u00e9 aux militaires et aux [&hellip;]\" \/>\n<meta property=\"og:url\" content=\"https:\/\/www.annonces-legales.org\/blog\/terre-de-touraine\/\" \/>\n<meta property=\"og:site_name\" content=\"Actualit\u00e9 des entreprises\" \/>\n<meta property=\"article:modified_time\" content=\"2022-01-26T11:15:42+00:00\" \/>\n<meta property=\"og:image\" content=\"https:\/\/www.annonces-legales.org\/blog\/wp-content\/uploads\/2021\/10\/Terre-de-Touraine.png\" \/>\n\t<meta property=\"og:image:width\" content=\"400\" \/>\n\t<meta property=\"og:image:height\" content=\"225\" \/>\n\t<meta property=\"og:image:type\" content=\"image\/png\" \/>\n<meta name=\"twitter:card\" content=\"summary_large_image\" \/>\n<meta name=\"twitter:label1\" content=\"Dur\u00e9e de lecture estim\u00e9e\" \/>\n\t<meta name=\"twitter:data1\" content=\"2 minutes\" \/>\n<script type=\"application\/ld+json\" class=\"yoast-schema-graph\">{\"@context\":\"https:\/\/schema.org\",\"@graph\":[{\"@type\":\"WebPage\",\"@id\":\"https:\/\/www.annonces-legales.org\/blog\/terre-de-touraine\/\",\"url\":\"https:\/\/www.annonces-legales.org\/blog\/terre-de-touraine\/\",\"name\":\"Terre de Touraine - Actualit\u00e9 des entreprises\",\"isPartOf\":{\"@id\":\"https:\/\/www.annonces-legales.org\/blog\/#website\"},\"primaryImageOfPage\":{\"@id\":\"https:\/\/www.annonces-legales.org\/blog\/terre-de-touraine\/#primaryimage\"},\"image\":{\"@id\":\"https:\/\/www.annonces-legales.org\/blog\/terre-de-touraine\/#primaryimage\"},\"thumbnailUrl\":\"https:\/\/www.annonces-legales.org\/blog\/wp-content\/uploads\/2021\/10\/Terre-de-Touraine.png\",\"datePublished\":\"2021-10-12T18:37:32+00:00\",\"dateModified\":\"2022-01-26T11:15:42+00:00\",\"breadcrumb\":{\"@id\":\"https:\/\/www.annonces-legales.org\/blog\/terre-de-touraine\/#breadcrumb\"},\"inLanguage\":\"fr-FR\",\"potentialAction\":[{\"@type\":\"ReadAction\",\"target\":[\"https:\/\/www.annonces-legales.org\/blog\/terre-de-touraine\/\"]}]},{\"@type\":\"ImageObject\",\"inLanguage\":\"fr-FR\",\"@id\":\"https:\/\/www.annonces-legales.org\/blog\/terre-de-touraine\/#primaryimage\",\"url\":\"https:\/\/www.annonces-legales.org\/blog\/wp-content\/uploads\/2021\/10\/Terre-de-Touraine.png\",\"contentUrl\":\"https:\/\/www.annonces-legales.org\/blog\/wp-content\/uploads\/2021\/10\/Terre-de-Touraine.png\",\"width\":400,\"height\":225},{\"@type\":\"BreadcrumbList\",\"@id\":\"https:\/\/www.annonces-legales.org\/blog\/terre-de-touraine\/#breadcrumb\",\"itemListElement\":[{\"@type\":\"ListItem\",\"position\":1,\"name\":\"Accueil\",\"item\":\"https:\/\/www.annonces-legales.org\/blog\/\"},{\"@type\":\"ListItem\",\"position\":2,\"name\":\"Liste des journaux habilit\u00e9s \u00e0 publier des annonces l\u00e9gales\",\"item\":\"https:\/\/www.annonces-legales.org\/blog\/liste-des-journaux-habilites-a-publier-des-annonces-legales\/\"},{\"@type\":\"ListItem\",\"position\":3,\"name\":\"Terre de Touraine\"}]},{\"@type\":\"WebSite\",\"@id\":\"https:\/\/www.annonces-legales.org\/blog\/#website\",\"url\":\"https:\/\/www.annonces-legales.org\/blog\/\",\"name\":\"Actualit\u00e9 des entreprises\",\"description\":\"\",\"publisher\":{\"@id\":\"https:\/\/www.annonces-legales.org\/blog\/#organization\"},\"potentialAction\":[{\"@type\":\"SearchAction\",\"target\":{\"@type\":\"EntryPoint\",\"urlTemplate\":\"https:\/\/www.annonces-legales.org\/blog\/?s={search_term_string}\"},\"query-input\":{\"@type\":\"PropertyValueSpecification\",\"valueRequired\":true,\"valueName\":\"search_term_string\"}}],\"inLanguage\":\"fr-FR\"},{\"@type\":\"Organization\",\"@id\":\"https:\/\/www.annonces-legales.org\/blog\/#organization\",\"name\":\"Actualit\u00e9 des entreprises\",\"url\":\"https:\/\/www.annonces-legales.org\/blog\/\",\"logo\":{\"@type\":\"ImageObject\",\"inLanguage\":\"fr-FR\",\"@id\":\"https:\/\/www.annonces-legales.org\/blog\/#\/schema\/logo\/image\/\",\"url\":\"https:\/\/www.annonces-legales.org\/blog\/wp-content\/uploads\/2023\/08\/annonces-legales.svg\",\"contentUrl\":\"https:\/\/www.annonces-legales.org\/blog\/wp-content\/uploads\/2023\/08\/annonces-legales.svg\",\"caption\":\"Actualit\u00e9 des entreprises\"},\"image\":{\"@id\":\"https:\/\/www.annonces-legales.org\/blog\/#\/schema\/logo\/image\/\"}}]}<\/script>\n<!-- \/ Yoast SEO plugin. -->","yoast_head_json":{"title":"Terre de Touraine - Actualit\u00e9 des entreprises","robots":{"index":"index","follow":"follow","max-snippet":"max-snippet:-1","max-image-preview":"max-image-preview:large","max-video-preview":"max-video-preview:-1"},"canonical":"https:\/\/www.annonces-legales.org\/blog\/terre-de-touraine\/","og_locale":"fr_FR","og_type":"article","og_title":"Terre de Touraine - Actualit\u00e9 des entreprises","og_description":"L&rsquo;hebdomadaire Terre de Touraine est diffus\u00e9 chaque vendredi en Indre-et-Loire. Le contenu du journal est destin\u00e9 aux militaires et aux [&hellip;]","og_url":"https:\/\/www.annonces-legales.org\/blog\/terre-de-touraine\/","og_site_name":"Actualit\u00e9 des entreprises","article_modified_time":"2022-01-26T11:15:42+00:00","og_image":[{"width":400,"height":225,"url":"https:\/\/www.annonces-legales.org\/blog\/wp-content\/uploads\/2021\/10\/Terre-de-Touraine.png","type":"image\/png"}],"twitter_card":"summary_large_image","twitter_misc":{"Dur\u00e9e de lecture estim\u00e9e":"2 minutes"},"schema":{"@context":"https:\/\/schema.org","@graph":[{"@type":"WebPage","@id":"https:\/\/www.annonces-legales.org\/blog\/terre-de-touraine\/","url":"https:\/\/www.annonces-legales.org\/blog\/terre-de-touraine\/","name":"Terre de Touraine - Actualit\u00e9 des entreprises","isPartOf":{"@id":"https:\/\/www.annonces-legales.org\/blog\/#website"},"primaryImageOfPage":{"@id":"https:\/\/www.annonces-legales.org\/blog\/terre-de-touraine\/#primaryimage"},"image":{"@id":"https:\/\/www.annonces-legales.org\/blog\/terre-de-touraine\/#primaryimage"},"thumbnailUrl":"https:\/\/www.annonces-legales.org\/blog\/wp-content\/uploads\/2021\/10\/Terre-de-Touraine.png","datePublished":"2021-10-12T18:37:32+00:00","dateModified":"2022-01-26T11:15:42+00:00","breadcrumb":{"@id":"https:\/\/www.annonces-legales.org\/blog\/terre-de-touraine\/#breadcrumb"},"inLanguage":"fr-FR","potentialAction":[{"@type":"ReadAction","target":["https:\/\/www.annonces-legales.org\/blog\/terre-de-touraine\/"]}]},{"@type":"ImageObject","inLanguage":"fr-FR","@id":"https:\/\/www.annonces-legales.org\/blog\/terre-de-touraine\/#primaryimage","url":"https:\/\/www.annonces-legales.org\/blog\/wp-content\/uploads\/2021\/10\/Terre-de-Touraine.png","contentUrl":"https:\/\/www.annonces-legales.org\/blog\/wp-content\/uploads\/2021\/10\/Terre-de-Touraine.png","width":400,"height":225},{"@type":"BreadcrumbList","@id":"https:\/\/www.annonces-legales.org\/blog\/terre-de-touraine\/#breadcrumb","itemListElement":[{"@type":"ListItem","position":1,"name":"Accueil","item":"https:\/\/www.annonces-legales.org\/blog\/"},{"@type":"ListItem","position":2,"name":"Liste des journaux habilit\u00e9s \u00e0 publier des annonces l\u00e9gales","item":"https:\/\/www.annonces-legales.org\/blog\/liste-des-journaux-habilites-a-publier-des-annonces-legales\/"},{"@type":"ListItem","position":3,"name":"Terre de Touraine"}]},{"@type":"WebSite","@id":"https:\/\/www.annonces-legales.org\/blog\/#website","url":"https:\/\/www.annonces-legales.org\/blog\/","name":"Actualit\u00e9 des entreprises","description":"","publisher":{"@id":"https:\/\/www.annonces-legales.org\/blog\/#organization"},"potentialAction":[{"@type":"SearchAction","target":{"@type":"EntryPoint","urlTemplate":"https:\/\/www.annonces-legales.org\/blog\/?s={search_term_string}"},"query-input":{"@type":"PropertyValueSpecification","valueRequired":true,"valueName":"search_term_string"}}],"inLanguage":"fr-FR"},{"@type":"Organization","@id":"https:\/\/www.annonces-legales.org\/blog\/#organization","name":"Actualit\u00e9 des entreprises","url":"https:\/\/www.annonces-legales.org\/blog\/","logo":{"@type":"ImageObject","inLanguage":"fr-FR","@id":"https:\/\/www.annonces-legales.org\/blog\/#\/schema\/logo\/image\/","url":"https:\/\/www.annonces-legales.org\/blog\/wp-content\/uploads\/2023\/08\/annonces-legales.svg","contentUrl":"https:\/\/www.annonces-legales.org\/blog\/wp-content\/uploads\/2023\/08\/annonces-legales.svg","caption":"Actualit\u00e9 des entreprises"},"image":{"@id":"https:\/\/www.annonces-legales.org\/blog\/#\/schema\/logo\/image\/"}}]}},"_links":{"self":[{"href":"https:\/\/www.annonces-legales.org\/blog\/wp-json\/wp\/v2\/pages\/1194","targetHints":{"allow":["GET"]}}],"collection":[{"href":"https:\/\/www.annonces-legales.org\/blog\/wp-json\/wp\/v2\/pages"}],"about":[{"href":"https:\/\/www.annonces-legales.org\/blog\/wp-json\/wp\/v2\/types\/page"}],"author":[{"embeddable":true,"href":"https:\/\/www.annonces-legales.org\/blog\/wp-json\/wp\/v2\/users\/1"}],"replies":[{"embeddable":true,"href":"https:\/\/www.annonces-legales.org\/blog\/wp-json\/wp\/v2\/comments?post=1194"}],"version-history":[{"count":2,"href":"https:\/\/www.annonces-legales.org\/blog\/wp-json\/wp\/v2\/pages\/1194\/revisions"}],"predecessor-version":[{"id":1274,"href":"https:\/\/www.annonces-legales.org\/blog\/wp-json\/wp\/v2\/pages\/1194\/revisions\/1274"}],"up":[{"embeddable":true,"href":"https:\/\/www.annonces-legales.org\/blog\/wp-json\/wp\/v2\/pages\/351"}],"wp:attachment":[{"href":"https:\/\/www.annonces-legales.org\/blog\/wp-json\/wp\/v2\/media?parent=1194"}],"curies":[{"name":"wp","href":"https:\/\/api.w.org\/{rel}","templated":true}]}}