{"id":1199,"date":"2021-10-12T20:44:06","date_gmt":"2021-10-12T18:44:06","guid":{"rendered":"https:\/\/www.annonces-legales.org\/blog\/?page_id=1199"},"modified":"2022-01-26T11:54:50","modified_gmt":"2022-01-26T10:54:50","slug":"lessor-isere","status":"publish","type":"page","link":"https:\/\/www.annonces-legales.org\/blog\/lessor-isere\/","title":{"rendered":"L&rsquo;Essor Is\u00e8re"},"content":{"rendered":"<p><img loading=\"lazy\" decoding=\"async\" class=\"aligncenter size-full wp-image-1269\" src=\"https:\/\/www.annonces-legales.org\/blog\/wp-content\/uploads\/2021\/10\/essort-isere.png\" alt=\"\" width=\"225\" height=\"132\" \/><\/p>\n<p><strong>L&rsquo;essor Is\u00e8re<\/strong> est un hebdomadaire d&rsquo;informations r\u00e9gionales et locales. Il est vendu 1,50 \u20ac et il est distribu\u00e9 tous les vendredis dans les kiosques et maisons de presse d&rsquo;Is\u00e8re.<\/p>\n<p>Le journal n&rsquo;est pas g\u00e9n\u00e9raliste. Il propose des informations sur l&rsquo;\u00e9conomie, sur la collectivit\u00e9, sur l&rsquo;industrie, sur la vie juridique et les territoires en Is\u00e8re.<br \/>\nLe journal est imprim\u00e9 chaque semaine \u00e0 plus de 3000 exemplaires. Plus de 95 % des lecteurs de cet hebdomadaire sont des abonn\u00e9s num\u00e9riques ou version papier.<\/p>\n<p>Le journal l&rsquo;essor poss\u00e8de trois \u00e9ditions : l&rsquo;essor Loire, l&rsquo;essor Rh\u00f4ne et donc l&rsquo;essor Is\u00e8re.<\/p>\n<p>&nbsp;<\/p>\n<h2>A propos de L&rsquo;Essor Is\u00e8re<\/h2>\n<p>Fond\u00e9 apr\u00e8s la fin de la deuxi\u00e8me guerre mondiale, le journal poss\u00e8de d&rsquo;abord quatre pages qui traitent de l&rsquo;actualit\u00e9 autour de Saint-\u00c9tienne. Un peu plus tard, le journal fait para\u00eetre des informations sur toute la Loire. Puis deux nouvelles \u00e9ditions sont cr\u00e9\u00e9es : celle du Rh\u00f4ne et celle de l&rsquo;Is\u00e8re. En 2023, le journal devrait f\u00eater son num\u00e9ro 4000.<\/p>\n<p>Le journal l&rsquo;Essor appartient au groupe de presse Les Affiches Parisiennes.<\/p>\n<p>Adresse du journal : 13, Cours Romestang \u00e0 Vienne (38000).<br \/>\nT\u00e9l\u00e9phone : 04 77 37 60 60<\/p>\n<p>Ce journal est homologu\u00e9 pour recevoir les annonces l\u00e9gales des entreprises et des particuliers du d\u00e9partement d&rsquo;Is\u00e8re.<\/p>\n<p>&nbsp;<\/p>\n<h2>Publication d&rsquo;une annonce officielle en Is\u00e8re<\/h2>\n<p>Pour d\u00e9poser une annonce l\u00e9gale dans le d\u00e9partement de l&rsquo;Is\u00e8re, il faut utiliser un journal local is\u00e9rois. Il est bien s\u00fbr possible d&rsquo;utiliser le<strong> journal l&rsquo;essor Is\u00e8re<\/strong>. Ce journal hebdomadaire a en effet re\u00e7u une habilitation de la part de la pr\u00e9fecture du 38.<br \/>\nLa publication d&rsquo;une annonce l\u00e9gale peut se faire sur Internet. Il existe de nombreux services en ligne comme annonces-legales.org qui vont faire publier votre annonce dans un journal homologu\u00e9 (un journal en ligne SPEL ou un journal papier JAL).<\/p>\n<br\/><br\/><div class=\"entry-content notopmargin\">\n\t<img decoding=\"async\" class=\"img-fluid fleft\" src=\"https:\/\/www.annonces-legales.org\/images\/rapide-economique-tout-departement.png\" alt=\"Journal d'annonce l\u00e9gale du 38 \"><a href=\"https:\/\/www.annonces-legales.org\/publication-annonce-legale.html\" class=\"button button-desc fright mtop30\"><div>Je publie<br> mon annonce<br> l\u00e9gale<\/div><span>dans un journal du 38 !<\/span><\/a>\n<\/div><div class=\"clrbth\"><\/div><br\/><br\/>\n<p>&nbsp;<\/p>\n<h2>Comment publier une annonce l\u00e9gale en Is\u00e8re ?<\/h2>\n<p>Pour d\u00e9poser une annonce l\u00e9gale \u00e0 l&rsquo;aide de notre service, c&rsquo;est tr\u00e8s simple. Il suffit de choisir la cat\u00e9gorie d&rsquo;annonce et de se rendre sur le formulaire ad\u00e9quate. Apr\u00e8s avoir entr\u00e9 les informations demand\u00e9es il sera possible de voir l&rsquo;annonce l\u00e9gale et de choisir le journal dans lequel vous voulez qu&rsquo;elle apparaisse (choix du journal possible ou non en fonction du d\u00e9partement).<br \/>\nUne attestation de publication sera ensuite envoy\u00e9e tr\u00e8s rapidement par voie digitale.<\/p>\n","protected":false},"excerpt":{"rendered":"<p>L&rsquo;essor Is\u00e8re est un hebdomadaire d&rsquo;informations r\u00e9gionales et locales. Il est vendu 1,50 \u20ac et il est distribu\u00e9 tous les [&hellip;]<\/p>\n","protected":false},"author":1,"featured_media":0,"parent":351,"menu_order":0,"comment_status":"closed","ping_status":"closed","template":"","meta":{"inline_featured_image":false,"footnotes":""},"class_list":["post-1199","page","type-page","status-publish","hentry"],"yoast_head":"<!-- This site is optimized with the Yoast SEO plugin v26.8 - https:\/\/yoast.com\/product\/yoast-seo-wordpress\/ -->\n<title>L&#039;Essor Is\u00e8re - Actualit\u00e9 des entreprises<\/title>\n<meta name=\"robots\" content=\"index, follow, max-snippet:-1, max-image-preview:large, max-video-preview:-1\" \/>\n<link rel=\"canonical\" href=\"https:\/\/www.annonces-legales.org\/blog\/lessor-isere\/\" \/>\n<meta property=\"og:locale\" content=\"fr_FR\" \/>\n<meta property=\"og:type\" content=\"article\" \/>\n<meta property=\"og:title\" content=\"L&#039;Essor Is\u00e8re - Actualit\u00e9 des entreprises\" \/>\n<meta property=\"og:description\" content=\"L&rsquo;essor Is\u00e8re est un hebdomadaire d&rsquo;informations r\u00e9gionales et locales. Il est vendu 1,50 \u20ac et il est distribu\u00e9 tous les [&hellip;]\" \/>\n<meta property=\"og:url\" content=\"https:\/\/www.annonces-legales.org\/blog\/lessor-isere\/\" \/>\n<meta property=\"og:site_name\" content=\"Actualit\u00e9 des entreprises\" \/>\n<meta property=\"article:modified_time\" content=\"2022-01-26T10:54:50+00:00\" \/>\n<meta property=\"og:image\" content=\"https:\/\/www.annonces-legales.org\/blog\/wp-content\/uploads\/2021\/10\/essort-isere.png\" \/>\n\t<meta property=\"og:image:width\" content=\"225\" \/>\n\t<meta property=\"og:image:height\" content=\"132\" \/>\n\t<meta property=\"og:image:type\" content=\"image\/png\" \/>\n<meta name=\"twitter:card\" content=\"summary_large_image\" \/>\n<meta name=\"twitter:label1\" content=\"Dur\u00e9e de lecture estim\u00e9e\" \/>\n\t<meta name=\"twitter:data1\" content=\"2 minutes\" \/>\n<script type=\"application\/ld+json\" class=\"yoast-schema-graph\">{\"@context\":\"https:\/\/schema.org\",\"@graph\":[{\"@type\":\"WebPage\",\"@id\":\"https:\/\/www.annonces-legales.org\/blog\/lessor-isere\/\",\"url\":\"https:\/\/www.annonces-legales.org\/blog\/lessor-isere\/\",\"name\":\"L'Essor Is\u00e8re - Actualit\u00e9 des entreprises\",\"isPartOf\":{\"@id\":\"https:\/\/www.annonces-legales.org\/blog\/#website\"},\"primaryImageOfPage\":{\"@id\":\"https:\/\/www.annonces-legales.org\/blog\/lessor-isere\/#primaryimage\"},\"image\":{\"@id\":\"https:\/\/www.annonces-legales.org\/blog\/lessor-isere\/#primaryimage\"},\"thumbnailUrl\":\"https:\/\/www.annonces-legales.org\/blog\/wp-content\/uploads\/2021\/10\/essort-isere.png\",\"datePublished\":\"2021-10-12T18:44:06+00:00\",\"dateModified\":\"2022-01-26T10:54:50+00:00\",\"breadcrumb\":{\"@id\":\"https:\/\/www.annonces-legales.org\/blog\/lessor-isere\/#breadcrumb\"},\"inLanguage\":\"fr-FR\",\"potentialAction\":[{\"@type\":\"ReadAction\",\"target\":[\"https:\/\/www.annonces-legales.org\/blog\/lessor-isere\/\"]}]},{\"@type\":\"ImageObject\",\"inLanguage\":\"fr-FR\",\"@id\":\"https:\/\/www.annonces-legales.org\/blog\/lessor-isere\/#primaryimage\",\"url\":\"https:\/\/www.annonces-legales.org\/blog\/wp-content\/uploads\/2021\/10\/essort-isere.png\",\"contentUrl\":\"https:\/\/www.annonces-legales.org\/blog\/wp-content\/uploads\/2021\/10\/essort-isere.png\",\"width\":225,\"height\":132},{\"@type\":\"BreadcrumbList\",\"@id\":\"https:\/\/www.annonces-legales.org\/blog\/lessor-isere\/#breadcrumb\",\"itemListElement\":[{\"@type\":\"ListItem\",\"position\":1,\"name\":\"Accueil\",\"item\":\"https:\/\/www.annonces-legales.org\/blog\/\"},{\"@type\":\"ListItem\",\"position\":2,\"name\":\"Liste des journaux habilit\u00e9s \u00e0 publier des annonces l\u00e9gales\",\"item\":\"https:\/\/www.annonces-legales.org\/blog\/liste-des-journaux-habilites-a-publier-des-annonces-legales\/\"},{\"@type\":\"ListItem\",\"position\":3,\"name\":\"L&rsquo;Essor Is\u00e8re\"}]},{\"@type\":\"WebSite\",\"@id\":\"https:\/\/www.annonces-legales.org\/blog\/#website\",\"url\":\"https:\/\/www.annonces-legales.org\/blog\/\",\"name\":\"Actualit\u00e9 des entreprises\",\"description\":\"\",\"publisher\":{\"@id\":\"https:\/\/www.annonces-legales.org\/blog\/#organization\"},\"potentialAction\":[{\"@type\":\"SearchAction\",\"target\":{\"@type\":\"EntryPoint\",\"urlTemplate\":\"https:\/\/www.annonces-legales.org\/blog\/?s={search_term_string}\"},\"query-input\":{\"@type\":\"PropertyValueSpecification\",\"valueRequired\":true,\"valueName\":\"search_term_string\"}}],\"inLanguage\":\"fr-FR\"},{\"@type\":\"Organization\",\"@id\":\"https:\/\/www.annonces-legales.org\/blog\/#organization\",\"name\":\"Actualit\u00e9 des entreprises\",\"url\":\"https:\/\/www.annonces-legales.org\/blog\/\",\"logo\":{\"@type\":\"ImageObject\",\"inLanguage\":\"fr-FR\",\"@id\":\"https:\/\/www.annonces-legales.org\/blog\/#\/schema\/logo\/image\/\",\"url\":\"https:\/\/www.annonces-legales.org\/blog\/wp-content\/uploads\/2023\/08\/annonces-legales.svg\",\"contentUrl\":\"https:\/\/www.annonces-legales.org\/blog\/wp-content\/uploads\/2023\/08\/annonces-legales.svg\",\"caption\":\"Actualit\u00e9 des entreprises\"},\"image\":{\"@id\":\"https:\/\/www.annonces-legales.org\/blog\/#\/schema\/logo\/image\/\"}}]}<\/script>\n<!-- \/ Yoast SEO plugin. -->","yoast_head_json":{"title":"L'Essor Is\u00e8re - Actualit\u00e9 des entreprises","robots":{"index":"index","follow":"follow","max-snippet":"max-snippet:-1","max-image-preview":"max-image-preview:large","max-video-preview":"max-video-preview:-1"},"canonical":"https:\/\/www.annonces-legales.org\/blog\/lessor-isere\/","og_locale":"fr_FR","og_type":"article","og_title":"L'Essor Is\u00e8re - Actualit\u00e9 des entreprises","og_description":"L&rsquo;essor Is\u00e8re est un hebdomadaire d&rsquo;informations r\u00e9gionales et locales. Il est vendu 1,50 \u20ac et il est distribu\u00e9 tous les [&hellip;]","og_url":"https:\/\/www.annonces-legales.org\/blog\/lessor-isere\/","og_site_name":"Actualit\u00e9 des entreprises","article_modified_time":"2022-01-26T10:54:50+00:00","og_image":[{"width":225,"height":132,"url":"https:\/\/www.annonces-legales.org\/blog\/wp-content\/uploads\/2021\/10\/essort-isere.png","type":"image\/png"}],"twitter_card":"summary_large_image","twitter_misc":{"Dur\u00e9e de lecture estim\u00e9e":"2 minutes"},"schema":{"@context":"https:\/\/schema.org","@graph":[{"@type":"WebPage","@id":"https:\/\/www.annonces-legales.org\/blog\/lessor-isere\/","url":"https:\/\/www.annonces-legales.org\/blog\/lessor-isere\/","name":"L'Essor Is\u00e8re - Actualit\u00e9 des entreprises","isPartOf":{"@id":"https:\/\/www.annonces-legales.org\/blog\/#website"},"primaryImageOfPage":{"@id":"https:\/\/www.annonces-legales.org\/blog\/lessor-isere\/#primaryimage"},"image":{"@id":"https:\/\/www.annonces-legales.org\/blog\/lessor-isere\/#primaryimage"},"thumbnailUrl":"https:\/\/www.annonces-legales.org\/blog\/wp-content\/uploads\/2021\/10\/essort-isere.png","datePublished":"2021-10-12T18:44:06+00:00","dateModified":"2022-01-26T10:54:50+00:00","breadcrumb":{"@id":"https:\/\/www.annonces-legales.org\/blog\/lessor-isere\/#breadcrumb"},"inLanguage":"fr-FR","potentialAction":[{"@type":"ReadAction","target":["https:\/\/www.annonces-legales.org\/blog\/lessor-isere\/"]}]},{"@type":"ImageObject","inLanguage":"fr-FR","@id":"https:\/\/www.annonces-legales.org\/blog\/lessor-isere\/#primaryimage","url":"https:\/\/www.annonces-legales.org\/blog\/wp-content\/uploads\/2021\/10\/essort-isere.png","contentUrl":"https:\/\/www.annonces-legales.org\/blog\/wp-content\/uploads\/2021\/10\/essort-isere.png","width":225,"height":132},{"@type":"BreadcrumbList","@id":"https:\/\/www.annonces-legales.org\/blog\/lessor-isere\/#breadcrumb","itemListElement":[{"@type":"ListItem","position":1,"name":"Accueil","item":"https:\/\/www.annonces-legales.org\/blog\/"},{"@type":"ListItem","position":2,"name":"Liste des journaux habilit\u00e9s \u00e0 publier des annonces l\u00e9gales","item":"https:\/\/www.annonces-legales.org\/blog\/liste-des-journaux-habilites-a-publier-des-annonces-legales\/"},{"@type":"ListItem","position":3,"name":"L&rsquo;Essor Is\u00e8re"}]},{"@type":"WebSite","@id":"https:\/\/www.annonces-legales.org\/blog\/#website","url":"https:\/\/www.annonces-legales.org\/blog\/","name":"Actualit\u00e9 des entreprises","description":"","publisher":{"@id":"https:\/\/www.annonces-legales.org\/blog\/#organization"},"potentialAction":[{"@type":"SearchAction","target":{"@type":"EntryPoint","urlTemplate":"https:\/\/www.annonces-legales.org\/blog\/?s={search_term_string}"},"query-input":{"@type":"PropertyValueSpecification","valueRequired":true,"valueName":"search_term_string"}}],"inLanguage":"fr-FR"},{"@type":"Organization","@id":"https:\/\/www.annonces-legales.org\/blog\/#organization","name":"Actualit\u00e9 des entreprises","url":"https:\/\/www.annonces-legales.org\/blog\/","logo":{"@type":"ImageObject","inLanguage":"fr-FR","@id":"https:\/\/www.annonces-legales.org\/blog\/#\/schema\/logo\/image\/","url":"https:\/\/www.annonces-legales.org\/blog\/wp-content\/uploads\/2023\/08\/annonces-legales.svg","contentUrl":"https:\/\/www.annonces-legales.org\/blog\/wp-content\/uploads\/2023\/08\/annonces-legales.svg","caption":"Actualit\u00e9 des entreprises"},"image":{"@id":"https:\/\/www.annonces-legales.org\/blog\/#\/schema\/logo\/image\/"}}]}},"_links":{"self":[{"href":"https:\/\/www.annonces-legales.org\/blog\/wp-json\/wp\/v2\/pages\/1199","targetHints":{"allow":["GET"]}}],"collection":[{"href":"https:\/\/www.annonces-legales.org\/blog\/wp-json\/wp\/v2\/pages"}],"about":[{"href":"https:\/\/www.annonces-legales.org\/blog\/wp-json\/wp\/v2\/types\/page"}],"author":[{"embeddable":true,"href":"https:\/\/www.annonces-legales.org\/blog\/wp-json\/wp\/v2\/users\/1"}],"replies":[{"embeddable":true,"href":"https:\/\/www.annonces-legales.org\/blog\/wp-json\/wp\/v2\/comments?post=1199"}],"version-history":[{"count":2,"href":"https:\/\/www.annonces-legales.org\/blog\/wp-json\/wp\/v2\/pages\/1199\/revisions"}],"predecessor-version":[{"id":1270,"href":"https:\/\/www.annonces-legales.org\/blog\/wp-json\/wp\/v2\/pages\/1199\/revisions\/1270"}],"up":[{"embeddable":true,"href":"https:\/\/www.annonces-legales.org\/blog\/wp-json\/wp\/v2\/pages\/351"}],"wp:attachment":[{"href":"https:\/\/www.annonces-legales.org\/blog\/wp-json\/wp\/v2\/media?parent=1199"}],"curies":[{"name":"wp","href":"https:\/\/api.w.org\/{rel}","templated":true}]}}