{"id":1206,"date":"2021-10-12T20:52:36","date_gmt":"2021-10-12T18:52:36","guid":{"rendered":"https:\/\/www.annonces-legales.org\/blog\/?page_id=1206"},"modified":"2022-01-26T12:04:17","modified_gmt":"2022-01-26T11:04:17","slug":"le-jura-agricole-et-rural","status":"publish","type":"page","link":"https:\/\/www.annonces-legales.org\/blog\/le-jura-agricole-et-rural\/","title":{"rendered":"Le Jura agricole et rural"},"content":{"rendered":"<p><img loading=\"lazy\" decoding=\"async\" class=\"aligncenter wp-image-1263 size-full\" src=\"https:\/\/www.annonces-legales.org\/blog\/wp-content\/uploads\/2021\/10\/Jura-agricole-et-rural.png\" alt=\"Jura agricole et rural\" width=\"350\" height=\"128\" srcset=\"https:\/\/www.annonces-legales.org\/blog\/wp-content\/uploads\/2021\/10\/Jura-agricole-et-rural.png 350w, https:\/\/www.annonces-legales.org\/blog\/wp-content\/uploads\/2021\/10\/Jura-agricole-et-rural-300x110.png 300w\" sizes=\"auto, (max-width: 350px) 100vw, 350px\" \/><\/p>\n<p>L&rsquo;hebdomadaire le Jura agricole et rural para\u00eet tous les vendredis. Sur ses pages, les lecteurs peuvent se tenir au courant des actualit\u00e9s agricoles et rurales du d\u00e9partement. Plus pr\u00e9cis\u00e9ment, le journal donne des informations sur l&rsquo;\u00e9levage, la culture, la viticulture, les cotations&#8230;<\/p>\n<p>&nbsp;<\/p>\n<h2>Mieux connaitre Le Jura agricole et rural<\/h2>\n<p>50 num\u00e9ros sont publi\u00e9s tous les ans. Le journal est imprim\u00e9 chaque semaine \u00e0 environ 2500 exemplaires. Le journal est lu par les agriculteurs, les \u00e9leveurs, mais aussi par les entrepreneurs et les \u00e9lus du d\u00e9partement.<br \/>\nCe journal agricole fait parti du syndicat de rattachement SNPAR. Le r\u00e9dacteur en chef du journal se nomme \u00c9tienne Rougeaux. La r\u00e9daction du journal se trouve au 45 rue du colonel de Casteljau \u00e0 Lons le Saunier 39006.<\/p>\n<p>La pr\u00e9fecture du d\u00e9partement du Jura a donn\u00e9 \u00e0 cet hebdomadaire une habilitation afin qu&rsquo;il puisse d\u00e9poser des annonces l\u00e9gales. Ainsi, chaque semaine, vous pouvez retrouver dans le journal <strong>le Jura agricole et rural<\/strong>, plus d&rsquo;une vingtaine d&rsquo;annonces l\u00e9gales.<\/p>\n<h2>Quel journal utiliser pour publier une annonce l\u00e9gale dans le Jura ?<\/h2>\n<p>La publication d&rsquo;un avis officiel pour une entreprise ou un individu r\u00e9sidant dans le Jura, doit se faire dans un journal habilit\u00e9 de ce d\u00e9partement. Pour l&rsquo;ann\u00e9e 2021, la pr\u00e9fecture du Jura a donn\u00e9 une habilitation aux trois journaux suivants :<br \/>\n&#8211; Jura agricole et rural<br \/>\n&#8211; Le Progr\u00e8s (\u00e9ditions du Jura)<br \/>\n&#8211; La voix du Jura<\/p>\n<p>Seuls ces 3 journaux peuvent d\u00e9poser une annonce l\u00e9gale dans le d\u00e9partement du Jura.<\/p>\n<h2>Publier imm\u00e9diatement une annonce dans le d\u00e9partement du Jura<\/h2>\n<p>Notre service de publication d&rsquo;annonce l\u00e9gale permet aux entrepreneurs et aux individus du Jura de publier facilement leurs annonces l\u00e9gales. Vous pouvez obtenir tr\u00e8s rapidement un devis en cliquant ci-dessous.<\/p>\n<br\/><br\/><div class=\"entry-content notopmargin\">\n\t<img decoding=\"async\" class=\"img-fluid fleft\" src=\"https:\/\/www.annonces-legales.org\/images\/rapide-economique-tout-departement.png\" alt=\"Journal d'annonce l\u00e9gale du Jura \"><a href=\"https:\/\/www.annonces-legales.org\/publication-annonce-legale.html\" class=\"button button-desc fright mtop30\"><div>Je publie<br> mon annonce<br> l\u00e9gale<\/div><span>dans un journal du Jura !<\/span><\/a>\n<\/div><div class=\"clrbth\"><\/div><br\/><br\/>\n","protected":false},"excerpt":{"rendered":"<p>L&rsquo;hebdomadaire le Jura agricole et rural para\u00eet tous les vendredis. Sur ses pages, les lecteurs peuvent se tenir au courant [&hellip;]<\/p>\n","protected":false},"author":1,"featured_media":0,"parent":351,"menu_order":0,"comment_status":"closed","ping_status":"closed","template":"","meta":{"inline_featured_image":false,"footnotes":""},"class_list":["post-1206","page","type-page","status-publish","hentry"],"yoast_head":"<!-- This site is optimized with the Yoast SEO plugin v26.8 - https:\/\/yoast.com\/product\/yoast-seo-wordpress\/ -->\n<title>Le Jura agricole et rural - Actualit\u00e9 des entreprises<\/title>\n<meta name=\"robots\" content=\"index, follow, max-snippet:-1, max-image-preview:large, max-video-preview:-1\" \/>\n<link rel=\"canonical\" href=\"https:\/\/www.annonces-legales.org\/blog\/le-jura-agricole-et-rural\/\" \/>\n<meta property=\"og:locale\" content=\"fr_FR\" \/>\n<meta property=\"og:type\" content=\"article\" \/>\n<meta property=\"og:title\" content=\"Le Jura agricole et rural - Actualit\u00e9 des entreprises\" \/>\n<meta property=\"og:description\" content=\"L&rsquo;hebdomadaire le Jura agricole et rural para\u00eet tous les vendredis. Sur ses pages, les lecteurs peuvent se tenir au courant [&hellip;]\" \/>\n<meta property=\"og:url\" content=\"https:\/\/www.annonces-legales.org\/blog\/le-jura-agricole-et-rural\/\" \/>\n<meta property=\"og:site_name\" content=\"Actualit\u00e9 des entreprises\" \/>\n<meta property=\"article:modified_time\" content=\"2022-01-26T11:04:17+00:00\" \/>\n<meta property=\"og:image\" content=\"https:\/\/www.annonces-legales.org\/blog\/wp-content\/uploads\/2021\/10\/Jura-agricole-et-rural.png\" \/>\n\t<meta property=\"og:image:width\" content=\"350\" \/>\n\t<meta property=\"og:image:height\" content=\"128\" \/>\n\t<meta property=\"og:image:type\" content=\"image\/png\" \/>\n<meta name=\"twitter:card\" content=\"summary_large_image\" \/>\n<meta name=\"twitter:label1\" content=\"Dur\u00e9e de lecture estim\u00e9e\" \/>\n\t<meta name=\"twitter:data1\" content=\"2 minutes\" \/>\n<script type=\"application\/ld+json\" class=\"yoast-schema-graph\">{\"@context\":\"https:\/\/schema.org\",\"@graph\":[{\"@type\":\"WebPage\",\"@id\":\"https:\/\/www.annonces-legales.org\/blog\/le-jura-agricole-et-rural\/\",\"url\":\"https:\/\/www.annonces-legales.org\/blog\/le-jura-agricole-et-rural\/\",\"name\":\"Le Jura agricole et rural - Actualit\u00e9 des entreprises\",\"isPartOf\":{\"@id\":\"https:\/\/www.annonces-legales.org\/blog\/#website\"},\"primaryImageOfPage\":{\"@id\":\"https:\/\/www.annonces-legales.org\/blog\/le-jura-agricole-et-rural\/#primaryimage\"},\"image\":{\"@id\":\"https:\/\/www.annonces-legales.org\/blog\/le-jura-agricole-et-rural\/#primaryimage\"},\"thumbnailUrl\":\"https:\/\/www.annonces-legales.org\/blog\/wp-content\/uploads\/2021\/10\/Jura-agricole-et-rural.png\",\"datePublished\":\"2021-10-12T18:52:36+00:00\",\"dateModified\":\"2022-01-26T11:04:17+00:00\",\"breadcrumb\":{\"@id\":\"https:\/\/www.annonces-legales.org\/blog\/le-jura-agricole-et-rural\/#breadcrumb\"},\"inLanguage\":\"fr-FR\",\"potentialAction\":[{\"@type\":\"ReadAction\",\"target\":[\"https:\/\/www.annonces-legales.org\/blog\/le-jura-agricole-et-rural\/\"]}]},{\"@type\":\"ImageObject\",\"inLanguage\":\"fr-FR\",\"@id\":\"https:\/\/www.annonces-legales.org\/blog\/le-jura-agricole-et-rural\/#primaryimage\",\"url\":\"https:\/\/www.annonces-legales.org\/blog\/wp-content\/uploads\/2021\/10\/Jura-agricole-et-rural.png\",\"contentUrl\":\"https:\/\/www.annonces-legales.org\/blog\/wp-content\/uploads\/2021\/10\/Jura-agricole-et-rural.png\",\"width\":350,\"height\":128},{\"@type\":\"BreadcrumbList\",\"@id\":\"https:\/\/www.annonces-legales.org\/blog\/le-jura-agricole-et-rural\/#breadcrumb\",\"itemListElement\":[{\"@type\":\"ListItem\",\"position\":1,\"name\":\"Accueil\",\"item\":\"https:\/\/www.annonces-legales.org\/blog\/\"},{\"@type\":\"ListItem\",\"position\":2,\"name\":\"Liste des journaux habilit\u00e9s \u00e0 publier des annonces l\u00e9gales\",\"item\":\"https:\/\/www.annonces-legales.org\/blog\/liste-des-journaux-habilites-a-publier-des-annonces-legales\/\"},{\"@type\":\"ListItem\",\"position\":3,\"name\":\"Le Jura agricole et rural\"}]},{\"@type\":\"WebSite\",\"@id\":\"https:\/\/www.annonces-legales.org\/blog\/#website\",\"url\":\"https:\/\/www.annonces-legales.org\/blog\/\",\"name\":\"Actualit\u00e9 des entreprises\",\"description\":\"\",\"publisher\":{\"@id\":\"https:\/\/www.annonces-legales.org\/blog\/#organization\"},\"potentialAction\":[{\"@type\":\"SearchAction\",\"target\":{\"@type\":\"EntryPoint\",\"urlTemplate\":\"https:\/\/www.annonces-legales.org\/blog\/?s={search_term_string}\"},\"query-input\":{\"@type\":\"PropertyValueSpecification\",\"valueRequired\":true,\"valueName\":\"search_term_string\"}}],\"inLanguage\":\"fr-FR\"},{\"@type\":\"Organization\",\"@id\":\"https:\/\/www.annonces-legales.org\/blog\/#organization\",\"name\":\"Actualit\u00e9 des entreprises\",\"url\":\"https:\/\/www.annonces-legales.org\/blog\/\",\"logo\":{\"@type\":\"ImageObject\",\"inLanguage\":\"fr-FR\",\"@id\":\"https:\/\/www.annonces-legales.org\/blog\/#\/schema\/logo\/image\/\",\"url\":\"https:\/\/www.annonces-legales.org\/blog\/wp-content\/uploads\/2023\/08\/annonces-legales.svg\",\"contentUrl\":\"https:\/\/www.annonces-legales.org\/blog\/wp-content\/uploads\/2023\/08\/annonces-legales.svg\",\"caption\":\"Actualit\u00e9 des entreprises\"},\"image\":{\"@id\":\"https:\/\/www.annonces-legales.org\/blog\/#\/schema\/logo\/image\/\"}}]}<\/script>\n<!-- \/ Yoast SEO plugin. -->","yoast_head_json":{"title":"Le Jura agricole et rural - Actualit\u00e9 des entreprises","robots":{"index":"index","follow":"follow","max-snippet":"max-snippet:-1","max-image-preview":"max-image-preview:large","max-video-preview":"max-video-preview:-1"},"canonical":"https:\/\/www.annonces-legales.org\/blog\/le-jura-agricole-et-rural\/","og_locale":"fr_FR","og_type":"article","og_title":"Le Jura agricole et rural - Actualit\u00e9 des entreprises","og_description":"L&rsquo;hebdomadaire le Jura agricole et rural para\u00eet tous les vendredis. Sur ses pages, les lecteurs peuvent se tenir au courant [&hellip;]","og_url":"https:\/\/www.annonces-legales.org\/blog\/le-jura-agricole-et-rural\/","og_site_name":"Actualit\u00e9 des entreprises","article_modified_time":"2022-01-26T11:04:17+00:00","og_image":[{"width":350,"height":128,"url":"https:\/\/www.annonces-legales.org\/blog\/wp-content\/uploads\/2021\/10\/Jura-agricole-et-rural.png","type":"image\/png"}],"twitter_card":"summary_large_image","twitter_misc":{"Dur\u00e9e de lecture estim\u00e9e":"2 minutes"},"schema":{"@context":"https:\/\/schema.org","@graph":[{"@type":"WebPage","@id":"https:\/\/www.annonces-legales.org\/blog\/le-jura-agricole-et-rural\/","url":"https:\/\/www.annonces-legales.org\/blog\/le-jura-agricole-et-rural\/","name":"Le Jura agricole et rural - Actualit\u00e9 des entreprises","isPartOf":{"@id":"https:\/\/www.annonces-legales.org\/blog\/#website"},"primaryImageOfPage":{"@id":"https:\/\/www.annonces-legales.org\/blog\/le-jura-agricole-et-rural\/#primaryimage"},"image":{"@id":"https:\/\/www.annonces-legales.org\/blog\/le-jura-agricole-et-rural\/#primaryimage"},"thumbnailUrl":"https:\/\/www.annonces-legales.org\/blog\/wp-content\/uploads\/2021\/10\/Jura-agricole-et-rural.png","datePublished":"2021-10-12T18:52:36+00:00","dateModified":"2022-01-26T11:04:17+00:00","breadcrumb":{"@id":"https:\/\/www.annonces-legales.org\/blog\/le-jura-agricole-et-rural\/#breadcrumb"},"inLanguage":"fr-FR","potentialAction":[{"@type":"ReadAction","target":["https:\/\/www.annonces-legales.org\/blog\/le-jura-agricole-et-rural\/"]}]},{"@type":"ImageObject","inLanguage":"fr-FR","@id":"https:\/\/www.annonces-legales.org\/blog\/le-jura-agricole-et-rural\/#primaryimage","url":"https:\/\/www.annonces-legales.org\/blog\/wp-content\/uploads\/2021\/10\/Jura-agricole-et-rural.png","contentUrl":"https:\/\/www.annonces-legales.org\/blog\/wp-content\/uploads\/2021\/10\/Jura-agricole-et-rural.png","width":350,"height":128},{"@type":"BreadcrumbList","@id":"https:\/\/www.annonces-legales.org\/blog\/le-jura-agricole-et-rural\/#breadcrumb","itemListElement":[{"@type":"ListItem","position":1,"name":"Accueil","item":"https:\/\/www.annonces-legales.org\/blog\/"},{"@type":"ListItem","position":2,"name":"Liste des journaux habilit\u00e9s \u00e0 publier des annonces l\u00e9gales","item":"https:\/\/www.annonces-legales.org\/blog\/liste-des-journaux-habilites-a-publier-des-annonces-legales\/"},{"@type":"ListItem","position":3,"name":"Le Jura agricole et rural"}]},{"@type":"WebSite","@id":"https:\/\/www.annonces-legales.org\/blog\/#website","url":"https:\/\/www.annonces-legales.org\/blog\/","name":"Actualit\u00e9 des entreprises","description":"","publisher":{"@id":"https:\/\/www.annonces-legales.org\/blog\/#organization"},"potentialAction":[{"@type":"SearchAction","target":{"@type":"EntryPoint","urlTemplate":"https:\/\/www.annonces-legales.org\/blog\/?s={search_term_string}"},"query-input":{"@type":"PropertyValueSpecification","valueRequired":true,"valueName":"search_term_string"}}],"inLanguage":"fr-FR"},{"@type":"Organization","@id":"https:\/\/www.annonces-legales.org\/blog\/#organization","name":"Actualit\u00e9 des entreprises","url":"https:\/\/www.annonces-legales.org\/blog\/","logo":{"@type":"ImageObject","inLanguage":"fr-FR","@id":"https:\/\/www.annonces-legales.org\/blog\/#\/schema\/logo\/image\/","url":"https:\/\/www.annonces-legales.org\/blog\/wp-content\/uploads\/2023\/08\/annonces-legales.svg","contentUrl":"https:\/\/www.annonces-legales.org\/blog\/wp-content\/uploads\/2023\/08\/annonces-legales.svg","caption":"Actualit\u00e9 des entreprises"},"image":{"@id":"https:\/\/www.annonces-legales.org\/blog\/#\/schema\/logo\/image\/"}}]}},"_links":{"self":[{"href":"https:\/\/www.annonces-legales.org\/blog\/wp-json\/wp\/v2\/pages\/1206","targetHints":{"allow":["GET"]}}],"collection":[{"href":"https:\/\/www.annonces-legales.org\/blog\/wp-json\/wp\/v2\/pages"}],"about":[{"href":"https:\/\/www.annonces-legales.org\/blog\/wp-json\/wp\/v2\/types\/page"}],"author":[{"embeddable":true,"href":"https:\/\/www.annonces-legales.org\/blog\/wp-json\/wp\/v2\/users\/1"}],"replies":[{"embeddable":true,"href":"https:\/\/www.annonces-legales.org\/blog\/wp-json\/wp\/v2\/comments?post=1206"}],"version-history":[{"count":4,"href":"https:\/\/www.annonces-legales.org\/blog\/wp-json\/wp\/v2\/pages\/1206\/revisions"}],"predecessor-version":[{"id":1264,"href":"https:\/\/www.annonces-legales.org\/blog\/wp-json\/wp\/v2\/pages\/1206\/revisions\/1264"}],"up":[{"embeddable":true,"href":"https:\/\/www.annonces-legales.org\/blog\/wp-json\/wp\/v2\/pages\/351"}],"wp:attachment":[{"href":"https:\/\/www.annonces-legales.org\/blog\/wp-json\/wp\/v2\/media?parent=1206"}],"curies":[{"name":"wp","href":"https:\/\/api.w.org\/{rel}","templated":true}]}}