{"id":1209,"date":"2021-10-12T20:55:19","date_gmt":"2021-10-12T18:55:19","guid":{"rendered":"https:\/\/www.annonces-legales.org\/blog\/?page_id=1209"},"modified":"2022-01-26T12:00:17","modified_gmt":"2022-01-26T11:00:17","slug":"la-voix-du-jura","status":"publish","type":"page","link":"https:\/\/www.annonces-legales.org\/blog\/la-voix-du-jura\/","title":{"rendered":"La voix du Jura"},"content":{"rendered":"<p><img loading=\"lazy\" decoding=\"async\" class=\"aligncenter size-full wp-image-1260\" src=\"https:\/\/www.annonces-legales.org\/blog\/wp-content\/uploads\/2021\/10\/La-voix-du-Jura.png\" alt=\"\" width=\"290\" height=\"109\" \/><\/p>\n<p>Le journal hebdomadaire <strong>La Voix du Jura<\/strong> para\u00eet tous les jeudis. Avec un prix de vente de 1,80 euros, il est imprim\u00e9 chaque semaine \u00e0 plus de 10 000 exemplaires.<br \/>\nLe r\u00e9dacteur en chef du journal est Laurent Villette. Le directeur d\u00e9l\u00e9gu\u00e9 est Philippe Rifflet. Le directeur de la publication du journal est Francis Gaunand.<\/p>\n<p>Ce journal appartient au groupe PubliHebdos, une filiale de SIPA Ouest-France. La Voix du Jura est un journal d&rsquo;annonce l\u00e9gale pour le d\u00e9partement du Jura. Il publie chaque semaine dans ses colonnes de nombreuses annonces l\u00e9gales locales.<\/p>\n<p><strong>Adresse du journal<\/strong> : 24 Grande rue \u00e0 Dol 39100.<\/p>\n<p>&nbsp;<\/p>\n<h2>Histoire de La voix du Jura<\/h2>\n<p>Cr\u00e9\u00e9 en 1891, le journal s&rsquo;appelle d&rsquo;abord <strong>La Croix du Jura<\/strong>. Au d\u00e9part, le journal \u00e9tait un hebdomadaire chr\u00e9tien. Ce journal de quatre pages est tout d&rsquo;abord un suppl\u00e9ment au journal \u00ab la Croix de Paris \u00bb. Ainsi, il concurrence le journal La Croix jurassienne, journal qui va fermer ses portes en 1906. Au d\u00e9but de la seconde guerre mondiale, la Croix du Jura change de nom pour devenir <strong>La Voix Jurassienne<\/strong>.<br \/>\nEn 1989, il \u00e9changera encore de nom pour prendre son nom d\u00e9finitif : voix du Jura.<\/p>\n<h2>Abonnement au journal La voix du Jura<\/h2>\n<p>Sur le site internet du journal, il est possible de s&rsquo;abonner pour 7,05 euros par mois. Ce tarif est pour la version papier du journal que vous recevrez chaque semaine dans votre bo\u00eete aux lettres. La version num\u00e9rique a un tarif identique. Pour 0,45 \u20ac de plus, vous pouvez avoir un abonnement duo avec les deux versions.<\/p>\n<p>&nbsp;<\/p>\n<h2>D\u00e9poser une annonce officielle dans le Jura 39<\/h2>\n<p>Le d\u00e9p\u00f4t d&rsquo;une annonce officielle pour une entreprise du Jura peut se faire seulement dans un journal d&rsquo;annonces l\u00e9gales. Pour obtenir le meilleur prix pour une annonce l\u00e9gale dans le d\u00e9partement du Jura, il est possible de faire un devis en utilisant le bouton ci-dessous.<\/p>\n<br\/><br\/><div class=\"entry-content notopmargin\">\n\t<img decoding=\"async\" class=\"img-fluid fleft\" src=\"https:\/\/www.annonces-legales.org\/images\/rapide-economique-tout-departement.png\" alt=\"Journal d'annonce l\u00e9gale du 39 \"><a href=\"https:\/\/www.annonces-legales.org\/publication-annonce-legale.html\" class=\"button button-desc fright mtop30\"><div>Je publie<br> mon annonce<br> l\u00e9gale<\/div><span>dans un journal du 39 !<\/span><\/a>\n<\/div><div class=\"clrbth\"><\/div><br\/><br\/>\n","protected":false},"excerpt":{"rendered":"<p>Le journal hebdomadaire La Voix du Jura para\u00eet tous les jeudis. Avec un prix de vente de 1,80 euros, il [&hellip;]<\/p>\n","protected":false},"author":1,"featured_media":0,"parent":351,"menu_order":0,"comment_status":"closed","ping_status":"closed","template":"","meta":{"inline_featured_image":false,"footnotes":""},"class_list":["post-1209","page","type-page","status-publish","hentry"],"yoast_head":"<!-- This site is optimized with the Yoast SEO plugin v26.8 - https:\/\/yoast.com\/product\/yoast-seo-wordpress\/ -->\n<title>La voix du Jura - Actualit\u00e9 des entreprises<\/title>\n<meta name=\"robots\" content=\"index, follow, max-snippet:-1, max-image-preview:large, max-video-preview:-1\" \/>\n<link rel=\"canonical\" href=\"https:\/\/www.annonces-legales.org\/blog\/la-voix-du-jura\/\" \/>\n<meta property=\"og:locale\" content=\"fr_FR\" \/>\n<meta property=\"og:type\" content=\"article\" \/>\n<meta property=\"og:title\" content=\"La voix du Jura - Actualit\u00e9 des entreprises\" \/>\n<meta property=\"og:description\" content=\"Le journal hebdomadaire La Voix du Jura para\u00eet tous les jeudis. Avec un prix de vente de 1,80 euros, il [&hellip;]\" \/>\n<meta property=\"og:url\" content=\"https:\/\/www.annonces-legales.org\/blog\/la-voix-du-jura\/\" \/>\n<meta property=\"og:site_name\" content=\"Actualit\u00e9 des entreprises\" \/>\n<meta property=\"article:modified_time\" content=\"2022-01-26T11:00:17+00:00\" \/>\n<meta property=\"og:image\" content=\"https:\/\/www.annonces-legales.org\/blog\/wp-content\/uploads\/2021\/10\/La-voix-du-Jura.png\" \/>\n\t<meta property=\"og:image:width\" content=\"290\" \/>\n\t<meta property=\"og:image:height\" content=\"109\" \/>\n\t<meta property=\"og:image:type\" content=\"image\/png\" \/>\n<meta name=\"twitter:card\" content=\"summary_large_image\" \/>\n<meta name=\"twitter:label1\" content=\"Dur\u00e9e de lecture estim\u00e9e\" \/>\n\t<meta name=\"twitter:data1\" content=\"2 minutes\" \/>\n<script type=\"application\/ld+json\" class=\"yoast-schema-graph\">{\"@context\":\"https:\/\/schema.org\",\"@graph\":[{\"@type\":\"WebPage\",\"@id\":\"https:\/\/www.annonces-legales.org\/blog\/la-voix-du-jura\/\",\"url\":\"https:\/\/www.annonces-legales.org\/blog\/la-voix-du-jura\/\",\"name\":\"La voix du Jura - Actualit\u00e9 des entreprises\",\"isPartOf\":{\"@id\":\"https:\/\/www.annonces-legales.org\/blog\/#website\"},\"primaryImageOfPage\":{\"@id\":\"https:\/\/www.annonces-legales.org\/blog\/la-voix-du-jura\/#primaryimage\"},\"image\":{\"@id\":\"https:\/\/www.annonces-legales.org\/blog\/la-voix-du-jura\/#primaryimage\"},\"thumbnailUrl\":\"https:\/\/www.annonces-legales.org\/blog\/wp-content\/uploads\/2021\/10\/La-voix-du-Jura.png\",\"datePublished\":\"2021-10-12T18:55:19+00:00\",\"dateModified\":\"2022-01-26T11:00:17+00:00\",\"breadcrumb\":{\"@id\":\"https:\/\/www.annonces-legales.org\/blog\/la-voix-du-jura\/#breadcrumb\"},\"inLanguage\":\"fr-FR\",\"potentialAction\":[{\"@type\":\"ReadAction\",\"target\":[\"https:\/\/www.annonces-legales.org\/blog\/la-voix-du-jura\/\"]}]},{\"@type\":\"ImageObject\",\"inLanguage\":\"fr-FR\",\"@id\":\"https:\/\/www.annonces-legales.org\/blog\/la-voix-du-jura\/#primaryimage\",\"url\":\"https:\/\/www.annonces-legales.org\/blog\/wp-content\/uploads\/2021\/10\/La-voix-du-Jura.png\",\"contentUrl\":\"https:\/\/www.annonces-legales.org\/blog\/wp-content\/uploads\/2021\/10\/La-voix-du-Jura.png\",\"width\":290,\"height\":109},{\"@type\":\"BreadcrumbList\",\"@id\":\"https:\/\/www.annonces-legales.org\/blog\/la-voix-du-jura\/#breadcrumb\",\"itemListElement\":[{\"@type\":\"ListItem\",\"position\":1,\"name\":\"Accueil\",\"item\":\"https:\/\/www.annonces-legales.org\/blog\/\"},{\"@type\":\"ListItem\",\"position\":2,\"name\":\"Liste des journaux habilit\u00e9s \u00e0 publier des annonces l\u00e9gales\",\"item\":\"https:\/\/www.annonces-legales.org\/blog\/liste-des-journaux-habilites-a-publier-des-annonces-legales\/\"},{\"@type\":\"ListItem\",\"position\":3,\"name\":\"La voix du Jura\"}]},{\"@type\":\"WebSite\",\"@id\":\"https:\/\/www.annonces-legales.org\/blog\/#website\",\"url\":\"https:\/\/www.annonces-legales.org\/blog\/\",\"name\":\"Actualit\u00e9 des entreprises\",\"description\":\"\",\"publisher\":{\"@id\":\"https:\/\/www.annonces-legales.org\/blog\/#organization\"},\"potentialAction\":[{\"@type\":\"SearchAction\",\"target\":{\"@type\":\"EntryPoint\",\"urlTemplate\":\"https:\/\/www.annonces-legales.org\/blog\/?s={search_term_string}\"},\"query-input\":{\"@type\":\"PropertyValueSpecification\",\"valueRequired\":true,\"valueName\":\"search_term_string\"}}],\"inLanguage\":\"fr-FR\"},{\"@type\":\"Organization\",\"@id\":\"https:\/\/www.annonces-legales.org\/blog\/#organization\",\"name\":\"Actualit\u00e9 des entreprises\",\"url\":\"https:\/\/www.annonces-legales.org\/blog\/\",\"logo\":{\"@type\":\"ImageObject\",\"inLanguage\":\"fr-FR\",\"@id\":\"https:\/\/www.annonces-legales.org\/blog\/#\/schema\/logo\/image\/\",\"url\":\"https:\/\/www.annonces-legales.org\/blog\/wp-content\/uploads\/2023\/08\/annonces-legales.svg\",\"contentUrl\":\"https:\/\/www.annonces-legales.org\/blog\/wp-content\/uploads\/2023\/08\/annonces-legales.svg\",\"caption\":\"Actualit\u00e9 des entreprises\"},\"image\":{\"@id\":\"https:\/\/www.annonces-legales.org\/blog\/#\/schema\/logo\/image\/\"}}]}<\/script>\n<!-- \/ Yoast SEO plugin. -->","yoast_head_json":{"title":"La voix du Jura - Actualit\u00e9 des entreprises","robots":{"index":"index","follow":"follow","max-snippet":"max-snippet:-1","max-image-preview":"max-image-preview:large","max-video-preview":"max-video-preview:-1"},"canonical":"https:\/\/www.annonces-legales.org\/blog\/la-voix-du-jura\/","og_locale":"fr_FR","og_type":"article","og_title":"La voix du Jura - Actualit\u00e9 des entreprises","og_description":"Le journal hebdomadaire La Voix du Jura para\u00eet tous les jeudis. Avec un prix de vente de 1,80 euros, il [&hellip;]","og_url":"https:\/\/www.annonces-legales.org\/blog\/la-voix-du-jura\/","og_site_name":"Actualit\u00e9 des entreprises","article_modified_time":"2022-01-26T11:00:17+00:00","og_image":[{"width":290,"height":109,"url":"https:\/\/www.annonces-legales.org\/blog\/wp-content\/uploads\/2021\/10\/La-voix-du-Jura.png","type":"image\/png"}],"twitter_card":"summary_large_image","twitter_misc":{"Dur\u00e9e de lecture estim\u00e9e":"2 minutes"},"schema":{"@context":"https:\/\/schema.org","@graph":[{"@type":"WebPage","@id":"https:\/\/www.annonces-legales.org\/blog\/la-voix-du-jura\/","url":"https:\/\/www.annonces-legales.org\/blog\/la-voix-du-jura\/","name":"La voix du Jura - Actualit\u00e9 des entreprises","isPartOf":{"@id":"https:\/\/www.annonces-legales.org\/blog\/#website"},"primaryImageOfPage":{"@id":"https:\/\/www.annonces-legales.org\/blog\/la-voix-du-jura\/#primaryimage"},"image":{"@id":"https:\/\/www.annonces-legales.org\/blog\/la-voix-du-jura\/#primaryimage"},"thumbnailUrl":"https:\/\/www.annonces-legales.org\/blog\/wp-content\/uploads\/2021\/10\/La-voix-du-Jura.png","datePublished":"2021-10-12T18:55:19+00:00","dateModified":"2022-01-26T11:00:17+00:00","breadcrumb":{"@id":"https:\/\/www.annonces-legales.org\/blog\/la-voix-du-jura\/#breadcrumb"},"inLanguage":"fr-FR","potentialAction":[{"@type":"ReadAction","target":["https:\/\/www.annonces-legales.org\/blog\/la-voix-du-jura\/"]}]},{"@type":"ImageObject","inLanguage":"fr-FR","@id":"https:\/\/www.annonces-legales.org\/blog\/la-voix-du-jura\/#primaryimage","url":"https:\/\/www.annonces-legales.org\/blog\/wp-content\/uploads\/2021\/10\/La-voix-du-Jura.png","contentUrl":"https:\/\/www.annonces-legales.org\/blog\/wp-content\/uploads\/2021\/10\/La-voix-du-Jura.png","width":290,"height":109},{"@type":"BreadcrumbList","@id":"https:\/\/www.annonces-legales.org\/blog\/la-voix-du-jura\/#breadcrumb","itemListElement":[{"@type":"ListItem","position":1,"name":"Accueil","item":"https:\/\/www.annonces-legales.org\/blog\/"},{"@type":"ListItem","position":2,"name":"Liste des journaux habilit\u00e9s \u00e0 publier des annonces l\u00e9gales","item":"https:\/\/www.annonces-legales.org\/blog\/liste-des-journaux-habilites-a-publier-des-annonces-legales\/"},{"@type":"ListItem","position":3,"name":"La voix du Jura"}]},{"@type":"WebSite","@id":"https:\/\/www.annonces-legales.org\/blog\/#website","url":"https:\/\/www.annonces-legales.org\/blog\/","name":"Actualit\u00e9 des entreprises","description":"","publisher":{"@id":"https:\/\/www.annonces-legales.org\/blog\/#organization"},"potentialAction":[{"@type":"SearchAction","target":{"@type":"EntryPoint","urlTemplate":"https:\/\/www.annonces-legales.org\/blog\/?s={search_term_string}"},"query-input":{"@type":"PropertyValueSpecification","valueRequired":true,"valueName":"search_term_string"}}],"inLanguage":"fr-FR"},{"@type":"Organization","@id":"https:\/\/www.annonces-legales.org\/blog\/#organization","name":"Actualit\u00e9 des entreprises","url":"https:\/\/www.annonces-legales.org\/blog\/","logo":{"@type":"ImageObject","inLanguage":"fr-FR","@id":"https:\/\/www.annonces-legales.org\/blog\/#\/schema\/logo\/image\/","url":"https:\/\/www.annonces-legales.org\/blog\/wp-content\/uploads\/2023\/08\/annonces-legales.svg","contentUrl":"https:\/\/www.annonces-legales.org\/blog\/wp-content\/uploads\/2023\/08\/annonces-legales.svg","caption":"Actualit\u00e9 des entreprises"},"image":{"@id":"https:\/\/www.annonces-legales.org\/blog\/#\/schema\/logo\/image\/"}}]}},"_links":{"self":[{"href":"https:\/\/www.annonces-legales.org\/blog\/wp-json\/wp\/v2\/pages\/1209","targetHints":{"allow":["GET"]}}],"collection":[{"href":"https:\/\/www.annonces-legales.org\/blog\/wp-json\/wp\/v2\/pages"}],"about":[{"href":"https:\/\/www.annonces-legales.org\/blog\/wp-json\/wp\/v2\/types\/page"}],"author":[{"embeddable":true,"href":"https:\/\/www.annonces-legales.org\/blog\/wp-json\/wp\/v2\/users\/1"}],"replies":[{"embeddable":true,"href":"https:\/\/www.annonces-legales.org\/blog\/wp-json\/wp\/v2\/comments?post=1209"}],"version-history":[{"count":2,"href":"https:\/\/www.annonces-legales.org\/blog\/wp-json\/wp\/v2\/pages\/1209\/revisions"}],"predecessor-version":[{"id":1261,"href":"https:\/\/www.annonces-legales.org\/blog\/wp-json\/wp\/v2\/pages\/1209\/revisions\/1261"}],"up":[{"embeddable":true,"href":"https:\/\/www.annonces-legales.org\/blog\/wp-json\/wp\/v2\/pages\/351"}],"wp:attachment":[{"href":"https:\/\/www.annonces-legales.org\/blog\/wp-json\/wp\/v2\/media?parent=1209"}],"curies":[{"name":"wp","href":"https:\/\/api.w.org\/{rel}","templated":true}]}}