{"id":1218,"date":"2021-10-12T21:06:57","date_gmt":"2021-10-12T19:06:57","guid":{"rendered":"https:\/\/www.annonces-legales.org\/blog\/?page_id=1218"},"modified":"2022-01-26T12:04:48","modified_gmt":"2022-01-26T11:04:48","slug":"le-pays-forez-coeur-de-loire","status":"publish","type":"page","link":"https:\/\/www.annonces-legales.org\/blog\/le-pays-forez-coeur-de-loire\/","title":{"rendered":"Le Pays Forez Coeur de Loire"},"content":{"rendered":"<p><img loading=\"lazy\" decoding=\"async\" class=\"aligncenter size-full wp-image-1251\" src=\"https:\/\/www.annonces-legales.org\/blog\/wp-content\/uploads\/2021\/10\/Le-pays-forez-coeur-de-loire.png\" alt=\"\" width=\"350\" height=\"99\" srcset=\"https:\/\/www.annonces-legales.org\/blog\/wp-content\/uploads\/2021\/10\/Le-pays-forez-coeur-de-loire.png 350w, https:\/\/www.annonces-legales.org\/blog\/wp-content\/uploads\/2021\/10\/Le-pays-forez-coeur-de-loire-300x85.png 300w\" sizes=\"auto, (max-width: 350px) 100vw, 350px\" \/><\/p>\n<p>L&rsquo;hebdomadaire <strong>Le Pays Forez Coeur de Loire<\/strong> peut \u00eatre trouv\u00e9 tous les jeudis dans les kiosques \u00e0 journaux de la Loire. Surnomm\u00e9 \u00ab <strong>le pays<\/strong> \u00bb, le journal existe en quatre \u00e9ditions. En plus de l&rsquo;\u00e9dition du d\u00e9partement de la Loire, il existe une \u00e9dition \u00ab\u00a0Roanne\u00a0\u00bb, une \u00e9dition \u00ab\u00a0Charlieu, Brionnais, Beaujolais vert\u00a0\u00bb, et une \u00e9dition \u00ab\u00a0Pays d&rsquo;entre Loire et Rhone\u00a0\u00bb.<\/p>\n<p>Ce journal vendu 1,50 euros, a \u00e9t\u00e9 cr\u00e9\u00e9 en 1945. Il appartient depuis 2011 au groupe de presse Centre France \u2013 La Montagne.<\/p>\n<p>Le Pays Forez Coeur de Loire poss\u00e8de une homologation pour faire publier dans ses pages des annonces l\u00e9gales pour le d\u00e9partement de la Loire (42).<\/p>\n<p>&nbsp;<\/p>\n<h2>Contacter Le Pays Forez Coeur de Loire<\/h2>\n<p>Adresse du journal : 14, Rue Notre-Dame \u00e0 Montbrison 42600.<br \/>\nT\u00e9l\u00e9phone du journal : 04 69 45 24 30<br \/>\nE-mail du journal : redaction.forez@centrefrance.com<\/p>\n<p>&nbsp;<\/p>\n<h2>Pourquoi les entreprises Lig\u00e9riennes doivent-elles publier des annonces l\u00e9gales ?<\/h2>\n<p>Pour assurer une certaine transparence des entreprises de la Loire, celles-ci doivent rendre disponibles certaines informations l\u00e9gales et juridiques. C&rsquo;est pour cela que les annonces l\u00e9gales ont \u00e9t\u00e9 cr\u00e9\u00e9es. En consultant les <strong>journaux locaux de la Loire <\/strong>comme par exemple Le Pays Forez Coeur de Loire, les individus et les entrepreneurs peuvent \u00eatre inform\u00e9s sur les actualit\u00e9s qui concernent les entreprises de leur d\u00e9partement.<br \/>\nC&rsquo;est pour cela qu&rsquo;une annonce l\u00e9gale d&rsquo;une entreprise de la Loire doit appara\u00eetre dans un journal d&rsquo;annonce l\u00e9gale habilit\u00e9 du d\u00e9partement.<\/p>\n<p>&nbsp;<\/p>\n<h2>Comment choisir du journal de la Loire qui va publier mon annonce l\u00e9gale ?<\/h2>\n<p>Tant que le journal est homologu\u00e9 \u00e0 recevoir des annonces l\u00e9gales dans le d\u00e9partement 42, il peut \u00eatre utilis\u00e9. C&rsquo;est bien s\u00fbr le cas du journal Pays Forez Coeur de Loire.<\/p>\n<br\/><br\/><div class=\"entry-content notopmargin\">\n\t<img decoding=\"async\" class=\"img-fluid fleft\" src=\"https:\/\/www.annonces-legales.org\/images\/rapide-economique-tout-departement.png\" alt=\"Journal d'annonce l\u00e9gale du 42 \"><a href=\"https:\/\/www.annonces-legales.org\/publication-annonce-legale.html\" class=\"button button-desc fright mtop30\"><div>Je publie<br> mon annonce<br> l\u00e9gale<\/div><span>dans un journal du 42 !<\/span><\/a>\n<\/div><div class=\"clrbth\"><\/div><br\/><br\/>\n<p>&nbsp;<\/p>\n<h3>Rappel rapide des pr\u00e9requis n\u00e9cessaires pour qu&rsquo;un hebdomadaire\u00a0 ou quotidien du 42 puisse faire annonces judiciaires et l\u00e9gales<\/h3>\n<p>Un journal d&rsquo;annonces l\u00e9gales et judiciaires avec une \u00e9dition nationale peut diffuser une annonce si il poss\u00e8de une \u00e9dition d\u00e9partementale dans la Loire. Cette \u00e9dition devra bien s\u00fbr proposer des infos locales.<\/p>\n<p>Aussi, le journal (national ou r\u00e9gional) doit honorer un certain nombre de crit\u00e8res et doit \u00eatre autoris\u00e9 par une commission pr\u00e9fectorale qui se r\u00e9unit chaque ann\u00e9e au mois de d\u00e9cembre.<\/p>\n<p>M\u00eame si certains quotidiens respectent toutes les conditions essentielles pour ins\u00e9rer des annonces, c&rsquo;est la pr\u00e9fecture et la commission qui a le dernier mot pour d\u00e9cider de la liste des JAL.<\/p>\n<p>Pour l&rsquo;ann\u00e9e 2021, 9 supports ont \u00e9t\u00e9 autoris\u00e9 par la pr\u00e9fecture de la Loire.<\/p>\n<p>&nbsp;<\/p>\n","protected":false},"excerpt":{"rendered":"<p>L&rsquo;hebdomadaire Le Pays Forez Coeur de Loire peut \u00eatre trouv\u00e9 tous les jeudis dans les kiosques \u00e0 journaux de la [&hellip;]<\/p>\n","protected":false},"author":1,"featured_media":0,"parent":351,"menu_order":0,"comment_status":"closed","ping_status":"closed","template":"","meta":{"inline_featured_image":false,"footnotes":""},"class_list":["post-1218","page","type-page","status-publish","hentry"],"yoast_head":"<!-- This site is optimized with the Yoast SEO plugin v26.8 - https:\/\/yoast.com\/product\/yoast-seo-wordpress\/ -->\n<title>Le Pays Forez Coeur de Loire - Actualit\u00e9 des entreprises<\/title>\n<meta name=\"robots\" content=\"index, follow, max-snippet:-1, max-image-preview:large, max-video-preview:-1\" \/>\n<link rel=\"canonical\" href=\"https:\/\/www.annonces-legales.org\/blog\/le-pays-forez-coeur-de-loire\/\" \/>\n<meta property=\"og:locale\" content=\"fr_FR\" \/>\n<meta property=\"og:type\" content=\"article\" \/>\n<meta property=\"og:title\" content=\"Le Pays Forez Coeur de Loire - Actualit\u00e9 des entreprises\" \/>\n<meta property=\"og:description\" content=\"L&rsquo;hebdomadaire Le Pays Forez Coeur de Loire peut \u00eatre trouv\u00e9 tous les jeudis dans les kiosques \u00e0 journaux de la [&hellip;]\" \/>\n<meta property=\"og:url\" content=\"https:\/\/www.annonces-legales.org\/blog\/le-pays-forez-coeur-de-loire\/\" \/>\n<meta property=\"og:site_name\" content=\"Actualit\u00e9 des entreprises\" \/>\n<meta property=\"article:modified_time\" content=\"2022-01-26T11:04:48+00:00\" \/>\n<meta property=\"og:image\" content=\"https:\/\/www.annonces-legales.org\/blog\/wp-content\/uploads\/2021\/10\/Le-pays-forez-coeur-de-loire.png\" \/>\n\t<meta property=\"og:image:width\" content=\"350\" \/>\n\t<meta property=\"og:image:height\" content=\"99\" \/>\n\t<meta property=\"og:image:type\" content=\"image\/png\" \/>\n<meta name=\"twitter:card\" content=\"summary_large_image\" \/>\n<meta name=\"twitter:label1\" content=\"Dur\u00e9e de lecture estim\u00e9e\" \/>\n\t<meta name=\"twitter:data1\" content=\"2 minutes\" \/>\n<script type=\"application\/ld+json\" class=\"yoast-schema-graph\">{\"@context\":\"https:\/\/schema.org\",\"@graph\":[{\"@type\":\"WebPage\",\"@id\":\"https:\/\/www.annonces-legales.org\/blog\/le-pays-forez-coeur-de-loire\/\",\"url\":\"https:\/\/www.annonces-legales.org\/blog\/le-pays-forez-coeur-de-loire\/\",\"name\":\"Le Pays Forez Coeur de Loire - Actualit\u00e9 des entreprises\",\"isPartOf\":{\"@id\":\"https:\/\/www.annonces-legales.org\/blog\/#website\"},\"primaryImageOfPage\":{\"@id\":\"https:\/\/www.annonces-legales.org\/blog\/le-pays-forez-coeur-de-loire\/#primaryimage\"},\"image\":{\"@id\":\"https:\/\/www.annonces-legales.org\/blog\/le-pays-forez-coeur-de-loire\/#primaryimage\"},\"thumbnailUrl\":\"https:\/\/www.annonces-legales.org\/blog\/wp-content\/uploads\/2021\/10\/Le-pays-forez-coeur-de-loire.png\",\"datePublished\":\"2021-10-12T19:06:57+00:00\",\"dateModified\":\"2022-01-26T11:04:48+00:00\",\"breadcrumb\":{\"@id\":\"https:\/\/www.annonces-legales.org\/blog\/le-pays-forez-coeur-de-loire\/#breadcrumb\"},\"inLanguage\":\"fr-FR\",\"potentialAction\":[{\"@type\":\"ReadAction\",\"target\":[\"https:\/\/www.annonces-legales.org\/blog\/le-pays-forez-coeur-de-loire\/\"]}]},{\"@type\":\"ImageObject\",\"inLanguage\":\"fr-FR\",\"@id\":\"https:\/\/www.annonces-legales.org\/blog\/le-pays-forez-coeur-de-loire\/#primaryimage\",\"url\":\"https:\/\/www.annonces-legales.org\/blog\/wp-content\/uploads\/2021\/10\/Le-pays-forez-coeur-de-loire.png\",\"contentUrl\":\"https:\/\/www.annonces-legales.org\/blog\/wp-content\/uploads\/2021\/10\/Le-pays-forez-coeur-de-loire.png\",\"width\":350,\"height\":99},{\"@type\":\"BreadcrumbList\",\"@id\":\"https:\/\/www.annonces-legales.org\/blog\/le-pays-forez-coeur-de-loire\/#breadcrumb\",\"itemListElement\":[{\"@type\":\"ListItem\",\"position\":1,\"name\":\"Accueil\",\"item\":\"https:\/\/www.annonces-legales.org\/blog\/\"},{\"@type\":\"ListItem\",\"position\":2,\"name\":\"Liste des journaux habilit\u00e9s \u00e0 publier des annonces l\u00e9gales\",\"item\":\"https:\/\/www.annonces-legales.org\/blog\/liste-des-journaux-habilites-a-publier-des-annonces-legales\/\"},{\"@type\":\"ListItem\",\"position\":3,\"name\":\"Le Pays Forez Coeur de Loire\"}]},{\"@type\":\"WebSite\",\"@id\":\"https:\/\/www.annonces-legales.org\/blog\/#website\",\"url\":\"https:\/\/www.annonces-legales.org\/blog\/\",\"name\":\"Actualit\u00e9 des entreprises\",\"description\":\"\",\"publisher\":{\"@id\":\"https:\/\/www.annonces-legales.org\/blog\/#organization\"},\"potentialAction\":[{\"@type\":\"SearchAction\",\"target\":{\"@type\":\"EntryPoint\",\"urlTemplate\":\"https:\/\/www.annonces-legales.org\/blog\/?s={search_term_string}\"},\"query-input\":{\"@type\":\"PropertyValueSpecification\",\"valueRequired\":true,\"valueName\":\"search_term_string\"}}],\"inLanguage\":\"fr-FR\"},{\"@type\":\"Organization\",\"@id\":\"https:\/\/www.annonces-legales.org\/blog\/#organization\",\"name\":\"Actualit\u00e9 des entreprises\",\"url\":\"https:\/\/www.annonces-legales.org\/blog\/\",\"logo\":{\"@type\":\"ImageObject\",\"inLanguage\":\"fr-FR\",\"@id\":\"https:\/\/www.annonces-legales.org\/blog\/#\/schema\/logo\/image\/\",\"url\":\"https:\/\/www.annonces-legales.org\/blog\/wp-content\/uploads\/2023\/08\/annonces-legales.svg\",\"contentUrl\":\"https:\/\/www.annonces-legales.org\/blog\/wp-content\/uploads\/2023\/08\/annonces-legales.svg\",\"caption\":\"Actualit\u00e9 des entreprises\"},\"image\":{\"@id\":\"https:\/\/www.annonces-legales.org\/blog\/#\/schema\/logo\/image\/\"}}]}<\/script>\n<!-- \/ Yoast SEO plugin. -->","yoast_head_json":{"title":"Le Pays Forez Coeur de Loire - Actualit\u00e9 des entreprises","robots":{"index":"index","follow":"follow","max-snippet":"max-snippet:-1","max-image-preview":"max-image-preview:large","max-video-preview":"max-video-preview:-1"},"canonical":"https:\/\/www.annonces-legales.org\/blog\/le-pays-forez-coeur-de-loire\/","og_locale":"fr_FR","og_type":"article","og_title":"Le Pays Forez Coeur de Loire - Actualit\u00e9 des entreprises","og_description":"L&rsquo;hebdomadaire Le Pays Forez Coeur de Loire peut \u00eatre trouv\u00e9 tous les jeudis dans les kiosques \u00e0 journaux de la [&hellip;]","og_url":"https:\/\/www.annonces-legales.org\/blog\/le-pays-forez-coeur-de-loire\/","og_site_name":"Actualit\u00e9 des entreprises","article_modified_time":"2022-01-26T11:04:48+00:00","og_image":[{"width":350,"height":99,"url":"https:\/\/www.annonces-legales.org\/blog\/wp-content\/uploads\/2021\/10\/Le-pays-forez-coeur-de-loire.png","type":"image\/png"}],"twitter_card":"summary_large_image","twitter_misc":{"Dur\u00e9e de lecture estim\u00e9e":"2 minutes"},"schema":{"@context":"https:\/\/schema.org","@graph":[{"@type":"WebPage","@id":"https:\/\/www.annonces-legales.org\/blog\/le-pays-forez-coeur-de-loire\/","url":"https:\/\/www.annonces-legales.org\/blog\/le-pays-forez-coeur-de-loire\/","name":"Le Pays Forez Coeur de Loire - Actualit\u00e9 des entreprises","isPartOf":{"@id":"https:\/\/www.annonces-legales.org\/blog\/#website"},"primaryImageOfPage":{"@id":"https:\/\/www.annonces-legales.org\/blog\/le-pays-forez-coeur-de-loire\/#primaryimage"},"image":{"@id":"https:\/\/www.annonces-legales.org\/blog\/le-pays-forez-coeur-de-loire\/#primaryimage"},"thumbnailUrl":"https:\/\/www.annonces-legales.org\/blog\/wp-content\/uploads\/2021\/10\/Le-pays-forez-coeur-de-loire.png","datePublished":"2021-10-12T19:06:57+00:00","dateModified":"2022-01-26T11:04:48+00:00","breadcrumb":{"@id":"https:\/\/www.annonces-legales.org\/blog\/le-pays-forez-coeur-de-loire\/#breadcrumb"},"inLanguage":"fr-FR","potentialAction":[{"@type":"ReadAction","target":["https:\/\/www.annonces-legales.org\/blog\/le-pays-forez-coeur-de-loire\/"]}]},{"@type":"ImageObject","inLanguage":"fr-FR","@id":"https:\/\/www.annonces-legales.org\/blog\/le-pays-forez-coeur-de-loire\/#primaryimage","url":"https:\/\/www.annonces-legales.org\/blog\/wp-content\/uploads\/2021\/10\/Le-pays-forez-coeur-de-loire.png","contentUrl":"https:\/\/www.annonces-legales.org\/blog\/wp-content\/uploads\/2021\/10\/Le-pays-forez-coeur-de-loire.png","width":350,"height":99},{"@type":"BreadcrumbList","@id":"https:\/\/www.annonces-legales.org\/blog\/le-pays-forez-coeur-de-loire\/#breadcrumb","itemListElement":[{"@type":"ListItem","position":1,"name":"Accueil","item":"https:\/\/www.annonces-legales.org\/blog\/"},{"@type":"ListItem","position":2,"name":"Liste des journaux habilit\u00e9s \u00e0 publier des annonces l\u00e9gales","item":"https:\/\/www.annonces-legales.org\/blog\/liste-des-journaux-habilites-a-publier-des-annonces-legales\/"},{"@type":"ListItem","position":3,"name":"Le Pays Forez Coeur de Loire"}]},{"@type":"WebSite","@id":"https:\/\/www.annonces-legales.org\/blog\/#website","url":"https:\/\/www.annonces-legales.org\/blog\/","name":"Actualit\u00e9 des entreprises","description":"","publisher":{"@id":"https:\/\/www.annonces-legales.org\/blog\/#organization"},"potentialAction":[{"@type":"SearchAction","target":{"@type":"EntryPoint","urlTemplate":"https:\/\/www.annonces-legales.org\/blog\/?s={search_term_string}"},"query-input":{"@type":"PropertyValueSpecification","valueRequired":true,"valueName":"search_term_string"}}],"inLanguage":"fr-FR"},{"@type":"Organization","@id":"https:\/\/www.annonces-legales.org\/blog\/#organization","name":"Actualit\u00e9 des entreprises","url":"https:\/\/www.annonces-legales.org\/blog\/","logo":{"@type":"ImageObject","inLanguage":"fr-FR","@id":"https:\/\/www.annonces-legales.org\/blog\/#\/schema\/logo\/image\/","url":"https:\/\/www.annonces-legales.org\/blog\/wp-content\/uploads\/2023\/08\/annonces-legales.svg","contentUrl":"https:\/\/www.annonces-legales.org\/blog\/wp-content\/uploads\/2023\/08\/annonces-legales.svg","caption":"Actualit\u00e9 des entreprises"},"image":{"@id":"https:\/\/www.annonces-legales.org\/blog\/#\/schema\/logo\/image\/"}}]}},"_links":{"self":[{"href":"https:\/\/www.annonces-legales.org\/blog\/wp-json\/wp\/v2\/pages\/1218","targetHints":{"allow":["GET"]}}],"collection":[{"href":"https:\/\/www.annonces-legales.org\/blog\/wp-json\/wp\/v2\/pages"}],"about":[{"href":"https:\/\/www.annonces-legales.org\/blog\/wp-json\/wp\/v2\/types\/page"}],"author":[{"embeddable":true,"href":"https:\/\/www.annonces-legales.org\/blog\/wp-json\/wp\/v2\/users\/1"}],"replies":[{"embeddable":true,"href":"https:\/\/www.annonces-legales.org\/blog\/wp-json\/wp\/v2\/comments?post=1218"}],"version-history":[{"count":4,"href":"https:\/\/www.annonces-legales.org\/blog\/wp-json\/wp\/v2\/pages\/1218\/revisions"}],"predecessor-version":[{"id":1448,"href":"https:\/\/www.annonces-legales.org\/blog\/wp-json\/wp\/v2\/pages\/1218\/revisions\/1448"}],"up":[{"embeddable":true,"href":"https:\/\/www.annonces-legales.org\/blog\/wp-json\/wp\/v2\/pages\/351"}],"wp:attachment":[{"href":"https:\/\/www.annonces-legales.org\/blog\/wp-json\/wp\/v2\/media?parent=1218"}],"curies":[{"name":"wp","href":"https:\/\/api.w.org\/{rel}","templated":true}]}}