{"id":1226,"date":"2021-10-12T21:23:38","date_gmt":"2021-10-12T19:23:38","guid":{"rendered":"https:\/\/www.annonces-legales.org\/blog\/?page_id=1226"},"modified":"2022-01-26T11:56:15","modified_gmt":"2022-01-26T10:56:15","slug":"linformateur-judiciaire","status":"publish","type":"page","link":"https:\/\/www.annonces-legales.org\/blog\/linformateur-judiciaire\/","title":{"rendered":"L&rsquo;Informateur judiciaire"},"content":{"rendered":"<p><img loading=\"lazy\" decoding=\"async\" class=\"aligncenter size-full wp-image-1245\" src=\"https:\/\/www.annonces-legales.org\/blog\/wp-content\/uploads\/2021\/10\/Informateur-judiciaire.png\" alt=\"\" width=\"400\" height=\"93\" srcset=\"https:\/\/www.annonces-legales.org\/blog\/wp-content\/uploads\/2021\/10\/Informateur-judiciaire.png 400w, https:\/\/www.annonces-legales.org\/blog\/wp-content\/uploads\/2021\/10\/Informateur-judiciaire-300x70.png 300w\" sizes=\"auto, (max-width: 400px) 100vw, 400px\" \/><\/p>\n<p><strong>L&rsquo;Informateur judiciaire<\/strong> est un hebdomadaire de la r\u00e9gion de Loire Atlantique. Il offre des actualit\u00e9s sur et pour les entreprises. Il est lu par l&rsquo;ensemble des d\u00e9cideurs publics et priv\u00e9s notamment pour faire de la veille juridique et concurrentielle. C&rsquo;est pour cela qu&rsquo;il a pour slogan : <strong>\u00ab le m\u00e9dia des affaires \u00bb<\/strong>. Le journal publie des informations sur la Loire-Atlantique mais aussi sur la Vend\u00e9e. Il est disponible chaque vendredi au prix de 1,60 euro.<\/p>\n<p>L&rsquo;hebdomadaire l&rsquo;Informateur judiciaire appartient \u00e0 une soci\u00e9t\u00e9 de presse qui poss\u00e8de quatre autres journaux : <a href=\"https:\/\/www.annonces-legales.org\/blog\/vie-economique-du-sud-ouest\/\">la vie \u00e9conomique du sud-ouest<\/a>, les \u00e9chos judiciaires Girondins, 7 jours les petites affiches de Bretagne, <a href=\"https:\/\/www.annonces-legales.org\/blog\/les-annonces-landaises\/\">les annonces landaises<\/a>.<\/p>\n<p>L&rsquo;\u00e9quipe du journal est compos\u00e9e de huit personnes dont deux journalistes et la r\u00e9dactrice en chef, Nelly Lambert. La directrice du journal se nomme Laetitia Blanchard. Il est amusant de noter que l&rsquo;ensemble de l&rsquo;\u00e9quipe du journal est uniquement compos\u00e9 de femmes.<\/p>\n<p>Ce journal poss\u00e8de l&rsquo;homologation pour assurer l&rsquo;insertion d&rsquo;annonces l\u00e9gales pour le d\u00e9partement 44 (Loire-Atlantique). Ainsi, beaucoup d&rsquo;entreprises de Loire-Atlantique utilisent ce journal pour effectuer leur publication d&rsquo;annonce l\u00e9gale.<\/p>\n<p>Adresse du journal : 15, Quai Ernest Renault, Nantes 44105.<\/p>\n<p>&nbsp;<\/p>\n<h2>Les abonnements \u00e0 l&rsquo;Informateur Judiciaire<\/h2>\n<p>Trois formules d&rsquo;abonnement sont propos\u00e9es pour cet hebdomadaire : six mois pour 29 \u20ac, 12 mois pour 49 \u20ac et 24 mois pour 89 \u20ac. Toutes les formules d&rsquo;abonnement comprennent l&rsquo;\u00e9dition papier envoy\u00e9e chez vous ainsi qu&rsquo;une \u00e9dition Web du journal.<\/p>\n<p>&nbsp;<\/p>\n<h2>Publication d&rsquo;annonce l\u00e9gale en Loire Atlantique<\/h2>\n<p>Toutes les entreprises qui ont leur si\u00e8ge social dans le d\u00e9partement de Loire-Atlantique doivent utiliser des journaux papier et Web habilit\u00e9s pour ce d\u00e9partement pour r\u00e9aliser leurs annonces l\u00e9gales.<br \/>\nIl existe une dizaine de journaux papier et num\u00e9rique sur lesquels les gestionnaires d&rsquo;entreprise du d\u00e9partement peuvent faire leurs annonces l\u00e9gales. Le choix du journal leur appartient. N\u00e9anmoins, \u00e0 moins que le chef d&rsquo;entreprise soit un lecteur assidu d&rsquo;un journal particulier, il est conseill\u00e9 de comparer les prix pour faire diminuer le co\u00fbt de l&rsquo;annonce l\u00e9gale.<br \/>\nCette annonce l\u00e9gale \u00e9tant simplement une formalit\u00e9 obligatoire demand\u00e9e par le gouvernement, les services propos\u00e9s par les diff\u00e9rents journaux seront g\u00e9n\u00e9ralement identiques.<\/p>\n<br\/><br\/><div class=\"entry-content notopmargin\">\n\t<img decoding=\"async\" class=\"img-fluid fleft\" src=\"https:\/\/www.annonces-legales.org\/images\/rapide-economique-tout-departement.png\" alt=\"Journal d'annonce l\u00e9gale habilit\u00e9 \"><a href=\"https:\/\/www.annonces-legales.org\/publication-annonce-legale.html\" class=\"button button-desc fright mtop30\"><div>Je publie<br> mon annonce<br> l\u00e9gale<\/div><span>dans un journal habilit\u00e9 !<\/span><\/a>\n<\/div><div class=\"clrbth\"><\/div><br\/><br\/>\n<p>Sur annonces-legales.org, nous n&rsquo;effectuons pas uniquement la publication et l&rsquo;envoi de l&rsquo;attestation d&rsquo;une annonce l\u00e9gale. Nous sommes \u00e0 votre \u00e9coute pour s&rsquo;assurer que votre annonce paraitra rapidement pour que vous puissiez rapidement terminer les d\u00e9marches que vous avez entrepris.<br \/>\nNotre \u00e9quipe va donc relire l&rsquo;annonce l\u00e9gale avant sa soumission \u00e0 un journal. Par la suite, Vous obtiendrez l&rsquo;attestation de parution tr\u00e8s rapidement, sur votre boite mail.<\/p>\n","protected":false},"excerpt":{"rendered":"<p>L&rsquo;Informateur judiciaire est un hebdomadaire de la r\u00e9gion de Loire Atlantique. Il offre des actualit\u00e9s sur et pour les entreprises. [&hellip;]<\/p>\n","protected":false},"author":1,"featured_media":0,"parent":351,"menu_order":0,"comment_status":"closed","ping_status":"closed","template":"","meta":{"inline_featured_image":false,"footnotes":""},"class_list":["post-1226","page","type-page","status-publish","hentry"],"yoast_head":"<!-- This site is optimized with the Yoast SEO plugin v26.8 - https:\/\/yoast.com\/product\/yoast-seo-wordpress\/ -->\n<title>L&#039;Informateur judiciaire - Actualit\u00e9 des entreprises<\/title>\n<meta name=\"robots\" content=\"index, follow, max-snippet:-1, max-image-preview:large, max-video-preview:-1\" \/>\n<link rel=\"canonical\" href=\"https:\/\/www.annonces-legales.org\/blog\/linformateur-judiciaire\/\" \/>\n<meta property=\"og:locale\" content=\"fr_FR\" \/>\n<meta property=\"og:type\" content=\"article\" \/>\n<meta property=\"og:title\" content=\"L&#039;Informateur judiciaire - Actualit\u00e9 des entreprises\" \/>\n<meta property=\"og:description\" content=\"L&rsquo;Informateur judiciaire est un hebdomadaire de la r\u00e9gion de Loire Atlantique. Il offre des actualit\u00e9s sur et pour les entreprises. [&hellip;]\" \/>\n<meta property=\"og:url\" content=\"https:\/\/www.annonces-legales.org\/blog\/linformateur-judiciaire\/\" \/>\n<meta property=\"og:site_name\" content=\"Actualit\u00e9 des entreprises\" \/>\n<meta property=\"article:modified_time\" content=\"2022-01-26T10:56:15+00:00\" \/>\n<meta property=\"og:image\" content=\"https:\/\/www.annonces-legales.org\/blog\/wp-content\/uploads\/2021\/10\/Informateur-judiciaire.png\" \/>\n\t<meta property=\"og:image:width\" content=\"400\" \/>\n\t<meta property=\"og:image:height\" content=\"93\" \/>\n\t<meta property=\"og:image:type\" content=\"image\/png\" \/>\n<meta name=\"twitter:card\" content=\"summary_large_image\" \/>\n<meta name=\"twitter:label1\" content=\"Dur\u00e9e de lecture estim\u00e9e\" \/>\n\t<meta name=\"twitter:data1\" content=\"2 minutes\" \/>\n<script type=\"application\/ld+json\" class=\"yoast-schema-graph\">{\"@context\":\"https:\/\/schema.org\",\"@graph\":[{\"@type\":\"WebPage\",\"@id\":\"https:\/\/www.annonces-legales.org\/blog\/linformateur-judiciaire\/\",\"url\":\"https:\/\/www.annonces-legales.org\/blog\/linformateur-judiciaire\/\",\"name\":\"L'Informateur judiciaire - Actualit\u00e9 des entreprises\",\"isPartOf\":{\"@id\":\"https:\/\/www.annonces-legales.org\/blog\/#website\"},\"primaryImageOfPage\":{\"@id\":\"https:\/\/www.annonces-legales.org\/blog\/linformateur-judiciaire\/#primaryimage\"},\"image\":{\"@id\":\"https:\/\/www.annonces-legales.org\/blog\/linformateur-judiciaire\/#primaryimage\"},\"thumbnailUrl\":\"https:\/\/www.annonces-legales.org\/blog\/wp-content\/uploads\/2021\/10\/Informateur-judiciaire.png\",\"datePublished\":\"2021-10-12T19:23:38+00:00\",\"dateModified\":\"2022-01-26T10:56:15+00:00\",\"breadcrumb\":{\"@id\":\"https:\/\/www.annonces-legales.org\/blog\/linformateur-judiciaire\/#breadcrumb\"},\"inLanguage\":\"fr-FR\",\"potentialAction\":[{\"@type\":\"ReadAction\",\"target\":[\"https:\/\/www.annonces-legales.org\/blog\/linformateur-judiciaire\/\"]}]},{\"@type\":\"ImageObject\",\"inLanguage\":\"fr-FR\",\"@id\":\"https:\/\/www.annonces-legales.org\/blog\/linformateur-judiciaire\/#primaryimage\",\"url\":\"https:\/\/www.annonces-legales.org\/blog\/wp-content\/uploads\/2021\/10\/Informateur-judiciaire.png\",\"contentUrl\":\"https:\/\/www.annonces-legales.org\/blog\/wp-content\/uploads\/2021\/10\/Informateur-judiciaire.png\",\"width\":400,\"height\":93},{\"@type\":\"BreadcrumbList\",\"@id\":\"https:\/\/www.annonces-legales.org\/blog\/linformateur-judiciaire\/#breadcrumb\",\"itemListElement\":[{\"@type\":\"ListItem\",\"position\":1,\"name\":\"Accueil\",\"item\":\"https:\/\/www.annonces-legales.org\/blog\/\"},{\"@type\":\"ListItem\",\"position\":2,\"name\":\"Liste des journaux habilit\u00e9s \u00e0 publier des annonces l\u00e9gales\",\"item\":\"https:\/\/www.annonces-legales.org\/blog\/liste-des-journaux-habilites-a-publier-des-annonces-legales\/\"},{\"@type\":\"ListItem\",\"position\":3,\"name\":\"L&rsquo;Informateur judiciaire\"}]},{\"@type\":\"WebSite\",\"@id\":\"https:\/\/www.annonces-legales.org\/blog\/#website\",\"url\":\"https:\/\/www.annonces-legales.org\/blog\/\",\"name\":\"Actualit\u00e9 des entreprises\",\"description\":\"\",\"publisher\":{\"@id\":\"https:\/\/www.annonces-legales.org\/blog\/#organization\"},\"potentialAction\":[{\"@type\":\"SearchAction\",\"target\":{\"@type\":\"EntryPoint\",\"urlTemplate\":\"https:\/\/www.annonces-legales.org\/blog\/?s={search_term_string}\"},\"query-input\":{\"@type\":\"PropertyValueSpecification\",\"valueRequired\":true,\"valueName\":\"search_term_string\"}}],\"inLanguage\":\"fr-FR\"},{\"@type\":\"Organization\",\"@id\":\"https:\/\/www.annonces-legales.org\/blog\/#organization\",\"name\":\"Actualit\u00e9 des entreprises\",\"url\":\"https:\/\/www.annonces-legales.org\/blog\/\",\"logo\":{\"@type\":\"ImageObject\",\"inLanguage\":\"fr-FR\",\"@id\":\"https:\/\/www.annonces-legales.org\/blog\/#\/schema\/logo\/image\/\",\"url\":\"https:\/\/www.annonces-legales.org\/blog\/wp-content\/uploads\/2023\/08\/annonces-legales.svg\",\"contentUrl\":\"https:\/\/www.annonces-legales.org\/blog\/wp-content\/uploads\/2023\/08\/annonces-legales.svg\",\"caption\":\"Actualit\u00e9 des entreprises\"},\"image\":{\"@id\":\"https:\/\/www.annonces-legales.org\/blog\/#\/schema\/logo\/image\/\"}}]}<\/script>\n<!-- \/ Yoast SEO plugin. -->","yoast_head_json":{"title":"L'Informateur judiciaire - Actualit\u00e9 des entreprises","robots":{"index":"index","follow":"follow","max-snippet":"max-snippet:-1","max-image-preview":"max-image-preview:large","max-video-preview":"max-video-preview:-1"},"canonical":"https:\/\/www.annonces-legales.org\/blog\/linformateur-judiciaire\/","og_locale":"fr_FR","og_type":"article","og_title":"L'Informateur judiciaire - Actualit\u00e9 des entreprises","og_description":"L&rsquo;Informateur judiciaire est un hebdomadaire de la r\u00e9gion de Loire Atlantique. Il offre des actualit\u00e9s sur et pour les entreprises. [&hellip;]","og_url":"https:\/\/www.annonces-legales.org\/blog\/linformateur-judiciaire\/","og_site_name":"Actualit\u00e9 des entreprises","article_modified_time":"2022-01-26T10:56:15+00:00","og_image":[{"width":400,"height":93,"url":"https:\/\/www.annonces-legales.org\/blog\/wp-content\/uploads\/2021\/10\/Informateur-judiciaire.png","type":"image\/png"}],"twitter_card":"summary_large_image","twitter_misc":{"Dur\u00e9e de lecture estim\u00e9e":"2 minutes"},"schema":{"@context":"https:\/\/schema.org","@graph":[{"@type":"WebPage","@id":"https:\/\/www.annonces-legales.org\/blog\/linformateur-judiciaire\/","url":"https:\/\/www.annonces-legales.org\/blog\/linformateur-judiciaire\/","name":"L'Informateur judiciaire - Actualit\u00e9 des entreprises","isPartOf":{"@id":"https:\/\/www.annonces-legales.org\/blog\/#website"},"primaryImageOfPage":{"@id":"https:\/\/www.annonces-legales.org\/blog\/linformateur-judiciaire\/#primaryimage"},"image":{"@id":"https:\/\/www.annonces-legales.org\/blog\/linformateur-judiciaire\/#primaryimage"},"thumbnailUrl":"https:\/\/www.annonces-legales.org\/blog\/wp-content\/uploads\/2021\/10\/Informateur-judiciaire.png","datePublished":"2021-10-12T19:23:38+00:00","dateModified":"2022-01-26T10:56:15+00:00","breadcrumb":{"@id":"https:\/\/www.annonces-legales.org\/blog\/linformateur-judiciaire\/#breadcrumb"},"inLanguage":"fr-FR","potentialAction":[{"@type":"ReadAction","target":["https:\/\/www.annonces-legales.org\/blog\/linformateur-judiciaire\/"]}]},{"@type":"ImageObject","inLanguage":"fr-FR","@id":"https:\/\/www.annonces-legales.org\/blog\/linformateur-judiciaire\/#primaryimage","url":"https:\/\/www.annonces-legales.org\/blog\/wp-content\/uploads\/2021\/10\/Informateur-judiciaire.png","contentUrl":"https:\/\/www.annonces-legales.org\/blog\/wp-content\/uploads\/2021\/10\/Informateur-judiciaire.png","width":400,"height":93},{"@type":"BreadcrumbList","@id":"https:\/\/www.annonces-legales.org\/blog\/linformateur-judiciaire\/#breadcrumb","itemListElement":[{"@type":"ListItem","position":1,"name":"Accueil","item":"https:\/\/www.annonces-legales.org\/blog\/"},{"@type":"ListItem","position":2,"name":"Liste des journaux habilit\u00e9s \u00e0 publier des annonces l\u00e9gales","item":"https:\/\/www.annonces-legales.org\/blog\/liste-des-journaux-habilites-a-publier-des-annonces-legales\/"},{"@type":"ListItem","position":3,"name":"L&rsquo;Informateur judiciaire"}]},{"@type":"WebSite","@id":"https:\/\/www.annonces-legales.org\/blog\/#website","url":"https:\/\/www.annonces-legales.org\/blog\/","name":"Actualit\u00e9 des entreprises","description":"","publisher":{"@id":"https:\/\/www.annonces-legales.org\/blog\/#organization"},"potentialAction":[{"@type":"SearchAction","target":{"@type":"EntryPoint","urlTemplate":"https:\/\/www.annonces-legales.org\/blog\/?s={search_term_string}"},"query-input":{"@type":"PropertyValueSpecification","valueRequired":true,"valueName":"search_term_string"}}],"inLanguage":"fr-FR"},{"@type":"Organization","@id":"https:\/\/www.annonces-legales.org\/blog\/#organization","name":"Actualit\u00e9 des entreprises","url":"https:\/\/www.annonces-legales.org\/blog\/","logo":{"@type":"ImageObject","inLanguage":"fr-FR","@id":"https:\/\/www.annonces-legales.org\/blog\/#\/schema\/logo\/image\/","url":"https:\/\/www.annonces-legales.org\/blog\/wp-content\/uploads\/2023\/08\/annonces-legales.svg","contentUrl":"https:\/\/www.annonces-legales.org\/blog\/wp-content\/uploads\/2023\/08\/annonces-legales.svg","caption":"Actualit\u00e9 des entreprises"},"image":{"@id":"https:\/\/www.annonces-legales.org\/blog\/#\/schema\/logo\/image\/"}}]}},"_links":{"self":[{"href":"https:\/\/www.annonces-legales.org\/blog\/wp-json\/wp\/v2\/pages\/1226","targetHints":{"allow":["GET"]}}],"collection":[{"href":"https:\/\/www.annonces-legales.org\/blog\/wp-json\/wp\/v2\/pages"}],"about":[{"href":"https:\/\/www.annonces-legales.org\/blog\/wp-json\/wp\/v2\/types\/page"}],"author":[{"embeddable":true,"href":"https:\/\/www.annonces-legales.org\/blog\/wp-json\/wp\/v2\/users\/1"}],"replies":[{"embeddable":true,"href":"https:\/\/www.annonces-legales.org\/blog\/wp-json\/wp\/v2\/comments?post=1226"}],"version-history":[{"count":2,"href":"https:\/\/www.annonces-legales.org\/blog\/wp-json\/wp\/v2\/pages\/1226\/revisions"}],"predecessor-version":[{"id":1246,"href":"https:\/\/www.annonces-legales.org\/blog\/wp-json\/wp\/v2\/pages\/1226\/revisions\/1246"}],"up":[{"embeddable":true,"href":"https:\/\/www.annonces-legales.org\/blog\/wp-json\/wp\/v2\/pages\/351"}],"wp:attachment":[{"href":"https:\/\/www.annonces-legales.org\/blog\/wp-json\/wp\/v2\/media?parent=1226"}],"curies":[{"name":"wp","href":"https:\/\/api.w.org\/{rel}","templated":true}]}}