{"id":1228,"date":"2021-10-12T21:26:08","date_gmt":"2021-10-12T19:26:08","guid":{"rendered":"https:\/\/www.annonces-legales.org\/blog\/?page_id=1228"},"modified":"2022-01-26T11:54:16","modified_gmt":"2022-01-26T10:54:16","slug":"l-echo-dancenis-et-du-vignoble","status":"publish","type":"page","link":"https:\/\/www.annonces-legales.org\/blog\/l-echo-dancenis-et-du-vignoble\/","title":{"rendered":"L&rsquo;\u00c9cho d&rsquo;Ancenis et du vignoble"},"content":{"rendered":"<p><img loading=\"lazy\" decoding=\"async\" class=\"aligncenter size-full wp-image-1243\" src=\"https:\/\/www.annonces-legales.org\/blog\/wp-content\/uploads\/2021\/10\/Echo-dAncenis-et-du-vignoble.png\" alt=\"\" width=\"290\" height=\"208\" \/><\/p>\n<p>Le <strong>journal l\u2019\u00c9cho d&rsquo;Ancenis<\/strong> et du vignoble est publi\u00e9 chaque jeudi en Loire-Atlantique et en Maine et Loire.<br \/>\nC&rsquo;est un journal local g\u00e9n\u00e9raliste qui pr\u00e9sente des actualit\u00e9s sur la r\u00e9gion.<br \/>\nVendu 1,60 euros, il est imprim\u00e9 chaque semaine \u00e0 plus de 5000 exemplaires. Le journal est dirig\u00e9 par Jean-Baptiste de Guebriant. Le r\u00e9dacteur en chef du journal est Geoffroy Berthaud.<\/p>\n<p>&nbsp;<\/p>\n<h2>En savoir d&rsquo;avantage sur L&rsquo;\u00c9cho d&rsquo;Ancenis et du vignoble<\/h2>\n<p>Un abonnement papier pour six mois au journal co\u00fbte 36 \u20ac TTC. Un abonnement papier pour 12 mois est au prix de 67 \u20ac TTC. Ces m\u00eames abonnements au format num\u00e9rique sont respectivement quatre et sept euros moins chers.<\/p>\n<p>Adresse du journal : 25, Rue Georges Cl\u00e9menceau \u00e0 Ancenis Saint Gereon 44150.<br \/>\nT\u00e9l\u00e9phone du journal : 02 40 83 04 24<\/p>\n<p>Ce journal peut publier les annonces l\u00e9gales des soci\u00e9t\u00e9s et des particulier de la Loire-Atlantique et de Maine-et-Loire.<br \/>\nL&rsquo;hebdomadaire l&rsquo;Echo d&rsquo;Ancenis et du vignoble appartient au groupe PubliHebdos via sa filiale <em>actu.fr<\/em>.<\/p>\n<p>&nbsp;<\/p>\n<h2>Comment publier une annonce l\u00e9gale pour son entreprise ?<\/h2>\n<p>La premi\u00e8re chose \u00e0 se demander est : est-ce que j&rsquo;ai besoin de publier une annonce l\u00e9gale ?<br \/>\nSi l&rsquo;entreprise vient de na\u00eetre et qu&rsquo;elle n&rsquo;est pas encore immatricul\u00e9e, vous devrez publier une annonce l\u00e9gale de cr\u00e9ation. Si l&rsquo;entreprise existe d\u00e9j\u00e0 et que des changements dans sa structure ou dans son organisation vous oblige \u00e0 modifier les statuts juridiques de celle-ci, il faudra publier une annonce l\u00e9gale. Cela peut \u00eatre le cas pour un changement de commissaire aux comptes, un changement de dirigeants, un changement d&rsquo;adresse du si\u00e8ge, une augmentation ou une diminution du capital social, un changement du nom l&rsquo;entreprise\u2026<\/p>\n<p>&nbsp;<\/p>\n<h2>Publier une annonce officielle avec Annonces-legales.org en Loire-Atlantique et en Maine-et-Loire<\/h2>\n<p>Notre plateforme Annonces-legales.org vous donne la possibilit\u00e9 d&rsquo;ins\u00e9rer des annonces dans l\u2019ensemble des d\u00e9partements fran\u00e7ais au tarif le plus bas possible. Vous pouvez voir les prix sur plusieurs journaux partenaires des d\u00e9partements de la Loire-Atlantique et de Maine-et-Loire tr\u00e8s facilement en r\u00e9alisant un devis imm\u00e9diat.<\/p>\n<br\/><br\/><div class=\"entry-content notopmargin\">\n\t<img decoding=\"async\" class=\"img-fluid fleft\" src=\"https:\/\/www.annonces-legales.org\/images\/rapide-economique-tout-departement.png\" alt=\"Journal d'annonce l\u00e9gale  officiel \"><a href=\"https:\/\/www.annonces-legales.org\/publication-annonce-legale.html\" class=\"button button-desc fright mtop30\"><div>Je publie<br> mon annonce<br> l\u00e9gale<\/div><span>dans un journal  officiel !<\/span><\/a>\n<\/div><div class=\"clrbth\"><\/div><br\/><br\/>\n","protected":false},"excerpt":{"rendered":"<p>Le journal l\u2019\u00c9cho d&rsquo;Ancenis et du vignoble est publi\u00e9 chaque jeudi en Loire-Atlantique et en Maine et Loire. C&rsquo;est un [&hellip;]<\/p>\n","protected":false},"author":1,"featured_media":0,"parent":351,"menu_order":0,"comment_status":"closed","ping_status":"closed","template":"","meta":{"inline_featured_image":false,"footnotes":""},"class_list":["post-1228","page","type-page","status-publish","hentry"],"yoast_head":"<!-- This site is optimized with the Yoast SEO plugin v26.8 - https:\/\/yoast.com\/product\/yoast-seo-wordpress\/ -->\n<title>L&#039;\u00c9cho d&#039;Ancenis et du vignoble - Actualit\u00e9 des entreprises<\/title>\n<meta name=\"robots\" content=\"index, follow, max-snippet:-1, max-image-preview:large, max-video-preview:-1\" \/>\n<link rel=\"canonical\" href=\"https:\/\/www.annonces-legales.org\/blog\/l-echo-dancenis-et-du-vignoble\/\" \/>\n<meta property=\"og:locale\" content=\"fr_FR\" \/>\n<meta property=\"og:type\" content=\"article\" \/>\n<meta property=\"og:title\" content=\"L&#039;\u00c9cho d&#039;Ancenis et du vignoble - Actualit\u00e9 des entreprises\" \/>\n<meta property=\"og:description\" content=\"Le journal l\u2019\u00c9cho d&rsquo;Ancenis et du vignoble est publi\u00e9 chaque jeudi en Loire-Atlantique et en Maine et Loire. C&rsquo;est un [&hellip;]\" \/>\n<meta property=\"og:url\" content=\"https:\/\/www.annonces-legales.org\/blog\/l-echo-dancenis-et-du-vignoble\/\" \/>\n<meta property=\"og:site_name\" content=\"Actualit\u00e9 des entreprises\" \/>\n<meta property=\"article:modified_time\" content=\"2022-01-26T10:54:16+00:00\" \/>\n<meta property=\"og:image\" content=\"https:\/\/www.annonces-legales.org\/blog\/wp-content\/uploads\/2021\/10\/Echo-dAncenis-et-du-vignoble.png\" \/>\n\t<meta property=\"og:image:width\" content=\"290\" \/>\n\t<meta property=\"og:image:height\" content=\"208\" \/>\n\t<meta property=\"og:image:type\" content=\"image\/png\" \/>\n<meta name=\"twitter:card\" content=\"summary_large_image\" \/>\n<meta name=\"twitter:label1\" content=\"Dur\u00e9e de lecture estim\u00e9e\" \/>\n\t<meta name=\"twitter:data1\" content=\"2 minutes\" \/>\n<script type=\"application\/ld+json\" class=\"yoast-schema-graph\">{\"@context\":\"https:\/\/schema.org\",\"@graph\":[{\"@type\":\"WebPage\",\"@id\":\"https:\/\/www.annonces-legales.org\/blog\/l-echo-dancenis-et-du-vignoble\/\",\"url\":\"https:\/\/www.annonces-legales.org\/blog\/l-echo-dancenis-et-du-vignoble\/\",\"name\":\"L'\u00c9cho d'Ancenis et du vignoble - Actualit\u00e9 des entreprises\",\"isPartOf\":{\"@id\":\"https:\/\/www.annonces-legales.org\/blog\/#website\"},\"primaryImageOfPage\":{\"@id\":\"https:\/\/www.annonces-legales.org\/blog\/l-echo-dancenis-et-du-vignoble\/#primaryimage\"},\"image\":{\"@id\":\"https:\/\/www.annonces-legales.org\/blog\/l-echo-dancenis-et-du-vignoble\/#primaryimage\"},\"thumbnailUrl\":\"https:\/\/www.annonces-legales.org\/blog\/wp-content\/uploads\/2021\/10\/Echo-dAncenis-et-du-vignoble.png\",\"datePublished\":\"2021-10-12T19:26:08+00:00\",\"dateModified\":\"2022-01-26T10:54:16+00:00\",\"breadcrumb\":{\"@id\":\"https:\/\/www.annonces-legales.org\/blog\/l-echo-dancenis-et-du-vignoble\/#breadcrumb\"},\"inLanguage\":\"fr-FR\",\"potentialAction\":[{\"@type\":\"ReadAction\",\"target\":[\"https:\/\/www.annonces-legales.org\/blog\/l-echo-dancenis-et-du-vignoble\/\"]}]},{\"@type\":\"ImageObject\",\"inLanguage\":\"fr-FR\",\"@id\":\"https:\/\/www.annonces-legales.org\/blog\/l-echo-dancenis-et-du-vignoble\/#primaryimage\",\"url\":\"https:\/\/www.annonces-legales.org\/blog\/wp-content\/uploads\/2021\/10\/Echo-dAncenis-et-du-vignoble.png\",\"contentUrl\":\"https:\/\/www.annonces-legales.org\/blog\/wp-content\/uploads\/2021\/10\/Echo-dAncenis-et-du-vignoble.png\",\"width\":290,\"height\":208},{\"@type\":\"BreadcrumbList\",\"@id\":\"https:\/\/www.annonces-legales.org\/blog\/l-echo-dancenis-et-du-vignoble\/#breadcrumb\",\"itemListElement\":[{\"@type\":\"ListItem\",\"position\":1,\"name\":\"Accueil\",\"item\":\"https:\/\/www.annonces-legales.org\/blog\/\"},{\"@type\":\"ListItem\",\"position\":2,\"name\":\"Liste des journaux habilit\u00e9s \u00e0 publier des annonces l\u00e9gales\",\"item\":\"https:\/\/www.annonces-legales.org\/blog\/liste-des-journaux-habilites-a-publier-des-annonces-legales\/\"},{\"@type\":\"ListItem\",\"position\":3,\"name\":\"L&rsquo;\u00c9cho d&rsquo;Ancenis et du vignoble\"}]},{\"@type\":\"WebSite\",\"@id\":\"https:\/\/www.annonces-legales.org\/blog\/#website\",\"url\":\"https:\/\/www.annonces-legales.org\/blog\/\",\"name\":\"Actualit\u00e9 des entreprises\",\"description\":\"\",\"publisher\":{\"@id\":\"https:\/\/www.annonces-legales.org\/blog\/#organization\"},\"potentialAction\":[{\"@type\":\"SearchAction\",\"target\":{\"@type\":\"EntryPoint\",\"urlTemplate\":\"https:\/\/www.annonces-legales.org\/blog\/?s={search_term_string}\"},\"query-input\":{\"@type\":\"PropertyValueSpecification\",\"valueRequired\":true,\"valueName\":\"search_term_string\"}}],\"inLanguage\":\"fr-FR\"},{\"@type\":\"Organization\",\"@id\":\"https:\/\/www.annonces-legales.org\/blog\/#organization\",\"name\":\"Actualit\u00e9 des entreprises\",\"url\":\"https:\/\/www.annonces-legales.org\/blog\/\",\"logo\":{\"@type\":\"ImageObject\",\"inLanguage\":\"fr-FR\",\"@id\":\"https:\/\/www.annonces-legales.org\/blog\/#\/schema\/logo\/image\/\",\"url\":\"https:\/\/www.annonces-legales.org\/blog\/wp-content\/uploads\/2023\/08\/annonces-legales.svg\",\"contentUrl\":\"https:\/\/www.annonces-legales.org\/blog\/wp-content\/uploads\/2023\/08\/annonces-legales.svg\",\"caption\":\"Actualit\u00e9 des entreprises\"},\"image\":{\"@id\":\"https:\/\/www.annonces-legales.org\/blog\/#\/schema\/logo\/image\/\"}}]}<\/script>\n<!-- \/ Yoast SEO plugin. -->","yoast_head_json":{"title":"L'\u00c9cho d'Ancenis et du vignoble - Actualit\u00e9 des entreprises","robots":{"index":"index","follow":"follow","max-snippet":"max-snippet:-1","max-image-preview":"max-image-preview:large","max-video-preview":"max-video-preview:-1"},"canonical":"https:\/\/www.annonces-legales.org\/blog\/l-echo-dancenis-et-du-vignoble\/","og_locale":"fr_FR","og_type":"article","og_title":"L'\u00c9cho d'Ancenis et du vignoble - Actualit\u00e9 des entreprises","og_description":"Le journal l\u2019\u00c9cho d&rsquo;Ancenis et du vignoble est publi\u00e9 chaque jeudi en Loire-Atlantique et en Maine et Loire. C&rsquo;est un [&hellip;]","og_url":"https:\/\/www.annonces-legales.org\/blog\/l-echo-dancenis-et-du-vignoble\/","og_site_name":"Actualit\u00e9 des entreprises","article_modified_time":"2022-01-26T10:54:16+00:00","og_image":[{"width":290,"height":208,"url":"https:\/\/www.annonces-legales.org\/blog\/wp-content\/uploads\/2021\/10\/Echo-dAncenis-et-du-vignoble.png","type":"image\/png"}],"twitter_card":"summary_large_image","twitter_misc":{"Dur\u00e9e de lecture estim\u00e9e":"2 minutes"},"schema":{"@context":"https:\/\/schema.org","@graph":[{"@type":"WebPage","@id":"https:\/\/www.annonces-legales.org\/blog\/l-echo-dancenis-et-du-vignoble\/","url":"https:\/\/www.annonces-legales.org\/blog\/l-echo-dancenis-et-du-vignoble\/","name":"L'\u00c9cho d'Ancenis et du vignoble - Actualit\u00e9 des entreprises","isPartOf":{"@id":"https:\/\/www.annonces-legales.org\/blog\/#website"},"primaryImageOfPage":{"@id":"https:\/\/www.annonces-legales.org\/blog\/l-echo-dancenis-et-du-vignoble\/#primaryimage"},"image":{"@id":"https:\/\/www.annonces-legales.org\/blog\/l-echo-dancenis-et-du-vignoble\/#primaryimage"},"thumbnailUrl":"https:\/\/www.annonces-legales.org\/blog\/wp-content\/uploads\/2021\/10\/Echo-dAncenis-et-du-vignoble.png","datePublished":"2021-10-12T19:26:08+00:00","dateModified":"2022-01-26T10:54:16+00:00","breadcrumb":{"@id":"https:\/\/www.annonces-legales.org\/blog\/l-echo-dancenis-et-du-vignoble\/#breadcrumb"},"inLanguage":"fr-FR","potentialAction":[{"@type":"ReadAction","target":["https:\/\/www.annonces-legales.org\/blog\/l-echo-dancenis-et-du-vignoble\/"]}]},{"@type":"ImageObject","inLanguage":"fr-FR","@id":"https:\/\/www.annonces-legales.org\/blog\/l-echo-dancenis-et-du-vignoble\/#primaryimage","url":"https:\/\/www.annonces-legales.org\/blog\/wp-content\/uploads\/2021\/10\/Echo-dAncenis-et-du-vignoble.png","contentUrl":"https:\/\/www.annonces-legales.org\/blog\/wp-content\/uploads\/2021\/10\/Echo-dAncenis-et-du-vignoble.png","width":290,"height":208},{"@type":"BreadcrumbList","@id":"https:\/\/www.annonces-legales.org\/blog\/l-echo-dancenis-et-du-vignoble\/#breadcrumb","itemListElement":[{"@type":"ListItem","position":1,"name":"Accueil","item":"https:\/\/www.annonces-legales.org\/blog\/"},{"@type":"ListItem","position":2,"name":"Liste des journaux habilit\u00e9s \u00e0 publier des annonces l\u00e9gales","item":"https:\/\/www.annonces-legales.org\/blog\/liste-des-journaux-habilites-a-publier-des-annonces-legales\/"},{"@type":"ListItem","position":3,"name":"L&rsquo;\u00c9cho d&rsquo;Ancenis et du vignoble"}]},{"@type":"WebSite","@id":"https:\/\/www.annonces-legales.org\/blog\/#website","url":"https:\/\/www.annonces-legales.org\/blog\/","name":"Actualit\u00e9 des entreprises","description":"","publisher":{"@id":"https:\/\/www.annonces-legales.org\/blog\/#organization"},"potentialAction":[{"@type":"SearchAction","target":{"@type":"EntryPoint","urlTemplate":"https:\/\/www.annonces-legales.org\/blog\/?s={search_term_string}"},"query-input":{"@type":"PropertyValueSpecification","valueRequired":true,"valueName":"search_term_string"}}],"inLanguage":"fr-FR"},{"@type":"Organization","@id":"https:\/\/www.annonces-legales.org\/blog\/#organization","name":"Actualit\u00e9 des entreprises","url":"https:\/\/www.annonces-legales.org\/blog\/","logo":{"@type":"ImageObject","inLanguage":"fr-FR","@id":"https:\/\/www.annonces-legales.org\/blog\/#\/schema\/logo\/image\/","url":"https:\/\/www.annonces-legales.org\/blog\/wp-content\/uploads\/2023\/08\/annonces-legales.svg","contentUrl":"https:\/\/www.annonces-legales.org\/blog\/wp-content\/uploads\/2023\/08\/annonces-legales.svg","caption":"Actualit\u00e9 des entreprises"},"image":{"@id":"https:\/\/www.annonces-legales.org\/blog\/#\/schema\/logo\/image\/"}}]}},"_links":{"self":[{"href":"https:\/\/www.annonces-legales.org\/blog\/wp-json\/wp\/v2\/pages\/1228","targetHints":{"allow":["GET"]}}],"collection":[{"href":"https:\/\/www.annonces-legales.org\/blog\/wp-json\/wp\/v2\/pages"}],"about":[{"href":"https:\/\/www.annonces-legales.org\/blog\/wp-json\/wp\/v2\/types\/page"}],"author":[{"embeddable":true,"href":"https:\/\/www.annonces-legales.org\/blog\/wp-json\/wp\/v2\/users\/1"}],"replies":[{"embeddable":true,"href":"https:\/\/www.annonces-legales.org\/blog\/wp-json\/wp\/v2\/comments?post=1228"}],"version-history":[{"count":6,"href":"https:\/\/www.annonces-legales.org\/blog\/wp-json\/wp\/v2\/pages\/1228\/revisions"}],"predecessor-version":[{"id":1446,"href":"https:\/\/www.annonces-legales.org\/blog\/wp-json\/wp\/v2\/pages\/1228\/revisions\/1446"}],"up":[{"embeddable":true,"href":"https:\/\/www.annonces-legales.org\/blog\/wp-json\/wp\/v2\/pages\/351"}],"wp:attachment":[{"href":"https:\/\/www.annonces-legales.org\/blog\/wp-json\/wp\/v2\/media?parent=1228"}],"curies":[{"name":"wp","href":"https:\/\/api.w.org\/{rel}","templated":true}]}}