{"id":1230,"date":"2021-10-12T21:28:44","date_gmt":"2021-10-12T19:28:44","guid":{"rendered":"https:\/\/www.annonces-legales.org\/blog\/?page_id=1230"},"modified":"2022-01-26T12:02:00","modified_gmt":"2022-01-26T11:02:00","slug":"la-vie-quercynoise","status":"publish","type":"page","link":"https:\/\/www.annonces-legales.org\/blog\/la-vie-quercynoise\/","title":{"rendered":"La Vie Quercynoise"},"content":{"rendered":"<p><img loading=\"lazy\" decoding=\"async\" class=\"aligncenter size-full wp-image-1241\" src=\"https:\/\/www.annonces-legales.org\/blog\/wp-content\/uploads\/2021\/10\/La-Vie-Quercynoise.png\" alt=\"\" width=\"450\" height=\"190\" srcset=\"https:\/\/www.annonces-legales.org\/blog\/wp-content\/uploads\/2021\/10\/La-Vie-Quercynoise.png 450w, https:\/\/www.annonces-legales.org\/blog\/wp-content\/uploads\/2021\/10\/La-Vie-Quercynoise-300x127.png 300w\" sizes=\"auto, (max-width: 450px) 100vw, 450px\" \/><\/p>\n<p>La <strong>Vie Quercynoise<\/strong> est un hebdomadaire local du d\u00e9partement du Lot. On peut le trouver dans tout le d\u00e9partement chaque jeudi pour un prix de 1,50 euro. Le journal traite des informations locales relatives \u00e0 l&rsquo;\u00e9conomie, la soci\u00e9t\u00e9, la politique, des loisirs et la culture, les sports&#8230;<\/p>\n<p>Parmi les \u00e9quipes du journal, on trouve Jean-Claude Bonnemere, le r\u00e9dacteur en chef. Le directeur d\u00e9l\u00e9gu\u00e9 s&rsquo;appelle Philippe Ducept.<\/p>\n<p>La soci\u00e9t\u00e9 d&rsquo;\u00e9dition du journal est la SEPR (Toulouse), une soci\u00e9t\u00e9 appartenant au grand groupe de presse et de m\u00e9dia PubliHebdos.<\/p>\n<p>&nbsp;<\/p>\n<h2>Contacter le Journal<\/h2>\n<p>Pour contacter le journal vous pouvez utiliser la voie postale avec l&rsquo;adresse suivante : 51, Cours de la chartreuse, 46003 \u00e0 Cahors.Vous pouvez \u00e9galement utiliser le t\u00e9l\u00e9phone en composant les 05 65 53 65 40. Pour le fax, il faudra composer les 05 65 53 92 44. Enfin, le plus simple est peut-\u00eatre envoy\u00e9 un e-mail \u00e0 la r\u00e9daction : redaction@viequercynoise.fr<\/p>\n<h2><\/h2>\n<h2>Les abonnements \u00e0 La Vie Quercynoise<\/h2>\n<p>Le journal La Vie Quercynoise propose trois formules d&rsquo;abonnement.<br \/>\nLa premi\u00e8re formule est l&rsquo;abonnement papier qui permet de recevoir, chaque semaine, le journal par courrier. Cet abonnement est propos\u00e9 \u00e0 5,95 \u20ac par mois.<br \/>\nLa deuxi\u00e8me formule permet de lire le journal en version num\u00e9rique. Il est propos\u00e9 au m\u00eame prix que la version papier.<br \/>\nLa troisi\u00e8me formule comprend les deux formules pr\u00e9c\u00e9dentes c&rsquo;est-\u00e0-dire la version papier et la version num\u00e9rique. Elle est vendue 6,35 \u20ac par mois.<\/p>\n<h2><\/h2>\n<h2>Annonce l\u00e9gale avec La Vie Quercynoise<\/h2>\n<p>Ce journal local du Lot est habilit\u00e9 \u00e0 publier des annonces l\u00e9gales dans le d\u00e9partement. Si l&rsquo;adresse du si\u00e8ge social d&rsquo;une soci\u00e9t\u00e9 et dans le d\u00e9partement du Lot (46), elle doit utiliser un journal comme La Vie Quercynoise pour faire publier une annonce l\u00e9gale.<br \/>\nMais cet hebdomadaire n&rsquo;est pas l&rsquo;unique qui a obtenu une homologation pour r\u00e9aliser ce type de formalit\u00e9 dans le d\u00e9partement. Il y a aussi le journal la D\u00e9p\u00eache du Midi (\u00e9ditions du Lot) et le Petit Journal (\u00e9ditions du Lot).<\/p>\n<br\/><br\/><div class=\"entry-content notopmargin\">\n\t<img decoding=\"async\" class=\"img-fluid fleft\" src=\"https:\/\/www.annonces-legales.org\/images\/rapide-economique-tout-departement.png\" alt=\"Journal d'annonce l\u00e9gale du Lot \"><a href=\"https:\/\/www.annonces-legales.org\/publication-annonce-legale.html\" class=\"button button-desc fright mtop30\"><div>Je publie<br> mon annonce<br> l\u00e9gale<\/div><span>dans un journal du Lot !<\/span><\/a>\n<\/div><div class=\"clrbth\"><\/div><br\/><br\/>\n<h2>Comment publier une annonce l\u00e9gale moins ch\u00e8re dans le d\u00e9partement du Lot ?<\/h2>\n<p>Les avis officiels de constitution d&rsquo;une soci\u00e9t\u00e9 ont un prix forfaitaire. Le prix sera donc identique quelque soit le journal.<br \/>\nEn revanche, pour les annonces l\u00e9gales de changement, les diff\u00e9rences de prix entre journaux peuvent atteindre 50 %. En effet, pour ces avis, il n&rsquo;existe pas de prix plafond d\u00e9cid\u00e9 par le minist\u00e8re de la culture. Chaque journal peut donc d\u00e9cider de vendre l&rsquo;annonce l\u00e9gale au prix qu&rsquo;il le souhaite.<\/p>\n<p>&nbsp;<\/p>\n","protected":false},"excerpt":{"rendered":"<p>La Vie Quercynoise est un hebdomadaire local du d\u00e9partement du Lot. On peut le trouver dans tout le d\u00e9partement chaque [&hellip;]<\/p>\n","protected":false},"author":1,"featured_media":0,"parent":351,"menu_order":0,"comment_status":"closed","ping_status":"closed","template":"","meta":{"inline_featured_image":false,"footnotes":""},"class_list":["post-1230","page","type-page","status-publish","hentry"],"yoast_head":"<!-- This site is optimized with the Yoast SEO plugin v26.8 - https:\/\/yoast.com\/product\/yoast-seo-wordpress\/ -->\n<title>La Vie Quercynoise - Actualit\u00e9 des entreprises<\/title>\n<meta name=\"robots\" content=\"index, follow, max-snippet:-1, max-image-preview:large, max-video-preview:-1\" \/>\n<link rel=\"canonical\" href=\"https:\/\/www.annonces-legales.org\/blog\/la-vie-quercynoise\/\" \/>\n<meta property=\"og:locale\" content=\"fr_FR\" \/>\n<meta property=\"og:type\" content=\"article\" \/>\n<meta property=\"og:title\" content=\"La Vie Quercynoise - Actualit\u00e9 des entreprises\" \/>\n<meta property=\"og:description\" content=\"La Vie Quercynoise est un hebdomadaire local du d\u00e9partement du Lot. On peut le trouver dans tout le d\u00e9partement chaque [&hellip;]\" \/>\n<meta property=\"og:url\" content=\"https:\/\/www.annonces-legales.org\/blog\/la-vie-quercynoise\/\" \/>\n<meta property=\"og:site_name\" content=\"Actualit\u00e9 des entreprises\" \/>\n<meta property=\"article:modified_time\" content=\"2022-01-26T11:02:00+00:00\" \/>\n<meta property=\"og:image\" content=\"https:\/\/www.annonces-legales.org\/blog\/wp-content\/uploads\/2021\/10\/La-Vie-Quercynoise.png\" \/>\n\t<meta property=\"og:image:width\" content=\"450\" \/>\n\t<meta property=\"og:image:height\" content=\"190\" \/>\n\t<meta property=\"og:image:type\" content=\"image\/png\" \/>\n<meta name=\"twitter:card\" content=\"summary_large_image\" \/>\n<meta name=\"twitter:label1\" content=\"Dur\u00e9e de lecture estim\u00e9e\" \/>\n\t<meta name=\"twitter:data1\" content=\"2 minutes\" \/>\n<script type=\"application\/ld+json\" class=\"yoast-schema-graph\">{\"@context\":\"https:\/\/schema.org\",\"@graph\":[{\"@type\":\"WebPage\",\"@id\":\"https:\/\/www.annonces-legales.org\/blog\/la-vie-quercynoise\/\",\"url\":\"https:\/\/www.annonces-legales.org\/blog\/la-vie-quercynoise\/\",\"name\":\"La Vie Quercynoise - Actualit\u00e9 des entreprises\",\"isPartOf\":{\"@id\":\"https:\/\/www.annonces-legales.org\/blog\/#website\"},\"primaryImageOfPage\":{\"@id\":\"https:\/\/www.annonces-legales.org\/blog\/la-vie-quercynoise\/#primaryimage\"},\"image\":{\"@id\":\"https:\/\/www.annonces-legales.org\/blog\/la-vie-quercynoise\/#primaryimage\"},\"thumbnailUrl\":\"https:\/\/www.annonces-legales.org\/blog\/wp-content\/uploads\/2021\/10\/La-Vie-Quercynoise.png\",\"datePublished\":\"2021-10-12T19:28:44+00:00\",\"dateModified\":\"2022-01-26T11:02:00+00:00\",\"breadcrumb\":{\"@id\":\"https:\/\/www.annonces-legales.org\/blog\/la-vie-quercynoise\/#breadcrumb\"},\"inLanguage\":\"fr-FR\",\"potentialAction\":[{\"@type\":\"ReadAction\",\"target\":[\"https:\/\/www.annonces-legales.org\/blog\/la-vie-quercynoise\/\"]}]},{\"@type\":\"ImageObject\",\"inLanguage\":\"fr-FR\",\"@id\":\"https:\/\/www.annonces-legales.org\/blog\/la-vie-quercynoise\/#primaryimage\",\"url\":\"https:\/\/www.annonces-legales.org\/blog\/wp-content\/uploads\/2021\/10\/La-Vie-Quercynoise.png\",\"contentUrl\":\"https:\/\/www.annonces-legales.org\/blog\/wp-content\/uploads\/2021\/10\/La-Vie-Quercynoise.png\",\"width\":450,\"height\":190},{\"@type\":\"BreadcrumbList\",\"@id\":\"https:\/\/www.annonces-legales.org\/blog\/la-vie-quercynoise\/#breadcrumb\",\"itemListElement\":[{\"@type\":\"ListItem\",\"position\":1,\"name\":\"Accueil\",\"item\":\"https:\/\/www.annonces-legales.org\/blog\/\"},{\"@type\":\"ListItem\",\"position\":2,\"name\":\"Liste des journaux habilit\u00e9s \u00e0 publier des annonces l\u00e9gales\",\"item\":\"https:\/\/www.annonces-legales.org\/blog\/liste-des-journaux-habilites-a-publier-des-annonces-legales\/\"},{\"@type\":\"ListItem\",\"position\":3,\"name\":\"La Vie Quercynoise\"}]},{\"@type\":\"WebSite\",\"@id\":\"https:\/\/www.annonces-legales.org\/blog\/#website\",\"url\":\"https:\/\/www.annonces-legales.org\/blog\/\",\"name\":\"Actualit\u00e9 des entreprises\",\"description\":\"\",\"publisher\":{\"@id\":\"https:\/\/www.annonces-legales.org\/blog\/#organization\"},\"potentialAction\":[{\"@type\":\"SearchAction\",\"target\":{\"@type\":\"EntryPoint\",\"urlTemplate\":\"https:\/\/www.annonces-legales.org\/blog\/?s={search_term_string}\"},\"query-input\":{\"@type\":\"PropertyValueSpecification\",\"valueRequired\":true,\"valueName\":\"search_term_string\"}}],\"inLanguage\":\"fr-FR\"},{\"@type\":\"Organization\",\"@id\":\"https:\/\/www.annonces-legales.org\/blog\/#organization\",\"name\":\"Actualit\u00e9 des entreprises\",\"url\":\"https:\/\/www.annonces-legales.org\/blog\/\",\"logo\":{\"@type\":\"ImageObject\",\"inLanguage\":\"fr-FR\",\"@id\":\"https:\/\/www.annonces-legales.org\/blog\/#\/schema\/logo\/image\/\",\"url\":\"https:\/\/www.annonces-legales.org\/blog\/wp-content\/uploads\/2023\/08\/annonces-legales.svg\",\"contentUrl\":\"https:\/\/www.annonces-legales.org\/blog\/wp-content\/uploads\/2023\/08\/annonces-legales.svg\",\"caption\":\"Actualit\u00e9 des entreprises\"},\"image\":{\"@id\":\"https:\/\/www.annonces-legales.org\/blog\/#\/schema\/logo\/image\/\"}}]}<\/script>\n<!-- \/ Yoast SEO plugin. -->","yoast_head_json":{"title":"La Vie Quercynoise - Actualit\u00e9 des entreprises","robots":{"index":"index","follow":"follow","max-snippet":"max-snippet:-1","max-image-preview":"max-image-preview:large","max-video-preview":"max-video-preview:-1"},"canonical":"https:\/\/www.annonces-legales.org\/blog\/la-vie-quercynoise\/","og_locale":"fr_FR","og_type":"article","og_title":"La Vie Quercynoise - Actualit\u00e9 des entreprises","og_description":"La Vie Quercynoise est un hebdomadaire local du d\u00e9partement du Lot. On peut le trouver dans tout le d\u00e9partement chaque [&hellip;]","og_url":"https:\/\/www.annonces-legales.org\/blog\/la-vie-quercynoise\/","og_site_name":"Actualit\u00e9 des entreprises","article_modified_time":"2022-01-26T11:02:00+00:00","og_image":[{"width":450,"height":190,"url":"https:\/\/www.annonces-legales.org\/blog\/wp-content\/uploads\/2021\/10\/La-Vie-Quercynoise.png","type":"image\/png"}],"twitter_card":"summary_large_image","twitter_misc":{"Dur\u00e9e de lecture estim\u00e9e":"2 minutes"},"schema":{"@context":"https:\/\/schema.org","@graph":[{"@type":"WebPage","@id":"https:\/\/www.annonces-legales.org\/blog\/la-vie-quercynoise\/","url":"https:\/\/www.annonces-legales.org\/blog\/la-vie-quercynoise\/","name":"La Vie Quercynoise - Actualit\u00e9 des entreprises","isPartOf":{"@id":"https:\/\/www.annonces-legales.org\/blog\/#website"},"primaryImageOfPage":{"@id":"https:\/\/www.annonces-legales.org\/blog\/la-vie-quercynoise\/#primaryimage"},"image":{"@id":"https:\/\/www.annonces-legales.org\/blog\/la-vie-quercynoise\/#primaryimage"},"thumbnailUrl":"https:\/\/www.annonces-legales.org\/blog\/wp-content\/uploads\/2021\/10\/La-Vie-Quercynoise.png","datePublished":"2021-10-12T19:28:44+00:00","dateModified":"2022-01-26T11:02:00+00:00","breadcrumb":{"@id":"https:\/\/www.annonces-legales.org\/blog\/la-vie-quercynoise\/#breadcrumb"},"inLanguage":"fr-FR","potentialAction":[{"@type":"ReadAction","target":["https:\/\/www.annonces-legales.org\/blog\/la-vie-quercynoise\/"]}]},{"@type":"ImageObject","inLanguage":"fr-FR","@id":"https:\/\/www.annonces-legales.org\/blog\/la-vie-quercynoise\/#primaryimage","url":"https:\/\/www.annonces-legales.org\/blog\/wp-content\/uploads\/2021\/10\/La-Vie-Quercynoise.png","contentUrl":"https:\/\/www.annonces-legales.org\/blog\/wp-content\/uploads\/2021\/10\/La-Vie-Quercynoise.png","width":450,"height":190},{"@type":"BreadcrumbList","@id":"https:\/\/www.annonces-legales.org\/blog\/la-vie-quercynoise\/#breadcrumb","itemListElement":[{"@type":"ListItem","position":1,"name":"Accueil","item":"https:\/\/www.annonces-legales.org\/blog\/"},{"@type":"ListItem","position":2,"name":"Liste des journaux habilit\u00e9s \u00e0 publier des annonces l\u00e9gales","item":"https:\/\/www.annonces-legales.org\/blog\/liste-des-journaux-habilites-a-publier-des-annonces-legales\/"},{"@type":"ListItem","position":3,"name":"La Vie Quercynoise"}]},{"@type":"WebSite","@id":"https:\/\/www.annonces-legales.org\/blog\/#website","url":"https:\/\/www.annonces-legales.org\/blog\/","name":"Actualit\u00e9 des entreprises","description":"","publisher":{"@id":"https:\/\/www.annonces-legales.org\/blog\/#organization"},"potentialAction":[{"@type":"SearchAction","target":{"@type":"EntryPoint","urlTemplate":"https:\/\/www.annonces-legales.org\/blog\/?s={search_term_string}"},"query-input":{"@type":"PropertyValueSpecification","valueRequired":true,"valueName":"search_term_string"}}],"inLanguage":"fr-FR"},{"@type":"Organization","@id":"https:\/\/www.annonces-legales.org\/blog\/#organization","name":"Actualit\u00e9 des entreprises","url":"https:\/\/www.annonces-legales.org\/blog\/","logo":{"@type":"ImageObject","inLanguage":"fr-FR","@id":"https:\/\/www.annonces-legales.org\/blog\/#\/schema\/logo\/image\/","url":"https:\/\/www.annonces-legales.org\/blog\/wp-content\/uploads\/2023\/08\/annonces-legales.svg","contentUrl":"https:\/\/www.annonces-legales.org\/blog\/wp-content\/uploads\/2023\/08\/annonces-legales.svg","caption":"Actualit\u00e9 des entreprises"},"image":{"@id":"https:\/\/www.annonces-legales.org\/blog\/#\/schema\/logo\/image\/"}}]}},"_links":{"self":[{"href":"https:\/\/www.annonces-legales.org\/blog\/wp-json\/wp\/v2\/pages\/1230","targetHints":{"allow":["GET"]}}],"collection":[{"href":"https:\/\/www.annonces-legales.org\/blog\/wp-json\/wp\/v2\/pages"}],"about":[{"href":"https:\/\/www.annonces-legales.org\/blog\/wp-json\/wp\/v2\/types\/page"}],"author":[{"embeddable":true,"href":"https:\/\/www.annonces-legales.org\/blog\/wp-json\/wp\/v2\/users\/1"}],"replies":[{"embeddable":true,"href":"https:\/\/www.annonces-legales.org\/blog\/wp-json\/wp\/v2\/comments?post=1230"}],"version-history":[{"count":2,"href":"https:\/\/www.annonces-legales.org\/blog\/wp-json\/wp\/v2\/pages\/1230\/revisions"}],"predecessor-version":[{"id":1242,"href":"https:\/\/www.annonces-legales.org\/blog\/wp-json\/wp\/v2\/pages\/1230\/revisions\/1242"}],"up":[{"embeddable":true,"href":"https:\/\/www.annonces-legales.org\/blog\/wp-json\/wp\/v2\/pages\/351"}],"wp:attachment":[{"href":"https:\/\/www.annonces-legales.org\/blog\/wp-json\/wp\/v2\/media?parent=1230"}],"curies":[{"name":"wp","href":"https:\/\/api.w.org\/{rel}","templated":true}]}}