{"id":1232,"date":"2021-10-12T21:32:07","date_gmt":"2021-10-12T19:32:07","guid":{"rendered":"https:\/\/www.annonces-legales.org\/blog\/?page_id=1232"},"modified":"2022-01-26T12:01:16","modified_gmt":"2022-01-26T11:01:16","slug":"le-courrier-de-la-mayenne","status":"publish","type":"page","link":"https:\/\/www.annonces-legales.org\/blog\/le-courrier-de-la-mayenne\/","title":{"rendered":"Le courrier de la Mayenne"},"content":{"rendered":"<p><img loading=\"lazy\" decoding=\"async\" class=\"aligncenter size-full wp-image-1239\" src=\"https:\/\/www.annonces-legales.org\/blog\/wp-content\/uploads\/2021\/10\/Le-courrier-de-la-Mayenne.png\" alt=\"\" width=\"400\" height=\"143\" srcset=\"https:\/\/www.annonces-legales.org\/blog\/wp-content\/uploads\/2021\/10\/Le-courrier-de-la-Mayenne.png 400w, https:\/\/www.annonces-legales.org\/blog\/wp-content\/uploads\/2021\/10\/Le-courrier-de-la-Mayenne-300x107.png 300w\" sizes=\"auto, (max-width: 400px) 100vw, 400px\" \/><\/p>\n<p><strong>Le Courrier de la Mayenne<\/strong> est un hebdomadaire local diffus\u00e9 en Mayenne et \u00e0 Laval. Il sort en kiosque tous les jeudis au prix de vente de 1,80 euro.<br \/>\nLe journal propose notamment des informations et des faits divers locaux sur Laval, Mayenne, Angers, Meslay-du-Maine, Grez-en-Bou\u00e8re, Saint-Denis-Du-Maine, Chang\u00e9, Saulges, Bonchamp&#8230;<br \/>\nLe journal est imprim\u00e9 \u00e0 environ 20 000 exemplaires. Parmi l&rsquo;\u00e9quipe du journal on trouve Jean-Baptiste de Guebriant (le directeur de la publication) et Jean-Michel Desaunai (le r\u00e9dacteur en chef).<\/p>\n<p>&nbsp;<\/p>\n<h2>En savoir plus sur Le courrier de la Mayenne<\/h2>\n<p>Le courrier de la Mayenne comporte 2 \u00e9ditions avec 2 r\u00e9dactions diff\u00e9rentes. Une des r\u00e9dactions est \u00e0 Laval et l&rsquo;autre \u00e0 Mayenne. Le journal a longtemps \u00e9t\u00e9 la propri\u00e9t\u00e9 de Louis de Gu\u00e9briant, un journaliste fran\u00e7ais.<\/p>\n<h2>Informations de contact du courrier de la Mayenne<\/h2>\n<p>Adresse : 108 rue Victor Boissel \u00e0 Laval 53000.<br \/>\nE-mail : redaction@courrierdelamayenne.com<br \/>\nT\u00e9l\u00e9phone : 02 43 59 10 40<\/p>\n<p>&nbsp;<\/p>\n<h2>Les abonnements au courrier de la Mayenne<\/h2>\n<p>Le journal propose de nombreuses options d&rsquo;abonnement. Le moins cher est l&rsquo;abonnement num\u00e9rique pour 12 mois \u00e0 69 euros TTC. Un abonnement identique au format papier est \u00e0 70 euros TTC. Pour les gens connect\u00e9s mais qui aiment parfois lire le journal sur papier, il y a l&rsquo;abonnement papier + num\u00e9rique qui co\u00fbte 90 euros TTC pour un an. Il existe \u00e9galement des formules 2 ans et 3 ans qui offrent une r\u00e9duction suppl\u00e9mentaire.<\/p>\n<p>&nbsp;<\/p>\n<h2>Publier une annonce l\u00e9gale sur le Courrier de la Mayenne<\/h2>\n<p>Le journal le <strong>Courrier de la Mayenne<\/strong> peut publier des annonces l\u00e9gales pour les entreprises de Mayenne. En effet, chaque semaine le journal publie une vingtaine d&rsquo;annonces modificatives et de cr\u00e9ation. Il obtient chaque ann\u00e9e une autorisation de la pr\u00e9fecture de Mayenne pour pouvoir r\u00e9aliser ce type de prestation.<\/p>\n<p>Pour publier une annonce l\u00e9gale dans la Mayenne ou pour tout autre d\u00e9partement, il est possible d&rsquo;obtenir un devis en ligne imm\u00e9diatement.<br \/>\nPour cela, il faut simplement remplir les formulaires adapt\u00e9s sur notre site Internet. Pour chaque d\u00e9partement, nous travaillons avec des journaux habilit\u00e9s ce qui nous permet de vous proposer le meilleur prix.<\/p>\n<br\/><br\/><div class=\"entry-content notopmargin\">\n\t<img decoding=\"async\" class=\"img-fluid fleft\" src=\"https:\/\/www.annonces-legales.org\/images\/rapide-economique-tout-departement.png\" alt=\"Journal d'annonce l\u00e9gale habilit\u00e9 de la Mayenne \"><a href=\"https:\/\/www.annonces-legales.org\/publication-annonce-legale.html\" class=\"button button-desc fright mtop30\"><div>Je publie<br> mon annonce<br> l\u00e9gale<\/div><span>dans un journal habilit\u00e9 de la Mayenne !<\/span><\/a>\n<\/div><div class=\"clrbth\"><\/div><br\/><br\/>\n","protected":false},"excerpt":{"rendered":"<p>Le Courrier de la Mayenne est un hebdomadaire local diffus\u00e9 en Mayenne et \u00e0 Laval. Il sort en kiosque tous [&hellip;]<\/p>\n","protected":false},"author":1,"featured_media":0,"parent":351,"menu_order":0,"comment_status":"closed","ping_status":"closed","template":"","meta":{"inline_featured_image":false,"footnotes":""},"class_list":["post-1232","page","type-page","status-publish","hentry"],"yoast_head":"<!-- This site is optimized with the Yoast SEO plugin v26.8 - https:\/\/yoast.com\/product\/yoast-seo-wordpress\/ -->\n<title>Le courrier de la Mayenne - Actualit\u00e9 des entreprises<\/title>\n<meta name=\"robots\" content=\"index, follow, max-snippet:-1, max-image-preview:large, max-video-preview:-1\" \/>\n<link rel=\"canonical\" href=\"https:\/\/www.annonces-legales.org\/blog\/le-courrier-de-la-mayenne\/\" \/>\n<meta property=\"og:locale\" content=\"fr_FR\" \/>\n<meta property=\"og:type\" content=\"article\" \/>\n<meta property=\"og:title\" content=\"Le courrier de la Mayenne - Actualit\u00e9 des entreprises\" \/>\n<meta property=\"og:description\" content=\"Le Courrier de la Mayenne est un hebdomadaire local diffus\u00e9 en Mayenne et \u00e0 Laval. Il sort en kiosque tous [&hellip;]\" \/>\n<meta property=\"og:url\" content=\"https:\/\/www.annonces-legales.org\/blog\/le-courrier-de-la-mayenne\/\" \/>\n<meta property=\"og:site_name\" content=\"Actualit\u00e9 des entreprises\" \/>\n<meta property=\"article:modified_time\" content=\"2022-01-26T11:01:16+00:00\" \/>\n<meta property=\"og:image\" content=\"https:\/\/www.annonces-legales.org\/blog\/wp-content\/uploads\/2021\/10\/Le-courrier-de-la-Mayenne.png\" \/>\n\t<meta property=\"og:image:width\" content=\"400\" \/>\n\t<meta property=\"og:image:height\" content=\"143\" \/>\n\t<meta property=\"og:image:type\" content=\"image\/png\" \/>\n<meta name=\"twitter:card\" content=\"summary_large_image\" \/>\n<meta name=\"twitter:label1\" content=\"Dur\u00e9e de lecture estim\u00e9e\" \/>\n\t<meta name=\"twitter:data1\" content=\"2 minutes\" \/>\n<script type=\"application\/ld+json\" class=\"yoast-schema-graph\">{\"@context\":\"https:\/\/schema.org\",\"@graph\":[{\"@type\":\"WebPage\",\"@id\":\"https:\/\/www.annonces-legales.org\/blog\/le-courrier-de-la-mayenne\/\",\"url\":\"https:\/\/www.annonces-legales.org\/blog\/le-courrier-de-la-mayenne\/\",\"name\":\"Le courrier de la Mayenne - Actualit\u00e9 des entreprises\",\"isPartOf\":{\"@id\":\"https:\/\/www.annonces-legales.org\/blog\/#website\"},\"primaryImageOfPage\":{\"@id\":\"https:\/\/www.annonces-legales.org\/blog\/le-courrier-de-la-mayenne\/#primaryimage\"},\"image\":{\"@id\":\"https:\/\/www.annonces-legales.org\/blog\/le-courrier-de-la-mayenne\/#primaryimage\"},\"thumbnailUrl\":\"https:\/\/www.annonces-legales.org\/blog\/wp-content\/uploads\/2021\/10\/Le-courrier-de-la-Mayenne.png\",\"datePublished\":\"2021-10-12T19:32:07+00:00\",\"dateModified\":\"2022-01-26T11:01:16+00:00\",\"breadcrumb\":{\"@id\":\"https:\/\/www.annonces-legales.org\/blog\/le-courrier-de-la-mayenne\/#breadcrumb\"},\"inLanguage\":\"fr-FR\",\"potentialAction\":[{\"@type\":\"ReadAction\",\"target\":[\"https:\/\/www.annonces-legales.org\/blog\/le-courrier-de-la-mayenne\/\"]}]},{\"@type\":\"ImageObject\",\"inLanguage\":\"fr-FR\",\"@id\":\"https:\/\/www.annonces-legales.org\/blog\/le-courrier-de-la-mayenne\/#primaryimage\",\"url\":\"https:\/\/www.annonces-legales.org\/blog\/wp-content\/uploads\/2021\/10\/Le-courrier-de-la-Mayenne.png\",\"contentUrl\":\"https:\/\/www.annonces-legales.org\/blog\/wp-content\/uploads\/2021\/10\/Le-courrier-de-la-Mayenne.png\",\"width\":400,\"height\":143},{\"@type\":\"BreadcrumbList\",\"@id\":\"https:\/\/www.annonces-legales.org\/blog\/le-courrier-de-la-mayenne\/#breadcrumb\",\"itemListElement\":[{\"@type\":\"ListItem\",\"position\":1,\"name\":\"Accueil\",\"item\":\"https:\/\/www.annonces-legales.org\/blog\/\"},{\"@type\":\"ListItem\",\"position\":2,\"name\":\"Liste des journaux habilit\u00e9s \u00e0 publier des annonces l\u00e9gales\",\"item\":\"https:\/\/www.annonces-legales.org\/blog\/liste-des-journaux-habilites-a-publier-des-annonces-legales\/\"},{\"@type\":\"ListItem\",\"position\":3,\"name\":\"Le courrier de la Mayenne\"}]},{\"@type\":\"WebSite\",\"@id\":\"https:\/\/www.annonces-legales.org\/blog\/#website\",\"url\":\"https:\/\/www.annonces-legales.org\/blog\/\",\"name\":\"Actualit\u00e9 des entreprises\",\"description\":\"\",\"publisher\":{\"@id\":\"https:\/\/www.annonces-legales.org\/blog\/#organization\"},\"potentialAction\":[{\"@type\":\"SearchAction\",\"target\":{\"@type\":\"EntryPoint\",\"urlTemplate\":\"https:\/\/www.annonces-legales.org\/blog\/?s={search_term_string}\"},\"query-input\":{\"@type\":\"PropertyValueSpecification\",\"valueRequired\":true,\"valueName\":\"search_term_string\"}}],\"inLanguage\":\"fr-FR\"},{\"@type\":\"Organization\",\"@id\":\"https:\/\/www.annonces-legales.org\/blog\/#organization\",\"name\":\"Actualit\u00e9 des entreprises\",\"url\":\"https:\/\/www.annonces-legales.org\/blog\/\",\"logo\":{\"@type\":\"ImageObject\",\"inLanguage\":\"fr-FR\",\"@id\":\"https:\/\/www.annonces-legales.org\/blog\/#\/schema\/logo\/image\/\",\"url\":\"https:\/\/www.annonces-legales.org\/blog\/wp-content\/uploads\/2023\/08\/annonces-legales.svg\",\"contentUrl\":\"https:\/\/www.annonces-legales.org\/blog\/wp-content\/uploads\/2023\/08\/annonces-legales.svg\",\"caption\":\"Actualit\u00e9 des entreprises\"},\"image\":{\"@id\":\"https:\/\/www.annonces-legales.org\/blog\/#\/schema\/logo\/image\/\"}}]}<\/script>\n<!-- \/ Yoast SEO plugin. -->","yoast_head_json":{"title":"Le courrier de la Mayenne - Actualit\u00e9 des entreprises","robots":{"index":"index","follow":"follow","max-snippet":"max-snippet:-1","max-image-preview":"max-image-preview:large","max-video-preview":"max-video-preview:-1"},"canonical":"https:\/\/www.annonces-legales.org\/blog\/le-courrier-de-la-mayenne\/","og_locale":"fr_FR","og_type":"article","og_title":"Le courrier de la Mayenne - Actualit\u00e9 des entreprises","og_description":"Le Courrier de la Mayenne est un hebdomadaire local diffus\u00e9 en Mayenne et \u00e0 Laval. Il sort en kiosque tous [&hellip;]","og_url":"https:\/\/www.annonces-legales.org\/blog\/le-courrier-de-la-mayenne\/","og_site_name":"Actualit\u00e9 des entreprises","article_modified_time":"2022-01-26T11:01:16+00:00","og_image":[{"width":400,"height":143,"url":"https:\/\/www.annonces-legales.org\/blog\/wp-content\/uploads\/2021\/10\/Le-courrier-de-la-Mayenne.png","type":"image\/png"}],"twitter_card":"summary_large_image","twitter_misc":{"Dur\u00e9e de lecture estim\u00e9e":"2 minutes"},"schema":{"@context":"https:\/\/schema.org","@graph":[{"@type":"WebPage","@id":"https:\/\/www.annonces-legales.org\/blog\/le-courrier-de-la-mayenne\/","url":"https:\/\/www.annonces-legales.org\/blog\/le-courrier-de-la-mayenne\/","name":"Le courrier de la Mayenne - Actualit\u00e9 des entreprises","isPartOf":{"@id":"https:\/\/www.annonces-legales.org\/blog\/#website"},"primaryImageOfPage":{"@id":"https:\/\/www.annonces-legales.org\/blog\/le-courrier-de-la-mayenne\/#primaryimage"},"image":{"@id":"https:\/\/www.annonces-legales.org\/blog\/le-courrier-de-la-mayenne\/#primaryimage"},"thumbnailUrl":"https:\/\/www.annonces-legales.org\/blog\/wp-content\/uploads\/2021\/10\/Le-courrier-de-la-Mayenne.png","datePublished":"2021-10-12T19:32:07+00:00","dateModified":"2022-01-26T11:01:16+00:00","breadcrumb":{"@id":"https:\/\/www.annonces-legales.org\/blog\/le-courrier-de-la-mayenne\/#breadcrumb"},"inLanguage":"fr-FR","potentialAction":[{"@type":"ReadAction","target":["https:\/\/www.annonces-legales.org\/blog\/le-courrier-de-la-mayenne\/"]}]},{"@type":"ImageObject","inLanguage":"fr-FR","@id":"https:\/\/www.annonces-legales.org\/blog\/le-courrier-de-la-mayenne\/#primaryimage","url":"https:\/\/www.annonces-legales.org\/blog\/wp-content\/uploads\/2021\/10\/Le-courrier-de-la-Mayenne.png","contentUrl":"https:\/\/www.annonces-legales.org\/blog\/wp-content\/uploads\/2021\/10\/Le-courrier-de-la-Mayenne.png","width":400,"height":143},{"@type":"BreadcrumbList","@id":"https:\/\/www.annonces-legales.org\/blog\/le-courrier-de-la-mayenne\/#breadcrumb","itemListElement":[{"@type":"ListItem","position":1,"name":"Accueil","item":"https:\/\/www.annonces-legales.org\/blog\/"},{"@type":"ListItem","position":2,"name":"Liste des journaux habilit\u00e9s \u00e0 publier des annonces l\u00e9gales","item":"https:\/\/www.annonces-legales.org\/blog\/liste-des-journaux-habilites-a-publier-des-annonces-legales\/"},{"@type":"ListItem","position":3,"name":"Le courrier de la Mayenne"}]},{"@type":"WebSite","@id":"https:\/\/www.annonces-legales.org\/blog\/#website","url":"https:\/\/www.annonces-legales.org\/blog\/","name":"Actualit\u00e9 des entreprises","description":"","publisher":{"@id":"https:\/\/www.annonces-legales.org\/blog\/#organization"},"potentialAction":[{"@type":"SearchAction","target":{"@type":"EntryPoint","urlTemplate":"https:\/\/www.annonces-legales.org\/blog\/?s={search_term_string}"},"query-input":{"@type":"PropertyValueSpecification","valueRequired":true,"valueName":"search_term_string"}}],"inLanguage":"fr-FR"},{"@type":"Organization","@id":"https:\/\/www.annonces-legales.org\/blog\/#organization","name":"Actualit\u00e9 des entreprises","url":"https:\/\/www.annonces-legales.org\/blog\/","logo":{"@type":"ImageObject","inLanguage":"fr-FR","@id":"https:\/\/www.annonces-legales.org\/blog\/#\/schema\/logo\/image\/","url":"https:\/\/www.annonces-legales.org\/blog\/wp-content\/uploads\/2023\/08\/annonces-legales.svg","contentUrl":"https:\/\/www.annonces-legales.org\/blog\/wp-content\/uploads\/2023\/08\/annonces-legales.svg","caption":"Actualit\u00e9 des entreprises"},"image":{"@id":"https:\/\/www.annonces-legales.org\/blog\/#\/schema\/logo\/image\/"}}]}},"_links":{"self":[{"href":"https:\/\/www.annonces-legales.org\/blog\/wp-json\/wp\/v2\/pages\/1232","targetHints":{"allow":["GET"]}}],"collection":[{"href":"https:\/\/www.annonces-legales.org\/blog\/wp-json\/wp\/v2\/pages"}],"about":[{"href":"https:\/\/www.annonces-legales.org\/blog\/wp-json\/wp\/v2\/types\/page"}],"author":[{"embeddable":true,"href":"https:\/\/www.annonces-legales.org\/blog\/wp-json\/wp\/v2\/users\/1"}],"replies":[{"embeddable":true,"href":"https:\/\/www.annonces-legales.org\/blog\/wp-json\/wp\/v2\/comments?post=1232"}],"version-history":[{"count":2,"href":"https:\/\/www.annonces-legales.org\/blog\/wp-json\/wp\/v2\/pages\/1232\/revisions"}],"predecessor-version":[{"id":1240,"href":"https:\/\/www.annonces-legales.org\/blog\/wp-json\/wp\/v2\/pages\/1232\/revisions\/1240"}],"up":[{"embeddable":true,"href":"https:\/\/www.annonces-legales.org\/blog\/wp-json\/wp\/v2\/pages\/351"}],"wp:attachment":[{"href":"https:\/\/www.annonces-legales.org\/blog\/wp-json\/wp\/v2\/media?parent=1232"}],"curies":[{"name":"wp","href":"https:\/\/api.w.org\/{rel}","templated":true}]}}