{"id":1234,"date":"2021-10-12T21:35:32","date_gmt":"2021-10-12T19:35:32","guid":{"rendered":"https:\/\/www.annonces-legales.org\/blog\/?page_id=1234"},"modified":"2022-01-26T11:56:26","modified_gmt":"2022-01-26T10:56:26","slug":"observateur-de-lavesnois","status":"publish","type":"page","link":"https:\/\/www.annonces-legales.org\/blog\/observateur-de-lavesnois\/","title":{"rendered":"L&rsquo;observateur de l&rsquo;Avesnois"},"content":{"rendered":"<p><img loading=\"lazy\" decoding=\"async\" class=\"aligncenter size-full wp-image-1237\" src=\"https:\/\/www.annonces-legales.org\/blog\/wp-content\/uploads\/2021\/10\/observateur-de-lavesnois.png\" alt=\"\" width=\"400\" height=\"88\" srcset=\"https:\/\/www.annonces-legales.org\/blog\/wp-content\/uploads\/2021\/10\/observateur-de-lavesnois.png 400w, https:\/\/www.annonces-legales.org\/blog\/wp-content\/uploads\/2021\/10\/observateur-de-lavesnois-300x66.png 300w\" sizes=\"auto, (max-width: 400px) 100vw, 400px\" \/><\/p>\n<p><strong>L&rsquo;observateur de l&rsquo;Avesnois<\/strong> est un journal hebdomadaire local du d\u00e9partement du Nord. Il publie chaque vendredi des informations \u00e0 propos des villes de Avesnes-sur-Helpe, de Sains-du-Nord, de Aulnoye, du Quesnoy&#8230;<br \/>\nIl est vendu 1,50 euros et il est imprim\u00e9 en 4 \u00e9ditions: une pour Avesnes, une pour le Quesnoy, une pour Aulnoye et une pour Ladrecies.<\/p>\n<p>Le journal est imprim\u00e9 \u00e0 plus de 8000 exemplaires chaque semaine pour une diffusion totale sup\u00e9rieure \u00e0 6000 (chiffres de l&rsquo;ACPM). L&rsquo;\u00e9quipe de la r\u00e9daction est compos\u00e9e de Lo\u00efc Vittu de Kerraoul (directeur de la publication), Arnaud Blondiau (responsable de la publicit\u00e9) Et \u00c9ric Francart (responsable de la diffusion).<\/p>\n<p>Ce journal appartient \u00e0 la SAS L&rsquo;Observateur, une soci\u00e9t\u00e9 du groupe Sogemedia qui publie d&rsquo;autres journaux l&rsquo;observateur: l&rsquo;observateur du Cambraisis, l&rsquo;observateur du Douaisis, l&rsquo;observateur du Valenciennois.<\/p>\n<p>Ce journal de la presse r\u00e9gionale propose de publier les annonces l\u00e9gales pour les entreprises du d\u00e9partement du Nord. En effet, il a obtenu, de la part de la pr\u00e9fecture du 59, L&rsquo;autorisation pour r\u00e9aliser la publication de ses avis officiels.<\/p>\n<p>&nbsp;<\/p>\n<h2>Contacter L&rsquo;observateur de l&rsquo;Avesnois<\/h2>\n<p>Afin de contacter l&rsquo;Observateur de l&rsquo;Avesnois, il est possible d&rsquo;utiliser le mail contact@lobservateurdelavesnois.fr<br \/>\nIl est aussi possible d&rsquo;envoyer une lettre au journal: 1, Rue Robert Bichet \u00e0 Avesnelles 59440.<\/p>\n<p>L&rsquo;\u00e9quipe du journal vous r\u00e9pond \u00e9galement aux 03 27 56 12 12.<\/p>\n<p>&nbsp;<\/p>\n<h2>S&rsquo;abonner au journal L&rsquo;observateur de l&rsquo;Avesnois<\/h2>\n<p>L&rsquo;observateur de l&rsquo;Avesnois ne propose pas de formules d&rsquo;abonnement sur son site Internet. Pour conna\u00eetre les formules d&rsquo;abonnement il faut contacter le 03 27 56 12 13 ou envoyer un mail \u00e0 abonnements@lobservateurdelavesnois.fr<\/p>\n<h2>Publier une annonce l\u00e9gale dans un journal du d\u00e9partement du nord<\/h2>\n<p>Les entreprises et les personnes physiques nordistes doivent utiliser un journal local qui diffuse des informations de leur d\u00e9partement pour r\u00e9pondre \u00e0 leurs obligations l\u00e9gales de publication d&rsquo;avis.<br \/>\nIl existe une dizaine de journaux habilit\u00e9s pour le d\u00e9partement du Nord. C&rsquo;est notamment le cas de toute les \u00e9ditions de l&rsquo;Observateur : l&rsquo;observateur de l&rsquo;Avesnoye, l&rsquo;observateur du Cambraisis, l&rsquo;observateur du Douaisis, l&rsquo;observateur du valenciennois.<br \/>\nLes autres journaux papier habilit\u00e9s \u00e0 faire des annonces l\u00e9gales pour le d\u00e9partement du Nord sont le courrier de Fourmies, la gazette Nord Pas-de-Calais (\u00e9ditions du Nord), L&rsquo;indicateur des Flandres, libert\u00e9 hebdo, le phare dunkerquois, La Voix du Nord (\u00e9ditions Nord), Sambre, la croix du Nord, Nord \u00c9clair, Terres et Territoires.<\/p>\n<p>Il existe \u00e9galement des services de presse en ligne qui ont obtenu une habilitation pour ce d\u00e9partement :lindicateurdesflandres.fr, gazettenpdc.fr, terres-et-territoires.com<\/p>\n<p>Il n&rsquo;y a pas besoin de choisir un journal d&rsquo;annonce l\u00e9gale. N&rsquo;importe quel journal habilit\u00e9 peut r\u00e9aliser la r\u00e9daction et l&rsquo;impression de l&rsquo;annonce l\u00e9gale. Cependant, pour obtenir le meilleur prix pour une <strong>annonce l\u00e9gale dans le d\u00e9partement du Nord (59)<\/strong> il sera n\u00e9cessaire de faire un devis sur notre site Internet.<\/p>\n<br\/><br\/><div class=\"entry-content notopmargin\">\n\t<img decoding=\"async\" class=\"img-fluid fleft\" src=\"https:\/\/www.annonces-legales.org\/images\/rapide-economique-tout-departement.png\" alt=\"Journal d'annonce l\u00e9gale du Nord \"><a href=\"https:\/\/www.annonces-legales.org\/publication-annonce-legale.html\" class=\"button button-desc fright mtop30\"><div>Je publie<br> mon annonce<br> l\u00e9gale<\/div><span>dans un journal du Nord !<\/span><\/a>\n<\/div><div class=\"clrbth\"><\/div><br\/><br\/>\n","protected":false},"excerpt":{"rendered":"<p>L&rsquo;observateur de l&rsquo;Avesnois est un journal hebdomadaire local du d\u00e9partement du Nord. Il publie chaque vendredi des informations \u00e0 propos [&hellip;]<\/p>\n","protected":false},"author":1,"featured_media":0,"parent":351,"menu_order":0,"comment_status":"closed","ping_status":"closed","template":"","meta":{"inline_featured_image":false,"footnotes":""},"class_list":["post-1234","page","type-page","status-publish","hentry"],"yoast_head":"<!-- This site is optimized with the Yoast SEO plugin v26.8 - https:\/\/yoast.com\/product\/yoast-seo-wordpress\/ -->\n<title>L&#039;observateur de l&#039;Avesnois - Actualit\u00e9 des entreprises<\/title>\n<meta name=\"robots\" content=\"index, follow, max-snippet:-1, max-image-preview:large, max-video-preview:-1\" \/>\n<link rel=\"canonical\" href=\"https:\/\/www.annonces-legales.org\/blog\/observateur-de-lavesnois\/\" \/>\n<meta property=\"og:locale\" content=\"fr_FR\" \/>\n<meta property=\"og:type\" content=\"article\" \/>\n<meta property=\"og:title\" content=\"L&#039;observateur de l&#039;Avesnois - Actualit\u00e9 des entreprises\" \/>\n<meta property=\"og:description\" content=\"L&rsquo;observateur de l&rsquo;Avesnois est un journal hebdomadaire local du d\u00e9partement du Nord. Il publie chaque vendredi des informations \u00e0 propos [&hellip;]\" \/>\n<meta property=\"og:url\" content=\"https:\/\/www.annonces-legales.org\/blog\/observateur-de-lavesnois\/\" \/>\n<meta property=\"og:site_name\" content=\"Actualit\u00e9 des entreprises\" \/>\n<meta property=\"article:modified_time\" content=\"2022-01-26T10:56:26+00:00\" \/>\n<meta property=\"og:image\" content=\"https:\/\/www.annonces-legales.org\/blog\/wp-content\/uploads\/2021\/10\/observateur-de-lavesnois.png\" \/>\n\t<meta property=\"og:image:width\" content=\"400\" \/>\n\t<meta property=\"og:image:height\" content=\"88\" \/>\n\t<meta property=\"og:image:type\" content=\"image\/png\" \/>\n<meta name=\"twitter:card\" content=\"summary_large_image\" \/>\n<meta name=\"twitter:label1\" content=\"Dur\u00e9e de lecture estim\u00e9e\" \/>\n\t<meta name=\"twitter:data1\" content=\"2 minutes\" \/>\n<script type=\"application\/ld+json\" class=\"yoast-schema-graph\">{\"@context\":\"https:\/\/schema.org\",\"@graph\":[{\"@type\":\"WebPage\",\"@id\":\"https:\/\/www.annonces-legales.org\/blog\/observateur-de-lavesnois\/\",\"url\":\"https:\/\/www.annonces-legales.org\/blog\/observateur-de-lavesnois\/\",\"name\":\"L'observateur de l'Avesnois - Actualit\u00e9 des entreprises\",\"isPartOf\":{\"@id\":\"https:\/\/www.annonces-legales.org\/blog\/#website\"},\"primaryImageOfPage\":{\"@id\":\"https:\/\/www.annonces-legales.org\/blog\/observateur-de-lavesnois\/#primaryimage\"},\"image\":{\"@id\":\"https:\/\/www.annonces-legales.org\/blog\/observateur-de-lavesnois\/#primaryimage\"},\"thumbnailUrl\":\"https:\/\/www.annonces-legales.org\/blog\/wp-content\/uploads\/2021\/10\/observateur-de-lavesnois.png\",\"datePublished\":\"2021-10-12T19:35:32+00:00\",\"dateModified\":\"2022-01-26T10:56:26+00:00\",\"breadcrumb\":{\"@id\":\"https:\/\/www.annonces-legales.org\/blog\/observateur-de-lavesnois\/#breadcrumb\"},\"inLanguage\":\"fr-FR\",\"potentialAction\":[{\"@type\":\"ReadAction\",\"target\":[\"https:\/\/www.annonces-legales.org\/blog\/observateur-de-lavesnois\/\"]}]},{\"@type\":\"ImageObject\",\"inLanguage\":\"fr-FR\",\"@id\":\"https:\/\/www.annonces-legales.org\/blog\/observateur-de-lavesnois\/#primaryimage\",\"url\":\"https:\/\/www.annonces-legales.org\/blog\/wp-content\/uploads\/2021\/10\/observateur-de-lavesnois.png\",\"contentUrl\":\"https:\/\/www.annonces-legales.org\/blog\/wp-content\/uploads\/2021\/10\/observateur-de-lavesnois.png\",\"width\":400,\"height\":88},{\"@type\":\"BreadcrumbList\",\"@id\":\"https:\/\/www.annonces-legales.org\/blog\/observateur-de-lavesnois\/#breadcrumb\",\"itemListElement\":[{\"@type\":\"ListItem\",\"position\":1,\"name\":\"Accueil\",\"item\":\"https:\/\/www.annonces-legales.org\/blog\/\"},{\"@type\":\"ListItem\",\"position\":2,\"name\":\"Liste des journaux habilit\u00e9s \u00e0 publier des annonces l\u00e9gales\",\"item\":\"https:\/\/www.annonces-legales.org\/blog\/liste-des-journaux-habilites-a-publier-des-annonces-legales\/\"},{\"@type\":\"ListItem\",\"position\":3,\"name\":\"L&rsquo;observateur de l&rsquo;Avesnois\"}]},{\"@type\":\"WebSite\",\"@id\":\"https:\/\/www.annonces-legales.org\/blog\/#website\",\"url\":\"https:\/\/www.annonces-legales.org\/blog\/\",\"name\":\"Actualit\u00e9 des entreprises\",\"description\":\"\",\"publisher\":{\"@id\":\"https:\/\/www.annonces-legales.org\/blog\/#organization\"},\"potentialAction\":[{\"@type\":\"SearchAction\",\"target\":{\"@type\":\"EntryPoint\",\"urlTemplate\":\"https:\/\/www.annonces-legales.org\/blog\/?s={search_term_string}\"},\"query-input\":{\"@type\":\"PropertyValueSpecification\",\"valueRequired\":true,\"valueName\":\"search_term_string\"}}],\"inLanguage\":\"fr-FR\"},{\"@type\":\"Organization\",\"@id\":\"https:\/\/www.annonces-legales.org\/blog\/#organization\",\"name\":\"Actualit\u00e9 des entreprises\",\"url\":\"https:\/\/www.annonces-legales.org\/blog\/\",\"logo\":{\"@type\":\"ImageObject\",\"inLanguage\":\"fr-FR\",\"@id\":\"https:\/\/www.annonces-legales.org\/blog\/#\/schema\/logo\/image\/\",\"url\":\"https:\/\/www.annonces-legales.org\/blog\/wp-content\/uploads\/2023\/08\/annonces-legales.svg\",\"contentUrl\":\"https:\/\/www.annonces-legales.org\/blog\/wp-content\/uploads\/2023\/08\/annonces-legales.svg\",\"caption\":\"Actualit\u00e9 des entreprises\"},\"image\":{\"@id\":\"https:\/\/www.annonces-legales.org\/blog\/#\/schema\/logo\/image\/\"}}]}<\/script>\n<!-- \/ Yoast SEO plugin. -->","yoast_head_json":{"title":"L'observateur de l'Avesnois - Actualit\u00e9 des entreprises","robots":{"index":"index","follow":"follow","max-snippet":"max-snippet:-1","max-image-preview":"max-image-preview:large","max-video-preview":"max-video-preview:-1"},"canonical":"https:\/\/www.annonces-legales.org\/blog\/observateur-de-lavesnois\/","og_locale":"fr_FR","og_type":"article","og_title":"L'observateur de l'Avesnois - Actualit\u00e9 des entreprises","og_description":"L&rsquo;observateur de l&rsquo;Avesnois est un journal hebdomadaire local du d\u00e9partement du Nord. Il publie chaque vendredi des informations \u00e0 propos [&hellip;]","og_url":"https:\/\/www.annonces-legales.org\/blog\/observateur-de-lavesnois\/","og_site_name":"Actualit\u00e9 des entreprises","article_modified_time":"2022-01-26T10:56:26+00:00","og_image":[{"width":400,"height":88,"url":"https:\/\/www.annonces-legales.org\/blog\/wp-content\/uploads\/2021\/10\/observateur-de-lavesnois.png","type":"image\/png"}],"twitter_card":"summary_large_image","twitter_misc":{"Dur\u00e9e de lecture estim\u00e9e":"2 minutes"},"schema":{"@context":"https:\/\/schema.org","@graph":[{"@type":"WebPage","@id":"https:\/\/www.annonces-legales.org\/blog\/observateur-de-lavesnois\/","url":"https:\/\/www.annonces-legales.org\/blog\/observateur-de-lavesnois\/","name":"L'observateur de l'Avesnois - Actualit\u00e9 des entreprises","isPartOf":{"@id":"https:\/\/www.annonces-legales.org\/blog\/#website"},"primaryImageOfPage":{"@id":"https:\/\/www.annonces-legales.org\/blog\/observateur-de-lavesnois\/#primaryimage"},"image":{"@id":"https:\/\/www.annonces-legales.org\/blog\/observateur-de-lavesnois\/#primaryimage"},"thumbnailUrl":"https:\/\/www.annonces-legales.org\/blog\/wp-content\/uploads\/2021\/10\/observateur-de-lavesnois.png","datePublished":"2021-10-12T19:35:32+00:00","dateModified":"2022-01-26T10:56:26+00:00","breadcrumb":{"@id":"https:\/\/www.annonces-legales.org\/blog\/observateur-de-lavesnois\/#breadcrumb"},"inLanguage":"fr-FR","potentialAction":[{"@type":"ReadAction","target":["https:\/\/www.annonces-legales.org\/blog\/observateur-de-lavesnois\/"]}]},{"@type":"ImageObject","inLanguage":"fr-FR","@id":"https:\/\/www.annonces-legales.org\/blog\/observateur-de-lavesnois\/#primaryimage","url":"https:\/\/www.annonces-legales.org\/blog\/wp-content\/uploads\/2021\/10\/observateur-de-lavesnois.png","contentUrl":"https:\/\/www.annonces-legales.org\/blog\/wp-content\/uploads\/2021\/10\/observateur-de-lavesnois.png","width":400,"height":88},{"@type":"BreadcrumbList","@id":"https:\/\/www.annonces-legales.org\/blog\/observateur-de-lavesnois\/#breadcrumb","itemListElement":[{"@type":"ListItem","position":1,"name":"Accueil","item":"https:\/\/www.annonces-legales.org\/blog\/"},{"@type":"ListItem","position":2,"name":"Liste des journaux habilit\u00e9s \u00e0 publier des annonces l\u00e9gales","item":"https:\/\/www.annonces-legales.org\/blog\/liste-des-journaux-habilites-a-publier-des-annonces-legales\/"},{"@type":"ListItem","position":3,"name":"L&rsquo;observateur de l&rsquo;Avesnois"}]},{"@type":"WebSite","@id":"https:\/\/www.annonces-legales.org\/blog\/#website","url":"https:\/\/www.annonces-legales.org\/blog\/","name":"Actualit\u00e9 des entreprises","description":"","publisher":{"@id":"https:\/\/www.annonces-legales.org\/blog\/#organization"},"potentialAction":[{"@type":"SearchAction","target":{"@type":"EntryPoint","urlTemplate":"https:\/\/www.annonces-legales.org\/blog\/?s={search_term_string}"},"query-input":{"@type":"PropertyValueSpecification","valueRequired":true,"valueName":"search_term_string"}}],"inLanguage":"fr-FR"},{"@type":"Organization","@id":"https:\/\/www.annonces-legales.org\/blog\/#organization","name":"Actualit\u00e9 des entreprises","url":"https:\/\/www.annonces-legales.org\/blog\/","logo":{"@type":"ImageObject","inLanguage":"fr-FR","@id":"https:\/\/www.annonces-legales.org\/blog\/#\/schema\/logo\/image\/","url":"https:\/\/www.annonces-legales.org\/blog\/wp-content\/uploads\/2023\/08\/annonces-legales.svg","contentUrl":"https:\/\/www.annonces-legales.org\/blog\/wp-content\/uploads\/2023\/08\/annonces-legales.svg","caption":"Actualit\u00e9 des entreprises"},"image":{"@id":"https:\/\/www.annonces-legales.org\/blog\/#\/schema\/logo\/image\/"}}]}},"_links":{"self":[{"href":"https:\/\/www.annonces-legales.org\/blog\/wp-json\/wp\/v2\/pages\/1234","targetHints":{"allow":["GET"]}}],"collection":[{"href":"https:\/\/www.annonces-legales.org\/blog\/wp-json\/wp\/v2\/pages"}],"about":[{"href":"https:\/\/www.annonces-legales.org\/blog\/wp-json\/wp\/v2\/types\/page"}],"author":[{"embeddable":true,"href":"https:\/\/www.annonces-legales.org\/blog\/wp-json\/wp\/v2\/users\/1"}],"replies":[{"embeddable":true,"href":"https:\/\/www.annonces-legales.org\/blog\/wp-json\/wp\/v2\/comments?post=1234"}],"version-history":[{"count":3,"href":"https:\/\/www.annonces-legales.org\/blog\/wp-json\/wp\/v2\/pages\/1234\/revisions"}],"predecessor-version":[{"id":1238,"href":"https:\/\/www.annonces-legales.org\/blog\/wp-json\/wp\/v2\/pages\/1234\/revisions\/1238"}],"up":[{"embeddable":true,"href":"https:\/\/www.annonces-legales.org\/blog\/wp-json\/wp\/v2\/pages\/351"}],"wp:attachment":[{"href":"https:\/\/www.annonces-legales.org\/blog\/wp-json\/wp\/v2\/media?parent=1234"}],"curies":[{"name":"wp","href":"https:\/\/api.w.org\/{rel}","templated":true}]}}