{"id":1533,"date":"2021-11-23T19:03:32","date_gmt":"2021-11-23T18:03:32","guid":{"rendered":"https:\/\/www.annonces-legales.org\/blog\/?page_id=1533"},"modified":"2022-01-26T11:55:21","modified_gmt":"2022-01-26T10:55:21","slug":"l-independant-catalan","status":"publish","type":"page","link":"https:\/\/www.annonces-legales.org\/blog\/l-independant-catalan\/","title":{"rendered":"L&rsquo;ind\u00e9pendant catalan"},"content":{"rendered":"<p>Le journal papier <strong>L&rsquo;Ind\u00e9pendant<\/strong> est un quotidien r\u00e9gional qui est publi\u00e9 dans les d\u00e9partements des Pyr\u00e9n\u00e9es orientales et de l&rsquo;Aude.<\/p>\n<p>Il est aussi appel\u00e9 &lsquo;l&rsquo;Ind\u00e9pendant Catalan. Ce journal papier para\u00eet tous les jours, m\u00eame le dimanche.<br \/>\nIl est vendu 1,30 euros en France et 1,80 euros en Espagne.<\/p>\n<p>Le journal ind\u00e9pendant poss\u00e8de trois \u00e9ditions :<br \/>\n\u2013 l&rsquo;ind\u00e9pendant \u00e9dition de Perpignan<br \/>\n\u2013 l&rsquo;ind\u00e9pendant \u00e9dition de Carcassonne<br \/>\n\u2013 l&rsquo;ind\u00e9pendant \u00e9dition de Narbonne<\/p>\n<p>L&rsquo;adresse du journal est 2 boulevard Des Pyr\u00e9n\u00e9es \u00e0 Perpignan 66\u00a0007. Le directeur de la publication se nomme Bernard Maffre.<\/p>\n<p>&nbsp;<\/p>\n<h2>Le site Internet du journal ind\u00e9pendant<\/h2>\n<p><img loading=\"lazy\" decoding=\"async\" class=\"aligncenter size-full wp-image-1534\" src=\"https:\/\/www.annonces-legales.org\/blog\/wp-content\/uploads\/2021\/11\/imprim-ecran-independant-perpignan.png\" alt=\"\" width=\"800\" height=\"717\" srcset=\"https:\/\/www.annonces-legales.org\/blog\/wp-content\/uploads\/2021\/11\/imprim-ecran-independant-perpignan.png 800w, https:\/\/www.annonces-legales.org\/blog\/wp-content\/uploads\/2021\/11\/imprim-ecran-independant-perpignan-300x269.png 300w, https:\/\/www.annonces-legales.org\/blog\/wp-content\/uploads\/2021\/11\/imprim-ecran-independant-perpignan-768x688.png 768w\" sizes=\"auto, (max-width: 800px) 100vw, 800px\" \/><\/p>\n<p>Le site du journal propose des actualit\u00e9s class\u00e9es par ville et par diverses cat\u00e9gories Comme une rubrique faits divers ou loisirs.<br \/>\nCertains articles sont en clair. Les articles issus du journal ne sont visibles que par les abonn\u00e9s.<br \/>\nLe journal r\u00e9alise \u00e9galement des podcasts qu&rsquo;il est possible d&rsquo;\u00e9couter sur le site du journal. Il est bien entendu possible de s&rsquo;abonner au journal.<br \/>\nIl est possible de rechercher des anciens articles du journal via une page archive. Des articles des archives peuvent \u00eatre achet\u00e9s \u00e0 l&rsquo;unit\u00e9 (3,01 euro TTC) ou en pack.<\/p>\n<p>&nbsp;<\/p>\n<h2>Abonnement au journal l&rsquo;ind\u00e9pendant<\/h2>\n<p>Le journal propose deux formules d&rsquo;abonnement. Une formule num\u00e9rique qui permet de recevoir le journal en version num\u00e9rique ou de le lire directement sur le site Internet.<br \/>\nAvec cet abonnement, l&rsquo;utilisateur a acc\u00e8s aux trois \u00e9ditions de l&rsquo;ind\u00e9pendance.<br \/>\nCet abonnement co\u00fbte 12,99 \u20ac par mois ou 149,90 \u20ac par an.<br \/>\nL&rsquo;abonnement int\u00e9gral comprend le journal papier avec ses suppl\u00e9ments livr\u00e9s dans la bo\u00eete aux lettres de l&rsquo;abonn\u00e9. Il comprend \u00e9galement la version num\u00e9rique du journal. L&rsquo;abonnement int\u00e9gral co\u00fbte 29,99 \u20ac par mois ou 379,90 \u20ac par an.<\/p>\n<p>&nbsp;<\/p>\n<h2>L&rsquo;ind\u00e9pendant, journal d&rsquo;annonces l\u00e9gales<\/h2>\n<p>C&rsquo;est un journal habilit\u00e9 qui a re\u00e7u deux habilitations pour deux d\u00e9partements diff\u00e9rents.<br \/>\nL&rsquo;ind\u00e9pendant (\u00c9dition de Perpignan) a re\u00e7u une habilitation pour d\u00e9poser des annonces l\u00e9gales pour le d\u00e9partement des Pyr\u00e9n\u00e9es orientales.<br \/>\nL&rsquo;ind\u00e9pendant (\u00e9dition de Carcassonne) poss\u00e8de l&rsquo;habilitation pour publier des annonces l\u00e9gales dans l&rsquo;Aude.<\/p>\n<br\/><br\/><div class=\"entry-content notopmargin\">\n\t<img decoding=\"async\" class=\"img-fluid fleft\" src=\"https:\/\/www.annonces-legales.org\/images\/rapide-economique-tout-departement.png\" alt=\"Journal d'annonce l\u00e9gale  JAL des Pyr\u00e9n\u00e9es Orientales \"><a href=\"https:\/\/www.annonces-legales.org\/publication-annonce-legale.html\" class=\"button button-desc fright mtop30\"><div>Je publie<br> mon annonce<br> l\u00e9gale<\/div><span>dans un journal  JAL des Pyr\u00e9n\u00e9es Orientales !<\/span><\/a>\n<\/div><div class=\"clrbth\"><\/div><br\/><br\/>\n<h2>Histoire du journal ind\u00e9pendant<\/h2>\n<p>Le journal nait en 1946 et s&rsquo;appelle d&rsquo;abord l&rsquo;ind\u00e9pendant des Pyr\u00e9n\u00e9es-Orientales. Le journal est cr\u00e9\u00e9 par des opposants r\u00e9publicains pour soutenir le candidat Fran\u00e7ois Arago aux \u00e9lections l\u00e9gislatives du d\u00e9partement. Le journal souhaite faire de la concurrence au journal cr\u00e9\u00e9 par la pr\u00e9fecture et soutien d&rsquo;un candidat de l&rsquo;opposition : le m\u00e9morial administratif des Pyr\u00e9n\u00e9es-Orientales.<br \/>\nApr\u00e8s la deuxi\u00e8me guerre mondiale, le journal est interdit de publication car il n&rsquo;a pas cess\u00e9 sa parution pendant le r\u00e9gime de Vichy.<br \/>\nLe journal r\u00e9appara\u00eet en 1950 sous le nom ind\u00e9pendant du matin qui deviendra l&rsquo;ind\u00e9pendant catalan (que l&rsquo;on trouve toujours marquer sur le journal).<br \/>\nLes lecteurs l&rsquo;appellent tout simplement l&rsquo;ind\u00e9pendant.<br \/>\nCe journal est la propri\u00e9t\u00e9 du groupe Midi Libre. journal ind\u00e9pendant, au travers de ces trois \u00e9ditions, et vendus \u00e0 environ 40\u00a0000 exemplaires chaque jour.<\/p>\n","protected":false},"excerpt":{"rendered":"<p>Le journal papier L&rsquo;Ind\u00e9pendant est un quotidien r\u00e9gional qui est publi\u00e9 dans les d\u00e9partements des Pyr\u00e9n\u00e9es orientales et de l&rsquo;Aude. [&hellip;]<\/p>\n","protected":false},"author":1,"featured_media":0,"parent":351,"menu_order":0,"comment_status":"closed","ping_status":"closed","template":"","meta":{"inline_featured_image":false,"footnotes":""},"class_list":["post-1533","page","type-page","status-publish","hentry"],"yoast_head":"<!-- This site is optimized with the Yoast SEO plugin v26.8 - https:\/\/yoast.com\/product\/yoast-seo-wordpress\/ -->\n<title>L&#039;ind\u00e9pendant catalan - Actualit\u00e9 des entreprises<\/title>\n<meta name=\"robots\" content=\"index, follow, max-snippet:-1, max-image-preview:large, max-video-preview:-1\" \/>\n<link rel=\"canonical\" href=\"https:\/\/www.annonces-legales.org\/blog\/l-independant-catalan\/\" \/>\n<meta property=\"og:locale\" content=\"fr_FR\" \/>\n<meta property=\"og:type\" content=\"article\" \/>\n<meta property=\"og:title\" content=\"L&#039;ind\u00e9pendant catalan - Actualit\u00e9 des entreprises\" \/>\n<meta property=\"og:description\" content=\"Le journal papier L&rsquo;Ind\u00e9pendant est un quotidien r\u00e9gional qui est publi\u00e9 dans les d\u00e9partements des Pyr\u00e9n\u00e9es orientales et de l&rsquo;Aude. [&hellip;]\" \/>\n<meta property=\"og:url\" content=\"https:\/\/www.annonces-legales.org\/blog\/l-independant-catalan\/\" \/>\n<meta property=\"og:site_name\" content=\"Actualit\u00e9 des entreprises\" \/>\n<meta property=\"article:modified_time\" content=\"2022-01-26T10:55:21+00:00\" \/>\n<meta property=\"og:image\" content=\"https:\/\/www.annonces-legales.org\/blog\/wp-content\/uploads\/2021\/11\/imprim-ecran-independant-perpignan.png\" \/>\n\t<meta property=\"og:image:width\" content=\"800\" \/>\n\t<meta property=\"og:image:height\" content=\"717\" \/>\n\t<meta property=\"og:image:type\" content=\"image\/png\" \/>\n<meta name=\"twitter:card\" content=\"summary_large_image\" \/>\n<meta name=\"twitter:label1\" content=\"Dur\u00e9e de lecture estim\u00e9e\" \/>\n\t<meta name=\"twitter:data1\" content=\"3 minutes\" \/>\n<script type=\"application\/ld+json\" class=\"yoast-schema-graph\">{\"@context\":\"https:\/\/schema.org\",\"@graph\":[{\"@type\":\"WebPage\",\"@id\":\"https:\/\/www.annonces-legales.org\/blog\/l-independant-catalan\/\",\"url\":\"https:\/\/www.annonces-legales.org\/blog\/l-independant-catalan\/\",\"name\":\"L'ind\u00e9pendant catalan - Actualit\u00e9 des entreprises\",\"isPartOf\":{\"@id\":\"https:\/\/www.annonces-legales.org\/blog\/#website\"},\"primaryImageOfPage\":{\"@id\":\"https:\/\/www.annonces-legales.org\/blog\/l-independant-catalan\/#primaryimage\"},\"image\":{\"@id\":\"https:\/\/www.annonces-legales.org\/blog\/l-independant-catalan\/#primaryimage\"},\"thumbnailUrl\":\"https:\/\/www.annonces-legales.org\/blog\/wp-content\/uploads\/2021\/11\/imprim-ecran-independant-perpignan.png\",\"datePublished\":\"2021-11-23T18:03:32+00:00\",\"dateModified\":\"2022-01-26T10:55:21+00:00\",\"breadcrumb\":{\"@id\":\"https:\/\/www.annonces-legales.org\/blog\/l-independant-catalan\/#breadcrumb\"},\"inLanguage\":\"fr-FR\",\"potentialAction\":[{\"@type\":\"ReadAction\",\"target\":[\"https:\/\/www.annonces-legales.org\/blog\/l-independant-catalan\/\"]}]},{\"@type\":\"ImageObject\",\"inLanguage\":\"fr-FR\",\"@id\":\"https:\/\/www.annonces-legales.org\/blog\/l-independant-catalan\/#primaryimage\",\"url\":\"https:\/\/www.annonces-legales.org\/blog\/wp-content\/uploads\/2021\/11\/imprim-ecran-independant-perpignan.png\",\"contentUrl\":\"https:\/\/www.annonces-legales.org\/blog\/wp-content\/uploads\/2021\/11\/imprim-ecran-independant-perpignan.png\",\"width\":800,\"height\":717},{\"@type\":\"BreadcrumbList\",\"@id\":\"https:\/\/www.annonces-legales.org\/blog\/l-independant-catalan\/#breadcrumb\",\"itemListElement\":[{\"@type\":\"ListItem\",\"position\":1,\"name\":\"Accueil\",\"item\":\"https:\/\/www.annonces-legales.org\/blog\/\"},{\"@type\":\"ListItem\",\"position\":2,\"name\":\"Liste des journaux habilit\u00e9s \u00e0 publier des annonces l\u00e9gales\",\"item\":\"https:\/\/www.annonces-legales.org\/blog\/liste-des-journaux-habilites-a-publier-des-annonces-legales\/\"},{\"@type\":\"ListItem\",\"position\":3,\"name\":\"L&rsquo;ind\u00e9pendant catalan\"}]},{\"@type\":\"WebSite\",\"@id\":\"https:\/\/www.annonces-legales.org\/blog\/#website\",\"url\":\"https:\/\/www.annonces-legales.org\/blog\/\",\"name\":\"Actualit\u00e9 des entreprises\",\"description\":\"\",\"publisher\":{\"@id\":\"https:\/\/www.annonces-legales.org\/blog\/#organization\"},\"potentialAction\":[{\"@type\":\"SearchAction\",\"target\":{\"@type\":\"EntryPoint\",\"urlTemplate\":\"https:\/\/www.annonces-legales.org\/blog\/?s={search_term_string}\"},\"query-input\":{\"@type\":\"PropertyValueSpecification\",\"valueRequired\":true,\"valueName\":\"search_term_string\"}}],\"inLanguage\":\"fr-FR\"},{\"@type\":\"Organization\",\"@id\":\"https:\/\/www.annonces-legales.org\/blog\/#organization\",\"name\":\"Actualit\u00e9 des entreprises\",\"url\":\"https:\/\/www.annonces-legales.org\/blog\/\",\"logo\":{\"@type\":\"ImageObject\",\"inLanguage\":\"fr-FR\",\"@id\":\"https:\/\/www.annonces-legales.org\/blog\/#\/schema\/logo\/image\/\",\"url\":\"https:\/\/www.annonces-legales.org\/blog\/wp-content\/uploads\/2023\/08\/annonces-legales.svg\",\"contentUrl\":\"https:\/\/www.annonces-legales.org\/blog\/wp-content\/uploads\/2023\/08\/annonces-legales.svg\",\"caption\":\"Actualit\u00e9 des entreprises\"},\"image\":{\"@id\":\"https:\/\/www.annonces-legales.org\/blog\/#\/schema\/logo\/image\/\"}}]}<\/script>\n<!-- \/ Yoast SEO plugin. -->","yoast_head_json":{"title":"L'ind\u00e9pendant catalan - Actualit\u00e9 des entreprises","robots":{"index":"index","follow":"follow","max-snippet":"max-snippet:-1","max-image-preview":"max-image-preview:large","max-video-preview":"max-video-preview:-1"},"canonical":"https:\/\/www.annonces-legales.org\/blog\/l-independant-catalan\/","og_locale":"fr_FR","og_type":"article","og_title":"L'ind\u00e9pendant catalan - Actualit\u00e9 des entreprises","og_description":"Le journal papier L&rsquo;Ind\u00e9pendant est un quotidien r\u00e9gional qui est publi\u00e9 dans les d\u00e9partements des Pyr\u00e9n\u00e9es orientales et de l&rsquo;Aude. [&hellip;]","og_url":"https:\/\/www.annonces-legales.org\/blog\/l-independant-catalan\/","og_site_name":"Actualit\u00e9 des entreprises","article_modified_time":"2022-01-26T10:55:21+00:00","og_image":[{"width":800,"height":717,"url":"https:\/\/www.annonces-legales.org\/blog\/wp-content\/uploads\/2021\/11\/imprim-ecran-independant-perpignan.png","type":"image\/png"}],"twitter_card":"summary_large_image","twitter_misc":{"Dur\u00e9e de lecture estim\u00e9e":"3 minutes"},"schema":{"@context":"https:\/\/schema.org","@graph":[{"@type":"WebPage","@id":"https:\/\/www.annonces-legales.org\/blog\/l-independant-catalan\/","url":"https:\/\/www.annonces-legales.org\/blog\/l-independant-catalan\/","name":"L'ind\u00e9pendant catalan - Actualit\u00e9 des entreprises","isPartOf":{"@id":"https:\/\/www.annonces-legales.org\/blog\/#website"},"primaryImageOfPage":{"@id":"https:\/\/www.annonces-legales.org\/blog\/l-independant-catalan\/#primaryimage"},"image":{"@id":"https:\/\/www.annonces-legales.org\/blog\/l-independant-catalan\/#primaryimage"},"thumbnailUrl":"https:\/\/www.annonces-legales.org\/blog\/wp-content\/uploads\/2021\/11\/imprim-ecran-independant-perpignan.png","datePublished":"2021-11-23T18:03:32+00:00","dateModified":"2022-01-26T10:55:21+00:00","breadcrumb":{"@id":"https:\/\/www.annonces-legales.org\/blog\/l-independant-catalan\/#breadcrumb"},"inLanguage":"fr-FR","potentialAction":[{"@type":"ReadAction","target":["https:\/\/www.annonces-legales.org\/blog\/l-independant-catalan\/"]}]},{"@type":"ImageObject","inLanguage":"fr-FR","@id":"https:\/\/www.annonces-legales.org\/blog\/l-independant-catalan\/#primaryimage","url":"https:\/\/www.annonces-legales.org\/blog\/wp-content\/uploads\/2021\/11\/imprim-ecran-independant-perpignan.png","contentUrl":"https:\/\/www.annonces-legales.org\/blog\/wp-content\/uploads\/2021\/11\/imprim-ecran-independant-perpignan.png","width":800,"height":717},{"@type":"BreadcrumbList","@id":"https:\/\/www.annonces-legales.org\/blog\/l-independant-catalan\/#breadcrumb","itemListElement":[{"@type":"ListItem","position":1,"name":"Accueil","item":"https:\/\/www.annonces-legales.org\/blog\/"},{"@type":"ListItem","position":2,"name":"Liste des journaux habilit\u00e9s \u00e0 publier des annonces l\u00e9gales","item":"https:\/\/www.annonces-legales.org\/blog\/liste-des-journaux-habilites-a-publier-des-annonces-legales\/"},{"@type":"ListItem","position":3,"name":"L&rsquo;ind\u00e9pendant catalan"}]},{"@type":"WebSite","@id":"https:\/\/www.annonces-legales.org\/blog\/#website","url":"https:\/\/www.annonces-legales.org\/blog\/","name":"Actualit\u00e9 des entreprises","description":"","publisher":{"@id":"https:\/\/www.annonces-legales.org\/blog\/#organization"},"potentialAction":[{"@type":"SearchAction","target":{"@type":"EntryPoint","urlTemplate":"https:\/\/www.annonces-legales.org\/blog\/?s={search_term_string}"},"query-input":{"@type":"PropertyValueSpecification","valueRequired":true,"valueName":"search_term_string"}}],"inLanguage":"fr-FR"},{"@type":"Organization","@id":"https:\/\/www.annonces-legales.org\/blog\/#organization","name":"Actualit\u00e9 des entreprises","url":"https:\/\/www.annonces-legales.org\/blog\/","logo":{"@type":"ImageObject","inLanguage":"fr-FR","@id":"https:\/\/www.annonces-legales.org\/blog\/#\/schema\/logo\/image\/","url":"https:\/\/www.annonces-legales.org\/blog\/wp-content\/uploads\/2023\/08\/annonces-legales.svg","contentUrl":"https:\/\/www.annonces-legales.org\/blog\/wp-content\/uploads\/2023\/08\/annonces-legales.svg","caption":"Actualit\u00e9 des entreprises"},"image":{"@id":"https:\/\/www.annonces-legales.org\/blog\/#\/schema\/logo\/image\/"}}]}},"_links":{"self":[{"href":"https:\/\/www.annonces-legales.org\/blog\/wp-json\/wp\/v2\/pages\/1533","targetHints":{"allow":["GET"]}}],"collection":[{"href":"https:\/\/www.annonces-legales.org\/blog\/wp-json\/wp\/v2\/pages"}],"about":[{"href":"https:\/\/www.annonces-legales.org\/blog\/wp-json\/wp\/v2\/types\/page"}],"author":[{"embeddable":true,"href":"https:\/\/www.annonces-legales.org\/blog\/wp-json\/wp\/v2\/users\/1"}],"replies":[{"embeddable":true,"href":"https:\/\/www.annonces-legales.org\/blog\/wp-json\/wp\/v2\/comments?post=1533"}],"version-history":[{"count":1,"href":"https:\/\/www.annonces-legales.org\/blog\/wp-json\/wp\/v2\/pages\/1533\/revisions"}],"predecessor-version":[{"id":1535,"href":"https:\/\/www.annonces-legales.org\/blog\/wp-json\/wp\/v2\/pages\/1533\/revisions\/1535"}],"up":[{"embeddable":true,"href":"https:\/\/www.annonces-legales.org\/blog\/wp-json\/wp\/v2\/pages\/351"}],"wp:attachment":[{"href":"https:\/\/www.annonces-legales.org\/blog\/wp-json\/wp\/v2\/media?parent=1533"}],"curies":[{"name":"wp","href":"https:\/\/api.w.org\/{rel}","templated":true}]}}