{"id":1536,"date":"2021-11-28T19:03:48","date_gmt":"2021-11-28T18:03:48","guid":{"rendered":"https:\/\/www.annonces-legales.org\/blog\/?page_id=1536"},"modified":"2022-01-26T12:01:11","modified_gmt":"2022-01-26T11:01:11","slug":"courrier-de-l-ouest","status":"publish","type":"page","link":"https:\/\/www.annonces-legales.org\/blog\/courrier-de-l-ouest\/","title":{"rendered":"Le Courrier de l&rsquo;Ouest"},"content":{"rendered":"<p><strong>Le Courrier de l&rsquo;Ouest<\/strong> est un quotidien qui para\u00eet chaque jour, except\u00e9 le dimanche. Il est vendu environ un euro. Il poss\u00e8de cinq \u00e9ditions:<br \/>\n\u2013 le courrier de l&rsquo;Ouest \u00e9ditions Angers<br \/>\n\u2013 le courrier de l&rsquo;Ouest \u00e9ditions Cholet<br \/>\n\u2013 le courrier de l&rsquo;Ouest \u00e9dition Deux-S\u00e8vres<br \/>\n\u2013 le courrier de l&rsquo;Ouest \u00e9ditions Nord Anjou<br \/>\n\u2013 le courrier de l&rsquo;Ouest \u00e9ditions Saumur<\/p>\n<p>Le journal publie \u00e9galement des suppl\u00e9ments : un suppl\u00e9ment loisir de d\u00e9marches, un suppl\u00e9ment sport appel\u00e9 sport ouest le lundi, un suppl\u00e9ment TV magazine ouest le samedi et enfin un suppl\u00e9ment annonce ouest le samedi.<\/p>\n<p>Les locaux de la r\u00e9daction du journal sont situ\u00e9s au 4, Boulevard Albert Blanchouin \u00e0 Angers 49000.<\/p>\n<p>&nbsp;<\/p>\n<h2>Histoire du journal Le Courrier de l&rsquo;Ouest<\/h2>\n<p>Cr\u00e9\u00e9 en 1875 ce journal quotidien s&rsquo;appelle tout d&rsquo;abord le courrier d&rsquo;Angers. Il change de nom pour devenir le petit courrier puis devient quotidien en 1889.<br \/>\nIl prend le nom \u00ab le courrier de l&rsquo;Ouest \u00bb en ao\u00fbt 1944. Le journal a lanc\u00e9 son site Internet fin 2010. Son logo a chang\u00e9 six fois depuis les ann\u00e9es 50 mais il garde toujours sa couleur rouge d&rsquo;origine.<br \/>\nCe journal appartient au groupe Ouest-France depuis 2005.<\/p>\n<p>&nbsp;<\/p>\n<h2>La pr\u00e9sence Internet du journal Le Courrier de l&rsquo;Ouest<\/h2>\n<p>Ce journal d&rsquo;Angers ne poss\u00e8de pas r\u00e9ellement de sites Internet. Il a cependant une rubrique d\u00e9di\u00e9e sur le site de Ouest-France.<br \/>\nSur cette rubrique on y retrouve toutes les informations publi\u00e9es dans le journal mais \u00e9galement d&rsquo;autres informations gratuites r\u00e9dig\u00e9e par la r\u00e9daction.<br \/>\nAvec ses articles de la r\u00e9daction du courrier de l&rsquo;Ouest, se m\u00e9langent d&rsquo;autres articles des autres journaux du groupe Ouest-France.<br \/>\nN\u00e9anmoins, les articles du journal du courrier sont distingu\u00e9s par un rond rouge avec un C blanc repr\u00e9sentant le journal.<\/p>\n<p>Le courrier de l&rsquo;Ouest poss\u00e8de aussi un compte Instagram relativement populaire avec pas loin de 6000 followers.<\/p>\n<p>&nbsp;<\/p>\n<h2>Annonce l\u00e9gale avec le journal le courrier de l&rsquo;Ouest<\/h2>\n<p>Gr\u00e2ce a ses diverses \u00e9ditions, le courrier de l&rsquo;Ouest est habilit\u00e9 \u00e0 publier des annonces l\u00e9gales dans le d\u00e9partement de Maine-et-Loire (pour l&rsquo;\u00e9dition d&rsquo;Angers) et dans le d\u00e9partement des Deux-S\u00e8vres (pour l&rsquo;\u00e9dition des Deux-S\u00e8vres).<\/p>\n<p>Vous pouvez aussi utiliser nos services pour obtenir tr\u00e8s rapidement votre avis de parution.<br \/>\n<br\/><br\/><div class=\"entry-content notopmargin\">\n\t<img decoding=\"async\" class=\"img-fluid fleft\" src=\"https:\/\/www.annonces-legales.org\/images\/rapide-economique-tout-departement.png\" alt=\"Journal d'annonce l\u00e9gale  JAL \"><a href=\"https:\/\/www.annonces-legales.org\/publication-annonce-legale.html\" class=\"button button-desc fright mtop30\"><div>Je publie<br> mon annonce<br> l\u00e9gale<\/div><span>dans un journal  JAL !<\/span><\/a>\n<\/div><div class=\"clrbth\"><\/div><br\/><br\/><\/p>\n<h2>Les offres d&rsquo;abonnement au journal le courrier de l&rsquo;Ouest<\/h2>\n<p>ce quotidien propose plusieurs formules d&rsquo;abonnement. La formule pack plus d&rsquo;un acc\u00e8s aux articles du site pour un euro par semaine. Le pacte num\u00e9rique \u00e0 9,99 \u20ac par mois proposent le journal en version num\u00e9rique avec l&rsquo;\u00e9dition du soir et toutes les archives depuis 2002.<br \/>\nLe pack famille comprend le pack num\u00e9rique ainsi que le journal livr\u00e9 chez vous pour 28,40 \u20ac par mois. Le pack famille peut \u00eatre partag\u00e9 avec quatre membres de la famille.<\/p>\n","protected":false},"excerpt":{"rendered":"<p>Le Courrier de l&rsquo;Ouest est un quotidien qui para\u00eet chaque jour, except\u00e9 le dimanche. Il est vendu environ un euro. [&hellip;]<\/p>\n","protected":false},"author":1,"featured_media":0,"parent":351,"menu_order":0,"comment_status":"closed","ping_status":"closed","template":"","meta":{"inline_featured_image":false,"footnotes":""},"class_list":["post-1536","page","type-page","status-publish","hentry"],"yoast_head":"<!-- This site is optimized with the Yoast SEO plugin v26.8 - https:\/\/yoast.com\/product\/yoast-seo-wordpress\/ -->\n<title>Le Courrier de l&#039;Ouest - Actualit\u00e9 des entreprises<\/title>\n<meta name=\"robots\" content=\"index, follow, max-snippet:-1, max-image-preview:large, max-video-preview:-1\" \/>\n<link rel=\"canonical\" href=\"https:\/\/www.annonces-legales.org\/blog\/courrier-de-l-ouest\/\" \/>\n<meta property=\"og:locale\" content=\"fr_FR\" \/>\n<meta property=\"og:type\" content=\"article\" \/>\n<meta property=\"og:title\" content=\"Le Courrier de l&#039;Ouest - Actualit\u00e9 des entreprises\" \/>\n<meta property=\"og:description\" content=\"Le Courrier de l&rsquo;Ouest est un quotidien qui para\u00eet chaque jour, except\u00e9 le dimanche. Il est vendu environ un euro. [&hellip;]\" \/>\n<meta property=\"og:url\" content=\"https:\/\/www.annonces-legales.org\/blog\/courrier-de-l-ouest\/\" \/>\n<meta property=\"og:site_name\" content=\"Actualit\u00e9 des entreprises\" \/>\n<meta property=\"article:modified_time\" content=\"2022-01-26T11:01:11+00:00\" \/>\n<meta name=\"twitter:card\" content=\"summary_large_image\" \/>\n<meta name=\"twitter:label1\" content=\"Dur\u00e9e de lecture estim\u00e9e\" \/>\n\t<meta name=\"twitter:data1\" content=\"2 minutes\" \/>\n<script type=\"application\/ld+json\" class=\"yoast-schema-graph\">{\"@context\":\"https:\/\/schema.org\",\"@graph\":[{\"@type\":\"WebPage\",\"@id\":\"https:\/\/www.annonces-legales.org\/blog\/courrier-de-l-ouest\/\",\"url\":\"https:\/\/www.annonces-legales.org\/blog\/courrier-de-l-ouest\/\",\"name\":\"Le Courrier de l'Ouest - Actualit\u00e9 des entreprises\",\"isPartOf\":{\"@id\":\"https:\/\/www.annonces-legales.org\/blog\/#website\"},\"datePublished\":\"2021-11-28T18:03:48+00:00\",\"dateModified\":\"2022-01-26T11:01:11+00:00\",\"breadcrumb\":{\"@id\":\"https:\/\/www.annonces-legales.org\/blog\/courrier-de-l-ouest\/#breadcrumb\"},\"inLanguage\":\"fr-FR\",\"potentialAction\":[{\"@type\":\"ReadAction\",\"target\":[\"https:\/\/www.annonces-legales.org\/blog\/courrier-de-l-ouest\/\"]}]},{\"@type\":\"BreadcrumbList\",\"@id\":\"https:\/\/www.annonces-legales.org\/blog\/courrier-de-l-ouest\/#breadcrumb\",\"itemListElement\":[{\"@type\":\"ListItem\",\"position\":1,\"name\":\"Accueil\",\"item\":\"https:\/\/www.annonces-legales.org\/blog\/\"},{\"@type\":\"ListItem\",\"position\":2,\"name\":\"Liste des journaux habilit\u00e9s \u00e0 publier des annonces l\u00e9gales\",\"item\":\"https:\/\/www.annonces-legales.org\/blog\/liste-des-journaux-habilites-a-publier-des-annonces-legales\/\"},{\"@type\":\"ListItem\",\"position\":3,\"name\":\"Le Courrier de l&rsquo;Ouest\"}]},{\"@type\":\"WebSite\",\"@id\":\"https:\/\/www.annonces-legales.org\/blog\/#website\",\"url\":\"https:\/\/www.annonces-legales.org\/blog\/\",\"name\":\"Actualit\u00e9 des entreprises\",\"description\":\"\",\"publisher\":{\"@id\":\"https:\/\/www.annonces-legales.org\/blog\/#organization\"},\"potentialAction\":[{\"@type\":\"SearchAction\",\"target\":{\"@type\":\"EntryPoint\",\"urlTemplate\":\"https:\/\/www.annonces-legales.org\/blog\/?s={search_term_string}\"},\"query-input\":{\"@type\":\"PropertyValueSpecification\",\"valueRequired\":true,\"valueName\":\"search_term_string\"}}],\"inLanguage\":\"fr-FR\"},{\"@type\":\"Organization\",\"@id\":\"https:\/\/www.annonces-legales.org\/blog\/#organization\",\"name\":\"Actualit\u00e9 des entreprises\",\"url\":\"https:\/\/www.annonces-legales.org\/blog\/\",\"logo\":{\"@type\":\"ImageObject\",\"inLanguage\":\"fr-FR\",\"@id\":\"https:\/\/www.annonces-legales.org\/blog\/#\/schema\/logo\/image\/\",\"url\":\"https:\/\/www.annonces-legales.org\/blog\/wp-content\/uploads\/2023\/08\/annonces-legales.svg\",\"contentUrl\":\"https:\/\/www.annonces-legales.org\/blog\/wp-content\/uploads\/2023\/08\/annonces-legales.svg\",\"caption\":\"Actualit\u00e9 des entreprises\"},\"image\":{\"@id\":\"https:\/\/www.annonces-legales.org\/blog\/#\/schema\/logo\/image\/\"}}]}<\/script>\n<!-- \/ Yoast SEO plugin. -->","yoast_head_json":{"title":"Le Courrier de l'Ouest - Actualit\u00e9 des entreprises","robots":{"index":"index","follow":"follow","max-snippet":"max-snippet:-1","max-image-preview":"max-image-preview:large","max-video-preview":"max-video-preview:-1"},"canonical":"https:\/\/www.annonces-legales.org\/blog\/courrier-de-l-ouest\/","og_locale":"fr_FR","og_type":"article","og_title":"Le Courrier de l'Ouest - Actualit\u00e9 des entreprises","og_description":"Le Courrier de l&rsquo;Ouest est un quotidien qui para\u00eet chaque jour, except\u00e9 le dimanche. Il est vendu environ un euro. [&hellip;]","og_url":"https:\/\/www.annonces-legales.org\/blog\/courrier-de-l-ouest\/","og_site_name":"Actualit\u00e9 des entreprises","article_modified_time":"2022-01-26T11:01:11+00:00","twitter_card":"summary_large_image","twitter_misc":{"Dur\u00e9e de lecture estim\u00e9e":"2 minutes"},"schema":{"@context":"https:\/\/schema.org","@graph":[{"@type":"WebPage","@id":"https:\/\/www.annonces-legales.org\/blog\/courrier-de-l-ouest\/","url":"https:\/\/www.annonces-legales.org\/blog\/courrier-de-l-ouest\/","name":"Le Courrier de l'Ouest - Actualit\u00e9 des entreprises","isPartOf":{"@id":"https:\/\/www.annonces-legales.org\/blog\/#website"},"datePublished":"2021-11-28T18:03:48+00:00","dateModified":"2022-01-26T11:01:11+00:00","breadcrumb":{"@id":"https:\/\/www.annonces-legales.org\/blog\/courrier-de-l-ouest\/#breadcrumb"},"inLanguage":"fr-FR","potentialAction":[{"@type":"ReadAction","target":["https:\/\/www.annonces-legales.org\/blog\/courrier-de-l-ouest\/"]}]},{"@type":"BreadcrumbList","@id":"https:\/\/www.annonces-legales.org\/blog\/courrier-de-l-ouest\/#breadcrumb","itemListElement":[{"@type":"ListItem","position":1,"name":"Accueil","item":"https:\/\/www.annonces-legales.org\/blog\/"},{"@type":"ListItem","position":2,"name":"Liste des journaux habilit\u00e9s \u00e0 publier des annonces l\u00e9gales","item":"https:\/\/www.annonces-legales.org\/blog\/liste-des-journaux-habilites-a-publier-des-annonces-legales\/"},{"@type":"ListItem","position":3,"name":"Le Courrier de l&rsquo;Ouest"}]},{"@type":"WebSite","@id":"https:\/\/www.annonces-legales.org\/blog\/#website","url":"https:\/\/www.annonces-legales.org\/blog\/","name":"Actualit\u00e9 des entreprises","description":"","publisher":{"@id":"https:\/\/www.annonces-legales.org\/blog\/#organization"},"potentialAction":[{"@type":"SearchAction","target":{"@type":"EntryPoint","urlTemplate":"https:\/\/www.annonces-legales.org\/blog\/?s={search_term_string}"},"query-input":{"@type":"PropertyValueSpecification","valueRequired":true,"valueName":"search_term_string"}}],"inLanguage":"fr-FR"},{"@type":"Organization","@id":"https:\/\/www.annonces-legales.org\/blog\/#organization","name":"Actualit\u00e9 des entreprises","url":"https:\/\/www.annonces-legales.org\/blog\/","logo":{"@type":"ImageObject","inLanguage":"fr-FR","@id":"https:\/\/www.annonces-legales.org\/blog\/#\/schema\/logo\/image\/","url":"https:\/\/www.annonces-legales.org\/blog\/wp-content\/uploads\/2023\/08\/annonces-legales.svg","contentUrl":"https:\/\/www.annonces-legales.org\/blog\/wp-content\/uploads\/2023\/08\/annonces-legales.svg","caption":"Actualit\u00e9 des entreprises"},"image":{"@id":"https:\/\/www.annonces-legales.org\/blog\/#\/schema\/logo\/image\/"}}]}},"_links":{"self":[{"href":"https:\/\/www.annonces-legales.org\/blog\/wp-json\/wp\/v2\/pages\/1536","targetHints":{"allow":["GET"]}}],"collection":[{"href":"https:\/\/www.annonces-legales.org\/blog\/wp-json\/wp\/v2\/pages"}],"about":[{"href":"https:\/\/www.annonces-legales.org\/blog\/wp-json\/wp\/v2\/types\/page"}],"author":[{"embeddable":true,"href":"https:\/\/www.annonces-legales.org\/blog\/wp-json\/wp\/v2\/users\/1"}],"replies":[{"embeddable":true,"href":"https:\/\/www.annonces-legales.org\/blog\/wp-json\/wp\/v2\/comments?post=1536"}],"version-history":[{"count":2,"href":"https:\/\/www.annonces-legales.org\/blog\/wp-json\/wp\/v2\/pages\/1536\/revisions"}],"predecessor-version":[{"id":2356,"href":"https:\/\/www.annonces-legales.org\/blog\/wp-json\/wp\/v2\/pages\/1536\/revisions\/2356"}],"up":[{"embeddable":true,"href":"https:\/\/www.annonces-legales.org\/blog\/wp-json\/wp\/v2\/pages\/351"}],"wp:attachment":[{"href":"https:\/\/www.annonces-legales.org\/blog\/wp-json\/wp\/v2\/media?parent=1536"}],"curies":[{"name":"wp","href":"https:\/\/api.w.org\/{rel}","templated":true}]}}