{"id":1538,"date":"2021-11-23T19:08:15","date_gmt":"2021-11-23T18:08:15","guid":{"rendered":"https:\/\/www.annonces-legales.org\/blog\/?page_id=1538"},"modified":"2022-01-26T11:57:39","modified_gmt":"2022-01-26T10:57:39","slug":"la-gazette-du-val-doise","status":"publish","type":"page","link":"https:\/\/www.annonces-legales.org\/blog\/la-gazette-du-val-doise\/","title":{"rendered":"La gazette du Val-d&rsquo;Oise"},"content":{"rendered":"<p>Cet <strong>hebdomadaire du 95<\/strong> para\u00eet chaque mercredi au prix de vente de 1,50 euros. Il poss\u00e8de une audience print d&rsquo;environ 20\u00a0000 lecteurs.<br \/>\nLe journal est diffus\u00e9 dans de nombreuses villes notamment les suivantes : Conflans, Cergy, Vigny, Beauchan, Taverny, Argenteuil, Beaumont sur Oise, Cormeilles-en-Parisis, Magny, Marines&#8230;<br \/>\nLa <strong>gazette du Val-d&rsquo;Oise<\/strong> est habilit\u00e9 \u00e0 publier des annonces l\u00e9gales dans le d\u00e9partement du Val-d&rsquo;Oise (95).<\/p>\n<p>La gazette du Val-d&rsquo;Oise ne poss\u00e8de pas de site Web. Comme tous les autres journaux du groupe publiHebdos, il a n\u00e9anmoins une page sur le site actu.fr<\/p>\n<p>&nbsp;<\/p>\n<h2>Combien co\u00fbte un abonnement \u00e0 la gazette du Val-d&rsquo;Oise ?<\/h2>\n<p>l&rsquo;abonnement 100 % num\u00e9rique est propos\u00e9 au prix de 4,40 \u20ac par mois. L&rsquo;abonnement papier est au m\u00eame prix. L&rsquo;abonnement duo qui comprend la version papier la version num\u00e9rique est factur\u00e9 4,85 \u20ac par mois.<\/p>\n<p>L&rsquo;adresse du journal est 10 places du parc aux charrettes \u00e0 Pontoise 95\u00a0300. Le journal peut \u00eatre contact\u00e9 par t\u00e9l\u00e9phone au 01 34 35 10 00<\/p>\n<p>&nbsp;<\/p>\n<h2>Historique de la gazette du Val-d&rsquo;Oise<\/h2>\n<p>Cr\u00e9\u00e9 par Ren\u00e9 Caron, le journal la gazette se rapproche tr\u00e8s rapidement d&rsquo;un autre journal du Val-d&rsquo;Oise : l&rsquo;avenir. Le journal devient l&rsquo;avenir gazette. Dans les ann\u00e9es 70, le journal est rachet\u00e9 par son concurrent principal l&rsquo;\u00e9cho le r\u00e9gional.<br \/>\nLe descendant de Ren\u00e9 Caron d\u00e9cide alors de cr\u00e9er un nouveau journal en 1975 : la gazette du Val-d&rsquo;Oise. L&rsquo;entreprise va cr\u00e9er une radio : la radio Val-d&rsquo;Oise.<br \/>\nElle va \u00e9galement cr\u00e9er un journal gratuit dans le d\u00e9partement : la gazette T\u00e9lex.<br \/>\nmalgr\u00e9 de bonnes ventes dans les ann\u00e9es 90, le journal change de propri\u00e9taire plusieurs fois passant du groupe Hersant au groupe Dassault puis PubliHebdos, l&rsquo;actuel propri\u00e9taire.<\/p>\n<p>&nbsp;<\/p>\n<h2>Publication d&rsquo;annonces l\u00e9gales dans le Val-d&rsquo;Oise (95)<\/h2>\n<p>Si vous ou votre entreprise est domicili\u00e9 dans le Val-d&rsquo;Oise, il est n\u00e9cessaire d&rsquo;utiliser les services d&rsquo;un journal habilit\u00e9 de ce d\u00e9partement, comme par exemple la gazette du Val-d&rsquo;Oise, pour faire vos annonces l\u00e9gales.<br \/>\nLa pr\u00e9fecture du Val-d&rsquo;Oise a autoris\u00e9 cinq journaux papier \u00e0 faire des annonces l\u00e9gales pour l&rsquo;ann\u00e9e 2021. Il s&rsquo;agit des titres suivants :<br \/>\n\u2013 le journal sp\u00e9cial des soci\u00e9t\u00e9s (JSS)<br \/>\n\u2013 L&rsquo;Echo R\u00e9gional<br \/>\n\u2013 Le Parisien (\u00e9ditions du Val-d&rsquo;Oise)<br \/>\n\u2013 Les Echos<br \/>\n\u2013 la gazette du Val-d&rsquo;Oise<\/p>\n<br\/><br\/><div class=\"entry-content notopmargin\">\n\t<img decoding=\"async\" class=\"img-fluid fleft\" src=\"https:\/\/www.annonces-legales.org\/images\/rapide-economique-tout-departement.png\" alt=\"Journal d'annonce l\u00e9gale  officiel \"><a href=\"https:\/\/www.annonces-legales.org\/publication-annonce-legale.html\" class=\"button button-desc fright mtop30\"><div>Je publie<br> mon annonce<br> l\u00e9gale<\/div><span>dans un journal  officiel !<\/span><\/a>\n<\/div><div class=\"clrbth\"><\/div><br\/><br\/>\n<h2><\/h2>\n<h2>Comment publier une annonce l\u00e9gale ou un avis de constitution dans le Val-d&rsquo;Oise avec notre service ?<\/h2>\n<p>Pour publier une annonce l\u00e9gale sur notre plate-forme il faut d&rsquo;abord se rendre sur la page des formulaires. Choisissez le formulaire correspondant \u00e0 votre type d&rsquo;annonce. Ensuite des informations vont vous \u00eatre demand\u00e9es dont l&rsquo;adresse de domiciliation.<br \/>\nGrace \u00e0 cette adresse, nous allons savoir dans quel d\u00e9partement il est n\u00e9cessaire que vous d\u00e9posiez une annonce l\u00e9gale. Une fois que le formulaire sera compl\u00e9t\u00e9, plusieurs journaux d&rsquo;annonce l\u00e9gale pour le Val-d&rsquo;Oise vont etre propos\u00e9s.<br \/>\nVous pourrez choisir le journal que vous souhaitez ou s\u00e9lectionner le journal le moins cher. Pour quelques euros de plus, vous pouvez demander une copie du journal qui vous sera envoy\u00e9 par courrier. Mais cela n&rsquo;est pas n\u00e9cessaire pour faire vos formalit\u00e9s, car une attestation de parution va vous \u00eatre envoy\u00e9e par voie \u00e9lectronique juste apr\u00e8s le paiement de l&rsquo;annonce.<\/p>\n","protected":false},"excerpt":{"rendered":"<p>Cet hebdomadaire du 95 para\u00eet chaque mercredi au prix de vente de 1,50 euros. Il poss\u00e8de une audience print d&rsquo;environ [&hellip;]<\/p>\n","protected":false},"author":1,"featured_media":0,"parent":351,"menu_order":0,"comment_status":"closed","ping_status":"closed","template":"","meta":{"inline_featured_image":false,"footnotes":""},"class_list":["post-1538","page","type-page","status-publish","hentry"],"yoast_head":"<!-- This site is optimized with the Yoast SEO plugin v26.8 - https:\/\/yoast.com\/product\/yoast-seo-wordpress\/ -->\n<title>La gazette du Val-d&#039;Oise - Actualit\u00e9 des entreprises<\/title>\n<meta name=\"robots\" content=\"index, follow, max-snippet:-1, max-image-preview:large, max-video-preview:-1\" \/>\n<link rel=\"canonical\" href=\"https:\/\/www.annonces-legales.org\/blog\/la-gazette-du-val-doise\/\" \/>\n<meta property=\"og:locale\" content=\"fr_FR\" \/>\n<meta property=\"og:type\" content=\"article\" \/>\n<meta property=\"og:title\" content=\"La gazette du Val-d&#039;Oise - Actualit\u00e9 des entreprises\" \/>\n<meta property=\"og:description\" content=\"Cet hebdomadaire du 95 para\u00eet chaque mercredi au prix de vente de 1,50 euros. Il poss\u00e8de une audience print d&rsquo;environ [&hellip;]\" \/>\n<meta property=\"og:url\" content=\"https:\/\/www.annonces-legales.org\/blog\/la-gazette-du-val-doise\/\" \/>\n<meta property=\"og:site_name\" content=\"Actualit\u00e9 des entreprises\" \/>\n<meta property=\"article:modified_time\" content=\"2022-01-26T10:57:39+00:00\" \/>\n<meta name=\"twitter:card\" content=\"summary_large_image\" \/>\n<meta name=\"twitter:label1\" content=\"Dur\u00e9e de lecture estim\u00e9e\" \/>\n\t<meta name=\"twitter:data1\" content=\"3 minutes\" \/>\n<script type=\"application\/ld+json\" class=\"yoast-schema-graph\">{\"@context\":\"https:\/\/schema.org\",\"@graph\":[{\"@type\":\"WebPage\",\"@id\":\"https:\/\/www.annonces-legales.org\/blog\/la-gazette-du-val-doise\/\",\"url\":\"https:\/\/www.annonces-legales.org\/blog\/la-gazette-du-val-doise\/\",\"name\":\"La gazette du Val-d'Oise - Actualit\u00e9 des entreprises\",\"isPartOf\":{\"@id\":\"https:\/\/www.annonces-legales.org\/blog\/#website\"},\"datePublished\":\"2021-11-23T18:08:15+00:00\",\"dateModified\":\"2022-01-26T10:57:39+00:00\",\"breadcrumb\":{\"@id\":\"https:\/\/www.annonces-legales.org\/blog\/la-gazette-du-val-doise\/#breadcrumb\"},\"inLanguage\":\"fr-FR\",\"potentialAction\":[{\"@type\":\"ReadAction\",\"target\":[\"https:\/\/www.annonces-legales.org\/blog\/la-gazette-du-val-doise\/\"]}]},{\"@type\":\"BreadcrumbList\",\"@id\":\"https:\/\/www.annonces-legales.org\/blog\/la-gazette-du-val-doise\/#breadcrumb\",\"itemListElement\":[{\"@type\":\"ListItem\",\"position\":1,\"name\":\"Accueil\",\"item\":\"https:\/\/www.annonces-legales.org\/blog\/\"},{\"@type\":\"ListItem\",\"position\":2,\"name\":\"Liste des journaux habilit\u00e9s \u00e0 publier des annonces l\u00e9gales\",\"item\":\"https:\/\/www.annonces-legales.org\/blog\/liste-des-journaux-habilites-a-publier-des-annonces-legales\/\"},{\"@type\":\"ListItem\",\"position\":3,\"name\":\"La gazette du Val-d&rsquo;Oise\"}]},{\"@type\":\"WebSite\",\"@id\":\"https:\/\/www.annonces-legales.org\/blog\/#website\",\"url\":\"https:\/\/www.annonces-legales.org\/blog\/\",\"name\":\"Actualit\u00e9 des entreprises\",\"description\":\"\",\"publisher\":{\"@id\":\"https:\/\/www.annonces-legales.org\/blog\/#organization\"},\"potentialAction\":[{\"@type\":\"SearchAction\",\"target\":{\"@type\":\"EntryPoint\",\"urlTemplate\":\"https:\/\/www.annonces-legales.org\/blog\/?s={search_term_string}\"},\"query-input\":{\"@type\":\"PropertyValueSpecification\",\"valueRequired\":true,\"valueName\":\"search_term_string\"}}],\"inLanguage\":\"fr-FR\"},{\"@type\":\"Organization\",\"@id\":\"https:\/\/www.annonces-legales.org\/blog\/#organization\",\"name\":\"Actualit\u00e9 des entreprises\",\"url\":\"https:\/\/www.annonces-legales.org\/blog\/\",\"logo\":{\"@type\":\"ImageObject\",\"inLanguage\":\"fr-FR\",\"@id\":\"https:\/\/www.annonces-legales.org\/blog\/#\/schema\/logo\/image\/\",\"url\":\"https:\/\/www.annonces-legales.org\/blog\/wp-content\/uploads\/2023\/08\/annonces-legales.svg\",\"contentUrl\":\"https:\/\/www.annonces-legales.org\/blog\/wp-content\/uploads\/2023\/08\/annonces-legales.svg\",\"caption\":\"Actualit\u00e9 des entreprises\"},\"image\":{\"@id\":\"https:\/\/www.annonces-legales.org\/blog\/#\/schema\/logo\/image\/\"}}]}<\/script>\n<!-- \/ Yoast SEO plugin. -->","yoast_head_json":{"title":"La gazette du Val-d'Oise - Actualit\u00e9 des entreprises","robots":{"index":"index","follow":"follow","max-snippet":"max-snippet:-1","max-image-preview":"max-image-preview:large","max-video-preview":"max-video-preview:-1"},"canonical":"https:\/\/www.annonces-legales.org\/blog\/la-gazette-du-val-doise\/","og_locale":"fr_FR","og_type":"article","og_title":"La gazette du Val-d'Oise - Actualit\u00e9 des entreprises","og_description":"Cet hebdomadaire du 95 para\u00eet chaque mercredi au prix de vente de 1,50 euros. Il poss\u00e8de une audience print d&rsquo;environ [&hellip;]","og_url":"https:\/\/www.annonces-legales.org\/blog\/la-gazette-du-val-doise\/","og_site_name":"Actualit\u00e9 des entreprises","article_modified_time":"2022-01-26T10:57:39+00:00","twitter_card":"summary_large_image","twitter_misc":{"Dur\u00e9e de lecture estim\u00e9e":"3 minutes"},"schema":{"@context":"https:\/\/schema.org","@graph":[{"@type":"WebPage","@id":"https:\/\/www.annonces-legales.org\/blog\/la-gazette-du-val-doise\/","url":"https:\/\/www.annonces-legales.org\/blog\/la-gazette-du-val-doise\/","name":"La gazette du Val-d'Oise - Actualit\u00e9 des entreprises","isPartOf":{"@id":"https:\/\/www.annonces-legales.org\/blog\/#website"},"datePublished":"2021-11-23T18:08:15+00:00","dateModified":"2022-01-26T10:57:39+00:00","breadcrumb":{"@id":"https:\/\/www.annonces-legales.org\/blog\/la-gazette-du-val-doise\/#breadcrumb"},"inLanguage":"fr-FR","potentialAction":[{"@type":"ReadAction","target":["https:\/\/www.annonces-legales.org\/blog\/la-gazette-du-val-doise\/"]}]},{"@type":"BreadcrumbList","@id":"https:\/\/www.annonces-legales.org\/blog\/la-gazette-du-val-doise\/#breadcrumb","itemListElement":[{"@type":"ListItem","position":1,"name":"Accueil","item":"https:\/\/www.annonces-legales.org\/blog\/"},{"@type":"ListItem","position":2,"name":"Liste des journaux habilit\u00e9s \u00e0 publier des annonces l\u00e9gales","item":"https:\/\/www.annonces-legales.org\/blog\/liste-des-journaux-habilites-a-publier-des-annonces-legales\/"},{"@type":"ListItem","position":3,"name":"La gazette du Val-d&rsquo;Oise"}]},{"@type":"WebSite","@id":"https:\/\/www.annonces-legales.org\/blog\/#website","url":"https:\/\/www.annonces-legales.org\/blog\/","name":"Actualit\u00e9 des entreprises","description":"","publisher":{"@id":"https:\/\/www.annonces-legales.org\/blog\/#organization"},"potentialAction":[{"@type":"SearchAction","target":{"@type":"EntryPoint","urlTemplate":"https:\/\/www.annonces-legales.org\/blog\/?s={search_term_string}"},"query-input":{"@type":"PropertyValueSpecification","valueRequired":true,"valueName":"search_term_string"}}],"inLanguage":"fr-FR"},{"@type":"Organization","@id":"https:\/\/www.annonces-legales.org\/blog\/#organization","name":"Actualit\u00e9 des entreprises","url":"https:\/\/www.annonces-legales.org\/blog\/","logo":{"@type":"ImageObject","inLanguage":"fr-FR","@id":"https:\/\/www.annonces-legales.org\/blog\/#\/schema\/logo\/image\/","url":"https:\/\/www.annonces-legales.org\/blog\/wp-content\/uploads\/2023\/08\/annonces-legales.svg","contentUrl":"https:\/\/www.annonces-legales.org\/blog\/wp-content\/uploads\/2023\/08\/annonces-legales.svg","caption":"Actualit\u00e9 des entreprises"},"image":{"@id":"https:\/\/www.annonces-legales.org\/blog\/#\/schema\/logo\/image\/"}}]}},"_links":{"self":[{"href":"https:\/\/www.annonces-legales.org\/blog\/wp-json\/wp\/v2\/pages\/1538","targetHints":{"allow":["GET"]}}],"collection":[{"href":"https:\/\/www.annonces-legales.org\/blog\/wp-json\/wp\/v2\/pages"}],"about":[{"href":"https:\/\/www.annonces-legales.org\/blog\/wp-json\/wp\/v2\/types\/page"}],"author":[{"embeddable":true,"href":"https:\/\/www.annonces-legales.org\/blog\/wp-json\/wp\/v2\/users\/1"}],"replies":[{"embeddable":true,"href":"https:\/\/www.annonces-legales.org\/blog\/wp-json\/wp\/v2\/comments?post=1538"}],"version-history":[{"count":2,"href":"https:\/\/www.annonces-legales.org\/blog\/wp-json\/wp\/v2\/pages\/1538\/revisions"}],"predecessor-version":[{"id":2353,"href":"https:\/\/www.annonces-legales.org\/blog\/wp-json\/wp\/v2\/pages\/1538\/revisions\/2353"}],"up":[{"embeddable":true,"href":"https:\/\/www.annonces-legales.org\/blog\/wp-json\/wp\/v2\/pages\/351"}],"wp:attachment":[{"href":"https:\/\/www.annonces-legales.org\/blog\/wp-json\/wp\/v2\/media?parent=1538"}],"curies":[{"name":"wp","href":"https:\/\/api.w.org\/{rel}","templated":true}]}}