{"id":1540,"date":"2021-12-10T19:08:27","date_gmt":"2021-12-10T18:08:27","guid":{"rendered":"https:\/\/www.annonces-legales.org\/blog\/?page_id=1540"},"modified":"2022-01-26T12:12:47","modified_gmt":"2022-01-26T11:12:47","slug":"presse-ocean","status":"publish","type":"page","link":"https:\/\/www.annonces-legales.org\/blog\/presse-ocean\/","title":{"rendered":"Presse Oc\u00e9an"},"content":{"rendered":"<p>Le <strong>journal Presse Oc\u00e9an<\/strong> para\u00eet chaque jour sauf le dimanche. il est vendu 1,05 euro. Il poss\u00e8de deux \u00e9ditions : l&rsquo;\u00e9dition Nantes m\u00e9tropole, Nord et Sud et l&rsquo;\u00e9dition Saint-Nazaire Presqu&rsquo;\u00eele.<\/p>\n<p>Ce journal est habilit\u00e9 pour publier des annonces l\u00e9gales dans le d\u00e9partement de Loire-Atlantique.<\/p>\n<p>Les bureaux de la r\u00e9daction du journal se trouvent au 15 rue D\u00e9houlli\u00e8res \u00e0 Nantes 44\u00a0000.<\/p>\n<h2>Abonnement au journal presse Oc\u00e9an<\/h2>\n<p>Il existe trois offres d&rsquo;abonnement au journal :<br \/>\n\u2013 l&rsquo;abonnement plus qui permet de lire les articles sur le site pour un euro par semaine<br \/>\n\u2013 l&rsquo;abonnement num\u00e9rique qui co\u00fbte 9,99 \u20ac par mois permet de lire des articles sur le site et de recevoir les deux \u00e9ditions locales, \u00e9ditions du soir. Cet abonnement permet \u00e9galement de consulter les archives du journal.<br \/>\n\u2013 l&rsquo;abonnement famille qui comprend l&rsquo;abonnement num\u00e9rique et la livraison du journal \u00e0 votre adresse pour 28,40 \u20ac par mois<\/p>\n<p>&nbsp;<\/p>\n<h2>Histoire du journal<\/h2>\n<p>Le journal a \u00e9t\u00e9 cr\u00e9\u00e9 en 1819 sous l&rsquo;appellation \u00ab l&rsquo;ami de la charte\u00a0\u00bb. il change de nom en 1837 pour devenir le national de l&rsquo;Ouest. Le journal est suspendu en 1851 apr\u00e8s la prise de pouvoir de Napol\u00e9on Bonaparte.<br \/>\nLe journal r\u00e9appara\u00eet en janvier 1852 sous le nom le phare de la Loire. Dans les ann\u00e9es 1890, le journal change une nouvelle fois de nom et devient tout simplement \u00ab le phare \u00bb.<br \/>\nComme le journal va continuer de para\u00eetre durant l&rsquo;occupation allemande, il est retir\u00e9 de la vente.<br \/>\nLe journal est alors pris en main par le comit\u00e9 d\u00e9partemental de lib\u00e9ration. Ce comit\u00e9 r\u00e9quisitionne tous les biens du journal pour cr\u00e9er un nouveau journal : la r\u00e9sistance de l&rsquo;Ouest.<\/p>\n<p>C&rsquo;est en 1960 que le journal prend son nom d\u00e9finitif \u00ab\u00a0Presse Oc\u00e9an\u00a0\u00bb. C&rsquo;est l&rsquo;un des quotidiens fran\u00e7ais les plus anciens. Victor Hugo aurait \u00e9t\u00e9 abonn\u00e9 au journal qui avait au XIXe si\u00e8cle une importance nationale.<\/p>\n<h2>Comment publier des annonces l\u00e9gales en Loire-Atlantique ?<\/h2>\n<br\/><br\/><div class=\"entry-content notopmargin\">\n\t<img decoding=\"async\" class=\"img-fluid fleft\" src=\"https:\/\/www.annonces-legales.org\/images\/rapide-economique-tout-departement.png\" alt=\"Journal d'annonce l\u00e9gale  de Loire Atlantique \"><a href=\"https:\/\/www.annonces-legales.org\/publication-annonce-legale.html\" class=\"button button-desc fright mtop30\"><div>Je publie<br> mon annonce<br> l\u00e9gale<\/div><span>dans un journal  de Loire Atlantique !<\/span><\/a>\n<\/div><div class=\"clrbth\"><\/div><br\/><br\/>\n<p>Pour diffuser une annonce l\u00e9gale dans le d\u00e9partement de Loire-Atlantique, il est important d&rsquo;utiliser un journal a re\u00e7u l&rsquo;habilitation de la pr\u00e9fecture de Loire-Atlantique.<br \/>\nDe nombreux journaux ont re\u00e7u cette habilitation pour ce d\u00e9partement.<\/p>\n<p>On trouve le journal presse Oc\u00e9an mais \u00e9galement le journal l&rsquo;informateur judiciaire, le journal Ouest-France (\u00e9dition Loire-Atlantique), l&rsquo;<a href=\"https:\/\/www.annonces-legales.org\/blog\/l-echo-dancenis-et-du-vignoble\/\">\u00e9cho d&rsquo;Ancenis et du vignoble<\/a>, L&rsquo;\u00e9cho de la presqu&rsquo;\u00eele gu\u00e9randaise et de Saint-Nazaire, <a href=\"https:\/\/www.annonces-legales.org\/blog\/le-courrier-du-pays-de-retz\/\">le courrier du pays de Retz<\/a>, le moniteur des b\u00e2timents et travaux publics, <a href=\"https:\/\/www.annonces-legales.org\/blog\/les-infos-de-redon-et-de-ploermel\/\">les infos de Redon et de Plo\u00ebrmel<\/a>, l&rsquo;Hebdo de S\u00e8vre et Maine, <a href=\"https:\/\/www.annonces-legales.org\/blog\/leclaireur-de-chateaubriand\/\">L&rsquo;\u00e9claireur de Chateaubriand<\/a>, L&rsquo;\u00e9cho de l&rsquo;Ouest, Loire-Atlantique agricole.<\/p>\n","protected":false},"excerpt":{"rendered":"<p>Le journal Presse Oc\u00e9an para\u00eet chaque jour sauf le dimanche. il est vendu 1,05 euro. Il poss\u00e8de deux \u00e9ditions : [&hellip;]<\/p>\n","protected":false},"author":1,"featured_media":0,"parent":351,"menu_order":0,"comment_status":"closed","ping_status":"closed","template":"","meta":{"inline_featured_image":false,"footnotes":""},"class_list":["post-1540","page","type-page","status-publish","hentry"],"yoast_head":"<!-- This site is optimized with the Yoast SEO plugin v26.8 - https:\/\/yoast.com\/product\/yoast-seo-wordpress\/ -->\n<title>Presse Oc\u00e9an - Actualit\u00e9 des entreprises<\/title>\n<meta name=\"robots\" content=\"index, follow, max-snippet:-1, max-image-preview:large, max-video-preview:-1\" \/>\n<link rel=\"canonical\" href=\"https:\/\/www.annonces-legales.org\/blog\/presse-ocean\/\" \/>\n<meta property=\"og:locale\" content=\"fr_FR\" \/>\n<meta property=\"og:type\" content=\"article\" \/>\n<meta property=\"og:title\" content=\"Presse Oc\u00e9an - Actualit\u00e9 des entreprises\" \/>\n<meta property=\"og:description\" content=\"Le journal Presse Oc\u00e9an para\u00eet chaque jour sauf le dimanche. il est vendu 1,05 euro. Il poss\u00e8de deux \u00e9ditions : [&hellip;]\" \/>\n<meta property=\"og:url\" content=\"https:\/\/www.annonces-legales.org\/blog\/presse-ocean\/\" \/>\n<meta property=\"og:site_name\" content=\"Actualit\u00e9 des entreprises\" \/>\n<meta property=\"article:modified_time\" content=\"2022-01-26T11:12:47+00:00\" \/>\n<meta name=\"twitter:card\" content=\"summary_large_image\" \/>\n<meta name=\"twitter:label1\" content=\"Dur\u00e9e de lecture estim\u00e9e\" \/>\n\t<meta name=\"twitter:data1\" content=\"2 minutes\" \/>\n<script type=\"application\/ld+json\" class=\"yoast-schema-graph\">{\"@context\":\"https:\/\/schema.org\",\"@graph\":[{\"@type\":\"WebPage\",\"@id\":\"https:\/\/www.annonces-legales.org\/blog\/presse-ocean\/\",\"url\":\"https:\/\/www.annonces-legales.org\/blog\/presse-ocean\/\",\"name\":\"Presse Oc\u00e9an - Actualit\u00e9 des entreprises\",\"isPartOf\":{\"@id\":\"https:\/\/www.annonces-legales.org\/blog\/#website\"},\"datePublished\":\"2021-12-10T18:08:27+00:00\",\"dateModified\":\"2022-01-26T11:12:47+00:00\",\"breadcrumb\":{\"@id\":\"https:\/\/www.annonces-legales.org\/blog\/presse-ocean\/#breadcrumb\"},\"inLanguage\":\"fr-FR\",\"potentialAction\":[{\"@type\":\"ReadAction\",\"target\":[\"https:\/\/www.annonces-legales.org\/blog\/presse-ocean\/\"]}]},{\"@type\":\"BreadcrumbList\",\"@id\":\"https:\/\/www.annonces-legales.org\/blog\/presse-ocean\/#breadcrumb\",\"itemListElement\":[{\"@type\":\"ListItem\",\"position\":1,\"name\":\"Accueil\",\"item\":\"https:\/\/www.annonces-legales.org\/blog\/\"},{\"@type\":\"ListItem\",\"position\":2,\"name\":\"Liste des journaux habilit\u00e9s \u00e0 publier des annonces l\u00e9gales\",\"item\":\"https:\/\/www.annonces-legales.org\/blog\/liste-des-journaux-habilites-a-publier-des-annonces-legales\/\"},{\"@type\":\"ListItem\",\"position\":3,\"name\":\"Presse Oc\u00e9an\"}]},{\"@type\":\"WebSite\",\"@id\":\"https:\/\/www.annonces-legales.org\/blog\/#website\",\"url\":\"https:\/\/www.annonces-legales.org\/blog\/\",\"name\":\"Actualit\u00e9 des entreprises\",\"description\":\"\",\"publisher\":{\"@id\":\"https:\/\/www.annonces-legales.org\/blog\/#organization\"},\"potentialAction\":[{\"@type\":\"SearchAction\",\"target\":{\"@type\":\"EntryPoint\",\"urlTemplate\":\"https:\/\/www.annonces-legales.org\/blog\/?s={search_term_string}\"},\"query-input\":{\"@type\":\"PropertyValueSpecification\",\"valueRequired\":true,\"valueName\":\"search_term_string\"}}],\"inLanguage\":\"fr-FR\"},{\"@type\":\"Organization\",\"@id\":\"https:\/\/www.annonces-legales.org\/blog\/#organization\",\"name\":\"Actualit\u00e9 des entreprises\",\"url\":\"https:\/\/www.annonces-legales.org\/blog\/\",\"logo\":{\"@type\":\"ImageObject\",\"inLanguage\":\"fr-FR\",\"@id\":\"https:\/\/www.annonces-legales.org\/blog\/#\/schema\/logo\/image\/\",\"url\":\"https:\/\/www.annonces-legales.org\/blog\/wp-content\/uploads\/2023\/08\/annonces-legales.svg\",\"contentUrl\":\"https:\/\/www.annonces-legales.org\/blog\/wp-content\/uploads\/2023\/08\/annonces-legales.svg\",\"caption\":\"Actualit\u00e9 des entreprises\"},\"image\":{\"@id\":\"https:\/\/www.annonces-legales.org\/blog\/#\/schema\/logo\/image\/\"}}]}<\/script>\n<!-- \/ Yoast SEO plugin. -->","yoast_head_json":{"title":"Presse Oc\u00e9an - Actualit\u00e9 des entreprises","robots":{"index":"index","follow":"follow","max-snippet":"max-snippet:-1","max-image-preview":"max-image-preview:large","max-video-preview":"max-video-preview:-1"},"canonical":"https:\/\/www.annonces-legales.org\/blog\/presse-ocean\/","og_locale":"fr_FR","og_type":"article","og_title":"Presse Oc\u00e9an - Actualit\u00e9 des entreprises","og_description":"Le journal Presse Oc\u00e9an para\u00eet chaque jour sauf le dimanche. il est vendu 1,05 euro. Il poss\u00e8de deux \u00e9ditions : [&hellip;]","og_url":"https:\/\/www.annonces-legales.org\/blog\/presse-ocean\/","og_site_name":"Actualit\u00e9 des entreprises","article_modified_time":"2022-01-26T11:12:47+00:00","twitter_card":"summary_large_image","twitter_misc":{"Dur\u00e9e de lecture estim\u00e9e":"2 minutes"},"schema":{"@context":"https:\/\/schema.org","@graph":[{"@type":"WebPage","@id":"https:\/\/www.annonces-legales.org\/blog\/presse-ocean\/","url":"https:\/\/www.annonces-legales.org\/blog\/presse-ocean\/","name":"Presse Oc\u00e9an - Actualit\u00e9 des entreprises","isPartOf":{"@id":"https:\/\/www.annonces-legales.org\/blog\/#website"},"datePublished":"2021-12-10T18:08:27+00:00","dateModified":"2022-01-26T11:12:47+00:00","breadcrumb":{"@id":"https:\/\/www.annonces-legales.org\/blog\/presse-ocean\/#breadcrumb"},"inLanguage":"fr-FR","potentialAction":[{"@type":"ReadAction","target":["https:\/\/www.annonces-legales.org\/blog\/presse-ocean\/"]}]},{"@type":"BreadcrumbList","@id":"https:\/\/www.annonces-legales.org\/blog\/presse-ocean\/#breadcrumb","itemListElement":[{"@type":"ListItem","position":1,"name":"Accueil","item":"https:\/\/www.annonces-legales.org\/blog\/"},{"@type":"ListItem","position":2,"name":"Liste des journaux habilit\u00e9s \u00e0 publier des annonces l\u00e9gales","item":"https:\/\/www.annonces-legales.org\/blog\/liste-des-journaux-habilites-a-publier-des-annonces-legales\/"},{"@type":"ListItem","position":3,"name":"Presse Oc\u00e9an"}]},{"@type":"WebSite","@id":"https:\/\/www.annonces-legales.org\/blog\/#website","url":"https:\/\/www.annonces-legales.org\/blog\/","name":"Actualit\u00e9 des entreprises","description":"","publisher":{"@id":"https:\/\/www.annonces-legales.org\/blog\/#organization"},"potentialAction":[{"@type":"SearchAction","target":{"@type":"EntryPoint","urlTemplate":"https:\/\/www.annonces-legales.org\/blog\/?s={search_term_string}"},"query-input":{"@type":"PropertyValueSpecification","valueRequired":true,"valueName":"search_term_string"}}],"inLanguage":"fr-FR"},{"@type":"Organization","@id":"https:\/\/www.annonces-legales.org\/blog\/#organization","name":"Actualit\u00e9 des entreprises","url":"https:\/\/www.annonces-legales.org\/blog\/","logo":{"@type":"ImageObject","inLanguage":"fr-FR","@id":"https:\/\/www.annonces-legales.org\/blog\/#\/schema\/logo\/image\/","url":"https:\/\/www.annonces-legales.org\/blog\/wp-content\/uploads\/2023\/08\/annonces-legales.svg","contentUrl":"https:\/\/www.annonces-legales.org\/blog\/wp-content\/uploads\/2023\/08\/annonces-legales.svg","caption":"Actualit\u00e9 des entreprises"},"image":{"@id":"https:\/\/www.annonces-legales.org\/blog\/#\/schema\/logo\/image\/"}}]}},"_links":{"self":[{"href":"https:\/\/www.annonces-legales.org\/blog\/wp-json\/wp\/v2\/pages\/1540","targetHints":{"allow":["GET"]}}],"collection":[{"href":"https:\/\/www.annonces-legales.org\/blog\/wp-json\/wp\/v2\/pages"}],"about":[{"href":"https:\/\/www.annonces-legales.org\/blog\/wp-json\/wp\/v2\/types\/page"}],"author":[{"embeddable":true,"href":"https:\/\/www.annonces-legales.org\/blog\/wp-json\/wp\/v2\/users\/1"}],"replies":[{"embeddable":true,"href":"https:\/\/www.annonces-legales.org\/blog\/wp-json\/wp\/v2\/comments?post=1540"}],"version-history":[{"count":2,"href":"https:\/\/www.annonces-legales.org\/blog\/wp-json\/wp\/v2\/pages\/1540\/revisions"}],"predecessor-version":[{"id":2362,"href":"https:\/\/www.annonces-legales.org\/blog\/wp-json\/wp\/v2\/pages\/1540\/revisions\/2362"}],"up":[{"embeddable":true,"href":"https:\/\/www.annonces-legales.org\/blog\/wp-json\/wp\/v2\/pages\/351"}],"wp:attachment":[{"href":"https:\/\/www.annonces-legales.org\/blog\/wp-json\/wp\/v2\/media?parent=1540"}],"curies":[{"name":"wp","href":"https:\/\/api.w.org\/{rel}","templated":true}]}}