{"id":1542,"date":"2021-11-23T19:13:29","date_gmt":"2021-11-23T18:13:29","guid":{"rendered":"https:\/\/www.annonces-legales.org\/blog\/?page_id=1542"},"modified":"2022-01-26T11:31:04","modified_gmt":"2022-01-26T10:31:04","slug":"yonne-republicaine","status":"publish","type":"page","link":"https:\/\/www.annonces-legales.org\/blog\/yonne-republicaine\/","title":{"rendered":"Yonne R\u00e9publicaine"},"content":{"rendered":"<p>L&rsquo;<strong>Yonne R\u00e9publicaine<\/strong> para\u00eet tous les jours saufs le dimanche. Il est vendu au prix de 1,30 euro. Le journal poss\u00e8de une seule et unique \u00e9dition.<\/p>\n<p>Adresse du journal : 30, Avenue Jean Mermoz \u00e0 Auxerre 89\u00a0000.<br \/>\nT\u00e9l\u00e9phone : 03 86 49 52 00.<\/p>\n<p>Ce journal poss\u00e8de l&rsquo;habilitation de la <strong>pr\u00e9fecture de l&rsquo;Yonne<\/strong> pour publier des annonces l\u00e9gales et des avis de constitution.<\/p>\n<p>&nbsp;<\/p>\n<h2>\u00c0 propos de L&rsquo;Yonne R\u00e9publicaine<\/h2>\n<p>Ce quotidien fran\u00e7ais a \u00e9t\u00e9 cr\u00e9\u00e9 suite \u00e0 la lib\u00e9ration, apr\u00e8s la deuxi\u00e8me guerre mondiale. Le premier num\u00e9ro est publi\u00e9 les 26 co\u00fbte 1944.<br \/>\nLe journal est tout d&rsquo;abord dirig\u00e9 par une soci\u00e9t\u00e9 coop\u00e9rative ouvri\u00e8re de production. Il perd ce statut particulier en 2008 lorsqu&rsquo;il est vendu au groupe de presse <strong>Centre France<\/strong>.<br \/>\nLe journal est d\u00e9sormais la propri\u00e9t\u00e9 d&rsquo;une soci\u00e9t\u00e9 anonyme. Le journal poss\u00e8de une audience d&rsquo;environ 100\u00a0000 lecteurs pour environ 24\u00a0000 exemplaires vendus chaque jour.<\/p>\n<p>&nbsp;<\/p>\n<h2>Publier une annonce l\u00e9gale dans le d\u00e9partement de l&rsquo;Yonne (89)<\/h2>\n<p>Les individus et entreprises icaunais et icaunaises ont l&rsquo;obligation d&rsquo;utiliser un journal d&rsquo;annonce l\u00e9gale (JAL) du d\u00e9partement de l&rsquo;Yonne pour diffuser leurs annonces l\u00e9gales.<br \/>\nSeuls les journaux papier qui ont obtenu une habilitation de la pr\u00e9fecture de l&rsquo;Yonne peuvent publier des annonces l\u00e9gales pour ce d\u00e9partement.<br \/>\nSur annonces-legales.org, nous proposons le choix du journal de publication pour chaque d\u00e9partement (le nombre de journal propos\u00e9 peut varier selon le d\u00e9partement).<br \/>\nPour obtenir un devis imm\u00e9diat pour la publication d&rsquo;une annonce dans l&rsquo;Yonne, il suffit de cliquer ci-dessous et de remplir le formulaire.<br \/>\nVous pourrez ensuite voir nos journaux partenaires pour le d\u00e9partement 89, et le prix qu&rsquo;ils proposent pour la publication de votre annonce l\u00e9gale.<\/p>\n<br\/><br\/><div class=\"entry-content notopmargin\">\n\t<img decoding=\"async\" class=\"img-fluid fleft\" src=\"https:\/\/www.annonces-legales.org\/images\/rapide-economique-tout-departement.png\" alt=\"Journal d'annonce l\u00e9gale  JAL du 89 \"><a href=\"https:\/\/www.annonces-legales.org\/publication-annonce-legale.html\" class=\"button button-desc fright mtop30\"><div>Je publie<br> mon annonce<br> l\u00e9gale<\/div><span>dans un journal  JAL du 89 !<\/span><\/a>\n<\/div><div class=\"clrbth\"><\/div><br\/><br\/>\n","protected":false},"excerpt":{"rendered":"<p>L&rsquo;Yonne R\u00e9publicaine para\u00eet tous les jours saufs le dimanche. Il est vendu au prix de 1,30 euro. Le journal poss\u00e8de [&hellip;]<\/p>\n","protected":false},"author":1,"featured_media":0,"parent":351,"menu_order":0,"comment_status":"closed","ping_status":"closed","template":"","meta":{"inline_featured_image":false,"footnotes":""},"class_list":["post-1542","page","type-page","status-publish","hentry"],"yoast_head":"<!-- This site is optimized with the Yoast SEO plugin v26.8 - https:\/\/yoast.com\/product\/yoast-seo-wordpress\/ -->\n<title>Yonne R\u00e9publicaine - Actualit\u00e9 des entreprises<\/title>\n<meta name=\"robots\" content=\"index, follow, max-snippet:-1, max-image-preview:large, max-video-preview:-1\" \/>\n<link rel=\"canonical\" href=\"https:\/\/www.annonces-legales.org\/blog\/yonne-republicaine\/\" \/>\n<meta property=\"og:locale\" content=\"fr_FR\" \/>\n<meta property=\"og:type\" content=\"article\" \/>\n<meta property=\"og:title\" content=\"Yonne R\u00e9publicaine - Actualit\u00e9 des entreprises\" \/>\n<meta property=\"og:description\" content=\"L&rsquo;Yonne R\u00e9publicaine para\u00eet tous les jours saufs le dimanche. Il est vendu au prix de 1,30 euro. Le journal poss\u00e8de [&hellip;]\" \/>\n<meta property=\"og:url\" content=\"https:\/\/www.annonces-legales.org\/blog\/yonne-republicaine\/\" \/>\n<meta property=\"og:site_name\" content=\"Actualit\u00e9 des entreprises\" \/>\n<meta property=\"article:modified_time\" content=\"2022-01-26T10:31:04+00:00\" \/>\n<meta name=\"twitter:card\" content=\"summary_large_image\" \/>\n<meta name=\"twitter:label1\" content=\"Dur\u00e9e de lecture estim\u00e9e\" \/>\n\t<meta name=\"twitter:data1\" content=\"1 minute\" \/>\n<script type=\"application\/ld+json\" class=\"yoast-schema-graph\">{\"@context\":\"https:\/\/schema.org\",\"@graph\":[{\"@type\":\"WebPage\",\"@id\":\"https:\/\/www.annonces-legales.org\/blog\/yonne-republicaine\/\",\"url\":\"https:\/\/www.annonces-legales.org\/blog\/yonne-republicaine\/\",\"name\":\"Yonne R\u00e9publicaine - Actualit\u00e9 des entreprises\",\"isPartOf\":{\"@id\":\"https:\/\/www.annonces-legales.org\/blog\/#website\"},\"datePublished\":\"2021-11-23T18:13:29+00:00\",\"dateModified\":\"2022-01-26T10:31:04+00:00\",\"breadcrumb\":{\"@id\":\"https:\/\/www.annonces-legales.org\/blog\/yonne-republicaine\/#breadcrumb\"},\"inLanguage\":\"fr-FR\",\"potentialAction\":[{\"@type\":\"ReadAction\",\"target\":[\"https:\/\/www.annonces-legales.org\/blog\/yonne-republicaine\/\"]}]},{\"@type\":\"BreadcrumbList\",\"@id\":\"https:\/\/www.annonces-legales.org\/blog\/yonne-republicaine\/#breadcrumb\",\"itemListElement\":[{\"@type\":\"ListItem\",\"position\":1,\"name\":\"Accueil\",\"item\":\"https:\/\/www.annonces-legales.org\/blog\/\"},{\"@type\":\"ListItem\",\"position\":2,\"name\":\"Liste des journaux habilit\u00e9s \u00e0 publier des annonces l\u00e9gales\",\"item\":\"https:\/\/www.annonces-legales.org\/blog\/liste-des-journaux-habilites-a-publier-des-annonces-legales\/\"},{\"@type\":\"ListItem\",\"position\":3,\"name\":\"Yonne R\u00e9publicaine\"}]},{\"@type\":\"WebSite\",\"@id\":\"https:\/\/www.annonces-legales.org\/blog\/#website\",\"url\":\"https:\/\/www.annonces-legales.org\/blog\/\",\"name\":\"Actualit\u00e9 des entreprises\",\"description\":\"\",\"publisher\":{\"@id\":\"https:\/\/www.annonces-legales.org\/blog\/#organization\"},\"potentialAction\":[{\"@type\":\"SearchAction\",\"target\":{\"@type\":\"EntryPoint\",\"urlTemplate\":\"https:\/\/www.annonces-legales.org\/blog\/?s={search_term_string}\"},\"query-input\":{\"@type\":\"PropertyValueSpecification\",\"valueRequired\":true,\"valueName\":\"search_term_string\"}}],\"inLanguage\":\"fr-FR\"},{\"@type\":\"Organization\",\"@id\":\"https:\/\/www.annonces-legales.org\/blog\/#organization\",\"name\":\"Actualit\u00e9 des entreprises\",\"url\":\"https:\/\/www.annonces-legales.org\/blog\/\",\"logo\":{\"@type\":\"ImageObject\",\"inLanguage\":\"fr-FR\",\"@id\":\"https:\/\/www.annonces-legales.org\/blog\/#\/schema\/logo\/image\/\",\"url\":\"https:\/\/www.annonces-legales.org\/blog\/wp-content\/uploads\/2023\/08\/annonces-legales.svg\",\"contentUrl\":\"https:\/\/www.annonces-legales.org\/blog\/wp-content\/uploads\/2023\/08\/annonces-legales.svg\",\"caption\":\"Actualit\u00e9 des entreprises\"},\"image\":{\"@id\":\"https:\/\/www.annonces-legales.org\/blog\/#\/schema\/logo\/image\/\"}}]}<\/script>\n<!-- \/ Yoast SEO plugin. -->","yoast_head_json":{"title":"Yonne R\u00e9publicaine - Actualit\u00e9 des entreprises","robots":{"index":"index","follow":"follow","max-snippet":"max-snippet:-1","max-image-preview":"max-image-preview:large","max-video-preview":"max-video-preview:-1"},"canonical":"https:\/\/www.annonces-legales.org\/blog\/yonne-republicaine\/","og_locale":"fr_FR","og_type":"article","og_title":"Yonne R\u00e9publicaine - Actualit\u00e9 des entreprises","og_description":"L&rsquo;Yonne R\u00e9publicaine para\u00eet tous les jours saufs le dimanche. Il est vendu au prix de 1,30 euro. Le journal poss\u00e8de [&hellip;]","og_url":"https:\/\/www.annonces-legales.org\/blog\/yonne-republicaine\/","og_site_name":"Actualit\u00e9 des entreprises","article_modified_time":"2022-01-26T10:31:04+00:00","twitter_card":"summary_large_image","twitter_misc":{"Dur\u00e9e de lecture estim\u00e9e":"1 minute"},"schema":{"@context":"https:\/\/schema.org","@graph":[{"@type":"WebPage","@id":"https:\/\/www.annonces-legales.org\/blog\/yonne-republicaine\/","url":"https:\/\/www.annonces-legales.org\/blog\/yonne-republicaine\/","name":"Yonne R\u00e9publicaine - Actualit\u00e9 des entreprises","isPartOf":{"@id":"https:\/\/www.annonces-legales.org\/blog\/#website"},"datePublished":"2021-11-23T18:13:29+00:00","dateModified":"2022-01-26T10:31:04+00:00","breadcrumb":{"@id":"https:\/\/www.annonces-legales.org\/blog\/yonne-republicaine\/#breadcrumb"},"inLanguage":"fr-FR","potentialAction":[{"@type":"ReadAction","target":["https:\/\/www.annonces-legales.org\/blog\/yonne-republicaine\/"]}]},{"@type":"BreadcrumbList","@id":"https:\/\/www.annonces-legales.org\/blog\/yonne-republicaine\/#breadcrumb","itemListElement":[{"@type":"ListItem","position":1,"name":"Accueil","item":"https:\/\/www.annonces-legales.org\/blog\/"},{"@type":"ListItem","position":2,"name":"Liste des journaux habilit\u00e9s \u00e0 publier des annonces l\u00e9gales","item":"https:\/\/www.annonces-legales.org\/blog\/liste-des-journaux-habilites-a-publier-des-annonces-legales\/"},{"@type":"ListItem","position":3,"name":"Yonne R\u00e9publicaine"}]},{"@type":"WebSite","@id":"https:\/\/www.annonces-legales.org\/blog\/#website","url":"https:\/\/www.annonces-legales.org\/blog\/","name":"Actualit\u00e9 des entreprises","description":"","publisher":{"@id":"https:\/\/www.annonces-legales.org\/blog\/#organization"},"potentialAction":[{"@type":"SearchAction","target":{"@type":"EntryPoint","urlTemplate":"https:\/\/www.annonces-legales.org\/blog\/?s={search_term_string}"},"query-input":{"@type":"PropertyValueSpecification","valueRequired":true,"valueName":"search_term_string"}}],"inLanguage":"fr-FR"},{"@type":"Organization","@id":"https:\/\/www.annonces-legales.org\/blog\/#organization","name":"Actualit\u00e9 des entreprises","url":"https:\/\/www.annonces-legales.org\/blog\/","logo":{"@type":"ImageObject","inLanguage":"fr-FR","@id":"https:\/\/www.annonces-legales.org\/blog\/#\/schema\/logo\/image\/","url":"https:\/\/www.annonces-legales.org\/blog\/wp-content\/uploads\/2023\/08\/annonces-legales.svg","contentUrl":"https:\/\/www.annonces-legales.org\/blog\/wp-content\/uploads\/2023\/08\/annonces-legales.svg","caption":"Actualit\u00e9 des entreprises"},"image":{"@id":"https:\/\/www.annonces-legales.org\/blog\/#\/schema\/logo\/image\/"}}]}},"_links":{"self":[{"href":"https:\/\/www.annonces-legales.org\/blog\/wp-json\/wp\/v2\/pages\/1542","targetHints":{"allow":["GET"]}}],"collection":[{"href":"https:\/\/www.annonces-legales.org\/blog\/wp-json\/wp\/v2\/pages"}],"about":[{"href":"https:\/\/www.annonces-legales.org\/blog\/wp-json\/wp\/v2\/types\/page"}],"author":[{"embeddable":true,"href":"https:\/\/www.annonces-legales.org\/blog\/wp-json\/wp\/v2\/users\/1"}],"replies":[{"embeddable":true,"href":"https:\/\/www.annonces-legales.org\/blog\/wp-json\/wp\/v2\/comments?post=1542"}],"version-history":[{"count":1,"href":"https:\/\/www.annonces-legales.org\/blog\/wp-json\/wp\/v2\/pages\/1542\/revisions"}],"predecessor-version":[{"id":1543,"href":"https:\/\/www.annonces-legales.org\/blog\/wp-json\/wp\/v2\/pages\/1542\/revisions\/1543"}],"up":[{"embeddable":true,"href":"https:\/\/www.annonces-legales.org\/blog\/wp-json\/wp\/v2\/pages\/351"}],"wp:attachment":[{"href":"https:\/\/www.annonces-legales.org\/blog\/wp-json\/wp\/v2\/media?parent=1542"}],"curies":[{"name":"wp","href":"https:\/\/api.w.org\/{rel}","templated":true}]}}