{"id":1544,"date":"2021-11-23T19:15:25","date_gmt":"2021-11-23T18:15:25","guid":{"rendered":"https:\/\/www.annonces-legales.org\/blog\/?page_id=1544"},"modified":"2022-01-26T11:56:08","modified_gmt":"2022-01-26T10:56:08","slug":"indicateur-des-flandres","status":"publish","type":"page","link":"https:\/\/www.annonces-legales.org\/blog\/indicateur-des-flandres\/","title":{"rendered":"L&rsquo;indicateur des Flandres"},"content":{"rendered":"<p>L&rsquo;hebdomadaire <strong>l&rsquo;Indicateur des Flandres<\/strong> para\u00eet chaque mercredi dans le d\u00e9partement du Nord. Son nom complet et l&rsquo;indicateur des Flandres et de la vall\u00e9e de la Lys.<br \/>\nSes locaux sont situ\u00e9s \u00e0 Hazebrouck (59\u00a0523) au 55 rue du milieu.<\/p>\n<p>Le journal a \u00e9t\u00e9 cr\u00e9\u00e9 en 1832. Il fait parti des journaux les plus vieux de France. Il appartient \u00e0 la soci\u00e9t\u00e9 Presse flamande qui elle-m\u00eame appartient au groupe voix du Nord.<\/p>\n<p>Le journal L&rsquo;indicateur des Flandres est autoris\u00e9 par la pr\u00e9fecture \u00e0 publier des annonces l\u00e9gales pour le d\u00e9partement du Nord.<br \/>\nIl publie chaque ann\u00e9e plus de 1000 annonces l\u00e9gales.<\/p>\n<p>Le journal est vendu chaque semaine \u00e0 plus de 6000 exemplaires. Les abonn\u00e9s repr\u00e9sentent plus de 13 % des lecteurs du journal.<\/p>\n<p>&nbsp;<\/p>\n<h2>Site web du journal<\/h2>\n<p><img loading=\"lazy\" decoding=\"async\" class=\"aligncenter size-full wp-image-1545\" src=\"https:\/\/www.annonces-legales.org\/blog\/wp-content\/uploads\/2021\/11\/site-web-indicateur-des-flandres.png\" alt=\"\" width=\"800\" height=\"724\" srcset=\"https:\/\/www.annonces-legales.org\/blog\/wp-content\/uploads\/2021\/11\/site-web-indicateur-des-flandres.png 800w, https:\/\/www.annonces-legales.org\/blog\/wp-content\/uploads\/2021\/11\/site-web-indicateur-des-flandres-300x272.png 300w, https:\/\/www.annonces-legales.org\/blog\/wp-content\/uploads\/2021\/11\/site-web-indicateur-des-flandres-768x695.png 768w\" sizes=\"auto, (max-width: 800px) 100vw, 800px\" \/><\/p>\n<p>Sur la page Internet de L&rsquo;indicateur des Flandres, on trouve l&rsquo;ensemble des articles publi\u00e9s sur le journal. Bien entendu, il faut \u00eatre abonn\u00e9 est connect\u00e9 pour pouvoir les lire.<br \/>\nLes articles courts sont \u00e9galement publier et son visible pour les noms abonn\u00e9s. On peut \u00e9galement s&rsquo;abonner ou acheter le journal \u00e0 l&rsquo;unit\u00e9.<\/p>\n<p>&nbsp;<\/p>\n<h2>Abonnement au journal L&rsquo;indicateur des Flandres<\/h2>\n<p>Sur le site du journal<strong> La Voix<\/strong>, il est possible de s&rsquo;abonner au journal L&rsquo;indicateur des Flandres. L&rsquo;abonnement le moins cher co\u00fbte 2,90 \u20ac par mois.<br \/>\nIl permet de lire tous les articles du journal sur Internet. L&rsquo;abonnement 100 % num\u00e9rique propos\u00e9 \u00e0 3,90 \u20ac par mois proposent, en plus des articles en illimit\u00e9, le journal en version num\u00e9rique PDF ainsi que les suppl\u00e9ments magazines hebdomadaires.<br \/>\nL&rsquo;abonnement int\u00e9gral \u00e0 7,90 \u20ac par mois comprend tous les avantages de l&rsquo;abonnement num\u00e9rique ainsi que la livraison du journal en version papier chaque semaine ainsi que le magazine mensuel <strong>Tendances&amp;Co<\/strong>.<\/p>\n<p>&nbsp;<\/p>\n<h2>Annonces l\u00e9gales dans le Nord<\/h2>\n<p>La commission pr\u00e9fectorale du d\u00e9partement du Nord d\u00e9signe chaque ann\u00e9e, les journaux d&rsquo;annonce l\u00e9gale habilit\u00e9 pour faire des annonces l\u00e9gales.<br \/>\nL&rsquo;indicateur des Flandres a bien re\u00e7u cette habilitation. Il peut donc \u00eatre utilis\u00e9 pour faire des annonces l\u00e9gales.<br \/>\nIl y a beaucoup d&rsquo;autres journaux papier et Web qui ont le droit de faire des annonces l\u00e9gales pour le d\u00e9partement du Nord.<br \/>\nVous pouvez obtenir un devis sur plusieurs journaux du d\u00e9partement du Nord tr\u00e8s facilement sur annonces-legales.org<\/p>\n<br\/><br\/><div class=\"entry-content notopmargin\">\n\t<img decoding=\"async\" class=\"img-fluid fleft\" src=\"https:\/\/www.annonces-legales.org\/images\/rapide-economique-tout-departement.png\" alt=\"Journal d'annonce l\u00e9gale  du Nord \"><a href=\"https:\/\/www.annonces-legales.org\/publication-annonce-legale.html\" class=\"button button-desc fright mtop30\"><div>Je publie<br> mon annonce<br> l\u00e9gale<\/div><span>dans un journal  du Nord !<\/span><\/a>\n<\/div><div class=\"clrbth\"><\/div><br\/><br\/>\n","protected":false},"excerpt":{"rendered":"<p>L&rsquo;hebdomadaire l&rsquo;Indicateur des Flandres para\u00eet chaque mercredi dans le d\u00e9partement du Nord. Son nom complet et l&rsquo;indicateur des Flandres et [&hellip;]<\/p>\n","protected":false},"author":1,"featured_media":0,"parent":351,"menu_order":0,"comment_status":"closed","ping_status":"closed","template":"","meta":{"inline_featured_image":false,"footnotes":""},"class_list":["post-1544","page","type-page","status-publish","hentry"],"yoast_head":"<!-- This site is optimized with the Yoast SEO plugin v26.8 - https:\/\/yoast.com\/product\/yoast-seo-wordpress\/ -->\n<title>L&#039;indicateur des Flandres - Actualit\u00e9 des entreprises<\/title>\n<meta name=\"robots\" content=\"index, follow, max-snippet:-1, max-image-preview:large, max-video-preview:-1\" \/>\n<link rel=\"canonical\" href=\"https:\/\/www.annonces-legales.org\/blog\/indicateur-des-flandres\/\" \/>\n<meta property=\"og:locale\" content=\"fr_FR\" \/>\n<meta property=\"og:type\" content=\"article\" \/>\n<meta property=\"og:title\" content=\"L&#039;indicateur des Flandres - Actualit\u00e9 des entreprises\" \/>\n<meta property=\"og:description\" content=\"L&rsquo;hebdomadaire l&rsquo;Indicateur des Flandres para\u00eet chaque mercredi dans le d\u00e9partement du Nord. Son nom complet et l&rsquo;indicateur des Flandres et [&hellip;]\" \/>\n<meta property=\"og:url\" content=\"https:\/\/www.annonces-legales.org\/blog\/indicateur-des-flandres\/\" \/>\n<meta property=\"og:site_name\" content=\"Actualit\u00e9 des entreprises\" \/>\n<meta property=\"article:modified_time\" content=\"2022-01-26T10:56:08+00:00\" \/>\n<meta property=\"og:image\" content=\"https:\/\/www.annonces-legales.org\/blog\/wp-content\/uploads\/2021\/11\/site-web-indicateur-des-flandres.png\" \/>\n\t<meta property=\"og:image:width\" content=\"800\" \/>\n\t<meta property=\"og:image:height\" content=\"724\" \/>\n\t<meta property=\"og:image:type\" content=\"image\/png\" \/>\n<meta name=\"twitter:card\" content=\"summary_large_image\" \/>\n<meta name=\"twitter:label1\" content=\"Dur\u00e9e de lecture estim\u00e9e\" \/>\n\t<meta name=\"twitter:data1\" content=\"2 minutes\" \/>\n<script type=\"application\/ld+json\" class=\"yoast-schema-graph\">{\"@context\":\"https:\/\/schema.org\",\"@graph\":[{\"@type\":\"WebPage\",\"@id\":\"https:\/\/www.annonces-legales.org\/blog\/indicateur-des-flandres\/\",\"url\":\"https:\/\/www.annonces-legales.org\/blog\/indicateur-des-flandres\/\",\"name\":\"L'indicateur des Flandres - Actualit\u00e9 des entreprises\",\"isPartOf\":{\"@id\":\"https:\/\/www.annonces-legales.org\/blog\/#website\"},\"primaryImageOfPage\":{\"@id\":\"https:\/\/www.annonces-legales.org\/blog\/indicateur-des-flandres\/#primaryimage\"},\"image\":{\"@id\":\"https:\/\/www.annonces-legales.org\/blog\/indicateur-des-flandres\/#primaryimage\"},\"thumbnailUrl\":\"https:\/\/www.annonces-legales.org\/blog\/wp-content\/uploads\/2021\/11\/site-web-indicateur-des-flandres.png\",\"datePublished\":\"2021-11-23T18:15:25+00:00\",\"dateModified\":\"2022-01-26T10:56:08+00:00\",\"breadcrumb\":{\"@id\":\"https:\/\/www.annonces-legales.org\/blog\/indicateur-des-flandres\/#breadcrumb\"},\"inLanguage\":\"fr-FR\",\"potentialAction\":[{\"@type\":\"ReadAction\",\"target\":[\"https:\/\/www.annonces-legales.org\/blog\/indicateur-des-flandres\/\"]}]},{\"@type\":\"ImageObject\",\"inLanguage\":\"fr-FR\",\"@id\":\"https:\/\/www.annonces-legales.org\/blog\/indicateur-des-flandres\/#primaryimage\",\"url\":\"https:\/\/www.annonces-legales.org\/blog\/wp-content\/uploads\/2021\/11\/site-web-indicateur-des-flandres.png\",\"contentUrl\":\"https:\/\/www.annonces-legales.org\/blog\/wp-content\/uploads\/2021\/11\/site-web-indicateur-des-flandres.png\",\"width\":800,\"height\":724},{\"@type\":\"BreadcrumbList\",\"@id\":\"https:\/\/www.annonces-legales.org\/blog\/indicateur-des-flandres\/#breadcrumb\",\"itemListElement\":[{\"@type\":\"ListItem\",\"position\":1,\"name\":\"Accueil\",\"item\":\"https:\/\/www.annonces-legales.org\/blog\/\"},{\"@type\":\"ListItem\",\"position\":2,\"name\":\"Liste des journaux habilit\u00e9s \u00e0 publier des annonces l\u00e9gales\",\"item\":\"https:\/\/www.annonces-legales.org\/blog\/liste-des-journaux-habilites-a-publier-des-annonces-legales\/\"},{\"@type\":\"ListItem\",\"position\":3,\"name\":\"L&rsquo;indicateur des Flandres\"}]},{\"@type\":\"WebSite\",\"@id\":\"https:\/\/www.annonces-legales.org\/blog\/#website\",\"url\":\"https:\/\/www.annonces-legales.org\/blog\/\",\"name\":\"Actualit\u00e9 des entreprises\",\"description\":\"\",\"publisher\":{\"@id\":\"https:\/\/www.annonces-legales.org\/blog\/#organization\"},\"potentialAction\":[{\"@type\":\"SearchAction\",\"target\":{\"@type\":\"EntryPoint\",\"urlTemplate\":\"https:\/\/www.annonces-legales.org\/blog\/?s={search_term_string}\"},\"query-input\":{\"@type\":\"PropertyValueSpecification\",\"valueRequired\":true,\"valueName\":\"search_term_string\"}}],\"inLanguage\":\"fr-FR\"},{\"@type\":\"Organization\",\"@id\":\"https:\/\/www.annonces-legales.org\/blog\/#organization\",\"name\":\"Actualit\u00e9 des entreprises\",\"url\":\"https:\/\/www.annonces-legales.org\/blog\/\",\"logo\":{\"@type\":\"ImageObject\",\"inLanguage\":\"fr-FR\",\"@id\":\"https:\/\/www.annonces-legales.org\/blog\/#\/schema\/logo\/image\/\",\"url\":\"https:\/\/www.annonces-legales.org\/blog\/wp-content\/uploads\/2023\/08\/annonces-legales.svg\",\"contentUrl\":\"https:\/\/www.annonces-legales.org\/blog\/wp-content\/uploads\/2023\/08\/annonces-legales.svg\",\"caption\":\"Actualit\u00e9 des entreprises\"},\"image\":{\"@id\":\"https:\/\/www.annonces-legales.org\/blog\/#\/schema\/logo\/image\/\"}}]}<\/script>\n<!-- \/ Yoast SEO plugin. -->","yoast_head_json":{"title":"L'indicateur des Flandres - Actualit\u00e9 des entreprises","robots":{"index":"index","follow":"follow","max-snippet":"max-snippet:-1","max-image-preview":"max-image-preview:large","max-video-preview":"max-video-preview:-1"},"canonical":"https:\/\/www.annonces-legales.org\/blog\/indicateur-des-flandres\/","og_locale":"fr_FR","og_type":"article","og_title":"L'indicateur des Flandres - Actualit\u00e9 des entreprises","og_description":"L&rsquo;hebdomadaire l&rsquo;Indicateur des Flandres para\u00eet chaque mercredi dans le d\u00e9partement du Nord. Son nom complet et l&rsquo;indicateur des Flandres et [&hellip;]","og_url":"https:\/\/www.annonces-legales.org\/blog\/indicateur-des-flandres\/","og_site_name":"Actualit\u00e9 des entreprises","article_modified_time":"2022-01-26T10:56:08+00:00","og_image":[{"width":800,"height":724,"url":"https:\/\/www.annonces-legales.org\/blog\/wp-content\/uploads\/2021\/11\/site-web-indicateur-des-flandres.png","type":"image\/png"}],"twitter_card":"summary_large_image","twitter_misc":{"Dur\u00e9e de lecture estim\u00e9e":"2 minutes"},"schema":{"@context":"https:\/\/schema.org","@graph":[{"@type":"WebPage","@id":"https:\/\/www.annonces-legales.org\/blog\/indicateur-des-flandres\/","url":"https:\/\/www.annonces-legales.org\/blog\/indicateur-des-flandres\/","name":"L'indicateur des Flandres - Actualit\u00e9 des entreprises","isPartOf":{"@id":"https:\/\/www.annonces-legales.org\/blog\/#website"},"primaryImageOfPage":{"@id":"https:\/\/www.annonces-legales.org\/blog\/indicateur-des-flandres\/#primaryimage"},"image":{"@id":"https:\/\/www.annonces-legales.org\/blog\/indicateur-des-flandres\/#primaryimage"},"thumbnailUrl":"https:\/\/www.annonces-legales.org\/blog\/wp-content\/uploads\/2021\/11\/site-web-indicateur-des-flandres.png","datePublished":"2021-11-23T18:15:25+00:00","dateModified":"2022-01-26T10:56:08+00:00","breadcrumb":{"@id":"https:\/\/www.annonces-legales.org\/blog\/indicateur-des-flandres\/#breadcrumb"},"inLanguage":"fr-FR","potentialAction":[{"@type":"ReadAction","target":["https:\/\/www.annonces-legales.org\/blog\/indicateur-des-flandres\/"]}]},{"@type":"ImageObject","inLanguage":"fr-FR","@id":"https:\/\/www.annonces-legales.org\/blog\/indicateur-des-flandres\/#primaryimage","url":"https:\/\/www.annonces-legales.org\/blog\/wp-content\/uploads\/2021\/11\/site-web-indicateur-des-flandres.png","contentUrl":"https:\/\/www.annonces-legales.org\/blog\/wp-content\/uploads\/2021\/11\/site-web-indicateur-des-flandres.png","width":800,"height":724},{"@type":"BreadcrumbList","@id":"https:\/\/www.annonces-legales.org\/blog\/indicateur-des-flandres\/#breadcrumb","itemListElement":[{"@type":"ListItem","position":1,"name":"Accueil","item":"https:\/\/www.annonces-legales.org\/blog\/"},{"@type":"ListItem","position":2,"name":"Liste des journaux habilit\u00e9s \u00e0 publier des annonces l\u00e9gales","item":"https:\/\/www.annonces-legales.org\/blog\/liste-des-journaux-habilites-a-publier-des-annonces-legales\/"},{"@type":"ListItem","position":3,"name":"L&rsquo;indicateur des Flandres"}]},{"@type":"WebSite","@id":"https:\/\/www.annonces-legales.org\/blog\/#website","url":"https:\/\/www.annonces-legales.org\/blog\/","name":"Actualit\u00e9 des entreprises","description":"","publisher":{"@id":"https:\/\/www.annonces-legales.org\/blog\/#organization"},"potentialAction":[{"@type":"SearchAction","target":{"@type":"EntryPoint","urlTemplate":"https:\/\/www.annonces-legales.org\/blog\/?s={search_term_string}"},"query-input":{"@type":"PropertyValueSpecification","valueRequired":true,"valueName":"search_term_string"}}],"inLanguage":"fr-FR"},{"@type":"Organization","@id":"https:\/\/www.annonces-legales.org\/blog\/#organization","name":"Actualit\u00e9 des entreprises","url":"https:\/\/www.annonces-legales.org\/blog\/","logo":{"@type":"ImageObject","inLanguage":"fr-FR","@id":"https:\/\/www.annonces-legales.org\/blog\/#\/schema\/logo\/image\/","url":"https:\/\/www.annonces-legales.org\/blog\/wp-content\/uploads\/2023\/08\/annonces-legales.svg","contentUrl":"https:\/\/www.annonces-legales.org\/blog\/wp-content\/uploads\/2023\/08\/annonces-legales.svg","caption":"Actualit\u00e9 des entreprises"},"image":{"@id":"https:\/\/www.annonces-legales.org\/blog\/#\/schema\/logo\/image\/"}}]}},"_links":{"self":[{"href":"https:\/\/www.annonces-legales.org\/blog\/wp-json\/wp\/v2\/pages\/1544","targetHints":{"allow":["GET"]}}],"collection":[{"href":"https:\/\/www.annonces-legales.org\/blog\/wp-json\/wp\/v2\/pages"}],"about":[{"href":"https:\/\/www.annonces-legales.org\/blog\/wp-json\/wp\/v2\/types\/page"}],"author":[{"embeddable":true,"href":"https:\/\/www.annonces-legales.org\/blog\/wp-json\/wp\/v2\/users\/1"}],"replies":[{"embeddable":true,"href":"https:\/\/www.annonces-legales.org\/blog\/wp-json\/wp\/v2\/comments?post=1544"}],"version-history":[{"count":1,"href":"https:\/\/www.annonces-legales.org\/blog\/wp-json\/wp\/v2\/pages\/1544\/revisions"}],"predecessor-version":[{"id":1546,"href":"https:\/\/www.annonces-legales.org\/blog\/wp-json\/wp\/v2\/pages\/1544\/revisions\/1546"}],"up":[{"embeddable":true,"href":"https:\/\/www.annonces-legales.org\/blog\/wp-json\/wp\/v2\/pages\/351"}],"wp:attachment":[{"href":"https:\/\/www.annonces-legales.org\/blog\/wp-json\/wp\/v2\/media?parent=1544"}],"curies":[{"name":"wp","href":"https:\/\/api.w.org\/{rel}","templated":true}]}}