{"id":1547,"date":"2021-12-27T15:15:33","date_gmt":"2021-12-27T14:15:33","guid":{"rendered":"https:\/\/www.annonces-legales.org\/blog\/?page_id=1547"},"modified":"2022-01-26T11:54:56","modified_gmt":"2022-01-26T10:54:56","slug":"l-essor-savoyard","status":"publish","type":"page","link":"https:\/\/www.annonces-legales.org\/blog\/l-essor-savoyard\/","title":{"rendered":"L&rsquo;Essor Savoyard"},"content":{"rendered":"<p><strong>L&rsquo;Essor Savoyard<\/strong> est un hebdomadaire d&rsquo;Annecy et que l&rsquo;on trouve en kiosque chaque jeudi matin.Ce quotidien est vendu avec 80 \u20ac et poss\u00e8de deux \u00e9ditions : L&rsquo;Essor Savoyard, \u00e9dition de Savoie et L&rsquo;Essor Savoyard, \u00e9dition de haute Savoie.<br \/>\nCet hebdomadaire du d\u00e9partement de Savoie appartient au groupe de presse <strong>Le Messager (Rossel)<\/strong>. Il propose \u00e0 ses lecteurs des actualit\u00e9s sur la Savoie, notamment pour les villes d&rsquo;Annecy, d&rsquo;Aix-les-Bains et de Chamb\u00e9ry.<br \/>\nCe journal a re\u00e7u l&rsquo;habilitation pour effectuer des <strong>annonces l\u00e9gales dans le d\u00e9partement de Savoie<\/strong>. Il publie environ 90 annonces l\u00e9gales chaque mois.<\/p>\n<p>L&rsquo;Essor Savoyard fut cr\u00e9\u00e9 en 1944 sous le nom \u00ab\u00a0La r\u00e9sistance Savoisienne\u00a0\u00bb. Ce journal est la fusion de deux journaux r\u00e9gionaux de la r\u00e9sistance : la Lib\u00e9ration et le Renouveau.<br \/>\nEn 1951, ce quotidien change de nom pour prendre son nom d\u00e9finitif : L&rsquo;Essor Savoyard.<\/p>\n<p><strong>Adresse du journal<\/strong> : 37 rue Sommeiller, 74000 Annecy<\/p>\n<p>&nbsp;<\/p>\n<h2>Site Internet de L&rsquo;Essor Savoyard<\/h2>\n<p>L&rsquo;Essor Savoyard Poss\u00e8de son propre site Internet ou l&rsquo;on peut consulter, pour les abonn\u00e9s, les articles payants.<br \/>\nDes articles en libre acc\u00e8s sont \u00e9galement publi\u00e9s chaque jour. Le site poss\u00e8de aussi une rubrique podcast avec des podcasts r\u00e9alis\u00e9s par le journal.<br \/>\nEnfin, une rubrique initiative entreprise propose des actualit\u00e9s sur les entreprises de la r\u00e9gion.<\/p>\n<p>&nbsp;<\/p>\n<h2>S&rsquo;abonner \u00e0 L&rsquo;Essor Savoyard<\/h2>\n<p>Comme pour beaucoup d&rsquo;autres journaux, il existe deux offres. L&rsquo;offre num\u00e9rique \u00e0 4,90 \u20ac par mois proposent tous les articles en illimit\u00e9 ainsi que les archives.<br \/>\nLes abonn\u00e9s de cette offre auront aussi acc\u00e8s au journal en version num\u00e9rique et \u00e0 tous les suppl\u00e9ments magazines.<br \/>\nL&rsquo;abonnement Papier + Num\u00e9rique Co\u00fbte 5,40 \u20ac par mois. Il permet l&rsquo;acc\u00e8s au site Internet et aux articles \u00e0 3 personnes diff\u00e9rentes. Il permet \u00e9galement de recevoir le journal papier directement chez vous, chaque jeudi.<\/p>\n<p>&nbsp;<\/p>\n<h2>Avis de constitution ou annonces l\u00e9gales dans le d\u00e9partement de Savoie<\/h2>\n<p>En tant qu&rsquo;entreprise ou en tant que personne physique, il est parfois n\u00e9cessaire de publier une annonce l\u00e9gale. Si le lieu de votre r\u00e9sidence est situ\u00e9 en Savoie, il est n\u00e9cessaire d&rsquo;utiliser un journal d&rsquo;annonce l\u00e9gale habilit\u00e9 du d\u00e9partement.<br \/>\nLa liste des journaux d&rsquo;annonce l\u00e9gale habilit\u00e9 pour la Savoie (74) est fourni chaque ann\u00e9e par le pr\u00e9fet.<br \/>\nVous pouvez facilement publier un avis de constitution ou une annonce l\u00e9gale sur notre plate-forme pour la Savoie et pour tous les d\u00e9partements fran\u00e7ais.<br \/>\nPour ce faire, vous pouvez cliquer ci-dessous.<\/p>\n","protected":false},"excerpt":{"rendered":"<p>L&rsquo;Essor Savoyard est un hebdomadaire d&rsquo;Annecy et que l&rsquo;on trouve en kiosque chaque jeudi matin.Ce quotidien est vendu avec 80 [&hellip;]<\/p>\n","protected":false},"author":1,"featured_media":0,"parent":351,"menu_order":0,"comment_status":"closed","ping_status":"closed","template":"","meta":{"inline_featured_image":false,"footnotes":""},"class_list":["post-1547","page","type-page","status-publish","hentry"],"yoast_head":"<!-- This site is optimized with the Yoast SEO plugin v26.8 - https:\/\/yoast.com\/product\/yoast-seo-wordpress\/ -->\n<title>L&#039;Essor Savoyard - Actualit\u00e9 des entreprises<\/title>\n<meta name=\"robots\" content=\"index, follow, max-snippet:-1, max-image-preview:large, max-video-preview:-1\" \/>\n<link rel=\"canonical\" href=\"https:\/\/www.annonces-legales.org\/blog\/l-essor-savoyard\/\" \/>\n<meta property=\"og:locale\" content=\"fr_FR\" \/>\n<meta property=\"og:type\" content=\"article\" \/>\n<meta property=\"og:title\" content=\"L&#039;Essor Savoyard - Actualit\u00e9 des entreprises\" \/>\n<meta property=\"og:description\" content=\"L&rsquo;Essor Savoyard est un hebdomadaire d&rsquo;Annecy et que l&rsquo;on trouve en kiosque chaque jeudi matin.Ce quotidien est vendu avec 80 [&hellip;]\" \/>\n<meta property=\"og:url\" content=\"https:\/\/www.annonces-legales.org\/blog\/l-essor-savoyard\/\" \/>\n<meta property=\"og:site_name\" content=\"Actualit\u00e9 des entreprises\" \/>\n<meta property=\"article:modified_time\" content=\"2022-01-26T10:54:56+00:00\" \/>\n<meta name=\"twitter:card\" content=\"summary_large_image\" \/>\n<meta name=\"twitter:label1\" content=\"Dur\u00e9e de lecture estim\u00e9e\" \/>\n\t<meta name=\"twitter:data1\" content=\"2 minutes\" \/>\n<script type=\"application\/ld+json\" class=\"yoast-schema-graph\">{\"@context\":\"https:\/\/schema.org\",\"@graph\":[{\"@type\":\"WebPage\",\"@id\":\"https:\/\/www.annonces-legales.org\/blog\/l-essor-savoyard\/\",\"url\":\"https:\/\/www.annonces-legales.org\/blog\/l-essor-savoyard\/\",\"name\":\"L'Essor Savoyard - Actualit\u00e9 des entreprises\",\"isPartOf\":{\"@id\":\"https:\/\/www.annonces-legales.org\/blog\/#website\"},\"datePublished\":\"2021-12-27T14:15:33+00:00\",\"dateModified\":\"2022-01-26T10:54:56+00:00\",\"breadcrumb\":{\"@id\":\"https:\/\/www.annonces-legales.org\/blog\/l-essor-savoyard\/#breadcrumb\"},\"inLanguage\":\"fr-FR\",\"potentialAction\":[{\"@type\":\"ReadAction\",\"target\":[\"https:\/\/www.annonces-legales.org\/blog\/l-essor-savoyard\/\"]}]},{\"@type\":\"BreadcrumbList\",\"@id\":\"https:\/\/www.annonces-legales.org\/blog\/l-essor-savoyard\/#breadcrumb\",\"itemListElement\":[{\"@type\":\"ListItem\",\"position\":1,\"name\":\"Accueil\",\"item\":\"https:\/\/www.annonces-legales.org\/blog\/\"},{\"@type\":\"ListItem\",\"position\":2,\"name\":\"Liste des journaux habilit\u00e9s \u00e0 publier des annonces l\u00e9gales\",\"item\":\"https:\/\/www.annonces-legales.org\/blog\/liste-des-journaux-habilites-a-publier-des-annonces-legales\/\"},{\"@type\":\"ListItem\",\"position\":3,\"name\":\"L&rsquo;Essor Savoyard\"}]},{\"@type\":\"WebSite\",\"@id\":\"https:\/\/www.annonces-legales.org\/blog\/#website\",\"url\":\"https:\/\/www.annonces-legales.org\/blog\/\",\"name\":\"Actualit\u00e9 des entreprises\",\"description\":\"\",\"publisher\":{\"@id\":\"https:\/\/www.annonces-legales.org\/blog\/#organization\"},\"potentialAction\":[{\"@type\":\"SearchAction\",\"target\":{\"@type\":\"EntryPoint\",\"urlTemplate\":\"https:\/\/www.annonces-legales.org\/blog\/?s={search_term_string}\"},\"query-input\":{\"@type\":\"PropertyValueSpecification\",\"valueRequired\":true,\"valueName\":\"search_term_string\"}}],\"inLanguage\":\"fr-FR\"},{\"@type\":\"Organization\",\"@id\":\"https:\/\/www.annonces-legales.org\/blog\/#organization\",\"name\":\"Actualit\u00e9 des entreprises\",\"url\":\"https:\/\/www.annonces-legales.org\/blog\/\",\"logo\":{\"@type\":\"ImageObject\",\"inLanguage\":\"fr-FR\",\"@id\":\"https:\/\/www.annonces-legales.org\/blog\/#\/schema\/logo\/image\/\",\"url\":\"https:\/\/www.annonces-legales.org\/blog\/wp-content\/uploads\/2023\/08\/annonces-legales.svg\",\"contentUrl\":\"https:\/\/www.annonces-legales.org\/blog\/wp-content\/uploads\/2023\/08\/annonces-legales.svg\",\"caption\":\"Actualit\u00e9 des entreprises\"},\"image\":{\"@id\":\"https:\/\/www.annonces-legales.org\/blog\/#\/schema\/logo\/image\/\"}}]}<\/script>\n<!-- \/ Yoast SEO plugin. -->","yoast_head_json":{"title":"L'Essor Savoyard - Actualit\u00e9 des entreprises","robots":{"index":"index","follow":"follow","max-snippet":"max-snippet:-1","max-image-preview":"max-image-preview:large","max-video-preview":"max-video-preview:-1"},"canonical":"https:\/\/www.annonces-legales.org\/blog\/l-essor-savoyard\/","og_locale":"fr_FR","og_type":"article","og_title":"L'Essor Savoyard - Actualit\u00e9 des entreprises","og_description":"L&rsquo;Essor Savoyard est un hebdomadaire d&rsquo;Annecy et que l&rsquo;on trouve en kiosque chaque jeudi matin.Ce quotidien est vendu avec 80 [&hellip;]","og_url":"https:\/\/www.annonces-legales.org\/blog\/l-essor-savoyard\/","og_site_name":"Actualit\u00e9 des entreprises","article_modified_time":"2022-01-26T10:54:56+00:00","twitter_card":"summary_large_image","twitter_misc":{"Dur\u00e9e de lecture estim\u00e9e":"2 minutes"},"schema":{"@context":"https:\/\/schema.org","@graph":[{"@type":"WebPage","@id":"https:\/\/www.annonces-legales.org\/blog\/l-essor-savoyard\/","url":"https:\/\/www.annonces-legales.org\/blog\/l-essor-savoyard\/","name":"L'Essor Savoyard - Actualit\u00e9 des entreprises","isPartOf":{"@id":"https:\/\/www.annonces-legales.org\/blog\/#website"},"datePublished":"2021-12-27T14:15:33+00:00","dateModified":"2022-01-26T10:54:56+00:00","breadcrumb":{"@id":"https:\/\/www.annonces-legales.org\/blog\/l-essor-savoyard\/#breadcrumb"},"inLanguage":"fr-FR","potentialAction":[{"@type":"ReadAction","target":["https:\/\/www.annonces-legales.org\/blog\/l-essor-savoyard\/"]}]},{"@type":"BreadcrumbList","@id":"https:\/\/www.annonces-legales.org\/blog\/l-essor-savoyard\/#breadcrumb","itemListElement":[{"@type":"ListItem","position":1,"name":"Accueil","item":"https:\/\/www.annonces-legales.org\/blog\/"},{"@type":"ListItem","position":2,"name":"Liste des journaux habilit\u00e9s \u00e0 publier des annonces l\u00e9gales","item":"https:\/\/www.annonces-legales.org\/blog\/liste-des-journaux-habilites-a-publier-des-annonces-legales\/"},{"@type":"ListItem","position":3,"name":"L&rsquo;Essor Savoyard"}]},{"@type":"WebSite","@id":"https:\/\/www.annonces-legales.org\/blog\/#website","url":"https:\/\/www.annonces-legales.org\/blog\/","name":"Actualit\u00e9 des entreprises","description":"","publisher":{"@id":"https:\/\/www.annonces-legales.org\/blog\/#organization"},"potentialAction":[{"@type":"SearchAction","target":{"@type":"EntryPoint","urlTemplate":"https:\/\/www.annonces-legales.org\/blog\/?s={search_term_string}"},"query-input":{"@type":"PropertyValueSpecification","valueRequired":true,"valueName":"search_term_string"}}],"inLanguage":"fr-FR"},{"@type":"Organization","@id":"https:\/\/www.annonces-legales.org\/blog\/#organization","name":"Actualit\u00e9 des entreprises","url":"https:\/\/www.annonces-legales.org\/blog\/","logo":{"@type":"ImageObject","inLanguage":"fr-FR","@id":"https:\/\/www.annonces-legales.org\/blog\/#\/schema\/logo\/image\/","url":"https:\/\/www.annonces-legales.org\/blog\/wp-content\/uploads\/2023\/08\/annonces-legales.svg","contentUrl":"https:\/\/www.annonces-legales.org\/blog\/wp-content\/uploads\/2023\/08\/annonces-legales.svg","caption":"Actualit\u00e9 des entreprises"},"image":{"@id":"https:\/\/www.annonces-legales.org\/blog\/#\/schema\/logo\/image\/"}}]}},"_links":{"self":[{"href":"https:\/\/www.annonces-legales.org\/blog\/wp-json\/wp\/v2\/pages\/1547","targetHints":{"allow":["GET"]}}],"collection":[{"href":"https:\/\/www.annonces-legales.org\/blog\/wp-json\/wp\/v2\/pages"}],"about":[{"href":"https:\/\/www.annonces-legales.org\/blog\/wp-json\/wp\/v2\/types\/page"}],"author":[{"embeddable":true,"href":"https:\/\/www.annonces-legales.org\/blog\/wp-json\/wp\/v2\/users\/1"}],"replies":[{"embeddable":true,"href":"https:\/\/www.annonces-legales.org\/blog\/wp-json\/wp\/v2\/comments?post=1547"}],"version-history":[{"count":1,"href":"https:\/\/www.annonces-legales.org\/blog\/wp-json\/wp\/v2\/pages\/1547\/revisions"}],"predecessor-version":[{"id":1548,"href":"https:\/\/www.annonces-legales.org\/blog\/wp-json\/wp\/v2\/pages\/1547\/revisions\/1548"}],"up":[{"embeddable":true,"href":"https:\/\/www.annonces-legales.org\/blog\/wp-json\/wp\/v2\/pages\/351"}],"wp:attachment":[{"href":"https:\/\/www.annonces-legales.org\/blog\/wp-json\/wp\/v2\/media?parent=1547"}],"curies":[{"name":"wp","href":"https:\/\/api.w.org\/{rel}","templated":true}]}}