{"id":1550,"date":"2021-11-23T19:19:34","date_gmt":"2021-11-23T18:19:34","guid":{"rendered":"https:\/\/www.annonces-legales.org\/blog\/?page_id=1550"},"modified":"2022-01-26T12:03:09","modified_gmt":"2022-01-26T11:03:09","slug":"le-courrier-des-yvelines","status":"publish","type":"page","link":"https:\/\/www.annonces-legales.org\/blog\/le-courrier-des-yvelines\/","title":{"rendered":"Le Courrier des Yvelines"},"content":{"rendered":"<p>Comme son nom l&rsquo;indique, l&rsquo;hebdomadaire <strong>Le Courrier des Yvelines<\/strong> couvre l&rsquo;actualit\u00e9 du d\u00e9partement des Yvelines. Il poss\u00e9derait plus de 20 000 lecteurs.<\/p>\n<p>Il para\u00eet tous les mercredis matin au prix de 1,60 euros. On peut de trouver notamment \u00e0 Versailles, Saint-Germain-en-Laye, Poissy, Sartrouville, Chatou, Marly le roi, la Celle-Saint-Cloud et Houille.<br \/>\nIl est imprim\u00e9e \u00e0 Cherbourg par la soci\u00e9t\u00e9 Cherbourgeoise d&rsquo;\u00e9dition.<br \/>\nL&rsquo;\u00e9quipe du journal se trouve \u00e0 Versailles (78\u00a0035) au quatre bis avenue de Sceaux. L&rsquo;\u00e9quipe de r\u00e9daction peut \u00eatre contact\u00e9e par t\u00e9l\u00e9phone aux 01 30 97 72 10.<\/p>\n<p>Dans l&rsquo;\u00e9quipe du journal on trouve : Michel Seimando (\u00e9diteur), Florie Cedolin (secr\u00e9taire g\u00e9n\u00e9ral de r\u00e9daction), Philippe Rifflet (directeur d\u00e9l\u00e9gu\u00e9), Francis Gaunaud (directeur de la publication).<\/p>\n<p>Le courrier des Yvelines est un journal du <strong>groupe PubliHebdos<\/strong> qui poss\u00e8de de nombreux journaux et de nombreux sites d&rsquo;actualit\u00e9 en France.<\/p>\n<p>Ce journal ne poss\u00e8de pas de site internet, uniquement une rubrique sur le site actu.fr. Pour rappel, le site actu.fr appartient au groupe Publi Hebdos.<\/p>\n<p>&nbsp;<\/p>\n<h2>Le courrier des Yvelines, JAL des Yvelines<\/h2>\n<p>Le pr\u00e9fet des Yvelines a octroy\u00e9 une habilitation \u00e0 cet hebdomadaire pour qu&rsquo;il puisse diffuser des annonces l\u00e9gales. Les personnes morales et physiques Yvelinoises peuvent donc utiliser cet hebdomadaire pour effectuer leur formalit\u00e9 d&rsquo;annonce l\u00e9gale.<br \/>\nla pr\u00e9fecture a cependant octroy\u00e9 la m\u00eame habilitation \u00e0 de nombreux autres journaux. Vous avez donc le choix du journal au moment de publier une annonce l\u00e9gale dans les Yvelines.<br \/>\nAfin de publier une annonce l\u00e9gale pas ch\u00e8re dans ce d\u00e9partement, il est possible d&rsquo;utiliser nos services. Obtenez un devis imm\u00e9diat d\u00e8s maintenant !<\/p>\n<br\/><br\/><div class=\"entry-content notopmargin\">\n\t<img decoding=\"async\" class=\"img-fluid fleft\" src=\"https:\/\/www.annonces-legales.org\/images\/rapide-economique-tout-departement.png\" alt=\"Journal d'annonce l\u00e9gale des Yvelines \"><a href=\"https:\/\/www.annonces-legales.org\/publication-annonce-legale.html\" class=\"button button-desc fright mtop30\"><div>Je publie<br> mon annonce<br> l\u00e9gale<\/div><span>dans un journal des Yvelines !<\/span><\/a>\n<\/div><div class=\"clrbth\"><\/div><br\/><br\/>\n","protected":false},"excerpt":{"rendered":"<p>Comme son nom l&rsquo;indique, l&rsquo;hebdomadaire Le Courrier des Yvelines couvre l&rsquo;actualit\u00e9 du d\u00e9partement des Yvelines. Il poss\u00e9derait plus de 20 [&hellip;]<\/p>\n","protected":false},"author":1,"featured_media":0,"parent":351,"menu_order":0,"comment_status":"closed","ping_status":"closed","template":"","meta":{"inline_featured_image":false,"footnotes":""},"class_list":["post-1550","page","type-page","status-publish","hentry"],"yoast_head":"<!-- This site is optimized with the Yoast SEO plugin v26.8 - https:\/\/yoast.com\/product\/yoast-seo-wordpress\/ -->\n<title>Le Courrier des Yvelines - Actualit\u00e9 des entreprises<\/title>\n<meta name=\"robots\" content=\"index, follow, max-snippet:-1, max-image-preview:large, max-video-preview:-1\" \/>\n<link rel=\"canonical\" href=\"https:\/\/www.annonces-legales.org\/blog\/le-courrier-des-yvelines\/\" \/>\n<meta property=\"og:locale\" content=\"fr_FR\" \/>\n<meta property=\"og:type\" content=\"article\" \/>\n<meta property=\"og:title\" content=\"Le Courrier des Yvelines - Actualit\u00e9 des entreprises\" \/>\n<meta property=\"og:description\" content=\"Comme son nom l&rsquo;indique, l&rsquo;hebdomadaire Le Courrier des Yvelines couvre l&rsquo;actualit\u00e9 du d\u00e9partement des Yvelines. Il poss\u00e9derait plus de 20 [&hellip;]\" \/>\n<meta property=\"og:url\" content=\"https:\/\/www.annonces-legales.org\/blog\/le-courrier-des-yvelines\/\" \/>\n<meta property=\"og:site_name\" content=\"Actualit\u00e9 des entreprises\" \/>\n<meta property=\"article:modified_time\" content=\"2022-01-26T11:03:09+00:00\" \/>\n<meta name=\"twitter:card\" content=\"summary_large_image\" \/>\n<meta name=\"twitter:label1\" content=\"Dur\u00e9e de lecture estim\u00e9e\" \/>\n\t<meta name=\"twitter:data1\" content=\"1 minute\" \/>\n<script type=\"application\/ld+json\" class=\"yoast-schema-graph\">{\"@context\":\"https:\/\/schema.org\",\"@graph\":[{\"@type\":\"WebPage\",\"@id\":\"https:\/\/www.annonces-legales.org\/blog\/le-courrier-des-yvelines\/\",\"url\":\"https:\/\/www.annonces-legales.org\/blog\/le-courrier-des-yvelines\/\",\"name\":\"Le Courrier des Yvelines - Actualit\u00e9 des entreprises\",\"isPartOf\":{\"@id\":\"https:\/\/www.annonces-legales.org\/blog\/#website\"},\"datePublished\":\"2021-11-23T18:19:34+00:00\",\"dateModified\":\"2022-01-26T11:03:09+00:00\",\"breadcrumb\":{\"@id\":\"https:\/\/www.annonces-legales.org\/blog\/le-courrier-des-yvelines\/#breadcrumb\"},\"inLanguage\":\"fr-FR\",\"potentialAction\":[{\"@type\":\"ReadAction\",\"target\":[\"https:\/\/www.annonces-legales.org\/blog\/le-courrier-des-yvelines\/\"]}]},{\"@type\":\"BreadcrumbList\",\"@id\":\"https:\/\/www.annonces-legales.org\/blog\/le-courrier-des-yvelines\/#breadcrumb\",\"itemListElement\":[{\"@type\":\"ListItem\",\"position\":1,\"name\":\"Accueil\",\"item\":\"https:\/\/www.annonces-legales.org\/blog\/\"},{\"@type\":\"ListItem\",\"position\":2,\"name\":\"Liste des journaux habilit\u00e9s \u00e0 publier des annonces l\u00e9gales\",\"item\":\"https:\/\/www.annonces-legales.org\/blog\/liste-des-journaux-habilites-a-publier-des-annonces-legales\/\"},{\"@type\":\"ListItem\",\"position\":3,\"name\":\"Le Courrier des Yvelines\"}]},{\"@type\":\"WebSite\",\"@id\":\"https:\/\/www.annonces-legales.org\/blog\/#website\",\"url\":\"https:\/\/www.annonces-legales.org\/blog\/\",\"name\":\"Actualit\u00e9 des entreprises\",\"description\":\"\",\"publisher\":{\"@id\":\"https:\/\/www.annonces-legales.org\/blog\/#organization\"},\"potentialAction\":[{\"@type\":\"SearchAction\",\"target\":{\"@type\":\"EntryPoint\",\"urlTemplate\":\"https:\/\/www.annonces-legales.org\/blog\/?s={search_term_string}\"},\"query-input\":{\"@type\":\"PropertyValueSpecification\",\"valueRequired\":true,\"valueName\":\"search_term_string\"}}],\"inLanguage\":\"fr-FR\"},{\"@type\":\"Organization\",\"@id\":\"https:\/\/www.annonces-legales.org\/blog\/#organization\",\"name\":\"Actualit\u00e9 des entreprises\",\"url\":\"https:\/\/www.annonces-legales.org\/blog\/\",\"logo\":{\"@type\":\"ImageObject\",\"inLanguage\":\"fr-FR\",\"@id\":\"https:\/\/www.annonces-legales.org\/blog\/#\/schema\/logo\/image\/\",\"url\":\"https:\/\/www.annonces-legales.org\/blog\/wp-content\/uploads\/2023\/08\/annonces-legales.svg\",\"contentUrl\":\"https:\/\/www.annonces-legales.org\/blog\/wp-content\/uploads\/2023\/08\/annonces-legales.svg\",\"caption\":\"Actualit\u00e9 des entreprises\"},\"image\":{\"@id\":\"https:\/\/www.annonces-legales.org\/blog\/#\/schema\/logo\/image\/\"}}]}<\/script>\n<!-- \/ Yoast SEO plugin. -->","yoast_head_json":{"title":"Le Courrier des Yvelines - Actualit\u00e9 des entreprises","robots":{"index":"index","follow":"follow","max-snippet":"max-snippet:-1","max-image-preview":"max-image-preview:large","max-video-preview":"max-video-preview:-1"},"canonical":"https:\/\/www.annonces-legales.org\/blog\/le-courrier-des-yvelines\/","og_locale":"fr_FR","og_type":"article","og_title":"Le Courrier des Yvelines - Actualit\u00e9 des entreprises","og_description":"Comme son nom l&rsquo;indique, l&rsquo;hebdomadaire Le Courrier des Yvelines couvre l&rsquo;actualit\u00e9 du d\u00e9partement des Yvelines. Il poss\u00e9derait plus de 20 [&hellip;]","og_url":"https:\/\/www.annonces-legales.org\/blog\/le-courrier-des-yvelines\/","og_site_name":"Actualit\u00e9 des entreprises","article_modified_time":"2022-01-26T11:03:09+00:00","twitter_card":"summary_large_image","twitter_misc":{"Dur\u00e9e de lecture estim\u00e9e":"1 minute"},"schema":{"@context":"https:\/\/schema.org","@graph":[{"@type":"WebPage","@id":"https:\/\/www.annonces-legales.org\/blog\/le-courrier-des-yvelines\/","url":"https:\/\/www.annonces-legales.org\/blog\/le-courrier-des-yvelines\/","name":"Le Courrier des Yvelines - Actualit\u00e9 des entreprises","isPartOf":{"@id":"https:\/\/www.annonces-legales.org\/blog\/#website"},"datePublished":"2021-11-23T18:19:34+00:00","dateModified":"2022-01-26T11:03:09+00:00","breadcrumb":{"@id":"https:\/\/www.annonces-legales.org\/blog\/le-courrier-des-yvelines\/#breadcrumb"},"inLanguage":"fr-FR","potentialAction":[{"@type":"ReadAction","target":["https:\/\/www.annonces-legales.org\/blog\/le-courrier-des-yvelines\/"]}]},{"@type":"BreadcrumbList","@id":"https:\/\/www.annonces-legales.org\/blog\/le-courrier-des-yvelines\/#breadcrumb","itemListElement":[{"@type":"ListItem","position":1,"name":"Accueil","item":"https:\/\/www.annonces-legales.org\/blog\/"},{"@type":"ListItem","position":2,"name":"Liste des journaux habilit\u00e9s \u00e0 publier des annonces l\u00e9gales","item":"https:\/\/www.annonces-legales.org\/blog\/liste-des-journaux-habilites-a-publier-des-annonces-legales\/"},{"@type":"ListItem","position":3,"name":"Le Courrier des Yvelines"}]},{"@type":"WebSite","@id":"https:\/\/www.annonces-legales.org\/blog\/#website","url":"https:\/\/www.annonces-legales.org\/blog\/","name":"Actualit\u00e9 des entreprises","description":"","publisher":{"@id":"https:\/\/www.annonces-legales.org\/blog\/#organization"},"potentialAction":[{"@type":"SearchAction","target":{"@type":"EntryPoint","urlTemplate":"https:\/\/www.annonces-legales.org\/blog\/?s={search_term_string}"},"query-input":{"@type":"PropertyValueSpecification","valueRequired":true,"valueName":"search_term_string"}}],"inLanguage":"fr-FR"},{"@type":"Organization","@id":"https:\/\/www.annonces-legales.org\/blog\/#organization","name":"Actualit\u00e9 des entreprises","url":"https:\/\/www.annonces-legales.org\/blog\/","logo":{"@type":"ImageObject","inLanguage":"fr-FR","@id":"https:\/\/www.annonces-legales.org\/blog\/#\/schema\/logo\/image\/","url":"https:\/\/www.annonces-legales.org\/blog\/wp-content\/uploads\/2023\/08\/annonces-legales.svg","contentUrl":"https:\/\/www.annonces-legales.org\/blog\/wp-content\/uploads\/2023\/08\/annonces-legales.svg","caption":"Actualit\u00e9 des entreprises"},"image":{"@id":"https:\/\/www.annonces-legales.org\/blog\/#\/schema\/logo\/image\/"}}]}},"_links":{"self":[{"href":"https:\/\/www.annonces-legales.org\/blog\/wp-json\/wp\/v2\/pages\/1550","targetHints":{"allow":["GET"]}}],"collection":[{"href":"https:\/\/www.annonces-legales.org\/blog\/wp-json\/wp\/v2\/pages"}],"about":[{"href":"https:\/\/www.annonces-legales.org\/blog\/wp-json\/wp\/v2\/types\/page"}],"author":[{"embeddable":true,"href":"https:\/\/www.annonces-legales.org\/blog\/wp-json\/wp\/v2\/users\/1"}],"replies":[{"embeddable":true,"href":"https:\/\/www.annonces-legales.org\/blog\/wp-json\/wp\/v2\/comments?post=1550"}],"version-history":[{"count":1,"href":"https:\/\/www.annonces-legales.org\/blog\/wp-json\/wp\/v2\/pages\/1550\/revisions"}],"predecessor-version":[{"id":1551,"href":"https:\/\/www.annonces-legales.org\/blog\/wp-json\/wp\/v2\/pages\/1550\/revisions\/1551"}],"up":[{"embeddable":true,"href":"https:\/\/www.annonces-legales.org\/blog\/wp-json\/wp\/v2\/pages\/351"}],"wp:attachment":[{"href":"https:\/\/www.annonces-legales.org\/blog\/wp-json\/wp\/v2\/media?parent=1550"}],"curies":[{"name":"wp","href":"https:\/\/api.w.org\/{rel}","templated":true}]}}