{"id":1552,"date":"2021-11-23T19:26:03","date_gmt":"2021-11-23T18:26:03","guid":{"rendered":"https:\/\/www.annonces-legales.org\/blog\/?page_id=1552"},"modified":"2022-01-26T12:00:48","modified_gmt":"2022-01-26T11:00:48","slug":"le-bien-public","status":"publish","type":"page","link":"https:\/\/www.annonces-legales.org\/blog\/le-bien-public\/","title":{"rendered":"Le Bien Public"},"content":{"rendered":"<p><strong>Le Bien Public<\/strong> est un journal quotidien g\u00e9n\u00e9raliste local des C\u00f4tes-d&rsquo;Armor qui para\u00eet tous les jours.<\/p>\n<p>Il poss\u00e8de cinq \u00e9ditions : \u00e9dition haute c\u00f4te d&rsquo;or, \u00e9dition Dijon (ville), \u00e9dition Beaune, \u00e9dition r\u00e9gion Dijonnaise.<br \/>\nIl est imprim\u00e9e \u00e0 environ 35\u00a0000 exemplaires pour une audience d&rsquo;environ 200\u00a0000 personnes.<\/p>\n<p>Il est vendu \u00e0 des prix diff\u00e9rents selon les jours de la semaine : un euro tous les jours sauf le vendredi (1,10 euro) et le dimanche (1,50 euro). Le journal est plus cher certain jour car il est propos\u00e9 avec des suppl\u00e9ments : loisirs, sport, TV, \u00e9conomie\u2026<br \/>\nLa r\u00e9daction du journal se situe \u00e0 Dijon au 7, Boulevard Kir (21000). Le directeur de publication est Monsieur Pierre Fanneau.<br \/>\nIl est aussi le directeur g\u00e9n\u00e9ral du journal.<\/p>\n<p>&nbsp;<\/p>\n<h2>Histoire du journal Le Bien Public<\/h2>\n<p>Le Bien Public est l&rsquo;un des journaux les plus anciens de la r\u00e9gion. Il est le r\u00e9sultat de la fusion entre le journal l&rsquo;Union Bourguignonne et le journal l&rsquo;Impartial Bourguignon.<br \/>\nC&rsquo;est donc en 1868 que le journal appara\u00eet. Son nom a \u00e9t\u00e9 choisi pour repr\u00e9senter le fait que le journal s&rsquo;adresse \u00e0 tout le monde et donc qu&rsquo;il est la propri\u00e9t\u00e9 du peuple.<br \/>\nL&rsquo;ind\u00e9pendance \u00e9ditoriale du journal laissera place \u00e0 un journal davantage ancr\u00e9 sur l&rsquo;actualit\u00e9 locale apr\u00e8s 1945.<br \/>\nLors de la seconde guerre mondiale, les \u00e9quipes du journal d\u00e9truisent les rotatives d&rsquo;impression pour que les occupants ne puissent pas \u00e9diter de nouveau journal.<br \/>\nEn 1990, le journal Le R\u00e9publicain Lorrain acquiert la majorit\u00e9 des parts du Bien Public. Il est vendu un an plus tard au groupe Hersant.<br \/>\nEn 1992, Le Bien Public va fusionner avec un autre journal du groupe Hersant: Les d\u00e9p\u00eaches de C\u00f4te-d&rsquo;Or &#8211; le progr\u00e8s.<\/p>\n<p>Ainsi, il est renomm\u00e9 <strong>Le Bien Public &#8211; Le Progr\u00e8s<\/strong> pendant un peu de temps, avant de retrouver son nom originel: Le Bien Public.<br \/>\nAfin de r\u00e9duire les frais, le groupe Hersant d\u00e9cide en 2000 d&rsquo;utiliser les m\u00eames rotatives qu&rsquo;un autre journal lui appartenant Le journal de Sa\u00f4ne-et-Loire.<br \/>\naujourd&rsquo;hui, le titre est imprim\u00e9 \u00e0 Chassieu.<\/p>\n<p>&nbsp;<\/p>\n<h2>Annonce l\u00e9gale dans le d\u00e9partement de C\u00f4te-d&rsquo;Or (21)<\/h2>\n<h3>Le tarif de cette formalit\u00e9<\/h3>\n<p>L&rsquo;annonce l\u00e9gale et judiciaire de cr\u00e9ation est la plus dispendieuse des annonces l\u00e9gales. On l&rsquo;appelle <a href=\"https:\/\/www.annonces-legales.org\/blog\/avis-de-constitution\/\">avis de constitution d&rsquo;entreprise<\/a>.<\/p>\n<p>Son co\u00fbt est national et d\u00e9pend seulement de la forme juridique de l&rsquo;entreprise qui fait l&rsquo;annonce.<\/p>\n<p>Les autres annonces l\u00e9gales ont un tarif qui va d\u00e9pendre du prix par ligne choisis par la pr\u00e9fecture du d\u00e9partement de C\u00f4te-d&rsquo;Or.<br \/>\nPour ces annonces, il faut donc r\u00e9duire la longueur de l&rsquo;annonce l\u00e9gale pour payer le moins cher possible.\u00a0 Chez annonces-legales.org, nous effectuons automatiquement cette r\u00e9duction de texte.<\/p>\n<p>En ce qui concerne le journal, n&rsquo;importe lequel peut \u00eatre choisis. Si vous \u00eates un lecteur assidu d&rsquo;un journal du d\u00e9partement de la C\u00f4te d&rsquo;Or, vous pouvez l&rsquo;utiliser. Mais vous ne serez pas certain d&rsquo;avoir le tarif le moins \u00e9lev\u00e9.<\/p>\n<p>&nbsp;<\/p>\n<h3>Publier une annonce l\u00e9gale dans le 21<\/h3>\n<p>Nous proposons une publication garantie sans soucis pour vos <strong>annonces l\u00e9gales dans le 21<\/strong>. Remplissez les informations pour obtenir un devis imm\u00e9diat !<\/p>\n<br\/><br\/><div class=\"entry-content notopmargin\">\n\t<img decoding=\"async\" class=\"img-fluid fleft\" src=\"https:\/\/www.annonces-legales.org\/images\/rapide-economique-tout-departement.png\" alt=\"Journal d'annonce l\u00e9gale  du 21 \"><a href=\"https:\/\/www.annonces-legales.org\/publication-annonce-legale.html\" class=\"button button-desc fright mtop30\"><div>Je publie<br> mon annonce<br> l\u00e9gale<\/div><span>dans un journal  du 21 !<\/span><\/a>\n<\/div><div class=\"clrbth\"><\/div><br\/><br\/>\n","protected":false},"excerpt":{"rendered":"<p>Le Bien Public est un journal quotidien g\u00e9n\u00e9raliste local des C\u00f4tes-d&rsquo;Armor qui para\u00eet tous les jours. Il poss\u00e8de cinq \u00e9ditions [&hellip;]<\/p>\n","protected":false},"author":1,"featured_media":0,"parent":351,"menu_order":0,"comment_status":"closed","ping_status":"closed","template":"","meta":{"inline_featured_image":false,"footnotes":""},"class_list":["post-1552","page","type-page","status-publish","hentry"],"yoast_head":"<!-- This site is optimized with the Yoast SEO plugin v26.8 - https:\/\/yoast.com\/product\/yoast-seo-wordpress\/ -->\n<title>Le Bien Public - Actualit\u00e9 des entreprises<\/title>\n<meta name=\"robots\" content=\"index, follow, max-snippet:-1, max-image-preview:large, max-video-preview:-1\" \/>\n<link rel=\"canonical\" href=\"https:\/\/www.annonces-legales.org\/blog\/le-bien-public\/\" \/>\n<meta property=\"og:locale\" content=\"fr_FR\" \/>\n<meta property=\"og:type\" content=\"article\" \/>\n<meta property=\"og:title\" content=\"Le Bien Public - Actualit\u00e9 des entreprises\" \/>\n<meta property=\"og:description\" content=\"Le Bien Public est un journal quotidien g\u00e9n\u00e9raliste local des C\u00f4tes-d&rsquo;Armor qui para\u00eet tous les jours. Il poss\u00e8de cinq \u00e9ditions [&hellip;]\" \/>\n<meta property=\"og:url\" content=\"https:\/\/www.annonces-legales.org\/blog\/le-bien-public\/\" \/>\n<meta property=\"og:site_name\" content=\"Actualit\u00e9 des entreprises\" \/>\n<meta property=\"article:modified_time\" content=\"2022-01-26T11:00:48+00:00\" \/>\n<meta name=\"twitter:card\" content=\"summary_large_image\" \/>\n<meta name=\"twitter:label1\" content=\"Dur\u00e9e de lecture estim\u00e9e\" \/>\n\t<meta name=\"twitter:data1\" content=\"3 minutes\" \/>\n<script type=\"application\/ld+json\" class=\"yoast-schema-graph\">{\"@context\":\"https:\/\/schema.org\",\"@graph\":[{\"@type\":\"WebPage\",\"@id\":\"https:\/\/www.annonces-legales.org\/blog\/le-bien-public\/\",\"url\":\"https:\/\/www.annonces-legales.org\/blog\/le-bien-public\/\",\"name\":\"Le Bien Public - Actualit\u00e9 des entreprises\",\"isPartOf\":{\"@id\":\"https:\/\/www.annonces-legales.org\/blog\/#website\"},\"datePublished\":\"2021-11-23T18:26:03+00:00\",\"dateModified\":\"2022-01-26T11:00:48+00:00\",\"breadcrumb\":{\"@id\":\"https:\/\/www.annonces-legales.org\/blog\/le-bien-public\/#breadcrumb\"},\"inLanguage\":\"fr-FR\",\"potentialAction\":[{\"@type\":\"ReadAction\",\"target\":[\"https:\/\/www.annonces-legales.org\/blog\/le-bien-public\/\"]}]},{\"@type\":\"BreadcrumbList\",\"@id\":\"https:\/\/www.annonces-legales.org\/blog\/le-bien-public\/#breadcrumb\",\"itemListElement\":[{\"@type\":\"ListItem\",\"position\":1,\"name\":\"Accueil\",\"item\":\"https:\/\/www.annonces-legales.org\/blog\/\"},{\"@type\":\"ListItem\",\"position\":2,\"name\":\"Liste des journaux habilit\u00e9s \u00e0 publier des annonces l\u00e9gales\",\"item\":\"https:\/\/www.annonces-legales.org\/blog\/liste-des-journaux-habilites-a-publier-des-annonces-legales\/\"},{\"@type\":\"ListItem\",\"position\":3,\"name\":\"Le Bien Public\"}]},{\"@type\":\"WebSite\",\"@id\":\"https:\/\/www.annonces-legales.org\/blog\/#website\",\"url\":\"https:\/\/www.annonces-legales.org\/blog\/\",\"name\":\"Actualit\u00e9 des entreprises\",\"description\":\"\",\"publisher\":{\"@id\":\"https:\/\/www.annonces-legales.org\/blog\/#organization\"},\"potentialAction\":[{\"@type\":\"SearchAction\",\"target\":{\"@type\":\"EntryPoint\",\"urlTemplate\":\"https:\/\/www.annonces-legales.org\/blog\/?s={search_term_string}\"},\"query-input\":{\"@type\":\"PropertyValueSpecification\",\"valueRequired\":true,\"valueName\":\"search_term_string\"}}],\"inLanguage\":\"fr-FR\"},{\"@type\":\"Organization\",\"@id\":\"https:\/\/www.annonces-legales.org\/blog\/#organization\",\"name\":\"Actualit\u00e9 des entreprises\",\"url\":\"https:\/\/www.annonces-legales.org\/blog\/\",\"logo\":{\"@type\":\"ImageObject\",\"inLanguage\":\"fr-FR\",\"@id\":\"https:\/\/www.annonces-legales.org\/blog\/#\/schema\/logo\/image\/\",\"url\":\"https:\/\/www.annonces-legales.org\/blog\/wp-content\/uploads\/2023\/08\/annonces-legales.svg\",\"contentUrl\":\"https:\/\/www.annonces-legales.org\/blog\/wp-content\/uploads\/2023\/08\/annonces-legales.svg\",\"caption\":\"Actualit\u00e9 des entreprises\"},\"image\":{\"@id\":\"https:\/\/www.annonces-legales.org\/blog\/#\/schema\/logo\/image\/\"}}]}<\/script>\n<!-- \/ Yoast SEO plugin. -->","yoast_head_json":{"title":"Le Bien Public - Actualit\u00e9 des entreprises","robots":{"index":"index","follow":"follow","max-snippet":"max-snippet:-1","max-image-preview":"max-image-preview:large","max-video-preview":"max-video-preview:-1"},"canonical":"https:\/\/www.annonces-legales.org\/blog\/le-bien-public\/","og_locale":"fr_FR","og_type":"article","og_title":"Le Bien Public - Actualit\u00e9 des entreprises","og_description":"Le Bien Public est un journal quotidien g\u00e9n\u00e9raliste local des C\u00f4tes-d&rsquo;Armor qui para\u00eet tous les jours. Il poss\u00e8de cinq \u00e9ditions [&hellip;]","og_url":"https:\/\/www.annonces-legales.org\/blog\/le-bien-public\/","og_site_name":"Actualit\u00e9 des entreprises","article_modified_time":"2022-01-26T11:00:48+00:00","twitter_card":"summary_large_image","twitter_misc":{"Dur\u00e9e de lecture estim\u00e9e":"3 minutes"},"schema":{"@context":"https:\/\/schema.org","@graph":[{"@type":"WebPage","@id":"https:\/\/www.annonces-legales.org\/blog\/le-bien-public\/","url":"https:\/\/www.annonces-legales.org\/blog\/le-bien-public\/","name":"Le Bien Public - Actualit\u00e9 des entreprises","isPartOf":{"@id":"https:\/\/www.annonces-legales.org\/blog\/#website"},"datePublished":"2021-11-23T18:26:03+00:00","dateModified":"2022-01-26T11:00:48+00:00","breadcrumb":{"@id":"https:\/\/www.annonces-legales.org\/blog\/le-bien-public\/#breadcrumb"},"inLanguage":"fr-FR","potentialAction":[{"@type":"ReadAction","target":["https:\/\/www.annonces-legales.org\/blog\/le-bien-public\/"]}]},{"@type":"BreadcrumbList","@id":"https:\/\/www.annonces-legales.org\/blog\/le-bien-public\/#breadcrumb","itemListElement":[{"@type":"ListItem","position":1,"name":"Accueil","item":"https:\/\/www.annonces-legales.org\/blog\/"},{"@type":"ListItem","position":2,"name":"Liste des journaux habilit\u00e9s \u00e0 publier des annonces l\u00e9gales","item":"https:\/\/www.annonces-legales.org\/blog\/liste-des-journaux-habilites-a-publier-des-annonces-legales\/"},{"@type":"ListItem","position":3,"name":"Le Bien Public"}]},{"@type":"WebSite","@id":"https:\/\/www.annonces-legales.org\/blog\/#website","url":"https:\/\/www.annonces-legales.org\/blog\/","name":"Actualit\u00e9 des entreprises","description":"","publisher":{"@id":"https:\/\/www.annonces-legales.org\/blog\/#organization"},"potentialAction":[{"@type":"SearchAction","target":{"@type":"EntryPoint","urlTemplate":"https:\/\/www.annonces-legales.org\/blog\/?s={search_term_string}"},"query-input":{"@type":"PropertyValueSpecification","valueRequired":true,"valueName":"search_term_string"}}],"inLanguage":"fr-FR"},{"@type":"Organization","@id":"https:\/\/www.annonces-legales.org\/blog\/#organization","name":"Actualit\u00e9 des entreprises","url":"https:\/\/www.annonces-legales.org\/blog\/","logo":{"@type":"ImageObject","inLanguage":"fr-FR","@id":"https:\/\/www.annonces-legales.org\/blog\/#\/schema\/logo\/image\/","url":"https:\/\/www.annonces-legales.org\/blog\/wp-content\/uploads\/2023\/08\/annonces-legales.svg","contentUrl":"https:\/\/www.annonces-legales.org\/blog\/wp-content\/uploads\/2023\/08\/annonces-legales.svg","caption":"Actualit\u00e9 des entreprises"},"image":{"@id":"https:\/\/www.annonces-legales.org\/blog\/#\/schema\/logo\/image\/"}}]}},"_links":{"self":[{"href":"https:\/\/www.annonces-legales.org\/blog\/wp-json\/wp\/v2\/pages\/1552","targetHints":{"allow":["GET"]}}],"collection":[{"href":"https:\/\/www.annonces-legales.org\/blog\/wp-json\/wp\/v2\/pages"}],"about":[{"href":"https:\/\/www.annonces-legales.org\/blog\/wp-json\/wp\/v2\/types\/page"}],"author":[{"embeddable":true,"href":"https:\/\/www.annonces-legales.org\/blog\/wp-json\/wp\/v2\/users\/1"}],"replies":[{"embeddable":true,"href":"https:\/\/www.annonces-legales.org\/blog\/wp-json\/wp\/v2\/comments?post=1552"}],"version-history":[{"count":2,"href":"https:\/\/www.annonces-legales.org\/blog\/wp-json\/wp\/v2\/pages\/1552\/revisions"}],"predecessor-version":[{"id":2355,"href":"https:\/\/www.annonces-legales.org\/blog\/wp-json\/wp\/v2\/pages\/1552\/revisions\/2355"}],"up":[{"embeddable":true,"href":"https:\/\/www.annonces-legales.org\/blog\/wp-json\/wp\/v2\/pages\/351"}],"wp:attachment":[{"href":"https:\/\/www.annonces-legales.org\/blog\/wp-json\/wp\/v2\/media?parent=1552"}],"curies":[{"name":"wp","href":"https:\/\/api.w.org\/{rel}","templated":true}]}}