{"id":1554,"date":"2022-01-07T09:26:18","date_gmt":"2022-01-07T08:26:18","guid":{"rendered":"https:\/\/www.annonces-legales.org\/blog\/?page_id=1554"},"modified":"2022-01-26T12:04:41","modified_gmt":"2022-01-26T11:04:41","slug":"le-pays-briard","status":"publish","type":"page","link":"https:\/\/www.annonces-legales.org\/blog\/le-pays-briard\/","title":{"rendered":"Le Pays Briard"},"content":{"rendered":"<p><strong>Le Pays Briard<\/strong> est un titre bihebdomadaire de la presse r\u00e9gionale fran\u00e7aise. C&rsquo;est un journal de proximit\u00e9 qui couvre l&rsquo;actualit\u00e9 de la Seine-et-Marne.<br \/>\nPlus pr\u00e9cis\u00e9ment, il couvre l&rsquo;actualit\u00e9 de la Marne, de Melun, de Meaux, de Coulommiers, de Tournay en brie, de Rosay en brie&#8230;<br \/>\nCe journal au format tablo\u00efd est vendu 1,30 euros et para\u00eet chaque mardi et chaque vendredi.<br \/>\nIl poss\u00e8de une audience d&rsquo;environ 30\u00a0000 lecteurs. L&rsquo;\u00e9quipe du journal est compos\u00e9e de Jean-Michel Rochet (r\u00e9dacteur en chef), Philippe Ducept (Directeur d\u00e9l\u00e9gu\u00e9), Thomas Martin(\u00c9diteur), et Francis Gaunand (directeur de la publication).<br \/>\nCe journal r\u00e9gional appartient \u00e0 la soci\u00e9t\u00e9 de presse PubliHebdos depuis 2010.<\/p>\n<p>&nbsp;<\/p>\n<h2>Informations de contact<\/h2>\n<p>L&rsquo;adresse du journal est la suivante : 18, Rue Abel Prouharam, 77120 Coulommiers.<br \/>\nT\u00e9l\u00e9phone : 01 64 75 38 00<br \/>\nE-mail : lepaysbriard@lepaysbriard.com<\/p>\n<p>&nbsp;<\/p>\n<h2>En savoir plus sur Le Pays Briard<\/h2>\n<p>Ce titre de presse a \u00e9t\u00e9 cr\u00e9\u00e9 en 1886 et s&rsquo;appelait alors Le Democrate. Malgr\u00e9 que le journal ait \u00e9t\u00e9 publi\u00e9 pendant la guerre, il \u00e9chappe la fermeture car son directeur de publication Edmond Rayer \u00e0 id\u00e9e la r\u00e9sistance.<br \/>\nIl change tout de m\u00eame de nom pour devenir Le Pays Briard.<\/p>\n<p>&nbsp;<\/p>\n<h2>Combien co\u00fbte un abonnement au journal Le Pays Briard ?<\/h2>\n<p>La version totalement num\u00e9rique est propos\u00e9 \u00e0 8,30 \u20ac par mois. La version papier est disponible au m\u00eame prix. Pour 0,90 \u20ac de plus, vous pouvez avoir un abonnement qui contient les deux versions.<br \/>\nPour s&rsquo;abonner, il suffit de se rendre sur le site du journal.<\/p>\n<p>&nbsp;<\/p>\n<h2>Le Pays Briard, JAL de Seine-et-Marne<\/h2>\n<p>Le Pays Briard poss\u00e8de l&rsquo;habilitation de la pr\u00e9fecture de Seine-et-Marne. Cela lui permet de pouvoir proposer des services de publications d&rsquo;annonces l\u00e9gales pour les soci\u00e9t\u00e9s et les habitants de ce d\u00e9partement.<br \/>\nIl poss\u00e8de cette autorisation car il r\u00e9pond aux nombreux crit\u00e8res demand\u00e9s par le minist\u00e8re de la culture pour devenir un journal d&rsquo;annonces l\u00e9gales (JAL).<br \/>\nPour le d\u00e9partement de Seine-et-Marne il existe un grand nombre de journaux sur lequel vous pouvez publier des annonces officielles. Pour avoir un devis tr\u00e8s rapidement, n&rsquo;h\u00e9sitez pas \u00e0 faire appel aux services de annonces-legales.org<\/p>\n<br\/><br\/><div class=\"entry-content notopmargin\">\n\t<img decoding=\"async\" class=\"img-fluid fleft\" src=\"https:\/\/www.annonces-legales.org\/images\/rapide-economique-tout-departement.png\" alt=\"Journal d'annonce l\u00e9gale  de Seine-et-Marne \"><a href=\"https:\/\/www.annonces-legales.org\/publication-annonce-legale.html\" class=\"button button-desc fright mtop30\"><div>Je publie<br> mon annonce<br> l\u00e9gale<\/div><span>dans un journal  de Seine-et-Marne !<\/span><\/a>\n<\/div><div class=\"clrbth\"><\/div><br\/><br\/>\n","protected":false},"excerpt":{"rendered":"<p>Le Pays Briard est un titre bihebdomadaire de la presse r\u00e9gionale fran\u00e7aise. C&rsquo;est un journal de proximit\u00e9 qui couvre l&rsquo;actualit\u00e9 [&hellip;]<\/p>\n","protected":false},"author":1,"featured_media":0,"parent":351,"menu_order":0,"comment_status":"closed","ping_status":"closed","template":"","meta":{"inline_featured_image":false,"footnotes":""},"class_list":["post-1554","page","type-page","status-publish","hentry"],"yoast_head":"<!-- This site is optimized with the Yoast SEO plugin v26.8 - https:\/\/yoast.com\/product\/yoast-seo-wordpress\/ -->\n<title>Le Pays Briard - Actualit\u00e9 des entreprises<\/title>\n<meta name=\"robots\" content=\"index, follow, max-snippet:-1, max-image-preview:large, max-video-preview:-1\" \/>\n<link rel=\"canonical\" href=\"https:\/\/www.annonces-legales.org\/blog\/le-pays-briard\/\" \/>\n<meta property=\"og:locale\" content=\"fr_FR\" \/>\n<meta property=\"og:type\" content=\"article\" \/>\n<meta property=\"og:title\" content=\"Le Pays Briard - Actualit\u00e9 des entreprises\" \/>\n<meta property=\"og:description\" content=\"Le Pays Briard est un titre bihebdomadaire de la presse r\u00e9gionale fran\u00e7aise. C&rsquo;est un journal de proximit\u00e9 qui couvre l&rsquo;actualit\u00e9 [&hellip;]\" \/>\n<meta property=\"og:url\" content=\"https:\/\/www.annonces-legales.org\/blog\/le-pays-briard\/\" \/>\n<meta property=\"og:site_name\" content=\"Actualit\u00e9 des entreprises\" \/>\n<meta property=\"article:modified_time\" content=\"2022-01-26T11:04:41+00:00\" \/>\n<meta name=\"twitter:card\" content=\"summary_large_image\" \/>\n<meta name=\"twitter:label1\" content=\"Dur\u00e9e de lecture estim\u00e9e\" \/>\n\t<meta name=\"twitter:data1\" content=\"2 minutes\" \/>\n<script type=\"application\/ld+json\" class=\"yoast-schema-graph\">{\"@context\":\"https:\/\/schema.org\",\"@graph\":[{\"@type\":\"WebPage\",\"@id\":\"https:\/\/www.annonces-legales.org\/blog\/le-pays-briard\/\",\"url\":\"https:\/\/www.annonces-legales.org\/blog\/le-pays-briard\/\",\"name\":\"Le Pays Briard - Actualit\u00e9 des entreprises\",\"isPartOf\":{\"@id\":\"https:\/\/www.annonces-legales.org\/blog\/#website\"},\"datePublished\":\"2022-01-07T08:26:18+00:00\",\"dateModified\":\"2022-01-26T11:04:41+00:00\",\"breadcrumb\":{\"@id\":\"https:\/\/www.annonces-legales.org\/blog\/le-pays-briard\/#breadcrumb\"},\"inLanguage\":\"fr-FR\",\"potentialAction\":[{\"@type\":\"ReadAction\",\"target\":[\"https:\/\/www.annonces-legales.org\/blog\/le-pays-briard\/\"]}]},{\"@type\":\"BreadcrumbList\",\"@id\":\"https:\/\/www.annonces-legales.org\/blog\/le-pays-briard\/#breadcrumb\",\"itemListElement\":[{\"@type\":\"ListItem\",\"position\":1,\"name\":\"Accueil\",\"item\":\"https:\/\/www.annonces-legales.org\/blog\/\"},{\"@type\":\"ListItem\",\"position\":2,\"name\":\"Liste des journaux habilit\u00e9s \u00e0 publier des annonces l\u00e9gales\",\"item\":\"https:\/\/www.annonces-legales.org\/blog\/liste-des-journaux-habilites-a-publier-des-annonces-legales\/\"},{\"@type\":\"ListItem\",\"position\":3,\"name\":\"Le Pays Briard\"}]},{\"@type\":\"WebSite\",\"@id\":\"https:\/\/www.annonces-legales.org\/blog\/#website\",\"url\":\"https:\/\/www.annonces-legales.org\/blog\/\",\"name\":\"Actualit\u00e9 des entreprises\",\"description\":\"\",\"publisher\":{\"@id\":\"https:\/\/www.annonces-legales.org\/blog\/#organization\"},\"potentialAction\":[{\"@type\":\"SearchAction\",\"target\":{\"@type\":\"EntryPoint\",\"urlTemplate\":\"https:\/\/www.annonces-legales.org\/blog\/?s={search_term_string}\"},\"query-input\":{\"@type\":\"PropertyValueSpecification\",\"valueRequired\":true,\"valueName\":\"search_term_string\"}}],\"inLanguage\":\"fr-FR\"},{\"@type\":\"Organization\",\"@id\":\"https:\/\/www.annonces-legales.org\/blog\/#organization\",\"name\":\"Actualit\u00e9 des entreprises\",\"url\":\"https:\/\/www.annonces-legales.org\/blog\/\",\"logo\":{\"@type\":\"ImageObject\",\"inLanguage\":\"fr-FR\",\"@id\":\"https:\/\/www.annonces-legales.org\/blog\/#\/schema\/logo\/image\/\",\"url\":\"https:\/\/www.annonces-legales.org\/blog\/wp-content\/uploads\/2023\/08\/annonces-legales.svg\",\"contentUrl\":\"https:\/\/www.annonces-legales.org\/blog\/wp-content\/uploads\/2023\/08\/annonces-legales.svg\",\"caption\":\"Actualit\u00e9 des entreprises\"},\"image\":{\"@id\":\"https:\/\/www.annonces-legales.org\/blog\/#\/schema\/logo\/image\/\"}}]}<\/script>\n<!-- \/ Yoast SEO plugin. -->","yoast_head_json":{"title":"Le Pays Briard - Actualit\u00e9 des entreprises","robots":{"index":"index","follow":"follow","max-snippet":"max-snippet:-1","max-image-preview":"max-image-preview:large","max-video-preview":"max-video-preview:-1"},"canonical":"https:\/\/www.annonces-legales.org\/blog\/le-pays-briard\/","og_locale":"fr_FR","og_type":"article","og_title":"Le Pays Briard - Actualit\u00e9 des entreprises","og_description":"Le Pays Briard est un titre bihebdomadaire de la presse r\u00e9gionale fran\u00e7aise. C&rsquo;est un journal de proximit\u00e9 qui couvre l&rsquo;actualit\u00e9 [&hellip;]","og_url":"https:\/\/www.annonces-legales.org\/blog\/le-pays-briard\/","og_site_name":"Actualit\u00e9 des entreprises","article_modified_time":"2022-01-26T11:04:41+00:00","twitter_card":"summary_large_image","twitter_misc":{"Dur\u00e9e de lecture estim\u00e9e":"2 minutes"},"schema":{"@context":"https:\/\/schema.org","@graph":[{"@type":"WebPage","@id":"https:\/\/www.annonces-legales.org\/blog\/le-pays-briard\/","url":"https:\/\/www.annonces-legales.org\/blog\/le-pays-briard\/","name":"Le Pays Briard - Actualit\u00e9 des entreprises","isPartOf":{"@id":"https:\/\/www.annonces-legales.org\/blog\/#website"},"datePublished":"2022-01-07T08:26:18+00:00","dateModified":"2022-01-26T11:04:41+00:00","breadcrumb":{"@id":"https:\/\/www.annonces-legales.org\/blog\/le-pays-briard\/#breadcrumb"},"inLanguage":"fr-FR","potentialAction":[{"@type":"ReadAction","target":["https:\/\/www.annonces-legales.org\/blog\/le-pays-briard\/"]}]},{"@type":"BreadcrumbList","@id":"https:\/\/www.annonces-legales.org\/blog\/le-pays-briard\/#breadcrumb","itemListElement":[{"@type":"ListItem","position":1,"name":"Accueil","item":"https:\/\/www.annonces-legales.org\/blog\/"},{"@type":"ListItem","position":2,"name":"Liste des journaux habilit\u00e9s \u00e0 publier des annonces l\u00e9gales","item":"https:\/\/www.annonces-legales.org\/blog\/liste-des-journaux-habilites-a-publier-des-annonces-legales\/"},{"@type":"ListItem","position":3,"name":"Le Pays Briard"}]},{"@type":"WebSite","@id":"https:\/\/www.annonces-legales.org\/blog\/#website","url":"https:\/\/www.annonces-legales.org\/blog\/","name":"Actualit\u00e9 des entreprises","description":"","publisher":{"@id":"https:\/\/www.annonces-legales.org\/blog\/#organization"},"potentialAction":[{"@type":"SearchAction","target":{"@type":"EntryPoint","urlTemplate":"https:\/\/www.annonces-legales.org\/blog\/?s={search_term_string}"},"query-input":{"@type":"PropertyValueSpecification","valueRequired":true,"valueName":"search_term_string"}}],"inLanguage":"fr-FR"},{"@type":"Organization","@id":"https:\/\/www.annonces-legales.org\/blog\/#organization","name":"Actualit\u00e9 des entreprises","url":"https:\/\/www.annonces-legales.org\/blog\/","logo":{"@type":"ImageObject","inLanguage":"fr-FR","@id":"https:\/\/www.annonces-legales.org\/blog\/#\/schema\/logo\/image\/","url":"https:\/\/www.annonces-legales.org\/blog\/wp-content\/uploads\/2023\/08\/annonces-legales.svg","contentUrl":"https:\/\/www.annonces-legales.org\/blog\/wp-content\/uploads\/2023\/08\/annonces-legales.svg","caption":"Actualit\u00e9 des entreprises"},"image":{"@id":"https:\/\/www.annonces-legales.org\/blog\/#\/schema\/logo\/image\/"}}]}},"_links":{"self":[{"href":"https:\/\/www.annonces-legales.org\/blog\/wp-json\/wp\/v2\/pages\/1554","targetHints":{"allow":["GET"]}}],"collection":[{"href":"https:\/\/www.annonces-legales.org\/blog\/wp-json\/wp\/v2\/pages"}],"about":[{"href":"https:\/\/www.annonces-legales.org\/blog\/wp-json\/wp\/v2\/types\/page"}],"author":[{"embeddable":true,"href":"https:\/\/www.annonces-legales.org\/blog\/wp-json\/wp\/v2\/users\/1"}],"replies":[{"embeddable":true,"href":"https:\/\/www.annonces-legales.org\/blog\/wp-json\/wp\/v2\/comments?post=1554"}],"version-history":[{"count":3,"href":"https:\/\/www.annonces-legales.org\/blog\/wp-json\/wp\/v2\/pages\/1554\/revisions"}],"predecessor-version":[{"id":2357,"href":"https:\/\/www.annonces-legales.org\/blog\/wp-json\/wp\/v2\/pages\/1554\/revisions\/2357"}],"up":[{"embeddable":true,"href":"https:\/\/www.annonces-legales.org\/blog\/wp-json\/wp\/v2\/pages\/351"}],"wp:attachment":[{"href":"https:\/\/www.annonces-legales.org\/blog\/wp-json\/wp\/v2\/media?parent=1554"}],"curies":[{"name":"wp","href":"https:\/\/api.w.org\/{rel}","templated":true}]}}