{"id":1557,"date":"2022-02-23T10:28:30","date_gmt":"2022-02-23T09:28:30","guid":{"rendered":"https:\/\/www.annonces-legales.org\/blog\/?page_id=1557"},"modified":"2022-01-26T11:37:04","modified_gmt":"2022-01-26T10:37:04","slug":"centre-presse-86","status":"publish","type":"page","link":"https:\/\/www.annonces-legales.org\/blog\/centre-presse-86\/","title":{"rendered":"Centre Presse 86"},"content":{"rendered":"<p>Le journal <strong>Centre Presse \u2013 Quotidien de la Vienne<\/strong> couvre l&rsquo;actualit\u00e9 de la Vienne (r\u00e9gion nouvelle Aquitaine).<br \/>\nIl se concentre notamment sur l&rsquo;actualit\u00e9 des villes de Vienne, Poitiers, Chauvigny, Ch\u00e2tellerault, Montmorillon, Loudun.<br \/>\nIl ne s&rsquo;occupe pas de l&rsquo;actualit\u00e9 nationale. Le journal se contente de reprendre les d\u00e9p\u00eaches des agences de presse.<\/p>\n<p>&nbsp;<\/p>\n<h2>Informations de contact du journal<\/h2>\n<p>Adresse du journal : 1 Ter rue du moulin \u00e0 vent, 86000 Poitiers.<br \/>\nT\u00e9l\u00e9phone : 05 49 55 55 70<br \/>\nE-mail : contact@centre-presse.fr<\/p>\n<p>&nbsp;<\/p>\n<h2>Centre Presse 86 sur Internet<\/h2>\n<p>Le journal centre presse 86 et tr\u00e8s pr\u00e9sent sur Internet avec un compte Twitter, Instagram et Facebook.<br \/>\nIl poss\u00e8de aussi une page Internet sur lequel il est possible de lire en clair les actualit\u00e9s de la r\u00e9gion.<br \/>\nPour les personnes malentendantes, les articles peuvent \u00eatre \u00e9cout\u00e9s en direct.<br \/>\nLa page Internet du journal offre la possibilit\u00e9 aux lecteurs de s&rsquo;abonner pour un mois (31,20 euros), pour trois mois (93,90 \u20ac), pour six mois (183,20 \u20ac), ou pour un an (354,05 euro).<\/p>\n<p>&nbsp;<\/p>\n<h2>En savoir plus sur Centre Presse 86<\/h2>\n<p>La cr\u00e9ation de ce journal date de 1940. C&rsquo;\u00e9tait tout d&rsquo;abord un hebdomadaire tant distinct pendant la guerre qui s&rsquo;appelait le libre Poitou.<br \/>\nLe journal fut repris par Robert Hersant dans les ann\u00e9es 50 qu&rsquo;il renomme Centre Presse.<br \/>\nLe journal est aujourd&rsquo;hui d\u00e9tenu par la soci\u00e9t\u00e9 de presse et d&rsquo;information SDPI. Le directeur de publication est Olivier Saint-Crocq.<\/p>\n<p>Ce quotidien de la Vienne est habilit\u00e9 pour publier des annonces l\u00e9gales dans le d\u00e9partement 86.<\/p>\n<br\/><br\/><div class=\"entry-content notopmargin\">\n\t<img decoding=\"async\" class=\"img-fluid fleft\" src=\"https:\/\/www.annonces-legales.org\/images\/rapide-economique-tout-departement.png\" alt=\"Journal d'annonce l\u00e9gale  de la Vienne \"><a href=\"https:\/\/www.annonces-legales.org\/publication-annonce-legale.html\" class=\"button button-desc fright mtop30\"><div>Je publie<br> mon annonce<br> l\u00e9gale<\/div><span>dans un journal  de la Vienne !<\/span><\/a>\n<\/div><div class=\"clrbth\"><\/div><br\/><br\/>\n<p>&nbsp;<\/p>\n<h2>Comment publier une annonce l\u00e9gale dans le d\u00e9partement de la Vienne 86 ?<\/h2>\n<p>\u00c0 fin de publier une annonce l\u00e9gale dans le d\u00e9partement de la Vienne, il est n\u00e9cessaire d&rsquo;ins\u00e9rer votre texte sur un journal habilit\u00e9 par la pr\u00e9fecture comme par exemple Centre Presse 86.<br \/>\npour conna\u00eetre le nom des journaux JAL autoris\u00e9s \u00e0 faire ce type de formalit\u00e9, vous pouvez vous rendre sur la page de la pr\u00e9fecture pour y t\u00e9l\u00e9charger la liste des journaux.<br \/>\nPlus simplement, vous pouvez utiliser notre service d&rsquo;annonces l\u00e9gales en ligne.<br \/>\nCe service permet de r\u00e9diger automatiquement votre annonce l\u00e9gale et vous proposera de le publier uniquement sur un des journaux habilit\u00e9s de ce d\u00e9partement.<\/p>\n","protected":false},"excerpt":{"rendered":"<p>Le journal Centre Presse \u2013 Quotidien de la Vienne couvre l&rsquo;actualit\u00e9 de la Vienne (r\u00e9gion nouvelle Aquitaine). Il se concentre [&hellip;]<\/p>\n","protected":false},"author":1,"featured_media":0,"parent":351,"menu_order":0,"comment_status":"closed","ping_status":"closed","template":"","meta":{"inline_featured_image":false,"footnotes":""},"class_list":["post-1557","page","type-page","status-publish","hentry"],"yoast_head":"<!-- This site is optimized with the Yoast SEO plugin v26.8 - https:\/\/yoast.com\/product\/yoast-seo-wordpress\/ -->\n<title>Centre Presse 86 - Actualit\u00e9 des entreprises<\/title>\n<meta name=\"robots\" content=\"index, follow, max-snippet:-1, max-image-preview:large, max-video-preview:-1\" \/>\n<link rel=\"canonical\" href=\"https:\/\/www.annonces-legales.org\/blog\/centre-presse-86\/\" \/>\n<meta property=\"og:locale\" content=\"fr_FR\" \/>\n<meta property=\"og:type\" content=\"article\" \/>\n<meta property=\"og:title\" content=\"Centre Presse 86 - Actualit\u00e9 des entreprises\" \/>\n<meta property=\"og:description\" content=\"Le journal Centre Presse \u2013 Quotidien de la Vienne couvre l&rsquo;actualit\u00e9 de la Vienne (r\u00e9gion nouvelle Aquitaine). Il se concentre [&hellip;]\" \/>\n<meta property=\"og:url\" content=\"https:\/\/www.annonces-legales.org\/blog\/centre-presse-86\/\" \/>\n<meta property=\"og:site_name\" content=\"Actualit\u00e9 des entreprises\" \/>\n<meta name=\"twitter:card\" content=\"summary_large_image\" \/>\n<meta name=\"twitter:label1\" content=\"Dur\u00e9e de lecture estim\u00e9e\" \/>\n\t<meta name=\"twitter:data1\" content=\"2 minutes\" \/>\n<script type=\"application\/ld+json\" class=\"yoast-schema-graph\">{\"@context\":\"https:\/\/schema.org\",\"@graph\":[{\"@type\":\"WebPage\",\"@id\":\"https:\/\/www.annonces-legales.org\/blog\/centre-presse-86\/\",\"url\":\"https:\/\/www.annonces-legales.org\/blog\/centre-presse-86\/\",\"name\":\"Centre Presse 86 - Actualit\u00e9 des entreprises\",\"isPartOf\":{\"@id\":\"https:\/\/www.annonces-legales.org\/blog\/#website\"},\"datePublished\":\"2022-02-23T09:28:30+00:00\",\"breadcrumb\":{\"@id\":\"https:\/\/www.annonces-legales.org\/blog\/centre-presse-86\/#breadcrumb\"},\"inLanguage\":\"fr-FR\",\"potentialAction\":[{\"@type\":\"ReadAction\",\"target\":[\"https:\/\/www.annonces-legales.org\/blog\/centre-presse-86\/\"]}]},{\"@type\":\"BreadcrumbList\",\"@id\":\"https:\/\/www.annonces-legales.org\/blog\/centre-presse-86\/#breadcrumb\",\"itemListElement\":[{\"@type\":\"ListItem\",\"position\":1,\"name\":\"Accueil\",\"item\":\"https:\/\/www.annonces-legales.org\/blog\/\"},{\"@type\":\"ListItem\",\"position\":2,\"name\":\"Liste des journaux habilit\u00e9s \u00e0 publier des annonces l\u00e9gales\",\"item\":\"https:\/\/www.annonces-legales.org\/blog\/liste-des-journaux-habilites-a-publier-des-annonces-legales\/\"},{\"@type\":\"ListItem\",\"position\":3,\"name\":\"Centre Presse 86\"}]},{\"@type\":\"WebSite\",\"@id\":\"https:\/\/www.annonces-legales.org\/blog\/#website\",\"url\":\"https:\/\/www.annonces-legales.org\/blog\/\",\"name\":\"Actualit\u00e9 des entreprises\",\"description\":\"\",\"publisher\":{\"@id\":\"https:\/\/www.annonces-legales.org\/blog\/#organization\"},\"potentialAction\":[{\"@type\":\"SearchAction\",\"target\":{\"@type\":\"EntryPoint\",\"urlTemplate\":\"https:\/\/www.annonces-legales.org\/blog\/?s={search_term_string}\"},\"query-input\":{\"@type\":\"PropertyValueSpecification\",\"valueRequired\":true,\"valueName\":\"search_term_string\"}}],\"inLanguage\":\"fr-FR\"},{\"@type\":\"Organization\",\"@id\":\"https:\/\/www.annonces-legales.org\/blog\/#organization\",\"name\":\"Actualit\u00e9 des entreprises\",\"url\":\"https:\/\/www.annonces-legales.org\/blog\/\",\"logo\":{\"@type\":\"ImageObject\",\"inLanguage\":\"fr-FR\",\"@id\":\"https:\/\/www.annonces-legales.org\/blog\/#\/schema\/logo\/image\/\",\"url\":\"https:\/\/www.annonces-legales.org\/blog\/wp-content\/uploads\/2023\/08\/annonces-legales.svg\",\"contentUrl\":\"https:\/\/www.annonces-legales.org\/blog\/wp-content\/uploads\/2023\/08\/annonces-legales.svg\",\"caption\":\"Actualit\u00e9 des entreprises\"},\"image\":{\"@id\":\"https:\/\/www.annonces-legales.org\/blog\/#\/schema\/logo\/image\/\"}}]}<\/script>\n<!-- \/ Yoast SEO plugin. -->","yoast_head_json":{"title":"Centre Presse 86 - Actualit\u00e9 des entreprises","robots":{"index":"index","follow":"follow","max-snippet":"max-snippet:-1","max-image-preview":"max-image-preview:large","max-video-preview":"max-video-preview:-1"},"canonical":"https:\/\/www.annonces-legales.org\/blog\/centre-presse-86\/","og_locale":"fr_FR","og_type":"article","og_title":"Centre Presse 86 - Actualit\u00e9 des entreprises","og_description":"Le journal Centre Presse \u2013 Quotidien de la Vienne couvre l&rsquo;actualit\u00e9 de la Vienne (r\u00e9gion nouvelle Aquitaine). Il se concentre [&hellip;]","og_url":"https:\/\/www.annonces-legales.org\/blog\/centre-presse-86\/","og_site_name":"Actualit\u00e9 des entreprises","twitter_card":"summary_large_image","twitter_misc":{"Dur\u00e9e de lecture estim\u00e9e":"2 minutes"},"schema":{"@context":"https:\/\/schema.org","@graph":[{"@type":"WebPage","@id":"https:\/\/www.annonces-legales.org\/blog\/centre-presse-86\/","url":"https:\/\/www.annonces-legales.org\/blog\/centre-presse-86\/","name":"Centre Presse 86 - Actualit\u00e9 des entreprises","isPartOf":{"@id":"https:\/\/www.annonces-legales.org\/blog\/#website"},"datePublished":"2022-02-23T09:28:30+00:00","breadcrumb":{"@id":"https:\/\/www.annonces-legales.org\/blog\/centre-presse-86\/#breadcrumb"},"inLanguage":"fr-FR","potentialAction":[{"@type":"ReadAction","target":["https:\/\/www.annonces-legales.org\/blog\/centre-presse-86\/"]}]},{"@type":"BreadcrumbList","@id":"https:\/\/www.annonces-legales.org\/blog\/centre-presse-86\/#breadcrumb","itemListElement":[{"@type":"ListItem","position":1,"name":"Accueil","item":"https:\/\/www.annonces-legales.org\/blog\/"},{"@type":"ListItem","position":2,"name":"Liste des journaux habilit\u00e9s \u00e0 publier des annonces l\u00e9gales","item":"https:\/\/www.annonces-legales.org\/blog\/liste-des-journaux-habilites-a-publier-des-annonces-legales\/"},{"@type":"ListItem","position":3,"name":"Centre Presse 86"}]},{"@type":"WebSite","@id":"https:\/\/www.annonces-legales.org\/blog\/#website","url":"https:\/\/www.annonces-legales.org\/blog\/","name":"Actualit\u00e9 des entreprises","description":"","publisher":{"@id":"https:\/\/www.annonces-legales.org\/blog\/#organization"},"potentialAction":[{"@type":"SearchAction","target":{"@type":"EntryPoint","urlTemplate":"https:\/\/www.annonces-legales.org\/blog\/?s={search_term_string}"},"query-input":{"@type":"PropertyValueSpecification","valueRequired":true,"valueName":"search_term_string"}}],"inLanguage":"fr-FR"},{"@type":"Organization","@id":"https:\/\/www.annonces-legales.org\/blog\/#organization","name":"Actualit\u00e9 des entreprises","url":"https:\/\/www.annonces-legales.org\/blog\/","logo":{"@type":"ImageObject","inLanguage":"fr-FR","@id":"https:\/\/www.annonces-legales.org\/blog\/#\/schema\/logo\/image\/","url":"https:\/\/www.annonces-legales.org\/blog\/wp-content\/uploads\/2023\/08\/annonces-legales.svg","contentUrl":"https:\/\/www.annonces-legales.org\/blog\/wp-content\/uploads\/2023\/08\/annonces-legales.svg","caption":"Actualit\u00e9 des entreprises"},"image":{"@id":"https:\/\/www.annonces-legales.org\/blog\/#\/schema\/logo\/image\/"}}]}},"_links":{"self":[{"href":"https:\/\/www.annonces-legales.org\/blog\/wp-json\/wp\/v2\/pages\/1557","targetHints":{"allow":["GET"]}}],"collection":[{"href":"https:\/\/www.annonces-legales.org\/blog\/wp-json\/wp\/v2\/pages"}],"about":[{"href":"https:\/\/www.annonces-legales.org\/blog\/wp-json\/wp\/v2\/types\/page"}],"author":[{"embeddable":true,"href":"https:\/\/www.annonces-legales.org\/blog\/wp-json\/wp\/v2\/users\/1"}],"replies":[{"embeddable":true,"href":"https:\/\/www.annonces-legales.org\/blog\/wp-json\/wp\/v2\/comments?post=1557"}],"version-history":[{"count":1,"href":"https:\/\/www.annonces-legales.org\/blog\/wp-json\/wp\/v2\/pages\/1557\/revisions"}],"predecessor-version":[{"id":1558,"href":"https:\/\/www.annonces-legales.org\/blog\/wp-json\/wp\/v2\/pages\/1557\/revisions\/1558"}],"up":[{"embeddable":true,"href":"https:\/\/www.annonces-legales.org\/blog\/wp-json\/wp\/v2\/pages\/351"}],"wp:attachment":[{"href":"https:\/\/www.annonces-legales.org\/blog\/wp-json\/wp\/v2\/media?parent=1557"}],"curies":[{"name":"wp","href":"https:\/\/api.w.org\/{rel}","templated":true}]}}