{"id":1567,"date":"2021-11-23T19:42:33","date_gmt":"2021-11-23T18:42:33","guid":{"rendered":"https:\/\/www.annonces-legales.org\/blog\/?page_id=1567"},"modified":"2022-01-26T11:57:45","modified_gmt":"2022-01-26T10:57:45","slug":"la-manche-libre","status":"publish","type":"page","link":"https:\/\/www.annonces-legales.org\/blog\/la-manche-libre\/","title":{"rendered":"La Manche Libre"},"content":{"rendered":"<p><strong>La Manche Libre<\/strong> est un hebdomadaire g\u00e9n\u00e9raliste local qui propose des informations sur la r\u00e9gion de l&rsquo;Ouest de la Normandie, notamment la Manche et le Calvados.<br \/>\nLe journal se revendique libre et ind\u00e9pendant. Il aurait plus de 14\u00a0000 abonn\u00e9s. En 2018, il \u00e9tait le journal hebdomadaire r\u00e9gional de France le plus lu.<br \/>\nSon niveau de diffusion moyen se trouve autour de 60\u00a0000 exemplaires.<\/p>\n<p>Il poss\u00e8de 20 journalistes et plus de 150 correspondants locaux. Le journal existe en 6 \u00e9ditions diff\u00e9rentes :<br \/>\n\u2013 La Manche Libre \u00e9dition de Saint-L\u00f4<br \/>\n\u2013 La Manche Libre \u00e9dition de Bayeux<br \/>\n\u2013 La Manche Libre \u00e9dition de Avranches\/Saint-Hilaire<br \/>\n\u2013 La Manche Libre \u00e9dition de Cherbourg<br \/>\n\u2013 La Manche Libre \u00e9dition de Coutances<br \/>\n\u2013 La Manche Libre \u00e9dition de Granville<br \/>\n\u2013 La Manche Libre \u00e9dition de Vire<\/p>\n<p>Les deux \u00e9ditions du journal les plus lus sont l&rsquo;\u00e9dition de Saint-L\u00f4 et l&rsquo;\u00e9dition de Coutances.<br \/>\nIl faut noter que l&rsquo;\u00e9dition de Bayeux se nomme le Bessin libre et l&rsquo;\u00e9dition de Vire est appel\u00e9e Le Bocage Libre.<\/p>\n<p>&nbsp;<\/p>\n<h2>Pr\u00e9sence web du journal La Manche Libre<\/h2>\n<p>Cet hebdomadaire de la Normandie poss\u00e8de son propre site Internet. Il est possible, pour les abonn\u00e9s, de lire les articles qui sont publi\u00e9s sur le journal papier. Certaines informations d&rsquo;actualit\u00e9 sont en libre acc\u00e8s mais elles ne repr\u00e9sentent que quelques articles du site Web.<br \/>\nLe journal poss\u00e8de \u00e9galement un compte Twitter qui poss\u00e8de plus de 10\u00a0000 abonn\u00e9s. Son compte Facebook est plus populaire avec plus de 74\u00a0000 abonn\u00e9s.<\/p>\n<p>&nbsp;<\/p>\n<h2>En savoir plus sur le journal La Manche Libre<\/h2>\n<p>Fond\u00e9e en 1944, apr\u00e8s la deuxi\u00e8me guerre mondiale, il prend rapidement la place des nombreux hebdomadaires qui ont \u00e9t\u00e9 interdits \u00e0 la lib\u00e9ration.<br \/>\nAu d\u00e9but, le journal est tout d&rsquo;abord un soutien politique au mouvement r\u00e9publicain populaire (MRP). Le journal a aussi longtemps \u00e9t\u00e9 un soutien au monde agricole et \u00e0 la droite gaulliste et d\u00e9mocrate-chr\u00e9tienne.<br \/>\naujourd&rsquo;hui le journal est toujours ancr\u00e9 l\u00e9g\u00e8rement \u00e0 droite. ce titre est n\u00e9anmoins l&rsquo;un des seuls titres ind\u00e9pendants de France. Il poss\u00e8de sa propre radio, sa propre r\u00e9gie publicitaire et sa propre imprimerie.<\/p>\n<p>&nbsp;<\/p>\n<h2>Contacter La Manche Libre<\/h2>\n<p><strong>T\u00e9l\u00e9phone<\/strong> : 02 33 05 10 00<br \/>\n<strong>Adresse mail<\/strong> : redaction@lamanchelibre.com<br \/>\n<strong>Adresse du journal<\/strong> : La Manche Libre, rue de Coutances \u00e0 Saint-L\u00f4 50 950.<\/p>\n<p>Cet hebdomadaire r\u00e9gional est un journal d&rsquo;annonces l\u00e9gales pour les d\u00e9partements du Calvados et de la Manche.<\/p>\n<p>&nbsp;<\/p>\n<h2>Quand les soci\u00e9t\u00e9s du Calvados et de la Manche doivent-elles publier un avis officiel ?<\/h2>\n<p>Toutes les structures immatricul\u00e9e dans un tribunal de commerce du Calvados ou de la Manche devront effectuer une annonce l\u00e9gale \u00e0 un moment donn\u00e9. Elles doivent d\u00e9j\u00e0 le faire lors de l&rsquo;immatriculation sous la forme d&rsquo;un avis de constitution de soci\u00e9t\u00e9. Ensuite, selon ce qui se passe dans l&rsquo;entreprise, il faudra faire des annonces l\u00e9gales modificatives.<\/p>\n<p>Ce sont la plupart du temps des \u00e9tablissements anonymes ou des entreprises \u00e0 responsabilit\u00e9 limit\u00e9e.<\/p>\n<p>Les \u00e9tablissements concern\u00e9s sont : SA, SAS, SARL, EURL, SCI, soci\u00e9t\u00e9s agricoles, soci\u00e9t\u00e9s civiles.<\/p>\n<p>Les plus petits \u00e9tablissements comme les entreprises individuelles ne sont pas oblig\u00e9es de faire des annonces l\u00e9gales et judiciaires. Les entreprises sans salari\u00e9s ou les entreprises de petite taille n&rsquo;ont pas besoin de r\u00e9aliser une annonce l\u00e9gale et judiciaire.<\/p>\n<br\/><br\/><div class=\"entry-content notopmargin\">\n\t<img decoding=\"async\" class=\"img-fluid fleft\" src=\"https:\/\/www.annonces-legales.org\/images\/rapide-economique-tout-departement.png\" alt=\"Journal d'annonce l\u00e9gale  Officiel \"><a href=\"https:\/\/www.annonces-legales.org\/publication-annonce-legale.html\" class=\"button button-desc fright mtop30\"><div>Je publie<br> mon annonce<br> l\u00e9gale<\/div><span>dans un journal  Officiel !<\/span><\/a>\n<\/div><div class=\"clrbth\"><\/div><br\/><br\/>\n<p>&nbsp;<\/p>\n","protected":false},"excerpt":{"rendered":"<p>La Manche Libre est un hebdomadaire g\u00e9n\u00e9raliste local qui propose des informations sur la r\u00e9gion de l&rsquo;Ouest de la Normandie, [&hellip;]<\/p>\n","protected":false},"author":1,"featured_media":0,"parent":351,"menu_order":0,"comment_status":"closed","ping_status":"closed","template":"","meta":{"inline_featured_image":false,"footnotes":""},"class_list":["post-1567","page","type-page","status-publish","hentry"],"yoast_head":"<!-- This site is optimized with the Yoast SEO plugin v26.8 - https:\/\/yoast.com\/product\/yoast-seo-wordpress\/ -->\n<title>La Manche Libre - Actualit\u00e9 des entreprises<\/title>\n<meta name=\"robots\" content=\"index, follow, max-snippet:-1, max-image-preview:large, max-video-preview:-1\" \/>\n<link rel=\"canonical\" href=\"https:\/\/www.annonces-legales.org\/blog\/la-manche-libre\/\" \/>\n<meta property=\"og:locale\" content=\"fr_FR\" \/>\n<meta property=\"og:type\" content=\"article\" \/>\n<meta property=\"og:title\" content=\"La Manche Libre - Actualit\u00e9 des entreprises\" \/>\n<meta property=\"og:description\" content=\"La Manche Libre est un hebdomadaire g\u00e9n\u00e9raliste local qui propose des informations sur la r\u00e9gion de l&rsquo;Ouest de la Normandie, [&hellip;]\" \/>\n<meta property=\"og:url\" content=\"https:\/\/www.annonces-legales.org\/blog\/la-manche-libre\/\" \/>\n<meta property=\"og:site_name\" content=\"Actualit\u00e9 des entreprises\" \/>\n<meta property=\"article:modified_time\" content=\"2022-01-26T10:57:45+00:00\" \/>\n<meta name=\"twitter:card\" content=\"summary_large_image\" \/>\n<meta name=\"twitter:label1\" content=\"Dur\u00e9e de lecture estim\u00e9e\" \/>\n\t<meta name=\"twitter:data1\" content=\"3 minutes\" \/>\n<script type=\"application\/ld+json\" class=\"yoast-schema-graph\">{\"@context\":\"https:\/\/schema.org\",\"@graph\":[{\"@type\":\"WebPage\",\"@id\":\"https:\/\/www.annonces-legales.org\/blog\/la-manche-libre\/\",\"url\":\"https:\/\/www.annonces-legales.org\/blog\/la-manche-libre\/\",\"name\":\"La Manche Libre - Actualit\u00e9 des entreprises\",\"isPartOf\":{\"@id\":\"https:\/\/www.annonces-legales.org\/blog\/#website\"},\"datePublished\":\"2021-11-23T18:42:33+00:00\",\"dateModified\":\"2022-01-26T10:57:45+00:00\",\"breadcrumb\":{\"@id\":\"https:\/\/www.annonces-legales.org\/blog\/la-manche-libre\/#breadcrumb\"},\"inLanguage\":\"fr-FR\",\"potentialAction\":[{\"@type\":\"ReadAction\",\"target\":[\"https:\/\/www.annonces-legales.org\/blog\/la-manche-libre\/\"]}]},{\"@type\":\"BreadcrumbList\",\"@id\":\"https:\/\/www.annonces-legales.org\/blog\/la-manche-libre\/#breadcrumb\",\"itemListElement\":[{\"@type\":\"ListItem\",\"position\":1,\"name\":\"Accueil\",\"item\":\"https:\/\/www.annonces-legales.org\/blog\/\"},{\"@type\":\"ListItem\",\"position\":2,\"name\":\"Liste des journaux habilit\u00e9s \u00e0 publier des annonces l\u00e9gales\",\"item\":\"https:\/\/www.annonces-legales.org\/blog\/liste-des-journaux-habilites-a-publier-des-annonces-legales\/\"},{\"@type\":\"ListItem\",\"position\":3,\"name\":\"La Manche Libre\"}]},{\"@type\":\"WebSite\",\"@id\":\"https:\/\/www.annonces-legales.org\/blog\/#website\",\"url\":\"https:\/\/www.annonces-legales.org\/blog\/\",\"name\":\"Actualit\u00e9 des entreprises\",\"description\":\"\",\"publisher\":{\"@id\":\"https:\/\/www.annonces-legales.org\/blog\/#organization\"},\"potentialAction\":[{\"@type\":\"SearchAction\",\"target\":{\"@type\":\"EntryPoint\",\"urlTemplate\":\"https:\/\/www.annonces-legales.org\/blog\/?s={search_term_string}\"},\"query-input\":{\"@type\":\"PropertyValueSpecification\",\"valueRequired\":true,\"valueName\":\"search_term_string\"}}],\"inLanguage\":\"fr-FR\"},{\"@type\":\"Organization\",\"@id\":\"https:\/\/www.annonces-legales.org\/blog\/#organization\",\"name\":\"Actualit\u00e9 des entreprises\",\"url\":\"https:\/\/www.annonces-legales.org\/blog\/\",\"logo\":{\"@type\":\"ImageObject\",\"inLanguage\":\"fr-FR\",\"@id\":\"https:\/\/www.annonces-legales.org\/blog\/#\/schema\/logo\/image\/\",\"url\":\"https:\/\/www.annonces-legales.org\/blog\/wp-content\/uploads\/2023\/08\/annonces-legales.svg\",\"contentUrl\":\"https:\/\/www.annonces-legales.org\/blog\/wp-content\/uploads\/2023\/08\/annonces-legales.svg\",\"caption\":\"Actualit\u00e9 des entreprises\"},\"image\":{\"@id\":\"https:\/\/www.annonces-legales.org\/blog\/#\/schema\/logo\/image\/\"}}]}<\/script>\n<!-- \/ Yoast SEO plugin. -->","yoast_head_json":{"title":"La Manche Libre - Actualit\u00e9 des entreprises","robots":{"index":"index","follow":"follow","max-snippet":"max-snippet:-1","max-image-preview":"max-image-preview:large","max-video-preview":"max-video-preview:-1"},"canonical":"https:\/\/www.annonces-legales.org\/blog\/la-manche-libre\/","og_locale":"fr_FR","og_type":"article","og_title":"La Manche Libre - Actualit\u00e9 des entreprises","og_description":"La Manche Libre est un hebdomadaire g\u00e9n\u00e9raliste local qui propose des informations sur la r\u00e9gion de l&rsquo;Ouest de la Normandie, [&hellip;]","og_url":"https:\/\/www.annonces-legales.org\/blog\/la-manche-libre\/","og_site_name":"Actualit\u00e9 des entreprises","article_modified_time":"2022-01-26T10:57:45+00:00","twitter_card":"summary_large_image","twitter_misc":{"Dur\u00e9e de lecture estim\u00e9e":"3 minutes"},"schema":{"@context":"https:\/\/schema.org","@graph":[{"@type":"WebPage","@id":"https:\/\/www.annonces-legales.org\/blog\/la-manche-libre\/","url":"https:\/\/www.annonces-legales.org\/blog\/la-manche-libre\/","name":"La Manche Libre - Actualit\u00e9 des entreprises","isPartOf":{"@id":"https:\/\/www.annonces-legales.org\/blog\/#website"},"datePublished":"2021-11-23T18:42:33+00:00","dateModified":"2022-01-26T10:57:45+00:00","breadcrumb":{"@id":"https:\/\/www.annonces-legales.org\/blog\/la-manche-libre\/#breadcrumb"},"inLanguage":"fr-FR","potentialAction":[{"@type":"ReadAction","target":["https:\/\/www.annonces-legales.org\/blog\/la-manche-libre\/"]}]},{"@type":"BreadcrumbList","@id":"https:\/\/www.annonces-legales.org\/blog\/la-manche-libre\/#breadcrumb","itemListElement":[{"@type":"ListItem","position":1,"name":"Accueil","item":"https:\/\/www.annonces-legales.org\/blog\/"},{"@type":"ListItem","position":2,"name":"Liste des journaux habilit\u00e9s \u00e0 publier des annonces l\u00e9gales","item":"https:\/\/www.annonces-legales.org\/blog\/liste-des-journaux-habilites-a-publier-des-annonces-legales\/"},{"@type":"ListItem","position":3,"name":"La Manche Libre"}]},{"@type":"WebSite","@id":"https:\/\/www.annonces-legales.org\/blog\/#website","url":"https:\/\/www.annonces-legales.org\/blog\/","name":"Actualit\u00e9 des entreprises","description":"","publisher":{"@id":"https:\/\/www.annonces-legales.org\/blog\/#organization"},"potentialAction":[{"@type":"SearchAction","target":{"@type":"EntryPoint","urlTemplate":"https:\/\/www.annonces-legales.org\/blog\/?s={search_term_string}"},"query-input":{"@type":"PropertyValueSpecification","valueRequired":true,"valueName":"search_term_string"}}],"inLanguage":"fr-FR"},{"@type":"Organization","@id":"https:\/\/www.annonces-legales.org\/blog\/#organization","name":"Actualit\u00e9 des entreprises","url":"https:\/\/www.annonces-legales.org\/blog\/","logo":{"@type":"ImageObject","inLanguage":"fr-FR","@id":"https:\/\/www.annonces-legales.org\/blog\/#\/schema\/logo\/image\/","url":"https:\/\/www.annonces-legales.org\/blog\/wp-content\/uploads\/2023\/08\/annonces-legales.svg","contentUrl":"https:\/\/www.annonces-legales.org\/blog\/wp-content\/uploads\/2023\/08\/annonces-legales.svg","caption":"Actualit\u00e9 des entreprises"},"image":{"@id":"https:\/\/www.annonces-legales.org\/blog\/#\/schema\/logo\/image\/"}}]}},"_links":{"self":[{"href":"https:\/\/www.annonces-legales.org\/blog\/wp-json\/wp\/v2\/pages\/1567","targetHints":{"allow":["GET"]}}],"collection":[{"href":"https:\/\/www.annonces-legales.org\/blog\/wp-json\/wp\/v2\/pages"}],"about":[{"href":"https:\/\/www.annonces-legales.org\/blog\/wp-json\/wp\/v2\/types\/page"}],"author":[{"embeddable":true,"href":"https:\/\/www.annonces-legales.org\/blog\/wp-json\/wp\/v2\/users\/1"}],"replies":[{"embeddable":true,"href":"https:\/\/www.annonces-legales.org\/blog\/wp-json\/wp\/v2\/comments?post=1567"}],"version-history":[{"count":3,"href":"https:\/\/www.annonces-legales.org\/blog\/wp-json\/wp\/v2\/pages\/1567\/revisions"}],"predecessor-version":[{"id":1570,"href":"https:\/\/www.annonces-legales.org\/blog\/wp-json\/wp\/v2\/pages\/1567\/revisions\/1570"}],"up":[{"embeddable":true,"href":"https:\/\/www.annonces-legales.org\/blog\/wp-json\/wp\/v2\/pages\/351"}],"wp:attachment":[{"href":"https:\/\/www.annonces-legales.org\/blog\/wp-json\/wp\/v2\/media?parent=1567"}],"curies":[{"name":"wp","href":"https:\/\/api.w.org\/{rel}","templated":true}]}}