{"id":1575,"date":"2022-01-27T10:53:31","date_gmt":"2022-01-27T09:53:31","guid":{"rendered":"https:\/\/www.annonces-legales.org\/blog\/?page_id=1575"},"modified":"2022-01-26T11:53:43","modified_gmt":"2022-01-26T10:53:43","slug":"lagglorieuse","status":"publish","type":"page","link":"https:\/\/www.annonces-legales.org\/blog\/lagglorieuse\/","title":{"rendered":"L&rsquo;Agglorieuse"},"content":{"rendered":"<p><strong>L&rsquo;Agglorieuse<\/strong> est un titre de la presse-papier hebdomadaire qui propose des actualit\u00e9s locales de l&rsquo;Occitanie et de l&rsquo;H\u00e9rault.<br \/>\nLe journal a \u00e9t\u00e9 cr\u00e9\u00e9 en 2002. Il propose des actualit\u00e9s ind\u00e9pendantes sur la politique, business, l&rsquo;environnement, la culture.<br \/>\nCes informations portent notamment sur les villes de Montpellier, Toulouse, ainsi que sur l&rsquo;Aude, l&rsquo;Aveyron, le Gard, la Loz\u00e8re et le Tarn.<br \/>\nLe journal est diffus\u00e9 \u00e0 plus de 2500 exemplaires cette semaine. Il appartient \u00e0 une entreprise ind\u00e9pendante : la <strong>soci\u00e9t\u00e9 de presse de l&rsquo;agglom\u00e9ration de Montpellier (SPAM)<\/strong>.<br \/>\nLe r\u00e9dacteur en chef et directeur de la publication est Tristan Cuche.<\/p>\n<p>L&rsquo;Agglorieuse peut publier des annonces l\u00e9gales pour le d\u00e9partement de l&rsquo;H\u00e9rault. Le journal est tr\u00e8s actif sur internet avec de nombreux abonn\u00e9s sur Twitter (plus de 5500), et pr\u00e8s de 3500 abonn\u00e9s sur Facebook.<\/p>\n<p>&nbsp;<\/p>\n<h2>Infos de contact de L&rsquo;Agglorieuse<\/h2>\n<p>Adresse du journal : L&rsquo;Agglorieuse, BP 60044,34173 Castelnau le Lez.<br \/>\nT\u00e9l\u00e9phone : 04 67 54 72 21.<br \/>\nE-mail : contact@lagglorieuse.info<\/p>\n<h2>Une publicit\u00e9 l\u00e9gale \u00e0 diffuser dans l&rsquo;H\u00e9rault pour votre structure commerciale ?<\/h2>\n<p>Notre service de formalit\u00e9 Annonces-legales.org vous fournit un service facile \u00e0 utiliser, officiel et pas cher pour effectuer vos annonces l\u00e9gales en quelques minutes.<\/p>\n<p>Ne perdez pas une minute, demandez un devis imm\u00e9diat et sans inscription.<\/p>\n<br\/><br\/><div class=\"entry-content notopmargin\">\n\t<img decoding=\"async\" class=\"img-fluid fleft\" src=\"https:\/\/www.annonces-legales.org\/images\/rapide-economique-tout-departement.png\" alt=\"Journal d'annonce l\u00e9gale  de l'H\u00e9rault. \"><a href=\"https:\/\/www.annonces-legales.org\/publication-annonce-legale.html\" class=\"button button-desc fright mtop30\"><div>Je publie<br> mon annonce<br> l\u00e9gale<\/div><span>dans un journal  de l'H\u00e9rault. !<\/span><\/a>\n<\/div><div class=\"clrbth\"><\/div><br\/><br\/>\n","protected":false},"excerpt":{"rendered":"<p>L&rsquo;Agglorieuse est un titre de la presse-papier hebdomadaire qui propose des actualit\u00e9s locales de l&rsquo;Occitanie et de l&rsquo;H\u00e9rault. Le journal [&hellip;]<\/p>\n","protected":false},"author":1,"featured_media":0,"parent":351,"menu_order":0,"comment_status":"closed","ping_status":"closed","template":"","meta":{"inline_featured_image":false,"footnotes":""},"class_list":["post-1575","page","type-page","status-publish","hentry"],"yoast_head":"<!-- This site is optimized with the Yoast SEO plugin v26.8 - https:\/\/yoast.com\/product\/yoast-seo-wordpress\/ -->\n<title>L&#039;Agglorieuse - Actualit\u00e9 des entreprises<\/title>\n<meta name=\"robots\" content=\"index, follow, max-snippet:-1, max-image-preview:large, max-video-preview:-1\" \/>\n<link rel=\"canonical\" href=\"https:\/\/www.annonces-legales.org\/blog\/lagglorieuse\/\" \/>\n<meta property=\"og:locale\" content=\"fr_FR\" \/>\n<meta property=\"og:type\" content=\"article\" \/>\n<meta property=\"og:title\" content=\"L&#039;Agglorieuse - Actualit\u00e9 des entreprises\" \/>\n<meta property=\"og:description\" content=\"L&rsquo;Agglorieuse est un titre de la presse-papier hebdomadaire qui propose des actualit\u00e9s locales de l&rsquo;Occitanie et de l&rsquo;H\u00e9rault. Le journal [&hellip;]\" \/>\n<meta property=\"og:url\" content=\"https:\/\/www.annonces-legales.org\/blog\/lagglorieuse\/\" \/>\n<meta property=\"og:site_name\" content=\"Actualit\u00e9 des entreprises\" \/>\n<meta name=\"twitter:card\" content=\"summary_large_image\" \/>\n<meta name=\"twitter:label1\" content=\"Dur\u00e9e de lecture estim\u00e9e\" \/>\n\t<meta name=\"twitter:data1\" content=\"1 minute\" \/>\n<script type=\"application\/ld+json\" class=\"yoast-schema-graph\">{\"@context\":\"https:\/\/schema.org\",\"@graph\":[{\"@type\":\"WebPage\",\"@id\":\"https:\/\/www.annonces-legales.org\/blog\/lagglorieuse\/\",\"url\":\"https:\/\/www.annonces-legales.org\/blog\/lagglorieuse\/\",\"name\":\"L'Agglorieuse - Actualit\u00e9 des entreprises\",\"isPartOf\":{\"@id\":\"https:\/\/www.annonces-legales.org\/blog\/#website\"},\"datePublished\":\"2022-01-27T09:53:31+00:00\",\"breadcrumb\":{\"@id\":\"https:\/\/www.annonces-legales.org\/blog\/lagglorieuse\/#breadcrumb\"},\"inLanguage\":\"fr-FR\",\"potentialAction\":[{\"@type\":\"ReadAction\",\"target\":[\"https:\/\/www.annonces-legales.org\/blog\/lagglorieuse\/\"]}]},{\"@type\":\"BreadcrumbList\",\"@id\":\"https:\/\/www.annonces-legales.org\/blog\/lagglorieuse\/#breadcrumb\",\"itemListElement\":[{\"@type\":\"ListItem\",\"position\":1,\"name\":\"Accueil\",\"item\":\"https:\/\/www.annonces-legales.org\/blog\/\"},{\"@type\":\"ListItem\",\"position\":2,\"name\":\"Liste des journaux habilit\u00e9s \u00e0 publier des annonces l\u00e9gales\",\"item\":\"https:\/\/www.annonces-legales.org\/blog\/liste-des-journaux-habilites-a-publier-des-annonces-legales\/\"},{\"@type\":\"ListItem\",\"position\":3,\"name\":\"L&rsquo;Agglorieuse\"}]},{\"@type\":\"WebSite\",\"@id\":\"https:\/\/www.annonces-legales.org\/blog\/#website\",\"url\":\"https:\/\/www.annonces-legales.org\/blog\/\",\"name\":\"Actualit\u00e9 des entreprises\",\"description\":\"\",\"publisher\":{\"@id\":\"https:\/\/www.annonces-legales.org\/blog\/#organization\"},\"potentialAction\":[{\"@type\":\"SearchAction\",\"target\":{\"@type\":\"EntryPoint\",\"urlTemplate\":\"https:\/\/www.annonces-legales.org\/blog\/?s={search_term_string}\"},\"query-input\":{\"@type\":\"PropertyValueSpecification\",\"valueRequired\":true,\"valueName\":\"search_term_string\"}}],\"inLanguage\":\"fr-FR\"},{\"@type\":\"Organization\",\"@id\":\"https:\/\/www.annonces-legales.org\/blog\/#organization\",\"name\":\"Actualit\u00e9 des entreprises\",\"url\":\"https:\/\/www.annonces-legales.org\/blog\/\",\"logo\":{\"@type\":\"ImageObject\",\"inLanguage\":\"fr-FR\",\"@id\":\"https:\/\/www.annonces-legales.org\/blog\/#\/schema\/logo\/image\/\",\"url\":\"https:\/\/www.annonces-legales.org\/blog\/wp-content\/uploads\/2023\/08\/annonces-legales.svg\",\"contentUrl\":\"https:\/\/www.annonces-legales.org\/blog\/wp-content\/uploads\/2023\/08\/annonces-legales.svg\",\"caption\":\"Actualit\u00e9 des entreprises\"},\"image\":{\"@id\":\"https:\/\/www.annonces-legales.org\/blog\/#\/schema\/logo\/image\/\"}}]}<\/script>\n<!-- \/ Yoast SEO plugin. -->","yoast_head_json":{"title":"L'Agglorieuse - Actualit\u00e9 des entreprises","robots":{"index":"index","follow":"follow","max-snippet":"max-snippet:-1","max-image-preview":"max-image-preview:large","max-video-preview":"max-video-preview:-1"},"canonical":"https:\/\/www.annonces-legales.org\/blog\/lagglorieuse\/","og_locale":"fr_FR","og_type":"article","og_title":"L'Agglorieuse - Actualit\u00e9 des entreprises","og_description":"L&rsquo;Agglorieuse est un titre de la presse-papier hebdomadaire qui propose des actualit\u00e9s locales de l&rsquo;Occitanie et de l&rsquo;H\u00e9rault. Le journal [&hellip;]","og_url":"https:\/\/www.annonces-legales.org\/blog\/lagglorieuse\/","og_site_name":"Actualit\u00e9 des entreprises","twitter_card":"summary_large_image","twitter_misc":{"Dur\u00e9e de lecture estim\u00e9e":"1 minute"},"schema":{"@context":"https:\/\/schema.org","@graph":[{"@type":"WebPage","@id":"https:\/\/www.annonces-legales.org\/blog\/lagglorieuse\/","url":"https:\/\/www.annonces-legales.org\/blog\/lagglorieuse\/","name":"L'Agglorieuse - Actualit\u00e9 des entreprises","isPartOf":{"@id":"https:\/\/www.annonces-legales.org\/blog\/#website"},"datePublished":"2022-01-27T09:53:31+00:00","breadcrumb":{"@id":"https:\/\/www.annonces-legales.org\/blog\/lagglorieuse\/#breadcrumb"},"inLanguage":"fr-FR","potentialAction":[{"@type":"ReadAction","target":["https:\/\/www.annonces-legales.org\/blog\/lagglorieuse\/"]}]},{"@type":"BreadcrumbList","@id":"https:\/\/www.annonces-legales.org\/blog\/lagglorieuse\/#breadcrumb","itemListElement":[{"@type":"ListItem","position":1,"name":"Accueil","item":"https:\/\/www.annonces-legales.org\/blog\/"},{"@type":"ListItem","position":2,"name":"Liste des journaux habilit\u00e9s \u00e0 publier des annonces l\u00e9gales","item":"https:\/\/www.annonces-legales.org\/blog\/liste-des-journaux-habilites-a-publier-des-annonces-legales\/"},{"@type":"ListItem","position":3,"name":"L&rsquo;Agglorieuse"}]},{"@type":"WebSite","@id":"https:\/\/www.annonces-legales.org\/blog\/#website","url":"https:\/\/www.annonces-legales.org\/blog\/","name":"Actualit\u00e9 des entreprises","description":"","publisher":{"@id":"https:\/\/www.annonces-legales.org\/blog\/#organization"},"potentialAction":[{"@type":"SearchAction","target":{"@type":"EntryPoint","urlTemplate":"https:\/\/www.annonces-legales.org\/blog\/?s={search_term_string}"},"query-input":{"@type":"PropertyValueSpecification","valueRequired":true,"valueName":"search_term_string"}}],"inLanguage":"fr-FR"},{"@type":"Organization","@id":"https:\/\/www.annonces-legales.org\/blog\/#organization","name":"Actualit\u00e9 des entreprises","url":"https:\/\/www.annonces-legales.org\/blog\/","logo":{"@type":"ImageObject","inLanguage":"fr-FR","@id":"https:\/\/www.annonces-legales.org\/blog\/#\/schema\/logo\/image\/","url":"https:\/\/www.annonces-legales.org\/blog\/wp-content\/uploads\/2023\/08\/annonces-legales.svg","contentUrl":"https:\/\/www.annonces-legales.org\/blog\/wp-content\/uploads\/2023\/08\/annonces-legales.svg","caption":"Actualit\u00e9 des entreprises"},"image":{"@id":"https:\/\/www.annonces-legales.org\/blog\/#\/schema\/logo\/image\/"}}]}},"_links":{"self":[{"href":"https:\/\/www.annonces-legales.org\/blog\/wp-json\/wp\/v2\/pages\/1575","targetHints":{"allow":["GET"]}}],"collection":[{"href":"https:\/\/www.annonces-legales.org\/blog\/wp-json\/wp\/v2\/pages"}],"about":[{"href":"https:\/\/www.annonces-legales.org\/blog\/wp-json\/wp\/v2\/types\/page"}],"author":[{"embeddable":true,"href":"https:\/\/www.annonces-legales.org\/blog\/wp-json\/wp\/v2\/users\/1"}],"replies":[{"embeddable":true,"href":"https:\/\/www.annonces-legales.org\/blog\/wp-json\/wp\/v2\/comments?post=1575"}],"version-history":[{"count":2,"href":"https:\/\/www.annonces-legales.org\/blog\/wp-json\/wp\/v2\/pages\/1575\/revisions"}],"predecessor-version":[{"id":1577,"href":"https:\/\/www.annonces-legales.org\/blog\/wp-json\/wp\/v2\/pages\/1575\/revisions\/1577"}],"up":[{"embeddable":true,"href":"https:\/\/www.annonces-legales.org\/blog\/wp-json\/wp\/v2\/pages\/351"}],"wp:attachment":[{"href":"https:\/\/www.annonces-legales.org\/blog\/wp-json\/wp\/v2\/media?parent=1575"}],"curies":[{"name":"wp","href":"https:\/\/api.w.org\/{rel}","templated":true}]}}