{"id":1580,"date":"2022-02-02T20:00:32","date_gmt":"2022-02-02T19:00:32","guid":{"rendered":"https:\/\/www.annonces-legales.org\/blog\/?page_id=1580"},"modified":"2022-01-26T12:03:58","modified_gmt":"2022-01-26T11:03:58","slug":"le-journal-du-centre","status":"publish","type":"page","link":"https:\/\/www.annonces-legales.org\/blog\/le-journal-du-centre\/","title":{"rendered":"Le journal du Centre"},"content":{"rendered":"<p><strong>Le journal du centre<\/strong> est un quotidien qui propose des informations locales sur le centre de la France. On le trouve dans les kiosques de nombreuses villes comme par exemple Nevers, Moulins, Bourges, Orl\u00e9ans, Montargis, Sens, Auxerre, Avallon&#8230;<\/p>\n<p>C&rsquo;est un quotidien au format tablo\u00efd qui est vendu 1,10 euros la semaine et 1,70 euros le dimanche. Il a une diffusion sup\u00e9rieure \u00e0 20\u00a0000 exemplaires. Il est lu par plus de 80\u00a0000 personnes.<\/p>\n<p>Le journal du centre est souvent appel\u00e9 <strong>JDC<\/strong>. Il a \u00e9t\u00e9 fond\u00e9 en septembre 1944 et remplace le journal clandestin L<strong>a Ni\u00e8vre Libre<\/strong>. Il appartient au groupe de presse Centre France.<br \/>\nC&rsquo;est l&rsquo;un des seuls les journaux papiers habilit\u00e9s \u00e0 faire des annonces l\u00e9gales pour le d\u00e9partement de la Ni\u00e8vre.<\/p>\n<p>Adresse du journal : 3, Rue chemin de fer Nevers, 58\u00a0000.<br \/>\nT\u00e9l\u00e9phone: 03 86 71 45 00<\/p>\n<h2><\/h2>\n<h2>S&rsquo;abonner au journal du Centre<\/h2>\n<p>Il existe trois formules diff\u00e9rentes d&rsquo;abonnement. Elles vont de 4,50 \u20ac par mois \u00e0 26 \u20ac par mois. La formule \u00e0 4,50 \u20ac par mois permet de consulter, via le site Web du journal, l&rsquo;ensemble des articles limit\u00e9s. La formule \u00e0 26 \u20ac par mois, permet de lire le journal sur le site ou en format PDF et de recevoir le journal papier tous les jours.<\/p>\n<p>&nbsp;<\/p>\n<h2>Annonces l\u00e9gales dans la Ni\u00e8vre (58)<\/h2>\n<p>Dans le but de faire des annonces l\u00e9gales de cr\u00e9ation ou de changement \u00e0 prix coutant, n&rsquo;h\u00e9sitez pas \u00e0 vous servir de nos services.<br \/>\nSi vous recherchez un prix int\u00e9ressant pour votre publicit\u00e9 l\u00e9gale, vous \u00eates sur la bonne plateforme.<\/p>\n<p>Pour commencer, nous vous proposons de r\u00e9aliser un devis instantan\u00e9 sans inscription en cliquant plus bas.<\/p>\n<br\/><br\/><div class=\"entry-content notopmargin\">\n\t<img decoding=\"async\" class=\"img-fluid fleft\" src=\"https:\/\/www.annonces-legales.org\/images\/rapide-economique-tout-departement.png\" alt=\"Journal d'annonce l\u00e9gale  de la Ni\u00e8vre 58 \"><a href=\"https:\/\/www.annonces-legales.org\/publication-annonce-legale.html\" class=\"button button-desc fright mtop30\"><div>Je publie<br> mon annonce<br> l\u00e9gale<\/div><span>dans un journal  de la Ni\u00e8vre 58 !<\/span><\/a>\n<\/div><div class=\"clrbth\"><\/div><br\/><br\/>\n","protected":false},"excerpt":{"rendered":"<p>Le journal du centre est un quotidien qui propose des informations locales sur le centre de la France. On le [&hellip;]<\/p>\n","protected":false},"author":1,"featured_media":0,"parent":351,"menu_order":0,"comment_status":"closed","ping_status":"closed","template":"","meta":{"inline_featured_image":false,"footnotes":""},"class_list":["post-1580","page","type-page","status-publish","hentry"],"yoast_head":"<!-- This site is optimized with the Yoast SEO plugin v26.8 - https:\/\/yoast.com\/product\/yoast-seo-wordpress\/ -->\n<title>Le journal du Centre - Actualit\u00e9 des entreprises<\/title>\n<meta name=\"robots\" content=\"index, follow, max-snippet:-1, max-image-preview:large, max-video-preview:-1\" \/>\n<link rel=\"canonical\" href=\"https:\/\/www.annonces-legales.org\/blog\/le-journal-du-centre\/\" \/>\n<meta property=\"og:locale\" content=\"fr_FR\" \/>\n<meta property=\"og:type\" content=\"article\" \/>\n<meta property=\"og:title\" content=\"Le journal du Centre - Actualit\u00e9 des entreprises\" \/>\n<meta property=\"og:description\" content=\"Le journal du centre est un quotidien qui propose des informations locales sur le centre de la France. On le [&hellip;]\" \/>\n<meta property=\"og:url\" content=\"https:\/\/www.annonces-legales.org\/blog\/le-journal-du-centre\/\" \/>\n<meta property=\"og:site_name\" content=\"Actualit\u00e9 des entreprises\" \/>\n<meta name=\"twitter:card\" content=\"summary_large_image\" \/>\n<meta name=\"twitter:label1\" content=\"Dur\u00e9e de lecture estim\u00e9e\" \/>\n\t<meta name=\"twitter:data1\" content=\"1 minute\" \/>\n<script type=\"application\/ld+json\" class=\"yoast-schema-graph\">{\"@context\":\"https:\/\/schema.org\",\"@graph\":[{\"@type\":\"WebPage\",\"@id\":\"https:\/\/www.annonces-legales.org\/blog\/le-journal-du-centre\/\",\"url\":\"https:\/\/www.annonces-legales.org\/blog\/le-journal-du-centre\/\",\"name\":\"Le journal du Centre - Actualit\u00e9 des entreprises\",\"isPartOf\":{\"@id\":\"https:\/\/www.annonces-legales.org\/blog\/#website\"},\"datePublished\":\"2022-02-02T19:00:32+00:00\",\"breadcrumb\":{\"@id\":\"https:\/\/www.annonces-legales.org\/blog\/le-journal-du-centre\/#breadcrumb\"},\"inLanguage\":\"fr-FR\",\"potentialAction\":[{\"@type\":\"ReadAction\",\"target\":[\"https:\/\/www.annonces-legales.org\/blog\/le-journal-du-centre\/\"]}]},{\"@type\":\"BreadcrumbList\",\"@id\":\"https:\/\/www.annonces-legales.org\/blog\/le-journal-du-centre\/#breadcrumb\",\"itemListElement\":[{\"@type\":\"ListItem\",\"position\":1,\"name\":\"Accueil\",\"item\":\"https:\/\/www.annonces-legales.org\/blog\/\"},{\"@type\":\"ListItem\",\"position\":2,\"name\":\"Liste des journaux habilit\u00e9s \u00e0 publier des annonces l\u00e9gales\",\"item\":\"https:\/\/www.annonces-legales.org\/blog\/liste-des-journaux-habilites-a-publier-des-annonces-legales\/\"},{\"@type\":\"ListItem\",\"position\":3,\"name\":\"Le journal du Centre\"}]},{\"@type\":\"WebSite\",\"@id\":\"https:\/\/www.annonces-legales.org\/blog\/#website\",\"url\":\"https:\/\/www.annonces-legales.org\/blog\/\",\"name\":\"Actualit\u00e9 des entreprises\",\"description\":\"\",\"publisher\":{\"@id\":\"https:\/\/www.annonces-legales.org\/blog\/#organization\"},\"potentialAction\":[{\"@type\":\"SearchAction\",\"target\":{\"@type\":\"EntryPoint\",\"urlTemplate\":\"https:\/\/www.annonces-legales.org\/blog\/?s={search_term_string}\"},\"query-input\":{\"@type\":\"PropertyValueSpecification\",\"valueRequired\":true,\"valueName\":\"search_term_string\"}}],\"inLanguage\":\"fr-FR\"},{\"@type\":\"Organization\",\"@id\":\"https:\/\/www.annonces-legales.org\/blog\/#organization\",\"name\":\"Actualit\u00e9 des entreprises\",\"url\":\"https:\/\/www.annonces-legales.org\/blog\/\",\"logo\":{\"@type\":\"ImageObject\",\"inLanguage\":\"fr-FR\",\"@id\":\"https:\/\/www.annonces-legales.org\/blog\/#\/schema\/logo\/image\/\",\"url\":\"https:\/\/www.annonces-legales.org\/blog\/wp-content\/uploads\/2023\/08\/annonces-legales.svg\",\"contentUrl\":\"https:\/\/www.annonces-legales.org\/blog\/wp-content\/uploads\/2023\/08\/annonces-legales.svg\",\"caption\":\"Actualit\u00e9 des entreprises\"},\"image\":{\"@id\":\"https:\/\/www.annonces-legales.org\/blog\/#\/schema\/logo\/image\/\"}}]}<\/script>\n<!-- \/ Yoast SEO plugin. -->","yoast_head_json":{"title":"Le journal du Centre - Actualit\u00e9 des entreprises","robots":{"index":"index","follow":"follow","max-snippet":"max-snippet:-1","max-image-preview":"max-image-preview:large","max-video-preview":"max-video-preview:-1"},"canonical":"https:\/\/www.annonces-legales.org\/blog\/le-journal-du-centre\/","og_locale":"fr_FR","og_type":"article","og_title":"Le journal du Centre - Actualit\u00e9 des entreprises","og_description":"Le journal du centre est un quotidien qui propose des informations locales sur le centre de la France. On le [&hellip;]","og_url":"https:\/\/www.annonces-legales.org\/blog\/le-journal-du-centre\/","og_site_name":"Actualit\u00e9 des entreprises","twitter_card":"summary_large_image","twitter_misc":{"Dur\u00e9e de lecture estim\u00e9e":"1 minute"},"schema":{"@context":"https:\/\/schema.org","@graph":[{"@type":"WebPage","@id":"https:\/\/www.annonces-legales.org\/blog\/le-journal-du-centre\/","url":"https:\/\/www.annonces-legales.org\/blog\/le-journal-du-centre\/","name":"Le journal du Centre - Actualit\u00e9 des entreprises","isPartOf":{"@id":"https:\/\/www.annonces-legales.org\/blog\/#website"},"datePublished":"2022-02-02T19:00:32+00:00","breadcrumb":{"@id":"https:\/\/www.annonces-legales.org\/blog\/le-journal-du-centre\/#breadcrumb"},"inLanguage":"fr-FR","potentialAction":[{"@type":"ReadAction","target":["https:\/\/www.annonces-legales.org\/blog\/le-journal-du-centre\/"]}]},{"@type":"BreadcrumbList","@id":"https:\/\/www.annonces-legales.org\/blog\/le-journal-du-centre\/#breadcrumb","itemListElement":[{"@type":"ListItem","position":1,"name":"Accueil","item":"https:\/\/www.annonces-legales.org\/blog\/"},{"@type":"ListItem","position":2,"name":"Liste des journaux habilit\u00e9s \u00e0 publier des annonces l\u00e9gales","item":"https:\/\/www.annonces-legales.org\/blog\/liste-des-journaux-habilites-a-publier-des-annonces-legales\/"},{"@type":"ListItem","position":3,"name":"Le journal du Centre"}]},{"@type":"WebSite","@id":"https:\/\/www.annonces-legales.org\/blog\/#website","url":"https:\/\/www.annonces-legales.org\/blog\/","name":"Actualit\u00e9 des entreprises","description":"","publisher":{"@id":"https:\/\/www.annonces-legales.org\/blog\/#organization"},"potentialAction":[{"@type":"SearchAction","target":{"@type":"EntryPoint","urlTemplate":"https:\/\/www.annonces-legales.org\/blog\/?s={search_term_string}"},"query-input":{"@type":"PropertyValueSpecification","valueRequired":true,"valueName":"search_term_string"}}],"inLanguage":"fr-FR"},{"@type":"Organization","@id":"https:\/\/www.annonces-legales.org\/blog\/#organization","name":"Actualit\u00e9 des entreprises","url":"https:\/\/www.annonces-legales.org\/blog\/","logo":{"@type":"ImageObject","inLanguage":"fr-FR","@id":"https:\/\/www.annonces-legales.org\/blog\/#\/schema\/logo\/image\/","url":"https:\/\/www.annonces-legales.org\/blog\/wp-content\/uploads\/2023\/08\/annonces-legales.svg","contentUrl":"https:\/\/www.annonces-legales.org\/blog\/wp-content\/uploads\/2023\/08\/annonces-legales.svg","caption":"Actualit\u00e9 des entreprises"},"image":{"@id":"https:\/\/www.annonces-legales.org\/blog\/#\/schema\/logo\/image\/"}}]}},"_links":{"self":[{"href":"https:\/\/www.annonces-legales.org\/blog\/wp-json\/wp\/v2\/pages\/1580","targetHints":{"allow":["GET"]}}],"collection":[{"href":"https:\/\/www.annonces-legales.org\/blog\/wp-json\/wp\/v2\/pages"}],"about":[{"href":"https:\/\/www.annonces-legales.org\/blog\/wp-json\/wp\/v2\/types\/page"}],"author":[{"embeddable":true,"href":"https:\/\/www.annonces-legales.org\/blog\/wp-json\/wp\/v2\/users\/1"}],"replies":[{"embeddable":true,"href":"https:\/\/www.annonces-legales.org\/blog\/wp-json\/wp\/v2\/comments?post=1580"}],"version-history":[{"count":2,"href":"https:\/\/www.annonces-legales.org\/blog\/wp-json\/wp\/v2\/pages\/1580\/revisions"}],"predecessor-version":[{"id":1582,"href":"https:\/\/www.annonces-legales.org\/blog\/wp-json\/wp\/v2\/pages\/1580\/revisions\/1582"}],"up":[{"embeddable":true,"href":"https:\/\/www.annonces-legales.org\/blog\/wp-json\/wp\/v2\/pages\/351"}],"wp:attachment":[{"href":"https:\/\/www.annonces-legales.org\/blog\/wp-json\/wp\/v2\/media?parent=1580"}],"curies":[{"name":"wp","href":"https:\/\/api.w.org\/{rel}","templated":true}]}}