{"id":1586,"date":"2021-11-23T20:10:09","date_gmt":"2021-11-23T19:10:09","guid":{"rendered":"https:\/\/www.annonces-legales.org\/blog\/?page_id=1586"},"modified":"2022-01-26T12:04:04","modified_gmt":"2022-01-26T11:04:04","slug":"le-journal-du-pays-yonnais","status":"publish","type":"page","link":"https:\/\/www.annonces-legales.org\/blog\/le-journal-du-pays-yonnais\/","title":{"rendered":"Le journal du Pays Yonnais"},"content":{"rendered":"<p>Le<strong> journal du Pays Yonnais<\/strong> Est un titre papier hebdomadaire du d\u00e9partement de la Vend\u00e9e. Il est vendu chaque jeudi au prix de 1,40 euros. Il poss\u00e8de une audience d&rsquo;environ 15\u00a0000 lecteurs.<br \/>\nCet hebdomadaire est d\u00fb dans tout le d\u00e9partement de la Vend\u00e9e, notamment \u00e0 la Roche-sur-Yon, Aubigny, le tablier, La Chaize_le_Vicomte, Fouger\u00e9, Les Clouzeaux.<\/p>\n<p>&nbsp;<\/p>\n<h2>En savoir plus sur Le journal du Pays Yonnais<\/h2>\n<p>Dans l&rsquo;\u00e9quipe du journal on trouve les personnes suivantes : Catherine Wilmart (\u00e9ditrice), Nicolas Pipelier (r\u00e9dacteur en chef), Philippe Ducept (directeur d\u00e9l\u00e9gu\u00e9) et enfin Francis Gaunand (directeur de publication).<br \/>\nLes locaux du journal se situent 12 bis rue Beaus\u00e9jour \u00e0 La Roche Sur Yon 85000. L&rsquo;\u00e9quipe du journal peut \u00eatre contact\u00e9e aux 02 51 24 25 10.<br \/>\nCe journal poss\u00e8de une autorisation pour faire des annonces l\u00e9gales le d\u00e9partement de la Vend\u00e9e. Cela en fait un journal officiel pour les entreprises du d\u00e9partement.<\/p>\n<p>&nbsp;<\/p>\n<h2>Publier des annonces l\u00e9gales en Vend\u00e9e<\/h2>\n<p>Les entreprises de Vend\u00e9e doit ponctuellement ins\u00e9rer des annonces l\u00e9gales pour signifier divers changements qui interviennent \u00e0 l&rsquo;int\u00e9rieur de leur structure. Dans ce but, ils ont l&rsquo;obligation d&rsquo;utiliser des services de journaux officiels : les journaux d&rsquo;annonce l\u00e9gale.<br \/>\nLe journal du Pays Yonnais fait parti des nombreux titres qui ont obtenu cette autorisation de la part de la pr\u00e9fecture de la Vend\u00e9e.<br \/>\nMais il existe beaucoup d&rsquo;autres journaux qui peuvent aussi accueillir vos annonces. La personne ou la soci\u00e9t\u00e9 qui d\u00e9pose annonce l\u00e9gale peut choisir le journal parmi l&rsquo;ensemble des journaux d&rsquo;annonce l\u00e9gale autoris\u00e9e par la pr\u00e9fecture de Vend\u00e9e.<\/p>\n<br\/><br\/><div class=\"entry-content notopmargin\">\n\t<img decoding=\"async\" class=\"img-fluid fleft\" src=\"https:\/\/www.annonces-legales.org\/images\/rapide-economique-tout-departement.png\" alt=\"Journal d'annonce l\u00e9gale  de Vend\u00e9e \"><a href=\"https:\/\/www.annonces-legales.org\/publication-annonce-legale.html\" class=\"button button-desc fright mtop30\"><div>Je publie<br> mon annonce<br> l\u00e9gale<\/div><span>dans un journal  de Vend\u00e9e !<\/span><\/a>\n<\/div><div class=\"clrbth\"><\/div><br\/><br\/>\n<p>&nbsp;<\/p>\n<h2>\u00c9conomiser sur vos annonces l\u00e9gales avec annonces-legales.org<\/h2>\n<p>Notre service vous propose un service de r\u00e9daction et de publication d&rsquo;annonce l\u00e9gale. Pour chaque annonce l\u00e9gale, nous v\u00e9rifions l&rsquo;ensemble des informations afin de nous assurer qu&rsquo;elle est compl\u00e8te et valide.<br \/>\nChaque annonce l\u00e9gale est donc relue par notre \u00e9quipe. Chaque annonce va aussi \u00eatre r\u00e9duite en longueur afin de limiter les frais.<\/p>\n","protected":false},"excerpt":{"rendered":"<p>Le journal du Pays Yonnais Est un titre papier hebdomadaire du d\u00e9partement de la Vend\u00e9e. Il est vendu chaque jeudi [&hellip;]<\/p>\n","protected":false},"author":1,"featured_media":0,"parent":351,"menu_order":0,"comment_status":"closed","ping_status":"closed","template":"","meta":{"inline_featured_image":false,"footnotes":""},"class_list":["post-1586","page","type-page","status-publish","hentry"],"yoast_head":"<!-- This site is optimized with the Yoast SEO plugin v26.8 - https:\/\/yoast.com\/product\/yoast-seo-wordpress\/ -->\n<title>Le journal du Pays Yonnais - Actualit\u00e9 des entreprises<\/title>\n<meta name=\"robots\" content=\"index, follow, max-snippet:-1, max-image-preview:large, max-video-preview:-1\" \/>\n<link rel=\"canonical\" href=\"https:\/\/www.annonces-legales.org\/blog\/le-journal-du-pays-yonnais\/\" \/>\n<meta property=\"og:locale\" content=\"fr_FR\" \/>\n<meta property=\"og:type\" content=\"article\" \/>\n<meta property=\"og:title\" content=\"Le journal du Pays Yonnais - Actualit\u00e9 des entreprises\" \/>\n<meta property=\"og:description\" content=\"Le journal du Pays Yonnais Est un titre papier hebdomadaire du d\u00e9partement de la Vend\u00e9e. Il est vendu chaque jeudi [&hellip;]\" \/>\n<meta property=\"og:url\" content=\"https:\/\/www.annonces-legales.org\/blog\/le-journal-du-pays-yonnais\/\" \/>\n<meta property=\"og:site_name\" content=\"Actualit\u00e9 des entreprises\" \/>\n<meta property=\"article:modified_time\" content=\"2022-01-26T11:04:04+00:00\" \/>\n<meta name=\"twitter:card\" content=\"summary_large_image\" \/>\n<meta name=\"twitter:label1\" content=\"Dur\u00e9e de lecture estim\u00e9e\" \/>\n\t<meta name=\"twitter:data1\" content=\"2 minutes\" \/>\n<script type=\"application\/ld+json\" class=\"yoast-schema-graph\">{\"@context\":\"https:\/\/schema.org\",\"@graph\":[{\"@type\":\"WebPage\",\"@id\":\"https:\/\/www.annonces-legales.org\/blog\/le-journal-du-pays-yonnais\/\",\"url\":\"https:\/\/www.annonces-legales.org\/blog\/le-journal-du-pays-yonnais\/\",\"name\":\"Le journal du Pays Yonnais - Actualit\u00e9 des entreprises\",\"isPartOf\":{\"@id\":\"https:\/\/www.annonces-legales.org\/blog\/#website\"},\"datePublished\":\"2021-11-23T19:10:09+00:00\",\"dateModified\":\"2022-01-26T11:04:04+00:00\",\"breadcrumb\":{\"@id\":\"https:\/\/www.annonces-legales.org\/blog\/le-journal-du-pays-yonnais\/#breadcrumb\"},\"inLanguage\":\"fr-FR\",\"potentialAction\":[{\"@type\":\"ReadAction\",\"target\":[\"https:\/\/www.annonces-legales.org\/blog\/le-journal-du-pays-yonnais\/\"]}]},{\"@type\":\"BreadcrumbList\",\"@id\":\"https:\/\/www.annonces-legales.org\/blog\/le-journal-du-pays-yonnais\/#breadcrumb\",\"itemListElement\":[{\"@type\":\"ListItem\",\"position\":1,\"name\":\"Accueil\",\"item\":\"https:\/\/www.annonces-legales.org\/blog\/\"},{\"@type\":\"ListItem\",\"position\":2,\"name\":\"Liste des journaux habilit\u00e9s \u00e0 publier des annonces l\u00e9gales\",\"item\":\"https:\/\/www.annonces-legales.org\/blog\/liste-des-journaux-habilites-a-publier-des-annonces-legales\/\"},{\"@type\":\"ListItem\",\"position\":3,\"name\":\"Le journal du Pays Yonnais\"}]},{\"@type\":\"WebSite\",\"@id\":\"https:\/\/www.annonces-legales.org\/blog\/#website\",\"url\":\"https:\/\/www.annonces-legales.org\/blog\/\",\"name\":\"Actualit\u00e9 des entreprises\",\"description\":\"\",\"publisher\":{\"@id\":\"https:\/\/www.annonces-legales.org\/blog\/#organization\"},\"potentialAction\":[{\"@type\":\"SearchAction\",\"target\":{\"@type\":\"EntryPoint\",\"urlTemplate\":\"https:\/\/www.annonces-legales.org\/blog\/?s={search_term_string}\"},\"query-input\":{\"@type\":\"PropertyValueSpecification\",\"valueRequired\":true,\"valueName\":\"search_term_string\"}}],\"inLanguage\":\"fr-FR\"},{\"@type\":\"Organization\",\"@id\":\"https:\/\/www.annonces-legales.org\/blog\/#organization\",\"name\":\"Actualit\u00e9 des entreprises\",\"url\":\"https:\/\/www.annonces-legales.org\/blog\/\",\"logo\":{\"@type\":\"ImageObject\",\"inLanguage\":\"fr-FR\",\"@id\":\"https:\/\/www.annonces-legales.org\/blog\/#\/schema\/logo\/image\/\",\"url\":\"https:\/\/www.annonces-legales.org\/blog\/wp-content\/uploads\/2023\/08\/annonces-legales.svg\",\"contentUrl\":\"https:\/\/www.annonces-legales.org\/blog\/wp-content\/uploads\/2023\/08\/annonces-legales.svg\",\"caption\":\"Actualit\u00e9 des entreprises\"},\"image\":{\"@id\":\"https:\/\/www.annonces-legales.org\/blog\/#\/schema\/logo\/image\/\"}}]}<\/script>\n<!-- \/ Yoast SEO plugin. -->","yoast_head_json":{"title":"Le journal du Pays Yonnais - Actualit\u00e9 des entreprises","robots":{"index":"index","follow":"follow","max-snippet":"max-snippet:-1","max-image-preview":"max-image-preview:large","max-video-preview":"max-video-preview:-1"},"canonical":"https:\/\/www.annonces-legales.org\/blog\/le-journal-du-pays-yonnais\/","og_locale":"fr_FR","og_type":"article","og_title":"Le journal du Pays Yonnais - Actualit\u00e9 des entreprises","og_description":"Le journal du Pays Yonnais Est un titre papier hebdomadaire du d\u00e9partement de la Vend\u00e9e. Il est vendu chaque jeudi [&hellip;]","og_url":"https:\/\/www.annonces-legales.org\/blog\/le-journal-du-pays-yonnais\/","og_site_name":"Actualit\u00e9 des entreprises","article_modified_time":"2022-01-26T11:04:04+00:00","twitter_card":"summary_large_image","twitter_misc":{"Dur\u00e9e de lecture estim\u00e9e":"2 minutes"},"schema":{"@context":"https:\/\/schema.org","@graph":[{"@type":"WebPage","@id":"https:\/\/www.annonces-legales.org\/blog\/le-journal-du-pays-yonnais\/","url":"https:\/\/www.annonces-legales.org\/blog\/le-journal-du-pays-yonnais\/","name":"Le journal du Pays Yonnais - Actualit\u00e9 des entreprises","isPartOf":{"@id":"https:\/\/www.annonces-legales.org\/blog\/#website"},"datePublished":"2021-11-23T19:10:09+00:00","dateModified":"2022-01-26T11:04:04+00:00","breadcrumb":{"@id":"https:\/\/www.annonces-legales.org\/blog\/le-journal-du-pays-yonnais\/#breadcrumb"},"inLanguage":"fr-FR","potentialAction":[{"@type":"ReadAction","target":["https:\/\/www.annonces-legales.org\/blog\/le-journal-du-pays-yonnais\/"]}]},{"@type":"BreadcrumbList","@id":"https:\/\/www.annonces-legales.org\/blog\/le-journal-du-pays-yonnais\/#breadcrumb","itemListElement":[{"@type":"ListItem","position":1,"name":"Accueil","item":"https:\/\/www.annonces-legales.org\/blog\/"},{"@type":"ListItem","position":2,"name":"Liste des journaux habilit\u00e9s \u00e0 publier des annonces l\u00e9gales","item":"https:\/\/www.annonces-legales.org\/blog\/liste-des-journaux-habilites-a-publier-des-annonces-legales\/"},{"@type":"ListItem","position":3,"name":"Le journal du Pays Yonnais"}]},{"@type":"WebSite","@id":"https:\/\/www.annonces-legales.org\/blog\/#website","url":"https:\/\/www.annonces-legales.org\/blog\/","name":"Actualit\u00e9 des entreprises","description":"","publisher":{"@id":"https:\/\/www.annonces-legales.org\/blog\/#organization"},"potentialAction":[{"@type":"SearchAction","target":{"@type":"EntryPoint","urlTemplate":"https:\/\/www.annonces-legales.org\/blog\/?s={search_term_string}"},"query-input":{"@type":"PropertyValueSpecification","valueRequired":true,"valueName":"search_term_string"}}],"inLanguage":"fr-FR"},{"@type":"Organization","@id":"https:\/\/www.annonces-legales.org\/blog\/#organization","name":"Actualit\u00e9 des entreprises","url":"https:\/\/www.annonces-legales.org\/blog\/","logo":{"@type":"ImageObject","inLanguage":"fr-FR","@id":"https:\/\/www.annonces-legales.org\/blog\/#\/schema\/logo\/image\/","url":"https:\/\/www.annonces-legales.org\/blog\/wp-content\/uploads\/2023\/08\/annonces-legales.svg","contentUrl":"https:\/\/www.annonces-legales.org\/blog\/wp-content\/uploads\/2023\/08\/annonces-legales.svg","caption":"Actualit\u00e9 des entreprises"},"image":{"@id":"https:\/\/www.annonces-legales.org\/blog\/#\/schema\/logo\/image\/"}}]}},"_links":{"self":[{"href":"https:\/\/www.annonces-legales.org\/blog\/wp-json\/wp\/v2\/pages\/1586","targetHints":{"allow":["GET"]}}],"collection":[{"href":"https:\/\/www.annonces-legales.org\/blog\/wp-json\/wp\/v2\/pages"}],"about":[{"href":"https:\/\/www.annonces-legales.org\/blog\/wp-json\/wp\/v2\/types\/page"}],"author":[{"embeddable":true,"href":"https:\/\/www.annonces-legales.org\/blog\/wp-json\/wp\/v2\/users\/1"}],"replies":[{"embeddable":true,"href":"https:\/\/www.annonces-legales.org\/blog\/wp-json\/wp\/v2\/comments?post=1586"}],"version-history":[{"count":1,"href":"https:\/\/www.annonces-legales.org\/blog\/wp-json\/wp\/v2\/pages\/1586\/revisions"}],"predecessor-version":[{"id":1587,"href":"https:\/\/www.annonces-legales.org\/blog\/wp-json\/wp\/v2\/pages\/1586\/revisions\/1587"}],"up":[{"embeddable":true,"href":"https:\/\/www.annonces-legales.org\/blog\/wp-json\/wp\/v2\/pages\/351"}],"wp:attachment":[{"href":"https:\/\/www.annonces-legales.org\/blog\/wp-json\/wp\/v2\/media?parent=1586"}],"curies":[{"name":"wp","href":"https:\/\/api.w.org\/{rel}","templated":true}]}}