{"id":1588,"date":"2021-11-23T20:11:03","date_gmt":"2021-11-23T19:11:03","guid":{"rendered":"https:\/\/www.annonces-legales.org\/blog\/?page_id=1588"},"modified":"2022-01-26T12:04:59","modified_gmt":"2022-01-26T11:04:59","slug":"le-petit-bastiais","status":"publish","type":"page","link":"https:\/\/www.annonces-legales.org\/blog\/le-petit-bastiais\/","title":{"rendered":"Le Petit Bastiais"},"content":{"rendered":"<p>Le Petit Bastiais est un hebdomadaire qui para\u00eet tous les lundis en Corse.<br \/>\nCe journal hebdomadaire bastiais offre des actualit\u00e9s locales sur la Corse-du-Sud et la Haute-Corse.<br \/>\nIl a re\u00e7u une habilitation de la part de la pr\u00e9fecture de la Corse-du-Sud et de la Haute-Corse pour faire des annonces l\u00e9gales pour les entreprises corse.<br \/>\nCet hebdomadaire de Corse publie environ 30 annonces l\u00e9gales chaque semaine.<br \/>\nLe journal ne poss\u00e8de pas de site Web actif.<\/p>\n<p>&nbsp;<\/p>\n<h2>Contacter Le Petit Bastiais<\/h2>\n<p><strong>Adresse du journal<\/strong> : 10, Rue des terrasses \u00e0 Bastia 20200.<br \/>\n<strong>E-mail<\/strong> : contact@lepetitbastiais.com<\/p>\n<p>&nbsp;<\/p>\n<h2>Annonce l\u00e9gale en Corse<\/h2>\n<p>Vous devez faire des annonces l\u00e9gales et judiciaires en Corse-du-Sud ou en Haute-Corse ?<\/p>\n<p>Ne perdez pas de temps, il est possible de demander un devis pour votre publicit\u00e9 l\u00e9gale sur notre site web et ainsi profiter des meilleurs prix possibles.<\/p>\n<br\/><br\/><div class=\"entry-content notopmargin\">\n\t<img decoding=\"async\" class=\"img-fluid fleft\" src=\"https:\/\/www.annonces-legales.org\/images\/rapide-economique-tout-departement.png\" alt=\"Journal d'annonce l\u00e9gale  de Corse \"><a href=\"https:\/\/www.annonces-legales.org\/publication-annonce-legale.html\" class=\"button button-desc fright mtop30\"><div>Je publie<br> mon annonce<br> l\u00e9gale<\/div><span>dans un journal  de Corse !<\/span><\/a>\n<\/div><div class=\"clrbth\"><\/div><br\/><br\/>\n<p>&nbsp;<\/p>\n<h2>Quelle entreprise Corse est oblig\u00e9e de publier des annonces l\u00e9gales ?<\/h2>\n<p>Pour une multitude des soci\u00e9t\u00e9s, de l&rsquo;EURL \u00e0 la Soci\u00e9t\u00e9 Anonyme en passant par la SAS, il est indispensable de r\u00e9aliser des annonces l\u00e9gales et judiciaires.<br \/>\nSeul certains petits \u00e9tablissements comme par exemple la microentreprise ou autoentrepreneuriat n&rsquo;implique pas la publication d&rsquo;annonce l\u00e9gale.<br \/>\nOn estime que toutes les soci\u00e9t\u00e9s Corses auront fait au minimum 2 annonces l\u00e9gales au bout de 2 ans d&rsquo;activit\u00e9.<br \/>\nIndubitablement, cette obligation ne concerne que les firmes fran\u00e7aise.<\/p>\n<p>&nbsp;<\/p>\n<h2>Quel journal Corse utiliser pour faire un avis de constitution ou une annonce l\u00e9gale ?<\/h2>\n<p>Le choix du journal d&rsquo;annonce l\u00e9gale habilit\u00e9 dans lequel vous allez r\u00e9aliser votre publication importe tr\u00e8s peu.<br \/>\nL&rsquo;unique chose \u00e0 consid\u00e9rer est la pr\u00e9sence d&rsquo;une autorisation de l&rsquo;une des pr\u00e9fecture de Corse.<br \/>\nBien s\u00fbr, notre service utilise uniquement des journaux d&rsquo;annonces l\u00e9gales officiels de Corse.<\/p>\n","protected":false},"excerpt":{"rendered":"<p>Le Petit Bastiais est un hebdomadaire qui para\u00eet tous les lundis en Corse. Ce journal hebdomadaire bastiais offre des actualit\u00e9s [&hellip;]<\/p>\n","protected":false},"author":1,"featured_media":0,"parent":351,"menu_order":0,"comment_status":"closed","ping_status":"closed","template":"","meta":{"inline_featured_image":false,"footnotes":""},"class_list":["post-1588","page","type-page","status-publish","hentry"],"yoast_head":"<!-- This site is optimized with the Yoast SEO plugin v26.8 - https:\/\/yoast.com\/product\/yoast-seo-wordpress\/ -->\n<title>Le Petit Bastiais - Actualit\u00e9 des entreprises<\/title>\n<meta name=\"robots\" content=\"index, follow, max-snippet:-1, max-image-preview:large, max-video-preview:-1\" \/>\n<link rel=\"canonical\" href=\"https:\/\/www.annonces-legales.org\/blog\/le-petit-bastiais\/\" \/>\n<meta property=\"og:locale\" content=\"fr_FR\" \/>\n<meta property=\"og:type\" content=\"article\" \/>\n<meta property=\"og:title\" content=\"Le Petit Bastiais - Actualit\u00e9 des entreprises\" \/>\n<meta property=\"og:description\" content=\"Le Petit Bastiais est un hebdomadaire qui para\u00eet tous les lundis en Corse. Ce journal hebdomadaire bastiais offre des actualit\u00e9s [&hellip;]\" \/>\n<meta property=\"og:url\" content=\"https:\/\/www.annonces-legales.org\/blog\/le-petit-bastiais\/\" \/>\n<meta property=\"og:site_name\" content=\"Actualit\u00e9 des entreprises\" \/>\n<meta property=\"article:modified_time\" content=\"2022-01-26T11:04:59+00:00\" \/>\n<meta name=\"twitter:card\" content=\"summary_large_image\" \/>\n<meta name=\"twitter:label1\" content=\"Dur\u00e9e de lecture estim\u00e9e\" \/>\n\t<meta name=\"twitter:data1\" content=\"2 minutes\" \/>\n<script type=\"application\/ld+json\" class=\"yoast-schema-graph\">{\"@context\":\"https:\/\/schema.org\",\"@graph\":[{\"@type\":\"WebPage\",\"@id\":\"https:\/\/www.annonces-legales.org\/blog\/le-petit-bastiais\/\",\"url\":\"https:\/\/www.annonces-legales.org\/blog\/le-petit-bastiais\/\",\"name\":\"Le Petit Bastiais - Actualit\u00e9 des entreprises\",\"isPartOf\":{\"@id\":\"https:\/\/www.annonces-legales.org\/blog\/#website\"},\"datePublished\":\"2021-11-23T19:11:03+00:00\",\"dateModified\":\"2022-01-26T11:04:59+00:00\",\"breadcrumb\":{\"@id\":\"https:\/\/www.annonces-legales.org\/blog\/le-petit-bastiais\/#breadcrumb\"},\"inLanguage\":\"fr-FR\",\"potentialAction\":[{\"@type\":\"ReadAction\",\"target\":[\"https:\/\/www.annonces-legales.org\/blog\/le-petit-bastiais\/\"]}]},{\"@type\":\"BreadcrumbList\",\"@id\":\"https:\/\/www.annonces-legales.org\/blog\/le-petit-bastiais\/#breadcrumb\",\"itemListElement\":[{\"@type\":\"ListItem\",\"position\":1,\"name\":\"Accueil\",\"item\":\"https:\/\/www.annonces-legales.org\/blog\/\"},{\"@type\":\"ListItem\",\"position\":2,\"name\":\"Liste des journaux habilit\u00e9s \u00e0 publier des annonces l\u00e9gales\",\"item\":\"https:\/\/www.annonces-legales.org\/blog\/liste-des-journaux-habilites-a-publier-des-annonces-legales\/\"},{\"@type\":\"ListItem\",\"position\":3,\"name\":\"Le Petit Bastiais\"}]},{\"@type\":\"WebSite\",\"@id\":\"https:\/\/www.annonces-legales.org\/blog\/#website\",\"url\":\"https:\/\/www.annonces-legales.org\/blog\/\",\"name\":\"Actualit\u00e9 des entreprises\",\"description\":\"\",\"publisher\":{\"@id\":\"https:\/\/www.annonces-legales.org\/blog\/#organization\"},\"potentialAction\":[{\"@type\":\"SearchAction\",\"target\":{\"@type\":\"EntryPoint\",\"urlTemplate\":\"https:\/\/www.annonces-legales.org\/blog\/?s={search_term_string}\"},\"query-input\":{\"@type\":\"PropertyValueSpecification\",\"valueRequired\":true,\"valueName\":\"search_term_string\"}}],\"inLanguage\":\"fr-FR\"},{\"@type\":\"Organization\",\"@id\":\"https:\/\/www.annonces-legales.org\/blog\/#organization\",\"name\":\"Actualit\u00e9 des entreprises\",\"url\":\"https:\/\/www.annonces-legales.org\/blog\/\",\"logo\":{\"@type\":\"ImageObject\",\"inLanguage\":\"fr-FR\",\"@id\":\"https:\/\/www.annonces-legales.org\/blog\/#\/schema\/logo\/image\/\",\"url\":\"https:\/\/www.annonces-legales.org\/blog\/wp-content\/uploads\/2023\/08\/annonces-legales.svg\",\"contentUrl\":\"https:\/\/www.annonces-legales.org\/blog\/wp-content\/uploads\/2023\/08\/annonces-legales.svg\",\"caption\":\"Actualit\u00e9 des entreprises\"},\"image\":{\"@id\":\"https:\/\/www.annonces-legales.org\/blog\/#\/schema\/logo\/image\/\"}}]}<\/script>\n<!-- \/ Yoast SEO plugin. -->","yoast_head_json":{"title":"Le Petit Bastiais - Actualit\u00e9 des entreprises","robots":{"index":"index","follow":"follow","max-snippet":"max-snippet:-1","max-image-preview":"max-image-preview:large","max-video-preview":"max-video-preview:-1"},"canonical":"https:\/\/www.annonces-legales.org\/blog\/le-petit-bastiais\/","og_locale":"fr_FR","og_type":"article","og_title":"Le Petit Bastiais - Actualit\u00e9 des entreprises","og_description":"Le Petit Bastiais est un hebdomadaire qui para\u00eet tous les lundis en Corse. Ce journal hebdomadaire bastiais offre des actualit\u00e9s [&hellip;]","og_url":"https:\/\/www.annonces-legales.org\/blog\/le-petit-bastiais\/","og_site_name":"Actualit\u00e9 des entreprises","article_modified_time":"2022-01-26T11:04:59+00:00","twitter_card":"summary_large_image","twitter_misc":{"Dur\u00e9e de lecture estim\u00e9e":"2 minutes"},"schema":{"@context":"https:\/\/schema.org","@graph":[{"@type":"WebPage","@id":"https:\/\/www.annonces-legales.org\/blog\/le-petit-bastiais\/","url":"https:\/\/www.annonces-legales.org\/blog\/le-petit-bastiais\/","name":"Le Petit Bastiais - Actualit\u00e9 des entreprises","isPartOf":{"@id":"https:\/\/www.annonces-legales.org\/blog\/#website"},"datePublished":"2021-11-23T19:11:03+00:00","dateModified":"2022-01-26T11:04:59+00:00","breadcrumb":{"@id":"https:\/\/www.annonces-legales.org\/blog\/le-petit-bastiais\/#breadcrumb"},"inLanguage":"fr-FR","potentialAction":[{"@type":"ReadAction","target":["https:\/\/www.annonces-legales.org\/blog\/le-petit-bastiais\/"]}]},{"@type":"BreadcrumbList","@id":"https:\/\/www.annonces-legales.org\/blog\/le-petit-bastiais\/#breadcrumb","itemListElement":[{"@type":"ListItem","position":1,"name":"Accueil","item":"https:\/\/www.annonces-legales.org\/blog\/"},{"@type":"ListItem","position":2,"name":"Liste des journaux habilit\u00e9s \u00e0 publier des annonces l\u00e9gales","item":"https:\/\/www.annonces-legales.org\/blog\/liste-des-journaux-habilites-a-publier-des-annonces-legales\/"},{"@type":"ListItem","position":3,"name":"Le Petit Bastiais"}]},{"@type":"WebSite","@id":"https:\/\/www.annonces-legales.org\/blog\/#website","url":"https:\/\/www.annonces-legales.org\/blog\/","name":"Actualit\u00e9 des entreprises","description":"","publisher":{"@id":"https:\/\/www.annonces-legales.org\/blog\/#organization"},"potentialAction":[{"@type":"SearchAction","target":{"@type":"EntryPoint","urlTemplate":"https:\/\/www.annonces-legales.org\/blog\/?s={search_term_string}"},"query-input":{"@type":"PropertyValueSpecification","valueRequired":true,"valueName":"search_term_string"}}],"inLanguage":"fr-FR"},{"@type":"Organization","@id":"https:\/\/www.annonces-legales.org\/blog\/#organization","name":"Actualit\u00e9 des entreprises","url":"https:\/\/www.annonces-legales.org\/blog\/","logo":{"@type":"ImageObject","inLanguage":"fr-FR","@id":"https:\/\/www.annonces-legales.org\/blog\/#\/schema\/logo\/image\/","url":"https:\/\/www.annonces-legales.org\/blog\/wp-content\/uploads\/2023\/08\/annonces-legales.svg","contentUrl":"https:\/\/www.annonces-legales.org\/blog\/wp-content\/uploads\/2023\/08\/annonces-legales.svg","caption":"Actualit\u00e9 des entreprises"},"image":{"@id":"https:\/\/www.annonces-legales.org\/blog\/#\/schema\/logo\/image\/"}}]}},"_links":{"self":[{"href":"https:\/\/www.annonces-legales.org\/blog\/wp-json\/wp\/v2\/pages\/1588","targetHints":{"allow":["GET"]}}],"collection":[{"href":"https:\/\/www.annonces-legales.org\/blog\/wp-json\/wp\/v2\/pages"}],"about":[{"href":"https:\/\/www.annonces-legales.org\/blog\/wp-json\/wp\/v2\/types\/page"}],"author":[{"embeddable":true,"href":"https:\/\/www.annonces-legales.org\/blog\/wp-json\/wp\/v2\/users\/1"}],"replies":[{"embeddable":true,"href":"https:\/\/www.annonces-legales.org\/blog\/wp-json\/wp\/v2\/comments?post=1588"}],"version-history":[{"count":4,"href":"https:\/\/www.annonces-legales.org\/blog\/wp-json\/wp\/v2\/pages\/1588\/revisions"}],"predecessor-version":[{"id":1592,"href":"https:\/\/www.annonces-legales.org\/blog\/wp-json\/wp\/v2\/pages\/1588\/revisions\/1592"}],"up":[{"embeddable":true,"href":"https:\/\/www.annonces-legales.org\/blog\/wp-json\/wp\/v2\/pages\/351"}],"wp:attachment":[{"href":"https:\/\/www.annonces-legales.org\/blog\/wp-json\/wp\/v2\/media?parent=1588"}],"curies":[{"name":"wp","href":"https:\/\/api.w.org\/{rel}","templated":true}]}}