{"id":1639,"date":"2021-12-20T18:51:57","date_gmt":"2021-12-20T17:51:57","guid":{"rendered":"https:\/\/www.annonces-legales.org\/blog\/?page_id=1639"},"modified":"2022-01-26T11:57:51","modified_gmt":"2022-01-26T10:57:51","slug":"la-marseillaise","status":"publish","type":"page","link":"https:\/\/www.annonces-legales.org\/blog\/la-marseillaise\/","title":{"rendered":"La Marseillaise"},"content":{"rendered":"<p><img loading=\"lazy\" decoding=\"async\" class=\"aligncenter size-full wp-image-1643\" src=\"https:\/\/www.annonces-legales.org\/blog\/wp-content\/uploads\/2021\/12\/logo-la-marseillaise.png\" alt=\"\" width=\"402\" height=\"60\" srcset=\"https:\/\/www.annonces-legales.org\/blog\/wp-content\/uploads\/2021\/12\/logo-la-marseillaise.png 402w, https:\/\/www.annonces-legales.org\/blog\/wp-content\/uploads\/2021\/12\/logo-la-marseillaise-300x45.png 300w\" sizes=\"auto, (max-width: 402px) 100vw, 402px\" \/><\/p>\n<p><strong>La Marseillaise<\/strong> est un journal quotidien r\u00e9gional qui est publi\u00e9 dans les d\u00e9partements du Var, des Bouches-du-Rh\u00f4ne et dans une partie du Vaucluse. Il poss\u00e8de \u00e9galement une \u00e9dition hebdomadaire pour les d\u00e9partements du Gard et de l&rsquo;H\u00e9rault. Son tirage est d&rsquo;environ 15 000 exemplaires.<\/p>\n<p>Le journal propose deux \u00e9ditions : la marseillaise \u00e9dition Occitanie (hebdomadaire) et la marseillaise \u00e9dition Marseille-Provence (quotidien).<\/p>\n<p>Le journal propose \u00e9galement un suppl\u00e9ment week-end pour les Bouches-du-Rh\u00f4ne et le Var.<br \/>\nLa Marseillaise a obtenu l&rsquo;autorisation des pr\u00e9fectures du Bouches-du-Rh\u00f4ne et du Var pour effectuer des <strong>annonces l\u00e9gales et officielles<\/strong> pour les soci\u00e9t\u00e9s et les particuliers de ces deux d\u00e9partements.<\/p>\n<p>&nbsp;<\/p>\n<h2>En savoir plus sur le journal La Marseillaise<\/h2>\n<p>&nbsp;<\/p>\n<h3>La cr\u00e9ation du journal<\/h3>\n<p>Le journal a \u00e9t\u00e9 fond\u00e9 pendant la seconde guerre mondiale en 1943. C&rsquo;\u00e9tait un organe de presse de la r\u00e9sistance du sud de la France. Sa cadence de parution est d&rsquo;abord mensuelle. Le journal est apparent\u00e9 communiste jusqu&rsquo;en 1997 o\u00f9 il deviendra plus ouvert \u00e0 d&rsquo;autres courants de pens\u00e9. Depuis 2014, le journal a eu beaucoup de probl\u00e8mes financiers avec des proc\u00e9dures de redressement judiciaire et des plans sociaux. Le journal est pass\u00e9 de 200 salari\u00e9s en 2014 \u00e0 environ une cinquantaine aujourd&rsquo;hui. Avec la crise sanitaire, le journal a \u00e9t\u00e9 plac\u00e9 en liquidation judiciaire. Le journal a \u00e9t\u00e9 repris par la soci\u00e9t\u00e9 par actions simplifi\u00e9es <strong>Maritima M\u00e9dia<\/strong> qui poss\u00e8de \u00e9galement une cha\u00eene de t\u00e9l\u00e9vision, une station de radio et un site Web dans le d\u00e9partement des Bouches-du-Rh\u00f4ne.<\/p>\n<p>&nbsp;<\/p>\n<h3>Mondial la marseillaise \u00e0 p\u00e9tanques<\/h3>\n<p>Le journal organise chaque ann\u00e9e le plus grand concours international de p\u00e9tanque. Plus de 13\u00a0000 joueurs et 50\u00a0000 spectateurs participent \u00e0 la comp\u00e9tition chaque ann\u00e9e. Ce concours sportif a \u00e9t\u00e9 cr\u00e9\u00e9 au d\u00e9but des ann\u00e9es 60 par le journal et par<strong> Paul Ricard<\/strong>.<\/p>\n<p>&nbsp;<\/p>\n<h3>Le site Web du journal La Marseillaise et les abonnements<\/h3>\n<p><img loading=\"lazy\" decoding=\"async\" class=\"aligncenter size-full wp-image-1640\" src=\"https:\/\/www.annonces-legales.org\/blog\/wp-content\/uploads\/2021\/12\/journal-la-marseillaise.png\" alt=\"\" width=\"800\" height=\"832\" srcset=\"https:\/\/www.annonces-legales.org\/blog\/wp-content\/uploads\/2021\/12\/journal-la-marseillaise.png 800w, https:\/\/www.annonces-legales.org\/blog\/wp-content\/uploads\/2021\/12\/journal-la-marseillaise-288x300.png 288w, https:\/\/www.annonces-legales.org\/blog\/wp-content\/uploads\/2021\/12\/journal-la-marseillaise-768x799.png 768w\" sizes=\"auto, (max-width: 800px) 100vw, 800px\" \/><\/p>\n<p>Tous les articles publi\u00e9s sur le site Internet du journal ne peuvent \u00eatre consult\u00e9s que par les abonn\u00e9s. Le journal a mis en place 2 formules d&rsquo;abonnement : l&rsquo;offre num\u00e9rique \u00e0 9,90 \u20ac par mois qui permet de lire tous les articles du journal sur le site Web ou de t\u00e9l\u00e9charger le journal au format PDF. Ensuite, il y a l&rsquo;offre papier et num\u00e9rique qui co\u00fbte 34,50 \u20ac par mois et propose le journal en version papier et num\u00e9rique mais comprend \u00e9galement les suppl\u00e9ments du journal et les \u00e9ditions du week-end.<\/p>\n<p>&nbsp;<\/p>\n<h2>Annonces l\u00e9gales dans les Bouches-du-Rh\u00f4ne et dans le Var<\/h2>\n<p>Publier sur notre site Annonces-legales.org est facile et peu on\u00e9reux. Nous proposons la publication d&rsquo;une annonce l\u00e9gale pour le d\u00e9partement des Bouches du Rh\u00f4ne mais aussi pour le d\u00e9partement du Var.<\/p>\n<p>Vous pouvez calculer le prix de votre annonce l\u00e9gale directement en ligne sans avoir besoin de vous inscrire. Cela ne prend que quelques minutes. Essayez !<\/p>\n<br\/><br\/><div class=\"entry-content notopmargin\">\n\t<img decoding=\"async\" class=\"img-fluid fleft\" src=\"https:\/\/www.annonces-legales.org\/images\/rapide-economique-tout-departement.png\" alt=\"Journal d'annonce l\u00e9gale habilit\u00e9 \"><a href=\"https:\/\/www.annonces-legales.org\/publication-annonce-legale.html\" class=\"button button-desc fright mtop30\"><div>Je publie<br> mon annonce<br> l\u00e9gale<\/div><span>dans un journal habilit\u00e9 !<\/span><\/a>\n<\/div><div class=\"clrbth\"><\/div><br\/><br\/>\n","protected":false},"excerpt":{"rendered":"<p>La Marseillaise est un journal quotidien r\u00e9gional qui est publi\u00e9 dans les d\u00e9partements du Var, des Bouches-du-Rh\u00f4ne et dans une [&hellip;]<\/p>\n","protected":false},"author":1,"featured_media":0,"parent":351,"menu_order":0,"comment_status":"closed","ping_status":"closed","template":"","meta":{"inline_featured_image":false,"footnotes":""},"class_list":["post-1639","page","type-page","status-publish","hentry"],"yoast_head":"<!-- This site is optimized with the Yoast SEO plugin v26.8 - https:\/\/yoast.com\/product\/yoast-seo-wordpress\/ -->\n<title>La Marseillaise - Actualit\u00e9 des entreprises<\/title>\n<meta name=\"robots\" content=\"index, follow, max-snippet:-1, max-image-preview:large, max-video-preview:-1\" \/>\n<link rel=\"canonical\" href=\"https:\/\/www.annonces-legales.org\/blog\/la-marseillaise\/\" \/>\n<meta property=\"og:locale\" content=\"fr_FR\" \/>\n<meta property=\"og:type\" content=\"article\" \/>\n<meta property=\"og:title\" content=\"La Marseillaise - Actualit\u00e9 des entreprises\" \/>\n<meta property=\"og:description\" content=\"La Marseillaise est un journal quotidien r\u00e9gional qui est publi\u00e9 dans les d\u00e9partements du Var, des Bouches-du-Rh\u00f4ne et dans une [&hellip;]\" \/>\n<meta property=\"og:url\" content=\"https:\/\/www.annonces-legales.org\/blog\/la-marseillaise\/\" \/>\n<meta property=\"og:site_name\" content=\"Actualit\u00e9 des entreprises\" \/>\n<meta property=\"article:modified_time\" content=\"2022-01-26T10:57:51+00:00\" \/>\n<meta property=\"og:image\" content=\"https:\/\/www.annonces-legales.org\/blog\/wp-content\/uploads\/2021\/12\/logo-la-marseillaise.png\" \/>\n\t<meta property=\"og:image:width\" content=\"402\" \/>\n\t<meta property=\"og:image:height\" content=\"60\" \/>\n\t<meta property=\"og:image:type\" content=\"image\/png\" \/>\n<meta name=\"twitter:card\" content=\"summary_large_image\" \/>\n<meta name=\"twitter:label1\" content=\"Dur\u00e9e de lecture estim\u00e9e\" \/>\n\t<meta name=\"twitter:data1\" content=\"2 minutes\" \/>\n<script type=\"application\/ld+json\" class=\"yoast-schema-graph\">{\"@context\":\"https:\/\/schema.org\",\"@graph\":[{\"@type\":\"WebPage\",\"@id\":\"https:\/\/www.annonces-legales.org\/blog\/la-marseillaise\/\",\"url\":\"https:\/\/www.annonces-legales.org\/blog\/la-marseillaise\/\",\"name\":\"La Marseillaise - Actualit\u00e9 des entreprises\",\"isPartOf\":{\"@id\":\"https:\/\/www.annonces-legales.org\/blog\/#website\"},\"primaryImageOfPage\":{\"@id\":\"https:\/\/www.annonces-legales.org\/blog\/la-marseillaise\/#primaryimage\"},\"image\":{\"@id\":\"https:\/\/www.annonces-legales.org\/blog\/la-marseillaise\/#primaryimage\"},\"thumbnailUrl\":\"https:\/\/www.annonces-legales.org\/blog\/wp-content\/uploads\/2021\/12\/logo-la-marseillaise.png\",\"datePublished\":\"2021-12-20T17:51:57+00:00\",\"dateModified\":\"2022-01-26T10:57:51+00:00\",\"breadcrumb\":{\"@id\":\"https:\/\/www.annonces-legales.org\/blog\/la-marseillaise\/#breadcrumb\"},\"inLanguage\":\"fr-FR\",\"potentialAction\":[{\"@type\":\"ReadAction\",\"target\":[\"https:\/\/www.annonces-legales.org\/blog\/la-marseillaise\/\"]}]},{\"@type\":\"ImageObject\",\"inLanguage\":\"fr-FR\",\"@id\":\"https:\/\/www.annonces-legales.org\/blog\/la-marseillaise\/#primaryimage\",\"url\":\"https:\/\/www.annonces-legales.org\/blog\/wp-content\/uploads\/2021\/12\/logo-la-marseillaise.png\",\"contentUrl\":\"https:\/\/www.annonces-legales.org\/blog\/wp-content\/uploads\/2021\/12\/logo-la-marseillaise.png\",\"width\":402,\"height\":60},{\"@type\":\"BreadcrumbList\",\"@id\":\"https:\/\/www.annonces-legales.org\/blog\/la-marseillaise\/#breadcrumb\",\"itemListElement\":[{\"@type\":\"ListItem\",\"position\":1,\"name\":\"Accueil\",\"item\":\"https:\/\/www.annonces-legales.org\/blog\/\"},{\"@type\":\"ListItem\",\"position\":2,\"name\":\"Liste des journaux habilit\u00e9s \u00e0 publier des annonces l\u00e9gales\",\"item\":\"https:\/\/www.annonces-legales.org\/blog\/liste-des-journaux-habilites-a-publier-des-annonces-legales\/\"},{\"@type\":\"ListItem\",\"position\":3,\"name\":\"La Marseillaise\"}]},{\"@type\":\"WebSite\",\"@id\":\"https:\/\/www.annonces-legales.org\/blog\/#website\",\"url\":\"https:\/\/www.annonces-legales.org\/blog\/\",\"name\":\"Actualit\u00e9 des entreprises\",\"description\":\"\",\"publisher\":{\"@id\":\"https:\/\/www.annonces-legales.org\/blog\/#organization\"},\"potentialAction\":[{\"@type\":\"SearchAction\",\"target\":{\"@type\":\"EntryPoint\",\"urlTemplate\":\"https:\/\/www.annonces-legales.org\/blog\/?s={search_term_string}\"},\"query-input\":{\"@type\":\"PropertyValueSpecification\",\"valueRequired\":true,\"valueName\":\"search_term_string\"}}],\"inLanguage\":\"fr-FR\"},{\"@type\":\"Organization\",\"@id\":\"https:\/\/www.annonces-legales.org\/blog\/#organization\",\"name\":\"Actualit\u00e9 des entreprises\",\"url\":\"https:\/\/www.annonces-legales.org\/blog\/\",\"logo\":{\"@type\":\"ImageObject\",\"inLanguage\":\"fr-FR\",\"@id\":\"https:\/\/www.annonces-legales.org\/blog\/#\/schema\/logo\/image\/\",\"url\":\"https:\/\/www.annonces-legales.org\/blog\/wp-content\/uploads\/2023\/08\/annonces-legales.svg\",\"contentUrl\":\"https:\/\/www.annonces-legales.org\/blog\/wp-content\/uploads\/2023\/08\/annonces-legales.svg\",\"caption\":\"Actualit\u00e9 des entreprises\"},\"image\":{\"@id\":\"https:\/\/www.annonces-legales.org\/blog\/#\/schema\/logo\/image\/\"}}]}<\/script>\n<!-- \/ Yoast SEO plugin. -->","yoast_head_json":{"title":"La Marseillaise - Actualit\u00e9 des entreprises","robots":{"index":"index","follow":"follow","max-snippet":"max-snippet:-1","max-image-preview":"max-image-preview:large","max-video-preview":"max-video-preview:-1"},"canonical":"https:\/\/www.annonces-legales.org\/blog\/la-marseillaise\/","og_locale":"fr_FR","og_type":"article","og_title":"La Marseillaise - Actualit\u00e9 des entreprises","og_description":"La Marseillaise est un journal quotidien r\u00e9gional qui est publi\u00e9 dans les d\u00e9partements du Var, des Bouches-du-Rh\u00f4ne et dans une [&hellip;]","og_url":"https:\/\/www.annonces-legales.org\/blog\/la-marseillaise\/","og_site_name":"Actualit\u00e9 des entreprises","article_modified_time":"2022-01-26T10:57:51+00:00","og_image":[{"width":402,"height":60,"url":"https:\/\/www.annonces-legales.org\/blog\/wp-content\/uploads\/2021\/12\/logo-la-marseillaise.png","type":"image\/png"}],"twitter_card":"summary_large_image","twitter_misc":{"Dur\u00e9e de lecture estim\u00e9e":"2 minutes"},"schema":{"@context":"https:\/\/schema.org","@graph":[{"@type":"WebPage","@id":"https:\/\/www.annonces-legales.org\/blog\/la-marseillaise\/","url":"https:\/\/www.annonces-legales.org\/blog\/la-marseillaise\/","name":"La Marseillaise - Actualit\u00e9 des entreprises","isPartOf":{"@id":"https:\/\/www.annonces-legales.org\/blog\/#website"},"primaryImageOfPage":{"@id":"https:\/\/www.annonces-legales.org\/blog\/la-marseillaise\/#primaryimage"},"image":{"@id":"https:\/\/www.annonces-legales.org\/blog\/la-marseillaise\/#primaryimage"},"thumbnailUrl":"https:\/\/www.annonces-legales.org\/blog\/wp-content\/uploads\/2021\/12\/logo-la-marseillaise.png","datePublished":"2021-12-20T17:51:57+00:00","dateModified":"2022-01-26T10:57:51+00:00","breadcrumb":{"@id":"https:\/\/www.annonces-legales.org\/blog\/la-marseillaise\/#breadcrumb"},"inLanguage":"fr-FR","potentialAction":[{"@type":"ReadAction","target":["https:\/\/www.annonces-legales.org\/blog\/la-marseillaise\/"]}]},{"@type":"ImageObject","inLanguage":"fr-FR","@id":"https:\/\/www.annonces-legales.org\/blog\/la-marseillaise\/#primaryimage","url":"https:\/\/www.annonces-legales.org\/blog\/wp-content\/uploads\/2021\/12\/logo-la-marseillaise.png","contentUrl":"https:\/\/www.annonces-legales.org\/blog\/wp-content\/uploads\/2021\/12\/logo-la-marseillaise.png","width":402,"height":60},{"@type":"BreadcrumbList","@id":"https:\/\/www.annonces-legales.org\/blog\/la-marseillaise\/#breadcrumb","itemListElement":[{"@type":"ListItem","position":1,"name":"Accueil","item":"https:\/\/www.annonces-legales.org\/blog\/"},{"@type":"ListItem","position":2,"name":"Liste des journaux habilit\u00e9s \u00e0 publier des annonces l\u00e9gales","item":"https:\/\/www.annonces-legales.org\/blog\/liste-des-journaux-habilites-a-publier-des-annonces-legales\/"},{"@type":"ListItem","position":3,"name":"La Marseillaise"}]},{"@type":"WebSite","@id":"https:\/\/www.annonces-legales.org\/blog\/#website","url":"https:\/\/www.annonces-legales.org\/blog\/","name":"Actualit\u00e9 des entreprises","description":"","publisher":{"@id":"https:\/\/www.annonces-legales.org\/blog\/#organization"},"potentialAction":[{"@type":"SearchAction","target":{"@type":"EntryPoint","urlTemplate":"https:\/\/www.annonces-legales.org\/blog\/?s={search_term_string}"},"query-input":{"@type":"PropertyValueSpecification","valueRequired":true,"valueName":"search_term_string"}}],"inLanguage":"fr-FR"},{"@type":"Organization","@id":"https:\/\/www.annonces-legales.org\/blog\/#organization","name":"Actualit\u00e9 des entreprises","url":"https:\/\/www.annonces-legales.org\/blog\/","logo":{"@type":"ImageObject","inLanguage":"fr-FR","@id":"https:\/\/www.annonces-legales.org\/blog\/#\/schema\/logo\/image\/","url":"https:\/\/www.annonces-legales.org\/blog\/wp-content\/uploads\/2023\/08\/annonces-legales.svg","contentUrl":"https:\/\/www.annonces-legales.org\/blog\/wp-content\/uploads\/2023\/08\/annonces-legales.svg","caption":"Actualit\u00e9 des entreprises"},"image":{"@id":"https:\/\/www.annonces-legales.org\/blog\/#\/schema\/logo\/image\/"}}]}},"_links":{"self":[{"href":"https:\/\/www.annonces-legales.org\/blog\/wp-json\/wp\/v2\/pages\/1639","targetHints":{"allow":["GET"]}}],"collection":[{"href":"https:\/\/www.annonces-legales.org\/blog\/wp-json\/wp\/v2\/pages"}],"about":[{"href":"https:\/\/www.annonces-legales.org\/blog\/wp-json\/wp\/v2\/types\/page"}],"author":[{"embeddable":true,"href":"https:\/\/www.annonces-legales.org\/blog\/wp-json\/wp\/v2\/users\/1"}],"replies":[{"embeddable":true,"href":"https:\/\/www.annonces-legales.org\/blog\/wp-json\/wp\/v2\/comments?post=1639"}],"version-history":[{"count":3,"href":"https:\/\/www.annonces-legales.org\/blog\/wp-json\/wp\/v2\/pages\/1639\/revisions"}],"predecessor-version":[{"id":1644,"href":"https:\/\/www.annonces-legales.org\/blog\/wp-json\/wp\/v2\/pages\/1639\/revisions\/1644"}],"up":[{"embeddable":true,"href":"https:\/\/www.annonces-legales.org\/blog\/wp-json\/wp\/v2\/pages\/351"}],"wp:attachment":[{"href":"https:\/\/www.annonces-legales.org\/blog\/wp-json\/wp\/v2\/media?parent=1639"}],"curies":[{"name":"wp","href":"https:\/\/api.w.org\/{rel}","templated":true}]}}