{"id":1645,"date":"2021-12-20T19:00:41","date_gmt":"2021-12-20T18:00:41","guid":{"rendered":"https:\/\/www.annonces-legales.org\/blog\/?page_id=1645"},"modified":"2022-01-26T12:00:27","modified_gmt":"2022-01-26T11:00:27","slug":"la-voix-le-bocage","status":"publish","type":"page","link":"https:\/\/www.annonces-legales.org\/blog\/la-voix-le-bocage\/","title":{"rendered":"La Voix Le Bocage"},"content":{"rendered":"<p>&nbsp;<\/p>\n<p>Le journal hebdomadaire <strong>La Voix \u2013 Le Bocage<\/strong> est disponible chaque jeudi dans le d\u00e9partement du Calvados. Le journal est vendu au prix de 1,40 euros. Son audience est compos\u00e9e d&rsquo;environ 30 000 lecteurs.<\/p>\n<p>La r\u00e9dactrice en chef du journal s&rsquo;appelle Isabelle Innocenti. L&rsquo;\u00e9diteur du journal se nomme Ludovic Lemoine. Le directeur de la publication est Francis Gaunaud.<br \/>\nLe journal appartient au groupe de presse PubliHebdos. il ne poss\u00e8de pas r\u00e9ellement de sites Internet mais une page sur le site actu.fr comme l&rsquo;ensemble des journaux de presse du groupe PubliHebdos.<\/p>\n<p>Adresse du journal : La Voix Le Bocage, 6 rue Turpin, 14\u00a0501 Vire.<br \/>\nT\u00e9l\u00e9phone : 02 31 68 02 56<br \/>\nFax : 02 31 67 54 59<br \/>\nE-mail : la-voix-le-bocage@publihebdos.frais<\/p>\n<p>En savoir plus sur le journal La Voix \u2013 Le Bocage<\/p>\n<p>Le journal a \u00e9t\u00e9 fond\u00e9 en 1944. Le journal s&rsquo;appelle tout d&rsquo;abord<strong> La Voix du Bocage<\/strong>. C&rsquo;est en 1975 qu&rsquo;il change de nom. Le journal poss\u00e8de deux \u00e9ditions: Vire Bocage et Vire-Pr\u00e9 Bocage.<\/p>\n<p>Le journal propose des suppl\u00e9ments gratuits : chaque semaine un cahier sp\u00e9cial \u00ab loisirs en Normandie \u00bb est ajout\u00e9 au journal. Chaque ann\u00e9e, pendant les journ\u00e9es nationales du patrimoine, un autre cahier sp\u00e9cial intitul\u00e9 \u00ab patrimoine \u00bb est donn\u00e9 au lecteur.<\/p>\n<p>Le comit\u00e9 d&rsquo;habilitation des JAL du Calvados a donn\u00e9 au journal le droit de publier des annonces judiciaires et l\u00e9gales dans ce d\u00e9partement. Ce journal hebdomadaire du Calvados publie une vingtaine d&rsquo;annonces l\u00e9gales chaque semaine.<\/p>\n<p>&nbsp;<\/p>\n<h2>Annonces Officielles dans le Calvados 14<\/h2>\n<p>L&rsquo;insertion d&rsquo;une annonce dans un journal habilit\u00e9 est indispensable pour faire vos d\u00e9marches de cr\u00e9ation d&rsquo;entreprise dans le d\u00e9partement du Calvados.<\/p>\n<p>Pour effectuer une <a href=\"https:\/\/www.annonces-legales.org\/annonce-legale-pas-cher.html\">annonce l\u00e9gale moins cher<\/a>, vous pouvez utiliser nos services.<\/p>\n<br\/><br\/><div class=\"entry-content notopmargin\">\n\t<img decoding=\"async\" class=\"img-fluid fleft\" src=\"https:\/\/www.annonces-legales.org\/images\/rapide-economique-tout-departement.png\" alt=\"Journal d'annonce l\u00e9gale du Calvados \"><a href=\"https:\/\/www.annonces-legales.org\/publication-annonce-legale.html\" class=\"button button-desc fright mtop30\"><div>Je publie<br> mon annonce<br> l\u00e9gale<\/div><span>dans un journal du Calvados !<\/span><\/a>\n<\/div><div class=\"clrbth\"><\/div><br\/><br\/>\n<p>&nbsp;<\/p>\n","protected":false},"excerpt":{"rendered":"<p>&nbsp; Le journal hebdomadaire La Voix \u2013 Le Bocage est disponible chaque jeudi dans le d\u00e9partement du Calvados. Le journal [&hellip;]<\/p>\n","protected":false},"author":1,"featured_media":0,"parent":351,"menu_order":0,"comment_status":"closed","ping_status":"closed","template":"","meta":{"inline_featured_image":false,"footnotes":""},"class_list":["post-1645","page","type-page","status-publish","hentry"],"yoast_head":"<!-- This site is optimized with the Yoast SEO plugin v26.8 - https:\/\/yoast.com\/product\/yoast-seo-wordpress\/ -->\n<title>La Voix Le Bocage - Actualit\u00e9 des entreprises<\/title>\n<meta name=\"robots\" content=\"index, follow, max-snippet:-1, max-image-preview:large, max-video-preview:-1\" \/>\n<link rel=\"canonical\" href=\"https:\/\/www.annonces-legales.org\/blog\/la-voix-le-bocage\/\" \/>\n<meta property=\"og:locale\" content=\"fr_FR\" \/>\n<meta property=\"og:type\" content=\"article\" \/>\n<meta property=\"og:title\" content=\"La Voix Le Bocage - Actualit\u00e9 des entreprises\" \/>\n<meta property=\"og:description\" content=\"&nbsp; Le journal hebdomadaire La Voix \u2013 Le Bocage est disponible chaque jeudi dans le d\u00e9partement du Calvados. Le journal [&hellip;]\" \/>\n<meta property=\"og:url\" content=\"https:\/\/www.annonces-legales.org\/blog\/la-voix-le-bocage\/\" \/>\n<meta property=\"og:site_name\" content=\"Actualit\u00e9 des entreprises\" \/>\n<meta property=\"article:modified_time\" content=\"2022-01-26T11:00:27+00:00\" \/>\n<meta name=\"twitter:card\" content=\"summary_large_image\" \/>\n<meta name=\"twitter:label1\" content=\"Dur\u00e9e de lecture estim\u00e9e\" \/>\n\t<meta name=\"twitter:data1\" content=\"1 minute\" \/>\n<script type=\"application\/ld+json\" class=\"yoast-schema-graph\">{\"@context\":\"https:\/\/schema.org\",\"@graph\":[{\"@type\":\"WebPage\",\"@id\":\"https:\/\/www.annonces-legales.org\/blog\/la-voix-le-bocage\/\",\"url\":\"https:\/\/www.annonces-legales.org\/blog\/la-voix-le-bocage\/\",\"name\":\"La Voix Le Bocage - Actualit\u00e9 des entreprises\",\"isPartOf\":{\"@id\":\"https:\/\/www.annonces-legales.org\/blog\/#website\"},\"datePublished\":\"2021-12-20T18:00:41+00:00\",\"dateModified\":\"2022-01-26T11:00:27+00:00\",\"breadcrumb\":{\"@id\":\"https:\/\/www.annonces-legales.org\/blog\/la-voix-le-bocage\/#breadcrumb\"},\"inLanguage\":\"fr-FR\",\"potentialAction\":[{\"@type\":\"ReadAction\",\"target\":[\"https:\/\/www.annonces-legales.org\/blog\/la-voix-le-bocage\/\"]}]},{\"@type\":\"BreadcrumbList\",\"@id\":\"https:\/\/www.annonces-legales.org\/blog\/la-voix-le-bocage\/#breadcrumb\",\"itemListElement\":[{\"@type\":\"ListItem\",\"position\":1,\"name\":\"Accueil\",\"item\":\"https:\/\/www.annonces-legales.org\/blog\/\"},{\"@type\":\"ListItem\",\"position\":2,\"name\":\"Liste des journaux habilit\u00e9s \u00e0 publier des annonces l\u00e9gales\",\"item\":\"https:\/\/www.annonces-legales.org\/blog\/liste-des-journaux-habilites-a-publier-des-annonces-legales\/\"},{\"@type\":\"ListItem\",\"position\":3,\"name\":\"La Voix Le Bocage\"}]},{\"@type\":\"WebSite\",\"@id\":\"https:\/\/www.annonces-legales.org\/blog\/#website\",\"url\":\"https:\/\/www.annonces-legales.org\/blog\/\",\"name\":\"Actualit\u00e9 des entreprises\",\"description\":\"\",\"publisher\":{\"@id\":\"https:\/\/www.annonces-legales.org\/blog\/#organization\"},\"potentialAction\":[{\"@type\":\"SearchAction\",\"target\":{\"@type\":\"EntryPoint\",\"urlTemplate\":\"https:\/\/www.annonces-legales.org\/blog\/?s={search_term_string}\"},\"query-input\":{\"@type\":\"PropertyValueSpecification\",\"valueRequired\":true,\"valueName\":\"search_term_string\"}}],\"inLanguage\":\"fr-FR\"},{\"@type\":\"Organization\",\"@id\":\"https:\/\/www.annonces-legales.org\/blog\/#organization\",\"name\":\"Actualit\u00e9 des entreprises\",\"url\":\"https:\/\/www.annonces-legales.org\/blog\/\",\"logo\":{\"@type\":\"ImageObject\",\"inLanguage\":\"fr-FR\",\"@id\":\"https:\/\/www.annonces-legales.org\/blog\/#\/schema\/logo\/image\/\",\"url\":\"https:\/\/www.annonces-legales.org\/blog\/wp-content\/uploads\/2023\/08\/annonces-legales.svg\",\"contentUrl\":\"https:\/\/www.annonces-legales.org\/blog\/wp-content\/uploads\/2023\/08\/annonces-legales.svg\",\"caption\":\"Actualit\u00e9 des entreprises\"},\"image\":{\"@id\":\"https:\/\/www.annonces-legales.org\/blog\/#\/schema\/logo\/image\/\"}}]}<\/script>\n<!-- \/ Yoast SEO plugin. -->","yoast_head_json":{"title":"La Voix Le Bocage - Actualit\u00e9 des entreprises","robots":{"index":"index","follow":"follow","max-snippet":"max-snippet:-1","max-image-preview":"max-image-preview:large","max-video-preview":"max-video-preview:-1"},"canonical":"https:\/\/www.annonces-legales.org\/blog\/la-voix-le-bocage\/","og_locale":"fr_FR","og_type":"article","og_title":"La Voix Le Bocage - Actualit\u00e9 des entreprises","og_description":"&nbsp; Le journal hebdomadaire La Voix \u2013 Le Bocage est disponible chaque jeudi dans le d\u00e9partement du Calvados. Le journal [&hellip;]","og_url":"https:\/\/www.annonces-legales.org\/blog\/la-voix-le-bocage\/","og_site_name":"Actualit\u00e9 des entreprises","article_modified_time":"2022-01-26T11:00:27+00:00","twitter_card":"summary_large_image","twitter_misc":{"Dur\u00e9e de lecture estim\u00e9e":"1 minute"},"schema":{"@context":"https:\/\/schema.org","@graph":[{"@type":"WebPage","@id":"https:\/\/www.annonces-legales.org\/blog\/la-voix-le-bocage\/","url":"https:\/\/www.annonces-legales.org\/blog\/la-voix-le-bocage\/","name":"La Voix Le Bocage - Actualit\u00e9 des entreprises","isPartOf":{"@id":"https:\/\/www.annonces-legales.org\/blog\/#website"},"datePublished":"2021-12-20T18:00:41+00:00","dateModified":"2022-01-26T11:00:27+00:00","breadcrumb":{"@id":"https:\/\/www.annonces-legales.org\/blog\/la-voix-le-bocage\/#breadcrumb"},"inLanguage":"fr-FR","potentialAction":[{"@type":"ReadAction","target":["https:\/\/www.annonces-legales.org\/blog\/la-voix-le-bocage\/"]}]},{"@type":"BreadcrumbList","@id":"https:\/\/www.annonces-legales.org\/blog\/la-voix-le-bocage\/#breadcrumb","itemListElement":[{"@type":"ListItem","position":1,"name":"Accueil","item":"https:\/\/www.annonces-legales.org\/blog\/"},{"@type":"ListItem","position":2,"name":"Liste des journaux habilit\u00e9s \u00e0 publier des annonces l\u00e9gales","item":"https:\/\/www.annonces-legales.org\/blog\/liste-des-journaux-habilites-a-publier-des-annonces-legales\/"},{"@type":"ListItem","position":3,"name":"La Voix Le Bocage"}]},{"@type":"WebSite","@id":"https:\/\/www.annonces-legales.org\/blog\/#website","url":"https:\/\/www.annonces-legales.org\/blog\/","name":"Actualit\u00e9 des entreprises","description":"","publisher":{"@id":"https:\/\/www.annonces-legales.org\/blog\/#organization"},"potentialAction":[{"@type":"SearchAction","target":{"@type":"EntryPoint","urlTemplate":"https:\/\/www.annonces-legales.org\/blog\/?s={search_term_string}"},"query-input":{"@type":"PropertyValueSpecification","valueRequired":true,"valueName":"search_term_string"}}],"inLanguage":"fr-FR"},{"@type":"Organization","@id":"https:\/\/www.annonces-legales.org\/blog\/#organization","name":"Actualit\u00e9 des entreprises","url":"https:\/\/www.annonces-legales.org\/blog\/","logo":{"@type":"ImageObject","inLanguage":"fr-FR","@id":"https:\/\/www.annonces-legales.org\/blog\/#\/schema\/logo\/image\/","url":"https:\/\/www.annonces-legales.org\/blog\/wp-content\/uploads\/2023\/08\/annonces-legales.svg","contentUrl":"https:\/\/www.annonces-legales.org\/blog\/wp-content\/uploads\/2023\/08\/annonces-legales.svg","caption":"Actualit\u00e9 des entreprises"},"image":{"@id":"https:\/\/www.annonces-legales.org\/blog\/#\/schema\/logo\/image\/"}}]}},"_links":{"self":[{"href":"https:\/\/www.annonces-legales.org\/blog\/wp-json\/wp\/v2\/pages\/1645","targetHints":{"allow":["GET"]}}],"collection":[{"href":"https:\/\/www.annonces-legales.org\/blog\/wp-json\/wp\/v2\/pages"}],"about":[{"href":"https:\/\/www.annonces-legales.org\/blog\/wp-json\/wp\/v2\/types\/page"}],"author":[{"embeddable":true,"href":"https:\/\/www.annonces-legales.org\/blog\/wp-json\/wp\/v2\/users\/1"}],"replies":[{"embeddable":true,"href":"https:\/\/www.annonces-legales.org\/blog\/wp-json\/wp\/v2\/comments?post=1645"}],"version-history":[{"count":2,"href":"https:\/\/www.annonces-legales.org\/blog\/wp-json\/wp\/v2\/pages\/1645\/revisions"}],"predecessor-version":[{"id":1647,"href":"https:\/\/www.annonces-legales.org\/blog\/wp-json\/wp\/v2\/pages\/1645\/revisions\/1647"}],"up":[{"embeddable":true,"href":"https:\/\/www.annonces-legales.org\/blog\/wp-json\/wp\/v2\/pages\/351"}],"wp:attachment":[{"href":"https:\/\/www.annonces-legales.org\/blog\/wp-json\/wp\/v2\/media?parent=1645"}],"curies":[{"name":"wp","href":"https:\/\/api.w.org\/{rel}","templated":true}]}}