{"id":1648,"date":"2021-12-20T19:05:32","date_gmt":"2021-12-20T18:05:32","guid":{"rendered":"https:\/\/www.annonces-legales.org\/blog\/?page_id=1648"},"modified":"2022-01-26T12:16:26","modified_gmt":"2022-01-26T11:16:26","slug":"union-paysanne","status":"publish","type":"page","link":"https:\/\/www.annonces-legales.org\/blog\/union-paysanne\/","title":{"rendered":"Union Paysanne"},"content":{"rendered":"<p>&nbsp;<\/p>\n<p>L&rsquo;<strong>Union Paysanne<\/strong> est un journal de presse agricole d\u00e9partementale qui est publi\u00e9 chaque semaine (le vendredi) en Corr\u00e8ze et dans les alentours.<br \/>\nCe journal est vendu au prix de 4,50 \u20ac. Il traite de l&rsquo;actualit\u00e9 de l&rsquo;agriculture, de l&rsquo;\u00e9levage, et des exploitations de la Corr\u00e8ze et des r\u00e9gions connexes. L&rsquo;Union Paysanne informe ses lecteurs avec des dossiers techniques et politiques locaux et internationaux. Le journal appartient \u00e0 la soci\u00e9t\u00e9 R\u00e9ussir qui est sp\u00e9cialis\u00e9 dans la publication de journaux agricoles. L&rsquo;ensemble des lecteurs du journal sont donc des exploitants d&rsquo;\u00e9levage ou de terres agricoles. Le journal fait une vingtaine de pages.<\/p>\n<p>Le journal poss\u00e8de une page internet sur laquelle on peut acheter le journal de la semaine et sur laquelle on peut s&rsquo;abonner pour un an au prix de 152 \u20ac (une revue r\u00e9ussir est inclus dans l&rsquo;abonnement). Il existe \u00e9galement une offre d&rsquo;abonnement pour deux ans au prix de 192 \u20ac (avec la revue r\u00e9ussir en plus). Ces abonnements donnent droit au journal en version papier ou en version num\u00e9rique (en PDF).<br \/>\nLe site propose des articles diff\u00e9rents de ceux du journal. Ces articles sont en acc\u00e8s gratuit pour tous les internautes.<\/p>\n<p>&nbsp;<\/p>\n<h2>Contact du journal<\/h2>\n<p>E-mail : up19@reussir.fr<br \/>\nT\u00e9l\u00e9phone : 05 55 21 55 81<\/p>\n<p>&nbsp;<\/p>\n<h2>Annonces l\u00e9gales et judiciaires en Corr\u00e8ze<\/h2>\n<p>L&rsquo;Union Paysanne est un journal officiel pour le d\u00e9partement de la Corr\u00e8ze (19). Il peut donc \u00e9crire \u00e0 publier des annonces officielles et l\u00e9gales pour les soci\u00e9t\u00e9s corr\u00e9ziennes.<\/p>\n<br\/><br\/><div class=\"entry-content notopmargin\">\n\t<img decoding=\"async\" class=\"img-fluid fleft\" src=\"https:\/\/www.annonces-legales.org\/images\/rapide-economique-tout-departement.png\" alt=\"Journal d'annonce l\u00e9gale du 19 \"><a href=\"https:\/\/www.annonces-legales.org\/publication-annonce-legale.html\" class=\"button button-desc fright mtop30\"><div>Je publie<br> mon annonce<br> l\u00e9gale<\/div><span>dans un journal du 19 !<\/span><\/a>\n<\/div><div class=\"clrbth\"><\/div><br\/><br\/>\n","protected":false},"excerpt":{"rendered":"<p>&nbsp; L&rsquo;Union Paysanne est un journal de presse agricole d\u00e9partementale qui est publi\u00e9 chaque semaine (le vendredi) en Corr\u00e8ze et [&hellip;]<\/p>\n","protected":false},"author":1,"featured_media":0,"parent":351,"menu_order":0,"comment_status":"closed","ping_status":"closed","template":"","meta":{"inline_featured_image":false,"footnotes":""},"class_list":["post-1648","page","type-page","status-publish","hentry"],"yoast_head":"<!-- This site is optimized with the Yoast SEO plugin v26.8 - https:\/\/yoast.com\/product\/yoast-seo-wordpress\/ -->\n<title>Union Paysanne - Actualit\u00e9 des entreprises<\/title>\n<meta name=\"robots\" content=\"index, follow, max-snippet:-1, max-image-preview:large, max-video-preview:-1\" \/>\n<link rel=\"canonical\" href=\"https:\/\/www.annonces-legales.org\/blog\/union-paysanne\/\" \/>\n<meta property=\"og:locale\" content=\"fr_FR\" \/>\n<meta property=\"og:type\" content=\"article\" \/>\n<meta property=\"og:title\" content=\"Union Paysanne - Actualit\u00e9 des entreprises\" \/>\n<meta property=\"og:description\" content=\"&nbsp; L&rsquo;Union Paysanne est un journal de presse agricole d\u00e9partementale qui est publi\u00e9 chaque semaine (le vendredi) en Corr\u00e8ze et [&hellip;]\" \/>\n<meta property=\"og:url\" content=\"https:\/\/www.annonces-legales.org\/blog\/union-paysanne\/\" \/>\n<meta property=\"og:site_name\" content=\"Actualit\u00e9 des entreprises\" \/>\n<meta property=\"article:modified_time\" content=\"2022-01-26T11:16:26+00:00\" \/>\n<meta name=\"twitter:card\" content=\"summary_large_image\" \/>\n<meta name=\"twitter:label1\" content=\"Dur\u00e9e de lecture estim\u00e9e\" \/>\n\t<meta name=\"twitter:data1\" content=\"1 minute\" \/>\n<script type=\"application\/ld+json\" class=\"yoast-schema-graph\">{\"@context\":\"https:\/\/schema.org\",\"@graph\":[{\"@type\":\"WebPage\",\"@id\":\"https:\/\/www.annonces-legales.org\/blog\/union-paysanne\/\",\"url\":\"https:\/\/www.annonces-legales.org\/blog\/union-paysanne\/\",\"name\":\"Union Paysanne - Actualit\u00e9 des entreprises\",\"isPartOf\":{\"@id\":\"https:\/\/www.annonces-legales.org\/blog\/#website\"},\"datePublished\":\"2021-12-20T18:05:32+00:00\",\"dateModified\":\"2022-01-26T11:16:26+00:00\",\"breadcrumb\":{\"@id\":\"https:\/\/www.annonces-legales.org\/blog\/union-paysanne\/#breadcrumb\"},\"inLanguage\":\"fr-FR\",\"potentialAction\":[{\"@type\":\"ReadAction\",\"target\":[\"https:\/\/www.annonces-legales.org\/blog\/union-paysanne\/\"]}]},{\"@type\":\"BreadcrumbList\",\"@id\":\"https:\/\/www.annonces-legales.org\/blog\/union-paysanne\/#breadcrumb\",\"itemListElement\":[{\"@type\":\"ListItem\",\"position\":1,\"name\":\"Accueil\",\"item\":\"https:\/\/www.annonces-legales.org\/blog\/\"},{\"@type\":\"ListItem\",\"position\":2,\"name\":\"Liste des journaux habilit\u00e9s \u00e0 publier des annonces l\u00e9gales\",\"item\":\"https:\/\/www.annonces-legales.org\/blog\/liste-des-journaux-habilites-a-publier-des-annonces-legales\/\"},{\"@type\":\"ListItem\",\"position\":3,\"name\":\"Union Paysanne\"}]},{\"@type\":\"WebSite\",\"@id\":\"https:\/\/www.annonces-legales.org\/blog\/#website\",\"url\":\"https:\/\/www.annonces-legales.org\/blog\/\",\"name\":\"Actualit\u00e9 des entreprises\",\"description\":\"\",\"publisher\":{\"@id\":\"https:\/\/www.annonces-legales.org\/blog\/#organization\"},\"potentialAction\":[{\"@type\":\"SearchAction\",\"target\":{\"@type\":\"EntryPoint\",\"urlTemplate\":\"https:\/\/www.annonces-legales.org\/blog\/?s={search_term_string}\"},\"query-input\":{\"@type\":\"PropertyValueSpecification\",\"valueRequired\":true,\"valueName\":\"search_term_string\"}}],\"inLanguage\":\"fr-FR\"},{\"@type\":\"Organization\",\"@id\":\"https:\/\/www.annonces-legales.org\/blog\/#organization\",\"name\":\"Actualit\u00e9 des entreprises\",\"url\":\"https:\/\/www.annonces-legales.org\/blog\/\",\"logo\":{\"@type\":\"ImageObject\",\"inLanguage\":\"fr-FR\",\"@id\":\"https:\/\/www.annonces-legales.org\/blog\/#\/schema\/logo\/image\/\",\"url\":\"https:\/\/www.annonces-legales.org\/blog\/wp-content\/uploads\/2023\/08\/annonces-legales.svg\",\"contentUrl\":\"https:\/\/www.annonces-legales.org\/blog\/wp-content\/uploads\/2023\/08\/annonces-legales.svg\",\"caption\":\"Actualit\u00e9 des entreprises\"},\"image\":{\"@id\":\"https:\/\/www.annonces-legales.org\/blog\/#\/schema\/logo\/image\/\"}}]}<\/script>\n<!-- \/ Yoast SEO plugin. -->","yoast_head_json":{"title":"Union Paysanne - Actualit\u00e9 des entreprises","robots":{"index":"index","follow":"follow","max-snippet":"max-snippet:-1","max-image-preview":"max-image-preview:large","max-video-preview":"max-video-preview:-1"},"canonical":"https:\/\/www.annonces-legales.org\/blog\/union-paysanne\/","og_locale":"fr_FR","og_type":"article","og_title":"Union Paysanne - Actualit\u00e9 des entreprises","og_description":"&nbsp; L&rsquo;Union Paysanne est un journal de presse agricole d\u00e9partementale qui est publi\u00e9 chaque semaine (le vendredi) en Corr\u00e8ze et [&hellip;]","og_url":"https:\/\/www.annonces-legales.org\/blog\/union-paysanne\/","og_site_name":"Actualit\u00e9 des entreprises","article_modified_time":"2022-01-26T11:16:26+00:00","twitter_card":"summary_large_image","twitter_misc":{"Dur\u00e9e de lecture estim\u00e9e":"1 minute"},"schema":{"@context":"https:\/\/schema.org","@graph":[{"@type":"WebPage","@id":"https:\/\/www.annonces-legales.org\/blog\/union-paysanne\/","url":"https:\/\/www.annonces-legales.org\/blog\/union-paysanne\/","name":"Union Paysanne - Actualit\u00e9 des entreprises","isPartOf":{"@id":"https:\/\/www.annonces-legales.org\/blog\/#website"},"datePublished":"2021-12-20T18:05:32+00:00","dateModified":"2022-01-26T11:16:26+00:00","breadcrumb":{"@id":"https:\/\/www.annonces-legales.org\/blog\/union-paysanne\/#breadcrumb"},"inLanguage":"fr-FR","potentialAction":[{"@type":"ReadAction","target":["https:\/\/www.annonces-legales.org\/blog\/union-paysanne\/"]}]},{"@type":"BreadcrumbList","@id":"https:\/\/www.annonces-legales.org\/blog\/union-paysanne\/#breadcrumb","itemListElement":[{"@type":"ListItem","position":1,"name":"Accueil","item":"https:\/\/www.annonces-legales.org\/blog\/"},{"@type":"ListItem","position":2,"name":"Liste des journaux habilit\u00e9s \u00e0 publier des annonces l\u00e9gales","item":"https:\/\/www.annonces-legales.org\/blog\/liste-des-journaux-habilites-a-publier-des-annonces-legales\/"},{"@type":"ListItem","position":3,"name":"Union Paysanne"}]},{"@type":"WebSite","@id":"https:\/\/www.annonces-legales.org\/blog\/#website","url":"https:\/\/www.annonces-legales.org\/blog\/","name":"Actualit\u00e9 des entreprises","description":"","publisher":{"@id":"https:\/\/www.annonces-legales.org\/blog\/#organization"},"potentialAction":[{"@type":"SearchAction","target":{"@type":"EntryPoint","urlTemplate":"https:\/\/www.annonces-legales.org\/blog\/?s={search_term_string}"},"query-input":{"@type":"PropertyValueSpecification","valueRequired":true,"valueName":"search_term_string"}}],"inLanguage":"fr-FR"},{"@type":"Organization","@id":"https:\/\/www.annonces-legales.org\/blog\/#organization","name":"Actualit\u00e9 des entreprises","url":"https:\/\/www.annonces-legales.org\/blog\/","logo":{"@type":"ImageObject","inLanguage":"fr-FR","@id":"https:\/\/www.annonces-legales.org\/blog\/#\/schema\/logo\/image\/","url":"https:\/\/www.annonces-legales.org\/blog\/wp-content\/uploads\/2023\/08\/annonces-legales.svg","contentUrl":"https:\/\/www.annonces-legales.org\/blog\/wp-content\/uploads\/2023\/08\/annonces-legales.svg","caption":"Actualit\u00e9 des entreprises"},"image":{"@id":"https:\/\/www.annonces-legales.org\/blog\/#\/schema\/logo\/image\/"}}]}},"_links":{"self":[{"href":"https:\/\/www.annonces-legales.org\/blog\/wp-json\/wp\/v2\/pages\/1648","targetHints":{"allow":["GET"]}}],"collection":[{"href":"https:\/\/www.annonces-legales.org\/blog\/wp-json\/wp\/v2\/pages"}],"about":[{"href":"https:\/\/www.annonces-legales.org\/blog\/wp-json\/wp\/v2\/types\/page"}],"author":[{"embeddable":true,"href":"https:\/\/www.annonces-legales.org\/blog\/wp-json\/wp\/v2\/users\/1"}],"replies":[{"embeddable":true,"href":"https:\/\/www.annonces-legales.org\/blog\/wp-json\/wp\/v2\/comments?post=1648"}],"version-history":[{"count":1,"href":"https:\/\/www.annonces-legales.org\/blog\/wp-json\/wp\/v2\/pages\/1648\/revisions"}],"predecessor-version":[{"id":1649,"href":"https:\/\/www.annonces-legales.org\/blog\/wp-json\/wp\/v2\/pages\/1648\/revisions\/1649"}],"up":[{"embeddable":true,"href":"https:\/\/www.annonces-legales.org\/blog\/wp-json\/wp\/v2\/pages\/351"}],"wp:attachment":[{"href":"https:\/\/www.annonces-legales.org\/blog\/wp-json\/wp\/v2\/media?parent=1648"}],"curies":[{"name":"wp","href":"https:\/\/api.w.org\/{rel}","templated":true}]}}