{"id":1658,"date":"2022-01-15T19:10:26","date_gmt":"2022-01-15T18:10:26","guid":{"rendered":"https:\/\/www.annonces-legales.org\/blog\/?page_id=1658"},"modified":"2022-01-26T11:51:33","modified_gmt":"2022-01-26T10:51:33","slug":"informateur-corse-nouvelle","status":"publish","type":"page","link":"https:\/\/www.annonces-legales.org\/blog\/informateur-corse-nouvelle\/","title":{"rendered":"Informateur Corse nouvelle"},"content":{"rendered":"<p>&nbsp;<\/p>\n<p>L&rsquo;hebdomadaire <strong>l&rsquo;Informateur Corse Nouvelle<\/strong> para\u00eet chaque vendredi en Haute-Corse et en Corse-du-Sud. Ce journal se vend pour 1,60 euros dans tous les kiosques de Corse. Il existe depuis plus de 60 ans. Il fut cr\u00e9\u00e9 par un journaliste militant gaulliste. Le journal appartient aujourd&rsquo;hui \u00e0 la SAS Corsica Press Edition.<\/p>\n<h2>En savoir plus sur l&rsquo;informateur Corse nouvelle<\/h2>\n<p>Adresse du journal : 12, Quai des martyrs de la lib\u00e9ration \u2013 immeuble marrevista, \u00e0 Bastia 20200.<br \/>\nE-mail du journal : journal@icn.corsica<br \/>\nT\u00e9l\u00e9phone : 04 95 32 04 40<br \/>\nFax : 04 95 32 02 38<\/p>\n<p>&nbsp;<\/p>\n<h2>Plate-forme Internet du journal<\/h2>\n<p>Le journal est pr\u00e9sent sur internet avec un nouveau site qui remplace l&rsquo;ancien. Il n&rsquo;est pas possible de lire le journal sur le site mais il est possible de t\u00e9l\u00e9charger la version num\u00e9rique du journal pour les abonn\u00e9s. Un espace abonnement o\u00f9 l&rsquo;on peut s&rsquo;abonner et r\u00e9gler en ligne est aussi pr\u00e9sent. Il est \u00e9galement possible d&rsquo;obtenir plus d&rsquo;informations sur le journal sur cette page web.<\/p>\n<p>&nbsp;<\/p>\n<h2>Formules d&rsquo;abonnement au journal l&rsquo;Informateur Corse Nouvelle<\/h2>\n<p>L&rsquo;abonnement au journal se fait directement sur son site Internet. Il est possible de s&rsquo;abonner pour obtenir le journal au format PDF pour 30 \u20ac par an. Pour recevoir le journal dans votre bo\u00eete aux lettres, cela vous co\u00fbtera 60 \u20ac par an. Il existe \u00e9galement un abonnement pour pouvoir avoir le journal format papier et au format PDF pour 65 \u20ac par an.<\/p>\n<p>&nbsp;<\/p>\n<h2>L&rsquo;informateur corse nouvelle, journal d&rsquo;annonce l\u00e9gale de Corse<\/h2>\n<p>Ce journal hebdomadaire poss\u00e8de l&rsquo;autorisation des pr\u00e9fectures de Corse-du-Sud et de Haute-Corse pour r\u00e9aliser des annonces l\u00e9gales et officielles pour les soci\u00e9t\u00e9s de l&rsquo;ile de Corse.<\/p>\n<p>Il existe de nombreux journaux habilit\u00e9s pour la Corse. Pour obtenir les meilleurs tarifs et \u00e9conomiser jusqu&rsquo;\u00e0 40%, vous pouvez utiliser nos services en ligne.<\/p>\n<br\/><br\/><div class=\"entry-content notopmargin\">\n\t<img decoding=\"async\" class=\"img-fluid fleft\" src=\"https:\/\/www.annonces-legales.org\/images\/rapide-economique-tout-departement.png\" alt=\"Journal d'annonce l\u00e9gale habilit\u00e9 de Corse \"><a href=\"https:\/\/www.annonces-legales.org\/publication-annonce-legale.html\" class=\"button button-desc fright mtop30\"><div>Je publie<br> mon annonce<br> l\u00e9gale<\/div><span>dans un journal habilit\u00e9 de Corse !<\/span><\/a>\n<\/div><div class=\"clrbth\"><\/div><br\/><br\/>\n","protected":false},"excerpt":{"rendered":"<p>&nbsp; L&rsquo;hebdomadaire l&rsquo;Informateur Corse Nouvelle para\u00eet chaque vendredi en Haute-Corse et en Corse-du-Sud. Ce journal se vend pour 1,60 euros [&hellip;]<\/p>\n","protected":false},"author":1,"featured_media":0,"parent":351,"menu_order":0,"comment_status":"closed","ping_status":"closed","template":"","meta":{"inline_featured_image":false,"footnotes":""},"class_list":["post-1658","page","type-page","status-publish","hentry"],"yoast_head":"<!-- This site is optimized with the Yoast SEO plugin v26.8 - https:\/\/yoast.com\/product\/yoast-seo-wordpress\/ -->\n<title>Informateur Corse nouvelle - Actualit\u00e9 des entreprises<\/title>\n<meta name=\"robots\" content=\"index, follow, max-snippet:-1, max-image-preview:large, max-video-preview:-1\" \/>\n<link rel=\"canonical\" href=\"https:\/\/www.annonces-legales.org\/blog\/informateur-corse-nouvelle\/\" \/>\n<meta property=\"og:locale\" content=\"fr_FR\" \/>\n<meta property=\"og:type\" content=\"article\" \/>\n<meta property=\"og:title\" content=\"Informateur Corse nouvelle - Actualit\u00e9 des entreprises\" \/>\n<meta property=\"og:description\" content=\"&nbsp; L&rsquo;hebdomadaire l&rsquo;Informateur Corse Nouvelle para\u00eet chaque vendredi en Haute-Corse et en Corse-du-Sud. Ce journal se vend pour 1,60 euros [&hellip;]\" \/>\n<meta property=\"og:url\" content=\"https:\/\/www.annonces-legales.org\/blog\/informateur-corse-nouvelle\/\" \/>\n<meta property=\"og:site_name\" content=\"Actualit\u00e9 des entreprises\" \/>\n<meta property=\"article:modified_time\" content=\"2022-01-26T10:51:33+00:00\" \/>\n<meta name=\"twitter:card\" content=\"summary_large_image\" \/>\n<meta name=\"twitter:label1\" content=\"Dur\u00e9e de lecture estim\u00e9e\" \/>\n\t<meta name=\"twitter:data1\" content=\"1 minute\" \/>\n<script type=\"application\/ld+json\" class=\"yoast-schema-graph\">{\"@context\":\"https:\/\/schema.org\",\"@graph\":[{\"@type\":\"WebPage\",\"@id\":\"https:\/\/www.annonces-legales.org\/blog\/informateur-corse-nouvelle\/\",\"url\":\"https:\/\/www.annonces-legales.org\/blog\/informateur-corse-nouvelle\/\",\"name\":\"Informateur Corse nouvelle - Actualit\u00e9 des entreprises\",\"isPartOf\":{\"@id\":\"https:\/\/www.annonces-legales.org\/blog\/#website\"},\"datePublished\":\"2022-01-15T18:10:26+00:00\",\"dateModified\":\"2022-01-26T10:51:33+00:00\",\"breadcrumb\":{\"@id\":\"https:\/\/www.annonces-legales.org\/blog\/informateur-corse-nouvelle\/#breadcrumb\"},\"inLanguage\":\"fr-FR\",\"potentialAction\":[{\"@type\":\"ReadAction\",\"target\":[\"https:\/\/www.annonces-legales.org\/blog\/informateur-corse-nouvelle\/\"]}]},{\"@type\":\"BreadcrumbList\",\"@id\":\"https:\/\/www.annonces-legales.org\/blog\/informateur-corse-nouvelle\/#breadcrumb\",\"itemListElement\":[{\"@type\":\"ListItem\",\"position\":1,\"name\":\"Accueil\",\"item\":\"https:\/\/www.annonces-legales.org\/blog\/\"},{\"@type\":\"ListItem\",\"position\":2,\"name\":\"Liste des journaux habilit\u00e9s \u00e0 publier des annonces l\u00e9gales\",\"item\":\"https:\/\/www.annonces-legales.org\/blog\/liste-des-journaux-habilites-a-publier-des-annonces-legales\/\"},{\"@type\":\"ListItem\",\"position\":3,\"name\":\"Informateur Corse nouvelle\"}]},{\"@type\":\"WebSite\",\"@id\":\"https:\/\/www.annonces-legales.org\/blog\/#website\",\"url\":\"https:\/\/www.annonces-legales.org\/blog\/\",\"name\":\"Actualit\u00e9 des entreprises\",\"description\":\"\",\"publisher\":{\"@id\":\"https:\/\/www.annonces-legales.org\/blog\/#organization\"},\"potentialAction\":[{\"@type\":\"SearchAction\",\"target\":{\"@type\":\"EntryPoint\",\"urlTemplate\":\"https:\/\/www.annonces-legales.org\/blog\/?s={search_term_string}\"},\"query-input\":{\"@type\":\"PropertyValueSpecification\",\"valueRequired\":true,\"valueName\":\"search_term_string\"}}],\"inLanguage\":\"fr-FR\"},{\"@type\":\"Organization\",\"@id\":\"https:\/\/www.annonces-legales.org\/blog\/#organization\",\"name\":\"Actualit\u00e9 des entreprises\",\"url\":\"https:\/\/www.annonces-legales.org\/blog\/\",\"logo\":{\"@type\":\"ImageObject\",\"inLanguage\":\"fr-FR\",\"@id\":\"https:\/\/www.annonces-legales.org\/blog\/#\/schema\/logo\/image\/\",\"url\":\"https:\/\/www.annonces-legales.org\/blog\/wp-content\/uploads\/2023\/08\/annonces-legales.svg\",\"contentUrl\":\"https:\/\/www.annonces-legales.org\/blog\/wp-content\/uploads\/2023\/08\/annonces-legales.svg\",\"caption\":\"Actualit\u00e9 des entreprises\"},\"image\":{\"@id\":\"https:\/\/www.annonces-legales.org\/blog\/#\/schema\/logo\/image\/\"}}]}<\/script>\n<!-- \/ Yoast SEO plugin. -->","yoast_head_json":{"title":"Informateur Corse nouvelle - Actualit\u00e9 des entreprises","robots":{"index":"index","follow":"follow","max-snippet":"max-snippet:-1","max-image-preview":"max-image-preview:large","max-video-preview":"max-video-preview:-1"},"canonical":"https:\/\/www.annonces-legales.org\/blog\/informateur-corse-nouvelle\/","og_locale":"fr_FR","og_type":"article","og_title":"Informateur Corse nouvelle - Actualit\u00e9 des entreprises","og_description":"&nbsp; L&rsquo;hebdomadaire l&rsquo;Informateur Corse Nouvelle para\u00eet chaque vendredi en Haute-Corse et en Corse-du-Sud. Ce journal se vend pour 1,60 euros [&hellip;]","og_url":"https:\/\/www.annonces-legales.org\/blog\/informateur-corse-nouvelle\/","og_site_name":"Actualit\u00e9 des entreprises","article_modified_time":"2022-01-26T10:51:33+00:00","twitter_card":"summary_large_image","twitter_misc":{"Dur\u00e9e de lecture estim\u00e9e":"1 minute"},"schema":{"@context":"https:\/\/schema.org","@graph":[{"@type":"WebPage","@id":"https:\/\/www.annonces-legales.org\/blog\/informateur-corse-nouvelle\/","url":"https:\/\/www.annonces-legales.org\/blog\/informateur-corse-nouvelle\/","name":"Informateur Corse nouvelle - Actualit\u00e9 des entreprises","isPartOf":{"@id":"https:\/\/www.annonces-legales.org\/blog\/#website"},"datePublished":"2022-01-15T18:10:26+00:00","dateModified":"2022-01-26T10:51:33+00:00","breadcrumb":{"@id":"https:\/\/www.annonces-legales.org\/blog\/informateur-corse-nouvelle\/#breadcrumb"},"inLanguage":"fr-FR","potentialAction":[{"@type":"ReadAction","target":["https:\/\/www.annonces-legales.org\/blog\/informateur-corse-nouvelle\/"]}]},{"@type":"BreadcrumbList","@id":"https:\/\/www.annonces-legales.org\/blog\/informateur-corse-nouvelle\/#breadcrumb","itemListElement":[{"@type":"ListItem","position":1,"name":"Accueil","item":"https:\/\/www.annonces-legales.org\/blog\/"},{"@type":"ListItem","position":2,"name":"Liste des journaux habilit\u00e9s \u00e0 publier des annonces l\u00e9gales","item":"https:\/\/www.annonces-legales.org\/blog\/liste-des-journaux-habilites-a-publier-des-annonces-legales\/"},{"@type":"ListItem","position":3,"name":"Informateur Corse nouvelle"}]},{"@type":"WebSite","@id":"https:\/\/www.annonces-legales.org\/blog\/#website","url":"https:\/\/www.annonces-legales.org\/blog\/","name":"Actualit\u00e9 des entreprises","description":"","publisher":{"@id":"https:\/\/www.annonces-legales.org\/blog\/#organization"},"potentialAction":[{"@type":"SearchAction","target":{"@type":"EntryPoint","urlTemplate":"https:\/\/www.annonces-legales.org\/blog\/?s={search_term_string}"},"query-input":{"@type":"PropertyValueSpecification","valueRequired":true,"valueName":"search_term_string"}}],"inLanguage":"fr-FR"},{"@type":"Organization","@id":"https:\/\/www.annonces-legales.org\/blog\/#organization","name":"Actualit\u00e9 des entreprises","url":"https:\/\/www.annonces-legales.org\/blog\/","logo":{"@type":"ImageObject","inLanguage":"fr-FR","@id":"https:\/\/www.annonces-legales.org\/blog\/#\/schema\/logo\/image\/","url":"https:\/\/www.annonces-legales.org\/blog\/wp-content\/uploads\/2023\/08\/annonces-legales.svg","contentUrl":"https:\/\/www.annonces-legales.org\/blog\/wp-content\/uploads\/2023\/08\/annonces-legales.svg","caption":"Actualit\u00e9 des entreprises"},"image":{"@id":"https:\/\/www.annonces-legales.org\/blog\/#\/schema\/logo\/image\/"}}]}},"_links":{"self":[{"href":"https:\/\/www.annonces-legales.org\/blog\/wp-json\/wp\/v2\/pages\/1658","targetHints":{"allow":["GET"]}}],"collection":[{"href":"https:\/\/www.annonces-legales.org\/blog\/wp-json\/wp\/v2\/pages"}],"about":[{"href":"https:\/\/www.annonces-legales.org\/blog\/wp-json\/wp\/v2\/types\/page"}],"author":[{"embeddable":true,"href":"https:\/\/www.annonces-legales.org\/blog\/wp-json\/wp\/v2\/users\/1"}],"replies":[{"embeddable":true,"href":"https:\/\/www.annonces-legales.org\/blog\/wp-json\/wp\/v2\/comments?post=1658"}],"version-history":[{"count":3,"href":"https:\/\/www.annonces-legales.org\/blog\/wp-json\/wp\/v2\/pages\/1658\/revisions"}],"predecessor-version":[{"id":1661,"href":"https:\/\/www.annonces-legales.org\/blog\/wp-json\/wp\/v2\/pages\/1658\/revisions\/1661"}],"up":[{"embeddable":true,"href":"https:\/\/www.annonces-legales.org\/blog\/wp-json\/wp\/v2\/pages\/351"}],"wp:attachment":[{"href":"https:\/\/www.annonces-legales.org\/blog\/wp-json\/wp\/v2\/media?parent=1658"}],"curies":[{"name":"wp","href":"https:\/\/api.w.org\/{rel}","templated":true}]}}