{"id":1666,"date":"2022-01-29T20:13:16","date_gmt":"2022-01-29T19:13:16","guid":{"rendered":"https:\/\/www.annonces-legales.org\/blog\/?page_id=1666"},"modified":"2022-01-26T11:37:16","modified_gmt":"2022-01-26T10:37:16","slug":"chatillonnais-et-l-auxois","status":"publish","type":"page","link":"https:\/\/www.annonces-legales.org\/blog\/chatillonnais-et-l-auxois\/","title":{"rendered":"Ch\u00e2tillonnais et l&rsquo;Auxois"},"content":{"rendered":"<p>Le <strong>Ch\u00e2tillonnais et l&rsquo;Auxois<\/strong> est un journal r\u00e9gional hebdomadaire qui a \u00e9t\u00e9 cr\u00e9\u00e9 en 1807. Il est publi\u00e9 principalement dans le d\u00e9partement de la C\u00f4te-d&rsquo;Or. Il para\u00eet chaque jeudi au prix de 1,70 euros. C&rsquo;est l&rsquo;un des journaux les plus anciens qui existent encore de nos jours. Cet hebdomadaire est imprim\u00e9 \u00e0 environ 6000 exemplaires. On peut le trouver dans tous les kiosques de presse, les grandes surfaces et les boulangeries du pays Chatillonais, mais \u00e9galement sur une partie du d\u00e9partement de l&rsquo;Aube, de la Haute-Marne et de l&rsquo;Yonne.<br \/>\nLe journal propose l&rsquo;actualit\u00e9 locale mais \u00e9galement des informations sur les \u00e9v\u00e9nements et les manifestations \u00e0 proximit\u00e9.<\/p>\n<p>\u00c0 sa cr\u00e9ation, le journal s&rsquo;appelait la feuille hebdomadaire de Ch\u00e2tillon sur Seine. Pendant quelques ann\u00e9es, au d\u00e9but des ann\u00e9es 2000, il changera de nom pour devenir Ch\u00e2tillon \u2013 Presse. Il a aujourd&rsquo;hui repris son nom \u00ab\u00a0Ch\u00e2tillonnais et l&rsquo;Auxois\u00a0\u00bb.<\/p>\n<p>&nbsp;<\/p>\n<h2>A propos du journal Ch\u00e2tillonnais et l&rsquo;Auxois<\/h2>\n<p>L&rsquo;adresse de la r\u00e9daction du journal se situe au 24 rue du Mar\u00e9chal de Lattre de Tassigny \u00e0 Ch\u00e2tillon sur Seine (21400). le journal peut \u00eatre contact\u00e9 par t\u00e9l\u00e9phone aux 03 80 91 08 65. Le num\u00e9ro pour le fax 03 80 81 54 20. La r\u00e9daction peut \u00eatre contact\u00e9e par e-mail pao@lechatillonais.fr<br \/>\ncet hebdomadaire appartient \u00e0 la soci\u00e9t\u00e9 nouvelle d&rsquo;imprimerie, une SARL inscrite au registre du commerce et des soci\u00e9t\u00e9s de Dijon.<\/p>\n<p>Le Ch\u00e2tillonnais et l&rsquo;Auxois a re\u00e7u une habilitation du d\u00e9partement de la C\u00f4te-d&rsquo;Or \u00e0 fin de r\u00e9aliser des annonces l\u00e9gales et judiciaires pour les entreprises et les individus du d\u00e9partement 21.<\/p>\n","protected":false},"excerpt":{"rendered":"<p>Le Ch\u00e2tillonnais et l&rsquo;Auxois est un journal r\u00e9gional hebdomadaire qui a \u00e9t\u00e9 cr\u00e9\u00e9 en 1807. Il est publi\u00e9 principalement dans [&hellip;]<\/p>\n","protected":false},"author":1,"featured_media":0,"parent":351,"menu_order":0,"comment_status":"closed","ping_status":"closed","template":"","meta":{"inline_featured_image":false,"footnotes":""},"class_list":["post-1666","page","type-page","status-publish","hentry"],"yoast_head":"<!-- This site is optimized with the Yoast SEO plugin v26.8 - https:\/\/yoast.com\/product\/yoast-seo-wordpress\/ -->\n<title>Ch\u00e2tillonnais et l&#039;Auxois - Actualit\u00e9 des entreprises<\/title>\n<meta name=\"robots\" content=\"index, follow, max-snippet:-1, max-image-preview:large, max-video-preview:-1\" \/>\n<link rel=\"canonical\" href=\"https:\/\/www.annonces-legales.org\/blog\/chatillonnais-et-l-auxois\/\" \/>\n<meta property=\"og:locale\" content=\"fr_FR\" \/>\n<meta property=\"og:type\" content=\"article\" \/>\n<meta property=\"og:title\" content=\"Ch\u00e2tillonnais et l&#039;Auxois - Actualit\u00e9 des entreprises\" \/>\n<meta property=\"og:description\" content=\"Le Ch\u00e2tillonnais et l&rsquo;Auxois est un journal r\u00e9gional hebdomadaire qui a \u00e9t\u00e9 cr\u00e9\u00e9 en 1807. Il est publi\u00e9 principalement dans [&hellip;]\" \/>\n<meta property=\"og:url\" content=\"https:\/\/www.annonces-legales.org\/blog\/chatillonnais-et-l-auxois\/\" \/>\n<meta property=\"og:site_name\" content=\"Actualit\u00e9 des entreprises\" \/>\n<meta name=\"twitter:card\" content=\"summary_large_image\" \/>\n<meta name=\"twitter:label1\" content=\"Dur\u00e9e de lecture estim\u00e9e\" \/>\n\t<meta name=\"twitter:data1\" content=\"1 minute\" \/>\n<script type=\"application\/ld+json\" class=\"yoast-schema-graph\">{\"@context\":\"https:\/\/schema.org\",\"@graph\":[{\"@type\":\"WebPage\",\"@id\":\"https:\/\/www.annonces-legales.org\/blog\/chatillonnais-et-l-auxois\/\",\"url\":\"https:\/\/www.annonces-legales.org\/blog\/chatillonnais-et-l-auxois\/\",\"name\":\"Ch\u00e2tillonnais et l'Auxois - Actualit\u00e9 des entreprises\",\"isPartOf\":{\"@id\":\"https:\/\/www.annonces-legales.org\/blog\/#website\"},\"datePublished\":\"2022-01-29T19:13:16+00:00\",\"breadcrumb\":{\"@id\":\"https:\/\/www.annonces-legales.org\/blog\/chatillonnais-et-l-auxois\/#breadcrumb\"},\"inLanguage\":\"fr-FR\",\"potentialAction\":[{\"@type\":\"ReadAction\",\"target\":[\"https:\/\/www.annonces-legales.org\/blog\/chatillonnais-et-l-auxois\/\"]}]},{\"@type\":\"BreadcrumbList\",\"@id\":\"https:\/\/www.annonces-legales.org\/blog\/chatillonnais-et-l-auxois\/#breadcrumb\",\"itemListElement\":[{\"@type\":\"ListItem\",\"position\":1,\"name\":\"Accueil\",\"item\":\"https:\/\/www.annonces-legales.org\/blog\/\"},{\"@type\":\"ListItem\",\"position\":2,\"name\":\"Liste des journaux habilit\u00e9s \u00e0 publier des annonces l\u00e9gales\",\"item\":\"https:\/\/www.annonces-legales.org\/blog\/liste-des-journaux-habilites-a-publier-des-annonces-legales\/\"},{\"@type\":\"ListItem\",\"position\":3,\"name\":\"Ch\u00e2tillonnais et l&rsquo;Auxois\"}]},{\"@type\":\"WebSite\",\"@id\":\"https:\/\/www.annonces-legales.org\/blog\/#website\",\"url\":\"https:\/\/www.annonces-legales.org\/blog\/\",\"name\":\"Actualit\u00e9 des entreprises\",\"description\":\"\",\"publisher\":{\"@id\":\"https:\/\/www.annonces-legales.org\/blog\/#organization\"},\"potentialAction\":[{\"@type\":\"SearchAction\",\"target\":{\"@type\":\"EntryPoint\",\"urlTemplate\":\"https:\/\/www.annonces-legales.org\/blog\/?s={search_term_string}\"},\"query-input\":{\"@type\":\"PropertyValueSpecification\",\"valueRequired\":true,\"valueName\":\"search_term_string\"}}],\"inLanguage\":\"fr-FR\"},{\"@type\":\"Organization\",\"@id\":\"https:\/\/www.annonces-legales.org\/blog\/#organization\",\"name\":\"Actualit\u00e9 des entreprises\",\"url\":\"https:\/\/www.annonces-legales.org\/blog\/\",\"logo\":{\"@type\":\"ImageObject\",\"inLanguage\":\"fr-FR\",\"@id\":\"https:\/\/www.annonces-legales.org\/blog\/#\/schema\/logo\/image\/\",\"url\":\"https:\/\/www.annonces-legales.org\/blog\/wp-content\/uploads\/2023\/08\/annonces-legales.svg\",\"contentUrl\":\"https:\/\/www.annonces-legales.org\/blog\/wp-content\/uploads\/2023\/08\/annonces-legales.svg\",\"caption\":\"Actualit\u00e9 des entreprises\"},\"image\":{\"@id\":\"https:\/\/www.annonces-legales.org\/blog\/#\/schema\/logo\/image\/\"}}]}<\/script>\n<!-- \/ Yoast SEO plugin. -->","yoast_head_json":{"title":"Ch\u00e2tillonnais et l'Auxois - Actualit\u00e9 des entreprises","robots":{"index":"index","follow":"follow","max-snippet":"max-snippet:-1","max-image-preview":"max-image-preview:large","max-video-preview":"max-video-preview:-1"},"canonical":"https:\/\/www.annonces-legales.org\/blog\/chatillonnais-et-l-auxois\/","og_locale":"fr_FR","og_type":"article","og_title":"Ch\u00e2tillonnais et l'Auxois - Actualit\u00e9 des entreprises","og_description":"Le Ch\u00e2tillonnais et l&rsquo;Auxois est un journal r\u00e9gional hebdomadaire qui a \u00e9t\u00e9 cr\u00e9\u00e9 en 1807. Il est publi\u00e9 principalement dans [&hellip;]","og_url":"https:\/\/www.annonces-legales.org\/blog\/chatillonnais-et-l-auxois\/","og_site_name":"Actualit\u00e9 des entreprises","twitter_card":"summary_large_image","twitter_misc":{"Dur\u00e9e de lecture estim\u00e9e":"1 minute"},"schema":{"@context":"https:\/\/schema.org","@graph":[{"@type":"WebPage","@id":"https:\/\/www.annonces-legales.org\/blog\/chatillonnais-et-l-auxois\/","url":"https:\/\/www.annonces-legales.org\/blog\/chatillonnais-et-l-auxois\/","name":"Ch\u00e2tillonnais et l'Auxois - Actualit\u00e9 des entreprises","isPartOf":{"@id":"https:\/\/www.annonces-legales.org\/blog\/#website"},"datePublished":"2022-01-29T19:13:16+00:00","breadcrumb":{"@id":"https:\/\/www.annonces-legales.org\/blog\/chatillonnais-et-l-auxois\/#breadcrumb"},"inLanguage":"fr-FR","potentialAction":[{"@type":"ReadAction","target":["https:\/\/www.annonces-legales.org\/blog\/chatillonnais-et-l-auxois\/"]}]},{"@type":"BreadcrumbList","@id":"https:\/\/www.annonces-legales.org\/blog\/chatillonnais-et-l-auxois\/#breadcrumb","itemListElement":[{"@type":"ListItem","position":1,"name":"Accueil","item":"https:\/\/www.annonces-legales.org\/blog\/"},{"@type":"ListItem","position":2,"name":"Liste des journaux habilit\u00e9s \u00e0 publier des annonces l\u00e9gales","item":"https:\/\/www.annonces-legales.org\/blog\/liste-des-journaux-habilites-a-publier-des-annonces-legales\/"},{"@type":"ListItem","position":3,"name":"Ch\u00e2tillonnais et l&rsquo;Auxois"}]},{"@type":"WebSite","@id":"https:\/\/www.annonces-legales.org\/blog\/#website","url":"https:\/\/www.annonces-legales.org\/blog\/","name":"Actualit\u00e9 des entreprises","description":"","publisher":{"@id":"https:\/\/www.annonces-legales.org\/blog\/#organization"},"potentialAction":[{"@type":"SearchAction","target":{"@type":"EntryPoint","urlTemplate":"https:\/\/www.annonces-legales.org\/blog\/?s={search_term_string}"},"query-input":{"@type":"PropertyValueSpecification","valueRequired":true,"valueName":"search_term_string"}}],"inLanguage":"fr-FR"},{"@type":"Organization","@id":"https:\/\/www.annonces-legales.org\/blog\/#organization","name":"Actualit\u00e9 des entreprises","url":"https:\/\/www.annonces-legales.org\/blog\/","logo":{"@type":"ImageObject","inLanguage":"fr-FR","@id":"https:\/\/www.annonces-legales.org\/blog\/#\/schema\/logo\/image\/","url":"https:\/\/www.annonces-legales.org\/blog\/wp-content\/uploads\/2023\/08\/annonces-legales.svg","contentUrl":"https:\/\/www.annonces-legales.org\/blog\/wp-content\/uploads\/2023\/08\/annonces-legales.svg","caption":"Actualit\u00e9 des entreprises"},"image":{"@id":"https:\/\/www.annonces-legales.org\/blog\/#\/schema\/logo\/image\/"}}]}},"_links":{"self":[{"href":"https:\/\/www.annonces-legales.org\/blog\/wp-json\/wp\/v2\/pages\/1666","targetHints":{"allow":["GET"]}}],"collection":[{"href":"https:\/\/www.annonces-legales.org\/blog\/wp-json\/wp\/v2\/pages"}],"about":[{"href":"https:\/\/www.annonces-legales.org\/blog\/wp-json\/wp\/v2\/types\/page"}],"author":[{"embeddable":true,"href":"https:\/\/www.annonces-legales.org\/blog\/wp-json\/wp\/v2\/users\/1"}],"replies":[{"embeddable":true,"href":"https:\/\/www.annonces-legales.org\/blog\/wp-json\/wp\/v2\/comments?post=1666"}],"version-history":[{"count":1,"href":"https:\/\/www.annonces-legales.org\/blog\/wp-json\/wp\/v2\/pages\/1666\/revisions"}],"predecessor-version":[{"id":1667,"href":"https:\/\/www.annonces-legales.org\/blog\/wp-json\/wp\/v2\/pages\/1666\/revisions\/1667"}],"up":[{"embeddable":true,"href":"https:\/\/www.annonces-legales.org\/blog\/wp-json\/wp\/v2\/pages\/351"}],"wp:attachment":[{"href":"https:\/\/www.annonces-legales.org\/blog\/wp-json\/wp\/v2\/media?parent=1666"}],"curies":[{"name":"wp","href":"https:\/\/api.w.org\/{rel}","templated":true}]}}