{"id":1668,"date":"2021-12-20T20:56:23","date_gmt":"2021-12-20T19:56:23","guid":{"rendered":"https:\/\/www.annonces-legales.org\/blog\/?page_id=1668"},"modified":"2022-01-26T12:15:48","modified_gmt":"2022-01-26T11:15:48","slug":"terres-de-bourgogne","status":"publish","type":"page","link":"https:\/\/www.annonces-legales.org\/blog\/terres-de-bourgogne\/","title":{"rendered":"Terres de Bourgogne"},"content":{"rendered":"<p><img loading=\"lazy\" decoding=\"async\" class=\"aligncenter size-full wp-image-1669\" src=\"https:\/\/www.annonces-legales.org\/blog\/wp-content\/uploads\/2021\/12\/terres-de-bourgogne-logo.png\" alt=\"\" width=\"400\" height=\"154\" srcset=\"https:\/\/www.annonces-legales.org\/blog\/wp-content\/uploads\/2021\/12\/terres-de-bourgogne-logo.png 400w, https:\/\/www.annonces-legales.org\/blog\/wp-content\/uploads\/2021\/12\/terres-de-bourgogne-logo-300x116.png 300w\" sizes=\"auto, (max-width: 400px) 100vw, 400px\" \/><\/p>\n<p>L&rsquo;hebdomadaire <strong>Terres de Bourgogne<\/strong> est un journal papier qui propose des informations rurales et agricoles pour le d\u00e9partement de la C\u00f4te-d&rsquo;Or, de la Ni\u00e8vre, et de l&rsquo;Yonne.<br \/>\nIl para\u00eet dans les kiosques chaque vendredi au prix de 2,20 \u20ac. Ce <strong>journal de la Bourgogne<\/strong> propose des actualit\u00e9s et des dossiers sur la production animale et v\u00e9g\u00e9tale, les vignes et les vins, ainsi que des informations soci\u00e9tales sur l&rsquo;\u00e9conomie, le juridique, le monde rurale\u2026<br \/>\nLe tirage moyen du journal est d&rsquo;environ 6000 exemplaires. Le directeur de la publication du journal s&rsquo;appelle S\u00e9bastien Gautier. Le r\u00e9dacteur en chef du journal se nomme Berty Robert. Il peut \u00eatre contact\u00e9 par mail \u00e0 l&rsquo;adresse suivante : b.robert@terres-de-bourgogne.net<br \/>\nLa r\u00e9daction du journal peut \u00eatre contact\u00e9e par t\u00e9l\u00e9phone aux 03 80 78 90 40.<\/p>\n<p>Les locaux du journal se situent au 1 rue des Coulots, \u00e0 Breteni\u00e8re (21110).<\/p>\n<p>&nbsp;<\/p>\n<h2>Annonces L\u00e9gales en Bourgogne<\/h2>\n<p>Le journal propose de publier des petites annonces ainsi que des <strong>annonces judiciaires et l\u00e9gales<\/strong>. Terres de Bourgogne peut r\u00e9aliser des annonces l\u00e9gales officielles car il a \u00e9t\u00e9 habilit\u00e9 par le d\u00e9partement de la Ni\u00e8vre, de la C\u00f4te-d&rsquo;Or, et de l&rsquo;Yonne. Ainsi, il peut recevoir des annonces officielles des entreprises de ces trois d\u00e9partements. Le journal publie entre 80 et 100 annonces l\u00e9gales chaque semaine.<\/p>\n<p>Vous pouvez publier votre annonce l\u00e9gale facilement en ligne avec annonces-legales.org !<\/p>\n<br\/><br\/><div class=\"entry-content notopmargin\">\n\t<img decoding=\"async\" class=\"img-fluid fleft\" src=\"https:\/\/www.annonces-legales.org\/images\/rapide-economique-tout-departement.png\" alt=\"Journal d'annonce l\u00e9gale  de Bourgogne \"><a href=\"https:\/\/www.annonces-legales.org\/publication-annonce-legale.html\" class=\"button button-desc fright mtop30\"><div>Je publie<br> mon annonce<br> l\u00e9gale<\/div><span>dans un journal  de Bourgogne !<\/span><\/a>\n<\/div><div class=\"clrbth\"><\/div><br\/><br\/>\n","protected":false},"excerpt":{"rendered":"<p>L&rsquo;hebdomadaire Terres de Bourgogne est un journal papier qui propose des informations rurales et agricoles pour le d\u00e9partement de la [&hellip;]<\/p>\n","protected":false},"author":1,"featured_media":0,"parent":351,"menu_order":0,"comment_status":"closed","ping_status":"closed","template":"","meta":{"inline_featured_image":false,"footnotes":""},"class_list":["post-1668","page","type-page","status-publish","hentry"],"yoast_head":"<!-- This site is optimized with the Yoast SEO plugin v26.8 - https:\/\/yoast.com\/product\/yoast-seo-wordpress\/ -->\n<title>Terres de Bourgogne - Actualit\u00e9 des entreprises<\/title>\n<meta name=\"robots\" content=\"index, follow, max-snippet:-1, max-image-preview:large, max-video-preview:-1\" \/>\n<link rel=\"canonical\" href=\"https:\/\/www.annonces-legales.org\/blog\/terres-de-bourgogne\/\" \/>\n<meta property=\"og:locale\" content=\"fr_FR\" \/>\n<meta property=\"og:type\" content=\"article\" \/>\n<meta property=\"og:title\" content=\"Terres de Bourgogne - Actualit\u00e9 des entreprises\" \/>\n<meta property=\"og:description\" content=\"L&rsquo;hebdomadaire Terres de Bourgogne est un journal papier qui propose des informations rurales et agricoles pour le d\u00e9partement de la [&hellip;]\" \/>\n<meta property=\"og:url\" content=\"https:\/\/www.annonces-legales.org\/blog\/terres-de-bourgogne\/\" \/>\n<meta property=\"og:site_name\" content=\"Actualit\u00e9 des entreprises\" \/>\n<meta property=\"article:modified_time\" content=\"2022-01-26T11:15:48+00:00\" \/>\n<meta property=\"og:image\" content=\"https:\/\/www.annonces-legales.org\/blog\/wp-content\/uploads\/2021\/12\/terres-de-bourgogne-logo.png\" \/>\n\t<meta property=\"og:image:width\" content=\"400\" \/>\n\t<meta property=\"og:image:height\" content=\"154\" \/>\n\t<meta property=\"og:image:type\" content=\"image\/png\" \/>\n<meta name=\"twitter:card\" content=\"summary_large_image\" \/>\n<meta name=\"twitter:label1\" content=\"Dur\u00e9e de lecture estim\u00e9e\" \/>\n\t<meta name=\"twitter:data1\" content=\"1 minute\" \/>\n<script type=\"application\/ld+json\" class=\"yoast-schema-graph\">{\"@context\":\"https:\/\/schema.org\",\"@graph\":[{\"@type\":\"WebPage\",\"@id\":\"https:\/\/www.annonces-legales.org\/blog\/terres-de-bourgogne\/\",\"url\":\"https:\/\/www.annonces-legales.org\/blog\/terres-de-bourgogne\/\",\"name\":\"Terres de Bourgogne - Actualit\u00e9 des entreprises\",\"isPartOf\":{\"@id\":\"https:\/\/www.annonces-legales.org\/blog\/#website\"},\"primaryImageOfPage\":{\"@id\":\"https:\/\/www.annonces-legales.org\/blog\/terres-de-bourgogne\/#primaryimage\"},\"image\":{\"@id\":\"https:\/\/www.annonces-legales.org\/blog\/terres-de-bourgogne\/#primaryimage\"},\"thumbnailUrl\":\"https:\/\/www.annonces-legales.org\/blog\/wp-content\/uploads\/2021\/12\/terres-de-bourgogne-logo.png\",\"datePublished\":\"2021-12-20T19:56:23+00:00\",\"dateModified\":\"2022-01-26T11:15:48+00:00\",\"breadcrumb\":{\"@id\":\"https:\/\/www.annonces-legales.org\/blog\/terres-de-bourgogne\/#breadcrumb\"},\"inLanguage\":\"fr-FR\",\"potentialAction\":[{\"@type\":\"ReadAction\",\"target\":[\"https:\/\/www.annonces-legales.org\/blog\/terres-de-bourgogne\/\"]}]},{\"@type\":\"ImageObject\",\"inLanguage\":\"fr-FR\",\"@id\":\"https:\/\/www.annonces-legales.org\/blog\/terres-de-bourgogne\/#primaryimage\",\"url\":\"https:\/\/www.annonces-legales.org\/blog\/wp-content\/uploads\/2021\/12\/terres-de-bourgogne-logo.png\",\"contentUrl\":\"https:\/\/www.annonces-legales.org\/blog\/wp-content\/uploads\/2021\/12\/terres-de-bourgogne-logo.png\",\"width\":400,\"height\":154},{\"@type\":\"BreadcrumbList\",\"@id\":\"https:\/\/www.annonces-legales.org\/blog\/terres-de-bourgogne\/#breadcrumb\",\"itemListElement\":[{\"@type\":\"ListItem\",\"position\":1,\"name\":\"Accueil\",\"item\":\"https:\/\/www.annonces-legales.org\/blog\/\"},{\"@type\":\"ListItem\",\"position\":2,\"name\":\"Liste des journaux habilit\u00e9s \u00e0 publier des annonces l\u00e9gales\",\"item\":\"https:\/\/www.annonces-legales.org\/blog\/liste-des-journaux-habilites-a-publier-des-annonces-legales\/\"},{\"@type\":\"ListItem\",\"position\":3,\"name\":\"Terres de Bourgogne\"}]},{\"@type\":\"WebSite\",\"@id\":\"https:\/\/www.annonces-legales.org\/blog\/#website\",\"url\":\"https:\/\/www.annonces-legales.org\/blog\/\",\"name\":\"Actualit\u00e9 des entreprises\",\"description\":\"\",\"publisher\":{\"@id\":\"https:\/\/www.annonces-legales.org\/blog\/#organization\"},\"potentialAction\":[{\"@type\":\"SearchAction\",\"target\":{\"@type\":\"EntryPoint\",\"urlTemplate\":\"https:\/\/www.annonces-legales.org\/blog\/?s={search_term_string}\"},\"query-input\":{\"@type\":\"PropertyValueSpecification\",\"valueRequired\":true,\"valueName\":\"search_term_string\"}}],\"inLanguage\":\"fr-FR\"},{\"@type\":\"Organization\",\"@id\":\"https:\/\/www.annonces-legales.org\/blog\/#organization\",\"name\":\"Actualit\u00e9 des entreprises\",\"url\":\"https:\/\/www.annonces-legales.org\/blog\/\",\"logo\":{\"@type\":\"ImageObject\",\"inLanguage\":\"fr-FR\",\"@id\":\"https:\/\/www.annonces-legales.org\/blog\/#\/schema\/logo\/image\/\",\"url\":\"https:\/\/www.annonces-legales.org\/blog\/wp-content\/uploads\/2023\/08\/annonces-legales.svg\",\"contentUrl\":\"https:\/\/www.annonces-legales.org\/blog\/wp-content\/uploads\/2023\/08\/annonces-legales.svg\",\"caption\":\"Actualit\u00e9 des entreprises\"},\"image\":{\"@id\":\"https:\/\/www.annonces-legales.org\/blog\/#\/schema\/logo\/image\/\"}}]}<\/script>\n<!-- \/ Yoast SEO plugin. -->","yoast_head_json":{"title":"Terres de Bourgogne - Actualit\u00e9 des entreprises","robots":{"index":"index","follow":"follow","max-snippet":"max-snippet:-1","max-image-preview":"max-image-preview:large","max-video-preview":"max-video-preview:-1"},"canonical":"https:\/\/www.annonces-legales.org\/blog\/terres-de-bourgogne\/","og_locale":"fr_FR","og_type":"article","og_title":"Terres de Bourgogne - Actualit\u00e9 des entreprises","og_description":"L&rsquo;hebdomadaire Terres de Bourgogne est un journal papier qui propose des informations rurales et agricoles pour le d\u00e9partement de la [&hellip;]","og_url":"https:\/\/www.annonces-legales.org\/blog\/terres-de-bourgogne\/","og_site_name":"Actualit\u00e9 des entreprises","article_modified_time":"2022-01-26T11:15:48+00:00","og_image":[{"width":400,"height":154,"url":"https:\/\/www.annonces-legales.org\/blog\/wp-content\/uploads\/2021\/12\/terres-de-bourgogne-logo.png","type":"image\/png"}],"twitter_card":"summary_large_image","twitter_misc":{"Dur\u00e9e de lecture estim\u00e9e":"1 minute"},"schema":{"@context":"https:\/\/schema.org","@graph":[{"@type":"WebPage","@id":"https:\/\/www.annonces-legales.org\/blog\/terres-de-bourgogne\/","url":"https:\/\/www.annonces-legales.org\/blog\/terres-de-bourgogne\/","name":"Terres de Bourgogne - Actualit\u00e9 des entreprises","isPartOf":{"@id":"https:\/\/www.annonces-legales.org\/blog\/#website"},"primaryImageOfPage":{"@id":"https:\/\/www.annonces-legales.org\/blog\/terres-de-bourgogne\/#primaryimage"},"image":{"@id":"https:\/\/www.annonces-legales.org\/blog\/terres-de-bourgogne\/#primaryimage"},"thumbnailUrl":"https:\/\/www.annonces-legales.org\/blog\/wp-content\/uploads\/2021\/12\/terres-de-bourgogne-logo.png","datePublished":"2021-12-20T19:56:23+00:00","dateModified":"2022-01-26T11:15:48+00:00","breadcrumb":{"@id":"https:\/\/www.annonces-legales.org\/blog\/terres-de-bourgogne\/#breadcrumb"},"inLanguage":"fr-FR","potentialAction":[{"@type":"ReadAction","target":["https:\/\/www.annonces-legales.org\/blog\/terres-de-bourgogne\/"]}]},{"@type":"ImageObject","inLanguage":"fr-FR","@id":"https:\/\/www.annonces-legales.org\/blog\/terres-de-bourgogne\/#primaryimage","url":"https:\/\/www.annonces-legales.org\/blog\/wp-content\/uploads\/2021\/12\/terres-de-bourgogne-logo.png","contentUrl":"https:\/\/www.annonces-legales.org\/blog\/wp-content\/uploads\/2021\/12\/terres-de-bourgogne-logo.png","width":400,"height":154},{"@type":"BreadcrumbList","@id":"https:\/\/www.annonces-legales.org\/blog\/terres-de-bourgogne\/#breadcrumb","itemListElement":[{"@type":"ListItem","position":1,"name":"Accueil","item":"https:\/\/www.annonces-legales.org\/blog\/"},{"@type":"ListItem","position":2,"name":"Liste des journaux habilit\u00e9s \u00e0 publier des annonces l\u00e9gales","item":"https:\/\/www.annonces-legales.org\/blog\/liste-des-journaux-habilites-a-publier-des-annonces-legales\/"},{"@type":"ListItem","position":3,"name":"Terres de Bourgogne"}]},{"@type":"WebSite","@id":"https:\/\/www.annonces-legales.org\/blog\/#website","url":"https:\/\/www.annonces-legales.org\/blog\/","name":"Actualit\u00e9 des entreprises","description":"","publisher":{"@id":"https:\/\/www.annonces-legales.org\/blog\/#organization"},"potentialAction":[{"@type":"SearchAction","target":{"@type":"EntryPoint","urlTemplate":"https:\/\/www.annonces-legales.org\/blog\/?s={search_term_string}"},"query-input":{"@type":"PropertyValueSpecification","valueRequired":true,"valueName":"search_term_string"}}],"inLanguage":"fr-FR"},{"@type":"Organization","@id":"https:\/\/www.annonces-legales.org\/blog\/#organization","name":"Actualit\u00e9 des entreprises","url":"https:\/\/www.annonces-legales.org\/blog\/","logo":{"@type":"ImageObject","inLanguage":"fr-FR","@id":"https:\/\/www.annonces-legales.org\/blog\/#\/schema\/logo\/image\/","url":"https:\/\/www.annonces-legales.org\/blog\/wp-content\/uploads\/2023\/08\/annonces-legales.svg","contentUrl":"https:\/\/www.annonces-legales.org\/blog\/wp-content\/uploads\/2023\/08\/annonces-legales.svg","caption":"Actualit\u00e9 des entreprises"},"image":{"@id":"https:\/\/www.annonces-legales.org\/blog\/#\/schema\/logo\/image\/"}}]}},"_links":{"self":[{"href":"https:\/\/www.annonces-legales.org\/blog\/wp-json\/wp\/v2\/pages\/1668","targetHints":{"allow":["GET"]}}],"collection":[{"href":"https:\/\/www.annonces-legales.org\/blog\/wp-json\/wp\/v2\/pages"}],"about":[{"href":"https:\/\/www.annonces-legales.org\/blog\/wp-json\/wp\/v2\/types\/page"}],"author":[{"embeddable":true,"href":"https:\/\/www.annonces-legales.org\/blog\/wp-json\/wp\/v2\/users\/1"}],"replies":[{"embeddable":true,"href":"https:\/\/www.annonces-legales.org\/blog\/wp-json\/wp\/v2\/comments?post=1668"}],"version-history":[{"count":1,"href":"https:\/\/www.annonces-legales.org\/blog\/wp-json\/wp\/v2\/pages\/1668\/revisions"}],"predecessor-version":[{"id":1670,"href":"https:\/\/www.annonces-legales.org\/blog\/wp-json\/wp\/v2\/pages\/1668\/revisions\/1670"}],"up":[{"embeddable":true,"href":"https:\/\/www.annonces-legales.org\/blog\/wp-json\/wp\/v2\/pages\/351"}],"wp:attachment":[{"href":"https:\/\/www.annonces-legales.org\/blog\/wp-json\/wp\/v2\/media?parent=1668"}],"curies":[{"name":"wp","href":"https:\/\/api.w.org\/{rel}","templated":true}]}}