{"id":1671,"date":"2022-03-10T10:00:31","date_gmt":"2022-03-10T09:00:31","guid":{"rendered":"https:\/\/www.annonces-legales.org\/blog\/?page_id=1671"},"modified":"2022-01-26T12:13:30","modified_gmt":"2022-01-26T11:13:30","slug":"republicain-de-l-essonne","status":"publish","type":"page","link":"https:\/\/www.annonces-legales.org\/blog\/republicain-de-l-essonne\/","title":{"rendered":"R\u00e9publicain de l&rsquo;Essonne"},"content":{"rendered":"<p><img loading=\"lazy\" decoding=\"async\" class=\"aligncenter size-full wp-image-1673\" src=\"https:\/\/www.annonces-legales.org\/blog\/wp-content\/uploads\/2021\/12\/le-republicain-de-l-essonne-logo.png\" alt=\"\" width=\"310\" height=\"105\" srcset=\"https:\/\/www.annonces-legales.org\/blog\/wp-content\/uploads\/2021\/12\/le-republicain-de-l-essonne-logo.png 310w, https:\/\/www.annonces-legales.org\/blog\/wp-content\/uploads\/2021\/12\/le-republicain-de-l-essonne-logo-300x102.png 300w\" sizes=\"auto, (max-width: 310px) 100vw, 310px\" \/><\/p>\n<p><strong>Le R\u00e9publicain de l&rsquo;Essonne<\/strong> est un journal papier d\u00e9partemental hebdomadaire du d\u00e9partement de l&rsquo;Essonne. Un nouveau num\u00e9ro est disponible chaque jeudi au prix de 1,50 euros.<br \/>\nLe R\u00e9publicain existe depuis plus de 75 ans et a d\u00e9j\u00e0 d\u00e9pass\u00e9 le num\u00e9ro 4000. Le journal propose des actualit\u00e9s d\u00e9partementales et locales g\u00e9n\u00e9ralistes ainsi que des informations sur les \u00e9v\u00e9nements sportifs et sur les loisirs. Le journal a nou\u00e9 de multiples partenariats avec des associations culturelles et sportives ainsi qu&rsquo;avec d&rsquo;autres m\u00e9dias locaux.<\/p>\n<p>&nbsp;<\/p>\n<h2>Histoire du r\u00e9publicain de l&rsquo;Essonne<\/h2>\n<p>Cet hebdomadaire Essonnien a \u00e9t\u00e9 cr\u00e9\u00e9 par <strong>Jean Bouvet<\/strong> peu apr\u00e8s la fin de la seconde guerre mondiale. Le premier num\u00e9ro para\u00eet le 25 ao\u00fbt 1944 \u00e0 la lib\u00e9ration de la ville de Corbeil. Le journal ne faisait que quelques pages lors des premiers num\u00e9ros. D&rsquo;ailleurs, le premier num\u00e9ro fut distribu\u00e9 gratuitement. Le journal poss\u00e8de un site Web depuis quelques ann\u00e9es sur lequel on peut lire des informations en clair sur le d\u00e9partement de l&rsquo;Essonne. Sur le site du journal, il est \u00e9galement possible de s&rsquo;abonner ou d&rsquo;acheter le journal de la semaine en format num\u00e9rique.<\/p>\n<p>&nbsp;<\/p>\n<h2>S&rsquo;abonner au R\u00e9publicain de l&rsquo;Essonne<\/h2>\n<p>Le journal propose un grand nombre de formules d&rsquo;abonnement. Il y a tout d&rsquo;abord l&rsquo;abonnement mensuel num\u00e9rique qui co\u00fbte cinq euros par mois. L&rsquo;abonnement annuel num\u00e9rique co\u00fbte 52 \u20ac par an. Pour 13 \u20ac de plus, vous pouvez opter pour l&rsquo;abonnement papier + num\u00e9rique (donc pour 65 \u20ac par an). Il est possible de s&rsquo;abonner en payant par ch\u00e8que ou par carte de cr\u00e9dit.<\/p>\n<p>&nbsp;<\/p>\n<h2>La r\u00e9daction du journal du R\u00e9publicain de l&rsquo;Essonne<\/h2>\n<p>Le journal emploie environ <strong>10 journalistes et r\u00e9dacteurs<\/strong>. Mais il travaille \u00e9galement avec de nombreux autres journalistes professionnels accr\u00e9dit\u00e9s ainsi qu&rsquo;avec un r\u00e9seau de correspondants. Le directeur de la publication est Robert Mendibure. La r\u00e9dactrice en chef est Maryne Vialette qui est assist\u00e9e par Robin Lange, Thibault Le Vot et Melina Fritsch.<br \/>\nLe r\u00e9dacteur en chef adjoint et responsable des sports s&rsquo;appelle Aymeric Fourel. Il est assist\u00e9 par J\u00e9r\u00e9my Andrieux.<\/p>\n<p><strong>Adresse de la r\u00e9daction du journal<\/strong> : 1 rue Jules Guesde, \u00e0 Ris Orangis 91130<br \/>\n<strong>E-mail du journal<\/strong> : al@le-republicain.fr<\/p>\n<p>&nbsp;<\/p>\n<h2>Annonces L\u00e9gales dans l&rsquo;Essonne (91)<\/h2>\n<p>L&rsquo;hebdomadaire de l&rsquo;Essonne Les R\u00e9publicains peut effectuer la publication des annonces l\u00e9gales des entreprises du 91. Il poss\u00e8de une habilitation pour le faire et imprime en moyenne 70 annonces et avis de constitution chaque jeudi.<\/p>\n<p>&nbsp;<\/p>\n<br\/><br\/><div class=\"entry-content notopmargin\">\n\t<img decoding=\"async\" class=\"img-fluid fleft\" src=\"https:\/\/www.annonces-legales.org\/images\/rapide-economique-tout-departement.png\" alt=\"Journal d'annonce l\u00e9gale  de l'Essonne 91 \"><a href=\"https:\/\/www.annonces-legales.org\/publication-annonce-legale.html\" class=\"button button-desc fright mtop30\"><div>Je publie<br> mon annonce<br> l\u00e9gale<\/div><span>dans un journal  de l'Essonne 91 !<\/span><\/a>\n<\/div><div class=\"clrbth\"><\/div><br\/><br\/>\n","protected":false},"excerpt":{"rendered":"<p>Le R\u00e9publicain de l&rsquo;Essonne est un journal papier d\u00e9partemental hebdomadaire du d\u00e9partement de l&rsquo;Essonne. Un nouveau num\u00e9ro est disponible chaque [&hellip;]<\/p>\n","protected":false},"author":1,"featured_media":0,"parent":351,"menu_order":0,"comment_status":"closed","ping_status":"closed","template":"","meta":{"inline_featured_image":false,"footnotes":""},"class_list":["post-1671","page","type-page","status-publish","hentry"],"yoast_head":"<!-- This site is optimized with the Yoast SEO plugin v26.8 - https:\/\/yoast.com\/product\/yoast-seo-wordpress\/ -->\n<title>R\u00e9publicain de l&#039;Essonne - Actualit\u00e9 des entreprises<\/title>\n<meta name=\"robots\" content=\"index, follow, max-snippet:-1, max-image-preview:large, max-video-preview:-1\" \/>\n<link rel=\"canonical\" href=\"https:\/\/www.annonces-legales.org\/blog\/republicain-de-l-essonne\/\" \/>\n<meta property=\"og:locale\" content=\"fr_FR\" \/>\n<meta property=\"og:type\" content=\"article\" \/>\n<meta property=\"og:title\" content=\"R\u00e9publicain de l&#039;Essonne - Actualit\u00e9 des entreprises\" \/>\n<meta property=\"og:description\" content=\"Le R\u00e9publicain de l&rsquo;Essonne est un journal papier d\u00e9partemental hebdomadaire du d\u00e9partement de l&rsquo;Essonne. Un nouveau num\u00e9ro est disponible chaque [&hellip;]\" \/>\n<meta property=\"og:url\" content=\"https:\/\/www.annonces-legales.org\/blog\/republicain-de-l-essonne\/\" \/>\n<meta property=\"og:site_name\" content=\"Actualit\u00e9 des entreprises\" \/>\n<meta property=\"og:image\" content=\"https:\/\/www.annonces-legales.org\/blog\/wp-content\/uploads\/2021\/12\/le-republicain-de-l-essonne-logo.png\" \/>\n\t<meta property=\"og:image:width\" content=\"310\" \/>\n\t<meta property=\"og:image:height\" content=\"105\" \/>\n\t<meta property=\"og:image:type\" content=\"image\/png\" \/>\n<meta name=\"twitter:card\" content=\"summary_large_image\" \/>\n<meta name=\"twitter:label1\" content=\"Dur\u00e9e de lecture estim\u00e9e\" \/>\n\t<meta name=\"twitter:data1\" content=\"2 minutes\" \/>\n<script type=\"application\/ld+json\" class=\"yoast-schema-graph\">{\"@context\":\"https:\/\/schema.org\",\"@graph\":[{\"@type\":\"WebPage\",\"@id\":\"https:\/\/www.annonces-legales.org\/blog\/republicain-de-l-essonne\/\",\"url\":\"https:\/\/www.annonces-legales.org\/blog\/republicain-de-l-essonne\/\",\"name\":\"R\u00e9publicain de l'Essonne - Actualit\u00e9 des entreprises\",\"isPartOf\":{\"@id\":\"https:\/\/www.annonces-legales.org\/blog\/#website\"},\"primaryImageOfPage\":{\"@id\":\"https:\/\/www.annonces-legales.org\/blog\/republicain-de-l-essonne\/#primaryimage\"},\"image\":{\"@id\":\"https:\/\/www.annonces-legales.org\/blog\/republicain-de-l-essonne\/#primaryimage\"},\"thumbnailUrl\":\"https:\/\/www.annonces-legales.org\/blog\/wp-content\/uploads\/2021\/12\/le-republicain-de-l-essonne-logo.png\",\"datePublished\":\"2022-03-10T09:00:31+00:00\",\"breadcrumb\":{\"@id\":\"https:\/\/www.annonces-legales.org\/blog\/republicain-de-l-essonne\/#breadcrumb\"},\"inLanguage\":\"fr-FR\",\"potentialAction\":[{\"@type\":\"ReadAction\",\"target\":[\"https:\/\/www.annonces-legales.org\/blog\/republicain-de-l-essonne\/\"]}]},{\"@type\":\"ImageObject\",\"inLanguage\":\"fr-FR\",\"@id\":\"https:\/\/www.annonces-legales.org\/blog\/republicain-de-l-essonne\/#primaryimage\",\"url\":\"https:\/\/www.annonces-legales.org\/blog\/wp-content\/uploads\/2021\/12\/le-republicain-de-l-essonne-logo.png\",\"contentUrl\":\"https:\/\/www.annonces-legales.org\/blog\/wp-content\/uploads\/2021\/12\/le-republicain-de-l-essonne-logo.png\",\"width\":310,\"height\":105},{\"@type\":\"BreadcrumbList\",\"@id\":\"https:\/\/www.annonces-legales.org\/blog\/republicain-de-l-essonne\/#breadcrumb\",\"itemListElement\":[{\"@type\":\"ListItem\",\"position\":1,\"name\":\"Accueil\",\"item\":\"https:\/\/www.annonces-legales.org\/blog\/\"},{\"@type\":\"ListItem\",\"position\":2,\"name\":\"Liste des journaux habilit\u00e9s \u00e0 publier des annonces l\u00e9gales\",\"item\":\"https:\/\/www.annonces-legales.org\/blog\/liste-des-journaux-habilites-a-publier-des-annonces-legales\/\"},{\"@type\":\"ListItem\",\"position\":3,\"name\":\"R\u00e9publicain de l&rsquo;Essonne\"}]},{\"@type\":\"WebSite\",\"@id\":\"https:\/\/www.annonces-legales.org\/blog\/#website\",\"url\":\"https:\/\/www.annonces-legales.org\/blog\/\",\"name\":\"Actualit\u00e9 des entreprises\",\"description\":\"\",\"publisher\":{\"@id\":\"https:\/\/www.annonces-legales.org\/blog\/#organization\"},\"potentialAction\":[{\"@type\":\"SearchAction\",\"target\":{\"@type\":\"EntryPoint\",\"urlTemplate\":\"https:\/\/www.annonces-legales.org\/blog\/?s={search_term_string}\"},\"query-input\":{\"@type\":\"PropertyValueSpecification\",\"valueRequired\":true,\"valueName\":\"search_term_string\"}}],\"inLanguage\":\"fr-FR\"},{\"@type\":\"Organization\",\"@id\":\"https:\/\/www.annonces-legales.org\/blog\/#organization\",\"name\":\"Actualit\u00e9 des entreprises\",\"url\":\"https:\/\/www.annonces-legales.org\/blog\/\",\"logo\":{\"@type\":\"ImageObject\",\"inLanguage\":\"fr-FR\",\"@id\":\"https:\/\/www.annonces-legales.org\/blog\/#\/schema\/logo\/image\/\",\"url\":\"https:\/\/www.annonces-legales.org\/blog\/wp-content\/uploads\/2023\/08\/annonces-legales.svg\",\"contentUrl\":\"https:\/\/www.annonces-legales.org\/blog\/wp-content\/uploads\/2023\/08\/annonces-legales.svg\",\"caption\":\"Actualit\u00e9 des entreprises\"},\"image\":{\"@id\":\"https:\/\/www.annonces-legales.org\/blog\/#\/schema\/logo\/image\/\"}}]}<\/script>\n<!-- \/ Yoast SEO plugin. -->","yoast_head_json":{"title":"R\u00e9publicain de l'Essonne - Actualit\u00e9 des entreprises","robots":{"index":"index","follow":"follow","max-snippet":"max-snippet:-1","max-image-preview":"max-image-preview:large","max-video-preview":"max-video-preview:-1"},"canonical":"https:\/\/www.annonces-legales.org\/blog\/republicain-de-l-essonne\/","og_locale":"fr_FR","og_type":"article","og_title":"R\u00e9publicain de l'Essonne - Actualit\u00e9 des entreprises","og_description":"Le R\u00e9publicain de l&rsquo;Essonne est un journal papier d\u00e9partemental hebdomadaire du d\u00e9partement de l&rsquo;Essonne. Un nouveau num\u00e9ro est disponible chaque [&hellip;]","og_url":"https:\/\/www.annonces-legales.org\/blog\/republicain-de-l-essonne\/","og_site_name":"Actualit\u00e9 des entreprises","og_image":[{"width":310,"height":105,"url":"https:\/\/www.annonces-legales.org\/blog\/wp-content\/uploads\/2021\/12\/le-republicain-de-l-essonne-logo.png","type":"image\/png"}],"twitter_card":"summary_large_image","twitter_misc":{"Dur\u00e9e de lecture estim\u00e9e":"2 minutes"},"schema":{"@context":"https:\/\/schema.org","@graph":[{"@type":"WebPage","@id":"https:\/\/www.annonces-legales.org\/blog\/republicain-de-l-essonne\/","url":"https:\/\/www.annonces-legales.org\/blog\/republicain-de-l-essonne\/","name":"R\u00e9publicain de l'Essonne - Actualit\u00e9 des entreprises","isPartOf":{"@id":"https:\/\/www.annonces-legales.org\/blog\/#website"},"primaryImageOfPage":{"@id":"https:\/\/www.annonces-legales.org\/blog\/republicain-de-l-essonne\/#primaryimage"},"image":{"@id":"https:\/\/www.annonces-legales.org\/blog\/republicain-de-l-essonne\/#primaryimage"},"thumbnailUrl":"https:\/\/www.annonces-legales.org\/blog\/wp-content\/uploads\/2021\/12\/le-republicain-de-l-essonne-logo.png","datePublished":"2022-03-10T09:00:31+00:00","breadcrumb":{"@id":"https:\/\/www.annonces-legales.org\/blog\/republicain-de-l-essonne\/#breadcrumb"},"inLanguage":"fr-FR","potentialAction":[{"@type":"ReadAction","target":["https:\/\/www.annonces-legales.org\/blog\/republicain-de-l-essonne\/"]}]},{"@type":"ImageObject","inLanguage":"fr-FR","@id":"https:\/\/www.annonces-legales.org\/blog\/republicain-de-l-essonne\/#primaryimage","url":"https:\/\/www.annonces-legales.org\/blog\/wp-content\/uploads\/2021\/12\/le-republicain-de-l-essonne-logo.png","contentUrl":"https:\/\/www.annonces-legales.org\/blog\/wp-content\/uploads\/2021\/12\/le-republicain-de-l-essonne-logo.png","width":310,"height":105},{"@type":"BreadcrumbList","@id":"https:\/\/www.annonces-legales.org\/blog\/republicain-de-l-essonne\/#breadcrumb","itemListElement":[{"@type":"ListItem","position":1,"name":"Accueil","item":"https:\/\/www.annonces-legales.org\/blog\/"},{"@type":"ListItem","position":2,"name":"Liste des journaux habilit\u00e9s \u00e0 publier des annonces l\u00e9gales","item":"https:\/\/www.annonces-legales.org\/blog\/liste-des-journaux-habilites-a-publier-des-annonces-legales\/"},{"@type":"ListItem","position":3,"name":"R\u00e9publicain de l&rsquo;Essonne"}]},{"@type":"WebSite","@id":"https:\/\/www.annonces-legales.org\/blog\/#website","url":"https:\/\/www.annonces-legales.org\/blog\/","name":"Actualit\u00e9 des entreprises","description":"","publisher":{"@id":"https:\/\/www.annonces-legales.org\/blog\/#organization"},"potentialAction":[{"@type":"SearchAction","target":{"@type":"EntryPoint","urlTemplate":"https:\/\/www.annonces-legales.org\/blog\/?s={search_term_string}"},"query-input":{"@type":"PropertyValueSpecification","valueRequired":true,"valueName":"search_term_string"}}],"inLanguage":"fr-FR"},{"@type":"Organization","@id":"https:\/\/www.annonces-legales.org\/blog\/#organization","name":"Actualit\u00e9 des entreprises","url":"https:\/\/www.annonces-legales.org\/blog\/","logo":{"@type":"ImageObject","inLanguage":"fr-FR","@id":"https:\/\/www.annonces-legales.org\/blog\/#\/schema\/logo\/image\/","url":"https:\/\/www.annonces-legales.org\/blog\/wp-content\/uploads\/2023\/08\/annonces-legales.svg","contentUrl":"https:\/\/www.annonces-legales.org\/blog\/wp-content\/uploads\/2023\/08\/annonces-legales.svg","caption":"Actualit\u00e9 des entreprises"},"image":{"@id":"https:\/\/www.annonces-legales.org\/blog\/#\/schema\/logo\/image\/"}}]}},"_links":{"self":[{"href":"https:\/\/www.annonces-legales.org\/blog\/wp-json\/wp\/v2\/pages\/1671","targetHints":{"allow":["GET"]}}],"collection":[{"href":"https:\/\/www.annonces-legales.org\/blog\/wp-json\/wp\/v2\/pages"}],"about":[{"href":"https:\/\/www.annonces-legales.org\/blog\/wp-json\/wp\/v2\/types\/page"}],"author":[{"embeddable":true,"href":"https:\/\/www.annonces-legales.org\/blog\/wp-json\/wp\/v2\/users\/1"}],"replies":[{"embeddable":true,"href":"https:\/\/www.annonces-legales.org\/blog\/wp-json\/wp\/v2\/comments?post=1671"}],"version-history":[{"count":2,"href":"https:\/\/www.annonces-legales.org\/blog\/wp-json\/wp\/v2\/pages\/1671\/revisions"}],"predecessor-version":[{"id":1674,"href":"https:\/\/www.annonces-legales.org\/blog\/wp-json\/wp\/v2\/pages\/1671\/revisions\/1674"}],"up":[{"embeddable":true,"href":"https:\/\/www.annonces-legales.org\/blog\/wp-json\/wp\/v2\/pages\/351"}],"wp:attachment":[{"href":"https:\/\/www.annonces-legales.org\/blog\/wp-json\/wp\/v2\/media?parent=1671"}],"curies":[{"name":"wp","href":"https:\/\/api.w.org\/{rel}","templated":true}]}}